{"id":157360,"date":"2023-03-23T15:57:45","date_gmt":"2023-03-23T14:57:45","guid":{"rendered":"https:\/\/shop.bantam.ch\/produit\/rechaud-camping-micro-plus-1-flamme\/"},"modified":"2026-04-18T22:09:23","modified_gmt":"2026-04-18T20:09:23","slug":"rechaud-camping-micro-plus-1-flamme","status":"publish","type":"product","link":"https:\/\/shop.bantam.ch\/fr\/produit\/rechaud-camping-micro-plus-1-flamme\/","title":{"rendered":"R\u00e9chaud \u00e0 gaz Micro Plus 1 flamme"},"content":{"rendered":"<p>R\u00e9chaud entr\u00e9e de gamme compact pour l&rsquo;utilisation avec des cartouches \u00e0 valve, de sorte que les cuisini\u00e8res et les cartouches peuvent \u00eatre s\u00e9par\u00e9es \u00e0 tout moment pour un transport peu encombrant. Les robustes supports de casseroles permettent une utilisation stable des casseroles et gr\u00e2ce au syst\u00e8me Easy Clic Plus, le r\u00e9chaud est mont\u00e9 en un rien de temps, m\u00eame dans l&rsquo;obscurit\u00e9.<\/p>\n<p>Contenu de la livraison :<br \/>Sans cartouche de gaz<\/p>\n<ul>\n<li>Dur\u00e9e de combustion :  2 heures 30 min. (CV 300 Plus), 4 heures 30 min. (CV\u00a0470 Plus)<\/li>\n<li>Temps d&rsquo;\u00e9bullition : 5\u00a0min 15 sec.<\/li>\n<li>4 grands supports pour casseroles<\/li>\n<\/ul>\n","protected":false},"excerpt":{"rendered":"<p>R\u00e9chaud entr\u00e9e de gamme compact pour l&rsquo;utilisation avec des cartouches \u00e0 valve, de sorte que les cuisini\u00e8res et les cartouches peuvent \u00eatre s\u00e9par\u00e9es \u00e0 tout moment pour un transport peu encombrant. Les robustes supports de casseroles permettent une utilisation stable des casseroles et gr\u00e2ce au syst\u00e8me Easy Clic Plus, le r\u00e9chaud est mont\u00e9 en un [&hellip;]<\/p>\n","protected":false},"featured_media":157358,"template":"","meta":{"_acf_changed":false},"product_featured_cat":[],"product_brand":[3196],"product_cat":[4305],"product_tag":[],"class_list":{"0":"post-157360","1":"product","2":"type-product","3":"status-publish","4":"has-post-thumbnail","6":"product_brand-campingaz","7":"product_cat-rechauds","9":"first","10":"instock","11":"taxable","12":"shipping-taxable","13":"purchasable","14":"product-type-simple"},"acf":[],"yoast_head":"<!-- This site is optimized with the Yoast SEO plugin v27.4 - https:\/\/yoast.com\/product\/yoast-seo-wordpress\/ -->\n<title>R\u00e9chaud \u00e0 gaz Micro Plus 1 flamme - Bantam Wankm\u00fcller SA<\/title>\n<meta name=\"robots\" content=\"index, follow, max-snippet:-1, max-image-preview:large, max-video-preview:-1\" \/>\n<link rel=\"canonical\" href=\"https:\/\/shop.bantam.ch\/fr\/produit\/rechaud-camping-micro-plus-1-flamme\/\" \/>\n<meta property=\"og:locale\" content=\"fr_FR\" \/>\n<meta property=\"og:type\" content=\"article\" \/>\n<meta property=\"og:title\" content=\"R\u00e9chaud \u00e0 gaz Micro Plus 1 flamme - Bantam Wankm\u00fcller SA\" \/>\n<meta property=\"og:description\" content=\"R\u00e9chaud entr\u00e9e de gamme compact pour l&rsquo;utilisation avec des cartouches \u00e0 valve, de sorte que les cuisini\u00e8res et les cartouches peuvent \u00eatre s\u00e9par\u00e9es \u00e0 tout moment pour un transport peu encombrant. Les robustes supports de casseroles permettent une utilisation stable des casseroles et gr\u00e2ce au syst\u00e8me Easy Clic Plus, le r\u00e9chaud est mont\u00e9 en un [&hellip;]\" \/>\n<meta property=\"og:url\" content=\"https:\/\/shop.bantam.ch\/fr\/produit\/rechaud-camping-micro-plus-1-flamme\/\" \/>\n<meta property=\"og:site_name\" content=\"Bantam Wankm\u00fcller SA\" \/>\n<meta property=\"article:modified_time\" content=\"2026-04-18T20:09:23+00:00\" \/>\n<meta property=\"og:image\" content=\"https:\/\/shop.bantam.ch\/wp-content\/uploads\/2023\/03\/9983515-Kocher_Camping_Micro_Plus_1-flammig-Standard-01.jpg\" \/>\n\t<meta property=\"og:image:width\" content=\"691\" \/>\n\t<meta property=\"og:image:height\" content=\"1000\" \/>\n\t<meta property=\"og:image:type\" content=\"image\/jpeg\" \/>\n<meta name=\"twitter:card\" content=\"summary_large_image\" \/>\n<script type=\"application\/ld+json\" class=\"yoast-schema-graph\">{\"@context\":\"https:\\\/\\\/schema.org\",\"@graph\":[{\"@type\":\"WebPage\",\"@id\":\"https:\\\/\\\/shop.bantam.ch\\\/fr\\\/produit\\\/rechaud-camping-micro-plus-1-flamme\\\/\",\"url\":\"https:\\\/\\\/shop.bantam.ch\\\/fr\\\/produit\\\/rechaud-camping-micro-plus-1-flamme\\\/\",\"name\":\"R\u00e9chaud \u00e0 gaz Micro Plus 1 flamme - Bantam Wankm\u00fcller SA\",\"isPartOf\":{\"@id\":\"https:\\\/\\\/shop.bantam.ch\\\/fr\\\/#website\"},\"primaryImageOfPage\":{\"@id\":\"https:\\\/\\\/shop.bantam.ch\\\/fr\\\/produit\\\/rechaud-camping-micro-plus-1-flamme\\\/#primaryimage\"},\"image\":{\"@id\":\"https:\\\/\\\/shop.bantam.ch\\\/fr\\\/produit\\\/rechaud-camping-micro-plus-1-flamme\\\/#primaryimage\"},\"thumbnailUrl\":\"https:\\\/\\\/shop.bantam.ch\\\/wp-content\\\/uploads\\\/2023\\\/03\\\/9983515-Kocher_Camping_Micro_Plus_1-flammig-Standard-01.jpg\",\"datePublished\":\"2023-03-23T14:57:45+00:00\",\"dateModified\":\"2026-04-18T20:09:23+00:00\",\"breadcrumb\":{\"@id\":\"https:\\\/\\\/shop.bantam.ch\\\/fr\\\/produit\\\/rechaud-camping-micro-plus-1-flamme\\\/#breadcrumb\"},\"inLanguage\":\"fr-FR\",\"potentialAction\":[{\"@type\":\"ReadAction\",\"target\":[\"https:\\\/\\\/shop.bantam.ch\\\/fr\\\/produit\\\/rechaud-camping-micro-plus-1-flamme\\\/\"]}]},{\"@type\":\"ImageObject\",\"inLanguage\":\"fr-FR\",\"@id\":\"https:\\\/\\\/shop.bantam.ch\\\/fr\\\/produit\\\/rechaud-camping-micro-plus-1-flamme\\\/#primaryimage\",\"url\":\"https:\\\/\\\/shop.bantam.ch\\\/wp-content\\\/uploads\\\/2023\\\/03\\\/9983515-Kocher_Camping_Micro_Plus_1-flammig-Standard-01.jpg\",\"contentUrl\":\"https:\\\/\\\/shop.bantam.ch\\\/wp-content\\\/uploads\\\/2023\\\/03\\\/9983515-Kocher_Camping_Micro_Plus_1-flammig-Standard-01.jpg\",\"width\":691,\"height\":1000},{\"@type\":\"BreadcrumbList\",\"@id\":\"https:\\\/\\\/shop.bantam.ch\\\/fr\\\/produit\\\/rechaud-camping-micro-plus-1-flamme\\\/#breadcrumb\",\"itemListElement\":[{\"@type\":\"ListItem\",\"position\":1,\"name\":\"Accueil\",\"item\":\"https:\\\/\\\/shop.bantam.ch\\\/fr\\\/\"},{\"@type\":\"ListItem\",\"position\":2,\"name\":\"Boutique\",\"item\":\"https:\\\/\\\/shop.bantam.ch\\\/fr\\\/boutique\\\/\"},{\"@type\":\"ListItem\",\"position\":3,\"name\":\"R\u00e9chaud \u00e0 gaz Micro Plus 1 flamme\"}]},{\"@type\":\"WebSite\",\"@id\":\"https:\\\/\\\/shop.bantam.ch\\\/fr\\\/#website\",\"url\":\"https:\\\/\\\/shop.bantam.ch\\\/fr\\\/\",\"name\":\"Bantam Wankm\u00fcller SA\",\"description\":\"\",\"publisher\":{\"@id\":\"https:\\\/\\\/shop.bantam.ch\\\/fr\\\/#organization\"},\"inLanguage\":\"fr-FR\"},{\"@type\":\"Organization\",\"@id\":\"https:\\\/\\\/shop.bantam.ch\\\/fr\\\/#organization\",\"name\":\"Bantam Wankm\u00fcller SA\",\"url\":\"https:\\\/\\\/shop.bantam.ch\\\/fr\\\/\",\"logo\":{\"@type\":\"ImageObject\",\"inLanguage\":\"fr-FR\",\"@id\":\"https:\\\/\\\/shop.bantam.ch\\\/fr\\\/#\\\/schema\\\/logo\\\/image\\\/\",\"url\":\"https:\\\/\\\/shop.bantam.ch\\\/wp-content\\\/uploads\\\/2022\\\/12\\\/bantam-logo.png\",\"contentUrl\":\"https:\\\/\\\/shop.bantam.ch\\\/wp-content\\\/uploads\\\/2022\\\/12\\\/bantam-logo.png\",\"width\":320,\"height\":71,\"caption\":\"Bantam Wankm\u00fcller SA\"},\"image\":{\"@id\":\"https:\\\/\\\/shop.bantam.ch\\\/fr\\\/#\\\/schema\\\/logo\\\/image\\\/\"}}]}<\/script>\n<!-- \/ Yoast SEO plugin. -->","yoast_head_json":{"title":"R\u00e9chaud \u00e0 gaz Micro Plus 1 flamme - Bantam Wankm\u00fcller SA","robots":{"index":"index","follow":"follow","max-snippet":"max-snippet:-1","max-image-preview":"max-image-preview:large","max-video-preview":"max-video-preview:-1"},"canonical":"https:\/\/shop.bantam.ch\/fr\/produit\/rechaud-camping-micro-plus-1-flamme\/","og_locale":"fr_FR","og_type":"article","og_title":"R\u00e9chaud \u00e0 gaz Micro Plus 1 flamme - Bantam Wankm\u00fcller SA","og_description":"R\u00e9chaud entr\u00e9e de gamme compact pour l&rsquo;utilisation avec des cartouches \u00e0 valve, de sorte que les cuisini\u00e8res et les cartouches peuvent \u00eatre s\u00e9par\u00e9es \u00e0 tout moment pour un transport peu encombrant. Les robustes supports de casseroles permettent une utilisation stable des casseroles et gr\u00e2ce au syst\u00e8me Easy Clic Plus, le r\u00e9chaud est mont\u00e9 en un [&hellip;]","og_url":"https:\/\/shop.bantam.ch\/fr\/produit\/rechaud-camping-micro-plus-1-flamme\/","og_site_name":"Bantam Wankm\u00fcller SA","article_modified_time":"2026-04-18T20:09:23+00:00","og_image":[{"width":691,"height":1000,"url":"https:\/\/shop.bantam.ch\/wp-content\/uploads\/2023\/03\/9983515-Kocher_Camping_Micro_Plus_1-flammig-Standard-01.jpg","type":"image\/jpeg"}],"twitter_card":"summary_large_image","schema":{"@context":"https:\/\/schema.org","@graph":[{"@type":"WebPage","@id":"https:\/\/shop.bantam.ch\/fr\/produit\/rechaud-camping-micro-plus-1-flamme\/","url":"https:\/\/shop.bantam.ch\/fr\/produit\/rechaud-camping-micro-plus-1-flamme\/","name":"R\u00e9chaud \u00e0 gaz Micro Plus 1 flamme - Bantam Wankm\u00fcller SA","isPartOf":{"@id":"https:\/\/shop.bantam.ch\/fr\/#website"},"primaryImageOfPage":{"@id":"https:\/\/shop.bantam.ch\/fr\/produit\/rechaud-camping-micro-plus-1-flamme\/#primaryimage"},"image":{"@id":"https:\/\/shop.bantam.ch\/fr\/produit\/rechaud-camping-micro-plus-1-flamme\/#primaryimage"},"thumbnailUrl":"https:\/\/shop.bantam.ch\/wp-content\/uploads\/2023\/03\/9983515-Kocher_Camping_Micro_Plus_1-flammig-Standard-01.jpg","datePublished":"2023-03-23T14:57:45+00:00","dateModified":"2026-04-18T20:09:23+00:00","breadcrumb":{"@id":"https:\/\/shop.bantam.ch\/fr\/produit\/rechaud-camping-micro-plus-1-flamme\/#breadcrumb"},"inLanguage":"fr-FR","potentialAction":[{"@type":"ReadAction","target":["https:\/\/shop.bantam.ch\/fr\/produit\/rechaud-camping-micro-plus-1-flamme\/"]}]},{"@type":"ImageObject","inLanguage":"fr-FR","@id":"https:\/\/shop.bantam.ch\/fr\/produit\/rechaud-camping-micro-plus-1-flamme\/#primaryimage","url":"https:\/\/shop.bantam.ch\/wp-content\/uploads\/2023\/03\/9983515-Kocher_Camping_Micro_Plus_1-flammig-Standard-01.jpg","contentUrl":"https:\/\/shop.bantam.ch\/wp-content\/uploads\/2023\/03\/9983515-Kocher_Camping_Micro_Plus_1-flammig-Standard-01.jpg","width":691,"height":1000},{"@type":"BreadcrumbList","@id":"https:\/\/shop.bantam.ch\/fr\/produit\/rechaud-camping-micro-plus-1-flamme\/#breadcrumb","itemListElement":[{"@type":"ListItem","position":1,"name":"Accueil","item":"https:\/\/shop.bantam.ch\/fr\/"},{"@type":"ListItem","position":2,"name":"Boutique","item":"https:\/\/shop.bantam.ch\/fr\/boutique\/"},{"@type":"ListItem","position":3,"name":"R\u00e9chaud \u00e0 gaz Micro Plus 1 flamme"}]},{"@type":"WebSite","@id":"https:\/\/shop.bantam.ch\/fr\/#website","url":"https:\/\/shop.bantam.ch\/fr\/","name":"Bantam Wankm\u00fcller SA","description":"","publisher":{"@id":"https:\/\/shop.bantam.ch\/fr\/#organization"},"inLanguage":"fr-FR"},{"@type":"Organization","@id":"https:\/\/shop.bantam.ch\/fr\/#organization","name":"Bantam Wankm\u00fcller SA","url":"https:\/\/shop.bantam.ch\/fr\/","logo":{"@type":"ImageObject","inLanguage":"fr-FR","@id":"https:\/\/shop.bantam.ch\/fr\/#\/schema\/logo\/image\/","url":"https:\/\/shop.bantam.ch\/wp-content\/uploads\/2022\/12\/bantam-logo.png","contentUrl":"https:\/\/shop.bantam.ch\/wp-content\/uploads\/2022\/12\/bantam-logo.png","width":320,"height":71,"caption":"Bantam Wankm\u00fcller SA"},"image":{"@id":"https:\/\/shop.bantam.ch\/fr\/#\/schema\/logo\/image\/"}}]}},"_links":{"self":[{"href":"https:\/\/shop.bantam.ch\/fr\/wp-json\/wp\/v2\/product\/157360","targetHints":{"allow":["GET"]}}],"collection":[{"href":"https:\/\/shop.bantam.ch\/fr\/wp-json\/wp\/v2\/product"}],"about":[{"href":"https:\/\/shop.bantam.ch\/fr\/wp-json\/wp\/v2\/types\/product"}],"wp:featuredmedia":[{"embeddable":true,"href":"https:\/\/shop.bantam.ch\/fr\/wp-json\/wp\/v2\/media\/157358"}],"wp:attachment":[{"href":"https:\/\/shop.bantam.ch\/fr\/wp-json\/wp\/v2\/media?parent=157360"}],"wp:term":[{"taxonomy":"product_featured_cat","embeddable":true,"href":"https:\/\/shop.bantam.ch\/fr\/wp-json\/wp\/v2\/product_featured_cat?post=157360"},{"taxonomy":"product_brand","embeddable":true,"href":"https:\/\/shop.bantam.ch\/fr\/wp-json\/wp\/v2\/product_brand?post=157360"},{"taxonomy":"product_cat","embeddable":true,"href":"https:\/\/shop.bantam.ch\/fr\/wp-json\/wp\/v2\/product_cat?post=157360"},{"taxonomy":"product_tag","embeddable":true,"href":"https:\/\/shop.bantam.ch\/fr\/wp-json\/wp\/v2\/product_tag?post=157360"}],"curies":[{"name":"wp","href":"https:\/\/api.w.org\/{rel}","templated":true}]}}