{"id":157270,"date":"2023-03-23T15:56:06","date_gmt":"2023-03-23T14:56:06","guid":{"rendered":"https:\/\/shop.bantam.ch\/produit\/feu-clignotant-de-securite-modele-3003-jaune-avec-piles\/"},"modified":"2026-04-17T22:07:55","modified_gmt":"2026-04-17T20:07:55","slug":"feu-clignotant-de-securite-modele-3003-jaune-avec-piles","status":"publish","type":"product","link":"https:\/\/shop.bantam.ch\/fr\/produit\/feu-clignotant-de-securite-modele-3003-jaune-avec-piles\/","title":{"rendered":"Feu clignotant de s\u00e9curit\u00e9 mod\u00e8le 3003, jaune avec piles"},"content":{"rendered":"<p>Feux de d\u00e9tresse et de travail combin\u00e9s, verre jaune pour les feux de d\u00e9tresse et blanc pour le phare de travail. Avec ampoule 6V et support de montage noir.                                  <\/p>\n<p>En appuyant sur l&rsquo;interrupteur au-dessus des verres, l&rsquo;ampoule avec r\u00e9flecteur pivote vers la fonction d&rsquo;\u00e9clairage souhait\u00e9e. L&rsquo;angle du faisceau de la lumi\u00e8re de travail peut \u00eatre modifi\u00e9 gr\u00e2ce aux 3 positions possibles des pieds.<br \/>La lampe reste stable jusqu&rsquo;\u00e0 un vent de force 9. Bo\u00eetier en plastique orange, pieds en plastique noir avec boutons en caoutchouc. Avec testeur de charge de batterie int\u00e9gr\u00e9.<\/p>\n<p>Homologation de type nationale uniquement pour l&rsquo;Allemagne.<\/p>\n<p>Contenu de la livraison :<br \/>piles non fournies<\/p>\n","protected":false},"excerpt":{"rendered":"<p>Feux de d\u00e9tresse et de travail combin\u00e9s, verre jaune pour les feux de d\u00e9tresse et blanc pour le phare de travail. Avec ampoule 6V et support de montage noir. En appuyant sur l&rsquo;interrupteur au-dessus des verres, l&rsquo;ampoule avec r\u00e9flecteur pivote vers la fonction d&rsquo;\u00e9clairage souhait\u00e9e. L&rsquo;angle du faisceau de la lumi\u00e8re de travail peut \u00eatre [&hellip;]<\/p>\n","protected":false},"featured_media":157266,"template":"","meta":{"_acf_changed":false},"product_featured_cat":[],"product_brand":[3238],"product_cat":[4701],"product_tag":[],"class_list":{"0":"post-157270","1":"product","2":"type-product","3":"status-publish","4":"has-post-thumbnail","6":"product_brand-hella","7":"product_cat-feux-de-balisage-et-dencombrement","9":"first","10":"instock","11":"taxable","12":"shipping-taxable","13":"purchasable","14":"product-type-simple"},"acf":[],"yoast_head":"<!-- This site is optimized with the Yoast SEO plugin v27.4 - https:\/\/yoast.com\/product\/yoast-seo-wordpress\/ -->\n<title>Feu clignotant de s\u00e9curit\u00e9 mod\u00e8le 3003, jaune avec piles - Bantam Wankm\u00fcller SA<\/title>\n<meta name=\"robots\" content=\"index, follow, max-snippet:-1, max-image-preview:large, max-video-preview:-1\" \/>\n<link rel=\"canonical\" href=\"https:\/\/shop.bantam.ch\/fr\/produit\/feu-clignotant-de-securite-modele-3003-jaune-avec-piles\/\" \/>\n<meta property=\"og:locale\" content=\"fr_FR\" \/>\n<meta property=\"og:type\" content=\"article\" \/>\n<meta property=\"og:title\" content=\"Feu clignotant de s\u00e9curit\u00e9 mod\u00e8le 3003, jaune avec piles - Bantam Wankm\u00fcller SA\" \/>\n<meta property=\"og:description\" content=\"Feux de d\u00e9tresse et de travail combin\u00e9s, verre jaune pour les feux de d\u00e9tresse et blanc pour le phare de travail. Avec ampoule 6V et support de montage noir. En appuyant sur l&rsquo;interrupteur au-dessus des verres, l&rsquo;ampoule avec r\u00e9flecteur pivote vers la fonction d&rsquo;\u00e9clairage souhait\u00e9e. L&rsquo;angle du faisceau de la lumi\u00e8re de travail peut \u00eatre [&hellip;]\" \/>\n<meta property=\"og:url\" content=\"https:\/\/shop.bantam.ch\/fr\/produit\/feu-clignotant-de-securite-modele-3003-jaune-avec-piles\/\" \/>\n<meta property=\"og:site_name\" content=\"Bantam Wankm\u00fcller SA\" \/>\n<meta property=\"article:modified_time\" content=\"2026-04-17T20:07:55+00:00\" \/>\n<meta property=\"og:image\" content=\"https:\/\/shop.bantam.ch\/wp-content\/uploads\/2023\/03\/9940468-Sicherheitswarnblinkleuchte-Standard-01.jpg\" \/>\n\t<meta property=\"og:image:width\" content=\"692\" \/>\n\t<meta property=\"og:image:height\" content=\"1000\" \/>\n\t<meta property=\"og:image:type\" content=\"image\/jpeg\" \/>\n<meta name=\"twitter:card\" content=\"summary_large_image\" \/>\n<meta name=\"twitter:label1\" content=\"Dur\u00e9e de lecture estim\u00e9e\" \/>\n\t<meta name=\"twitter:data1\" content=\"1 minute\" \/>\n<script type=\"application\/ld+json\" class=\"yoast-schema-graph\">{\"@context\":\"https:\\\/\\\/schema.org\",\"@graph\":[{\"@type\":\"WebPage\",\"@id\":\"https:\\\/\\\/shop.bantam.ch\\\/fr\\\/produit\\\/feu-clignotant-de-securite-modele-3003-jaune-avec-piles\\\/\",\"url\":\"https:\\\/\\\/shop.bantam.ch\\\/fr\\\/produit\\\/feu-clignotant-de-securite-modele-3003-jaune-avec-piles\\\/\",\"name\":\"Feu clignotant de s\u00e9curit\u00e9 mod\u00e8le 3003, jaune avec piles - Bantam Wankm\u00fcller SA\",\"isPartOf\":{\"@id\":\"https:\\\/\\\/shop.bantam.ch\\\/fr\\\/#website\"},\"primaryImageOfPage\":{\"@id\":\"https:\\\/\\\/shop.bantam.ch\\\/fr\\\/produit\\\/feu-clignotant-de-securite-modele-3003-jaune-avec-piles\\\/#primaryimage\"},\"image\":{\"@id\":\"https:\\\/\\\/shop.bantam.ch\\\/fr\\\/produit\\\/feu-clignotant-de-securite-modele-3003-jaune-avec-piles\\\/#primaryimage\"},\"thumbnailUrl\":\"https:\\\/\\\/shop.bantam.ch\\\/wp-content\\\/uploads\\\/2023\\\/03\\\/9940468-Sicherheitswarnblinkleuchte-Standard-01.jpg\",\"datePublished\":\"2023-03-23T14:56:06+00:00\",\"dateModified\":\"2026-04-17T20:07:55+00:00\",\"breadcrumb\":{\"@id\":\"https:\\\/\\\/shop.bantam.ch\\\/fr\\\/produit\\\/feu-clignotant-de-securite-modele-3003-jaune-avec-piles\\\/#breadcrumb\"},\"inLanguage\":\"fr-FR\",\"potentialAction\":[{\"@type\":\"ReadAction\",\"target\":[\"https:\\\/\\\/shop.bantam.ch\\\/fr\\\/produit\\\/feu-clignotant-de-securite-modele-3003-jaune-avec-piles\\\/\"]}]},{\"@type\":\"ImageObject\",\"inLanguage\":\"fr-FR\",\"@id\":\"https:\\\/\\\/shop.bantam.ch\\\/fr\\\/produit\\\/feu-clignotant-de-securite-modele-3003-jaune-avec-piles\\\/#primaryimage\",\"url\":\"https:\\\/\\\/shop.bantam.ch\\\/wp-content\\\/uploads\\\/2023\\\/03\\\/9940468-Sicherheitswarnblinkleuchte-Standard-01.jpg\",\"contentUrl\":\"https:\\\/\\\/shop.bantam.ch\\\/wp-content\\\/uploads\\\/2023\\\/03\\\/9940468-Sicherheitswarnblinkleuchte-Standard-01.jpg\",\"width\":692,\"height\":1000},{\"@type\":\"BreadcrumbList\",\"@id\":\"https:\\\/\\\/shop.bantam.ch\\\/fr\\\/produit\\\/feu-clignotant-de-securite-modele-3003-jaune-avec-piles\\\/#breadcrumb\",\"itemListElement\":[{\"@type\":\"ListItem\",\"position\":1,\"name\":\"Accueil\",\"item\":\"https:\\\/\\\/shop.bantam.ch\\\/fr\\\/\"},{\"@type\":\"ListItem\",\"position\":2,\"name\":\"Boutique\",\"item\":\"https:\\\/\\\/shop.bantam.ch\\\/fr\\\/boutique\\\/\"},{\"@type\":\"ListItem\",\"position\":3,\"name\":\"Feu clignotant de s\u00e9curit\u00e9 mod\u00e8le 3003, jaune avec piles\"}]},{\"@type\":\"WebSite\",\"@id\":\"https:\\\/\\\/shop.bantam.ch\\\/fr\\\/#website\",\"url\":\"https:\\\/\\\/shop.bantam.ch\\\/fr\\\/\",\"name\":\"Bantam Wankm\u00fcller SA\",\"description\":\"\",\"publisher\":{\"@id\":\"https:\\\/\\\/shop.bantam.ch\\\/fr\\\/#organization\"},\"inLanguage\":\"fr-FR\"},{\"@type\":\"Organization\",\"@id\":\"https:\\\/\\\/shop.bantam.ch\\\/fr\\\/#organization\",\"name\":\"Bantam Wankm\u00fcller SA\",\"url\":\"https:\\\/\\\/shop.bantam.ch\\\/fr\\\/\",\"logo\":{\"@type\":\"ImageObject\",\"inLanguage\":\"fr-FR\",\"@id\":\"https:\\\/\\\/shop.bantam.ch\\\/fr\\\/#\\\/schema\\\/logo\\\/image\\\/\",\"url\":\"https:\\\/\\\/shop.bantam.ch\\\/wp-content\\\/uploads\\\/2022\\\/12\\\/bantam-logo.png\",\"contentUrl\":\"https:\\\/\\\/shop.bantam.ch\\\/wp-content\\\/uploads\\\/2022\\\/12\\\/bantam-logo.png\",\"width\":320,\"height\":71,\"caption\":\"Bantam Wankm\u00fcller SA\"},\"image\":{\"@id\":\"https:\\\/\\\/shop.bantam.ch\\\/fr\\\/#\\\/schema\\\/logo\\\/image\\\/\"}}]}<\/script>\n<!-- \/ Yoast SEO plugin. -->","yoast_head_json":{"title":"Feu clignotant de s\u00e9curit\u00e9 mod\u00e8le 3003, jaune avec piles - Bantam Wankm\u00fcller SA","robots":{"index":"index","follow":"follow","max-snippet":"max-snippet:-1","max-image-preview":"max-image-preview:large","max-video-preview":"max-video-preview:-1"},"canonical":"https:\/\/shop.bantam.ch\/fr\/produit\/feu-clignotant-de-securite-modele-3003-jaune-avec-piles\/","og_locale":"fr_FR","og_type":"article","og_title":"Feu clignotant de s\u00e9curit\u00e9 mod\u00e8le 3003, jaune avec piles - Bantam Wankm\u00fcller SA","og_description":"Feux de d\u00e9tresse et de travail combin\u00e9s, verre jaune pour les feux de d\u00e9tresse et blanc pour le phare de travail. Avec ampoule 6V et support de montage noir. En appuyant sur l&rsquo;interrupteur au-dessus des verres, l&rsquo;ampoule avec r\u00e9flecteur pivote vers la fonction d&rsquo;\u00e9clairage souhait\u00e9e. L&rsquo;angle du faisceau de la lumi\u00e8re de travail peut \u00eatre [&hellip;]","og_url":"https:\/\/shop.bantam.ch\/fr\/produit\/feu-clignotant-de-securite-modele-3003-jaune-avec-piles\/","og_site_name":"Bantam Wankm\u00fcller SA","article_modified_time":"2026-04-17T20:07:55+00:00","og_image":[{"width":692,"height":1000,"url":"https:\/\/shop.bantam.ch\/wp-content\/uploads\/2023\/03\/9940468-Sicherheitswarnblinkleuchte-Standard-01.jpg","type":"image\/jpeg"}],"twitter_card":"summary_large_image","twitter_misc":{"Dur\u00e9e de lecture estim\u00e9e":"1 minute"},"schema":{"@context":"https:\/\/schema.org","@graph":[{"@type":"WebPage","@id":"https:\/\/shop.bantam.ch\/fr\/produit\/feu-clignotant-de-securite-modele-3003-jaune-avec-piles\/","url":"https:\/\/shop.bantam.ch\/fr\/produit\/feu-clignotant-de-securite-modele-3003-jaune-avec-piles\/","name":"Feu clignotant de s\u00e9curit\u00e9 mod\u00e8le 3003, jaune avec piles - Bantam Wankm\u00fcller SA","isPartOf":{"@id":"https:\/\/shop.bantam.ch\/fr\/#website"},"primaryImageOfPage":{"@id":"https:\/\/shop.bantam.ch\/fr\/produit\/feu-clignotant-de-securite-modele-3003-jaune-avec-piles\/#primaryimage"},"image":{"@id":"https:\/\/shop.bantam.ch\/fr\/produit\/feu-clignotant-de-securite-modele-3003-jaune-avec-piles\/#primaryimage"},"thumbnailUrl":"https:\/\/shop.bantam.ch\/wp-content\/uploads\/2023\/03\/9940468-Sicherheitswarnblinkleuchte-Standard-01.jpg","datePublished":"2023-03-23T14:56:06+00:00","dateModified":"2026-04-17T20:07:55+00:00","breadcrumb":{"@id":"https:\/\/shop.bantam.ch\/fr\/produit\/feu-clignotant-de-securite-modele-3003-jaune-avec-piles\/#breadcrumb"},"inLanguage":"fr-FR","potentialAction":[{"@type":"ReadAction","target":["https:\/\/shop.bantam.ch\/fr\/produit\/feu-clignotant-de-securite-modele-3003-jaune-avec-piles\/"]}]},{"@type":"ImageObject","inLanguage":"fr-FR","@id":"https:\/\/shop.bantam.ch\/fr\/produit\/feu-clignotant-de-securite-modele-3003-jaune-avec-piles\/#primaryimage","url":"https:\/\/shop.bantam.ch\/wp-content\/uploads\/2023\/03\/9940468-Sicherheitswarnblinkleuchte-Standard-01.jpg","contentUrl":"https:\/\/shop.bantam.ch\/wp-content\/uploads\/2023\/03\/9940468-Sicherheitswarnblinkleuchte-Standard-01.jpg","width":692,"height":1000},{"@type":"BreadcrumbList","@id":"https:\/\/shop.bantam.ch\/fr\/produit\/feu-clignotant-de-securite-modele-3003-jaune-avec-piles\/#breadcrumb","itemListElement":[{"@type":"ListItem","position":1,"name":"Accueil","item":"https:\/\/shop.bantam.ch\/fr\/"},{"@type":"ListItem","position":2,"name":"Boutique","item":"https:\/\/shop.bantam.ch\/fr\/boutique\/"},{"@type":"ListItem","position":3,"name":"Feu clignotant de s\u00e9curit\u00e9 mod\u00e8le 3003, jaune avec piles"}]},{"@type":"WebSite","@id":"https:\/\/shop.bantam.ch\/fr\/#website","url":"https:\/\/shop.bantam.ch\/fr\/","name":"Bantam Wankm\u00fcller SA","description":"","publisher":{"@id":"https:\/\/shop.bantam.ch\/fr\/#organization"},"inLanguage":"fr-FR"},{"@type":"Organization","@id":"https:\/\/shop.bantam.ch\/fr\/#organization","name":"Bantam Wankm\u00fcller SA","url":"https:\/\/shop.bantam.ch\/fr\/","logo":{"@type":"ImageObject","inLanguage":"fr-FR","@id":"https:\/\/shop.bantam.ch\/fr\/#\/schema\/logo\/image\/","url":"https:\/\/shop.bantam.ch\/wp-content\/uploads\/2022\/12\/bantam-logo.png","contentUrl":"https:\/\/shop.bantam.ch\/wp-content\/uploads\/2022\/12\/bantam-logo.png","width":320,"height":71,"caption":"Bantam Wankm\u00fcller SA"},"image":{"@id":"https:\/\/shop.bantam.ch\/fr\/#\/schema\/logo\/image\/"}}]}},"_links":{"self":[{"href":"https:\/\/shop.bantam.ch\/fr\/wp-json\/wp\/v2\/product\/157270","targetHints":{"allow":["GET"]}}],"collection":[{"href":"https:\/\/shop.bantam.ch\/fr\/wp-json\/wp\/v2\/product"}],"about":[{"href":"https:\/\/shop.bantam.ch\/fr\/wp-json\/wp\/v2\/types\/product"}],"wp:featuredmedia":[{"embeddable":true,"href":"https:\/\/shop.bantam.ch\/fr\/wp-json\/wp\/v2\/media\/157266"}],"wp:attachment":[{"href":"https:\/\/shop.bantam.ch\/fr\/wp-json\/wp\/v2\/media?parent=157270"}],"wp:term":[{"taxonomy":"product_featured_cat","embeddable":true,"href":"https:\/\/shop.bantam.ch\/fr\/wp-json\/wp\/v2\/product_featured_cat?post=157270"},{"taxonomy":"product_brand","embeddable":true,"href":"https:\/\/shop.bantam.ch\/fr\/wp-json\/wp\/v2\/product_brand?post=157270"},{"taxonomy":"product_cat","embeddable":true,"href":"https:\/\/shop.bantam.ch\/fr\/wp-json\/wp\/v2\/product_cat?post=157270"},{"taxonomy":"product_tag","embeddable":true,"href":"https:\/\/shop.bantam.ch\/fr\/wp-json\/wp\/v2\/product_tag?post=157270"}],"curies":[{"name":"wp","href":"https:\/\/api.w.org\/{rel}","templated":true}]}}