{"id":157222,"date":"2023-03-23T15:55:08","date_gmt":"2023-03-23T14:55:08","guid":{"rendered":"https:\/\/shop.bantam.ch\/produit\/lanterneau-seitz-heki-2-de-luxe-avec-ventilation-forcee\/"},"modified":"2026-04-18T22:08:43","modified_gmt":"2026-04-18T20:08:43","slug":"lanterneau-seitz-heki-2-de-luxe-avec-ventilation-forcee","status":"publish","type":"product","link":"https:\/\/shop.bantam.ch\/fr\/produit\/lanterneau-seitz-heki-2-de-luxe-avec-ventilation-forcee\/","title":{"rendered":"Lucarne DOMETIC Seitz Heki2 de Luxe poign\u00e9es d\u00e9coupe de toit 96,0 x 65,5 cm avec ventilation forc\u00e9e"},"content":{"rendered":"<p>Pour optimiser tous les v\u00e9hicules de loisirs. Plus de lumi\u00e8re, une meilleure a\u00e9ration et une superbe perception de l\u2018espace gr\u00e2ce au montage d\u2019un toit ouvrant. L\u2019installation ult\u00e9rieure sur un v\u00e9hicule doit \u00eatre effectu\u00e9e par un sp\u00e9cialiste.<\/p>\n<ul>\n<li>Pour caravanes<\/li>\n<li>Maniement : poign\u00e9e<\/li>\n<li>Crans d\u2019ouverture : 3<\/li>\n<li>Nombre max. max. d\u2019ouverture\u00a0: 55\u00b0<\/li>\n<li>4\u00a0ampoules de 5\u00a0W (12\u00a0V)<\/li>\n<li>Double vitrage<\/li>\n<li>Occultation\u00a0: Duette<\/li>\n<li>Moustiquaire : store<\/li>\n<li>Mati\u00e8re du cadre : ASA<\/li>\n<li>\u00c9paisseur standard du toit\u00a0: 2,5- 3,2\u00a0cm<\/li>\n<li>\u00c9paisseur de toit possible\u00a0: 2,5 &#8211; 6 cm<\/li>\n<\/ul>\n","protected":false},"excerpt":{"rendered":"<p>Pour optimiser tous les v\u00e9hicules de loisirs. Plus de lumi\u00e8re, une meilleure a\u00e9ration et une superbe perception de l\u2018espace gr\u00e2ce au montage d\u2019un toit ouvrant. L\u2019installation ult\u00e9rieure sur un v\u00e9hicule doit \u00eatre effectu\u00e9e par un sp\u00e9cialiste. Pour caravanes Maniement : poign\u00e9e Crans d\u2019ouverture : 3 Nombre max. max. d\u2019ouverture\u00a0: 55\u00b0 4\u00a0ampoules de 5\u00a0W (12\u00a0V) Double [&hellip;]<\/p>\n","protected":false},"featured_media":157220,"template":"","meta":{"_acf_changed":false},"product_featured_cat":[],"product_brand":[3028],"product_cat":[4647],"product_tag":[],"class_list":{"0":"post-157222","1":"product","2":"type-product","3":"status-publish","4":"has-post-thumbnail","6":"product_brand-dometic","7":"product_cat-fenetres-de-toit","9":"first","10":"instock","11":"taxable","12":"shipping-taxable","13":"purchasable","14":"product-type-simple"},"acf":[],"yoast_head":"<!-- This site is optimized with the Yoast SEO plugin v27.4 - https:\/\/yoast.com\/product\/yoast-seo-wordpress\/ -->\n<title>Lucarne DOMETIC Seitz Heki2 de Luxe poign\u00e9es d\u00e9coupe de toit 96,0 x 65,5 cm avec ventilation forc\u00e9e - Bantam Wankm\u00fcller SA<\/title>\n<meta name=\"robots\" content=\"index, follow, max-snippet:-1, max-image-preview:large, max-video-preview:-1\" \/>\n<link rel=\"canonical\" href=\"https:\/\/shop.bantam.ch\/fr\/produit\/lanterneau-seitz-heki-2-de-luxe-avec-ventilation-forcee\/\" \/>\n<meta property=\"og:locale\" content=\"fr_FR\" \/>\n<meta property=\"og:type\" content=\"article\" \/>\n<meta property=\"og:title\" content=\"Lucarne DOMETIC Seitz Heki2 de Luxe poign\u00e9es d\u00e9coupe de toit 96,0 x 65,5 cm avec ventilation forc\u00e9e - Bantam Wankm\u00fcller SA\" \/>\n<meta property=\"og:description\" content=\"Pour optimiser tous les v\u00e9hicules de loisirs. Plus de lumi\u00e8re, une meilleure a\u00e9ration et une superbe perception de l\u2018espace gr\u00e2ce au montage d\u2019un toit ouvrant. L\u2019installation ult\u00e9rieure sur un v\u00e9hicule doit \u00eatre effectu\u00e9e par un sp\u00e9cialiste. Pour caravanes Maniement : poign\u00e9e Crans d\u2019ouverture : 3 Nombre max. max. d\u2019ouverture\u00a0: 55\u00b0 4\u00a0ampoules de 5\u00a0W (12\u00a0V) Double [&hellip;]\" \/>\n<meta property=\"og:url\" content=\"https:\/\/shop.bantam.ch\/fr\/produit\/lanterneau-seitz-heki-2-de-luxe-avec-ventilation-forcee\/\" \/>\n<meta property=\"og:site_name\" content=\"Bantam Wankm\u00fcller SA\" \/>\n<meta property=\"article:modified_time\" content=\"2026-04-18T20:08:43+00:00\" \/>\n<meta property=\"og:image\" content=\"https:\/\/shop.bantam.ch\/wp-content\/uploads\/2023\/03\/9963672-Hebekippdach_HEKI_2_de_luxe-Standard-01.jpg\" \/>\n\t<meta property=\"og:image:width\" content=\"1000\" \/>\n\t<meta property=\"og:image:height\" content=\"633\" \/>\n\t<meta property=\"og:image:type\" content=\"image\/jpeg\" \/>\n<meta name=\"twitter:card\" content=\"summary_large_image\" \/>\n<script type=\"application\/ld+json\" class=\"yoast-schema-graph\">{\"@context\":\"https:\\\/\\\/schema.org\",\"@graph\":[{\"@type\":\"WebPage\",\"@id\":\"https:\\\/\\\/shop.bantam.ch\\\/fr\\\/produit\\\/lanterneau-seitz-heki-2-de-luxe-avec-ventilation-forcee\\\/\",\"url\":\"https:\\\/\\\/shop.bantam.ch\\\/fr\\\/produit\\\/lanterneau-seitz-heki-2-de-luxe-avec-ventilation-forcee\\\/\",\"name\":\"Lucarne DOMETIC Seitz Heki2 de Luxe poign\u00e9es d\u00e9coupe de toit 96,0 x 65,5 cm avec ventilation forc\u00e9e - Bantam Wankm\u00fcller SA\",\"isPartOf\":{\"@id\":\"https:\\\/\\\/shop.bantam.ch\\\/fr\\\/#website\"},\"primaryImageOfPage\":{\"@id\":\"https:\\\/\\\/shop.bantam.ch\\\/fr\\\/produit\\\/lanterneau-seitz-heki-2-de-luxe-avec-ventilation-forcee\\\/#primaryimage\"},\"image\":{\"@id\":\"https:\\\/\\\/shop.bantam.ch\\\/fr\\\/produit\\\/lanterneau-seitz-heki-2-de-luxe-avec-ventilation-forcee\\\/#primaryimage\"},\"thumbnailUrl\":\"https:\\\/\\\/shop.bantam.ch\\\/wp-content\\\/uploads\\\/2023\\\/03\\\/9963672-Hebekippdach_HEKI_2_de_luxe-Standard-01.jpg\",\"datePublished\":\"2023-03-23T14:55:08+00:00\",\"dateModified\":\"2026-04-18T20:08:43+00:00\",\"breadcrumb\":{\"@id\":\"https:\\\/\\\/shop.bantam.ch\\\/fr\\\/produit\\\/lanterneau-seitz-heki-2-de-luxe-avec-ventilation-forcee\\\/#breadcrumb\"},\"inLanguage\":\"fr-FR\",\"potentialAction\":[{\"@type\":\"ReadAction\",\"target\":[\"https:\\\/\\\/shop.bantam.ch\\\/fr\\\/produit\\\/lanterneau-seitz-heki-2-de-luxe-avec-ventilation-forcee\\\/\"]}]},{\"@type\":\"ImageObject\",\"inLanguage\":\"fr-FR\",\"@id\":\"https:\\\/\\\/shop.bantam.ch\\\/fr\\\/produit\\\/lanterneau-seitz-heki-2-de-luxe-avec-ventilation-forcee\\\/#primaryimage\",\"url\":\"https:\\\/\\\/shop.bantam.ch\\\/wp-content\\\/uploads\\\/2023\\\/03\\\/9963672-Hebekippdach_HEKI_2_de_luxe-Standard-01.jpg\",\"contentUrl\":\"https:\\\/\\\/shop.bantam.ch\\\/wp-content\\\/uploads\\\/2023\\\/03\\\/9963672-Hebekippdach_HEKI_2_de_luxe-Standard-01.jpg\",\"width\":1000,\"height\":633},{\"@type\":\"BreadcrumbList\",\"@id\":\"https:\\\/\\\/shop.bantam.ch\\\/fr\\\/produit\\\/lanterneau-seitz-heki-2-de-luxe-avec-ventilation-forcee\\\/#breadcrumb\",\"itemListElement\":[{\"@type\":\"ListItem\",\"position\":1,\"name\":\"Accueil\",\"item\":\"https:\\\/\\\/shop.bantam.ch\\\/fr\\\/\"},{\"@type\":\"ListItem\",\"position\":2,\"name\":\"Boutique\",\"item\":\"https:\\\/\\\/shop.bantam.ch\\\/fr\\\/boutique\\\/\"},{\"@type\":\"ListItem\",\"position\":3,\"name\":\"Lucarne DOMETIC Seitz Heki2 de Luxe poign\u00e9es d\u00e9coupe de toit 96,0 x 65,5 cm avec ventilation forc\u00e9e\"}]},{\"@type\":\"WebSite\",\"@id\":\"https:\\\/\\\/shop.bantam.ch\\\/fr\\\/#website\",\"url\":\"https:\\\/\\\/shop.bantam.ch\\\/fr\\\/\",\"name\":\"Bantam Wankm\u00fcller SA\",\"description\":\"\",\"publisher\":{\"@id\":\"https:\\\/\\\/shop.bantam.ch\\\/fr\\\/#organization\"},\"inLanguage\":\"fr-FR\"},{\"@type\":\"Organization\",\"@id\":\"https:\\\/\\\/shop.bantam.ch\\\/fr\\\/#organization\",\"name\":\"Bantam Wankm\u00fcller SA\",\"url\":\"https:\\\/\\\/shop.bantam.ch\\\/fr\\\/\",\"logo\":{\"@type\":\"ImageObject\",\"inLanguage\":\"fr-FR\",\"@id\":\"https:\\\/\\\/shop.bantam.ch\\\/fr\\\/#\\\/schema\\\/logo\\\/image\\\/\",\"url\":\"https:\\\/\\\/shop.bantam.ch\\\/wp-content\\\/uploads\\\/2022\\\/12\\\/bantam-logo.png\",\"contentUrl\":\"https:\\\/\\\/shop.bantam.ch\\\/wp-content\\\/uploads\\\/2022\\\/12\\\/bantam-logo.png\",\"width\":320,\"height\":71,\"caption\":\"Bantam Wankm\u00fcller SA\"},\"image\":{\"@id\":\"https:\\\/\\\/shop.bantam.ch\\\/fr\\\/#\\\/schema\\\/logo\\\/image\\\/\"}}]}<\/script>\n<!-- \/ Yoast SEO plugin. -->","yoast_head_json":{"title":"Lucarne DOMETIC Seitz Heki2 de Luxe poign\u00e9es d\u00e9coupe de toit 96,0 x 65,5 cm avec ventilation forc\u00e9e - Bantam Wankm\u00fcller SA","robots":{"index":"index","follow":"follow","max-snippet":"max-snippet:-1","max-image-preview":"max-image-preview:large","max-video-preview":"max-video-preview:-1"},"canonical":"https:\/\/shop.bantam.ch\/fr\/produit\/lanterneau-seitz-heki-2-de-luxe-avec-ventilation-forcee\/","og_locale":"fr_FR","og_type":"article","og_title":"Lucarne DOMETIC Seitz Heki2 de Luxe poign\u00e9es d\u00e9coupe de toit 96,0 x 65,5 cm avec ventilation forc\u00e9e - Bantam Wankm\u00fcller SA","og_description":"Pour optimiser tous les v\u00e9hicules de loisirs. Plus de lumi\u00e8re, une meilleure a\u00e9ration et une superbe perception de l\u2018espace gr\u00e2ce au montage d\u2019un toit ouvrant. L\u2019installation ult\u00e9rieure sur un v\u00e9hicule doit \u00eatre effectu\u00e9e par un sp\u00e9cialiste. Pour caravanes Maniement : poign\u00e9e Crans d\u2019ouverture : 3 Nombre max. max. d\u2019ouverture\u00a0: 55\u00b0 4\u00a0ampoules de 5\u00a0W (12\u00a0V) Double [&hellip;]","og_url":"https:\/\/shop.bantam.ch\/fr\/produit\/lanterneau-seitz-heki-2-de-luxe-avec-ventilation-forcee\/","og_site_name":"Bantam Wankm\u00fcller SA","article_modified_time":"2026-04-18T20:08:43+00:00","og_image":[{"width":1000,"height":633,"url":"https:\/\/shop.bantam.ch\/wp-content\/uploads\/2023\/03\/9963672-Hebekippdach_HEKI_2_de_luxe-Standard-01.jpg","type":"image\/jpeg"}],"twitter_card":"summary_large_image","schema":{"@context":"https:\/\/schema.org","@graph":[{"@type":"WebPage","@id":"https:\/\/shop.bantam.ch\/fr\/produit\/lanterneau-seitz-heki-2-de-luxe-avec-ventilation-forcee\/","url":"https:\/\/shop.bantam.ch\/fr\/produit\/lanterneau-seitz-heki-2-de-luxe-avec-ventilation-forcee\/","name":"Lucarne DOMETIC Seitz Heki2 de Luxe poign\u00e9es d\u00e9coupe de toit 96,0 x 65,5 cm avec ventilation forc\u00e9e - Bantam Wankm\u00fcller SA","isPartOf":{"@id":"https:\/\/shop.bantam.ch\/fr\/#website"},"primaryImageOfPage":{"@id":"https:\/\/shop.bantam.ch\/fr\/produit\/lanterneau-seitz-heki-2-de-luxe-avec-ventilation-forcee\/#primaryimage"},"image":{"@id":"https:\/\/shop.bantam.ch\/fr\/produit\/lanterneau-seitz-heki-2-de-luxe-avec-ventilation-forcee\/#primaryimage"},"thumbnailUrl":"https:\/\/shop.bantam.ch\/wp-content\/uploads\/2023\/03\/9963672-Hebekippdach_HEKI_2_de_luxe-Standard-01.jpg","datePublished":"2023-03-23T14:55:08+00:00","dateModified":"2026-04-18T20:08:43+00:00","breadcrumb":{"@id":"https:\/\/shop.bantam.ch\/fr\/produit\/lanterneau-seitz-heki-2-de-luxe-avec-ventilation-forcee\/#breadcrumb"},"inLanguage":"fr-FR","potentialAction":[{"@type":"ReadAction","target":["https:\/\/shop.bantam.ch\/fr\/produit\/lanterneau-seitz-heki-2-de-luxe-avec-ventilation-forcee\/"]}]},{"@type":"ImageObject","inLanguage":"fr-FR","@id":"https:\/\/shop.bantam.ch\/fr\/produit\/lanterneau-seitz-heki-2-de-luxe-avec-ventilation-forcee\/#primaryimage","url":"https:\/\/shop.bantam.ch\/wp-content\/uploads\/2023\/03\/9963672-Hebekippdach_HEKI_2_de_luxe-Standard-01.jpg","contentUrl":"https:\/\/shop.bantam.ch\/wp-content\/uploads\/2023\/03\/9963672-Hebekippdach_HEKI_2_de_luxe-Standard-01.jpg","width":1000,"height":633},{"@type":"BreadcrumbList","@id":"https:\/\/shop.bantam.ch\/fr\/produit\/lanterneau-seitz-heki-2-de-luxe-avec-ventilation-forcee\/#breadcrumb","itemListElement":[{"@type":"ListItem","position":1,"name":"Accueil","item":"https:\/\/shop.bantam.ch\/fr\/"},{"@type":"ListItem","position":2,"name":"Boutique","item":"https:\/\/shop.bantam.ch\/fr\/boutique\/"},{"@type":"ListItem","position":3,"name":"Lucarne DOMETIC Seitz Heki2 de Luxe poign\u00e9es d\u00e9coupe de toit 96,0 x 65,5 cm avec ventilation forc\u00e9e"}]},{"@type":"WebSite","@id":"https:\/\/shop.bantam.ch\/fr\/#website","url":"https:\/\/shop.bantam.ch\/fr\/","name":"Bantam Wankm\u00fcller SA","description":"","publisher":{"@id":"https:\/\/shop.bantam.ch\/fr\/#organization"},"inLanguage":"fr-FR"},{"@type":"Organization","@id":"https:\/\/shop.bantam.ch\/fr\/#organization","name":"Bantam Wankm\u00fcller SA","url":"https:\/\/shop.bantam.ch\/fr\/","logo":{"@type":"ImageObject","inLanguage":"fr-FR","@id":"https:\/\/shop.bantam.ch\/fr\/#\/schema\/logo\/image\/","url":"https:\/\/shop.bantam.ch\/wp-content\/uploads\/2022\/12\/bantam-logo.png","contentUrl":"https:\/\/shop.bantam.ch\/wp-content\/uploads\/2022\/12\/bantam-logo.png","width":320,"height":71,"caption":"Bantam Wankm\u00fcller SA"},"image":{"@id":"https:\/\/shop.bantam.ch\/fr\/#\/schema\/logo\/image\/"}}]}},"_links":{"self":[{"href":"https:\/\/shop.bantam.ch\/fr\/wp-json\/wp\/v2\/product\/157222","targetHints":{"allow":["GET"]}}],"collection":[{"href":"https:\/\/shop.bantam.ch\/fr\/wp-json\/wp\/v2\/product"}],"about":[{"href":"https:\/\/shop.bantam.ch\/fr\/wp-json\/wp\/v2\/types\/product"}],"wp:featuredmedia":[{"embeddable":true,"href":"https:\/\/shop.bantam.ch\/fr\/wp-json\/wp\/v2\/media\/157220"}],"wp:attachment":[{"href":"https:\/\/shop.bantam.ch\/fr\/wp-json\/wp\/v2\/media?parent=157222"}],"wp:term":[{"taxonomy":"product_featured_cat","embeddable":true,"href":"https:\/\/shop.bantam.ch\/fr\/wp-json\/wp\/v2\/product_featured_cat?post=157222"},{"taxonomy":"product_brand","embeddable":true,"href":"https:\/\/shop.bantam.ch\/fr\/wp-json\/wp\/v2\/product_brand?post=157222"},{"taxonomy":"product_cat","embeddable":true,"href":"https:\/\/shop.bantam.ch\/fr\/wp-json\/wp\/v2\/product_cat?post=157222"},{"taxonomy":"product_tag","embeddable":true,"href":"https:\/\/shop.bantam.ch\/fr\/wp-json\/wp\/v2\/product_tag?post=157222"}],"curies":[{"name":"wp","href":"https:\/\/api.w.org\/{rel}","templated":true}]}}