{"id":156870,"date":"2023-03-22T17:49:54","date_gmt":"2023-03-22T16:49:54","guid":{"rendered":"https:\/\/shop.bantam.ch\/produit\/tapis-isolant-dexterieur-fh-deux-partie-icebreaker-two\/"},"modified":"2026-04-17T21:03:19","modified_gmt":"2026-04-17T19:03:19","slug":"tapis-isolant-dexterieur-fh-deux-partie-icebreaker-two","status":"publish","type":"product","link":"https:\/\/shop.bantam.ch\/fr\/produit\/tapis-isolant-dexterieur-fh-deux-partie-icebreaker-two\/","title":{"rendered":"Tapis isolant d\u2019ext\u00e9rieur FH deux partie icebreaker two"},"content":{"rendered":"<p>Ce volet isolant de qualit\u00e9 se caract\u00e9rise par sa longue dur\u00e9e de vie et son installation facile. Mat\u00e9riau ext\u00e9rieur en PVC avec insert en tissu (aucune feuille !) Le mat\u00e9riau du volet reste flexible jusqu\u2019\u00e0 -30\u00a0\u00b0C.<\/p>\n","protected":false},"excerpt":{"rendered":"<p>Ce volet isolant de qualit\u00e9 se caract\u00e9rise par sa longue dur\u00e9e de vie et son installation facile. Mat\u00e9riau ext\u00e9rieur en PVC avec insert en tissu (aucune feuille !) Le mat\u00e9riau du volet reste flexible jusqu\u2019\u00e0 -30\u00a0\u00b0C.<\/p>\n","protected":false},"featured_media":156860,"template":"","meta":{"_acf_changed":false},"product_featured_cat":[],"product_brand":[3042],"product_cat":[4641],"product_tag":[],"class_list":{"0":"post-156870","1":"product","2":"type-product","3":"status-publish","4":"has-post-thumbnail","6":"product_brand-wigo","7":"product_cat-matelas-et-rideaux-thermiques","9":"first","10":"instock","11":"taxable","12":"shipping-taxable","13":"purchasable","14":"product-type-variable"},"acf":[],"yoast_head":"<!-- This site is optimized with the Yoast SEO plugin v27.4 - https:\/\/yoast.com\/product\/yoast-seo-wordpress\/ -->\n<title>Tapis isolant d\u2019ext\u00e9rieur FH deux partie icebreaker two - Bantam Wankm\u00fcller SA<\/title>\n<meta name=\"robots\" content=\"index, follow, max-snippet:-1, max-image-preview:large, max-video-preview:-1\" \/>\n<link rel=\"canonical\" href=\"https:\/\/shop.bantam.ch\/fr\/produit\/tapis-isolant-dexterieur-fh-deux-partie-icebreaker-two\/\" \/>\n<meta property=\"og:locale\" content=\"fr_FR\" \/>\n<meta property=\"og:type\" content=\"article\" \/>\n<meta property=\"og:title\" content=\"Tapis isolant d\u2019ext\u00e9rieur FH deux partie icebreaker two - Bantam Wankm\u00fcller SA\" \/>\n<meta property=\"og:description\" content=\"Ce volet isolant de qualit\u00e9 se caract\u00e9rise par sa longue dur\u00e9e de vie et son installation facile. Mat\u00e9riau ext\u00e9rieur en PVC avec insert en tissu (aucune feuille !) Le mat\u00e9riau du volet reste flexible jusqu\u2019\u00e0 -30\u00a0\u00b0C.\" \/>\n<meta property=\"og:url\" content=\"https:\/\/shop.bantam.ch\/fr\/produit\/tapis-isolant-dexterieur-fh-deux-partie-icebreaker-two\/\" \/>\n<meta property=\"og:site_name\" content=\"Bantam Wankm\u00fcller SA\" \/>\n<meta property=\"article:modified_time\" content=\"2026-04-17T19:03:19+00:00\" \/>\n<meta property=\"og:image\" content=\"https:\/\/shop.bantam.ch\/wp-content\/uploads\/2023\/03\/996584911-61.jpg\" \/>\n\t<meta property=\"og:image:width\" content=\"1024\" \/>\n\t<meta property=\"og:image:height\" content=\"680\" \/>\n\t<meta property=\"og:image:type\" content=\"image\/jpeg\" \/>\n<meta name=\"twitter:card\" content=\"summary_large_image\" \/>\n<script type=\"application\/ld+json\" class=\"yoast-schema-graph\">{\"@context\":\"https:\\\/\\\/schema.org\",\"@graph\":[{\"@type\":\"WebPage\",\"@id\":\"https:\\\/\\\/shop.bantam.ch\\\/fr\\\/produit\\\/tapis-isolant-dexterieur-fh-deux-partie-icebreaker-two\\\/\",\"url\":\"https:\\\/\\\/shop.bantam.ch\\\/fr\\\/produit\\\/tapis-isolant-dexterieur-fh-deux-partie-icebreaker-two\\\/\",\"name\":\"Tapis isolant d\u2019ext\u00e9rieur FH deux partie icebreaker two - Bantam Wankm\u00fcller SA\",\"isPartOf\":{\"@id\":\"https:\\\/\\\/shop.bantam.ch\\\/fr\\\/#website\"},\"primaryImageOfPage\":{\"@id\":\"https:\\\/\\\/shop.bantam.ch\\\/fr\\\/produit\\\/tapis-isolant-dexterieur-fh-deux-partie-icebreaker-two\\\/#primaryimage\"},\"image\":{\"@id\":\"https:\\\/\\\/shop.bantam.ch\\\/fr\\\/produit\\\/tapis-isolant-dexterieur-fh-deux-partie-icebreaker-two\\\/#primaryimage\"},\"thumbnailUrl\":\"https:\\\/\\\/shop.bantam.ch\\\/wp-content\\\/uploads\\\/2023\\\/03\\\/996584911-61.jpg\",\"datePublished\":\"2023-03-22T16:49:54+00:00\",\"dateModified\":\"2026-04-17T19:03:19+00:00\",\"breadcrumb\":{\"@id\":\"https:\\\/\\\/shop.bantam.ch\\\/fr\\\/produit\\\/tapis-isolant-dexterieur-fh-deux-partie-icebreaker-two\\\/#breadcrumb\"},\"inLanguage\":\"fr-FR\",\"potentialAction\":[{\"@type\":\"ReadAction\",\"target\":[\"https:\\\/\\\/shop.bantam.ch\\\/fr\\\/produit\\\/tapis-isolant-dexterieur-fh-deux-partie-icebreaker-two\\\/\"]}]},{\"@type\":\"ImageObject\",\"inLanguage\":\"fr-FR\",\"@id\":\"https:\\\/\\\/shop.bantam.ch\\\/fr\\\/produit\\\/tapis-isolant-dexterieur-fh-deux-partie-icebreaker-two\\\/#primaryimage\",\"url\":\"https:\\\/\\\/shop.bantam.ch\\\/wp-content\\\/uploads\\\/2023\\\/03\\\/996584911-61.jpg\",\"contentUrl\":\"https:\\\/\\\/shop.bantam.ch\\\/wp-content\\\/uploads\\\/2023\\\/03\\\/996584911-61.jpg\",\"width\":2048,\"height\":1361},{\"@type\":\"BreadcrumbList\",\"@id\":\"https:\\\/\\\/shop.bantam.ch\\\/fr\\\/produit\\\/tapis-isolant-dexterieur-fh-deux-partie-icebreaker-two\\\/#breadcrumb\",\"itemListElement\":[{\"@type\":\"ListItem\",\"position\":1,\"name\":\"Accueil\",\"item\":\"https:\\\/\\\/shop.bantam.ch\\\/fr\\\/\"},{\"@type\":\"ListItem\",\"position\":2,\"name\":\"Boutique\",\"item\":\"https:\\\/\\\/shop.bantam.ch\\\/fr\\\/boutique\\\/\"},{\"@type\":\"ListItem\",\"position\":3,\"name\":\"Tapis isolant d\u2019ext\u00e9rieur FH deux partie icebreaker two\"}]},{\"@type\":\"WebSite\",\"@id\":\"https:\\\/\\\/shop.bantam.ch\\\/fr\\\/#website\",\"url\":\"https:\\\/\\\/shop.bantam.ch\\\/fr\\\/\",\"name\":\"Bantam Wankm\u00fcller SA\",\"description\":\"\",\"publisher\":{\"@id\":\"https:\\\/\\\/shop.bantam.ch\\\/fr\\\/#organization\"},\"inLanguage\":\"fr-FR\"},{\"@type\":\"Organization\",\"@id\":\"https:\\\/\\\/shop.bantam.ch\\\/fr\\\/#organization\",\"name\":\"Bantam Wankm\u00fcller SA\",\"url\":\"https:\\\/\\\/shop.bantam.ch\\\/fr\\\/\",\"logo\":{\"@type\":\"ImageObject\",\"inLanguage\":\"fr-FR\",\"@id\":\"https:\\\/\\\/shop.bantam.ch\\\/fr\\\/#\\\/schema\\\/logo\\\/image\\\/\",\"url\":\"https:\\\/\\\/shop.bantam.ch\\\/wp-content\\\/uploads\\\/2022\\\/12\\\/bantam-logo.png\",\"contentUrl\":\"https:\\\/\\\/shop.bantam.ch\\\/wp-content\\\/uploads\\\/2022\\\/12\\\/bantam-logo.png\",\"width\":320,\"height\":71,\"caption\":\"Bantam Wankm\u00fcller SA\"},\"image\":{\"@id\":\"https:\\\/\\\/shop.bantam.ch\\\/fr\\\/#\\\/schema\\\/logo\\\/image\\\/\"}}]}<\/script>\n<!-- \/ Yoast SEO plugin. -->","yoast_head_json":{"title":"Tapis isolant d\u2019ext\u00e9rieur FH deux partie icebreaker two - Bantam Wankm\u00fcller SA","robots":{"index":"index","follow":"follow","max-snippet":"max-snippet:-1","max-image-preview":"max-image-preview:large","max-video-preview":"max-video-preview:-1"},"canonical":"https:\/\/shop.bantam.ch\/fr\/produit\/tapis-isolant-dexterieur-fh-deux-partie-icebreaker-two\/","og_locale":"fr_FR","og_type":"article","og_title":"Tapis isolant d\u2019ext\u00e9rieur FH deux partie icebreaker two - Bantam Wankm\u00fcller SA","og_description":"Ce volet isolant de qualit\u00e9 se caract\u00e9rise par sa longue dur\u00e9e de vie et son installation facile. Mat\u00e9riau ext\u00e9rieur en PVC avec insert en tissu (aucune feuille !) Le mat\u00e9riau du volet reste flexible jusqu\u2019\u00e0 -30\u00a0\u00b0C.","og_url":"https:\/\/shop.bantam.ch\/fr\/produit\/tapis-isolant-dexterieur-fh-deux-partie-icebreaker-two\/","og_site_name":"Bantam Wankm\u00fcller SA","article_modified_time":"2026-04-17T19:03:19+00:00","og_image":[{"url":"https:\/\/shop.bantam.ch\/wp-content\/uploads\/2023\/03\/996584911-61.jpg","width":1024,"height":680,"type":"image\/jpeg"}],"twitter_card":"summary_large_image","schema":{"@context":"https:\/\/schema.org","@graph":[{"@type":"WebPage","@id":"https:\/\/shop.bantam.ch\/fr\/produit\/tapis-isolant-dexterieur-fh-deux-partie-icebreaker-two\/","url":"https:\/\/shop.bantam.ch\/fr\/produit\/tapis-isolant-dexterieur-fh-deux-partie-icebreaker-two\/","name":"Tapis isolant d\u2019ext\u00e9rieur FH deux partie icebreaker two - Bantam Wankm\u00fcller SA","isPartOf":{"@id":"https:\/\/shop.bantam.ch\/fr\/#website"},"primaryImageOfPage":{"@id":"https:\/\/shop.bantam.ch\/fr\/produit\/tapis-isolant-dexterieur-fh-deux-partie-icebreaker-two\/#primaryimage"},"image":{"@id":"https:\/\/shop.bantam.ch\/fr\/produit\/tapis-isolant-dexterieur-fh-deux-partie-icebreaker-two\/#primaryimage"},"thumbnailUrl":"https:\/\/shop.bantam.ch\/wp-content\/uploads\/2023\/03\/996584911-61.jpg","datePublished":"2023-03-22T16:49:54+00:00","dateModified":"2026-04-17T19:03:19+00:00","breadcrumb":{"@id":"https:\/\/shop.bantam.ch\/fr\/produit\/tapis-isolant-dexterieur-fh-deux-partie-icebreaker-two\/#breadcrumb"},"inLanguage":"fr-FR","potentialAction":[{"@type":"ReadAction","target":["https:\/\/shop.bantam.ch\/fr\/produit\/tapis-isolant-dexterieur-fh-deux-partie-icebreaker-two\/"]}]},{"@type":"ImageObject","inLanguage":"fr-FR","@id":"https:\/\/shop.bantam.ch\/fr\/produit\/tapis-isolant-dexterieur-fh-deux-partie-icebreaker-two\/#primaryimage","url":"https:\/\/shop.bantam.ch\/wp-content\/uploads\/2023\/03\/996584911-61.jpg","contentUrl":"https:\/\/shop.bantam.ch\/wp-content\/uploads\/2023\/03\/996584911-61.jpg","width":2048,"height":1361},{"@type":"BreadcrumbList","@id":"https:\/\/shop.bantam.ch\/fr\/produit\/tapis-isolant-dexterieur-fh-deux-partie-icebreaker-two\/#breadcrumb","itemListElement":[{"@type":"ListItem","position":1,"name":"Accueil","item":"https:\/\/shop.bantam.ch\/fr\/"},{"@type":"ListItem","position":2,"name":"Boutique","item":"https:\/\/shop.bantam.ch\/fr\/boutique\/"},{"@type":"ListItem","position":3,"name":"Tapis isolant d\u2019ext\u00e9rieur FH deux partie icebreaker two"}]},{"@type":"WebSite","@id":"https:\/\/shop.bantam.ch\/fr\/#website","url":"https:\/\/shop.bantam.ch\/fr\/","name":"Bantam Wankm\u00fcller SA","description":"","publisher":{"@id":"https:\/\/shop.bantam.ch\/fr\/#organization"},"inLanguage":"fr-FR"},{"@type":"Organization","@id":"https:\/\/shop.bantam.ch\/fr\/#organization","name":"Bantam Wankm\u00fcller SA","url":"https:\/\/shop.bantam.ch\/fr\/","logo":{"@type":"ImageObject","inLanguage":"fr-FR","@id":"https:\/\/shop.bantam.ch\/fr\/#\/schema\/logo\/image\/","url":"https:\/\/shop.bantam.ch\/wp-content\/uploads\/2022\/12\/bantam-logo.png","contentUrl":"https:\/\/shop.bantam.ch\/wp-content\/uploads\/2022\/12\/bantam-logo.png","width":320,"height":71,"caption":"Bantam Wankm\u00fcller SA"},"image":{"@id":"https:\/\/shop.bantam.ch\/fr\/#\/schema\/logo\/image\/"}}]}},"_links":{"self":[{"href":"https:\/\/shop.bantam.ch\/fr\/wp-json\/wp\/v2\/product\/156870","targetHints":{"allow":["GET"]}}],"collection":[{"href":"https:\/\/shop.bantam.ch\/fr\/wp-json\/wp\/v2\/product"}],"about":[{"href":"https:\/\/shop.bantam.ch\/fr\/wp-json\/wp\/v2\/types\/product"}],"wp:featuredmedia":[{"embeddable":true,"href":"https:\/\/shop.bantam.ch\/fr\/wp-json\/wp\/v2\/media\/156860"}],"wp:attachment":[{"href":"https:\/\/shop.bantam.ch\/fr\/wp-json\/wp\/v2\/media?parent=156870"}],"wp:term":[{"taxonomy":"product_featured_cat","embeddable":true,"href":"https:\/\/shop.bantam.ch\/fr\/wp-json\/wp\/v2\/product_featured_cat?post=156870"},{"taxonomy":"product_brand","embeddable":true,"href":"https:\/\/shop.bantam.ch\/fr\/wp-json\/wp\/v2\/product_brand?post=156870"},{"taxonomy":"product_cat","embeddable":true,"href":"https:\/\/shop.bantam.ch\/fr\/wp-json\/wp\/v2\/product_cat?post=156870"},{"taxonomy":"product_tag","embeddable":true,"href":"https:\/\/shop.bantam.ch\/fr\/wp-json\/wp\/v2\/product_tag?post=156870"}],"curies":[{"name":"wp","href":"https:\/\/api.w.org\/{rel}","templated":true}]}}