{"id":156655,"date":"2023-03-22T16:47:11","date_gmt":"2023-03-22T15:47:11","guid":{"rendered":"https:\/\/shop.bantam.ch\/produit\/auvent-de-caravane-rolli-plus-modul-profondeur-250-cm-noir-blanc\/"},"modified":"2026-04-18T23:49:20","modified_gmt":"2026-04-18T21:49:20","slug":"auvent-de-caravane-rolli-plus-modul-profondeur-250-cm-noir-blanc","status":"publish","type":"product","link":"https:\/\/shop.bantam.ch\/fr\/produit\/auvent-de-caravane-rolli-plus-modul-profondeur-250-cm-noir-blanc\/","title":{"rendered":"Auvent de caravane Rolli Plus Modul, profondeur 250 cm, noir \/ blanc"},"content":{"rendered":"<p>Habillage de store modulaire en version enti\u00e8rement r\u00e9tract\u00e9e :<\/p>\n<ul>\n<li>Montage facile et rapide<\/li>\n<li>Grande stabilit\u00e9, manipulation simple<\/li>\n<li>Haute qualit\u00e9 de mat\u00e9riaux et meilleure finition<\/li>\n<li>Sangles d\u2019arrimage en triangle contre les temp\u00eates \u00e0 l\u2019ext\u00e9rieur, en dessous des fen\u00eatres<\/li>\n<li>Options d\u2019entr\u00e9e variables<\/li>\n<li>Paroi avant et lat\u00e9rale avec une fen\u00eatre d&rsquo;a\u00e9ration AIR VENT (option possible avec une gaze de ventilation \u00e0 partir de la taille 7)<\/li>\n<li>Sangles d\u2019arrimage en triangle contre les temp\u00eates \u00e0 l\u2019ext\u00e9rieur, en dessous des fen\u00eatres<\/li>\n<li>Parois avant et lat\u00e9rales amovibles et rabattables pour former un espace v\u00e9randa<\/li>\n<li>Double jupe<\/li>\n<li>Fermetures \u00e0 glissi\u00e8re couvertes<\/li>\n<li>Power Grip System<\/li>\n<li>Film fen\u00eatres teint\u00e9<\/li>\n<\/ul>\n<p>Mat\u00e9riau\u00a0:<br \/>Toit : 65 % polyester, 35 % PVA<br \/>Paroi avant et lat\u00e9rale : 100\u00a0% polyester avec rev\u00eatement en PVC<br \/>Bavette et panneau anti-\u00e9claboussures\u00a0: Rev\u00eatement 100\u00a0% PVC :<\/p>\n<p>Contenu de la livraison :<br \/>Toit avec profil aluminium <br \/>Armature de toit et piquets en aluminium avec Power-Grip<br \/>Fa\u00e7ade et parois lat\u00e9rales<br \/>Prot\u00e8ge-roue et pare-vent<br \/>Mat\u00e9riaux de haubanage<br \/>Notice de montage<\/p>\n","protected":false},"excerpt":{"rendered":"<p>Habillage de store modulaire en version enti\u00e8rement r\u00e9tract\u00e9e : Montage facile et rapide Grande stabilit\u00e9, manipulation simple Haute qualit\u00e9 de mat\u00e9riaux et meilleure finition Sangles d\u2019arrimage en triangle contre les temp\u00eates \u00e0 l\u2019ext\u00e9rieur, en dessous des fen\u00eatres Options d\u2019entr\u00e9e variables Paroi avant et lat\u00e9rale avec une fen\u00eatre d&rsquo;a\u00e9ration AIR VENT (option possible avec une gaze [&hellip;]<\/p>\n","protected":false},"featured_media":156651,"template":"","meta":{"_acf_changed":false},"product_featured_cat":[],"product_brand":[3042],"product_cat":[4223],"product_tag":[],"class_list":{"0":"post-156655","1":"product","2":"type-product","3":"status-publish","4":"has-post-thumbnail","6":"product_brand-wigo","7":"product_cat-stores-et-auvents","9":"first","10":"instock","11":"taxable","12":"shipping-taxable","13":"purchasable","14":"product-type-variable"},"acf":[],"yoast_head":"<!-- This site is optimized with the Yoast SEO plugin v27.4 - https:\/\/yoast.com\/product\/yoast-seo-wordpress\/ -->\n<title>Auvent de caravane Rolli Plus Modul, profondeur 250 cm, noir \/ blanc - Bantam Wankm\u00fcller SA<\/title>\n<meta name=\"robots\" content=\"index, follow, max-snippet:-1, max-image-preview:large, max-video-preview:-1\" \/>\n<link rel=\"canonical\" href=\"https:\/\/shop.bantam.ch\/fr\/produit\/auvent-de-caravane-rolli-plus-modul-profondeur-250-cm-noir-blanc\/\" \/>\n<meta property=\"og:locale\" content=\"fr_FR\" \/>\n<meta property=\"og:type\" content=\"article\" \/>\n<meta property=\"og:title\" content=\"Auvent de caravane Rolli Plus Modul, profondeur 250 cm, noir \/ blanc - Bantam Wankm\u00fcller SA\" \/>\n<meta property=\"og:description\" content=\"Habillage de store modulaire en version enti\u00e8rement r\u00e9tract\u00e9e : Montage facile et rapide Grande stabilit\u00e9, manipulation simple Haute qualit\u00e9 de mat\u00e9riaux et meilleure finition Sangles d\u2019arrimage en triangle contre les temp\u00eates \u00e0 l\u2019ext\u00e9rieur, en dessous des fen\u00eatres Options d\u2019entr\u00e9e variables Paroi avant et lat\u00e9rale avec une fen\u00eatre d&rsquo;a\u00e9ration AIR VENT (option possible avec une gaze [&hellip;]\" \/>\n<meta property=\"og:url\" content=\"https:\/\/shop.bantam.ch\/fr\/produit\/auvent-de-caravane-rolli-plus-modul-profondeur-250-cm-noir-blanc\/\" \/>\n<meta property=\"og:site_name\" content=\"Bantam Wankm\u00fcller SA\" \/>\n<meta property=\"article:modified_time\" content=\"2026-04-18T21:49:20+00:00\" \/>\n<meta property=\"og:image\" content=\"https:\/\/shop.bantam.ch\/wp-content\/uploads\/2023\/03\/9970630100-32.jpg\" \/>\n\t<meta property=\"og:image:width\" content=\"1000\" \/>\n\t<meta property=\"og:image:height\" content=\"733\" \/>\n\t<meta property=\"og:image:type\" content=\"image\/jpeg\" \/>\n<meta name=\"twitter:card\" content=\"summary_large_image\" \/>\n<meta name=\"twitter:label1\" content=\"Dur\u00e9e de lecture estim\u00e9e\" \/>\n\t<meta name=\"twitter:data1\" content=\"1 minute\" \/>\n<script type=\"application\/ld+json\" class=\"yoast-schema-graph\">{\"@context\":\"https:\\\/\\\/schema.org\",\"@graph\":[{\"@type\":\"WebPage\",\"@id\":\"https:\\\/\\\/shop.bantam.ch\\\/fr\\\/produit\\\/auvent-de-caravane-rolli-plus-modul-profondeur-250-cm-noir-blanc\\\/\",\"url\":\"https:\\\/\\\/shop.bantam.ch\\\/fr\\\/produit\\\/auvent-de-caravane-rolli-plus-modul-profondeur-250-cm-noir-blanc\\\/\",\"name\":\"Auvent de caravane Rolli Plus Modul, profondeur 250 cm, noir \\\/ blanc - Bantam Wankm\u00fcller SA\",\"isPartOf\":{\"@id\":\"https:\\\/\\\/shop.bantam.ch\\\/fr\\\/#website\"},\"primaryImageOfPage\":{\"@id\":\"https:\\\/\\\/shop.bantam.ch\\\/fr\\\/produit\\\/auvent-de-caravane-rolli-plus-modul-profondeur-250-cm-noir-blanc\\\/#primaryimage\"},\"image\":{\"@id\":\"https:\\\/\\\/shop.bantam.ch\\\/fr\\\/produit\\\/auvent-de-caravane-rolli-plus-modul-profondeur-250-cm-noir-blanc\\\/#primaryimage\"},\"thumbnailUrl\":\"https:\\\/\\\/shop.bantam.ch\\\/wp-content\\\/uploads\\\/2023\\\/03\\\/9970630100-32.jpg\",\"datePublished\":\"2023-03-22T15:47:11+00:00\",\"dateModified\":\"2026-04-18T21:49:20+00:00\",\"breadcrumb\":{\"@id\":\"https:\\\/\\\/shop.bantam.ch\\\/fr\\\/produit\\\/auvent-de-caravane-rolli-plus-modul-profondeur-250-cm-noir-blanc\\\/#breadcrumb\"},\"inLanguage\":\"fr-FR\",\"potentialAction\":[{\"@type\":\"ReadAction\",\"target\":[\"https:\\\/\\\/shop.bantam.ch\\\/fr\\\/produit\\\/auvent-de-caravane-rolli-plus-modul-profondeur-250-cm-noir-blanc\\\/\"]}]},{\"@type\":\"ImageObject\",\"inLanguage\":\"fr-FR\",\"@id\":\"https:\\\/\\\/shop.bantam.ch\\\/fr\\\/produit\\\/auvent-de-caravane-rolli-plus-modul-profondeur-250-cm-noir-blanc\\\/#primaryimage\",\"url\":\"https:\\\/\\\/shop.bantam.ch\\\/wp-content\\\/uploads\\\/2023\\\/03\\\/9970630100-32.jpg\",\"contentUrl\":\"https:\\\/\\\/shop.bantam.ch\\\/wp-content\\\/uploads\\\/2023\\\/03\\\/9970630100-32.jpg\",\"width\":1000,\"height\":733},{\"@type\":\"BreadcrumbList\",\"@id\":\"https:\\\/\\\/shop.bantam.ch\\\/fr\\\/produit\\\/auvent-de-caravane-rolli-plus-modul-profondeur-250-cm-noir-blanc\\\/#breadcrumb\",\"itemListElement\":[{\"@type\":\"ListItem\",\"position\":1,\"name\":\"Accueil\",\"item\":\"https:\\\/\\\/shop.bantam.ch\\\/fr\\\/\"},{\"@type\":\"ListItem\",\"position\":2,\"name\":\"Boutique\",\"item\":\"https:\\\/\\\/shop.bantam.ch\\\/fr\\\/boutique\\\/\"},{\"@type\":\"ListItem\",\"position\":3,\"name\":\"Auvent de caravane Rolli Plus Modul, profondeur 250 cm, noir \\\/ blanc\"}]},{\"@type\":\"WebSite\",\"@id\":\"https:\\\/\\\/shop.bantam.ch\\\/fr\\\/#website\",\"url\":\"https:\\\/\\\/shop.bantam.ch\\\/fr\\\/\",\"name\":\"Bantam Wankm\u00fcller SA\",\"description\":\"\",\"publisher\":{\"@id\":\"https:\\\/\\\/shop.bantam.ch\\\/fr\\\/#organization\"},\"inLanguage\":\"fr-FR\"},{\"@type\":\"Organization\",\"@id\":\"https:\\\/\\\/shop.bantam.ch\\\/fr\\\/#organization\",\"name\":\"Bantam Wankm\u00fcller SA\",\"url\":\"https:\\\/\\\/shop.bantam.ch\\\/fr\\\/\",\"logo\":{\"@type\":\"ImageObject\",\"inLanguage\":\"fr-FR\",\"@id\":\"https:\\\/\\\/shop.bantam.ch\\\/fr\\\/#\\\/schema\\\/logo\\\/image\\\/\",\"url\":\"https:\\\/\\\/shop.bantam.ch\\\/wp-content\\\/uploads\\\/2022\\\/12\\\/bantam-logo.png\",\"contentUrl\":\"https:\\\/\\\/shop.bantam.ch\\\/wp-content\\\/uploads\\\/2022\\\/12\\\/bantam-logo.png\",\"width\":320,\"height\":71,\"caption\":\"Bantam Wankm\u00fcller SA\"},\"image\":{\"@id\":\"https:\\\/\\\/shop.bantam.ch\\\/fr\\\/#\\\/schema\\\/logo\\\/image\\\/\"}}]}<\/script>\n<!-- \/ Yoast SEO plugin. -->","yoast_head_json":{"title":"Auvent de caravane Rolli Plus Modul, profondeur 250 cm, noir \/ blanc - Bantam Wankm\u00fcller SA","robots":{"index":"index","follow":"follow","max-snippet":"max-snippet:-1","max-image-preview":"max-image-preview:large","max-video-preview":"max-video-preview:-1"},"canonical":"https:\/\/shop.bantam.ch\/fr\/produit\/auvent-de-caravane-rolli-plus-modul-profondeur-250-cm-noir-blanc\/","og_locale":"fr_FR","og_type":"article","og_title":"Auvent de caravane Rolli Plus Modul, profondeur 250 cm, noir \/ blanc - Bantam Wankm\u00fcller SA","og_description":"Habillage de store modulaire en version enti\u00e8rement r\u00e9tract\u00e9e : Montage facile et rapide Grande stabilit\u00e9, manipulation simple Haute qualit\u00e9 de mat\u00e9riaux et meilleure finition Sangles d\u2019arrimage en triangle contre les temp\u00eates \u00e0 l\u2019ext\u00e9rieur, en dessous des fen\u00eatres Options d\u2019entr\u00e9e variables Paroi avant et lat\u00e9rale avec une fen\u00eatre d&rsquo;a\u00e9ration AIR VENT (option possible avec une gaze [&hellip;]","og_url":"https:\/\/shop.bantam.ch\/fr\/produit\/auvent-de-caravane-rolli-plus-modul-profondeur-250-cm-noir-blanc\/","og_site_name":"Bantam Wankm\u00fcller SA","article_modified_time":"2026-04-18T21:49:20+00:00","og_image":[{"width":1000,"height":733,"url":"https:\/\/shop.bantam.ch\/wp-content\/uploads\/2023\/03\/9970630100-32.jpg","type":"image\/jpeg"}],"twitter_card":"summary_large_image","twitter_misc":{"Dur\u00e9e de lecture estim\u00e9e":"1 minute"},"schema":{"@context":"https:\/\/schema.org","@graph":[{"@type":"WebPage","@id":"https:\/\/shop.bantam.ch\/fr\/produit\/auvent-de-caravane-rolli-plus-modul-profondeur-250-cm-noir-blanc\/","url":"https:\/\/shop.bantam.ch\/fr\/produit\/auvent-de-caravane-rolli-plus-modul-profondeur-250-cm-noir-blanc\/","name":"Auvent de caravane Rolli Plus Modul, profondeur 250 cm, noir \/ blanc - Bantam Wankm\u00fcller SA","isPartOf":{"@id":"https:\/\/shop.bantam.ch\/fr\/#website"},"primaryImageOfPage":{"@id":"https:\/\/shop.bantam.ch\/fr\/produit\/auvent-de-caravane-rolli-plus-modul-profondeur-250-cm-noir-blanc\/#primaryimage"},"image":{"@id":"https:\/\/shop.bantam.ch\/fr\/produit\/auvent-de-caravane-rolli-plus-modul-profondeur-250-cm-noir-blanc\/#primaryimage"},"thumbnailUrl":"https:\/\/shop.bantam.ch\/wp-content\/uploads\/2023\/03\/9970630100-32.jpg","datePublished":"2023-03-22T15:47:11+00:00","dateModified":"2026-04-18T21:49:20+00:00","breadcrumb":{"@id":"https:\/\/shop.bantam.ch\/fr\/produit\/auvent-de-caravane-rolli-plus-modul-profondeur-250-cm-noir-blanc\/#breadcrumb"},"inLanguage":"fr-FR","potentialAction":[{"@type":"ReadAction","target":["https:\/\/shop.bantam.ch\/fr\/produit\/auvent-de-caravane-rolli-plus-modul-profondeur-250-cm-noir-blanc\/"]}]},{"@type":"ImageObject","inLanguage":"fr-FR","@id":"https:\/\/shop.bantam.ch\/fr\/produit\/auvent-de-caravane-rolli-plus-modul-profondeur-250-cm-noir-blanc\/#primaryimage","url":"https:\/\/shop.bantam.ch\/wp-content\/uploads\/2023\/03\/9970630100-32.jpg","contentUrl":"https:\/\/shop.bantam.ch\/wp-content\/uploads\/2023\/03\/9970630100-32.jpg","width":1000,"height":733},{"@type":"BreadcrumbList","@id":"https:\/\/shop.bantam.ch\/fr\/produit\/auvent-de-caravane-rolli-plus-modul-profondeur-250-cm-noir-blanc\/#breadcrumb","itemListElement":[{"@type":"ListItem","position":1,"name":"Accueil","item":"https:\/\/shop.bantam.ch\/fr\/"},{"@type":"ListItem","position":2,"name":"Boutique","item":"https:\/\/shop.bantam.ch\/fr\/boutique\/"},{"@type":"ListItem","position":3,"name":"Auvent de caravane Rolli Plus Modul, profondeur 250 cm, noir \/ blanc"}]},{"@type":"WebSite","@id":"https:\/\/shop.bantam.ch\/fr\/#website","url":"https:\/\/shop.bantam.ch\/fr\/","name":"Bantam Wankm\u00fcller SA","description":"","publisher":{"@id":"https:\/\/shop.bantam.ch\/fr\/#organization"},"inLanguage":"fr-FR"},{"@type":"Organization","@id":"https:\/\/shop.bantam.ch\/fr\/#organization","name":"Bantam Wankm\u00fcller SA","url":"https:\/\/shop.bantam.ch\/fr\/","logo":{"@type":"ImageObject","inLanguage":"fr-FR","@id":"https:\/\/shop.bantam.ch\/fr\/#\/schema\/logo\/image\/","url":"https:\/\/shop.bantam.ch\/wp-content\/uploads\/2022\/12\/bantam-logo.png","contentUrl":"https:\/\/shop.bantam.ch\/wp-content\/uploads\/2022\/12\/bantam-logo.png","width":320,"height":71,"caption":"Bantam Wankm\u00fcller SA"},"image":{"@id":"https:\/\/shop.bantam.ch\/fr\/#\/schema\/logo\/image\/"}}]}},"_links":{"self":[{"href":"https:\/\/shop.bantam.ch\/fr\/wp-json\/wp\/v2\/product\/156655","targetHints":{"allow":["GET"]}}],"collection":[{"href":"https:\/\/shop.bantam.ch\/fr\/wp-json\/wp\/v2\/product"}],"about":[{"href":"https:\/\/shop.bantam.ch\/fr\/wp-json\/wp\/v2\/types\/product"}],"wp:featuredmedia":[{"embeddable":true,"href":"https:\/\/shop.bantam.ch\/fr\/wp-json\/wp\/v2\/media\/156651"}],"wp:attachment":[{"href":"https:\/\/shop.bantam.ch\/fr\/wp-json\/wp\/v2\/media?parent=156655"}],"wp:term":[{"taxonomy":"product_featured_cat","embeddable":true,"href":"https:\/\/shop.bantam.ch\/fr\/wp-json\/wp\/v2\/product_featured_cat?post=156655"},{"taxonomy":"product_brand","embeddable":true,"href":"https:\/\/shop.bantam.ch\/fr\/wp-json\/wp\/v2\/product_brand?post=156655"},{"taxonomy":"product_cat","embeddable":true,"href":"https:\/\/shop.bantam.ch\/fr\/wp-json\/wp\/v2\/product_cat?post=156655"},{"taxonomy":"product_tag","embeddable":true,"href":"https:\/\/shop.bantam.ch\/fr\/wp-json\/wp\/v2\/product_tag?post=156655"}],"curies":[{"name":"wp","href":"https:\/\/api.w.org\/{rel}","templated":true}]}}