{"id":156153,"date":"2023-03-22T16:36:09","date_gmt":"2023-03-22T15:36:09","guid":{"rendered":"https:\/\/shop.bantam.ch\/produit\/auvent-de-caravane-rolli-plus-lounge-profondeur-250-cm\/"},"modified":"2026-04-18T23:37:39","modified_gmt":"2026-04-18T21:37:39","slug":"auvent-de-caravane-rolli-plus-lounge-profondeur-250-cm","status":"publish","type":"product","link":"https:\/\/shop.bantam.ch\/fr\/produit\/auvent-de-caravane-rolli-plus-lounge-profondeur-250-cm\/","title":{"rendered":"Auvent de caravane Rolli Plus Lounge, profondeur 250 cm"},"content":{"rendered":"<p>Notre tente \u00e0 auvent Rolli Plus Lounge haut de gamme fera le plaisir de tous les campeurs qui ne souhaitent faire aucune concession en terme de confort.<\/p>\n<p>Caract\u00e9ristiques et fonctions :<\/p>\n<ul>\n<li>Grande stabilit\u00e9 des couleurs<\/li>\n<li>Mati\u00e8re respirante<\/li>\n<li>Dur\u00e9e de vie 10 fois plus longue comparativement aux tissus classiques<\/li>\n<li>Rev\u00eatement hydrofuge<\/li>\n<li>Double jupe<\/li>\n<li>Fermetures \u00e0 glissi\u00e8re couvertes<\/li>\n<li>Solette de s\u00e9rie<\/li>\n<li>Toutes les fen\u00eatres sont compos\u00e9es d\u2019un film teint\u00e9<\/li>\n<li>Montage facile et rapide<\/li>\n<li>En option avec toit en PVC<\/li>\n<li>Coin Vario pour compenser les inclinaisons<\/li>\n<li>Paroi avant et lat\u00e9rale rabattable pour espace v\u00e9randa<\/li>\n<li>Film teint\u00e9<\/li>\n<li>Montage facile et rapide<\/li>\n<li>Poids faible<\/li>\n<li>Fen\u00eatre d\u2019a\u00e9ration Air-Vent sur la paroi avant \u00e0pd de la taille 7<\/li>\n<\/ul>\n<p>Mat\u00e9riau\u00a0:<br \/>Toit : 100 % polyester (avec rev\u00eatement sur une face)<br \/>Paroi : 100 % acrylique (Dolan)<br \/>Bavette : 100 % Polyester (avec rev\u00eatement PVC sur deux faces)<\/p>\n<p>Contenu de la livraison :<br \/>Toit inclus avec profil aluminium <br \/>Armature de toit et piquets en aluminium avec Power-Grip<br \/>Fa\u00e7ade et parois lat\u00e9rales<br \/>Prot\u00e8ge-roue et pare-vent<br \/>Mat\u00e9riaux de haubanage<br \/>Notice de montage<\/p>\n","protected":false},"excerpt":{"rendered":"<p>Notre tente \u00e0 auvent Rolli Plus Lounge haut de gamme fera le plaisir de tous les campeurs qui ne souhaitent faire aucune concession en terme de confort. Caract\u00e9ristiques et fonctions : Grande stabilit\u00e9 des couleurs Mati\u00e8re respirante Dur\u00e9e de vie 10 fois plus longue comparativement aux tissus classiques Rev\u00eatement hydrofuge Double jupe Fermetures \u00e0 glissi\u00e8re [&hellip;]<\/p>\n","protected":false},"featured_media":156151,"template":"","meta":{"_acf_changed":false},"product_featured_cat":[],"product_brand":[3042],"product_cat":[4223],"product_tag":[],"class_list":{"0":"post-156153","1":"product","2":"type-product","3":"status-publish","4":"has-post-thumbnail","6":"product_brand-wigo","7":"product_cat-stores-et-auvents","9":"first","10":"instock","11":"taxable","12":"shipping-taxable","13":"purchasable","14":"product-type-variable"},"acf":[],"yoast_head":"<!-- This site is optimized with the Yoast SEO plugin v27.4 - https:\/\/yoast.com\/product\/yoast-seo-wordpress\/ -->\n<title>Auvent de caravane Rolli Plus Lounge, profondeur 250 cm - Bantam Wankm\u00fcller SA<\/title>\n<meta name=\"robots\" content=\"index, follow, max-snippet:-1, max-image-preview:large, max-video-preview:-1\" \/>\n<link rel=\"canonical\" href=\"https:\/\/shop.bantam.ch\/fr\/produit\/auvent-de-caravane-rolli-plus-lounge-profondeur-250-cm\/\" \/>\n<meta property=\"og:locale\" content=\"fr_FR\" \/>\n<meta property=\"og:type\" content=\"article\" \/>\n<meta property=\"og:title\" content=\"Auvent de caravane Rolli Plus Lounge, profondeur 250 cm - Bantam Wankm\u00fcller SA\" \/>\n<meta property=\"og:description\" content=\"Notre tente \u00e0 auvent Rolli Plus Lounge haut de gamme fera le plaisir de tous les campeurs qui ne souhaitent faire aucune concession en terme de confort. Caract\u00e9ristiques et fonctions : Grande stabilit\u00e9 des couleurs Mati\u00e8re respirante Dur\u00e9e de vie 10 fois plus longue comparativement aux tissus classiques Rev\u00eatement hydrofuge Double jupe Fermetures \u00e0 glissi\u00e8re [&hellip;]\" \/>\n<meta property=\"og:url\" content=\"https:\/\/shop.bantam.ch\/fr\/produit\/auvent-de-caravane-rolli-plus-lounge-profondeur-250-cm\/\" \/>\n<meta property=\"og:site_name\" content=\"Bantam Wankm\u00fcller SA\" \/>\n<meta property=\"article:modified_time\" content=\"2026-04-18T21:37:39+00:00\" \/>\n<meta property=\"og:image\" content=\"https:\/\/shop.bantam.ch\/wp-content\/uploads\/2023\/03\/996140111.jpg\" \/>\n\t<meta property=\"og:image:width\" content=\"1024\" \/>\n\t<meta property=\"og:image:height\" content=\"683\" \/>\n\t<meta property=\"og:image:type\" content=\"image\/jpeg\" \/>\n<meta name=\"twitter:card\" content=\"summary_large_image\" \/>\n<meta name=\"twitter:label1\" content=\"Dur\u00e9e de lecture estim\u00e9e\" \/>\n\t<meta name=\"twitter:data1\" content=\"1 minute\" \/>\n<script type=\"application\/ld+json\" class=\"yoast-schema-graph\">{\"@context\":\"https:\\\/\\\/schema.org\",\"@graph\":[{\"@type\":\"WebPage\",\"@id\":\"https:\\\/\\\/shop.bantam.ch\\\/fr\\\/produit\\\/auvent-de-caravane-rolli-plus-lounge-profondeur-250-cm\\\/\",\"url\":\"https:\\\/\\\/shop.bantam.ch\\\/fr\\\/produit\\\/auvent-de-caravane-rolli-plus-lounge-profondeur-250-cm\\\/\",\"name\":\"Auvent de caravane Rolli Plus Lounge, profondeur 250 cm - Bantam Wankm\u00fcller SA\",\"isPartOf\":{\"@id\":\"https:\\\/\\\/shop.bantam.ch\\\/fr\\\/#website\"},\"primaryImageOfPage\":{\"@id\":\"https:\\\/\\\/shop.bantam.ch\\\/fr\\\/produit\\\/auvent-de-caravane-rolli-plus-lounge-profondeur-250-cm\\\/#primaryimage\"},\"image\":{\"@id\":\"https:\\\/\\\/shop.bantam.ch\\\/fr\\\/produit\\\/auvent-de-caravane-rolli-plus-lounge-profondeur-250-cm\\\/#primaryimage\"},\"thumbnailUrl\":\"https:\\\/\\\/shop.bantam.ch\\\/wp-content\\\/uploads\\\/2023\\\/03\\\/996140111.jpg\",\"datePublished\":\"2023-03-22T15:36:09+00:00\",\"dateModified\":\"2026-04-18T21:37:39+00:00\",\"breadcrumb\":{\"@id\":\"https:\\\/\\\/shop.bantam.ch\\\/fr\\\/produit\\\/auvent-de-caravane-rolli-plus-lounge-profondeur-250-cm\\\/#breadcrumb\"},\"inLanguage\":\"fr-FR\",\"potentialAction\":[{\"@type\":\"ReadAction\",\"target\":[\"https:\\\/\\\/shop.bantam.ch\\\/fr\\\/produit\\\/auvent-de-caravane-rolli-plus-lounge-profondeur-250-cm\\\/\"]}]},{\"@type\":\"ImageObject\",\"inLanguage\":\"fr-FR\",\"@id\":\"https:\\\/\\\/shop.bantam.ch\\\/fr\\\/produit\\\/auvent-de-caravane-rolli-plus-lounge-profondeur-250-cm\\\/#primaryimage\",\"url\":\"https:\\\/\\\/shop.bantam.ch\\\/wp-content\\\/uploads\\\/2023\\\/03\\\/996140111.jpg\",\"contentUrl\":\"https:\\\/\\\/shop.bantam.ch\\\/wp-content\\\/uploads\\\/2023\\\/03\\\/996140111.jpg\",\"width\":2048,\"height\":1365},{\"@type\":\"BreadcrumbList\",\"@id\":\"https:\\\/\\\/shop.bantam.ch\\\/fr\\\/produit\\\/auvent-de-caravane-rolli-plus-lounge-profondeur-250-cm\\\/#breadcrumb\",\"itemListElement\":[{\"@type\":\"ListItem\",\"position\":1,\"name\":\"Accueil\",\"item\":\"https:\\\/\\\/shop.bantam.ch\\\/fr\\\/\"},{\"@type\":\"ListItem\",\"position\":2,\"name\":\"Boutique\",\"item\":\"https:\\\/\\\/shop.bantam.ch\\\/fr\\\/boutique\\\/\"},{\"@type\":\"ListItem\",\"position\":3,\"name\":\"Auvent de caravane Rolli Plus Lounge, profondeur 250 cm\"}]},{\"@type\":\"WebSite\",\"@id\":\"https:\\\/\\\/shop.bantam.ch\\\/fr\\\/#website\",\"url\":\"https:\\\/\\\/shop.bantam.ch\\\/fr\\\/\",\"name\":\"Bantam Wankm\u00fcller SA\",\"description\":\"\",\"publisher\":{\"@id\":\"https:\\\/\\\/shop.bantam.ch\\\/fr\\\/#organization\"},\"inLanguage\":\"fr-FR\"},{\"@type\":\"Organization\",\"@id\":\"https:\\\/\\\/shop.bantam.ch\\\/fr\\\/#organization\",\"name\":\"Bantam Wankm\u00fcller SA\",\"url\":\"https:\\\/\\\/shop.bantam.ch\\\/fr\\\/\",\"logo\":{\"@type\":\"ImageObject\",\"inLanguage\":\"fr-FR\",\"@id\":\"https:\\\/\\\/shop.bantam.ch\\\/fr\\\/#\\\/schema\\\/logo\\\/image\\\/\",\"url\":\"https:\\\/\\\/shop.bantam.ch\\\/wp-content\\\/uploads\\\/2022\\\/12\\\/bantam-logo.png\",\"contentUrl\":\"https:\\\/\\\/shop.bantam.ch\\\/wp-content\\\/uploads\\\/2022\\\/12\\\/bantam-logo.png\",\"width\":320,\"height\":71,\"caption\":\"Bantam Wankm\u00fcller SA\"},\"image\":{\"@id\":\"https:\\\/\\\/shop.bantam.ch\\\/fr\\\/#\\\/schema\\\/logo\\\/image\\\/\"}}]}<\/script>\n<!-- \/ Yoast SEO plugin. -->","yoast_head_json":{"title":"Auvent de caravane Rolli Plus Lounge, profondeur 250 cm - Bantam Wankm\u00fcller SA","robots":{"index":"index","follow":"follow","max-snippet":"max-snippet:-1","max-image-preview":"max-image-preview:large","max-video-preview":"max-video-preview:-1"},"canonical":"https:\/\/shop.bantam.ch\/fr\/produit\/auvent-de-caravane-rolli-plus-lounge-profondeur-250-cm\/","og_locale":"fr_FR","og_type":"article","og_title":"Auvent de caravane Rolli Plus Lounge, profondeur 250 cm - Bantam Wankm\u00fcller SA","og_description":"Notre tente \u00e0 auvent Rolli Plus Lounge haut de gamme fera le plaisir de tous les campeurs qui ne souhaitent faire aucune concession en terme de confort. Caract\u00e9ristiques et fonctions : Grande stabilit\u00e9 des couleurs Mati\u00e8re respirante Dur\u00e9e de vie 10 fois plus longue comparativement aux tissus classiques Rev\u00eatement hydrofuge Double jupe Fermetures \u00e0 glissi\u00e8re [&hellip;]","og_url":"https:\/\/shop.bantam.ch\/fr\/produit\/auvent-de-caravane-rolli-plus-lounge-profondeur-250-cm\/","og_site_name":"Bantam Wankm\u00fcller SA","article_modified_time":"2026-04-18T21:37:39+00:00","og_image":[{"url":"https:\/\/shop.bantam.ch\/wp-content\/uploads\/2023\/03\/996140111.jpg","width":1024,"height":683,"type":"image\/jpeg"}],"twitter_card":"summary_large_image","twitter_misc":{"Dur\u00e9e de lecture estim\u00e9e":"1 minute"},"schema":{"@context":"https:\/\/schema.org","@graph":[{"@type":"WebPage","@id":"https:\/\/shop.bantam.ch\/fr\/produit\/auvent-de-caravane-rolli-plus-lounge-profondeur-250-cm\/","url":"https:\/\/shop.bantam.ch\/fr\/produit\/auvent-de-caravane-rolli-plus-lounge-profondeur-250-cm\/","name":"Auvent de caravane Rolli Plus Lounge, profondeur 250 cm - Bantam Wankm\u00fcller SA","isPartOf":{"@id":"https:\/\/shop.bantam.ch\/fr\/#website"},"primaryImageOfPage":{"@id":"https:\/\/shop.bantam.ch\/fr\/produit\/auvent-de-caravane-rolli-plus-lounge-profondeur-250-cm\/#primaryimage"},"image":{"@id":"https:\/\/shop.bantam.ch\/fr\/produit\/auvent-de-caravane-rolli-plus-lounge-profondeur-250-cm\/#primaryimage"},"thumbnailUrl":"https:\/\/shop.bantam.ch\/wp-content\/uploads\/2023\/03\/996140111.jpg","datePublished":"2023-03-22T15:36:09+00:00","dateModified":"2026-04-18T21:37:39+00:00","breadcrumb":{"@id":"https:\/\/shop.bantam.ch\/fr\/produit\/auvent-de-caravane-rolli-plus-lounge-profondeur-250-cm\/#breadcrumb"},"inLanguage":"fr-FR","potentialAction":[{"@type":"ReadAction","target":["https:\/\/shop.bantam.ch\/fr\/produit\/auvent-de-caravane-rolli-plus-lounge-profondeur-250-cm\/"]}]},{"@type":"ImageObject","inLanguage":"fr-FR","@id":"https:\/\/shop.bantam.ch\/fr\/produit\/auvent-de-caravane-rolli-plus-lounge-profondeur-250-cm\/#primaryimage","url":"https:\/\/shop.bantam.ch\/wp-content\/uploads\/2023\/03\/996140111.jpg","contentUrl":"https:\/\/shop.bantam.ch\/wp-content\/uploads\/2023\/03\/996140111.jpg","width":2048,"height":1365},{"@type":"BreadcrumbList","@id":"https:\/\/shop.bantam.ch\/fr\/produit\/auvent-de-caravane-rolli-plus-lounge-profondeur-250-cm\/#breadcrumb","itemListElement":[{"@type":"ListItem","position":1,"name":"Accueil","item":"https:\/\/shop.bantam.ch\/fr\/"},{"@type":"ListItem","position":2,"name":"Boutique","item":"https:\/\/shop.bantam.ch\/fr\/boutique\/"},{"@type":"ListItem","position":3,"name":"Auvent de caravane Rolli Plus Lounge, profondeur 250 cm"}]},{"@type":"WebSite","@id":"https:\/\/shop.bantam.ch\/fr\/#website","url":"https:\/\/shop.bantam.ch\/fr\/","name":"Bantam Wankm\u00fcller SA","description":"","publisher":{"@id":"https:\/\/shop.bantam.ch\/fr\/#organization"},"inLanguage":"fr-FR"},{"@type":"Organization","@id":"https:\/\/shop.bantam.ch\/fr\/#organization","name":"Bantam Wankm\u00fcller SA","url":"https:\/\/shop.bantam.ch\/fr\/","logo":{"@type":"ImageObject","inLanguage":"fr-FR","@id":"https:\/\/shop.bantam.ch\/fr\/#\/schema\/logo\/image\/","url":"https:\/\/shop.bantam.ch\/wp-content\/uploads\/2022\/12\/bantam-logo.png","contentUrl":"https:\/\/shop.bantam.ch\/wp-content\/uploads\/2022\/12\/bantam-logo.png","width":320,"height":71,"caption":"Bantam Wankm\u00fcller SA"},"image":{"@id":"https:\/\/shop.bantam.ch\/fr\/#\/schema\/logo\/image\/"}}]}},"_links":{"self":[{"href":"https:\/\/shop.bantam.ch\/fr\/wp-json\/wp\/v2\/product\/156153","targetHints":{"allow":["GET"]}}],"collection":[{"href":"https:\/\/shop.bantam.ch\/fr\/wp-json\/wp\/v2\/product"}],"about":[{"href":"https:\/\/shop.bantam.ch\/fr\/wp-json\/wp\/v2\/types\/product"}],"wp:featuredmedia":[{"embeddable":true,"href":"https:\/\/shop.bantam.ch\/fr\/wp-json\/wp\/v2\/media\/156151"}],"wp:attachment":[{"href":"https:\/\/shop.bantam.ch\/fr\/wp-json\/wp\/v2\/media?parent=156153"}],"wp:term":[{"taxonomy":"product_featured_cat","embeddable":true,"href":"https:\/\/shop.bantam.ch\/fr\/wp-json\/wp\/v2\/product_featured_cat?post=156153"},{"taxonomy":"product_brand","embeddable":true,"href":"https:\/\/shop.bantam.ch\/fr\/wp-json\/wp\/v2\/product_brand?post=156153"},{"taxonomy":"product_cat","embeddable":true,"href":"https:\/\/shop.bantam.ch\/fr\/wp-json\/wp\/v2\/product_cat?post=156153"},{"taxonomy":"product_tag","embeddable":true,"href":"https:\/\/shop.bantam.ch\/fr\/wp-json\/wp\/v2\/product_tag?post=156153"}],"curies":[{"name":"wp","href":"https:\/\/api.w.org\/{rel}","templated":true}]}}