{"id":155887,"date":"2023-03-22T16:30:10","date_gmt":"2023-03-22T15:30:10","guid":{"rendered":"https:\/\/shop.bantam.ch\/produit\/auvent-de-caravane-rolli-plus-modul-element-de-base\/"},"modified":"2026-04-18T23:28:41","modified_gmt":"2026-04-18T21:28:41","slug":"auvent-de-caravane-rolli-plus-modul-element-de-base","status":"publish","type":"product","link":"https:\/\/shop.bantam.ch\/fr\/produit\/auvent-de-caravane-rolli-plus-modul-element-de-base\/","title":{"rendered":"Auvent de caravane Rolli Plus MODUL El\u00e9ment de base,"},"content":{"rendered":"<p>\u00c9rigez votre syst\u00e8me Rolli modulaire en commen\u00e7ant par l\u2019\u00e9l\u00e9ment de store le plus important et tr\u00e8s classique\u00a0: le toit. Pluie, soleil ou marrons\u00a0: c\u2019est plus confortable de rester sous la protection d\u2019un toit pour se d\u00e9tendre sur un si\u00e8ge, dormir ou camper.<\/p>\n<p>Caract\u00e9ristiques et fonctions :<\/p>\n<p>\u2022 Peut \u00eatre command\u00e9 en tant que construction modulaire dans les variantes suivantes (store seul, store avec parois lat\u00e9rales, store avec parties lat\u00e9rales et paroi avant)<br \/>\u2022 Parois avant amovibles, rabattables et \u00e9changeables<br \/>\u2022 Parois lat\u00e9rales amovibles; rabattables et \u00e9changeables<br \/>\u2022 Fermetures \u00e0 glissi\u00e8re couvertes<br \/>\u2022 Options d&rsquo;entr\u00e9e variables<br \/>\u2022 Fonction panoramique possible gr\u00e2ce \u00e0 une simple transformation (moyennant suppl\u00e9ment)<br \/>\u2022 Fen\u00eatre d\u2019a\u00e9ration sur chaque paroi lat\u00e9rale<br \/>\u2022 Une fen\u00eatre Air Vent dans chaque paroi frontale (option possible avec une gaze de ventilation \u00e0 partir de la taille 7)<br \/>\u2022 Film fen\u00eatres teint\u00e9<br \/>\u2022 En option avec toit en PVC<br \/>\u2022 Sangles d\u2019arrimage anti-temp\u00eate en triangle \u00e0 l\u2019ext\u00e9rieur, en dessous des fen\u00eatres<br \/>\u2022 Double jupe<br \/>\u2022 Possibilit\u00e9 de montage par fermeture \u00e9clair (possible des deux c\u00f4t\u00e9s)<br \/>\u2022 Coin Vario pour compenser les inclinaisons<br \/>\u2022 Prot\u00e8ge-roue et pare-vent (enjoliveur droit)<br \/>\u2022 Montage facile et rapide<\/p>\n<p>Mat\u00e9riau\u00a0:<br \/>toile : 65\u00a0% polyester, 35\u00a0% vinylal<br \/>Armature : aluminium<\/p>\n","protected":false},"excerpt":{"rendered":"<p>\u00c9rigez votre syst\u00e8me Rolli modulaire en commen\u00e7ant par l\u2019\u00e9l\u00e9ment de store le plus important et tr\u00e8s classique\u00a0: le toit. Pluie, soleil ou marrons\u00a0: c\u2019est plus confortable de rester sous la protection d\u2019un toit pour se d\u00e9tendre sur un si\u00e8ge, dormir ou camper. Caract\u00e9ristiques et fonctions : \u2022 Peut \u00eatre command\u00e9 en tant que construction modulaire [&hellip;]<\/p>\n","protected":false},"featured_media":155885,"template":"","meta":{"_acf_changed":false},"product_featured_cat":[],"product_brand":[3042],"product_cat":[4223],"product_tag":[],"class_list":{"0":"post-155887","1":"product","2":"type-product","3":"status-publish","4":"has-post-thumbnail","6":"product_brand-wigo","7":"product_cat-stores-et-auvents","9":"first","10":"instock","11":"taxable","12":"shipping-taxable","13":"purchasable","14":"product-type-variable"},"acf":[],"yoast_head":"<!-- This site is optimized with the Yoast SEO plugin v27.4 - https:\/\/yoast.com\/product\/yoast-seo-wordpress\/ -->\n<title>Auvent de caravane Rolli Plus MODUL El\u00e9ment de base, - Bantam Wankm\u00fcller SA<\/title>\n<meta name=\"robots\" content=\"index, follow, max-snippet:-1, max-image-preview:large, max-video-preview:-1\" \/>\n<link rel=\"canonical\" href=\"https:\/\/shop.bantam.ch\/fr\/produit\/auvent-de-caravane-rolli-plus-modul-element-de-base\/\" \/>\n<meta property=\"og:locale\" content=\"fr_FR\" \/>\n<meta property=\"og:type\" content=\"article\" \/>\n<meta property=\"og:title\" content=\"Auvent de caravane Rolli Plus MODUL El\u00e9ment de base, - Bantam Wankm\u00fcller SA\" \/>\n<meta property=\"og:description\" content=\"\u00c9rigez votre syst\u00e8me Rolli modulaire en commen\u00e7ant par l\u2019\u00e9l\u00e9ment de store le plus important et tr\u00e8s classique\u00a0: le toit. Pluie, soleil ou marrons\u00a0: c\u2019est plus confortable de rester sous la protection d\u2019un toit pour se d\u00e9tendre sur un si\u00e8ge, dormir ou camper. Caract\u00e9ristiques et fonctions : \u2022 Peut \u00eatre command\u00e9 en tant que construction modulaire [&hellip;]\" \/>\n<meta property=\"og:url\" content=\"https:\/\/shop.bantam.ch\/fr\/produit\/auvent-de-caravane-rolli-plus-modul-element-de-base\/\" \/>\n<meta property=\"og:site_name\" content=\"Bantam Wankm\u00fcller SA\" \/>\n<meta property=\"article:modified_time\" content=\"2026-04-18T21:28:41+00:00\" \/>\n<meta property=\"og:image\" content=\"https:\/\/shop.bantam.ch\/wp-content\/uploads\/2023\/03\/995819711.jpg\" \/>\n\t<meta property=\"og:image:width\" content=\"1000\" \/>\n\t<meta property=\"og:image:height\" content=\"733\" \/>\n\t<meta property=\"og:image:type\" content=\"image\/jpeg\" \/>\n<meta name=\"twitter:card\" content=\"summary_large_image\" \/>\n<meta name=\"twitter:label1\" content=\"Dur\u00e9e de lecture estim\u00e9e\" \/>\n\t<meta name=\"twitter:data1\" content=\"1 minute\" \/>\n<script type=\"application\/ld+json\" class=\"yoast-schema-graph\">{\"@context\":\"https:\\\/\\\/schema.org\",\"@graph\":[{\"@type\":\"WebPage\",\"@id\":\"https:\\\/\\\/shop.bantam.ch\\\/fr\\\/produit\\\/auvent-de-caravane-rolli-plus-modul-element-de-base\\\/\",\"url\":\"https:\\\/\\\/shop.bantam.ch\\\/fr\\\/produit\\\/auvent-de-caravane-rolli-plus-modul-element-de-base\\\/\",\"name\":\"Auvent de caravane Rolli Plus MODUL El\u00e9ment de base, - Bantam Wankm\u00fcller SA\",\"isPartOf\":{\"@id\":\"https:\\\/\\\/shop.bantam.ch\\\/fr\\\/#website\"},\"primaryImageOfPage\":{\"@id\":\"https:\\\/\\\/shop.bantam.ch\\\/fr\\\/produit\\\/auvent-de-caravane-rolli-plus-modul-element-de-base\\\/#primaryimage\"},\"image\":{\"@id\":\"https:\\\/\\\/shop.bantam.ch\\\/fr\\\/produit\\\/auvent-de-caravane-rolli-plus-modul-element-de-base\\\/#primaryimage\"},\"thumbnailUrl\":\"https:\\\/\\\/shop.bantam.ch\\\/wp-content\\\/uploads\\\/2023\\\/03\\\/995819711.jpg\",\"datePublished\":\"2023-03-22T15:30:10+00:00\",\"dateModified\":\"2026-04-18T21:28:41+00:00\",\"breadcrumb\":{\"@id\":\"https:\\\/\\\/shop.bantam.ch\\\/fr\\\/produit\\\/auvent-de-caravane-rolli-plus-modul-element-de-base\\\/#breadcrumb\"},\"inLanguage\":\"fr-FR\",\"potentialAction\":[{\"@type\":\"ReadAction\",\"target\":[\"https:\\\/\\\/shop.bantam.ch\\\/fr\\\/produit\\\/auvent-de-caravane-rolli-plus-modul-element-de-base\\\/\"]}]},{\"@type\":\"ImageObject\",\"inLanguage\":\"fr-FR\",\"@id\":\"https:\\\/\\\/shop.bantam.ch\\\/fr\\\/produit\\\/auvent-de-caravane-rolli-plus-modul-element-de-base\\\/#primaryimage\",\"url\":\"https:\\\/\\\/shop.bantam.ch\\\/wp-content\\\/uploads\\\/2023\\\/03\\\/995819711.jpg\",\"contentUrl\":\"https:\\\/\\\/shop.bantam.ch\\\/wp-content\\\/uploads\\\/2023\\\/03\\\/995819711.jpg\",\"width\":1000,\"height\":733},{\"@type\":\"BreadcrumbList\",\"@id\":\"https:\\\/\\\/shop.bantam.ch\\\/fr\\\/produit\\\/auvent-de-caravane-rolli-plus-modul-element-de-base\\\/#breadcrumb\",\"itemListElement\":[{\"@type\":\"ListItem\",\"position\":1,\"name\":\"Accueil\",\"item\":\"https:\\\/\\\/shop.bantam.ch\\\/fr\\\/\"},{\"@type\":\"ListItem\",\"position\":2,\"name\":\"Boutique\",\"item\":\"https:\\\/\\\/shop.bantam.ch\\\/fr\\\/boutique\\\/\"},{\"@type\":\"ListItem\",\"position\":3,\"name\":\"Auvent de caravane Rolli Plus MODUL El\u00e9ment de base,\"}]},{\"@type\":\"WebSite\",\"@id\":\"https:\\\/\\\/shop.bantam.ch\\\/fr\\\/#website\",\"url\":\"https:\\\/\\\/shop.bantam.ch\\\/fr\\\/\",\"name\":\"Bantam Wankm\u00fcller SA\",\"description\":\"\",\"publisher\":{\"@id\":\"https:\\\/\\\/shop.bantam.ch\\\/fr\\\/#organization\"},\"inLanguage\":\"fr-FR\"},{\"@type\":\"Organization\",\"@id\":\"https:\\\/\\\/shop.bantam.ch\\\/fr\\\/#organization\",\"name\":\"Bantam Wankm\u00fcller SA\",\"url\":\"https:\\\/\\\/shop.bantam.ch\\\/fr\\\/\",\"logo\":{\"@type\":\"ImageObject\",\"inLanguage\":\"fr-FR\",\"@id\":\"https:\\\/\\\/shop.bantam.ch\\\/fr\\\/#\\\/schema\\\/logo\\\/image\\\/\",\"url\":\"https:\\\/\\\/shop.bantam.ch\\\/wp-content\\\/uploads\\\/2022\\\/12\\\/bantam-logo.png\",\"contentUrl\":\"https:\\\/\\\/shop.bantam.ch\\\/wp-content\\\/uploads\\\/2022\\\/12\\\/bantam-logo.png\",\"width\":320,\"height\":71,\"caption\":\"Bantam Wankm\u00fcller SA\"},\"image\":{\"@id\":\"https:\\\/\\\/shop.bantam.ch\\\/fr\\\/#\\\/schema\\\/logo\\\/image\\\/\"}}]}<\/script>\n<!-- \/ Yoast SEO plugin. -->","yoast_head_json":{"title":"Auvent de caravane Rolli Plus MODUL El\u00e9ment de base, - Bantam Wankm\u00fcller SA","robots":{"index":"index","follow":"follow","max-snippet":"max-snippet:-1","max-image-preview":"max-image-preview:large","max-video-preview":"max-video-preview:-1"},"canonical":"https:\/\/shop.bantam.ch\/fr\/produit\/auvent-de-caravane-rolli-plus-modul-element-de-base\/","og_locale":"fr_FR","og_type":"article","og_title":"Auvent de caravane Rolli Plus MODUL El\u00e9ment de base, - Bantam Wankm\u00fcller SA","og_description":"\u00c9rigez votre syst\u00e8me Rolli modulaire en commen\u00e7ant par l\u2019\u00e9l\u00e9ment de store le plus important et tr\u00e8s classique\u00a0: le toit. Pluie, soleil ou marrons\u00a0: c\u2019est plus confortable de rester sous la protection d\u2019un toit pour se d\u00e9tendre sur un si\u00e8ge, dormir ou camper. Caract\u00e9ristiques et fonctions : \u2022 Peut \u00eatre command\u00e9 en tant que construction modulaire [&hellip;]","og_url":"https:\/\/shop.bantam.ch\/fr\/produit\/auvent-de-caravane-rolli-plus-modul-element-de-base\/","og_site_name":"Bantam Wankm\u00fcller SA","article_modified_time":"2026-04-18T21:28:41+00:00","og_image":[{"width":1000,"height":733,"url":"https:\/\/shop.bantam.ch\/wp-content\/uploads\/2023\/03\/995819711.jpg","type":"image\/jpeg"}],"twitter_card":"summary_large_image","twitter_misc":{"Dur\u00e9e de lecture estim\u00e9e":"1 minute"},"schema":{"@context":"https:\/\/schema.org","@graph":[{"@type":"WebPage","@id":"https:\/\/shop.bantam.ch\/fr\/produit\/auvent-de-caravane-rolli-plus-modul-element-de-base\/","url":"https:\/\/shop.bantam.ch\/fr\/produit\/auvent-de-caravane-rolli-plus-modul-element-de-base\/","name":"Auvent de caravane Rolli Plus MODUL El\u00e9ment de base, - Bantam Wankm\u00fcller SA","isPartOf":{"@id":"https:\/\/shop.bantam.ch\/fr\/#website"},"primaryImageOfPage":{"@id":"https:\/\/shop.bantam.ch\/fr\/produit\/auvent-de-caravane-rolli-plus-modul-element-de-base\/#primaryimage"},"image":{"@id":"https:\/\/shop.bantam.ch\/fr\/produit\/auvent-de-caravane-rolli-plus-modul-element-de-base\/#primaryimage"},"thumbnailUrl":"https:\/\/shop.bantam.ch\/wp-content\/uploads\/2023\/03\/995819711.jpg","datePublished":"2023-03-22T15:30:10+00:00","dateModified":"2026-04-18T21:28:41+00:00","breadcrumb":{"@id":"https:\/\/shop.bantam.ch\/fr\/produit\/auvent-de-caravane-rolli-plus-modul-element-de-base\/#breadcrumb"},"inLanguage":"fr-FR","potentialAction":[{"@type":"ReadAction","target":["https:\/\/shop.bantam.ch\/fr\/produit\/auvent-de-caravane-rolli-plus-modul-element-de-base\/"]}]},{"@type":"ImageObject","inLanguage":"fr-FR","@id":"https:\/\/shop.bantam.ch\/fr\/produit\/auvent-de-caravane-rolli-plus-modul-element-de-base\/#primaryimage","url":"https:\/\/shop.bantam.ch\/wp-content\/uploads\/2023\/03\/995819711.jpg","contentUrl":"https:\/\/shop.bantam.ch\/wp-content\/uploads\/2023\/03\/995819711.jpg","width":1000,"height":733},{"@type":"BreadcrumbList","@id":"https:\/\/shop.bantam.ch\/fr\/produit\/auvent-de-caravane-rolli-plus-modul-element-de-base\/#breadcrumb","itemListElement":[{"@type":"ListItem","position":1,"name":"Accueil","item":"https:\/\/shop.bantam.ch\/fr\/"},{"@type":"ListItem","position":2,"name":"Boutique","item":"https:\/\/shop.bantam.ch\/fr\/boutique\/"},{"@type":"ListItem","position":3,"name":"Auvent de caravane Rolli Plus MODUL El\u00e9ment de base,"}]},{"@type":"WebSite","@id":"https:\/\/shop.bantam.ch\/fr\/#website","url":"https:\/\/shop.bantam.ch\/fr\/","name":"Bantam Wankm\u00fcller SA","description":"","publisher":{"@id":"https:\/\/shop.bantam.ch\/fr\/#organization"},"inLanguage":"fr-FR"},{"@type":"Organization","@id":"https:\/\/shop.bantam.ch\/fr\/#organization","name":"Bantam Wankm\u00fcller SA","url":"https:\/\/shop.bantam.ch\/fr\/","logo":{"@type":"ImageObject","inLanguage":"fr-FR","@id":"https:\/\/shop.bantam.ch\/fr\/#\/schema\/logo\/image\/","url":"https:\/\/shop.bantam.ch\/wp-content\/uploads\/2022\/12\/bantam-logo.png","contentUrl":"https:\/\/shop.bantam.ch\/wp-content\/uploads\/2022\/12\/bantam-logo.png","width":320,"height":71,"caption":"Bantam Wankm\u00fcller SA"},"image":{"@id":"https:\/\/shop.bantam.ch\/fr\/#\/schema\/logo\/image\/"}}]}},"_links":{"self":[{"href":"https:\/\/shop.bantam.ch\/fr\/wp-json\/wp\/v2\/product\/155887","targetHints":{"allow":["GET"]}}],"collection":[{"href":"https:\/\/shop.bantam.ch\/fr\/wp-json\/wp\/v2\/product"}],"about":[{"href":"https:\/\/shop.bantam.ch\/fr\/wp-json\/wp\/v2\/types\/product"}],"wp:featuredmedia":[{"embeddable":true,"href":"https:\/\/shop.bantam.ch\/fr\/wp-json\/wp\/v2\/media\/155885"}],"wp:attachment":[{"href":"https:\/\/shop.bantam.ch\/fr\/wp-json\/wp\/v2\/media?parent=155887"}],"wp:term":[{"taxonomy":"product_featured_cat","embeddable":true,"href":"https:\/\/shop.bantam.ch\/fr\/wp-json\/wp\/v2\/product_featured_cat?post=155887"},{"taxonomy":"product_brand","embeddable":true,"href":"https:\/\/shop.bantam.ch\/fr\/wp-json\/wp\/v2\/product_brand?post=155887"},{"taxonomy":"product_cat","embeddable":true,"href":"https:\/\/shop.bantam.ch\/fr\/wp-json\/wp\/v2\/product_cat?post=155887"},{"taxonomy":"product_tag","embeddable":true,"href":"https:\/\/shop.bantam.ch\/fr\/wp-json\/wp\/v2\/product_tag?post=155887"}],"curies":[{"name":"wp","href":"https:\/\/api.w.org\/{rel}","templated":true}]}}