{"id":155513,"date":"2023-03-22T16:22:29","date_gmt":"2023-03-22T15:22:29","guid":{"rendered":"https:\/\/shop.bantam.ch\/produit\/store-mural-omnistor-8000-avec-moteur-220-v-couleur-toile-mystic-grey\/"},"modified":"2026-04-17T23:16:24","modified_gmt":"2026-04-17T21:16:24","slug":"store-mural-omnistor-8000-avec-moteur-220-v-couleur-toile-mystic-grey","status":"publish","type":"product","link":"https:\/\/shop.bantam.ch\/fr\/produit\/store-mural-omnistor-8000-avec-moteur-220-v-couleur-toile-mystic-grey\/","title":{"rendered":"Store mural Omnistor 8000 avec moteur 220 V couleur toile mystic grey"},"content":{"rendered":"<ul>\n<li>avec moteur 220V int\u00e9gr\u00e9<\/li>\n<li>Extension jusqu&rsquo;\u00e0 2,75 m pour un espace priv\u00e9 plus grand et pour se prot\u00e9ger du soleil et de la pluie<\/li>\n<li>Avec syst\u00e8me Quick Lock pratique pour un montage et un r\u00e9glage faciles des pieds de support<\/li>\n<li>Syst\u00e8me d&rsquo;abaissement vertical permettant de d\u00e9plier les jambes sans endommager le v\u00e9hicule<\/li>\n<li>Les bras articul\u00e9s sont dot\u00e9s de bras tension int\u00e9gr\u00e9s qui assurent une tension optimale du tissu<\/li>\n<li>Les pieds d\u2019appui peuvent facilement \u00eatre log\u00e9s dans les supports sp\u00e9ciaux sur le mur<\/li>\n<li>Profil\u00e9 avant avec syst\u00e8me d&rsquo;\u00e9vacuation des eaux us\u00e9es et des d\u00e9chets pour un nettoyage facile<\/li>\n<li>Des pieds de support r\u00e9glables sont int\u00e9gr\u00e9s dans le profil\u00e9 frontal, ce qui offre un plus grand espace de travail et une plus grande stabilit\u00e9 d\u2019utilisation<\/li>\n<\/ul>\n<p>Mat\u00e9riau\u00a0:<br \/>Toile en PVC<br \/>Coffre aluminium<\/p>\n","protected":false},"excerpt":{"rendered":"<p>avec moteur 220V int\u00e9gr\u00e9 Extension jusqu&rsquo;\u00e0 2,75 m pour un espace priv\u00e9 plus grand et pour se prot\u00e9ger du soleil et de la pluie Avec syst\u00e8me Quick Lock pratique pour un montage et un r\u00e9glage faciles des pieds de support Syst\u00e8me d&rsquo;abaissement vertical permettant de d\u00e9plier les jambes sans endommager le v\u00e9hicule Les bras articul\u00e9s [&hellip;]<\/p>\n","protected":false},"featured_media":155509,"template":"","meta":{"_acf_changed":false},"product_featured_cat":[],"product_brand":[3046],"product_cat":[4213],"product_tag":[],"class_list":{"0":"post-155513","1":"product","2":"type-product","3":"status-publish","4":"has-post-thumbnail","6":"product_brand-thule","7":"product_cat-stores-a-cassette","9":"first","10":"instock","11":"taxable","12":"shipping-taxable","13":"purchasable","14":"product-type-variable"},"acf":[],"yoast_head":"<!-- This site is optimized with the Yoast SEO plugin v27.4 - https:\/\/yoast.com\/product\/yoast-seo-wordpress\/ -->\n<title>Store mural Omnistor 8000 avec moteur 220 V couleur toile mystic grey - Bantam Wankm\u00fcller SA<\/title>\n<meta name=\"robots\" content=\"index, follow, max-snippet:-1, max-image-preview:large, max-video-preview:-1\" \/>\n<link rel=\"canonical\" href=\"https:\/\/shop.bantam.ch\/fr\/produit\/store-mural-omnistor-8000-avec-moteur-220-v-couleur-toile-mystic-grey\/\" \/>\n<meta property=\"og:locale\" content=\"fr_FR\" \/>\n<meta property=\"og:type\" content=\"article\" \/>\n<meta property=\"og:title\" content=\"Store mural Omnistor 8000 avec moteur 220 V couleur toile mystic grey - Bantam Wankm\u00fcller SA\" \/>\n<meta property=\"og:description\" content=\"avec moteur 220V int\u00e9gr\u00e9 Extension jusqu&rsquo;\u00e0 2,75 m pour un espace priv\u00e9 plus grand et pour se prot\u00e9ger du soleil et de la pluie Avec syst\u00e8me Quick Lock pratique pour un montage et un r\u00e9glage faciles des pieds de support Syst\u00e8me d&rsquo;abaissement vertical permettant de d\u00e9plier les jambes sans endommager le v\u00e9hicule Les bras articul\u00e9s [&hellip;]\" \/>\n<meta property=\"og:url\" content=\"https:\/\/shop.bantam.ch\/fr\/produit\/store-mural-omnistor-8000-avec-moteur-220-v-couleur-toile-mystic-grey\/\" \/>\n<meta property=\"og:site_name\" content=\"Bantam Wankm\u00fcller SA\" \/>\n<meta property=\"article:modified_time\" content=\"2026-04-17T21:16:24+00:00\" \/>\n<meta property=\"og:image\" content=\"https:\/\/shop.bantam.ch\/wp-content\/uploads\/2023\/03\/995800412.jpg\" \/>\n\t<meta property=\"og:image:width\" content=\"1000\" \/>\n\t<meta property=\"og:image:height\" content=\"275\" \/>\n\t<meta property=\"og:image:type\" content=\"image\/jpeg\" \/>\n<meta name=\"twitter:card\" content=\"summary_large_image\" \/>\n<meta name=\"twitter:label1\" content=\"Dur\u00e9e de lecture estim\u00e9e\" \/>\n\t<meta name=\"twitter:data1\" content=\"1 minute\" \/>\n<script type=\"application\/ld+json\" class=\"yoast-schema-graph\">{\"@context\":\"https:\\\/\\\/schema.org\",\"@graph\":[{\"@type\":\"WebPage\",\"@id\":\"https:\\\/\\\/shop.bantam.ch\\\/fr\\\/produit\\\/store-mural-omnistor-8000-avec-moteur-220-v-couleur-toile-mystic-grey\\\/\",\"url\":\"https:\\\/\\\/shop.bantam.ch\\\/fr\\\/produit\\\/store-mural-omnistor-8000-avec-moteur-220-v-couleur-toile-mystic-grey\\\/\",\"name\":\"Store mural Omnistor 8000 avec moteur 220 V couleur toile mystic grey - Bantam Wankm\u00fcller SA\",\"isPartOf\":{\"@id\":\"https:\\\/\\\/shop.bantam.ch\\\/fr\\\/#website\"},\"primaryImageOfPage\":{\"@id\":\"https:\\\/\\\/shop.bantam.ch\\\/fr\\\/produit\\\/store-mural-omnistor-8000-avec-moteur-220-v-couleur-toile-mystic-grey\\\/#primaryimage\"},\"image\":{\"@id\":\"https:\\\/\\\/shop.bantam.ch\\\/fr\\\/produit\\\/store-mural-omnistor-8000-avec-moteur-220-v-couleur-toile-mystic-grey\\\/#primaryimage\"},\"thumbnailUrl\":\"https:\\\/\\\/shop.bantam.ch\\\/wp-content\\\/uploads\\\/2023\\\/03\\\/995800412.jpg\",\"datePublished\":\"2023-03-22T15:22:29+00:00\",\"dateModified\":\"2026-04-17T21:16:24+00:00\",\"breadcrumb\":{\"@id\":\"https:\\\/\\\/shop.bantam.ch\\\/fr\\\/produit\\\/store-mural-omnistor-8000-avec-moteur-220-v-couleur-toile-mystic-grey\\\/#breadcrumb\"},\"inLanguage\":\"fr-FR\",\"potentialAction\":[{\"@type\":\"ReadAction\",\"target\":[\"https:\\\/\\\/shop.bantam.ch\\\/fr\\\/produit\\\/store-mural-omnistor-8000-avec-moteur-220-v-couleur-toile-mystic-grey\\\/\"]}]},{\"@type\":\"ImageObject\",\"inLanguage\":\"fr-FR\",\"@id\":\"https:\\\/\\\/shop.bantam.ch\\\/fr\\\/produit\\\/store-mural-omnistor-8000-avec-moteur-220-v-couleur-toile-mystic-grey\\\/#primaryimage\",\"url\":\"https:\\\/\\\/shop.bantam.ch\\\/wp-content\\\/uploads\\\/2023\\\/03\\\/995800412.jpg\",\"contentUrl\":\"https:\\\/\\\/shop.bantam.ch\\\/wp-content\\\/uploads\\\/2023\\\/03\\\/995800412.jpg\",\"width\":1000,\"height\":275},{\"@type\":\"BreadcrumbList\",\"@id\":\"https:\\\/\\\/shop.bantam.ch\\\/fr\\\/produit\\\/store-mural-omnistor-8000-avec-moteur-220-v-couleur-toile-mystic-grey\\\/#breadcrumb\",\"itemListElement\":[{\"@type\":\"ListItem\",\"position\":1,\"name\":\"Accueil\",\"item\":\"https:\\\/\\\/shop.bantam.ch\\\/fr\\\/\"},{\"@type\":\"ListItem\",\"position\":2,\"name\":\"Boutique\",\"item\":\"https:\\\/\\\/shop.bantam.ch\\\/fr\\\/boutique\\\/\"},{\"@type\":\"ListItem\",\"position\":3,\"name\":\"Store mural Omnistor 8000 avec moteur 220 V couleur toile mystic grey\"}]},{\"@type\":\"WebSite\",\"@id\":\"https:\\\/\\\/shop.bantam.ch\\\/fr\\\/#website\",\"url\":\"https:\\\/\\\/shop.bantam.ch\\\/fr\\\/\",\"name\":\"Bantam Wankm\u00fcller SA\",\"description\":\"\",\"publisher\":{\"@id\":\"https:\\\/\\\/shop.bantam.ch\\\/fr\\\/#organization\"},\"inLanguage\":\"fr-FR\"},{\"@type\":\"Organization\",\"@id\":\"https:\\\/\\\/shop.bantam.ch\\\/fr\\\/#organization\",\"name\":\"Bantam Wankm\u00fcller SA\",\"url\":\"https:\\\/\\\/shop.bantam.ch\\\/fr\\\/\",\"logo\":{\"@type\":\"ImageObject\",\"inLanguage\":\"fr-FR\",\"@id\":\"https:\\\/\\\/shop.bantam.ch\\\/fr\\\/#\\\/schema\\\/logo\\\/image\\\/\",\"url\":\"https:\\\/\\\/shop.bantam.ch\\\/wp-content\\\/uploads\\\/2022\\\/12\\\/bantam-logo.png\",\"contentUrl\":\"https:\\\/\\\/shop.bantam.ch\\\/wp-content\\\/uploads\\\/2022\\\/12\\\/bantam-logo.png\",\"width\":320,\"height\":71,\"caption\":\"Bantam Wankm\u00fcller SA\"},\"image\":{\"@id\":\"https:\\\/\\\/shop.bantam.ch\\\/fr\\\/#\\\/schema\\\/logo\\\/image\\\/\"}}]}<\/script>\n<!-- \/ Yoast SEO plugin. -->","yoast_head_json":{"title":"Store mural Omnistor 8000 avec moteur 220 V couleur toile mystic grey - Bantam Wankm\u00fcller SA","robots":{"index":"index","follow":"follow","max-snippet":"max-snippet:-1","max-image-preview":"max-image-preview:large","max-video-preview":"max-video-preview:-1"},"canonical":"https:\/\/shop.bantam.ch\/fr\/produit\/store-mural-omnistor-8000-avec-moteur-220-v-couleur-toile-mystic-grey\/","og_locale":"fr_FR","og_type":"article","og_title":"Store mural Omnistor 8000 avec moteur 220 V couleur toile mystic grey - Bantam Wankm\u00fcller SA","og_description":"avec moteur 220V int\u00e9gr\u00e9 Extension jusqu&rsquo;\u00e0 2,75 m pour un espace priv\u00e9 plus grand et pour se prot\u00e9ger du soleil et de la pluie Avec syst\u00e8me Quick Lock pratique pour un montage et un r\u00e9glage faciles des pieds de support Syst\u00e8me d&rsquo;abaissement vertical permettant de d\u00e9plier les jambes sans endommager le v\u00e9hicule Les bras articul\u00e9s [&hellip;]","og_url":"https:\/\/shop.bantam.ch\/fr\/produit\/store-mural-omnistor-8000-avec-moteur-220-v-couleur-toile-mystic-grey\/","og_site_name":"Bantam Wankm\u00fcller SA","article_modified_time":"2026-04-17T21:16:24+00:00","og_image":[{"width":1000,"height":275,"url":"https:\/\/shop.bantam.ch\/wp-content\/uploads\/2023\/03\/995800412.jpg","type":"image\/jpeg"}],"twitter_card":"summary_large_image","twitter_misc":{"Dur\u00e9e de lecture estim\u00e9e":"1 minute"},"schema":{"@context":"https:\/\/schema.org","@graph":[{"@type":"WebPage","@id":"https:\/\/shop.bantam.ch\/fr\/produit\/store-mural-omnistor-8000-avec-moteur-220-v-couleur-toile-mystic-grey\/","url":"https:\/\/shop.bantam.ch\/fr\/produit\/store-mural-omnistor-8000-avec-moteur-220-v-couleur-toile-mystic-grey\/","name":"Store mural Omnistor 8000 avec moteur 220 V couleur toile mystic grey - Bantam Wankm\u00fcller SA","isPartOf":{"@id":"https:\/\/shop.bantam.ch\/fr\/#website"},"primaryImageOfPage":{"@id":"https:\/\/shop.bantam.ch\/fr\/produit\/store-mural-omnistor-8000-avec-moteur-220-v-couleur-toile-mystic-grey\/#primaryimage"},"image":{"@id":"https:\/\/shop.bantam.ch\/fr\/produit\/store-mural-omnistor-8000-avec-moteur-220-v-couleur-toile-mystic-grey\/#primaryimage"},"thumbnailUrl":"https:\/\/shop.bantam.ch\/wp-content\/uploads\/2023\/03\/995800412.jpg","datePublished":"2023-03-22T15:22:29+00:00","dateModified":"2026-04-17T21:16:24+00:00","breadcrumb":{"@id":"https:\/\/shop.bantam.ch\/fr\/produit\/store-mural-omnistor-8000-avec-moteur-220-v-couleur-toile-mystic-grey\/#breadcrumb"},"inLanguage":"fr-FR","potentialAction":[{"@type":"ReadAction","target":["https:\/\/shop.bantam.ch\/fr\/produit\/store-mural-omnistor-8000-avec-moteur-220-v-couleur-toile-mystic-grey\/"]}]},{"@type":"ImageObject","inLanguage":"fr-FR","@id":"https:\/\/shop.bantam.ch\/fr\/produit\/store-mural-omnistor-8000-avec-moteur-220-v-couleur-toile-mystic-grey\/#primaryimage","url":"https:\/\/shop.bantam.ch\/wp-content\/uploads\/2023\/03\/995800412.jpg","contentUrl":"https:\/\/shop.bantam.ch\/wp-content\/uploads\/2023\/03\/995800412.jpg","width":1000,"height":275},{"@type":"BreadcrumbList","@id":"https:\/\/shop.bantam.ch\/fr\/produit\/store-mural-omnistor-8000-avec-moteur-220-v-couleur-toile-mystic-grey\/#breadcrumb","itemListElement":[{"@type":"ListItem","position":1,"name":"Accueil","item":"https:\/\/shop.bantam.ch\/fr\/"},{"@type":"ListItem","position":2,"name":"Boutique","item":"https:\/\/shop.bantam.ch\/fr\/boutique\/"},{"@type":"ListItem","position":3,"name":"Store mural Omnistor 8000 avec moteur 220 V couleur toile mystic grey"}]},{"@type":"WebSite","@id":"https:\/\/shop.bantam.ch\/fr\/#website","url":"https:\/\/shop.bantam.ch\/fr\/","name":"Bantam Wankm\u00fcller SA","description":"","publisher":{"@id":"https:\/\/shop.bantam.ch\/fr\/#organization"},"inLanguage":"fr-FR"},{"@type":"Organization","@id":"https:\/\/shop.bantam.ch\/fr\/#organization","name":"Bantam Wankm\u00fcller SA","url":"https:\/\/shop.bantam.ch\/fr\/","logo":{"@type":"ImageObject","inLanguage":"fr-FR","@id":"https:\/\/shop.bantam.ch\/fr\/#\/schema\/logo\/image\/","url":"https:\/\/shop.bantam.ch\/wp-content\/uploads\/2022\/12\/bantam-logo.png","contentUrl":"https:\/\/shop.bantam.ch\/wp-content\/uploads\/2022\/12\/bantam-logo.png","width":320,"height":71,"caption":"Bantam Wankm\u00fcller SA"},"image":{"@id":"https:\/\/shop.bantam.ch\/fr\/#\/schema\/logo\/image\/"}}]}},"_links":{"self":[{"href":"https:\/\/shop.bantam.ch\/fr\/wp-json\/wp\/v2\/product\/155513","targetHints":{"allow":["GET"]}}],"collection":[{"href":"https:\/\/shop.bantam.ch\/fr\/wp-json\/wp\/v2\/product"}],"about":[{"href":"https:\/\/shop.bantam.ch\/fr\/wp-json\/wp\/v2\/types\/product"}],"wp:featuredmedia":[{"embeddable":true,"href":"https:\/\/shop.bantam.ch\/fr\/wp-json\/wp\/v2\/media\/155509"}],"wp:attachment":[{"href":"https:\/\/shop.bantam.ch\/fr\/wp-json\/wp\/v2\/media?parent=155513"}],"wp:term":[{"taxonomy":"product_featured_cat","embeddable":true,"href":"https:\/\/shop.bantam.ch\/fr\/wp-json\/wp\/v2\/product_featured_cat?post=155513"},{"taxonomy":"product_brand","embeddable":true,"href":"https:\/\/shop.bantam.ch\/fr\/wp-json\/wp\/v2\/product_brand?post=155513"},{"taxonomy":"product_cat","embeddable":true,"href":"https:\/\/shop.bantam.ch\/fr\/wp-json\/wp\/v2\/product_cat?post=155513"},{"taxonomy":"product_tag","embeddable":true,"href":"https:\/\/shop.bantam.ch\/fr\/wp-json\/wp\/v2\/product_tag?post=155513"}],"curies":[{"name":"wp","href":"https:\/\/api.w.org\/{rel}","templated":true}]}}