{"id":155239,"date":"2023-03-22T16:16:55","date_gmt":"2023-03-22T15:16:55","guid":{"rendered":"https:\/\/shop.bantam.ch\/produit\/tapis-dete-light-sunbreaker-light\/"},"modified":"2026-04-18T22:59:31","modified_gmt":"2026-04-18T20:59:31","slug":"tapis-dete-light-sunbreaker-light","status":"publish","type":"product","link":"https:\/\/shop.bantam.ch\/fr\/produit\/tapis-dete-light-sunbreaker-light\/","title":{"rendered":"Tapis d&rsquo;\u00e9t\u00e9 Light sunbreaker light"},"content":{"rendered":"<p>Il offre une protection optimale contre le soleil tout en offrant une bonne visibilit\u00e9. Cette derni\u00e8re est rendue possible par les propri\u00e9t\u00e9s sp\u00e9cifiques du mat\u00e9riau, ext\u00e9rieur argent\u00e9, int\u00e9rieur noir. Mais ce qui le rend encore plus attrayant sont sa l\u00e9g\u00e8ret\u00e9 et ses dimensions pli\u00e9es qui permettent de le ranger confortablement dans le vide-poche ou dans la bo\u00eete \u00e0 gants.<\/p>\n<p>Contenu de la livraison :<br \/>Sac de rangement, instruction de montage<\/p>\n","protected":false},"excerpt":{"rendered":"<p>Il offre une protection optimale contre le soleil tout en offrant une bonne visibilit\u00e9. Cette derni\u00e8re est rendue possible par les propri\u00e9t\u00e9s sp\u00e9cifiques du mat\u00e9riau, ext\u00e9rieur argent\u00e9, int\u00e9rieur noir. Mais ce qui le rend encore plus attrayant sont sa l\u00e9g\u00e8ret\u00e9 et ses dimensions pli\u00e9es qui permettent de le ranger confortablement dans le vide-poche ou dans [&hellip;]<\/p>\n","protected":false},"featured_media":155229,"template":"","meta":{"_acf_changed":false},"product_featured_cat":[],"product_brand":[3042],"product_cat":[4641],"product_tag":[],"class_list":{"0":"post-155239","1":"product","2":"type-product","3":"status-publish","4":"has-post-thumbnail","6":"product_brand-wigo","7":"product_cat-matelas-et-rideaux-thermiques","9":"first","10":"instock","11":"taxable","12":"shipping-taxable","13":"purchasable","14":"product-type-variable"},"acf":[],"yoast_head":"<!-- This site is optimized with the Yoast SEO plugin v27.4 - https:\/\/yoast.com\/product\/yoast-seo-wordpress\/ -->\n<title>Tapis d&#039;\u00e9t\u00e9 Light sunbreaker light - Bantam Wankm\u00fcller SA<\/title>\n<meta name=\"robots\" content=\"index, follow, max-snippet:-1, max-image-preview:large, max-video-preview:-1\" \/>\n<link rel=\"canonical\" href=\"https:\/\/shop.bantam.ch\/fr\/produit\/tapis-dete-light-sunbreaker-light\/\" \/>\n<meta property=\"og:locale\" content=\"fr_FR\" \/>\n<meta property=\"og:type\" content=\"article\" \/>\n<meta property=\"og:title\" content=\"Tapis d&#039;\u00e9t\u00e9 Light sunbreaker light - Bantam Wankm\u00fcller SA\" \/>\n<meta property=\"og:description\" content=\"Il offre une protection optimale contre le soleil tout en offrant une bonne visibilit\u00e9. Cette derni\u00e8re est rendue possible par les propri\u00e9t\u00e9s sp\u00e9cifiques du mat\u00e9riau, ext\u00e9rieur argent\u00e9, int\u00e9rieur noir. Mais ce qui le rend encore plus attrayant sont sa l\u00e9g\u00e8ret\u00e9 et ses dimensions pli\u00e9es qui permettent de le ranger confortablement dans le vide-poche ou dans [&hellip;]\" \/>\n<meta property=\"og:url\" content=\"https:\/\/shop.bantam.ch\/fr\/produit\/tapis-dete-light-sunbreaker-light\/\" \/>\n<meta property=\"og:site_name\" content=\"Bantam Wankm\u00fcller SA\" \/>\n<meta property=\"article:modified_time\" content=\"2026-04-18T20:59:31+00:00\" \/>\n<meta property=\"og:image\" content=\"https:\/\/shop.bantam.ch\/wp-content\/uploads\/2023\/03\/994462911.jpg\" \/>\n\t<meta property=\"og:image:width\" content=\"2560\" \/>\n\t<meta property=\"og:image:height\" content=\"1707\" \/>\n\t<meta property=\"og:image:type\" content=\"image\/jpeg\" \/>\n<meta name=\"twitter:card\" content=\"summary_large_image\" \/>\n<script type=\"application\/ld+json\" class=\"yoast-schema-graph\">{\"@context\":\"https:\\\/\\\/schema.org\",\"@graph\":[{\"@type\":\"WebPage\",\"@id\":\"https:\\\/\\\/shop.bantam.ch\\\/fr\\\/produit\\\/tapis-dete-light-sunbreaker-light\\\/\",\"url\":\"https:\\\/\\\/shop.bantam.ch\\\/fr\\\/produit\\\/tapis-dete-light-sunbreaker-light\\\/\",\"name\":\"Tapis d'\u00e9t\u00e9 Light sunbreaker light - Bantam Wankm\u00fcller SA\",\"isPartOf\":{\"@id\":\"https:\\\/\\\/shop.bantam.ch\\\/fr\\\/#website\"},\"primaryImageOfPage\":{\"@id\":\"https:\\\/\\\/shop.bantam.ch\\\/fr\\\/produit\\\/tapis-dete-light-sunbreaker-light\\\/#primaryimage\"},\"image\":{\"@id\":\"https:\\\/\\\/shop.bantam.ch\\\/fr\\\/produit\\\/tapis-dete-light-sunbreaker-light\\\/#primaryimage\"},\"thumbnailUrl\":\"https:\\\/\\\/shop.bantam.ch\\\/wp-content\\\/uploads\\\/2023\\\/03\\\/994462911.jpg\",\"datePublished\":\"2023-03-22T15:16:55+00:00\",\"dateModified\":\"2026-04-18T20:59:31+00:00\",\"breadcrumb\":{\"@id\":\"https:\\\/\\\/shop.bantam.ch\\\/fr\\\/produit\\\/tapis-dete-light-sunbreaker-light\\\/#breadcrumb\"},\"inLanguage\":\"fr-FR\",\"potentialAction\":[{\"@type\":\"ReadAction\",\"target\":[\"https:\\\/\\\/shop.bantam.ch\\\/fr\\\/produit\\\/tapis-dete-light-sunbreaker-light\\\/\"]}]},{\"@type\":\"ImageObject\",\"inLanguage\":\"fr-FR\",\"@id\":\"https:\\\/\\\/shop.bantam.ch\\\/fr\\\/produit\\\/tapis-dete-light-sunbreaker-light\\\/#primaryimage\",\"url\":\"https:\\\/\\\/shop.bantam.ch\\\/wp-content\\\/uploads\\\/2023\\\/03\\\/994462911.jpg\",\"contentUrl\":\"https:\\\/\\\/shop.bantam.ch\\\/wp-content\\\/uploads\\\/2023\\\/03\\\/994462911.jpg\",\"width\":2048,\"height\":1366},{\"@type\":\"BreadcrumbList\",\"@id\":\"https:\\\/\\\/shop.bantam.ch\\\/fr\\\/produit\\\/tapis-dete-light-sunbreaker-light\\\/#breadcrumb\",\"itemListElement\":[{\"@type\":\"ListItem\",\"position\":1,\"name\":\"Accueil\",\"item\":\"https:\\\/\\\/shop.bantam.ch\\\/fr\\\/\"},{\"@type\":\"ListItem\",\"position\":2,\"name\":\"Boutique\",\"item\":\"https:\\\/\\\/shop.bantam.ch\\\/fr\\\/boutique\\\/\"},{\"@type\":\"ListItem\",\"position\":3,\"name\":\"Tapis d&rsquo;\u00e9t\u00e9 Light sunbreaker light\"}]},{\"@type\":\"WebSite\",\"@id\":\"https:\\\/\\\/shop.bantam.ch\\\/fr\\\/#website\",\"url\":\"https:\\\/\\\/shop.bantam.ch\\\/fr\\\/\",\"name\":\"Bantam Wankm\u00fcller SA\",\"description\":\"\",\"publisher\":{\"@id\":\"https:\\\/\\\/shop.bantam.ch\\\/fr\\\/#organization\"},\"inLanguage\":\"fr-FR\"},{\"@type\":\"Organization\",\"@id\":\"https:\\\/\\\/shop.bantam.ch\\\/fr\\\/#organization\",\"name\":\"Bantam Wankm\u00fcller SA\",\"url\":\"https:\\\/\\\/shop.bantam.ch\\\/fr\\\/\",\"logo\":{\"@type\":\"ImageObject\",\"inLanguage\":\"fr-FR\",\"@id\":\"https:\\\/\\\/shop.bantam.ch\\\/fr\\\/#\\\/schema\\\/logo\\\/image\\\/\",\"url\":\"https:\\\/\\\/shop.bantam.ch\\\/wp-content\\\/uploads\\\/2022\\\/12\\\/bantam-logo.png\",\"contentUrl\":\"https:\\\/\\\/shop.bantam.ch\\\/wp-content\\\/uploads\\\/2022\\\/12\\\/bantam-logo.png\",\"width\":320,\"height\":71,\"caption\":\"Bantam Wankm\u00fcller SA\"},\"image\":{\"@id\":\"https:\\\/\\\/shop.bantam.ch\\\/fr\\\/#\\\/schema\\\/logo\\\/image\\\/\"}}]}<\/script>\n<!-- \/ Yoast SEO plugin. -->","yoast_head_json":{"title":"Tapis d'\u00e9t\u00e9 Light sunbreaker light - Bantam Wankm\u00fcller SA","robots":{"index":"index","follow":"follow","max-snippet":"max-snippet:-1","max-image-preview":"max-image-preview:large","max-video-preview":"max-video-preview:-1"},"canonical":"https:\/\/shop.bantam.ch\/fr\/produit\/tapis-dete-light-sunbreaker-light\/","og_locale":"fr_FR","og_type":"article","og_title":"Tapis d'\u00e9t\u00e9 Light sunbreaker light - Bantam Wankm\u00fcller SA","og_description":"Il offre une protection optimale contre le soleil tout en offrant une bonne visibilit\u00e9. Cette derni\u00e8re est rendue possible par les propri\u00e9t\u00e9s sp\u00e9cifiques du mat\u00e9riau, ext\u00e9rieur argent\u00e9, int\u00e9rieur noir. Mais ce qui le rend encore plus attrayant sont sa l\u00e9g\u00e8ret\u00e9 et ses dimensions pli\u00e9es qui permettent de le ranger confortablement dans le vide-poche ou dans [&hellip;]","og_url":"https:\/\/shop.bantam.ch\/fr\/produit\/tapis-dete-light-sunbreaker-light\/","og_site_name":"Bantam Wankm\u00fcller SA","article_modified_time":"2026-04-18T20:59:31+00:00","og_image":[{"width":2560,"height":1707,"url":"https:\/\/shop.bantam.ch\/wp-content\/uploads\/2023\/03\/994462911.jpg","type":"image\/jpeg"}],"twitter_card":"summary_large_image","schema":{"@context":"https:\/\/schema.org","@graph":[{"@type":"WebPage","@id":"https:\/\/shop.bantam.ch\/fr\/produit\/tapis-dete-light-sunbreaker-light\/","url":"https:\/\/shop.bantam.ch\/fr\/produit\/tapis-dete-light-sunbreaker-light\/","name":"Tapis d'\u00e9t\u00e9 Light sunbreaker light - Bantam Wankm\u00fcller SA","isPartOf":{"@id":"https:\/\/shop.bantam.ch\/fr\/#website"},"primaryImageOfPage":{"@id":"https:\/\/shop.bantam.ch\/fr\/produit\/tapis-dete-light-sunbreaker-light\/#primaryimage"},"image":{"@id":"https:\/\/shop.bantam.ch\/fr\/produit\/tapis-dete-light-sunbreaker-light\/#primaryimage"},"thumbnailUrl":"https:\/\/shop.bantam.ch\/wp-content\/uploads\/2023\/03\/994462911.jpg","datePublished":"2023-03-22T15:16:55+00:00","dateModified":"2026-04-18T20:59:31+00:00","breadcrumb":{"@id":"https:\/\/shop.bantam.ch\/fr\/produit\/tapis-dete-light-sunbreaker-light\/#breadcrumb"},"inLanguage":"fr-FR","potentialAction":[{"@type":"ReadAction","target":["https:\/\/shop.bantam.ch\/fr\/produit\/tapis-dete-light-sunbreaker-light\/"]}]},{"@type":"ImageObject","inLanguage":"fr-FR","@id":"https:\/\/shop.bantam.ch\/fr\/produit\/tapis-dete-light-sunbreaker-light\/#primaryimage","url":"https:\/\/shop.bantam.ch\/wp-content\/uploads\/2023\/03\/994462911.jpg","contentUrl":"https:\/\/shop.bantam.ch\/wp-content\/uploads\/2023\/03\/994462911.jpg","width":2048,"height":1366},{"@type":"BreadcrumbList","@id":"https:\/\/shop.bantam.ch\/fr\/produit\/tapis-dete-light-sunbreaker-light\/#breadcrumb","itemListElement":[{"@type":"ListItem","position":1,"name":"Accueil","item":"https:\/\/shop.bantam.ch\/fr\/"},{"@type":"ListItem","position":2,"name":"Boutique","item":"https:\/\/shop.bantam.ch\/fr\/boutique\/"},{"@type":"ListItem","position":3,"name":"Tapis d&rsquo;\u00e9t\u00e9 Light sunbreaker light"}]},{"@type":"WebSite","@id":"https:\/\/shop.bantam.ch\/fr\/#website","url":"https:\/\/shop.bantam.ch\/fr\/","name":"Bantam Wankm\u00fcller SA","description":"","publisher":{"@id":"https:\/\/shop.bantam.ch\/fr\/#organization"},"inLanguage":"fr-FR"},{"@type":"Organization","@id":"https:\/\/shop.bantam.ch\/fr\/#organization","name":"Bantam Wankm\u00fcller SA","url":"https:\/\/shop.bantam.ch\/fr\/","logo":{"@type":"ImageObject","inLanguage":"fr-FR","@id":"https:\/\/shop.bantam.ch\/fr\/#\/schema\/logo\/image\/","url":"https:\/\/shop.bantam.ch\/wp-content\/uploads\/2022\/12\/bantam-logo.png","contentUrl":"https:\/\/shop.bantam.ch\/wp-content\/uploads\/2022\/12\/bantam-logo.png","width":320,"height":71,"caption":"Bantam Wankm\u00fcller SA"},"image":{"@id":"https:\/\/shop.bantam.ch\/fr\/#\/schema\/logo\/image\/"}}]}},"_links":{"self":[{"href":"https:\/\/shop.bantam.ch\/fr\/wp-json\/wp\/v2\/product\/155239","targetHints":{"allow":["GET"]}}],"collection":[{"href":"https:\/\/shop.bantam.ch\/fr\/wp-json\/wp\/v2\/product"}],"about":[{"href":"https:\/\/shop.bantam.ch\/fr\/wp-json\/wp\/v2\/types\/product"}],"wp:featuredmedia":[{"embeddable":true,"href":"https:\/\/shop.bantam.ch\/fr\/wp-json\/wp\/v2\/media\/155229"}],"wp:attachment":[{"href":"https:\/\/shop.bantam.ch\/fr\/wp-json\/wp\/v2\/media?parent=155239"}],"wp:term":[{"taxonomy":"product_featured_cat","embeddable":true,"href":"https:\/\/shop.bantam.ch\/fr\/wp-json\/wp\/v2\/product_featured_cat?post=155239"},{"taxonomy":"product_brand","embeddable":true,"href":"https:\/\/shop.bantam.ch\/fr\/wp-json\/wp\/v2\/product_brand?post=155239"},{"taxonomy":"product_cat","embeddable":true,"href":"https:\/\/shop.bantam.ch\/fr\/wp-json\/wp\/v2\/product_cat?post=155239"},{"taxonomy":"product_tag","embeddable":true,"href":"https:\/\/shop.bantam.ch\/fr\/wp-json\/wp\/v2\/product_tag?post=155239"}],"curies":[{"name":"wp","href":"https:\/\/api.w.org\/{rel}","templated":true}]}}