{"id":155115,"date":"2023-03-22T16:14:20","date_gmt":"2023-03-22T15:14:20","guid":{"rendered":"https:\/\/shop.bantam.ch\/produit\/double-store-plis-remibase-ii\/"},"modified":"2026-04-17T22:53:38","modified_gmt":"2026-04-17T20:53:38","slug":"double-store-plis-remibase-ii","status":"publish","type":"product","link":"https:\/\/shop.bantam.ch\/fr\/produit\/double-store-plis-remibase-ii\/","title":{"rendered":"Double store plis. REMIbase II"},"content":{"rendered":"<p>Avec ce store combin\u00e9 \u00e0 la conception intelligente, la protection contre les regards indiscrets et l\u2019a\u00e9ration peuvent \u00eatre r\u00e9gl\u00e9es de mani\u00e8re individuelle et en continu. Le filet anti-insectes noir de grande qualit\u00e9 apporte un contraste fort et moderne sur le store pliss\u00e9 blanc cr\u00e8me prot\u00e9geant contre les regards et le soleil. Le store pliss\u00e9 au rev\u00eatement sp\u00e9cial dispose \u00e9galement d\u2019excellentes qualit\u00e9s d\u2019isolation. En outre\u00a0: REMIbase est parfaitement adapt\u00e9 comme store de lanterneau en post-\u00e9quipement.<\/p>\n<p>Couleur cassette\u00a0: blanc cr\u00e8me, store beige clair\/blanc, moustiquaire\u00a0: noir<\/p>\n","protected":false},"excerpt":{"rendered":"<p>Avec ce store combin\u00e9 \u00e0 la conception intelligente, la protection contre les regards indiscrets et l\u2019a\u00e9ration peuvent \u00eatre r\u00e9gl\u00e9es de mani\u00e8re individuelle et en continu. Le filet anti-insectes noir de grande qualit\u00e9 apporte un contraste fort et moderne sur le store pliss\u00e9 blanc cr\u00e8me prot\u00e9geant contre les regards et le soleil. Le store pliss\u00e9 au [&hellip;]<\/p>\n","protected":false},"featured_media":155111,"template":"","meta":{"_acf_changed":false},"product_featured_cat":[],"product_brand":[3044],"product_cat":[4723],"product_tag":[],"class_list":{"0":"post-155115","1":"product","2":"type-product","3":"status-publish","4":"has-post-thumbnail","6":"product_brand-remis","7":"product_cat-stores-a-enroulement","9":"first","10":"instock","11":"taxable","12":"shipping-taxable","13":"purchasable","14":"product-type-variable"},"acf":[],"yoast_head":"<!-- This site is optimized with the Yoast SEO plugin v27.4 - https:\/\/yoast.com\/product\/yoast-seo-wordpress\/ -->\n<title>Double store plis. REMIbase II - Bantam Wankm\u00fcller SA<\/title>\n<meta name=\"robots\" content=\"index, follow, max-snippet:-1, max-image-preview:large, max-video-preview:-1\" \/>\n<link rel=\"canonical\" href=\"https:\/\/shop.bantam.ch\/fr\/produit\/double-store-plis-remibase-ii\/\" \/>\n<meta property=\"og:locale\" content=\"fr_FR\" \/>\n<meta property=\"og:type\" content=\"article\" \/>\n<meta property=\"og:title\" content=\"Double store plis. REMIbase II - Bantam Wankm\u00fcller SA\" \/>\n<meta property=\"og:description\" content=\"Avec ce store combin\u00e9 \u00e0 la conception intelligente, la protection contre les regards indiscrets et l\u2019a\u00e9ration peuvent \u00eatre r\u00e9gl\u00e9es de mani\u00e8re individuelle et en continu. Le filet anti-insectes noir de grande qualit\u00e9 apporte un contraste fort et moderne sur le store pliss\u00e9 blanc cr\u00e8me prot\u00e9geant contre les regards et le soleil. Le store pliss\u00e9 au [&hellip;]\" \/>\n<meta property=\"og:url\" content=\"https:\/\/shop.bantam.ch\/fr\/produit\/double-store-plis-remibase-ii\/\" \/>\n<meta property=\"og:site_name\" content=\"Bantam Wankm\u00fcller SA\" \/>\n<meta property=\"article:modified_time\" content=\"2026-04-17T20:53:38+00:00\" \/>\n<meta property=\"og:image\" content=\"https:\/\/shop.bantam.ch\/wp-content\/uploads\/2023\/03\/994323911.jpg\" \/>\n\t<meta property=\"og:image:width\" content=\"1000\" \/>\n\t<meta property=\"og:image:height\" content=\"750\" \/>\n\t<meta property=\"og:image:type\" content=\"image\/jpeg\" \/>\n<meta name=\"twitter:card\" content=\"summary_large_image\" \/>\n<script type=\"application\/ld+json\" class=\"yoast-schema-graph\">{\"@context\":\"https:\\\/\\\/schema.org\",\"@graph\":[{\"@type\":\"WebPage\",\"@id\":\"https:\\\/\\\/shop.bantam.ch\\\/fr\\\/produit\\\/double-store-plis-remibase-ii\\\/\",\"url\":\"https:\\\/\\\/shop.bantam.ch\\\/fr\\\/produit\\\/double-store-plis-remibase-ii\\\/\",\"name\":\"Double store plis. REMIbase II - Bantam Wankm\u00fcller SA\",\"isPartOf\":{\"@id\":\"https:\\\/\\\/shop.bantam.ch\\\/fr\\\/#website\"},\"primaryImageOfPage\":{\"@id\":\"https:\\\/\\\/shop.bantam.ch\\\/fr\\\/produit\\\/double-store-plis-remibase-ii\\\/#primaryimage\"},\"image\":{\"@id\":\"https:\\\/\\\/shop.bantam.ch\\\/fr\\\/produit\\\/double-store-plis-remibase-ii\\\/#primaryimage\"},\"thumbnailUrl\":\"https:\\\/\\\/shop.bantam.ch\\\/wp-content\\\/uploads\\\/2023\\\/03\\\/994323911.jpg\",\"datePublished\":\"2023-03-22T15:14:20+00:00\",\"dateModified\":\"2026-04-17T20:53:38+00:00\",\"breadcrumb\":{\"@id\":\"https:\\\/\\\/shop.bantam.ch\\\/fr\\\/produit\\\/double-store-plis-remibase-ii\\\/#breadcrumb\"},\"inLanguage\":\"fr-FR\",\"potentialAction\":[{\"@type\":\"ReadAction\",\"target\":[\"https:\\\/\\\/shop.bantam.ch\\\/fr\\\/produit\\\/double-store-plis-remibase-ii\\\/\"]}]},{\"@type\":\"ImageObject\",\"inLanguage\":\"fr-FR\",\"@id\":\"https:\\\/\\\/shop.bantam.ch\\\/fr\\\/produit\\\/double-store-plis-remibase-ii\\\/#primaryimage\",\"url\":\"https:\\\/\\\/shop.bantam.ch\\\/wp-content\\\/uploads\\\/2023\\\/03\\\/994323911.jpg\",\"contentUrl\":\"https:\\\/\\\/shop.bantam.ch\\\/wp-content\\\/uploads\\\/2023\\\/03\\\/994323911.jpg\",\"width\":1000,\"height\":750},{\"@type\":\"BreadcrumbList\",\"@id\":\"https:\\\/\\\/shop.bantam.ch\\\/fr\\\/produit\\\/double-store-plis-remibase-ii\\\/#breadcrumb\",\"itemListElement\":[{\"@type\":\"ListItem\",\"position\":1,\"name\":\"Accueil\",\"item\":\"https:\\\/\\\/shop.bantam.ch\\\/fr\\\/\"},{\"@type\":\"ListItem\",\"position\":2,\"name\":\"Boutique\",\"item\":\"https:\\\/\\\/shop.bantam.ch\\\/fr\\\/boutique\\\/\"},{\"@type\":\"ListItem\",\"position\":3,\"name\":\"Double store plis. REMIbase II\"}]},{\"@type\":\"WebSite\",\"@id\":\"https:\\\/\\\/shop.bantam.ch\\\/fr\\\/#website\",\"url\":\"https:\\\/\\\/shop.bantam.ch\\\/fr\\\/\",\"name\":\"Bantam Wankm\u00fcller SA\",\"description\":\"\",\"publisher\":{\"@id\":\"https:\\\/\\\/shop.bantam.ch\\\/fr\\\/#organization\"},\"inLanguage\":\"fr-FR\"},{\"@type\":\"Organization\",\"@id\":\"https:\\\/\\\/shop.bantam.ch\\\/fr\\\/#organization\",\"name\":\"Bantam Wankm\u00fcller SA\",\"url\":\"https:\\\/\\\/shop.bantam.ch\\\/fr\\\/\",\"logo\":{\"@type\":\"ImageObject\",\"inLanguage\":\"fr-FR\",\"@id\":\"https:\\\/\\\/shop.bantam.ch\\\/fr\\\/#\\\/schema\\\/logo\\\/image\\\/\",\"url\":\"https:\\\/\\\/shop.bantam.ch\\\/wp-content\\\/uploads\\\/2022\\\/12\\\/bantam-logo.png\",\"contentUrl\":\"https:\\\/\\\/shop.bantam.ch\\\/wp-content\\\/uploads\\\/2022\\\/12\\\/bantam-logo.png\",\"width\":320,\"height\":71,\"caption\":\"Bantam Wankm\u00fcller SA\"},\"image\":{\"@id\":\"https:\\\/\\\/shop.bantam.ch\\\/fr\\\/#\\\/schema\\\/logo\\\/image\\\/\"}}]}<\/script>\n<!-- \/ Yoast SEO plugin. -->","yoast_head_json":{"title":"Double store plis. REMIbase II - Bantam Wankm\u00fcller SA","robots":{"index":"index","follow":"follow","max-snippet":"max-snippet:-1","max-image-preview":"max-image-preview:large","max-video-preview":"max-video-preview:-1"},"canonical":"https:\/\/shop.bantam.ch\/fr\/produit\/double-store-plis-remibase-ii\/","og_locale":"fr_FR","og_type":"article","og_title":"Double store plis. REMIbase II - Bantam Wankm\u00fcller SA","og_description":"Avec ce store combin\u00e9 \u00e0 la conception intelligente, la protection contre les regards indiscrets et l\u2019a\u00e9ration peuvent \u00eatre r\u00e9gl\u00e9es de mani\u00e8re individuelle et en continu. Le filet anti-insectes noir de grande qualit\u00e9 apporte un contraste fort et moderne sur le store pliss\u00e9 blanc cr\u00e8me prot\u00e9geant contre les regards et le soleil. Le store pliss\u00e9 au [&hellip;]","og_url":"https:\/\/shop.bantam.ch\/fr\/produit\/double-store-plis-remibase-ii\/","og_site_name":"Bantam Wankm\u00fcller SA","article_modified_time":"2026-04-17T20:53:38+00:00","og_image":[{"width":1000,"height":750,"url":"https:\/\/shop.bantam.ch\/wp-content\/uploads\/2023\/03\/994323911.jpg","type":"image\/jpeg"}],"twitter_card":"summary_large_image","schema":{"@context":"https:\/\/schema.org","@graph":[{"@type":"WebPage","@id":"https:\/\/shop.bantam.ch\/fr\/produit\/double-store-plis-remibase-ii\/","url":"https:\/\/shop.bantam.ch\/fr\/produit\/double-store-plis-remibase-ii\/","name":"Double store plis. REMIbase II - Bantam Wankm\u00fcller SA","isPartOf":{"@id":"https:\/\/shop.bantam.ch\/fr\/#website"},"primaryImageOfPage":{"@id":"https:\/\/shop.bantam.ch\/fr\/produit\/double-store-plis-remibase-ii\/#primaryimage"},"image":{"@id":"https:\/\/shop.bantam.ch\/fr\/produit\/double-store-plis-remibase-ii\/#primaryimage"},"thumbnailUrl":"https:\/\/shop.bantam.ch\/wp-content\/uploads\/2023\/03\/994323911.jpg","datePublished":"2023-03-22T15:14:20+00:00","dateModified":"2026-04-17T20:53:38+00:00","breadcrumb":{"@id":"https:\/\/shop.bantam.ch\/fr\/produit\/double-store-plis-remibase-ii\/#breadcrumb"},"inLanguage":"fr-FR","potentialAction":[{"@type":"ReadAction","target":["https:\/\/shop.bantam.ch\/fr\/produit\/double-store-plis-remibase-ii\/"]}]},{"@type":"ImageObject","inLanguage":"fr-FR","@id":"https:\/\/shop.bantam.ch\/fr\/produit\/double-store-plis-remibase-ii\/#primaryimage","url":"https:\/\/shop.bantam.ch\/wp-content\/uploads\/2023\/03\/994323911.jpg","contentUrl":"https:\/\/shop.bantam.ch\/wp-content\/uploads\/2023\/03\/994323911.jpg","width":1000,"height":750},{"@type":"BreadcrumbList","@id":"https:\/\/shop.bantam.ch\/fr\/produit\/double-store-plis-remibase-ii\/#breadcrumb","itemListElement":[{"@type":"ListItem","position":1,"name":"Accueil","item":"https:\/\/shop.bantam.ch\/fr\/"},{"@type":"ListItem","position":2,"name":"Boutique","item":"https:\/\/shop.bantam.ch\/fr\/boutique\/"},{"@type":"ListItem","position":3,"name":"Double store plis. REMIbase II"}]},{"@type":"WebSite","@id":"https:\/\/shop.bantam.ch\/fr\/#website","url":"https:\/\/shop.bantam.ch\/fr\/","name":"Bantam Wankm\u00fcller SA","description":"","publisher":{"@id":"https:\/\/shop.bantam.ch\/fr\/#organization"},"inLanguage":"fr-FR"},{"@type":"Organization","@id":"https:\/\/shop.bantam.ch\/fr\/#organization","name":"Bantam Wankm\u00fcller SA","url":"https:\/\/shop.bantam.ch\/fr\/","logo":{"@type":"ImageObject","inLanguage":"fr-FR","@id":"https:\/\/shop.bantam.ch\/fr\/#\/schema\/logo\/image\/","url":"https:\/\/shop.bantam.ch\/wp-content\/uploads\/2022\/12\/bantam-logo.png","contentUrl":"https:\/\/shop.bantam.ch\/wp-content\/uploads\/2022\/12\/bantam-logo.png","width":320,"height":71,"caption":"Bantam Wankm\u00fcller SA"},"image":{"@id":"https:\/\/shop.bantam.ch\/fr\/#\/schema\/logo\/image\/"}}]}},"_links":{"self":[{"href":"https:\/\/shop.bantam.ch\/fr\/wp-json\/wp\/v2\/product\/155115","targetHints":{"allow":["GET"]}}],"collection":[{"href":"https:\/\/shop.bantam.ch\/fr\/wp-json\/wp\/v2\/product"}],"about":[{"href":"https:\/\/shop.bantam.ch\/fr\/wp-json\/wp\/v2\/types\/product"}],"wp:featuredmedia":[{"embeddable":true,"href":"https:\/\/shop.bantam.ch\/fr\/wp-json\/wp\/v2\/media\/155111"}],"wp:attachment":[{"href":"https:\/\/shop.bantam.ch\/fr\/wp-json\/wp\/v2\/media?parent=155115"}],"wp:term":[{"taxonomy":"product_featured_cat","embeddable":true,"href":"https:\/\/shop.bantam.ch\/fr\/wp-json\/wp\/v2\/product_featured_cat?post=155115"},{"taxonomy":"product_brand","embeddable":true,"href":"https:\/\/shop.bantam.ch\/fr\/wp-json\/wp\/v2\/product_brand?post=155115"},{"taxonomy":"product_cat","embeddable":true,"href":"https:\/\/shop.bantam.ch\/fr\/wp-json\/wp\/v2\/product_cat?post=155115"},{"taxonomy":"product_tag","embeddable":true,"href":"https:\/\/shop.bantam.ch\/fr\/wp-json\/wp\/v2\/product_tag?post=155115"}],"curies":[{"name":"wp","href":"https:\/\/api.w.org\/{rel}","templated":true}]}}