{"id":155045,"date":"2023-03-22T16:12:47","date_gmt":"2023-03-22T15:12:47","guid":{"rendered":"https:\/\/shop.bantam.ch\/produit\/habillage-de-store-rolli-plus-ambiente\/"},"modified":"2026-04-18T22:53:14","modified_gmt":"2026-04-18T20:53:14","slug":"habillage-de-store-rolli-plus-ambiente","status":"publish","type":"product","link":"https:\/\/shop.bantam.ch\/fr\/produit\/habillage-de-store-rolli-plus-ambiente\/","title":{"rendered":"Habillage de store Rolli Plus Ambiente"},"content":{"rendered":"<p>Notre tente Rolli Plus Ambiente est le mod\u00e8le haut de gamme de la derni\u00e8re g\u00e9n\u00e9ration de mod\u00e8les Rolli et r\u00e9pond \u00e0 tous les souhaits des campeurs les plus exigeants.<\/p>\n<p>Caract\u00e9ristiques et fonctions :<\/p>\n<ul>\n<li>Fonction panoramique possible gr\u00e2ce \u00e0 une simple transformation (accessoires moyennant suppl\u00e9ment)<\/li>\n<li>Une entr\u00e9e (enroulable lat\u00e9ralement) dans la paroi frontale, les deux moiti\u00e9s de la paroi avant peuvent \u00eatre \u00e9chang\u00e9es, retir\u00e9es et rabattues pour former une v\u00e9randa.<\/li>\n<li>Une entr\u00e9e dans chaque paroi lat\u00e9rale<\/li>\n<li>Parois lat\u00e9rales interchangeables, amovibles et transformables en v\u00e9randa<\/li>\n<li>Fen\u00eatre d\u2019a\u00e9ration sur chaque paroi lat\u00e9rale<\/li>\n<li>Fen\u00eatre d\u2019a\u00e9ration avec film d\u2019occultation, verrouillable et orientable<\/li>\n<li>Cinq barres de toit et trois barres de maintien (pour une profondeur de 300 cm : une barre de maintien suppl\u00e9mentaire dans chacune des parois lat\u00e9rales, aluminium 28 mm) avec Power-Grip<\/li>\n<li>Fermetures \u00e0 glissi\u00e8re couvertes<\/li>\n<li>Montage rapide<\/li>\n<li>Poids faible<\/li>\n<li>En option avec toit en PVC<\/li>\n<li>Solette de s\u00e9rie<\/li>\n<li>Double jupe<\/li>\n<li>Toutes les fen\u00eatres sont compos\u00e9es d\u2019un film teint\u00e9<\/li>\n<li>Coin Vario pour compenser les inclinaisons<\/li>\n<\/ul>\n<p>Mat\u00e9riau\u00a0:<br \/>Toit : 100 % polyester (avec rev\u00eatement sur une face)<br \/>Paroi : 100 % polyester (avec rev\u00eatement acrylique sur une face)<br \/>Jupe et cloison : 100 % Polyester (avec rev\u00eatement PVC sur deux faces)<\/p>\n<p>Contenu de la livraison :<br \/>Toit inclus avec profil aluminium <br \/>Armature de toit et piquets en aluminium avec Power-Grip<br \/>Fa\u00e7ade et parois lat\u00e9rales<br \/>Prot\u00e8ge-roue et pare-vent<br \/>Mat\u00e9riaux de haubanage<br \/>Notice de montage<\/p>\n","protected":false},"excerpt":{"rendered":"<p>Notre tente Rolli Plus Ambiente est le mod\u00e8le haut de gamme de la derni\u00e8re g\u00e9n\u00e9ration de mod\u00e8les Rolli et r\u00e9pond \u00e0 tous les souhaits des campeurs les plus exigeants. Caract\u00e9ristiques et fonctions : Fonction panoramique possible gr\u00e2ce \u00e0 une simple transformation (accessoires moyennant suppl\u00e9ment) Une entr\u00e9e (enroulable lat\u00e9ralement) dans la paroi frontale, les deux moiti\u00e9s [&hellip;]<\/p>\n","protected":false},"featured_media":155043,"template":"","meta":{"_acf_changed":false},"product_featured_cat":[],"product_brand":[3042],"product_cat":[4223],"product_tag":[],"class_list":{"0":"post-155045","1":"product","2":"type-product","3":"status-publish","4":"has-post-thumbnail","6":"product_brand-wigo","7":"product_cat-stores-et-auvents","9":"first","10":"instock","11":"taxable","12":"shipping-taxable","13":"purchasable","14":"product-type-variable"},"acf":[],"yoast_head":"<!-- This site is optimized with the Yoast SEO plugin v27.4 - https:\/\/yoast.com\/product\/yoast-seo-wordpress\/ -->\n<title>Habillage de store Rolli Plus Ambiente - Bantam Wankm\u00fcller SA<\/title>\n<meta name=\"robots\" content=\"index, follow, max-snippet:-1, max-image-preview:large, max-video-preview:-1\" \/>\n<link rel=\"canonical\" href=\"https:\/\/shop.bantam.ch\/fr\/produit\/habillage-de-store-rolli-plus-ambiente\/\" \/>\n<meta property=\"og:locale\" content=\"fr_FR\" \/>\n<meta property=\"og:type\" content=\"article\" \/>\n<meta property=\"og:title\" content=\"Habillage de store Rolli Plus Ambiente - Bantam Wankm\u00fcller SA\" \/>\n<meta property=\"og:description\" content=\"Notre tente Rolli Plus Ambiente est le mod\u00e8le haut de gamme de la derni\u00e8re g\u00e9n\u00e9ration de mod\u00e8les Rolli et r\u00e9pond \u00e0 tous les souhaits des campeurs les plus exigeants. Caract\u00e9ristiques et fonctions : Fonction panoramique possible gr\u00e2ce \u00e0 une simple transformation (accessoires moyennant suppl\u00e9ment) Une entr\u00e9e (enroulable lat\u00e9ralement) dans la paroi frontale, les deux moiti\u00e9s [&hellip;]\" \/>\n<meta property=\"og:url\" content=\"https:\/\/shop.bantam.ch\/fr\/produit\/habillage-de-store-rolli-plus-ambiente\/\" \/>\n<meta property=\"og:site_name\" content=\"Bantam Wankm\u00fcller SA\" \/>\n<meta property=\"article:modified_time\" content=\"2026-04-18T20:53:14+00:00\" \/>\n<meta property=\"og:image\" content=\"https:\/\/shop.bantam.ch\/wp-content\/uploads\/2023\/03\/995588611-4.jpg\" \/>\n\t<meta property=\"og:image:width\" content=\"1000\" \/>\n\t<meta property=\"og:image:height\" content=\"638\" \/>\n\t<meta property=\"og:image:type\" content=\"image\/jpeg\" \/>\n<meta name=\"twitter:card\" content=\"summary_large_image\" \/>\n<meta name=\"twitter:label1\" content=\"Dur\u00e9e de lecture estim\u00e9e\" \/>\n\t<meta name=\"twitter:data1\" content=\"1 minute\" \/>\n<script type=\"application\/ld+json\" class=\"yoast-schema-graph\">{\"@context\":\"https:\\\/\\\/schema.org\",\"@graph\":[{\"@type\":\"WebPage\",\"@id\":\"https:\\\/\\\/shop.bantam.ch\\\/fr\\\/produit\\\/habillage-de-store-rolli-plus-ambiente\\\/\",\"url\":\"https:\\\/\\\/shop.bantam.ch\\\/fr\\\/produit\\\/habillage-de-store-rolli-plus-ambiente\\\/\",\"name\":\"Habillage de store Rolli Plus Ambiente - Bantam Wankm\u00fcller SA\",\"isPartOf\":{\"@id\":\"https:\\\/\\\/shop.bantam.ch\\\/fr\\\/#website\"},\"primaryImageOfPage\":{\"@id\":\"https:\\\/\\\/shop.bantam.ch\\\/fr\\\/produit\\\/habillage-de-store-rolli-plus-ambiente\\\/#primaryimage\"},\"image\":{\"@id\":\"https:\\\/\\\/shop.bantam.ch\\\/fr\\\/produit\\\/habillage-de-store-rolli-plus-ambiente\\\/#primaryimage\"},\"thumbnailUrl\":\"https:\\\/\\\/shop.bantam.ch\\\/wp-content\\\/uploads\\\/2023\\\/03\\\/995588611-4.jpg\",\"datePublished\":\"2023-03-22T15:12:47+00:00\",\"dateModified\":\"2026-04-18T20:53:14+00:00\",\"breadcrumb\":{\"@id\":\"https:\\\/\\\/shop.bantam.ch\\\/fr\\\/produit\\\/habillage-de-store-rolli-plus-ambiente\\\/#breadcrumb\"},\"inLanguage\":\"fr-FR\",\"potentialAction\":[{\"@type\":\"ReadAction\",\"target\":[\"https:\\\/\\\/shop.bantam.ch\\\/fr\\\/produit\\\/habillage-de-store-rolli-plus-ambiente\\\/\"]}]},{\"@type\":\"ImageObject\",\"inLanguage\":\"fr-FR\",\"@id\":\"https:\\\/\\\/shop.bantam.ch\\\/fr\\\/produit\\\/habillage-de-store-rolli-plus-ambiente\\\/#primaryimage\",\"url\":\"https:\\\/\\\/shop.bantam.ch\\\/wp-content\\\/uploads\\\/2023\\\/03\\\/995588611-4.jpg\",\"contentUrl\":\"https:\\\/\\\/shop.bantam.ch\\\/wp-content\\\/uploads\\\/2023\\\/03\\\/995588611-4.jpg\",\"width\":1000,\"height\":638},{\"@type\":\"BreadcrumbList\",\"@id\":\"https:\\\/\\\/shop.bantam.ch\\\/fr\\\/produit\\\/habillage-de-store-rolli-plus-ambiente\\\/#breadcrumb\",\"itemListElement\":[{\"@type\":\"ListItem\",\"position\":1,\"name\":\"Accueil\",\"item\":\"https:\\\/\\\/shop.bantam.ch\\\/fr\\\/\"},{\"@type\":\"ListItem\",\"position\":2,\"name\":\"Boutique\",\"item\":\"https:\\\/\\\/shop.bantam.ch\\\/fr\\\/boutique\\\/\"},{\"@type\":\"ListItem\",\"position\":3,\"name\":\"Habillage de store Rolli Plus Ambiente\"}]},{\"@type\":\"WebSite\",\"@id\":\"https:\\\/\\\/shop.bantam.ch\\\/fr\\\/#website\",\"url\":\"https:\\\/\\\/shop.bantam.ch\\\/fr\\\/\",\"name\":\"Bantam Wankm\u00fcller SA\",\"description\":\"\",\"publisher\":{\"@id\":\"https:\\\/\\\/shop.bantam.ch\\\/fr\\\/#organization\"},\"inLanguage\":\"fr-FR\"},{\"@type\":\"Organization\",\"@id\":\"https:\\\/\\\/shop.bantam.ch\\\/fr\\\/#organization\",\"name\":\"Bantam Wankm\u00fcller SA\",\"url\":\"https:\\\/\\\/shop.bantam.ch\\\/fr\\\/\",\"logo\":{\"@type\":\"ImageObject\",\"inLanguage\":\"fr-FR\",\"@id\":\"https:\\\/\\\/shop.bantam.ch\\\/fr\\\/#\\\/schema\\\/logo\\\/image\\\/\",\"url\":\"https:\\\/\\\/shop.bantam.ch\\\/wp-content\\\/uploads\\\/2022\\\/12\\\/bantam-logo.png\",\"contentUrl\":\"https:\\\/\\\/shop.bantam.ch\\\/wp-content\\\/uploads\\\/2022\\\/12\\\/bantam-logo.png\",\"width\":320,\"height\":71,\"caption\":\"Bantam Wankm\u00fcller SA\"},\"image\":{\"@id\":\"https:\\\/\\\/shop.bantam.ch\\\/fr\\\/#\\\/schema\\\/logo\\\/image\\\/\"}}]}<\/script>\n<!-- \/ Yoast SEO plugin. -->","yoast_head_json":{"title":"Habillage de store Rolli Plus Ambiente - Bantam Wankm\u00fcller SA","robots":{"index":"index","follow":"follow","max-snippet":"max-snippet:-1","max-image-preview":"max-image-preview:large","max-video-preview":"max-video-preview:-1"},"canonical":"https:\/\/shop.bantam.ch\/fr\/produit\/habillage-de-store-rolli-plus-ambiente\/","og_locale":"fr_FR","og_type":"article","og_title":"Habillage de store Rolli Plus Ambiente - Bantam Wankm\u00fcller SA","og_description":"Notre tente Rolli Plus Ambiente est le mod\u00e8le haut de gamme de la derni\u00e8re g\u00e9n\u00e9ration de mod\u00e8les Rolli et r\u00e9pond \u00e0 tous les souhaits des campeurs les plus exigeants. Caract\u00e9ristiques et fonctions : Fonction panoramique possible gr\u00e2ce \u00e0 une simple transformation (accessoires moyennant suppl\u00e9ment) Une entr\u00e9e (enroulable lat\u00e9ralement) dans la paroi frontale, les deux moiti\u00e9s [&hellip;]","og_url":"https:\/\/shop.bantam.ch\/fr\/produit\/habillage-de-store-rolli-plus-ambiente\/","og_site_name":"Bantam Wankm\u00fcller SA","article_modified_time":"2026-04-18T20:53:14+00:00","og_image":[{"width":1000,"height":638,"url":"https:\/\/shop.bantam.ch\/wp-content\/uploads\/2023\/03\/995588611-4.jpg","type":"image\/jpeg"}],"twitter_card":"summary_large_image","twitter_misc":{"Dur\u00e9e de lecture estim\u00e9e":"1 minute"},"schema":{"@context":"https:\/\/schema.org","@graph":[{"@type":"WebPage","@id":"https:\/\/shop.bantam.ch\/fr\/produit\/habillage-de-store-rolli-plus-ambiente\/","url":"https:\/\/shop.bantam.ch\/fr\/produit\/habillage-de-store-rolli-plus-ambiente\/","name":"Habillage de store Rolli Plus Ambiente - Bantam Wankm\u00fcller SA","isPartOf":{"@id":"https:\/\/shop.bantam.ch\/fr\/#website"},"primaryImageOfPage":{"@id":"https:\/\/shop.bantam.ch\/fr\/produit\/habillage-de-store-rolli-plus-ambiente\/#primaryimage"},"image":{"@id":"https:\/\/shop.bantam.ch\/fr\/produit\/habillage-de-store-rolli-plus-ambiente\/#primaryimage"},"thumbnailUrl":"https:\/\/shop.bantam.ch\/wp-content\/uploads\/2023\/03\/995588611-4.jpg","datePublished":"2023-03-22T15:12:47+00:00","dateModified":"2026-04-18T20:53:14+00:00","breadcrumb":{"@id":"https:\/\/shop.bantam.ch\/fr\/produit\/habillage-de-store-rolli-plus-ambiente\/#breadcrumb"},"inLanguage":"fr-FR","potentialAction":[{"@type":"ReadAction","target":["https:\/\/shop.bantam.ch\/fr\/produit\/habillage-de-store-rolli-plus-ambiente\/"]}]},{"@type":"ImageObject","inLanguage":"fr-FR","@id":"https:\/\/shop.bantam.ch\/fr\/produit\/habillage-de-store-rolli-plus-ambiente\/#primaryimage","url":"https:\/\/shop.bantam.ch\/wp-content\/uploads\/2023\/03\/995588611-4.jpg","contentUrl":"https:\/\/shop.bantam.ch\/wp-content\/uploads\/2023\/03\/995588611-4.jpg","width":1000,"height":638},{"@type":"BreadcrumbList","@id":"https:\/\/shop.bantam.ch\/fr\/produit\/habillage-de-store-rolli-plus-ambiente\/#breadcrumb","itemListElement":[{"@type":"ListItem","position":1,"name":"Accueil","item":"https:\/\/shop.bantam.ch\/fr\/"},{"@type":"ListItem","position":2,"name":"Boutique","item":"https:\/\/shop.bantam.ch\/fr\/boutique\/"},{"@type":"ListItem","position":3,"name":"Habillage de store Rolli Plus Ambiente"}]},{"@type":"WebSite","@id":"https:\/\/shop.bantam.ch\/fr\/#website","url":"https:\/\/shop.bantam.ch\/fr\/","name":"Bantam Wankm\u00fcller SA","description":"","publisher":{"@id":"https:\/\/shop.bantam.ch\/fr\/#organization"},"inLanguage":"fr-FR"},{"@type":"Organization","@id":"https:\/\/shop.bantam.ch\/fr\/#organization","name":"Bantam Wankm\u00fcller SA","url":"https:\/\/shop.bantam.ch\/fr\/","logo":{"@type":"ImageObject","inLanguage":"fr-FR","@id":"https:\/\/shop.bantam.ch\/fr\/#\/schema\/logo\/image\/","url":"https:\/\/shop.bantam.ch\/wp-content\/uploads\/2022\/12\/bantam-logo.png","contentUrl":"https:\/\/shop.bantam.ch\/wp-content\/uploads\/2022\/12\/bantam-logo.png","width":320,"height":71,"caption":"Bantam Wankm\u00fcller SA"},"image":{"@id":"https:\/\/shop.bantam.ch\/fr\/#\/schema\/logo\/image\/"}}]}},"_links":{"self":[{"href":"https:\/\/shop.bantam.ch\/fr\/wp-json\/wp\/v2\/product\/155045","targetHints":{"allow":["GET"]}}],"collection":[{"href":"https:\/\/shop.bantam.ch\/fr\/wp-json\/wp\/v2\/product"}],"about":[{"href":"https:\/\/shop.bantam.ch\/fr\/wp-json\/wp\/v2\/types\/product"}],"wp:featuredmedia":[{"embeddable":true,"href":"https:\/\/shop.bantam.ch\/fr\/wp-json\/wp\/v2\/media\/155043"}],"wp:attachment":[{"href":"https:\/\/shop.bantam.ch\/fr\/wp-json\/wp\/v2\/media?parent=155045"}],"wp:term":[{"taxonomy":"product_featured_cat","embeddable":true,"href":"https:\/\/shop.bantam.ch\/fr\/wp-json\/wp\/v2\/product_featured_cat?post=155045"},{"taxonomy":"product_brand","embeddable":true,"href":"https:\/\/shop.bantam.ch\/fr\/wp-json\/wp\/v2\/product_brand?post=155045"},{"taxonomy":"product_cat","embeddable":true,"href":"https:\/\/shop.bantam.ch\/fr\/wp-json\/wp\/v2\/product_cat?post=155045"},{"taxonomy":"product_tag","embeddable":true,"href":"https:\/\/shop.bantam.ch\/fr\/wp-json\/wp\/v2\/product_tag?post=155045"}],"curies":[{"name":"wp","href":"https:\/\/api.w.org\/{rel}","templated":true}]}}