{"id":154920,"date":"2023-03-22T15:55:52","date_gmt":"2023-03-22T14:55:52","guid":{"rendered":"https:\/\/shop.bantam.ch\/produit\/tapis-dauvent-carpet\/"},"modified":"2026-04-17T22:47:48","modified_gmt":"2026-04-17T20:47:48","slug":"tapis-dauvent-carpet","status":"publish","type":"product","link":"https:\/\/shop.bantam.ch\/fr\/produit\/tapis-dauvent-carpet\/","title":{"rendered":"Tapis d&rsquo;auvent Carpet"},"content":{"rendered":"<p>Le tapis Isabella Carpet est fabriqu\u00e9 en Su\u00e8de sans substances toxiques et dans le respect des prescriptions environnementales les plus exigeantes et gr\u00e2ce \u00e0 une \u00e9nergie renouvelable \u00e0 100%. Pour le poids, l\u2019accent a \u00e9t\u00e9 mis sur un bon rapport entre le poids de tissage (d\u00e9cide avec le type de tissage de la long\u00e9vit\u00e9) et un poids de transport le plus l\u00e9ger possible. Dans 99% des cas, ce tapis d\u2019auvent peut se nettoyer \u00e0 l\u2019eau claire avec une brosse. La sensation agr\u00e9able sous les pieds est bien s\u00fbr une \u00e9vidence\u00a0! Tr\u00e8s bon rapport qualit\u00e9\/prix en provenance de Su\u00e8de.<\/p>\n<p>\u00a0<\/p>\n<ul>\n<li>Peut \u00eatre d\u00e9coup\u00e9 dans tous les sens \u00e0 la taille souhait\u00e9e (sans s\u2019effilocher)<\/li>\n<li>Extr\u00eamement r\u00e9sistant \u00e0 l\u2019usure<\/li>\n<li>Difficilement inflammable<\/li>\n<li>R\u00e9sistant \u00e0 l\u2019eau<\/li>\n<li>Prend peu de place repli\u00e9<\/li>\n<li>R\u00e9siste aux UV<\/li>\n<\/ul>\n<p>Mat\u00e9riau de la couche utile\u00a0: vinyle. Poids du mat\u00e9riau\u00a0: env. 495\u00a0g\/m\u00b2.<\/p>\n","protected":false},"excerpt":{"rendered":"<p>Le tapis Isabella Carpet est fabriqu\u00e9 en Su\u00e8de sans substances toxiques et dans le respect des prescriptions environnementales les plus exigeantes et gr\u00e2ce \u00e0 une \u00e9nergie renouvelable \u00e0 100%. Pour le poids, l\u2019accent a \u00e9t\u00e9 mis sur un bon rapport entre le poids de tissage (d\u00e9cide avec le type de tissage de la long\u00e9vit\u00e9) et [&hellip;]<\/p>\n","protected":false},"featured_media":154916,"template":"","meta":{"_acf_changed":false},"product_featured_cat":[],"product_brand":[3090],"product_cat":[4261],"product_tag":[],"class_list":{"0":"post-154920","1":"product","2":"type-product","3":"status-publish","4":"has-post-thumbnail","6":"product_brand-isabella","7":"product_cat-tapis-de-tente-et-planchers","9":"first","10":"instock","11":"taxable","12":"shipping-taxable","13":"purchasable","14":"product-type-variable"},"acf":[],"yoast_head":"<!-- This site is optimized with the Yoast SEO plugin v27.4 - https:\/\/yoast.com\/product\/yoast-seo-wordpress\/ -->\n<title>Tapis d&#039;auvent Carpet - Bantam Wankm\u00fcller SA<\/title>\n<meta name=\"robots\" content=\"index, follow, max-snippet:-1, max-image-preview:large, max-video-preview:-1\" \/>\n<link rel=\"canonical\" href=\"https:\/\/shop.bantam.ch\/fr\/produit\/tapis-dauvent-carpet\/\" \/>\n<meta property=\"og:locale\" content=\"fr_FR\" \/>\n<meta property=\"og:type\" content=\"article\" \/>\n<meta property=\"og:title\" content=\"Tapis d&#039;auvent Carpet - Bantam Wankm\u00fcller SA\" \/>\n<meta property=\"og:description\" content=\"Le tapis Isabella Carpet est fabriqu\u00e9 en Su\u00e8de sans substances toxiques et dans le respect des prescriptions environnementales les plus exigeantes et gr\u00e2ce \u00e0 une \u00e9nergie renouvelable \u00e0 100%. Pour le poids, l\u2019accent a \u00e9t\u00e9 mis sur un bon rapport entre le poids de tissage (d\u00e9cide avec le type de tissage de la long\u00e9vit\u00e9) et [&hellip;]\" \/>\n<meta property=\"og:url\" content=\"https:\/\/shop.bantam.ch\/fr\/produit\/tapis-dauvent-carpet\/\" \/>\n<meta property=\"og:site_name\" content=\"Bantam Wankm\u00fcller SA\" \/>\n<meta property=\"article:modified_time\" content=\"2026-04-17T20:47:48+00:00\" \/>\n<meta property=\"og:image\" content=\"https:\/\/shop.bantam.ch\/wp-content\/uploads\/2023\/03\/994325111.jpg\" \/>\n\t<meta property=\"og:image:width\" content=\"1000\" \/>\n\t<meta property=\"og:image:height\" content=\"901\" \/>\n\t<meta property=\"og:image:type\" content=\"image\/jpeg\" \/>\n<meta name=\"twitter:card\" content=\"summary_large_image\" \/>\n<meta name=\"twitter:label1\" content=\"Dur\u00e9e de lecture estim\u00e9e\" \/>\n\t<meta name=\"twitter:data1\" content=\"1 minute\" \/>\n<script type=\"application\/ld+json\" class=\"yoast-schema-graph\">{\"@context\":\"https:\\\/\\\/schema.org\",\"@graph\":[{\"@type\":\"WebPage\",\"@id\":\"https:\\\/\\\/shop.bantam.ch\\\/fr\\\/produit\\\/tapis-dauvent-carpet\\\/\",\"url\":\"https:\\\/\\\/shop.bantam.ch\\\/fr\\\/produit\\\/tapis-dauvent-carpet\\\/\",\"name\":\"Tapis d'auvent Carpet - Bantam Wankm\u00fcller SA\",\"isPartOf\":{\"@id\":\"https:\\\/\\\/shop.bantam.ch\\\/fr\\\/#website\"},\"primaryImageOfPage\":{\"@id\":\"https:\\\/\\\/shop.bantam.ch\\\/fr\\\/produit\\\/tapis-dauvent-carpet\\\/#primaryimage\"},\"image\":{\"@id\":\"https:\\\/\\\/shop.bantam.ch\\\/fr\\\/produit\\\/tapis-dauvent-carpet\\\/#primaryimage\"},\"thumbnailUrl\":\"https:\\\/\\\/shop.bantam.ch\\\/wp-content\\\/uploads\\\/2023\\\/03\\\/994325111.jpg\",\"datePublished\":\"2023-03-22T14:55:52+00:00\",\"dateModified\":\"2026-04-17T20:47:48+00:00\",\"breadcrumb\":{\"@id\":\"https:\\\/\\\/shop.bantam.ch\\\/fr\\\/produit\\\/tapis-dauvent-carpet\\\/#breadcrumb\"},\"inLanguage\":\"fr-FR\",\"potentialAction\":[{\"@type\":\"ReadAction\",\"target\":[\"https:\\\/\\\/shop.bantam.ch\\\/fr\\\/produit\\\/tapis-dauvent-carpet\\\/\"]}]},{\"@type\":\"ImageObject\",\"inLanguage\":\"fr-FR\",\"@id\":\"https:\\\/\\\/shop.bantam.ch\\\/fr\\\/produit\\\/tapis-dauvent-carpet\\\/#primaryimage\",\"url\":\"https:\\\/\\\/shop.bantam.ch\\\/wp-content\\\/uploads\\\/2023\\\/03\\\/994325111.jpg\",\"contentUrl\":\"https:\\\/\\\/shop.bantam.ch\\\/wp-content\\\/uploads\\\/2023\\\/03\\\/994325111.jpg\",\"width\":1000,\"height\":901},{\"@type\":\"BreadcrumbList\",\"@id\":\"https:\\\/\\\/shop.bantam.ch\\\/fr\\\/produit\\\/tapis-dauvent-carpet\\\/#breadcrumb\",\"itemListElement\":[{\"@type\":\"ListItem\",\"position\":1,\"name\":\"Accueil\",\"item\":\"https:\\\/\\\/shop.bantam.ch\\\/fr\\\/\"},{\"@type\":\"ListItem\",\"position\":2,\"name\":\"Boutique\",\"item\":\"https:\\\/\\\/shop.bantam.ch\\\/fr\\\/boutique\\\/\"},{\"@type\":\"ListItem\",\"position\":3,\"name\":\"Tapis d&#8217;auvent Carpet\"}]},{\"@type\":\"WebSite\",\"@id\":\"https:\\\/\\\/shop.bantam.ch\\\/fr\\\/#website\",\"url\":\"https:\\\/\\\/shop.bantam.ch\\\/fr\\\/\",\"name\":\"Bantam Wankm\u00fcller SA\",\"description\":\"\",\"publisher\":{\"@id\":\"https:\\\/\\\/shop.bantam.ch\\\/fr\\\/#organization\"},\"inLanguage\":\"fr-FR\"},{\"@type\":\"Organization\",\"@id\":\"https:\\\/\\\/shop.bantam.ch\\\/fr\\\/#organization\",\"name\":\"Bantam Wankm\u00fcller SA\",\"url\":\"https:\\\/\\\/shop.bantam.ch\\\/fr\\\/\",\"logo\":{\"@type\":\"ImageObject\",\"inLanguage\":\"fr-FR\",\"@id\":\"https:\\\/\\\/shop.bantam.ch\\\/fr\\\/#\\\/schema\\\/logo\\\/image\\\/\",\"url\":\"https:\\\/\\\/shop.bantam.ch\\\/wp-content\\\/uploads\\\/2022\\\/12\\\/bantam-logo.png\",\"contentUrl\":\"https:\\\/\\\/shop.bantam.ch\\\/wp-content\\\/uploads\\\/2022\\\/12\\\/bantam-logo.png\",\"width\":320,\"height\":71,\"caption\":\"Bantam Wankm\u00fcller SA\"},\"image\":{\"@id\":\"https:\\\/\\\/shop.bantam.ch\\\/fr\\\/#\\\/schema\\\/logo\\\/image\\\/\"}}]}<\/script>\n<!-- \/ Yoast SEO plugin. -->","yoast_head_json":{"title":"Tapis d'auvent Carpet - Bantam Wankm\u00fcller SA","robots":{"index":"index","follow":"follow","max-snippet":"max-snippet:-1","max-image-preview":"max-image-preview:large","max-video-preview":"max-video-preview:-1"},"canonical":"https:\/\/shop.bantam.ch\/fr\/produit\/tapis-dauvent-carpet\/","og_locale":"fr_FR","og_type":"article","og_title":"Tapis d'auvent Carpet - Bantam Wankm\u00fcller SA","og_description":"Le tapis Isabella Carpet est fabriqu\u00e9 en Su\u00e8de sans substances toxiques et dans le respect des prescriptions environnementales les plus exigeantes et gr\u00e2ce \u00e0 une \u00e9nergie renouvelable \u00e0 100%. Pour le poids, l\u2019accent a \u00e9t\u00e9 mis sur un bon rapport entre le poids de tissage (d\u00e9cide avec le type de tissage de la long\u00e9vit\u00e9) et [&hellip;]","og_url":"https:\/\/shop.bantam.ch\/fr\/produit\/tapis-dauvent-carpet\/","og_site_name":"Bantam Wankm\u00fcller SA","article_modified_time":"2026-04-17T20:47:48+00:00","og_image":[{"width":1000,"height":901,"url":"https:\/\/shop.bantam.ch\/wp-content\/uploads\/2023\/03\/994325111.jpg","type":"image\/jpeg"}],"twitter_card":"summary_large_image","twitter_misc":{"Dur\u00e9e de lecture estim\u00e9e":"1 minute"},"schema":{"@context":"https:\/\/schema.org","@graph":[{"@type":"WebPage","@id":"https:\/\/shop.bantam.ch\/fr\/produit\/tapis-dauvent-carpet\/","url":"https:\/\/shop.bantam.ch\/fr\/produit\/tapis-dauvent-carpet\/","name":"Tapis d'auvent Carpet - Bantam Wankm\u00fcller SA","isPartOf":{"@id":"https:\/\/shop.bantam.ch\/fr\/#website"},"primaryImageOfPage":{"@id":"https:\/\/shop.bantam.ch\/fr\/produit\/tapis-dauvent-carpet\/#primaryimage"},"image":{"@id":"https:\/\/shop.bantam.ch\/fr\/produit\/tapis-dauvent-carpet\/#primaryimage"},"thumbnailUrl":"https:\/\/shop.bantam.ch\/wp-content\/uploads\/2023\/03\/994325111.jpg","datePublished":"2023-03-22T14:55:52+00:00","dateModified":"2026-04-17T20:47:48+00:00","breadcrumb":{"@id":"https:\/\/shop.bantam.ch\/fr\/produit\/tapis-dauvent-carpet\/#breadcrumb"},"inLanguage":"fr-FR","potentialAction":[{"@type":"ReadAction","target":["https:\/\/shop.bantam.ch\/fr\/produit\/tapis-dauvent-carpet\/"]}]},{"@type":"ImageObject","inLanguage":"fr-FR","@id":"https:\/\/shop.bantam.ch\/fr\/produit\/tapis-dauvent-carpet\/#primaryimage","url":"https:\/\/shop.bantam.ch\/wp-content\/uploads\/2023\/03\/994325111.jpg","contentUrl":"https:\/\/shop.bantam.ch\/wp-content\/uploads\/2023\/03\/994325111.jpg","width":1000,"height":901},{"@type":"BreadcrumbList","@id":"https:\/\/shop.bantam.ch\/fr\/produit\/tapis-dauvent-carpet\/#breadcrumb","itemListElement":[{"@type":"ListItem","position":1,"name":"Accueil","item":"https:\/\/shop.bantam.ch\/fr\/"},{"@type":"ListItem","position":2,"name":"Boutique","item":"https:\/\/shop.bantam.ch\/fr\/boutique\/"},{"@type":"ListItem","position":3,"name":"Tapis d&#8217;auvent Carpet"}]},{"@type":"WebSite","@id":"https:\/\/shop.bantam.ch\/fr\/#website","url":"https:\/\/shop.bantam.ch\/fr\/","name":"Bantam Wankm\u00fcller SA","description":"","publisher":{"@id":"https:\/\/shop.bantam.ch\/fr\/#organization"},"inLanguage":"fr-FR"},{"@type":"Organization","@id":"https:\/\/shop.bantam.ch\/fr\/#organization","name":"Bantam Wankm\u00fcller SA","url":"https:\/\/shop.bantam.ch\/fr\/","logo":{"@type":"ImageObject","inLanguage":"fr-FR","@id":"https:\/\/shop.bantam.ch\/fr\/#\/schema\/logo\/image\/","url":"https:\/\/shop.bantam.ch\/wp-content\/uploads\/2022\/12\/bantam-logo.png","contentUrl":"https:\/\/shop.bantam.ch\/wp-content\/uploads\/2022\/12\/bantam-logo.png","width":320,"height":71,"caption":"Bantam Wankm\u00fcller SA"},"image":{"@id":"https:\/\/shop.bantam.ch\/fr\/#\/schema\/logo\/image\/"}}]}},"_links":{"self":[{"href":"https:\/\/shop.bantam.ch\/fr\/wp-json\/wp\/v2\/product\/154920","targetHints":{"allow":["GET"]}}],"collection":[{"href":"https:\/\/shop.bantam.ch\/fr\/wp-json\/wp\/v2\/product"}],"about":[{"href":"https:\/\/shop.bantam.ch\/fr\/wp-json\/wp\/v2\/types\/product"}],"wp:featuredmedia":[{"embeddable":true,"href":"https:\/\/shop.bantam.ch\/fr\/wp-json\/wp\/v2\/media\/154916"}],"wp:attachment":[{"href":"https:\/\/shop.bantam.ch\/fr\/wp-json\/wp\/v2\/media?parent=154920"}],"wp:term":[{"taxonomy":"product_featured_cat","embeddable":true,"href":"https:\/\/shop.bantam.ch\/fr\/wp-json\/wp\/v2\/product_featured_cat?post=154920"},{"taxonomy":"product_brand","embeddable":true,"href":"https:\/\/shop.bantam.ch\/fr\/wp-json\/wp\/v2\/product_brand?post=154920"},{"taxonomy":"product_cat","embeddable":true,"href":"https:\/\/shop.bantam.ch\/fr\/wp-json\/wp\/v2\/product_cat?post=154920"},{"taxonomy":"product_tag","embeddable":true,"href":"https:\/\/shop.bantam.ch\/fr\/wp-json\/wp\/v2\/product_tag?post=154920"}],"curies":[{"name":"wp","href":"https:\/\/api.w.org\/{rel}","templated":true}]}}