{"id":154845,"date":"2023-03-22T15:53:44","date_gmt":"2023-03-22T14:53:44","guid":{"rendered":"https:\/\/shop.bantam.ch\/produit\/double-store-enrouleur-a-cassette-remiflair-i\/"},"modified":"2026-04-17T22:47:04","modified_gmt":"2026-04-17T20:47:04","slug":"double-store-enrouleur-a-cassette-remiflair-i","status":"publish","type":"product","link":"https:\/\/shop.bantam.ch\/fr\/produit\/double-store-enrouleur-a-cassette-remiflair-i\/","title":{"rendered":"Double store enrouleur \u00e0 cassette REMIflair I"},"content":{"rendered":"<p>Le double store \u00e0 cassette de tr\u00e8s grande qualit\u00e9 est positionn\u00e9 directement devant la fen\u00eatre et conf\u00e8re ainsi \u00e0 la pi\u00e8ce une atmosph\u00e8re accueillante. Le film de protection contre le soleil, au rev\u00eatement d\u2019aluminium, offre un tr\u00e8s bon obscurcissement et une excellente isolation de la chaleur et du froid. Une moustiquaire efficace, le peu d\u2019espace requis et un montage simple fond de REMIflair un v\u00e9ritable produit polyvalent.<\/p>\n<p>Couleur cassette blanc cr\u00e8me, pare-soleil cr\u00e8me\/argent\u00e9, moustiquaire blanche<\/p>\n","protected":false},"excerpt":{"rendered":"<p>Le double store \u00e0 cassette de tr\u00e8s grande qualit\u00e9 est positionn\u00e9 directement devant la fen\u00eatre et conf\u00e8re ainsi \u00e0 la pi\u00e8ce une atmosph\u00e8re accueillante. Le film de protection contre le soleil, au rev\u00eatement d\u2019aluminium, offre un tr\u00e8s bon obscurcissement et une excellente isolation de la chaleur et du froid. Une moustiquaire efficace, le peu d\u2019espace [&hellip;]<\/p>\n","protected":false},"featured_media":154841,"template":"","meta":{"_acf_changed":false},"product_featured_cat":[],"product_brand":[3044],"product_cat":[4723],"product_tag":[],"class_list":{"0":"post-154845","1":"product","2":"type-product","3":"status-publish","4":"has-post-thumbnail","6":"product_brand-remis","7":"product_cat-stores-a-enroulement","9":"first","10":"instock","11":"taxable","12":"shipping-taxable","13":"purchasable","14":"product-type-variable"},"acf":[],"yoast_head":"<!-- This site is optimized with the Yoast SEO plugin v27.4 - https:\/\/yoast.com\/product\/yoast-seo-wordpress\/ -->\n<title>Double store enrouleur \u00e0 cassette REMIflair I - Bantam Wankm\u00fcller SA<\/title>\n<meta name=\"robots\" content=\"index, follow, max-snippet:-1, max-image-preview:large, max-video-preview:-1\" \/>\n<link rel=\"canonical\" href=\"https:\/\/shop.bantam.ch\/fr\/produit\/double-store-enrouleur-a-cassette-remiflair-i\/\" \/>\n<meta property=\"og:locale\" content=\"fr_FR\" \/>\n<meta property=\"og:type\" content=\"article\" \/>\n<meta property=\"og:title\" content=\"Double store enrouleur \u00e0 cassette REMIflair I - Bantam Wankm\u00fcller SA\" \/>\n<meta property=\"og:description\" content=\"Le double store \u00e0 cassette de tr\u00e8s grande qualit\u00e9 est positionn\u00e9 directement devant la fen\u00eatre et conf\u00e8re ainsi \u00e0 la pi\u00e8ce une atmosph\u00e8re accueillante. Le film de protection contre le soleil, au rev\u00eatement d\u2019aluminium, offre un tr\u00e8s bon obscurcissement et une excellente isolation de la chaleur et du froid. Une moustiquaire efficace, le peu d\u2019espace [&hellip;]\" \/>\n<meta property=\"og:url\" content=\"https:\/\/shop.bantam.ch\/fr\/produit\/double-store-enrouleur-a-cassette-remiflair-i\/\" \/>\n<meta property=\"og:site_name\" content=\"Bantam Wankm\u00fcller SA\" \/>\n<meta property=\"article:modified_time\" content=\"2026-04-17T20:47:04+00:00\" \/>\n<meta property=\"og:image\" content=\"https:\/\/shop.bantam.ch\/wp-content\/uploads\/2023\/03\/994322311.jpg\" \/>\n\t<meta property=\"og:image:width\" content=\"1000\" \/>\n\t<meta property=\"og:image:height\" content=\"565\" \/>\n\t<meta property=\"og:image:type\" content=\"image\/jpeg\" \/>\n<meta name=\"twitter:card\" content=\"summary_large_image\" \/>\n<script type=\"application\/ld+json\" class=\"yoast-schema-graph\">{\"@context\":\"https:\\\/\\\/schema.org\",\"@graph\":[{\"@type\":\"WebPage\",\"@id\":\"https:\\\/\\\/shop.bantam.ch\\\/fr\\\/produit\\\/double-store-enrouleur-a-cassette-remiflair-i\\\/\",\"url\":\"https:\\\/\\\/shop.bantam.ch\\\/fr\\\/produit\\\/double-store-enrouleur-a-cassette-remiflair-i\\\/\",\"name\":\"Double store enrouleur \u00e0 cassette REMIflair I - Bantam Wankm\u00fcller SA\",\"isPartOf\":{\"@id\":\"https:\\\/\\\/shop.bantam.ch\\\/fr\\\/#website\"},\"primaryImageOfPage\":{\"@id\":\"https:\\\/\\\/shop.bantam.ch\\\/fr\\\/produit\\\/double-store-enrouleur-a-cassette-remiflair-i\\\/#primaryimage\"},\"image\":{\"@id\":\"https:\\\/\\\/shop.bantam.ch\\\/fr\\\/produit\\\/double-store-enrouleur-a-cassette-remiflair-i\\\/#primaryimage\"},\"thumbnailUrl\":\"https:\\\/\\\/shop.bantam.ch\\\/wp-content\\\/uploads\\\/2023\\\/03\\\/994322311.jpg\",\"datePublished\":\"2023-03-22T14:53:44+00:00\",\"dateModified\":\"2026-04-17T20:47:04+00:00\",\"breadcrumb\":{\"@id\":\"https:\\\/\\\/shop.bantam.ch\\\/fr\\\/produit\\\/double-store-enrouleur-a-cassette-remiflair-i\\\/#breadcrumb\"},\"inLanguage\":\"fr-FR\",\"potentialAction\":[{\"@type\":\"ReadAction\",\"target\":[\"https:\\\/\\\/shop.bantam.ch\\\/fr\\\/produit\\\/double-store-enrouleur-a-cassette-remiflair-i\\\/\"]}]},{\"@type\":\"ImageObject\",\"inLanguage\":\"fr-FR\",\"@id\":\"https:\\\/\\\/shop.bantam.ch\\\/fr\\\/produit\\\/double-store-enrouleur-a-cassette-remiflair-i\\\/#primaryimage\",\"url\":\"https:\\\/\\\/shop.bantam.ch\\\/wp-content\\\/uploads\\\/2023\\\/03\\\/994322311.jpg\",\"contentUrl\":\"https:\\\/\\\/shop.bantam.ch\\\/wp-content\\\/uploads\\\/2023\\\/03\\\/994322311.jpg\",\"width\":1000,\"height\":565},{\"@type\":\"BreadcrumbList\",\"@id\":\"https:\\\/\\\/shop.bantam.ch\\\/fr\\\/produit\\\/double-store-enrouleur-a-cassette-remiflair-i\\\/#breadcrumb\",\"itemListElement\":[{\"@type\":\"ListItem\",\"position\":1,\"name\":\"Accueil\",\"item\":\"https:\\\/\\\/shop.bantam.ch\\\/fr\\\/\"},{\"@type\":\"ListItem\",\"position\":2,\"name\":\"Boutique\",\"item\":\"https:\\\/\\\/shop.bantam.ch\\\/fr\\\/boutique\\\/\"},{\"@type\":\"ListItem\",\"position\":3,\"name\":\"Double store enrouleur \u00e0 cassette REMIflair I\"}]},{\"@type\":\"WebSite\",\"@id\":\"https:\\\/\\\/shop.bantam.ch\\\/fr\\\/#website\",\"url\":\"https:\\\/\\\/shop.bantam.ch\\\/fr\\\/\",\"name\":\"Bantam Wankm\u00fcller SA\",\"description\":\"\",\"publisher\":{\"@id\":\"https:\\\/\\\/shop.bantam.ch\\\/fr\\\/#organization\"},\"inLanguage\":\"fr-FR\"},{\"@type\":\"Organization\",\"@id\":\"https:\\\/\\\/shop.bantam.ch\\\/fr\\\/#organization\",\"name\":\"Bantam Wankm\u00fcller SA\",\"url\":\"https:\\\/\\\/shop.bantam.ch\\\/fr\\\/\",\"logo\":{\"@type\":\"ImageObject\",\"inLanguage\":\"fr-FR\",\"@id\":\"https:\\\/\\\/shop.bantam.ch\\\/fr\\\/#\\\/schema\\\/logo\\\/image\\\/\",\"url\":\"https:\\\/\\\/shop.bantam.ch\\\/wp-content\\\/uploads\\\/2022\\\/12\\\/bantam-logo.png\",\"contentUrl\":\"https:\\\/\\\/shop.bantam.ch\\\/wp-content\\\/uploads\\\/2022\\\/12\\\/bantam-logo.png\",\"width\":320,\"height\":71,\"caption\":\"Bantam Wankm\u00fcller SA\"},\"image\":{\"@id\":\"https:\\\/\\\/shop.bantam.ch\\\/fr\\\/#\\\/schema\\\/logo\\\/image\\\/\"}}]}<\/script>\n<!-- \/ Yoast SEO plugin. -->","yoast_head_json":{"title":"Double store enrouleur \u00e0 cassette REMIflair I - Bantam Wankm\u00fcller SA","robots":{"index":"index","follow":"follow","max-snippet":"max-snippet:-1","max-image-preview":"max-image-preview:large","max-video-preview":"max-video-preview:-1"},"canonical":"https:\/\/shop.bantam.ch\/fr\/produit\/double-store-enrouleur-a-cassette-remiflair-i\/","og_locale":"fr_FR","og_type":"article","og_title":"Double store enrouleur \u00e0 cassette REMIflair I - Bantam Wankm\u00fcller SA","og_description":"Le double store \u00e0 cassette de tr\u00e8s grande qualit\u00e9 est positionn\u00e9 directement devant la fen\u00eatre et conf\u00e8re ainsi \u00e0 la pi\u00e8ce une atmosph\u00e8re accueillante. Le film de protection contre le soleil, au rev\u00eatement d\u2019aluminium, offre un tr\u00e8s bon obscurcissement et une excellente isolation de la chaleur et du froid. Une moustiquaire efficace, le peu d\u2019espace [&hellip;]","og_url":"https:\/\/shop.bantam.ch\/fr\/produit\/double-store-enrouleur-a-cassette-remiflair-i\/","og_site_name":"Bantam Wankm\u00fcller SA","article_modified_time":"2026-04-17T20:47:04+00:00","og_image":[{"width":1000,"height":565,"url":"https:\/\/shop.bantam.ch\/wp-content\/uploads\/2023\/03\/994322311.jpg","type":"image\/jpeg"}],"twitter_card":"summary_large_image","schema":{"@context":"https:\/\/schema.org","@graph":[{"@type":"WebPage","@id":"https:\/\/shop.bantam.ch\/fr\/produit\/double-store-enrouleur-a-cassette-remiflair-i\/","url":"https:\/\/shop.bantam.ch\/fr\/produit\/double-store-enrouleur-a-cassette-remiflair-i\/","name":"Double store enrouleur \u00e0 cassette REMIflair I - Bantam Wankm\u00fcller SA","isPartOf":{"@id":"https:\/\/shop.bantam.ch\/fr\/#website"},"primaryImageOfPage":{"@id":"https:\/\/shop.bantam.ch\/fr\/produit\/double-store-enrouleur-a-cassette-remiflair-i\/#primaryimage"},"image":{"@id":"https:\/\/shop.bantam.ch\/fr\/produit\/double-store-enrouleur-a-cassette-remiflair-i\/#primaryimage"},"thumbnailUrl":"https:\/\/shop.bantam.ch\/wp-content\/uploads\/2023\/03\/994322311.jpg","datePublished":"2023-03-22T14:53:44+00:00","dateModified":"2026-04-17T20:47:04+00:00","breadcrumb":{"@id":"https:\/\/shop.bantam.ch\/fr\/produit\/double-store-enrouleur-a-cassette-remiflair-i\/#breadcrumb"},"inLanguage":"fr-FR","potentialAction":[{"@type":"ReadAction","target":["https:\/\/shop.bantam.ch\/fr\/produit\/double-store-enrouleur-a-cassette-remiflair-i\/"]}]},{"@type":"ImageObject","inLanguage":"fr-FR","@id":"https:\/\/shop.bantam.ch\/fr\/produit\/double-store-enrouleur-a-cassette-remiflair-i\/#primaryimage","url":"https:\/\/shop.bantam.ch\/wp-content\/uploads\/2023\/03\/994322311.jpg","contentUrl":"https:\/\/shop.bantam.ch\/wp-content\/uploads\/2023\/03\/994322311.jpg","width":1000,"height":565},{"@type":"BreadcrumbList","@id":"https:\/\/shop.bantam.ch\/fr\/produit\/double-store-enrouleur-a-cassette-remiflair-i\/#breadcrumb","itemListElement":[{"@type":"ListItem","position":1,"name":"Accueil","item":"https:\/\/shop.bantam.ch\/fr\/"},{"@type":"ListItem","position":2,"name":"Boutique","item":"https:\/\/shop.bantam.ch\/fr\/boutique\/"},{"@type":"ListItem","position":3,"name":"Double store enrouleur \u00e0 cassette REMIflair I"}]},{"@type":"WebSite","@id":"https:\/\/shop.bantam.ch\/fr\/#website","url":"https:\/\/shop.bantam.ch\/fr\/","name":"Bantam Wankm\u00fcller SA","description":"","publisher":{"@id":"https:\/\/shop.bantam.ch\/fr\/#organization"},"inLanguage":"fr-FR"},{"@type":"Organization","@id":"https:\/\/shop.bantam.ch\/fr\/#organization","name":"Bantam Wankm\u00fcller SA","url":"https:\/\/shop.bantam.ch\/fr\/","logo":{"@type":"ImageObject","inLanguage":"fr-FR","@id":"https:\/\/shop.bantam.ch\/fr\/#\/schema\/logo\/image\/","url":"https:\/\/shop.bantam.ch\/wp-content\/uploads\/2022\/12\/bantam-logo.png","contentUrl":"https:\/\/shop.bantam.ch\/wp-content\/uploads\/2022\/12\/bantam-logo.png","width":320,"height":71,"caption":"Bantam Wankm\u00fcller SA"},"image":{"@id":"https:\/\/shop.bantam.ch\/fr\/#\/schema\/logo\/image\/"}}]}},"_links":{"self":[{"href":"https:\/\/shop.bantam.ch\/fr\/wp-json\/wp\/v2\/product\/154845","targetHints":{"allow":["GET"]}}],"collection":[{"href":"https:\/\/shop.bantam.ch\/fr\/wp-json\/wp\/v2\/product"}],"about":[{"href":"https:\/\/shop.bantam.ch\/fr\/wp-json\/wp\/v2\/types\/product"}],"wp:featuredmedia":[{"embeddable":true,"href":"https:\/\/shop.bantam.ch\/fr\/wp-json\/wp\/v2\/media\/154841"}],"wp:attachment":[{"href":"https:\/\/shop.bantam.ch\/fr\/wp-json\/wp\/v2\/media?parent=154845"}],"wp:term":[{"taxonomy":"product_featured_cat","embeddable":true,"href":"https:\/\/shop.bantam.ch\/fr\/wp-json\/wp\/v2\/product_featured_cat?post=154845"},{"taxonomy":"product_brand","embeddable":true,"href":"https:\/\/shop.bantam.ch\/fr\/wp-json\/wp\/v2\/product_brand?post=154845"},{"taxonomy":"product_cat","embeddable":true,"href":"https:\/\/shop.bantam.ch\/fr\/wp-json\/wp\/v2\/product_cat?post=154845"},{"taxonomy":"product_tag","embeddable":true,"href":"https:\/\/shop.bantam.ch\/fr\/wp-json\/wp\/v2\/product_tag?post=154845"}],"curies":[{"name":"wp","href":"https:\/\/api.w.org\/{rel}","templated":true}]}}