{"id":154695,"date":"2023-03-22T15:50:48","date_gmt":"2023-03-22T14:50:48","guid":{"rendered":"https:\/\/shop.bantam.ch\/produit\/systeme-satellite-cytrac-dx-premium-avec-oyster-tv\/"},"modified":"2026-05-01T22:38:03","modified_gmt":"2026-05-01T20:38:03","slug":"systeme-satellite-cytrac-dx-premium-avec-oyster-tv","status":"publish","type":"product","link":"https:\/\/shop.bantam.ch\/fr\/produit\/systeme-satellite-cytrac-dx-premium-avec-oyster-tv\/","title":{"rendered":"Syst\u00e8me satellite Cytrac DX Premium avec Oyster TV"},"content":{"rendered":"<p><strong>Compact, moderne et une gigantesque zone de r\u00e9ception. Oyster LED TV inclus.<\/strong><\/p>\n<p>Technologie d&rsquo;antenne brevet\u00e9e pour une plus grande port\u00e9e. Une antenne petite et compacte pour un montage peu encombrant sur le toit du v\u00e9hicule. Simple, l\u00e9ger et facile \u00e0 utiliser. R\u00e9glage compl\u00e8tement automatique et localisation du satellite normalement entre 30 et 60 secondes. Technique LEM : R\u00e9duction du temps de recherche (l&rsquo;antenne cherche le dernier angle d&rsquo;inclinaison configur\u00e9). Mise en marche autonome au d\u00e9marrage du v\u00e9hicule Traitement de qualit\u00e9 pour un \u00e9quipement solide. Construction solide et fiable r\u00e9sistant \u00e9galement \u00e0 la gr\u00eale (gr\u00e2ce \u00e0 la mati\u00e8re plastique PC-ASA)<\/p>\n<p><strong>Technologie de r\u00e9ception brevet\u00e9e<\/strong><\/p>\n<p>La pi\u00e8ce ma\u00eetresse du Cytrac DX se compose de 1016\u00a0antennes individuelles coupl\u00e9es et dispos\u00e9es en nid d\u2018abeille. Une s\u00e9paration soigneuse des circuits entre les deux plans de polarisation \u00e9limine toute diaphonie et<\/p>\n<p>assure une puret\u00e9 du signal encore jamais atteinte, particuli\u00e8rement int\u00e9ressante en ce qui concerne les cha\u00eenes HD. L&rsquo;accumulation de signaux se fait en utilisant des m\u00e9thodes de calcul math\u00e9matiques des plus modernes, garantissant ainsi une qualit\u00e9 de r\u00e9ception incroyable.<\/p>\n<p><strong>Variante Premium<\/strong>, notamment pour les clients qui souhaitent un \u00e9quipement complet d&rsquo;un seul fournisseur. Ce syst\u00e8me Premium vous permet d&rsquo;utiliser facilement et simplement les deux appareils avec une seule t\u00e9l\u00e9commande.<\/p>\n<p><strong>Caract\u00e9ristiques :<\/strong><\/p>\n<p>Appareil dernier cri au design ultra-plat. LED TV : Des images fascinantes avec la meilleure r\u00e9solution. HD Tuner pour DVB-S \/ -S2 \/ -T** \/ -T2** r\u00e9ception Possibilit\u00e9 de raccordement par USB 2.0 et HDMI. Montage universel par support VESA standard. T\u00e9l\u00e9commande syst\u00e8me\u00a0: une seule t\u00e9l\u00e9commande pour l\u2019installation satellite CytracDX Premium et le t\u00e9l\u00e9viseur \u00ab\u00a0Oyster TV\u00a0\u00bb. EPG : guide \u00e9lectronique des programmes et de programmation par minuterie. Baie module : CI \/ CI+. Interrupteur d&rsquo;alimentation : Marche \/ arr\u00eat.<\/p>\n<p>\u00a0<\/p>\n<ul>\n<li>Technique \u00e0 un c\u00e2ble<\/li>\n<li>Condition APPLI<\/li>\n<li>Mises \u00e0 jour automatiques via APPLI<\/li>\n<li>Technologie de r\u00e9ception brevet\u00e9e pour une port\u00e9e incroyable<\/li>\n<li>Montage peu encombrant sur pratiquement tous les toits de v\u00e9hicules<\/li>\n<li>Hauteur de montage tr\u00e8s faible<\/li>\n<li>Orientation et recherche des satellites enti\u00e8rement automatiques<\/li>\n<li>Mise en marche autonome au d\u00e9marrage du v\u00e9hicule<\/li>\n<li>Changement de satellite automatique.<\/li>\n<li>Traitement de qualit\u00e9 pour un \u00e9quipement solide.<\/li>\n<li>Fabricant certifi\u00e9 QM selon ISO 9001<\/li>\n<li>3 ans de garantie fabricant et service client \u00e0 l&rsquo;\u00e9coute.<\/li>\n<li>Tension de raccordement (tension \u00e0 bord) 12 \/ 24 volts<\/li>\n<li>Marque de r\u00e9ception par type<\/li>\n<\/ul>\n<p>\u00a0<\/p>\n<p>Commande via APPLI incluse<br \/>L\u2019application ten haaft est maintenant disponible pour une commande ais\u00e9e de la Cytrac. Elle permet \u00e9galement d\u2019installer des mises \u00e0 jour en toute simplicit\u00e9 afin que votre installation soit toujours actuelle du point de vue logiciel.<br \/>Compatible Android et iOS.<\/p>\n","protected":false},"excerpt":{"rendered":"<p>Compact, moderne et une gigantesque zone de r\u00e9ception. Oyster LED TV inclus. Technologie d&rsquo;antenne brevet\u00e9e pour une plus grande port\u00e9e. Une antenne petite et compacte pour un montage peu encombrant sur le toit du v\u00e9hicule. Simple, l\u00e9ger et facile \u00e0 utiliser. R\u00e9glage compl\u00e8tement automatique et localisation du satellite normalement entre 30 et 60 secondes. Technique [&hellip;]<\/p>\n","protected":false},"featured_media":154685,"template":"","meta":{"_acf_changed":false},"product_featured_cat":[],"product_brand":[3126],"product_cat":[4529],"product_tag":[],"class_list":{"0":"post-154695","1":"product","2":"type-product","3":"status-publish","4":"has-post-thumbnail","6":"product_brand-oyster","7":"product_cat-systemes-complets-de-satellites-et-televiseurs","9":"first","10":"outofstock","11":"taxable","12":"shipping-taxable","13":"product-type-variable"},"acf":[],"yoast_head":"<!-- This site is optimized with the Yoast SEO plugin v27.5 - https:\/\/yoast.com\/product\/yoast-seo-wordpress\/ -->\n<title>Syst\u00e8me satellite Cytrac DX Premium avec Oyster TV - Bantam<\/title>\n<meta name=\"robots\" content=\"index, follow, max-snippet:-1, max-image-preview:large, max-video-preview:-1\" \/>\n<link rel=\"canonical\" href=\"https:\/\/shop.bantam.ch\/fr\/produit\/systeme-satellite-cytrac-dx-premium-avec-oyster-tv\/\" \/>\n<meta property=\"og:locale\" content=\"fr_FR\" \/>\n<meta property=\"og:type\" content=\"article\" \/>\n<meta property=\"og:title\" content=\"Syst\u00e8me satellite Cytrac DX Premium avec Oyster TV - Bantam\" \/>\n<meta property=\"og:description\" content=\"Compact, moderne et une gigantesque zone de r\u00e9ception. Oyster LED TV inclus. Technologie d&rsquo;antenne brevet\u00e9e pour une plus grande port\u00e9e. Une antenne petite et compacte pour un montage peu encombrant sur le toit du v\u00e9hicule. Simple, l\u00e9ger et facile \u00e0 utiliser. R\u00e9glage compl\u00e8tement automatique et localisation du satellite normalement entre 30 et 60 secondes. Technique [&hellip;]\" \/>\n<meta property=\"og:url\" content=\"https:\/\/shop.bantam.ch\/fr\/produit\/systeme-satellite-cytrac-dx-premium-avec-oyster-tv\/\" \/>\n<meta property=\"og:site_name\" content=\"Bantam\" \/>\n<meta property=\"article:modified_time\" content=\"2026-05-01T20:38:03+00:00\" \/>\n<meta property=\"og:image\" content=\"https:\/\/shop.bantam.ch\/wp-content\/uploads\/2023\/03\/995534111.jpg\" \/>\n\t<meta property=\"og:image:width\" content=\"567\" \/>\n\t<meta property=\"og:image:height\" content=\"351\" \/>\n\t<meta property=\"og:image:type\" content=\"image\/jpeg\" \/>\n<meta name=\"twitter:card\" content=\"summary_large_image\" \/>\n<meta name=\"twitter:label1\" content=\"Dur\u00e9e de lecture estim\u00e9e\" \/>\n\t<meta name=\"twitter:data1\" content=\"2 minutes\" \/>\n<script type=\"application\/ld+json\" class=\"yoast-schema-graph\">{\"@context\":\"https:\\\/\\\/schema.org\",\"@graph\":[{\"@type\":\"WebPage\",\"@id\":\"https:\\\/\\\/shop.bantam.ch\\\/fr\\\/produit\\\/systeme-satellite-cytrac-dx-premium-avec-oyster-tv\\\/\",\"url\":\"https:\\\/\\\/shop.bantam.ch\\\/fr\\\/produit\\\/systeme-satellite-cytrac-dx-premium-avec-oyster-tv\\\/\",\"name\":\"Syst\u00e8me satellite Cytrac DX Premium avec Oyster TV - Bantam\",\"isPartOf\":{\"@id\":\"https:\\\/\\\/shop.bantam.ch\\\/fr\\\/#website\"},\"primaryImageOfPage\":{\"@id\":\"https:\\\/\\\/shop.bantam.ch\\\/fr\\\/produit\\\/systeme-satellite-cytrac-dx-premium-avec-oyster-tv\\\/#primaryimage\"},\"image\":{\"@id\":\"https:\\\/\\\/shop.bantam.ch\\\/fr\\\/produit\\\/systeme-satellite-cytrac-dx-premium-avec-oyster-tv\\\/#primaryimage\"},\"thumbnailUrl\":\"https:\\\/\\\/shop.bantam.ch\\\/wp-content\\\/uploads\\\/2023\\\/03\\\/995534111.jpg\",\"datePublished\":\"2023-03-22T14:50:48+00:00\",\"dateModified\":\"2026-05-01T20:38:03+00:00\",\"breadcrumb\":{\"@id\":\"https:\\\/\\\/shop.bantam.ch\\\/fr\\\/produit\\\/systeme-satellite-cytrac-dx-premium-avec-oyster-tv\\\/#breadcrumb\"},\"inLanguage\":\"fr-FR\",\"potentialAction\":[{\"@type\":\"ReadAction\",\"target\":[\"https:\\\/\\\/shop.bantam.ch\\\/fr\\\/produit\\\/systeme-satellite-cytrac-dx-premium-avec-oyster-tv\\\/\"]}]},{\"@type\":\"ImageObject\",\"inLanguage\":\"fr-FR\",\"@id\":\"https:\\\/\\\/shop.bantam.ch\\\/fr\\\/produit\\\/systeme-satellite-cytrac-dx-premium-avec-oyster-tv\\\/#primaryimage\",\"url\":\"https:\\\/\\\/shop.bantam.ch\\\/wp-content\\\/uploads\\\/2023\\\/03\\\/995534111.jpg\",\"contentUrl\":\"https:\\\/\\\/shop.bantam.ch\\\/wp-content\\\/uploads\\\/2023\\\/03\\\/995534111.jpg\",\"width\":567,\"height\":351},{\"@type\":\"BreadcrumbList\",\"@id\":\"https:\\\/\\\/shop.bantam.ch\\\/fr\\\/produit\\\/systeme-satellite-cytrac-dx-premium-avec-oyster-tv\\\/#breadcrumb\",\"itemListElement\":[{\"@type\":\"ListItem\",\"position\":1,\"name\":\"Accueil\",\"item\":\"https:\\\/\\\/shop.bantam.ch\\\/fr\\\/\"},{\"@type\":\"ListItem\",\"position\":2,\"name\":\"Boutique\",\"item\":\"https:\\\/\\\/shop.bantam.ch\\\/fr\\\/boutique\\\/\"},{\"@type\":\"ListItem\",\"position\":3,\"name\":\"Syst\u00e8me satellite Cytrac DX Premium avec Oyster TV\"}]},{\"@type\":\"WebSite\",\"@id\":\"https:\\\/\\\/shop.bantam.ch\\\/fr\\\/#website\",\"url\":\"https:\\\/\\\/shop.bantam.ch\\\/fr\\\/\",\"name\":\"Bantam\",\"description\":\"\",\"publisher\":{\"@id\":\"https:\\\/\\\/shop.bantam.ch\\\/fr\\\/#organization\"},\"inLanguage\":\"fr-FR\"},{\"@type\":\"Organization\",\"@id\":\"https:\\\/\\\/shop.bantam.ch\\\/fr\\\/#organization\",\"name\":\"Bantam\",\"url\":\"https:\\\/\\\/shop.bantam.ch\\\/fr\\\/\",\"logo\":{\"@type\":\"ImageObject\",\"inLanguage\":\"fr-FR\",\"@id\":\"https:\\\/\\\/shop.bantam.ch\\\/fr\\\/#\\\/schema\\\/logo\\\/image\\\/\",\"url\":\"https:\\\/\\\/shop.bantam.ch\\\/wp-content\\\/uploads\\\/2022\\\/12\\\/bantam-logo.png\",\"contentUrl\":\"https:\\\/\\\/shop.bantam.ch\\\/wp-content\\\/uploads\\\/2022\\\/12\\\/bantam-logo.png\",\"width\":320,\"height\":71,\"caption\":\"Bantam\"},\"image\":{\"@id\":\"https:\\\/\\\/shop.bantam.ch\\\/fr\\\/#\\\/schema\\\/logo\\\/image\\\/\"}}]}<\/script>\n<!-- \/ Yoast SEO plugin. -->","yoast_head_json":{"title":"Syst\u00e8me satellite Cytrac DX Premium avec Oyster TV - Bantam","robots":{"index":"index","follow":"follow","max-snippet":"max-snippet:-1","max-image-preview":"max-image-preview:large","max-video-preview":"max-video-preview:-1"},"canonical":"https:\/\/shop.bantam.ch\/fr\/produit\/systeme-satellite-cytrac-dx-premium-avec-oyster-tv\/","og_locale":"fr_FR","og_type":"article","og_title":"Syst\u00e8me satellite Cytrac DX Premium avec Oyster TV - Bantam","og_description":"Compact, moderne et une gigantesque zone de r\u00e9ception. Oyster LED TV inclus. Technologie d&rsquo;antenne brevet\u00e9e pour une plus grande port\u00e9e. Une antenne petite et compacte pour un montage peu encombrant sur le toit du v\u00e9hicule. Simple, l\u00e9ger et facile \u00e0 utiliser. R\u00e9glage compl\u00e8tement automatique et localisation du satellite normalement entre 30 et 60 secondes. Technique [&hellip;]","og_url":"https:\/\/shop.bantam.ch\/fr\/produit\/systeme-satellite-cytrac-dx-premium-avec-oyster-tv\/","og_site_name":"Bantam","article_modified_time":"2026-05-01T20:38:03+00:00","og_image":[{"width":567,"height":351,"url":"https:\/\/shop.bantam.ch\/wp-content\/uploads\/2023\/03\/995534111.jpg","type":"image\/jpeg"}],"twitter_card":"summary_large_image","twitter_misc":{"Dur\u00e9e de lecture estim\u00e9e":"2 minutes"},"schema":{"@context":"https:\/\/schema.org","@graph":[{"@type":"WebPage","@id":"https:\/\/shop.bantam.ch\/fr\/produit\/systeme-satellite-cytrac-dx-premium-avec-oyster-tv\/","url":"https:\/\/shop.bantam.ch\/fr\/produit\/systeme-satellite-cytrac-dx-premium-avec-oyster-tv\/","name":"Syst\u00e8me satellite Cytrac DX Premium avec Oyster TV - Bantam","isPartOf":{"@id":"https:\/\/shop.bantam.ch\/fr\/#website"},"primaryImageOfPage":{"@id":"https:\/\/shop.bantam.ch\/fr\/produit\/systeme-satellite-cytrac-dx-premium-avec-oyster-tv\/#primaryimage"},"image":{"@id":"https:\/\/shop.bantam.ch\/fr\/produit\/systeme-satellite-cytrac-dx-premium-avec-oyster-tv\/#primaryimage"},"thumbnailUrl":"https:\/\/shop.bantam.ch\/wp-content\/uploads\/2023\/03\/995534111.jpg","datePublished":"2023-03-22T14:50:48+00:00","dateModified":"2026-05-01T20:38:03+00:00","breadcrumb":{"@id":"https:\/\/shop.bantam.ch\/fr\/produit\/systeme-satellite-cytrac-dx-premium-avec-oyster-tv\/#breadcrumb"},"inLanguage":"fr-FR","potentialAction":[{"@type":"ReadAction","target":["https:\/\/shop.bantam.ch\/fr\/produit\/systeme-satellite-cytrac-dx-premium-avec-oyster-tv\/"]}]},{"@type":"ImageObject","inLanguage":"fr-FR","@id":"https:\/\/shop.bantam.ch\/fr\/produit\/systeme-satellite-cytrac-dx-premium-avec-oyster-tv\/#primaryimage","url":"https:\/\/shop.bantam.ch\/wp-content\/uploads\/2023\/03\/995534111.jpg","contentUrl":"https:\/\/shop.bantam.ch\/wp-content\/uploads\/2023\/03\/995534111.jpg","width":567,"height":351},{"@type":"BreadcrumbList","@id":"https:\/\/shop.bantam.ch\/fr\/produit\/systeme-satellite-cytrac-dx-premium-avec-oyster-tv\/#breadcrumb","itemListElement":[{"@type":"ListItem","position":1,"name":"Accueil","item":"https:\/\/shop.bantam.ch\/fr\/"},{"@type":"ListItem","position":2,"name":"Boutique","item":"https:\/\/shop.bantam.ch\/fr\/boutique\/"},{"@type":"ListItem","position":3,"name":"Syst\u00e8me satellite Cytrac DX Premium avec Oyster TV"}]},{"@type":"WebSite","@id":"https:\/\/shop.bantam.ch\/fr\/#website","url":"https:\/\/shop.bantam.ch\/fr\/","name":"Bantam","description":"","publisher":{"@id":"https:\/\/shop.bantam.ch\/fr\/#organization"},"inLanguage":"fr-FR"},{"@type":"Organization","@id":"https:\/\/shop.bantam.ch\/fr\/#organization","name":"Bantam","url":"https:\/\/shop.bantam.ch\/fr\/","logo":{"@type":"ImageObject","inLanguage":"fr-FR","@id":"https:\/\/shop.bantam.ch\/fr\/#\/schema\/logo\/image\/","url":"https:\/\/shop.bantam.ch\/wp-content\/uploads\/2022\/12\/bantam-logo.png","contentUrl":"https:\/\/shop.bantam.ch\/wp-content\/uploads\/2022\/12\/bantam-logo.png","width":320,"height":71,"caption":"Bantam"},"image":{"@id":"https:\/\/shop.bantam.ch\/fr\/#\/schema\/logo\/image\/"}}]}},"_links":{"self":[{"href":"https:\/\/shop.bantam.ch\/fr\/wp-json\/wp\/v2\/product\/154695","targetHints":{"allow":["GET"]}}],"collection":[{"href":"https:\/\/shop.bantam.ch\/fr\/wp-json\/wp\/v2\/product"}],"about":[{"href":"https:\/\/shop.bantam.ch\/fr\/wp-json\/wp\/v2\/types\/product"}],"wp:featuredmedia":[{"embeddable":true,"href":"https:\/\/shop.bantam.ch\/fr\/wp-json\/wp\/v2\/media\/154685"}],"wp:attachment":[{"href":"https:\/\/shop.bantam.ch\/fr\/wp-json\/wp\/v2\/media?parent=154695"}],"wp:term":[{"taxonomy":"product_featured_cat","embeddable":true,"href":"https:\/\/shop.bantam.ch\/fr\/wp-json\/wp\/v2\/product_featured_cat?post=154695"},{"taxonomy":"product_brand","embeddable":true,"href":"https:\/\/shop.bantam.ch\/fr\/wp-json\/wp\/v2\/product_brand?post=154695"},{"taxonomy":"product_cat","embeddable":true,"href":"https:\/\/shop.bantam.ch\/fr\/wp-json\/wp\/v2\/product_cat?post=154695"},{"taxonomy":"product_tag","embeddable":true,"href":"https:\/\/shop.bantam.ch\/fr\/wp-json\/wp\/v2\/product_tag?post=154695"}],"curies":[{"name":"wp","href":"https:\/\/api.w.org\/{rel}","templated":true}]}}