{"id":154619,"date":"2023-03-22T15:49:28","date_gmt":"2023-03-22T14:49:28","guid":{"rendered":"https:\/\/shop.bantam.ch\/produit\/systeme-satellite-oyster-85-premium-avec-oyster-tv\/"},"modified":"2026-05-01T22:37:56","modified_gmt":"2026-05-01T20:37:56","slug":"systeme-satellite-oyster-85-premium-avec-oyster-tv","status":"publish","type":"product","link":"https:\/\/shop.bantam.ch\/fr\/produit\/systeme-satellite-oyster-85-premium-avec-oyster-tv\/","title":{"rendered":"Syst\u00e8me satellite Oyster 85 Premium avec Oyster TV"},"content":{"rendered":"<p>Antennes 85 cm avec Oyster TV pour une port\u00e9e optimale. R\u00e9glage compl\u00e8tement automatique et localisation du satellite normalement entre30 et 60 secondes. Technique LEM : R\u00e9duction du temps de recherche (l&rsquo;antenne cherche le dernier angle d&rsquo;inclinaison configur\u00e9). Mise en marche autonome au d\u00e9marrage du v\u00e9hicule. Changement de satellite automatique. Traitement de qualit\u00e9 pour un \u00e9quipement solide. Fabricant certifi\u00e9 QM selon ISO 9001. Garantie du fabricant de 3 ans et service client \u00e0 l\u2019\u00e9coute.<\/p>\n<p>Technologie intelligente de rotation de la t\u00eate : seule la t\u00eate tourne, le corps de l\u2018antenne reste fixe. Avantages Consommation \u00e9lectrique r\u00e9duite. Faible encombrement. Faible contrainte m\u00e9canique.<\/p>\n<p><strong>Variante Premium<\/strong>, notamment pour les clients qui souhaitent un \u00e9quipement complet d&rsquo;un seul fournisseur. Ce syst\u00e8me Premium vous permet d&rsquo;utiliser facilement et simplement les deux appareils avec une seule t\u00e9l\u00e9commande.<\/p>\n","protected":false},"excerpt":{"rendered":"<p>Antennes 85 cm avec Oyster TV pour une port\u00e9e optimale. R\u00e9glage compl\u00e8tement automatique et localisation du satellite normalement entre30 et 60 secondes. Technique LEM : R\u00e9duction du temps de recherche (l&rsquo;antenne cherche le dernier angle d&rsquo;inclinaison configur\u00e9). Mise en marche autonome au d\u00e9marrage du v\u00e9hicule. Changement de satellite automatique. Traitement de qualit\u00e9 pour un \u00e9quipement [&hellip;]<\/p>\n","protected":false},"featured_media":154617,"template":"","meta":{"_acf_changed":false},"product_featured_cat":[],"product_brand":[3126],"product_cat":[4529],"product_tag":[],"class_list":{"0":"post-154619","1":"product","2":"type-product","3":"status-publish","4":"has-post-thumbnail","6":"product_brand-oyster","7":"product_cat-systemes-complets-de-satellites-et-televiseurs","9":"first","10":"outofstock","11":"taxable","12":"shipping-taxable","13":"product-type-variable"},"acf":[],"yoast_head":"<!-- This site is optimized with the Yoast SEO plugin v27.5 - https:\/\/yoast.com\/product\/yoast-seo-wordpress\/ -->\n<title>Syst\u00e8me satellite Oyster 85 Premium avec Oyster TV - Bantam<\/title>\n<meta name=\"robots\" content=\"index, follow, max-snippet:-1, max-image-preview:large, max-video-preview:-1\" \/>\n<link rel=\"canonical\" href=\"https:\/\/shop.bantam.ch\/fr\/produit\/systeme-satellite-oyster-85-premium-avec-oyster-tv\/\" \/>\n<meta property=\"og:locale\" content=\"fr_FR\" \/>\n<meta property=\"og:type\" content=\"article\" \/>\n<meta property=\"og:title\" content=\"Syst\u00e8me satellite Oyster 85 Premium avec Oyster TV - Bantam\" \/>\n<meta property=\"og:description\" content=\"Antennes 85 cm avec Oyster TV pour une port\u00e9e optimale. R\u00e9glage compl\u00e8tement automatique et localisation du satellite normalement entre30 et 60 secondes. Technique LEM : R\u00e9duction du temps de recherche (l&rsquo;antenne cherche le dernier angle d&rsquo;inclinaison configur\u00e9). Mise en marche autonome au d\u00e9marrage du v\u00e9hicule. Changement de satellite automatique. Traitement de qualit\u00e9 pour un \u00e9quipement [&hellip;]\" \/>\n<meta property=\"og:url\" content=\"https:\/\/shop.bantam.ch\/fr\/produit\/systeme-satellite-oyster-85-premium-avec-oyster-tv\/\" \/>\n<meta property=\"og:site_name\" content=\"Bantam\" \/>\n<meta property=\"article:modified_time\" content=\"2026-05-01T20:37:56+00:00\" \/>\n<meta property=\"og:image\" content=\"https:\/\/shop.bantam.ch\/wp-content\/uploads\/2023\/03\/9956986911-80.jpg\" \/>\n\t<meta property=\"og:image:width\" content=\"367\" \/>\n\t<meta property=\"og:image:height\" content=\"500\" \/>\n\t<meta property=\"og:image:type\" content=\"image\/jpeg\" \/>\n<meta name=\"twitter:card\" content=\"summary_large_image\" \/>\n<meta name=\"twitter:label1\" content=\"Dur\u00e9e de lecture estim\u00e9e\" \/>\n\t<meta name=\"twitter:data1\" content=\"1 minute\" \/>\n<script type=\"application\/ld+json\" class=\"yoast-schema-graph\">{\"@context\":\"https:\\\/\\\/schema.org\",\"@graph\":[{\"@type\":\"WebPage\",\"@id\":\"https:\\\/\\\/shop.bantam.ch\\\/fr\\\/produit\\\/systeme-satellite-oyster-85-premium-avec-oyster-tv\\\/\",\"url\":\"https:\\\/\\\/shop.bantam.ch\\\/fr\\\/produit\\\/systeme-satellite-oyster-85-premium-avec-oyster-tv\\\/\",\"name\":\"Syst\u00e8me satellite Oyster 85 Premium avec Oyster TV - Bantam\",\"isPartOf\":{\"@id\":\"https:\\\/\\\/shop.bantam.ch\\\/fr\\\/#website\"},\"primaryImageOfPage\":{\"@id\":\"https:\\\/\\\/shop.bantam.ch\\\/fr\\\/produit\\\/systeme-satellite-oyster-85-premium-avec-oyster-tv\\\/#primaryimage\"},\"image\":{\"@id\":\"https:\\\/\\\/shop.bantam.ch\\\/fr\\\/produit\\\/systeme-satellite-oyster-85-premium-avec-oyster-tv\\\/#primaryimage\"},\"thumbnailUrl\":\"https:\\\/\\\/shop.bantam.ch\\\/wp-content\\\/uploads\\\/2023\\\/03\\\/9956986911-80.jpg\",\"datePublished\":\"2023-03-22T14:49:28+00:00\",\"dateModified\":\"2026-05-01T20:37:56+00:00\",\"breadcrumb\":{\"@id\":\"https:\\\/\\\/shop.bantam.ch\\\/fr\\\/produit\\\/systeme-satellite-oyster-85-premium-avec-oyster-tv\\\/#breadcrumb\"},\"inLanguage\":\"fr-FR\",\"potentialAction\":[{\"@type\":\"ReadAction\",\"target\":[\"https:\\\/\\\/shop.bantam.ch\\\/fr\\\/produit\\\/systeme-satellite-oyster-85-premium-avec-oyster-tv\\\/\"]}]},{\"@type\":\"ImageObject\",\"inLanguage\":\"fr-FR\",\"@id\":\"https:\\\/\\\/shop.bantam.ch\\\/fr\\\/produit\\\/systeme-satellite-oyster-85-premium-avec-oyster-tv\\\/#primaryimage\",\"url\":\"https:\\\/\\\/shop.bantam.ch\\\/wp-content\\\/uploads\\\/2023\\\/03\\\/9956986911-80.jpg\",\"contentUrl\":\"https:\\\/\\\/shop.bantam.ch\\\/wp-content\\\/uploads\\\/2023\\\/03\\\/9956986911-80.jpg\",\"width\":367,\"height\":500},{\"@type\":\"BreadcrumbList\",\"@id\":\"https:\\\/\\\/shop.bantam.ch\\\/fr\\\/produit\\\/systeme-satellite-oyster-85-premium-avec-oyster-tv\\\/#breadcrumb\",\"itemListElement\":[{\"@type\":\"ListItem\",\"position\":1,\"name\":\"Accueil\",\"item\":\"https:\\\/\\\/shop.bantam.ch\\\/fr\\\/\"},{\"@type\":\"ListItem\",\"position\":2,\"name\":\"Boutique\",\"item\":\"https:\\\/\\\/shop.bantam.ch\\\/fr\\\/boutique\\\/\"},{\"@type\":\"ListItem\",\"position\":3,\"name\":\"Syst\u00e8me satellite Oyster 85 Premium avec Oyster TV\"}]},{\"@type\":\"WebSite\",\"@id\":\"https:\\\/\\\/shop.bantam.ch\\\/fr\\\/#website\",\"url\":\"https:\\\/\\\/shop.bantam.ch\\\/fr\\\/\",\"name\":\"Bantam\",\"description\":\"\",\"publisher\":{\"@id\":\"https:\\\/\\\/shop.bantam.ch\\\/fr\\\/#organization\"},\"inLanguage\":\"fr-FR\"},{\"@type\":\"Organization\",\"@id\":\"https:\\\/\\\/shop.bantam.ch\\\/fr\\\/#organization\",\"name\":\"Bantam\",\"url\":\"https:\\\/\\\/shop.bantam.ch\\\/fr\\\/\",\"logo\":{\"@type\":\"ImageObject\",\"inLanguage\":\"fr-FR\",\"@id\":\"https:\\\/\\\/shop.bantam.ch\\\/fr\\\/#\\\/schema\\\/logo\\\/image\\\/\",\"url\":\"https:\\\/\\\/shop.bantam.ch\\\/wp-content\\\/uploads\\\/2022\\\/12\\\/bantam-logo.png\",\"contentUrl\":\"https:\\\/\\\/shop.bantam.ch\\\/wp-content\\\/uploads\\\/2022\\\/12\\\/bantam-logo.png\",\"width\":320,\"height\":71,\"caption\":\"Bantam\"},\"image\":{\"@id\":\"https:\\\/\\\/shop.bantam.ch\\\/fr\\\/#\\\/schema\\\/logo\\\/image\\\/\"}}]}<\/script>\n<!-- \/ Yoast SEO plugin. -->","yoast_head_json":{"title":"Syst\u00e8me satellite Oyster 85 Premium avec Oyster TV - Bantam","robots":{"index":"index","follow":"follow","max-snippet":"max-snippet:-1","max-image-preview":"max-image-preview:large","max-video-preview":"max-video-preview:-1"},"canonical":"https:\/\/shop.bantam.ch\/fr\/produit\/systeme-satellite-oyster-85-premium-avec-oyster-tv\/","og_locale":"fr_FR","og_type":"article","og_title":"Syst\u00e8me satellite Oyster 85 Premium avec Oyster TV - Bantam","og_description":"Antennes 85 cm avec Oyster TV pour une port\u00e9e optimale. R\u00e9glage compl\u00e8tement automatique et localisation du satellite normalement entre30 et 60 secondes. Technique LEM : R\u00e9duction du temps de recherche (l&rsquo;antenne cherche le dernier angle d&rsquo;inclinaison configur\u00e9). Mise en marche autonome au d\u00e9marrage du v\u00e9hicule. Changement de satellite automatique. Traitement de qualit\u00e9 pour un \u00e9quipement [&hellip;]","og_url":"https:\/\/shop.bantam.ch\/fr\/produit\/systeme-satellite-oyster-85-premium-avec-oyster-tv\/","og_site_name":"Bantam","article_modified_time":"2026-05-01T20:37:56+00:00","og_image":[{"width":367,"height":500,"url":"https:\/\/shop.bantam.ch\/wp-content\/uploads\/2023\/03\/9956986911-80.jpg","type":"image\/jpeg"}],"twitter_card":"summary_large_image","twitter_misc":{"Dur\u00e9e de lecture estim\u00e9e":"1 minute"},"schema":{"@context":"https:\/\/schema.org","@graph":[{"@type":"WebPage","@id":"https:\/\/shop.bantam.ch\/fr\/produit\/systeme-satellite-oyster-85-premium-avec-oyster-tv\/","url":"https:\/\/shop.bantam.ch\/fr\/produit\/systeme-satellite-oyster-85-premium-avec-oyster-tv\/","name":"Syst\u00e8me satellite Oyster 85 Premium avec Oyster TV - Bantam","isPartOf":{"@id":"https:\/\/shop.bantam.ch\/fr\/#website"},"primaryImageOfPage":{"@id":"https:\/\/shop.bantam.ch\/fr\/produit\/systeme-satellite-oyster-85-premium-avec-oyster-tv\/#primaryimage"},"image":{"@id":"https:\/\/shop.bantam.ch\/fr\/produit\/systeme-satellite-oyster-85-premium-avec-oyster-tv\/#primaryimage"},"thumbnailUrl":"https:\/\/shop.bantam.ch\/wp-content\/uploads\/2023\/03\/9956986911-80.jpg","datePublished":"2023-03-22T14:49:28+00:00","dateModified":"2026-05-01T20:37:56+00:00","breadcrumb":{"@id":"https:\/\/shop.bantam.ch\/fr\/produit\/systeme-satellite-oyster-85-premium-avec-oyster-tv\/#breadcrumb"},"inLanguage":"fr-FR","potentialAction":[{"@type":"ReadAction","target":["https:\/\/shop.bantam.ch\/fr\/produit\/systeme-satellite-oyster-85-premium-avec-oyster-tv\/"]}]},{"@type":"ImageObject","inLanguage":"fr-FR","@id":"https:\/\/shop.bantam.ch\/fr\/produit\/systeme-satellite-oyster-85-premium-avec-oyster-tv\/#primaryimage","url":"https:\/\/shop.bantam.ch\/wp-content\/uploads\/2023\/03\/9956986911-80.jpg","contentUrl":"https:\/\/shop.bantam.ch\/wp-content\/uploads\/2023\/03\/9956986911-80.jpg","width":367,"height":500},{"@type":"BreadcrumbList","@id":"https:\/\/shop.bantam.ch\/fr\/produit\/systeme-satellite-oyster-85-premium-avec-oyster-tv\/#breadcrumb","itemListElement":[{"@type":"ListItem","position":1,"name":"Accueil","item":"https:\/\/shop.bantam.ch\/fr\/"},{"@type":"ListItem","position":2,"name":"Boutique","item":"https:\/\/shop.bantam.ch\/fr\/boutique\/"},{"@type":"ListItem","position":3,"name":"Syst\u00e8me satellite Oyster 85 Premium avec Oyster TV"}]},{"@type":"WebSite","@id":"https:\/\/shop.bantam.ch\/fr\/#website","url":"https:\/\/shop.bantam.ch\/fr\/","name":"Bantam","description":"","publisher":{"@id":"https:\/\/shop.bantam.ch\/fr\/#organization"},"inLanguage":"fr-FR"},{"@type":"Organization","@id":"https:\/\/shop.bantam.ch\/fr\/#organization","name":"Bantam","url":"https:\/\/shop.bantam.ch\/fr\/","logo":{"@type":"ImageObject","inLanguage":"fr-FR","@id":"https:\/\/shop.bantam.ch\/fr\/#\/schema\/logo\/image\/","url":"https:\/\/shop.bantam.ch\/wp-content\/uploads\/2022\/12\/bantam-logo.png","contentUrl":"https:\/\/shop.bantam.ch\/wp-content\/uploads\/2022\/12\/bantam-logo.png","width":320,"height":71,"caption":"Bantam"},"image":{"@id":"https:\/\/shop.bantam.ch\/fr\/#\/schema\/logo\/image\/"}}]}},"_links":{"self":[{"href":"https:\/\/shop.bantam.ch\/fr\/wp-json\/wp\/v2\/product\/154619","targetHints":{"allow":["GET"]}}],"collection":[{"href":"https:\/\/shop.bantam.ch\/fr\/wp-json\/wp\/v2\/product"}],"about":[{"href":"https:\/\/shop.bantam.ch\/fr\/wp-json\/wp\/v2\/types\/product"}],"wp:featuredmedia":[{"embeddable":true,"href":"https:\/\/shop.bantam.ch\/fr\/wp-json\/wp\/v2\/media\/154617"}],"wp:attachment":[{"href":"https:\/\/shop.bantam.ch\/fr\/wp-json\/wp\/v2\/media?parent=154619"}],"wp:term":[{"taxonomy":"product_featured_cat","embeddable":true,"href":"https:\/\/shop.bantam.ch\/fr\/wp-json\/wp\/v2\/product_featured_cat?post=154619"},{"taxonomy":"product_brand","embeddable":true,"href":"https:\/\/shop.bantam.ch\/fr\/wp-json\/wp\/v2\/product_brand?post=154619"},{"taxonomy":"product_cat","embeddable":true,"href":"https:\/\/shop.bantam.ch\/fr\/wp-json\/wp\/v2\/product_cat?post=154619"},{"taxonomy":"product_tag","embeddable":true,"href":"https:\/\/shop.bantam.ch\/fr\/wp-json\/wp\/v2\/product_tag?post=154619"}],"curies":[{"name":"wp","href":"https:\/\/api.w.org\/{rel}","templated":true}]}}