{"id":154551,"date":"2023-03-22T15:48:08","date_gmt":"2023-03-22T14:48:08","guid":{"rendered":"https:\/\/shop.bantam.ch\/produit\/systeme-satellite-oyster-5-85-premium-avec-oyster-tv\/"},"modified":"2026-05-01T22:37:42","modified_gmt":"2026-05-01T20:37:42","slug":"systeme-satellite-oyster-5-85-premium-avec-oyster-tv","status":"publish","type":"product","link":"https:\/\/shop.bantam.ch\/fr\/produit\/systeme-satellite-oyster-5-85-premium-avec-oyster-tv\/","title":{"rendered":"Syst\u00e8me satellite Oyster 5 85 Premium avec Oyster TV"},"content":{"rendered":"<p>Le syst\u00e8me satellite Oyster\u00ae 5 se distingue par plusieurs innovations r\u00e9volutionnaires. C\u2019est le d\u00e9but d\u2019un nouveau chapitre dans l\u2019histoire de la technologie d\u2019antennes mobiles.  Acc\u00e9dez \u00e0 la r\u00e9ception !<\/p>\n<p><strong>Facilit\u00e9 d\u2019utilisation<\/strong><\/p>\n<p>Le \u00ab cerveau \u00bb de l\u2019Oyster\u00ae V est son unit\u00e9 de commande, la FeatureBox. Elle calcule et ajuste. Avec la version Vision, la communication avec la FeatureBox s\u2018effectue via le panneau de commande. En version Premium, utilisez la t\u00e9l\u00e9commande de la t\u00e9l\u00e9vision. Gr\u00e2ce \u00e0 l\u2018application mobile, vous pouvez \u00e9galement commander la FeatureBox depuis votre SmartPhone. Vous disposez des fonctions de base et vous pouvez par ex. activer ou d\u00e9sactiver l\u2019antenne depuis l\u2018ext\u00e9rieur, changer de satellite ou afficher les param\u00e8tres du syst\u00e8me.<\/p>\n<p><strong>Une dimension impressionnante<\/strong><\/p>\n<p>Sa hauteur pli\u00e9 est de seulement 17 cm environ (m\u00eame avec la variante TWIN et SKEW) !  La raison ? Une conception intelligente : la forme incurv\u00e9e du bras LNB permet une grande \u00e9conomie d\u2018espace.<\/p>\n<p><strong>Un c\u00e2ble, pas deux<\/strong><\/p>\n<p>Lorsque nous parlons de la solution \u00e0 \u00ab un seul c\u00e2ble \u00bb, nous entendons par l\u00e0  un seul c\u00e2ble pour tout, y compris pour l\u2018alimentation \u00e9lectrique.  Nous utilisons un c\u00e2ble coaxial sp\u00e9cial, qui fournit le contr\u00f4le, l\u2018alimentation et la transmission du signal de l\u2018unit\u00e9 ext\u00e9rieure. Bien s\u00fbr, dans la version TWIN, un second c\u00e2ble coaxial a \u00e9t\u00e9 ajout\u00e9.<\/p>\n<p><strong>Aucune chance pour les amateurs !<\/strong><\/p>\n<p>La stabilit\u00e9 de l\u2019Oyster\u00ae V est le r\u00e9sultat de notre ing\u00e9nierie de pointe, des mat\u00e9riaux de haute qualit\u00e9 et de derni\u00e8re g\u00e9n\u00e9ration tels que ceux utilis\u00e9s dans les courses.  Le bras de parabole est r\u00e9alis\u00e9 en une seule pi\u00e8ce et fabriqu\u00e9 en magn\u00e9sium ultra l\u00e9ger. Cela le rend extr\u00eamement stable et r\u00e9sistant \u00e0 la torsion pour un faible poids.<\/p>\n<p><strong>Ne cherchez pas. Trouvez !<\/strong><\/p>\n<p>L&rsquo;Oyster\u00ae V sait \u00e0 tout moment o\u00f9 se trouvent les satellites. Les recherches fastidieuses et ennuyeuses appartiennent donc au pass\u00e9. Le syst\u00e8me s&rsquo;aligne infailliblement sur le satellite. Cette avanc\u00e9e technologique s&rsquo;explique par l&rsquo;interaction de trois composants : le GPS, la boussole 3D et le capteur d&rsquo;inclinaison. Le GPS d\u00e9termine la position, la boussole 3D d\u00e9termine dans quelle direction votre v\u00e9hicule (et donc l&rsquo;antenne) pointe, le capteur d&rsquo;inclinaison identifie une \u00e9ventuelle inclinaison du v\u00e9hicule et d\u00e9clenche le mouvement de compensation exact de l&rsquo;antenne.<\/p>\n<p><strong>Arm\u00e9 contre les changements<\/strong><\/p>\n<p>Votre Oyster\u00ae V re\u00e7oit les mises \u00e0 jour en ligne via votre smartphone (ou via une cl\u00e9 USB). C&rsquo;est tout sauf un gadget. La mise \u00e0 jour arrive directement sur votre t\u00e9l\u00e9phone portable et peut \u00eatre import\u00e9e dans le syst\u00e8me. Pour votre Oyster\u00ae V, vous pouvez t\u00e9l\u00e9charger gratuitement une application qui vous permettra, en plus de la fonction de mise \u00e0 jour, d\u2019acc\u00e9der \u00e0 toute une s\u00e9rie d\u2019options int\u00e9ressantes. Nous vous informons donc imm\u00e9diatement si nous constatons un changement dans les caract\u00e9ristiques du satellite. Vous saurez alors quelle est la cause de l&rsquo;erreur et vous recevrez la mise \u00e0 jour de sauvegarde d\u00e8s que possible. Votre t\u00e9l\u00e9phone portable est connect\u00e9 \u00e0 la commande Oyster\u00ae V via l&rsquo;application. En cas de dysfonctionnement technique, il est possible, dans la plupart des cas, d\u2019\u00e9tablir un diagnostic \u00e0 l\u2019aide de l\u2019application Oyster\u00ae. Ces donn\u00e9es peuvent ensuite \u00eatre transmises au service apr\u00e8s-vente.<\/p>\n<p><strong>Variante Premium<\/strong>, notamment pour les clients qui souhaitent un \u00e9quipement complet d&rsquo;un seul fournisseur. Ce syst\u00e8me Premium vous permet d&rsquo;utiliser facilement et simplement les deux appareils avec une seule t\u00e9l\u00e9commande.<\/p>\n<p>\u00a0<\/p>\n<ul>\n<li>Technique \u00e0 un c\u00e2ble<\/li>\n<li>Condition APPLI<\/li>\n<li>Mises \u00e0 jour automatiques via APPLI<\/li>\n<li>GPS, compas 3D, capteur d\u2019orientation et de recherche enti\u00e8rement automatiques des satellites<\/li>\n<li>Antenne 85 cm pour une port\u00e9e incroyable<\/li>\n<li>Mise en marche autonome au d\u00e9marrage du v\u00e9hicule<\/li>\n<li>Changement de satellite automatique.<\/li>\n<li>Traitement de qualit\u00e9 pour un \u00e9quipement solide.<\/li>\n<li>Fabricant certifi\u00e9 QM selon ISO 9001<\/li>\n<li>3 ans de garantie fabricant et service client \u00e0 l&rsquo;\u00e9coute.<\/li>\n<li>Marque de r\u00e9ception par type<\/li>\n<\/ul>\n<p>\u00a0<\/p>\n<p>Commande via APPLI incluse<br \/>Il est d\u00e9sormais possible de commander Oyster confortablement via l\u2019application ten haaft. Cette derni\u00e8re permet \u00e9galement de t\u00e9l\u00e9charger en toute simplicit\u00e9 des mises \u00e0 jour afin que votre installation soit toujours actuelle du point de vue logiciel.<br \/>Compatible Android et iOS.<\/p>\n","protected":false},"excerpt":{"rendered":"<p>Le syst\u00e8me satellite Oyster\u00ae 5 se distingue par plusieurs innovations r\u00e9volutionnaires. C\u2019est le d\u00e9but d\u2019un nouveau chapitre dans l\u2019histoire de la technologie d\u2019antennes mobiles. Acc\u00e9dez \u00e0 la r\u00e9ception ! Facilit\u00e9 d\u2019utilisation Le \u00ab cerveau \u00bb de l\u2019Oyster\u00ae V est son unit\u00e9 de commande, la FeatureBox. Elle calcule et ajuste. Avec la version Vision, la communication [&hellip;]<\/p>\n","protected":false},"featured_media":154549,"template":"","meta":{"_acf_changed":false},"product_featured_cat":[],"product_brand":[3126],"product_cat":[4529],"product_tag":[],"class_list":{"0":"post-154551","1":"product","2":"type-product","3":"status-publish","4":"has-post-thumbnail","6":"product_brand-oyster","7":"product_cat-systemes-complets-de-satellites-et-televiseurs","9":"first","10":"outofstock","11":"taxable","12":"shipping-taxable","13":"product-type-variable"},"acf":[],"yoast_head":"<!-- This site is optimized with the Yoast SEO plugin v27.5 - https:\/\/yoast.com\/product\/yoast-seo-wordpress\/ -->\n<title>Syst\u00e8me satellite Oyster 5 85 Premium avec Oyster TV - Bantam<\/title>\n<meta name=\"robots\" content=\"index, follow, max-snippet:-1, max-image-preview:large, max-video-preview:-1\" \/>\n<link rel=\"canonical\" href=\"https:\/\/shop.bantam.ch\/fr\/produit\/systeme-satellite-oyster-5-85-premium-avec-oyster-tv\/\" \/>\n<meta property=\"og:locale\" content=\"fr_FR\" \/>\n<meta property=\"og:type\" content=\"article\" \/>\n<meta property=\"og:title\" content=\"Syst\u00e8me satellite Oyster 5 85 Premium avec Oyster TV - Bantam\" \/>\n<meta property=\"og:description\" content=\"Le syst\u00e8me satellite Oyster\u00ae 5 se distingue par plusieurs innovations r\u00e9volutionnaires. C\u2019est le d\u00e9but d\u2019un nouveau chapitre dans l\u2019histoire de la technologie d\u2019antennes mobiles. Acc\u00e9dez \u00e0 la r\u00e9ception ! Facilit\u00e9 d\u2019utilisation Le \u00ab cerveau \u00bb de l\u2019Oyster\u00ae V est son unit\u00e9 de commande, la FeatureBox. Elle calcule et ajuste. Avec la version Vision, la communication [&hellip;]\" \/>\n<meta property=\"og:url\" content=\"https:\/\/shop.bantam.ch\/fr\/produit\/systeme-satellite-oyster-5-85-premium-avec-oyster-tv\/\" \/>\n<meta property=\"og:site_name\" content=\"Bantam\" \/>\n<meta property=\"article:modified_time\" content=\"2026-05-01T20:37:42+00:00\" \/>\n<meta property=\"og:image\" content=\"https:\/\/shop.bantam.ch\/wp-content\/uploads\/2023\/03\/995736811.jpg\" \/>\n\t<meta property=\"og:image:width\" content=\"790\" \/>\n\t<meta property=\"og:image:height\" content=\"1000\" \/>\n\t<meta property=\"og:image:type\" content=\"image\/jpeg\" \/>\n<meta name=\"twitter:card\" content=\"summary_large_image\" \/>\n<meta name=\"twitter:label1\" content=\"Dur\u00e9e de lecture estim\u00e9e\" \/>\n\t<meta name=\"twitter:data1\" content=\"4 minutes\" \/>\n<script type=\"application\/ld+json\" class=\"yoast-schema-graph\">{\"@context\":\"https:\\\/\\\/schema.org\",\"@graph\":[{\"@type\":\"WebPage\",\"@id\":\"https:\\\/\\\/shop.bantam.ch\\\/fr\\\/produit\\\/systeme-satellite-oyster-5-85-premium-avec-oyster-tv\\\/\",\"url\":\"https:\\\/\\\/shop.bantam.ch\\\/fr\\\/produit\\\/systeme-satellite-oyster-5-85-premium-avec-oyster-tv\\\/\",\"name\":\"Syst\u00e8me satellite Oyster 5 85 Premium avec Oyster TV - Bantam\",\"isPartOf\":{\"@id\":\"https:\\\/\\\/shop.bantam.ch\\\/fr\\\/#website\"},\"primaryImageOfPage\":{\"@id\":\"https:\\\/\\\/shop.bantam.ch\\\/fr\\\/produit\\\/systeme-satellite-oyster-5-85-premium-avec-oyster-tv\\\/#primaryimage\"},\"image\":{\"@id\":\"https:\\\/\\\/shop.bantam.ch\\\/fr\\\/produit\\\/systeme-satellite-oyster-5-85-premium-avec-oyster-tv\\\/#primaryimage\"},\"thumbnailUrl\":\"https:\\\/\\\/shop.bantam.ch\\\/wp-content\\\/uploads\\\/2023\\\/03\\\/995736811.jpg\",\"datePublished\":\"2023-03-22T14:48:08+00:00\",\"dateModified\":\"2026-05-01T20:37:42+00:00\",\"breadcrumb\":{\"@id\":\"https:\\\/\\\/shop.bantam.ch\\\/fr\\\/produit\\\/systeme-satellite-oyster-5-85-premium-avec-oyster-tv\\\/#breadcrumb\"},\"inLanguage\":\"fr-FR\",\"potentialAction\":[{\"@type\":\"ReadAction\",\"target\":[\"https:\\\/\\\/shop.bantam.ch\\\/fr\\\/produit\\\/systeme-satellite-oyster-5-85-premium-avec-oyster-tv\\\/\"]}]},{\"@type\":\"ImageObject\",\"inLanguage\":\"fr-FR\",\"@id\":\"https:\\\/\\\/shop.bantam.ch\\\/fr\\\/produit\\\/systeme-satellite-oyster-5-85-premium-avec-oyster-tv\\\/#primaryimage\",\"url\":\"https:\\\/\\\/shop.bantam.ch\\\/wp-content\\\/uploads\\\/2023\\\/03\\\/995736811.jpg\",\"contentUrl\":\"https:\\\/\\\/shop.bantam.ch\\\/wp-content\\\/uploads\\\/2023\\\/03\\\/995736811.jpg\",\"width\":790,\"height\":1000},{\"@type\":\"BreadcrumbList\",\"@id\":\"https:\\\/\\\/shop.bantam.ch\\\/fr\\\/produit\\\/systeme-satellite-oyster-5-85-premium-avec-oyster-tv\\\/#breadcrumb\",\"itemListElement\":[{\"@type\":\"ListItem\",\"position\":1,\"name\":\"Accueil\",\"item\":\"https:\\\/\\\/shop.bantam.ch\\\/fr\\\/\"},{\"@type\":\"ListItem\",\"position\":2,\"name\":\"Boutique\",\"item\":\"https:\\\/\\\/shop.bantam.ch\\\/fr\\\/boutique\\\/\"},{\"@type\":\"ListItem\",\"position\":3,\"name\":\"Syst\u00e8me satellite Oyster 5 85 Premium avec Oyster TV\"}]},{\"@type\":\"WebSite\",\"@id\":\"https:\\\/\\\/shop.bantam.ch\\\/fr\\\/#website\",\"url\":\"https:\\\/\\\/shop.bantam.ch\\\/fr\\\/\",\"name\":\"Bantam\",\"description\":\"\",\"publisher\":{\"@id\":\"https:\\\/\\\/shop.bantam.ch\\\/fr\\\/#organization\"},\"inLanguage\":\"fr-FR\"},{\"@type\":\"Organization\",\"@id\":\"https:\\\/\\\/shop.bantam.ch\\\/fr\\\/#organization\",\"name\":\"Bantam\",\"url\":\"https:\\\/\\\/shop.bantam.ch\\\/fr\\\/\",\"logo\":{\"@type\":\"ImageObject\",\"inLanguage\":\"fr-FR\",\"@id\":\"https:\\\/\\\/shop.bantam.ch\\\/fr\\\/#\\\/schema\\\/logo\\\/image\\\/\",\"url\":\"https:\\\/\\\/shop.bantam.ch\\\/wp-content\\\/uploads\\\/2022\\\/12\\\/bantam-logo.png\",\"contentUrl\":\"https:\\\/\\\/shop.bantam.ch\\\/wp-content\\\/uploads\\\/2022\\\/12\\\/bantam-logo.png\",\"width\":320,\"height\":71,\"caption\":\"Bantam\"},\"image\":{\"@id\":\"https:\\\/\\\/shop.bantam.ch\\\/fr\\\/#\\\/schema\\\/logo\\\/image\\\/\"}}]}<\/script>\n<!-- \/ Yoast SEO plugin. -->","yoast_head_json":{"title":"Syst\u00e8me satellite Oyster 5 85 Premium avec Oyster TV - Bantam","robots":{"index":"index","follow":"follow","max-snippet":"max-snippet:-1","max-image-preview":"max-image-preview:large","max-video-preview":"max-video-preview:-1"},"canonical":"https:\/\/shop.bantam.ch\/fr\/produit\/systeme-satellite-oyster-5-85-premium-avec-oyster-tv\/","og_locale":"fr_FR","og_type":"article","og_title":"Syst\u00e8me satellite Oyster 5 85 Premium avec Oyster TV - Bantam","og_description":"Le syst\u00e8me satellite Oyster\u00ae 5 se distingue par plusieurs innovations r\u00e9volutionnaires. C\u2019est le d\u00e9but d\u2019un nouveau chapitre dans l\u2019histoire de la technologie d\u2019antennes mobiles. Acc\u00e9dez \u00e0 la r\u00e9ception ! Facilit\u00e9 d\u2019utilisation Le \u00ab cerveau \u00bb de l\u2019Oyster\u00ae V est son unit\u00e9 de commande, la FeatureBox. Elle calcule et ajuste. Avec la version Vision, la communication [&hellip;]","og_url":"https:\/\/shop.bantam.ch\/fr\/produit\/systeme-satellite-oyster-5-85-premium-avec-oyster-tv\/","og_site_name":"Bantam","article_modified_time":"2026-05-01T20:37:42+00:00","og_image":[{"width":790,"height":1000,"url":"https:\/\/shop.bantam.ch\/wp-content\/uploads\/2023\/03\/995736811.jpg","type":"image\/jpeg"}],"twitter_card":"summary_large_image","twitter_misc":{"Dur\u00e9e de lecture estim\u00e9e":"4 minutes"},"schema":{"@context":"https:\/\/schema.org","@graph":[{"@type":"WebPage","@id":"https:\/\/shop.bantam.ch\/fr\/produit\/systeme-satellite-oyster-5-85-premium-avec-oyster-tv\/","url":"https:\/\/shop.bantam.ch\/fr\/produit\/systeme-satellite-oyster-5-85-premium-avec-oyster-tv\/","name":"Syst\u00e8me satellite Oyster 5 85 Premium avec Oyster TV - Bantam","isPartOf":{"@id":"https:\/\/shop.bantam.ch\/fr\/#website"},"primaryImageOfPage":{"@id":"https:\/\/shop.bantam.ch\/fr\/produit\/systeme-satellite-oyster-5-85-premium-avec-oyster-tv\/#primaryimage"},"image":{"@id":"https:\/\/shop.bantam.ch\/fr\/produit\/systeme-satellite-oyster-5-85-premium-avec-oyster-tv\/#primaryimage"},"thumbnailUrl":"https:\/\/shop.bantam.ch\/wp-content\/uploads\/2023\/03\/995736811.jpg","datePublished":"2023-03-22T14:48:08+00:00","dateModified":"2026-05-01T20:37:42+00:00","breadcrumb":{"@id":"https:\/\/shop.bantam.ch\/fr\/produit\/systeme-satellite-oyster-5-85-premium-avec-oyster-tv\/#breadcrumb"},"inLanguage":"fr-FR","potentialAction":[{"@type":"ReadAction","target":["https:\/\/shop.bantam.ch\/fr\/produit\/systeme-satellite-oyster-5-85-premium-avec-oyster-tv\/"]}]},{"@type":"ImageObject","inLanguage":"fr-FR","@id":"https:\/\/shop.bantam.ch\/fr\/produit\/systeme-satellite-oyster-5-85-premium-avec-oyster-tv\/#primaryimage","url":"https:\/\/shop.bantam.ch\/wp-content\/uploads\/2023\/03\/995736811.jpg","contentUrl":"https:\/\/shop.bantam.ch\/wp-content\/uploads\/2023\/03\/995736811.jpg","width":790,"height":1000},{"@type":"BreadcrumbList","@id":"https:\/\/shop.bantam.ch\/fr\/produit\/systeme-satellite-oyster-5-85-premium-avec-oyster-tv\/#breadcrumb","itemListElement":[{"@type":"ListItem","position":1,"name":"Accueil","item":"https:\/\/shop.bantam.ch\/fr\/"},{"@type":"ListItem","position":2,"name":"Boutique","item":"https:\/\/shop.bantam.ch\/fr\/boutique\/"},{"@type":"ListItem","position":3,"name":"Syst\u00e8me satellite Oyster 5 85 Premium avec Oyster TV"}]},{"@type":"WebSite","@id":"https:\/\/shop.bantam.ch\/fr\/#website","url":"https:\/\/shop.bantam.ch\/fr\/","name":"Bantam","description":"","publisher":{"@id":"https:\/\/shop.bantam.ch\/fr\/#organization"},"inLanguage":"fr-FR"},{"@type":"Organization","@id":"https:\/\/shop.bantam.ch\/fr\/#organization","name":"Bantam","url":"https:\/\/shop.bantam.ch\/fr\/","logo":{"@type":"ImageObject","inLanguage":"fr-FR","@id":"https:\/\/shop.bantam.ch\/fr\/#\/schema\/logo\/image\/","url":"https:\/\/shop.bantam.ch\/wp-content\/uploads\/2022\/12\/bantam-logo.png","contentUrl":"https:\/\/shop.bantam.ch\/wp-content\/uploads\/2022\/12\/bantam-logo.png","width":320,"height":71,"caption":"Bantam"},"image":{"@id":"https:\/\/shop.bantam.ch\/fr\/#\/schema\/logo\/image\/"}}]}},"_links":{"self":[{"href":"https:\/\/shop.bantam.ch\/fr\/wp-json\/wp\/v2\/product\/154551","targetHints":{"allow":["GET"]}}],"collection":[{"href":"https:\/\/shop.bantam.ch\/fr\/wp-json\/wp\/v2\/product"}],"about":[{"href":"https:\/\/shop.bantam.ch\/fr\/wp-json\/wp\/v2\/types\/product"}],"wp:featuredmedia":[{"embeddable":true,"href":"https:\/\/shop.bantam.ch\/fr\/wp-json\/wp\/v2\/media\/154549"}],"wp:attachment":[{"href":"https:\/\/shop.bantam.ch\/fr\/wp-json\/wp\/v2\/media?parent=154551"}],"wp:term":[{"taxonomy":"product_featured_cat","embeddable":true,"href":"https:\/\/shop.bantam.ch\/fr\/wp-json\/wp\/v2\/product_featured_cat?post=154551"},{"taxonomy":"product_brand","embeddable":true,"href":"https:\/\/shop.bantam.ch\/fr\/wp-json\/wp\/v2\/product_brand?post=154551"},{"taxonomy":"product_cat","embeddable":true,"href":"https:\/\/shop.bantam.ch\/fr\/wp-json\/wp\/v2\/product_cat?post=154551"},{"taxonomy":"product_tag","embeddable":true,"href":"https:\/\/shop.bantam.ch\/fr\/wp-json\/wp\/v2\/product_tag?post=154551"}],"curies":[{"name":"wp","href":"https:\/\/api.w.org\/{rel}","templated":true}]}}