{"id":154242,"date":"2023-03-22T15:42:03","date_gmt":"2023-03-22T14:42:03","guid":{"rendered":"https:\/\/shop.bantam.ch\/produit\/paroi-laterale-rain-blocker-g2\/"},"modified":"2026-04-17T22:36:21","modified_gmt":"2026-04-17T20:36:21","slug":"paroi-laterale-rain-blocker-g2","status":"publish","type":"product","link":"https:\/\/shop.bantam.ch\/fr\/produit\/paroi-laterale-rain-blocker-g2\/","title":{"rendered":"Paroi lat\u00e9rale Rain Blocker G2"},"content":{"rendered":"<p>Paroi lat\u00e9rale pour les stores bannes Thule comme protection contre les regards indiscrets, le vent et la pluie.<\/p>\n<ul>\n<li>Disponible pour diff\u00e9rents stores, ind\u00e9pendamment de l\u2019avanc\u00e9e et de la hauteur de montage\u00a0<\/li>\n<li>La b\u00e2che lat\u00e9rale glisse dans la barre de tension en aluminium d\u2019installation facile entre le bo\u00eetier du store et le profil\u00e9 avant\u00a0<\/li>\n<li>Des raccords pratiques permettent une fixation simple de la paroi lat\u00e9rale au pied support du store banne\u00a0<\/li>\n<li>La partie lat\u00e9rale est installable des deux c\u00f4t\u00e9s du store\u00a0<\/li>\n<li>De nombreuses possibilit\u00e9s de combinaison avec d\u2019autres parois\u00a0<\/li>\n<li>Les b\u00e2ches Rain Blocker G2 peuvent \u00eatre associ\u00e9es \u00e0 des raccords intelligents\u00a0<\/li>\n<li>Mati\u00e8re en toile r\u00e9sistante<\/li>\n<\/ul>\n<p>Mat\u00e9riau\u00a0:<br \/>Toile de polychlorure de vinyle<\/p>\n<p>\u00a0<\/p>\n","protected":false},"excerpt":{"rendered":"<p>Paroi lat\u00e9rale pour les stores bannes Thule comme protection contre les regards indiscrets, le vent et la pluie. Disponible pour diff\u00e9rents stores, ind\u00e9pendamment de l\u2019avanc\u00e9e et de la hauteur de montage\u00a0 La b\u00e2che lat\u00e9rale glisse dans la barre de tension en aluminium d\u2019installation facile entre le bo\u00eetier du store et le profil\u00e9 avant\u00a0 Des raccords [&hellip;]<\/p>\n","protected":false},"featured_media":154240,"template":"","meta":{"_acf_changed":false},"product_featured_cat":[],"product_brand":[3046],"product_cat":[4221],"product_tag":[],"class_list":{"0":"post-154242","1":"product","2":"type-product","3":"status-publish","4":"has-post-thumbnail","6":"product_brand-thule","7":"product_cat-parois-laterales","9":"first","10":"instock","11":"taxable","12":"shipping-taxable","13":"purchasable","14":"product-type-variable"},"acf":[],"yoast_head":"<!-- This site is optimized with the Yoast SEO plugin v27.4 - https:\/\/yoast.com\/product\/yoast-seo-wordpress\/ -->\n<title>Paroi lat\u00e9rale Rain Blocker G2 - Bantam Wankm\u00fcller SA<\/title>\n<meta name=\"robots\" content=\"index, follow, max-snippet:-1, max-image-preview:large, max-video-preview:-1\" \/>\n<link rel=\"canonical\" href=\"https:\/\/shop.bantam.ch\/fr\/produit\/paroi-laterale-rain-blocker-g2\/\" \/>\n<meta property=\"og:locale\" content=\"fr_FR\" \/>\n<meta property=\"og:type\" content=\"article\" \/>\n<meta property=\"og:title\" content=\"Paroi lat\u00e9rale Rain Blocker G2 - Bantam Wankm\u00fcller SA\" \/>\n<meta property=\"og:description\" content=\"Paroi lat\u00e9rale pour les stores bannes Thule comme protection contre les regards indiscrets, le vent et la pluie. Disponible pour diff\u00e9rents stores, ind\u00e9pendamment de l\u2019avanc\u00e9e et de la hauteur de montage\u00a0 La b\u00e2che lat\u00e9rale glisse dans la barre de tension en aluminium d\u2019installation facile entre le bo\u00eetier du store et le profil\u00e9 avant\u00a0 Des raccords [&hellip;]\" \/>\n<meta property=\"og:url\" content=\"https:\/\/shop.bantam.ch\/fr\/produit\/paroi-laterale-rain-blocker-g2\/\" \/>\n<meta property=\"og:site_name\" content=\"Bantam Wankm\u00fcller SA\" \/>\n<meta property=\"article:modified_time\" content=\"2026-04-17T20:36:21+00:00\" \/>\n<meta property=\"og:image\" content=\"https:\/\/shop.bantam.ch\/wp-content\/uploads\/2023\/03\/9970725100-11.jpg\" \/>\n\t<meta property=\"og:image:width\" content=\"1000\" \/>\n\t<meta property=\"og:image:height\" content=\"661\" \/>\n\t<meta property=\"og:image:type\" content=\"image\/jpeg\" \/>\n<meta name=\"twitter:card\" content=\"summary_large_image\" \/>\n<meta name=\"twitter:label1\" content=\"Dur\u00e9e de lecture estim\u00e9e\" \/>\n\t<meta name=\"twitter:data1\" content=\"1 minute\" \/>\n<script type=\"application\/ld+json\" class=\"yoast-schema-graph\">{\"@context\":\"https:\\\/\\\/schema.org\",\"@graph\":[{\"@type\":\"WebPage\",\"@id\":\"https:\\\/\\\/shop.bantam.ch\\\/fr\\\/produit\\\/paroi-laterale-rain-blocker-g2\\\/\",\"url\":\"https:\\\/\\\/shop.bantam.ch\\\/fr\\\/produit\\\/paroi-laterale-rain-blocker-g2\\\/\",\"name\":\"Paroi lat\u00e9rale Rain Blocker G2 - Bantam Wankm\u00fcller SA\",\"isPartOf\":{\"@id\":\"https:\\\/\\\/shop.bantam.ch\\\/fr\\\/#website\"},\"primaryImageOfPage\":{\"@id\":\"https:\\\/\\\/shop.bantam.ch\\\/fr\\\/produit\\\/paroi-laterale-rain-blocker-g2\\\/#primaryimage\"},\"image\":{\"@id\":\"https:\\\/\\\/shop.bantam.ch\\\/fr\\\/produit\\\/paroi-laterale-rain-blocker-g2\\\/#primaryimage\"},\"thumbnailUrl\":\"https:\\\/\\\/shop.bantam.ch\\\/wp-content\\\/uploads\\\/2023\\\/03\\\/9970725100-11.jpg\",\"datePublished\":\"2023-03-22T14:42:03+00:00\",\"dateModified\":\"2026-04-17T20:36:21+00:00\",\"breadcrumb\":{\"@id\":\"https:\\\/\\\/shop.bantam.ch\\\/fr\\\/produit\\\/paroi-laterale-rain-blocker-g2\\\/#breadcrumb\"},\"inLanguage\":\"fr-FR\",\"potentialAction\":[{\"@type\":\"ReadAction\",\"target\":[\"https:\\\/\\\/shop.bantam.ch\\\/fr\\\/produit\\\/paroi-laterale-rain-blocker-g2\\\/\"]}]},{\"@type\":\"ImageObject\",\"inLanguage\":\"fr-FR\",\"@id\":\"https:\\\/\\\/shop.bantam.ch\\\/fr\\\/produit\\\/paroi-laterale-rain-blocker-g2\\\/#primaryimage\",\"url\":\"https:\\\/\\\/shop.bantam.ch\\\/wp-content\\\/uploads\\\/2023\\\/03\\\/9970725100-11.jpg\",\"contentUrl\":\"https:\\\/\\\/shop.bantam.ch\\\/wp-content\\\/uploads\\\/2023\\\/03\\\/9970725100-11.jpg\",\"width\":1000,\"height\":661},{\"@type\":\"BreadcrumbList\",\"@id\":\"https:\\\/\\\/shop.bantam.ch\\\/fr\\\/produit\\\/paroi-laterale-rain-blocker-g2\\\/#breadcrumb\",\"itemListElement\":[{\"@type\":\"ListItem\",\"position\":1,\"name\":\"Accueil\",\"item\":\"https:\\\/\\\/shop.bantam.ch\\\/fr\\\/\"},{\"@type\":\"ListItem\",\"position\":2,\"name\":\"Boutique\",\"item\":\"https:\\\/\\\/shop.bantam.ch\\\/fr\\\/boutique\\\/\"},{\"@type\":\"ListItem\",\"position\":3,\"name\":\"Paroi lat\u00e9rale Rain Blocker G2\"}]},{\"@type\":\"WebSite\",\"@id\":\"https:\\\/\\\/shop.bantam.ch\\\/fr\\\/#website\",\"url\":\"https:\\\/\\\/shop.bantam.ch\\\/fr\\\/\",\"name\":\"Bantam Wankm\u00fcller SA\",\"description\":\"\",\"publisher\":{\"@id\":\"https:\\\/\\\/shop.bantam.ch\\\/fr\\\/#organization\"},\"inLanguage\":\"fr-FR\"},{\"@type\":\"Organization\",\"@id\":\"https:\\\/\\\/shop.bantam.ch\\\/fr\\\/#organization\",\"name\":\"Bantam Wankm\u00fcller SA\",\"url\":\"https:\\\/\\\/shop.bantam.ch\\\/fr\\\/\",\"logo\":{\"@type\":\"ImageObject\",\"inLanguage\":\"fr-FR\",\"@id\":\"https:\\\/\\\/shop.bantam.ch\\\/fr\\\/#\\\/schema\\\/logo\\\/image\\\/\",\"url\":\"https:\\\/\\\/shop.bantam.ch\\\/wp-content\\\/uploads\\\/2022\\\/12\\\/bantam-logo.png\",\"contentUrl\":\"https:\\\/\\\/shop.bantam.ch\\\/wp-content\\\/uploads\\\/2022\\\/12\\\/bantam-logo.png\",\"width\":320,\"height\":71,\"caption\":\"Bantam Wankm\u00fcller SA\"},\"image\":{\"@id\":\"https:\\\/\\\/shop.bantam.ch\\\/fr\\\/#\\\/schema\\\/logo\\\/image\\\/\"}}]}<\/script>\n<!-- \/ Yoast SEO plugin. -->","yoast_head_json":{"title":"Paroi lat\u00e9rale Rain Blocker G2 - Bantam Wankm\u00fcller SA","robots":{"index":"index","follow":"follow","max-snippet":"max-snippet:-1","max-image-preview":"max-image-preview:large","max-video-preview":"max-video-preview:-1"},"canonical":"https:\/\/shop.bantam.ch\/fr\/produit\/paroi-laterale-rain-blocker-g2\/","og_locale":"fr_FR","og_type":"article","og_title":"Paroi lat\u00e9rale Rain Blocker G2 - Bantam Wankm\u00fcller SA","og_description":"Paroi lat\u00e9rale pour les stores bannes Thule comme protection contre les regards indiscrets, le vent et la pluie. Disponible pour diff\u00e9rents stores, ind\u00e9pendamment de l\u2019avanc\u00e9e et de la hauteur de montage\u00a0 La b\u00e2che lat\u00e9rale glisse dans la barre de tension en aluminium d\u2019installation facile entre le bo\u00eetier du store et le profil\u00e9 avant\u00a0 Des raccords [&hellip;]","og_url":"https:\/\/shop.bantam.ch\/fr\/produit\/paroi-laterale-rain-blocker-g2\/","og_site_name":"Bantam Wankm\u00fcller SA","article_modified_time":"2026-04-17T20:36:21+00:00","og_image":[{"width":1000,"height":661,"url":"https:\/\/shop.bantam.ch\/wp-content\/uploads\/2023\/03\/9970725100-11.jpg","type":"image\/jpeg"}],"twitter_card":"summary_large_image","twitter_misc":{"Dur\u00e9e de lecture estim\u00e9e":"1 minute"},"schema":{"@context":"https:\/\/schema.org","@graph":[{"@type":"WebPage","@id":"https:\/\/shop.bantam.ch\/fr\/produit\/paroi-laterale-rain-blocker-g2\/","url":"https:\/\/shop.bantam.ch\/fr\/produit\/paroi-laterale-rain-blocker-g2\/","name":"Paroi lat\u00e9rale Rain Blocker G2 - Bantam Wankm\u00fcller SA","isPartOf":{"@id":"https:\/\/shop.bantam.ch\/fr\/#website"},"primaryImageOfPage":{"@id":"https:\/\/shop.bantam.ch\/fr\/produit\/paroi-laterale-rain-blocker-g2\/#primaryimage"},"image":{"@id":"https:\/\/shop.bantam.ch\/fr\/produit\/paroi-laterale-rain-blocker-g2\/#primaryimage"},"thumbnailUrl":"https:\/\/shop.bantam.ch\/wp-content\/uploads\/2023\/03\/9970725100-11.jpg","datePublished":"2023-03-22T14:42:03+00:00","dateModified":"2026-04-17T20:36:21+00:00","breadcrumb":{"@id":"https:\/\/shop.bantam.ch\/fr\/produit\/paroi-laterale-rain-blocker-g2\/#breadcrumb"},"inLanguage":"fr-FR","potentialAction":[{"@type":"ReadAction","target":["https:\/\/shop.bantam.ch\/fr\/produit\/paroi-laterale-rain-blocker-g2\/"]}]},{"@type":"ImageObject","inLanguage":"fr-FR","@id":"https:\/\/shop.bantam.ch\/fr\/produit\/paroi-laterale-rain-blocker-g2\/#primaryimage","url":"https:\/\/shop.bantam.ch\/wp-content\/uploads\/2023\/03\/9970725100-11.jpg","contentUrl":"https:\/\/shop.bantam.ch\/wp-content\/uploads\/2023\/03\/9970725100-11.jpg","width":1000,"height":661},{"@type":"BreadcrumbList","@id":"https:\/\/shop.bantam.ch\/fr\/produit\/paroi-laterale-rain-blocker-g2\/#breadcrumb","itemListElement":[{"@type":"ListItem","position":1,"name":"Accueil","item":"https:\/\/shop.bantam.ch\/fr\/"},{"@type":"ListItem","position":2,"name":"Boutique","item":"https:\/\/shop.bantam.ch\/fr\/boutique\/"},{"@type":"ListItem","position":3,"name":"Paroi lat\u00e9rale Rain Blocker G2"}]},{"@type":"WebSite","@id":"https:\/\/shop.bantam.ch\/fr\/#website","url":"https:\/\/shop.bantam.ch\/fr\/","name":"Bantam Wankm\u00fcller SA","description":"","publisher":{"@id":"https:\/\/shop.bantam.ch\/fr\/#organization"},"inLanguage":"fr-FR"},{"@type":"Organization","@id":"https:\/\/shop.bantam.ch\/fr\/#organization","name":"Bantam Wankm\u00fcller SA","url":"https:\/\/shop.bantam.ch\/fr\/","logo":{"@type":"ImageObject","inLanguage":"fr-FR","@id":"https:\/\/shop.bantam.ch\/fr\/#\/schema\/logo\/image\/","url":"https:\/\/shop.bantam.ch\/wp-content\/uploads\/2022\/12\/bantam-logo.png","contentUrl":"https:\/\/shop.bantam.ch\/wp-content\/uploads\/2022\/12\/bantam-logo.png","width":320,"height":71,"caption":"Bantam Wankm\u00fcller SA"},"image":{"@id":"https:\/\/shop.bantam.ch\/fr\/#\/schema\/logo\/image\/"}}]}},"_links":{"self":[{"href":"https:\/\/shop.bantam.ch\/fr\/wp-json\/wp\/v2\/product\/154242","targetHints":{"allow":["GET"]}}],"collection":[{"href":"https:\/\/shop.bantam.ch\/fr\/wp-json\/wp\/v2\/product"}],"about":[{"href":"https:\/\/shop.bantam.ch\/fr\/wp-json\/wp\/v2\/types\/product"}],"wp:featuredmedia":[{"embeddable":true,"href":"https:\/\/shop.bantam.ch\/fr\/wp-json\/wp\/v2\/media\/154240"}],"wp:attachment":[{"href":"https:\/\/shop.bantam.ch\/fr\/wp-json\/wp\/v2\/media?parent=154242"}],"wp:term":[{"taxonomy":"product_featured_cat","embeddable":true,"href":"https:\/\/shop.bantam.ch\/fr\/wp-json\/wp\/v2\/product_featured_cat?post=154242"},{"taxonomy":"product_brand","embeddable":true,"href":"https:\/\/shop.bantam.ch\/fr\/wp-json\/wp\/v2\/product_brand?post=154242"},{"taxonomy":"product_cat","embeddable":true,"href":"https:\/\/shop.bantam.ch\/fr\/wp-json\/wp\/v2\/product_cat?post=154242"},{"taxonomy":"product_tag","embeddable":true,"href":"https:\/\/shop.bantam.ch\/fr\/wp-json\/wp\/v2\/product_tag?post=154242"}],"curies":[{"name":"wp","href":"https:\/\/api.w.org\/{rel}","templated":true}]}}