{"id":153843,"date":"2023-03-22T15:14:43","date_gmt":"2023-03-22T14:14:43","guid":{"rendered":"https:\/\/shop.bantam.ch\/produit\/systeme-doccultation-remi-front-iv\/"},"modified":"2026-04-18T22:35:32","modified_gmt":"2026-04-18T20:35:32","slug":"systeme-doccultation-remi-front-iv","status":"publish","type":"product","link":"https:\/\/shop.bantam.ch\/fr\/produit\/systeme-doccultation-remi-front-iv\/","title":{"rendered":"Syst\u00e8me d&rsquo;occultation REMI Front IV"},"content":{"rendered":"<p>La solution d\u2019occultation pour cabines de conducteur permet une occultation sans probl\u00e8me pendant la nuit et prot\u00e8ge contre les regards indiscrets. Sa composition multicouches<br \/>et robuste diminue ainsi le r\u00e9chauffement ou le refroidissement du v\u00e9hicule. Installation rapide et sans probl\u00e8me sur les v\u00e9hicules neufs<br \/>Installation ult\u00e9rieure sur les v\u00e9hicules actuels.\u00a0<\/p>\n<ul>\n<li>Les stores enrouleurs avant se fixent sur les montants A, les parties lat\u00e9rales se vissent sur le cadre de la porte.<\/li>\n<li>Amovibles si besoin<\/li>\n<li>Aspect visuel esth\u00e9tique gr\u00e2ce \u00e0 son plissage<\/li>\n<li>Champ de vision non r\u00e9duit, conforme aux directives europ\u00e9ennes<\/li>\n<li>Syst\u00e8me d\u2019obscurcissement de la cabine conducteur compos\u00e9 d\u2019un syst\u00e8me pliss\u00e9 pour le pare-brise avant et de syst\u00e8mes d\u2019occultation pour les vitres lat\u00e9rales<\/li>\n<\/ul>\n","protected":false},"excerpt":{"rendered":"<p>La solution d\u2019occultation pour cabines de conducteur permet une occultation sans probl\u00e8me pendant la nuit et prot\u00e8ge contre les regards indiscrets. Sa composition multicoucheset robuste diminue ainsi le r\u00e9chauffement ou le refroidissement du v\u00e9hicule. Installation rapide et sans probl\u00e8me sur les v\u00e9hicules neufsInstallation ult\u00e9rieure sur les v\u00e9hicules actuels.\u00a0 Les stores enrouleurs avant se fixent sur [&hellip;]<\/p>\n","protected":false},"featured_media":153841,"template":"","meta":{"_acf_changed":false},"product_featured_cat":[],"product_brand":[3044],"product_cat":[4713],"product_tag":[],"class_list":{"0":"post-153843","1":"product","2":"type-product","3":"status-publish","4":"has-post-thumbnail","6":"product_brand-remis","7":"product_cat-systeme-doccultation-de-la-cabine-de-conduite","9":"first","10":"instock","11":"taxable","12":"shipping-taxable","13":"purchasable","14":"product-type-variable"},"acf":[],"yoast_head":"<!-- This site is optimized with the Yoast SEO plugin v27.4 - https:\/\/yoast.com\/product\/yoast-seo-wordpress\/ -->\n<title>Syst\u00e8me d&#039;occultation REMI Front IV - Bantam Wankm\u00fcller SA<\/title>\n<meta name=\"robots\" content=\"index, follow, max-snippet:-1, max-image-preview:large, max-video-preview:-1\" \/>\n<link rel=\"canonical\" href=\"https:\/\/shop.bantam.ch\/fr\/produit\/systeme-doccultation-remi-front-iv\/\" \/>\n<meta property=\"og:locale\" content=\"fr_FR\" \/>\n<meta property=\"og:type\" content=\"article\" \/>\n<meta property=\"og:title\" content=\"Syst\u00e8me d&#039;occultation REMI Front IV - Bantam Wankm\u00fcller SA\" \/>\n<meta property=\"og:description\" content=\"La solution d\u2019occultation pour cabines de conducteur permet une occultation sans probl\u00e8me pendant la nuit et prot\u00e8ge contre les regards indiscrets. Sa composition multicoucheset robuste diminue ainsi le r\u00e9chauffement ou le refroidissement du v\u00e9hicule. Installation rapide et sans probl\u00e8me sur les v\u00e9hicules neufsInstallation ult\u00e9rieure sur les v\u00e9hicules actuels.\u00a0 Les stores enrouleurs avant se fixent sur [&hellip;]\" \/>\n<meta property=\"og:url\" content=\"https:\/\/shop.bantam.ch\/fr\/produit\/systeme-doccultation-remi-front-iv\/\" \/>\n<meta property=\"og:site_name\" content=\"Bantam Wankm\u00fcller SA\" \/>\n<meta property=\"article:modified_time\" content=\"2026-04-18T20:35:32+00:00\" \/>\n<meta property=\"og:image\" content=\"https:\/\/shop.bantam.ch\/wp-content\/uploads\/2023\/03\/9940129-Remifront_IV_Remis_fuer_Ford_Transit_-Standard-01-3.jpg\" \/>\n\t<meta property=\"og:image:width\" content=\"1000\" \/>\n\t<meta property=\"og:image:height\" content=\"563\" \/>\n\t<meta property=\"og:image:type\" content=\"image\/jpeg\" \/>\n<meta name=\"twitter:card\" content=\"summary_large_image\" \/>\n<meta name=\"twitter:label1\" content=\"Dur\u00e9e de lecture estim\u00e9e\" \/>\n\t<meta name=\"twitter:data1\" content=\"1 minute\" \/>\n<script type=\"application\/ld+json\" class=\"yoast-schema-graph\">{\"@context\":\"https:\\\/\\\/schema.org\",\"@graph\":[{\"@type\":\"WebPage\",\"@id\":\"https:\\\/\\\/shop.bantam.ch\\\/fr\\\/produit\\\/systeme-doccultation-remi-front-iv\\\/\",\"url\":\"https:\\\/\\\/shop.bantam.ch\\\/fr\\\/produit\\\/systeme-doccultation-remi-front-iv\\\/\",\"name\":\"Syst\u00e8me d'occultation REMI Front IV - Bantam Wankm\u00fcller SA\",\"isPartOf\":{\"@id\":\"https:\\\/\\\/shop.bantam.ch\\\/fr\\\/#website\"},\"primaryImageOfPage\":{\"@id\":\"https:\\\/\\\/shop.bantam.ch\\\/fr\\\/produit\\\/systeme-doccultation-remi-front-iv\\\/#primaryimage\"},\"image\":{\"@id\":\"https:\\\/\\\/shop.bantam.ch\\\/fr\\\/produit\\\/systeme-doccultation-remi-front-iv\\\/#primaryimage\"},\"thumbnailUrl\":\"https:\\\/\\\/shop.bantam.ch\\\/wp-content\\\/uploads\\\/2023\\\/03\\\/9940129-Remifront_IV_Remis_fuer_Ford_Transit_-Standard-01-3.jpg\",\"datePublished\":\"2023-03-22T14:14:43+00:00\",\"dateModified\":\"2026-04-18T20:35:32+00:00\",\"breadcrumb\":{\"@id\":\"https:\\\/\\\/shop.bantam.ch\\\/fr\\\/produit\\\/systeme-doccultation-remi-front-iv\\\/#breadcrumb\"},\"inLanguage\":\"fr-FR\",\"potentialAction\":[{\"@type\":\"ReadAction\",\"target\":[\"https:\\\/\\\/shop.bantam.ch\\\/fr\\\/produit\\\/systeme-doccultation-remi-front-iv\\\/\"]}]},{\"@type\":\"ImageObject\",\"inLanguage\":\"fr-FR\",\"@id\":\"https:\\\/\\\/shop.bantam.ch\\\/fr\\\/produit\\\/systeme-doccultation-remi-front-iv\\\/#primaryimage\",\"url\":\"https:\\\/\\\/shop.bantam.ch\\\/wp-content\\\/uploads\\\/2023\\\/03\\\/9940129-Remifront_IV_Remis_fuer_Ford_Transit_-Standard-01-3.jpg\",\"contentUrl\":\"https:\\\/\\\/shop.bantam.ch\\\/wp-content\\\/uploads\\\/2023\\\/03\\\/9940129-Remifront_IV_Remis_fuer_Ford_Transit_-Standard-01-3.jpg\",\"width\":1000,\"height\":563},{\"@type\":\"BreadcrumbList\",\"@id\":\"https:\\\/\\\/shop.bantam.ch\\\/fr\\\/produit\\\/systeme-doccultation-remi-front-iv\\\/#breadcrumb\",\"itemListElement\":[{\"@type\":\"ListItem\",\"position\":1,\"name\":\"Accueil\",\"item\":\"https:\\\/\\\/shop.bantam.ch\\\/fr\\\/\"},{\"@type\":\"ListItem\",\"position\":2,\"name\":\"Boutique\",\"item\":\"https:\\\/\\\/shop.bantam.ch\\\/fr\\\/boutique\\\/\"},{\"@type\":\"ListItem\",\"position\":3,\"name\":\"Syst\u00e8me d&rsquo;occultation REMI Front IV\"}]},{\"@type\":\"WebSite\",\"@id\":\"https:\\\/\\\/shop.bantam.ch\\\/fr\\\/#website\",\"url\":\"https:\\\/\\\/shop.bantam.ch\\\/fr\\\/\",\"name\":\"Bantam Wankm\u00fcller SA\",\"description\":\"\",\"publisher\":{\"@id\":\"https:\\\/\\\/shop.bantam.ch\\\/fr\\\/#organization\"},\"inLanguage\":\"fr-FR\"},{\"@type\":\"Organization\",\"@id\":\"https:\\\/\\\/shop.bantam.ch\\\/fr\\\/#organization\",\"name\":\"Bantam Wankm\u00fcller SA\",\"url\":\"https:\\\/\\\/shop.bantam.ch\\\/fr\\\/\",\"logo\":{\"@type\":\"ImageObject\",\"inLanguage\":\"fr-FR\",\"@id\":\"https:\\\/\\\/shop.bantam.ch\\\/fr\\\/#\\\/schema\\\/logo\\\/image\\\/\",\"url\":\"https:\\\/\\\/shop.bantam.ch\\\/wp-content\\\/uploads\\\/2022\\\/12\\\/bantam-logo.png\",\"contentUrl\":\"https:\\\/\\\/shop.bantam.ch\\\/wp-content\\\/uploads\\\/2022\\\/12\\\/bantam-logo.png\",\"width\":320,\"height\":71,\"caption\":\"Bantam Wankm\u00fcller SA\"},\"image\":{\"@id\":\"https:\\\/\\\/shop.bantam.ch\\\/fr\\\/#\\\/schema\\\/logo\\\/image\\\/\"}}]}<\/script>\n<!-- \/ Yoast SEO plugin. -->","yoast_head_json":{"title":"Syst\u00e8me d'occultation REMI Front IV - Bantam Wankm\u00fcller SA","robots":{"index":"index","follow":"follow","max-snippet":"max-snippet:-1","max-image-preview":"max-image-preview:large","max-video-preview":"max-video-preview:-1"},"canonical":"https:\/\/shop.bantam.ch\/fr\/produit\/systeme-doccultation-remi-front-iv\/","og_locale":"fr_FR","og_type":"article","og_title":"Syst\u00e8me d'occultation REMI Front IV - Bantam Wankm\u00fcller SA","og_description":"La solution d\u2019occultation pour cabines de conducteur permet une occultation sans probl\u00e8me pendant la nuit et prot\u00e8ge contre les regards indiscrets. Sa composition multicoucheset robuste diminue ainsi le r\u00e9chauffement ou le refroidissement du v\u00e9hicule. Installation rapide et sans probl\u00e8me sur les v\u00e9hicules neufsInstallation ult\u00e9rieure sur les v\u00e9hicules actuels.\u00a0 Les stores enrouleurs avant se fixent sur [&hellip;]","og_url":"https:\/\/shop.bantam.ch\/fr\/produit\/systeme-doccultation-remi-front-iv\/","og_site_name":"Bantam Wankm\u00fcller SA","article_modified_time":"2026-04-18T20:35:32+00:00","og_image":[{"width":1000,"height":563,"url":"https:\/\/shop.bantam.ch\/wp-content\/uploads\/2023\/03\/9940129-Remifront_IV_Remis_fuer_Ford_Transit_-Standard-01-3.jpg","type":"image\/jpeg"}],"twitter_card":"summary_large_image","twitter_misc":{"Dur\u00e9e de lecture estim\u00e9e":"1 minute"},"schema":{"@context":"https:\/\/schema.org","@graph":[{"@type":"WebPage","@id":"https:\/\/shop.bantam.ch\/fr\/produit\/systeme-doccultation-remi-front-iv\/","url":"https:\/\/shop.bantam.ch\/fr\/produit\/systeme-doccultation-remi-front-iv\/","name":"Syst\u00e8me d'occultation REMI Front IV - Bantam Wankm\u00fcller SA","isPartOf":{"@id":"https:\/\/shop.bantam.ch\/fr\/#website"},"primaryImageOfPage":{"@id":"https:\/\/shop.bantam.ch\/fr\/produit\/systeme-doccultation-remi-front-iv\/#primaryimage"},"image":{"@id":"https:\/\/shop.bantam.ch\/fr\/produit\/systeme-doccultation-remi-front-iv\/#primaryimage"},"thumbnailUrl":"https:\/\/shop.bantam.ch\/wp-content\/uploads\/2023\/03\/9940129-Remifront_IV_Remis_fuer_Ford_Transit_-Standard-01-3.jpg","datePublished":"2023-03-22T14:14:43+00:00","dateModified":"2026-04-18T20:35:32+00:00","breadcrumb":{"@id":"https:\/\/shop.bantam.ch\/fr\/produit\/systeme-doccultation-remi-front-iv\/#breadcrumb"},"inLanguage":"fr-FR","potentialAction":[{"@type":"ReadAction","target":["https:\/\/shop.bantam.ch\/fr\/produit\/systeme-doccultation-remi-front-iv\/"]}]},{"@type":"ImageObject","inLanguage":"fr-FR","@id":"https:\/\/shop.bantam.ch\/fr\/produit\/systeme-doccultation-remi-front-iv\/#primaryimage","url":"https:\/\/shop.bantam.ch\/wp-content\/uploads\/2023\/03\/9940129-Remifront_IV_Remis_fuer_Ford_Transit_-Standard-01-3.jpg","contentUrl":"https:\/\/shop.bantam.ch\/wp-content\/uploads\/2023\/03\/9940129-Remifront_IV_Remis_fuer_Ford_Transit_-Standard-01-3.jpg","width":1000,"height":563},{"@type":"BreadcrumbList","@id":"https:\/\/shop.bantam.ch\/fr\/produit\/systeme-doccultation-remi-front-iv\/#breadcrumb","itemListElement":[{"@type":"ListItem","position":1,"name":"Accueil","item":"https:\/\/shop.bantam.ch\/fr\/"},{"@type":"ListItem","position":2,"name":"Boutique","item":"https:\/\/shop.bantam.ch\/fr\/boutique\/"},{"@type":"ListItem","position":3,"name":"Syst\u00e8me d&rsquo;occultation REMI Front IV"}]},{"@type":"WebSite","@id":"https:\/\/shop.bantam.ch\/fr\/#website","url":"https:\/\/shop.bantam.ch\/fr\/","name":"Bantam Wankm\u00fcller SA","description":"","publisher":{"@id":"https:\/\/shop.bantam.ch\/fr\/#organization"},"inLanguage":"fr-FR"},{"@type":"Organization","@id":"https:\/\/shop.bantam.ch\/fr\/#organization","name":"Bantam Wankm\u00fcller SA","url":"https:\/\/shop.bantam.ch\/fr\/","logo":{"@type":"ImageObject","inLanguage":"fr-FR","@id":"https:\/\/shop.bantam.ch\/fr\/#\/schema\/logo\/image\/","url":"https:\/\/shop.bantam.ch\/wp-content\/uploads\/2022\/12\/bantam-logo.png","contentUrl":"https:\/\/shop.bantam.ch\/wp-content\/uploads\/2022\/12\/bantam-logo.png","width":320,"height":71,"caption":"Bantam Wankm\u00fcller SA"},"image":{"@id":"https:\/\/shop.bantam.ch\/fr\/#\/schema\/logo\/image\/"}}]}},"_links":{"self":[{"href":"https:\/\/shop.bantam.ch\/fr\/wp-json\/wp\/v2\/product\/153843","targetHints":{"allow":["GET"]}}],"collection":[{"href":"https:\/\/shop.bantam.ch\/fr\/wp-json\/wp\/v2\/product"}],"about":[{"href":"https:\/\/shop.bantam.ch\/fr\/wp-json\/wp\/v2\/types\/product"}],"wp:featuredmedia":[{"embeddable":true,"href":"https:\/\/shop.bantam.ch\/fr\/wp-json\/wp\/v2\/media\/153841"}],"wp:attachment":[{"href":"https:\/\/shop.bantam.ch\/fr\/wp-json\/wp\/v2\/media?parent=153843"}],"wp:term":[{"taxonomy":"product_featured_cat","embeddable":true,"href":"https:\/\/shop.bantam.ch\/fr\/wp-json\/wp\/v2\/product_featured_cat?post=153843"},{"taxonomy":"product_brand","embeddable":true,"href":"https:\/\/shop.bantam.ch\/fr\/wp-json\/wp\/v2\/product_brand?post=153843"},{"taxonomy":"product_cat","embeddable":true,"href":"https:\/\/shop.bantam.ch\/fr\/wp-json\/wp\/v2\/product_cat?post=153843"},{"taxonomy":"product_tag","embeddable":true,"href":"https:\/\/shop.bantam.ch\/fr\/wp-json\/wp\/v2\/product_tag?post=153843"}],"curies":[{"name":"wp","href":"https:\/\/api.w.org\/{rel}","templated":true}]}}