{"id":153601,"date":"2023-03-22T15:09:09","date_gmt":"2023-03-22T14:09:09","guid":{"rendered":"https:\/\/shop.bantam.ch\/produit\/store-mural-f45-s-couleur-boitier-titanium\/"},"modified":"2026-05-02T22:29:07","modified_gmt":"2026-05-02T20:29:07","slug":"store-mural-f45-s-couleur-boitier-titanium","status":"publish","type":"product","link":"https:\/\/shop.bantam.ch\/fr\/produit\/store-mural-f45-s-couleur-boitier-titanium\/","title":{"rendered":"Store mural F45 S couleur bo\u00eetier titanium"},"content":{"rendered":"<p>Store classique \u00e0 manivelle pour montage sur parois de camping-cars, caravanes, vans am\u00e9nag\u00e9s ou fourgons <\/p>\n<p>Propri\u00e9t\u00e9s et fonctions :<\/p>\n<ul>\n<li>Tension parfaite de la toile gr\u00e2ce au support d\u2019enroulement.<\/li>\n<li>Bras articul\u00e9s renforc\u00e9s avec double <\/li>\n<li>tension de c\u00e2ble<\/li>\n<li>Articulation de pieds renforc\u00e9e<\/li>\n<li>Gr\u00e2ce au double rail de tr\u00e9pointe sur la partie avant, il est possible d\u2019utiliser simultan\u00e9ment l&rsquo;auvent de store et, par ex., le Sun Blocker.<\/li>\n<li>Goutti\u00e8re dans le bandeau frontal<\/li>\n<li>Nombreux accessoires tels qu\u2018auvent de store, lampes LED, Sun- et Rainblocker, etc.<\/li>\n<li>Auto-Lock = transmission de s\u00e9curit\u00e9 autobloquante permettant une ouverture et une fermeture silencieuses et rapides<\/li>\n<li>Dual Security indique si la partie avant est bien verrouill\u00e9e. Syst\u00e8me Dual Shock-Absorber prot\u00e8ge les bras articul\u00e9s.<\/li>\n<li>Vous trouverez des adaptateurs sp\u00e9ciaux dans notre catalogue<\/li>\n<\/ul>\n<p>Mat\u00e9riau :<br \/>en toile PVC<br \/>boitier : aluminium<\/p>\n<p>\u00a0<\/p>\n<p>Contenu de la livraison :<br \/>kit de montage mural inclus<\/p>\n","protected":false},"excerpt":{"rendered":"<p>Store classique \u00e0 manivelle pour montage sur parois de camping-cars, caravanes, vans am\u00e9nag\u00e9s ou fourgons Propri\u00e9t\u00e9s et fonctions : Tension parfaite de la toile gr\u00e2ce au support d\u2019enroulement. Bras articul\u00e9s renforc\u00e9s avec double tension de c\u00e2ble Articulation de pieds renforc\u00e9e Gr\u00e2ce au double rail de tr\u00e9pointe sur la partie avant, il est possible d\u2019utiliser simultan\u00e9ment [&hellip;]<\/p>\n","protected":false},"featured_media":153597,"template":"","meta":{"_acf_changed":false},"product_featured_cat":[],"product_brand":[3034],"product_cat":[4213],"product_tag":[],"class_list":{"0":"post-153601","1":"product","2":"type-product","3":"status-publish","4":"has-post-thumbnail","6":"product_brand-fiamma","7":"product_cat-stores-a-cassette","9":"first","10":"instock","11":"taxable","12":"shipping-taxable","13":"purchasable","14":"product-type-variable"},"acf":[],"yoast_head":"<!-- This site is optimized with the Yoast SEO plugin v27.5 - https:\/\/yoast.com\/product\/yoast-seo-wordpress\/ -->\n<title>Store mural F45 S couleur bo\u00eetier titanium - Bantam<\/title>\n<meta name=\"robots\" content=\"index, follow, max-snippet:-1, max-image-preview:large, max-video-preview:-1\" \/>\n<link rel=\"canonical\" href=\"https:\/\/shop.bantam.ch\/fr\/produit\/store-mural-f45-s-couleur-boitier-titanium\/\" \/>\n<meta property=\"og:locale\" content=\"fr_FR\" \/>\n<meta property=\"og:type\" content=\"article\" \/>\n<meta property=\"og:title\" content=\"Store mural F45 S couleur bo\u00eetier titanium - Bantam\" \/>\n<meta property=\"og:description\" content=\"Store classique \u00e0 manivelle pour montage sur parois de camping-cars, caravanes, vans am\u00e9nag\u00e9s ou fourgons Propri\u00e9t\u00e9s et fonctions : Tension parfaite de la toile gr\u00e2ce au support d\u2019enroulement. Bras articul\u00e9s renforc\u00e9s avec double tension de c\u00e2ble Articulation de pieds renforc\u00e9e Gr\u00e2ce au double rail de tr\u00e9pointe sur la partie avant, il est possible d\u2019utiliser simultan\u00e9ment [&hellip;]\" \/>\n<meta property=\"og:url\" content=\"https:\/\/shop.bantam.ch\/fr\/produit\/store-mural-f45-s-couleur-boitier-titanium\/\" \/>\n<meta property=\"og:site_name\" content=\"Bantam\" \/>\n<meta property=\"article:modified_time\" content=\"2026-05-02T20:29:07+00:00\" \/>\n<meta property=\"og:image\" content=\"https:\/\/shop.bantam.ch\/wp-content\/uploads\/2023\/03\/992426211.jpg\" \/>\n\t<meta property=\"og:image:width\" content=\"1000\" \/>\n\t<meta property=\"og:image:height\" content=\"343\" \/>\n\t<meta property=\"og:image:type\" content=\"image\/jpeg\" \/>\n<meta name=\"twitter:card\" content=\"summary_large_image\" \/>\n<meta name=\"twitter:label1\" content=\"Dur\u00e9e de lecture estim\u00e9e\" \/>\n\t<meta name=\"twitter:data1\" content=\"1 minute\" \/>\n<script type=\"application\/ld+json\" class=\"yoast-schema-graph\">{\"@context\":\"https:\\\/\\\/schema.org\",\"@graph\":[{\"@type\":\"WebPage\",\"@id\":\"https:\\\/\\\/shop.bantam.ch\\\/fr\\\/produit\\\/store-mural-f45-s-couleur-boitier-titanium\\\/\",\"url\":\"https:\\\/\\\/shop.bantam.ch\\\/fr\\\/produit\\\/store-mural-f45-s-couleur-boitier-titanium\\\/\",\"name\":\"Store mural F45 S couleur bo\u00eetier titanium - Bantam\",\"isPartOf\":{\"@id\":\"https:\\\/\\\/shop.bantam.ch\\\/fr\\\/#website\"},\"primaryImageOfPage\":{\"@id\":\"https:\\\/\\\/shop.bantam.ch\\\/fr\\\/produit\\\/store-mural-f45-s-couleur-boitier-titanium\\\/#primaryimage\"},\"image\":{\"@id\":\"https:\\\/\\\/shop.bantam.ch\\\/fr\\\/produit\\\/store-mural-f45-s-couleur-boitier-titanium\\\/#primaryimage\"},\"thumbnailUrl\":\"https:\\\/\\\/shop.bantam.ch\\\/wp-content\\\/uploads\\\/2023\\\/03\\\/992426211.jpg\",\"datePublished\":\"2023-03-22T14:09:09+00:00\",\"dateModified\":\"2026-05-02T20:29:07+00:00\",\"breadcrumb\":{\"@id\":\"https:\\\/\\\/shop.bantam.ch\\\/fr\\\/produit\\\/store-mural-f45-s-couleur-boitier-titanium\\\/#breadcrumb\"},\"inLanguage\":\"fr-FR\",\"potentialAction\":[{\"@type\":\"ReadAction\",\"target\":[\"https:\\\/\\\/shop.bantam.ch\\\/fr\\\/produit\\\/store-mural-f45-s-couleur-boitier-titanium\\\/\"]}]},{\"@type\":\"ImageObject\",\"inLanguage\":\"fr-FR\",\"@id\":\"https:\\\/\\\/shop.bantam.ch\\\/fr\\\/produit\\\/store-mural-f45-s-couleur-boitier-titanium\\\/#primaryimage\",\"url\":\"https:\\\/\\\/shop.bantam.ch\\\/wp-content\\\/uploads\\\/2023\\\/03\\\/992426211.jpg\",\"contentUrl\":\"https:\\\/\\\/shop.bantam.ch\\\/wp-content\\\/uploads\\\/2023\\\/03\\\/992426211.jpg\",\"width\":1000,\"height\":343},{\"@type\":\"BreadcrumbList\",\"@id\":\"https:\\\/\\\/shop.bantam.ch\\\/fr\\\/produit\\\/store-mural-f45-s-couleur-boitier-titanium\\\/#breadcrumb\",\"itemListElement\":[{\"@type\":\"ListItem\",\"position\":1,\"name\":\"Accueil\",\"item\":\"https:\\\/\\\/shop.bantam.ch\\\/fr\\\/\"},{\"@type\":\"ListItem\",\"position\":2,\"name\":\"Boutique\",\"item\":\"https:\\\/\\\/shop.bantam.ch\\\/fr\\\/boutique\\\/\"},{\"@type\":\"ListItem\",\"position\":3,\"name\":\"Store mural F45 S couleur bo\u00eetier titanium\"}]},{\"@type\":\"WebSite\",\"@id\":\"https:\\\/\\\/shop.bantam.ch\\\/fr\\\/#website\",\"url\":\"https:\\\/\\\/shop.bantam.ch\\\/fr\\\/\",\"name\":\"Bantam\",\"description\":\"\",\"publisher\":{\"@id\":\"https:\\\/\\\/shop.bantam.ch\\\/fr\\\/#organization\"},\"inLanguage\":\"fr-FR\"},{\"@type\":\"Organization\",\"@id\":\"https:\\\/\\\/shop.bantam.ch\\\/fr\\\/#organization\",\"name\":\"Bantam\",\"url\":\"https:\\\/\\\/shop.bantam.ch\\\/fr\\\/\",\"logo\":{\"@type\":\"ImageObject\",\"inLanguage\":\"fr-FR\",\"@id\":\"https:\\\/\\\/shop.bantam.ch\\\/fr\\\/#\\\/schema\\\/logo\\\/image\\\/\",\"url\":\"https:\\\/\\\/shop.bantam.ch\\\/wp-content\\\/uploads\\\/2022\\\/12\\\/bantam-logo.png\",\"contentUrl\":\"https:\\\/\\\/shop.bantam.ch\\\/wp-content\\\/uploads\\\/2022\\\/12\\\/bantam-logo.png\",\"width\":320,\"height\":71,\"caption\":\"Bantam\"},\"image\":{\"@id\":\"https:\\\/\\\/shop.bantam.ch\\\/fr\\\/#\\\/schema\\\/logo\\\/image\\\/\"}}]}<\/script>\n<!-- \/ Yoast SEO plugin. -->","yoast_head_json":{"title":"Store mural F45 S couleur bo\u00eetier titanium - Bantam","robots":{"index":"index","follow":"follow","max-snippet":"max-snippet:-1","max-image-preview":"max-image-preview:large","max-video-preview":"max-video-preview:-1"},"canonical":"https:\/\/shop.bantam.ch\/fr\/produit\/store-mural-f45-s-couleur-boitier-titanium\/","og_locale":"fr_FR","og_type":"article","og_title":"Store mural F45 S couleur bo\u00eetier titanium - Bantam","og_description":"Store classique \u00e0 manivelle pour montage sur parois de camping-cars, caravanes, vans am\u00e9nag\u00e9s ou fourgons Propri\u00e9t\u00e9s et fonctions : Tension parfaite de la toile gr\u00e2ce au support d\u2019enroulement. Bras articul\u00e9s renforc\u00e9s avec double tension de c\u00e2ble Articulation de pieds renforc\u00e9e Gr\u00e2ce au double rail de tr\u00e9pointe sur la partie avant, il est possible d\u2019utiliser simultan\u00e9ment [&hellip;]","og_url":"https:\/\/shop.bantam.ch\/fr\/produit\/store-mural-f45-s-couleur-boitier-titanium\/","og_site_name":"Bantam","article_modified_time":"2026-05-02T20:29:07+00:00","og_image":[{"width":1000,"height":343,"url":"https:\/\/shop.bantam.ch\/wp-content\/uploads\/2023\/03\/992426211.jpg","type":"image\/jpeg"}],"twitter_card":"summary_large_image","twitter_misc":{"Dur\u00e9e de lecture estim\u00e9e":"1 minute"},"schema":{"@context":"https:\/\/schema.org","@graph":[{"@type":"WebPage","@id":"https:\/\/shop.bantam.ch\/fr\/produit\/store-mural-f45-s-couleur-boitier-titanium\/","url":"https:\/\/shop.bantam.ch\/fr\/produit\/store-mural-f45-s-couleur-boitier-titanium\/","name":"Store mural F45 S couleur bo\u00eetier titanium - Bantam","isPartOf":{"@id":"https:\/\/shop.bantam.ch\/fr\/#website"},"primaryImageOfPage":{"@id":"https:\/\/shop.bantam.ch\/fr\/produit\/store-mural-f45-s-couleur-boitier-titanium\/#primaryimage"},"image":{"@id":"https:\/\/shop.bantam.ch\/fr\/produit\/store-mural-f45-s-couleur-boitier-titanium\/#primaryimage"},"thumbnailUrl":"https:\/\/shop.bantam.ch\/wp-content\/uploads\/2023\/03\/992426211.jpg","datePublished":"2023-03-22T14:09:09+00:00","dateModified":"2026-05-02T20:29:07+00:00","breadcrumb":{"@id":"https:\/\/shop.bantam.ch\/fr\/produit\/store-mural-f45-s-couleur-boitier-titanium\/#breadcrumb"},"inLanguage":"fr-FR","potentialAction":[{"@type":"ReadAction","target":["https:\/\/shop.bantam.ch\/fr\/produit\/store-mural-f45-s-couleur-boitier-titanium\/"]}]},{"@type":"ImageObject","inLanguage":"fr-FR","@id":"https:\/\/shop.bantam.ch\/fr\/produit\/store-mural-f45-s-couleur-boitier-titanium\/#primaryimage","url":"https:\/\/shop.bantam.ch\/wp-content\/uploads\/2023\/03\/992426211.jpg","contentUrl":"https:\/\/shop.bantam.ch\/wp-content\/uploads\/2023\/03\/992426211.jpg","width":1000,"height":343},{"@type":"BreadcrumbList","@id":"https:\/\/shop.bantam.ch\/fr\/produit\/store-mural-f45-s-couleur-boitier-titanium\/#breadcrumb","itemListElement":[{"@type":"ListItem","position":1,"name":"Accueil","item":"https:\/\/shop.bantam.ch\/fr\/"},{"@type":"ListItem","position":2,"name":"Boutique","item":"https:\/\/shop.bantam.ch\/fr\/boutique\/"},{"@type":"ListItem","position":3,"name":"Store mural F45 S couleur bo\u00eetier titanium"}]},{"@type":"WebSite","@id":"https:\/\/shop.bantam.ch\/fr\/#website","url":"https:\/\/shop.bantam.ch\/fr\/","name":"Bantam","description":"","publisher":{"@id":"https:\/\/shop.bantam.ch\/fr\/#organization"},"inLanguage":"fr-FR"},{"@type":"Organization","@id":"https:\/\/shop.bantam.ch\/fr\/#organization","name":"Bantam","url":"https:\/\/shop.bantam.ch\/fr\/","logo":{"@type":"ImageObject","inLanguage":"fr-FR","@id":"https:\/\/shop.bantam.ch\/fr\/#\/schema\/logo\/image\/","url":"https:\/\/shop.bantam.ch\/wp-content\/uploads\/2022\/12\/bantam-logo.png","contentUrl":"https:\/\/shop.bantam.ch\/wp-content\/uploads\/2022\/12\/bantam-logo.png","width":320,"height":71,"caption":"Bantam"},"image":{"@id":"https:\/\/shop.bantam.ch\/fr\/#\/schema\/logo\/image\/"}}]}},"_links":{"self":[{"href":"https:\/\/shop.bantam.ch\/fr\/wp-json\/wp\/v2\/product\/153601","targetHints":{"allow":["GET"]}}],"collection":[{"href":"https:\/\/shop.bantam.ch\/fr\/wp-json\/wp\/v2\/product"}],"about":[{"href":"https:\/\/shop.bantam.ch\/fr\/wp-json\/wp\/v2\/types\/product"}],"wp:featuredmedia":[{"embeddable":true,"href":"https:\/\/shop.bantam.ch\/fr\/wp-json\/wp\/v2\/media\/153597"}],"wp:attachment":[{"href":"https:\/\/shop.bantam.ch\/fr\/wp-json\/wp\/v2\/media?parent=153601"}],"wp:term":[{"taxonomy":"product_featured_cat","embeddable":true,"href":"https:\/\/shop.bantam.ch\/fr\/wp-json\/wp\/v2\/product_featured_cat?post=153601"},{"taxonomy":"product_brand","embeddable":true,"href":"https:\/\/shop.bantam.ch\/fr\/wp-json\/wp\/v2\/product_brand?post=153601"},{"taxonomy":"product_cat","embeddable":true,"href":"https:\/\/shop.bantam.ch\/fr\/wp-json\/wp\/v2\/product_cat?post=153601"},{"taxonomy":"product_tag","embeddable":true,"href":"https:\/\/shop.bantam.ch\/fr\/wp-json\/wp\/v2\/product_tag?post=153601"}],"curies":[{"name":"wp","href":"https:\/\/api.w.org\/{rel}","templated":true}]}}