{"id":153355,"date":"2023-03-22T15:02:29","date_gmt":"2023-03-22T14:02:29","guid":{"rendered":"https:\/\/shop.bantam.ch\/produit\/store-de-toit-omnistor-6300-pour-fiat-ducato-h2-couleur-de-la-toile-mystic-grey\/"},"modified":"2026-05-01T22:24:35","modified_gmt":"2026-05-01T20:24:35","slug":"store-de-toit-omnistor-6300-pour-fiat-ducato-h2-couleur-de-la-toile-mystic-grey","status":"publish","type":"product","link":"https:\/\/shop.bantam.ch\/fr\/produit\/store-de-toit-omnistor-6300-pour-fiat-ducato-h2-couleur-de-la-toile-mystic-grey\/","title":{"rendered":"Store de toit Omnistor 6300 pour Fiat Ducato H2, couleur de la toile Mystic Grey"},"content":{"rendered":"<ul>\n<li>Adapt\u00e9 pour les vans Ducato, Jumper et Boxer de hauteur de toit H2 \u00e0 partir de l\u2019ann\u00e9e de construction 2007\u00a0<\/li>\n<li>Installation rapide et facile sans per\u00e7age\u00a0<\/li>\n<li>Angle de braquage r\u00e9glable de mani\u00e8re flexible, permettant d&rsquo;ouvrir et de fermer le store, m\u00eame lorsque la porte coulissante est ouverte\u00a0<\/li>\n<li>Espace r\u00e9serv\u00e9 pour l\u2019\u00e9clairage Thule LED, de sorte que le v\u00e9hicule est toujours \u00e9clair\u00e9 \u00e0 l\u2019ext\u00e9rieur, m\u00eame lorsque le store banne est ferm\u00e9\u00a0<\/li>\n<li>Un ruban d\u2019\u00e9tanchement autocollant pour la fermeture du joint en dessous du store banne pour \u00e9viter les p\u00e9n\u00e9trations d\u2019eau est compris dans la fourniture\u00a0<\/li>\n<li>Un aspect et une int\u00e9gration parfaite sur le v\u00e9hicule, gr\u00e2ce au recouvrement des adaptateurs<\/li>\n<li>Seulement disponible dans la couleur de toile Mystic Grey<\/li>\n<\/ul>\n<p>Mat\u00e9riau<\/p>\n<ul>\n<li>Store PVC<\/li>\n<li>Coffre aluminium<\/li>\n<\/ul>\n<p>Longueur de store adapt\u00e9e pour Fiat Ducato H2 \u00e0 partir de 07\/2006 :<\/p>\n<ul>\n<li>3,25 m = longueur du v\u00e9hicule 5,43 m<\/li>\n<li>3,27 m = longueur du v\u00e9hicule 5,99 m<\/li>\n<li>4,00 m = longueur du v\u00e9hicule 6,36 m<\/li>\n<\/ul>\n<p>\u00a0<\/p>\n","protected":false},"excerpt":{"rendered":"<p>Adapt\u00e9 pour les vans Ducato, Jumper et Boxer de hauteur de toit H2 \u00e0 partir de l\u2019ann\u00e9e de construction 2007\u00a0 Installation rapide et facile sans per\u00e7age\u00a0 Angle de braquage r\u00e9glable de mani\u00e8re flexible, permettant d&rsquo;ouvrir et de fermer le store, m\u00eame lorsque la porte coulissante est ouverte\u00a0 Espace r\u00e9serv\u00e9 pour l\u2019\u00e9clairage Thule LED, de sorte [&hellip;]<\/p>\n","protected":false},"featured_media":153349,"template":"","meta":{"_acf_changed":false},"product_featured_cat":[],"product_brand":[3046],"product_cat":[4213],"product_tag":[],"class_list":{"0":"post-153355","1":"product","2":"type-product","3":"status-publish","4":"has-post-thumbnail","6":"product_brand-thule","7":"product_cat-stores-a-cassette","9":"first","10":"instock","11":"taxable","12":"shipping-taxable","13":"purchasable","14":"product-type-variable"},"acf":[],"yoast_head":"<!-- This site is optimized with the Yoast SEO plugin v27.5 - https:\/\/yoast.com\/product\/yoast-seo-wordpress\/ -->\n<title>Store de toit Omnistor 6300 pour Fiat Ducato H2, couleur de la toile Mystic Grey - Bantam<\/title>\n<meta name=\"robots\" content=\"index, follow, max-snippet:-1, max-image-preview:large, max-video-preview:-1\" \/>\n<link rel=\"canonical\" href=\"https:\/\/shop.bantam.ch\/fr\/produit\/store-de-toit-omnistor-6300-pour-fiat-ducato-h2-couleur-de-la-toile-mystic-grey\/\" \/>\n<meta property=\"og:locale\" content=\"fr_FR\" \/>\n<meta property=\"og:type\" content=\"article\" \/>\n<meta property=\"og:title\" content=\"Store de toit Omnistor 6300 pour Fiat Ducato H2, couleur de la toile Mystic Grey - Bantam\" \/>\n<meta property=\"og:description\" content=\"Adapt\u00e9 pour les vans Ducato, Jumper et Boxer de hauteur de toit H2 \u00e0 partir de l\u2019ann\u00e9e de construction 2007\u00a0 Installation rapide et facile sans per\u00e7age\u00a0 Angle de braquage r\u00e9glable de mani\u00e8re flexible, permettant d&rsquo;ouvrir et de fermer le store, m\u00eame lorsque la porte coulissante est ouverte\u00a0 Espace r\u00e9serv\u00e9 pour l\u2019\u00e9clairage Thule LED, de sorte [&hellip;]\" \/>\n<meta property=\"og:url\" content=\"https:\/\/shop.bantam.ch\/fr\/produit\/store-de-toit-omnistor-6300-pour-fiat-ducato-h2-couleur-de-la-toile-mystic-grey\/\" \/>\n<meta property=\"og:site_name\" content=\"Bantam\" \/>\n<meta property=\"article:modified_time\" content=\"2026-05-01T20:24:35+00:00\" \/>\n<meta property=\"og:image\" content=\"https:\/\/shop.bantam.ch\/wp-content\/uploads\/2023\/03\/995476932.jpg\" \/>\n\t<meta property=\"og:image:width\" content=\"1000\" \/>\n\t<meta property=\"og:image:height\" content=\"750\" \/>\n\t<meta property=\"og:image:type\" content=\"image\/jpeg\" \/>\n<meta name=\"twitter:card\" content=\"summary_large_image\" \/>\n<meta name=\"twitter:label1\" content=\"Dur\u00e9e de lecture estim\u00e9e\" \/>\n\t<meta name=\"twitter:data1\" content=\"1 minute\" \/>\n<script type=\"application\/ld+json\" class=\"yoast-schema-graph\">{\"@context\":\"https:\\\/\\\/schema.org\",\"@graph\":[{\"@type\":\"WebPage\",\"@id\":\"https:\\\/\\\/shop.bantam.ch\\\/fr\\\/produit\\\/store-de-toit-omnistor-6300-pour-fiat-ducato-h2-couleur-de-la-toile-mystic-grey\\\/\",\"url\":\"https:\\\/\\\/shop.bantam.ch\\\/fr\\\/produit\\\/store-de-toit-omnistor-6300-pour-fiat-ducato-h2-couleur-de-la-toile-mystic-grey\\\/\",\"name\":\"Store de toit Omnistor 6300 pour Fiat Ducato H2, couleur de la toile Mystic Grey - Bantam\",\"isPartOf\":{\"@id\":\"https:\\\/\\\/shop.bantam.ch\\\/fr\\\/#website\"},\"primaryImageOfPage\":{\"@id\":\"https:\\\/\\\/shop.bantam.ch\\\/fr\\\/produit\\\/store-de-toit-omnistor-6300-pour-fiat-ducato-h2-couleur-de-la-toile-mystic-grey\\\/#primaryimage\"},\"image\":{\"@id\":\"https:\\\/\\\/shop.bantam.ch\\\/fr\\\/produit\\\/store-de-toit-omnistor-6300-pour-fiat-ducato-h2-couleur-de-la-toile-mystic-grey\\\/#primaryimage\"},\"thumbnailUrl\":\"https:\\\/\\\/shop.bantam.ch\\\/wp-content\\\/uploads\\\/2023\\\/03\\\/995476932.jpg\",\"datePublished\":\"2023-03-22T14:02:29+00:00\",\"dateModified\":\"2026-05-01T20:24:35+00:00\",\"breadcrumb\":{\"@id\":\"https:\\\/\\\/shop.bantam.ch\\\/fr\\\/produit\\\/store-de-toit-omnistor-6300-pour-fiat-ducato-h2-couleur-de-la-toile-mystic-grey\\\/#breadcrumb\"},\"inLanguage\":\"fr-FR\",\"potentialAction\":[{\"@type\":\"ReadAction\",\"target\":[\"https:\\\/\\\/shop.bantam.ch\\\/fr\\\/produit\\\/store-de-toit-omnistor-6300-pour-fiat-ducato-h2-couleur-de-la-toile-mystic-grey\\\/\"]}]},{\"@type\":\"ImageObject\",\"inLanguage\":\"fr-FR\",\"@id\":\"https:\\\/\\\/shop.bantam.ch\\\/fr\\\/produit\\\/store-de-toit-omnistor-6300-pour-fiat-ducato-h2-couleur-de-la-toile-mystic-grey\\\/#primaryimage\",\"url\":\"https:\\\/\\\/shop.bantam.ch\\\/wp-content\\\/uploads\\\/2023\\\/03\\\/995476932.jpg\",\"contentUrl\":\"https:\\\/\\\/shop.bantam.ch\\\/wp-content\\\/uploads\\\/2023\\\/03\\\/995476932.jpg\",\"width\":1000,\"height\":750},{\"@type\":\"BreadcrumbList\",\"@id\":\"https:\\\/\\\/shop.bantam.ch\\\/fr\\\/produit\\\/store-de-toit-omnistor-6300-pour-fiat-ducato-h2-couleur-de-la-toile-mystic-grey\\\/#breadcrumb\",\"itemListElement\":[{\"@type\":\"ListItem\",\"position\":1,\"name\":\"Accueil\",\"item\":\"https:\\\/\\\/shop.bantam.ch\\\/fr\\\/\"},{\"@type\":\"ListItem\",\"position\":2,\"name\":\"Boutique\",\"item\":\"https:\\\/\\\/shop.bantam.ch\\\/fr\\\/boutique\\\/\"},{\"@type\":\"ListItem\",\"position\":3,\"name\":\"Store de toit Omnistor 6300 pour Fiat Ducato H2, couleur de la toile Mystic Grey\"}]},{\"@type\":\"WebSite\",\"@id\":\"https:\\\/\\\/shop.bantam.ch\\\/fr\\\/#website\",\"url\":\"https:\\\/\\\/shop.bantam.ch\\\/fr\\\/\",\"name\":\"Bantam\",\"description\":\"\",\"publisher\":{\"@id\":\"https:\\\/\\\/shop.bantam.ch\\\/fr\\\/#organization\"},\"inLanguage\":\"fr-FR\"},{\"@type\":\"Organization\",\"@id\":\"https:\\\/\\\/shop.bantam.ch\\\/fr\\\/#organization\",\"name\":\"Bantam\",\"url\":\"https:\\\/\\\/shop.bantam.ch\\\/fr\\\/\",\"logo\":{\"@type\":\"ImageObject\",\"inLanguage\":\"fr-FR\",\"@id\":\"https:\\\/\\\/shop.bantam.ch\\\/fr\\\/#\\\/schema\\\/logo\\\/image\\\/\",\"url\":\"https:\\\/\\\/shop.bantam.ch\\\/wp-content\\\/uploads\\\/2022\\\/12\\\/bantam-logo.png\",\"contentUrl\":\"https:\\\/\\\/shop.bantam.ch\\\/wp-content\\\/uploads\\\/2022\\\/12\\\/bantam-logo.png\",\"width\":320,\"height\":71,\"caption\":\"Bantam\"},\"image\":{\"@id\":\"https:\\\/\\\/shop.bantam.ch\\\/fr\\\/#\\\/schema\\\/logo\\\/image\\\/\"}}]}<\/script>\n<!-- \/ Yoast SEO plugin. -->","yoast_head_json":{"title":"Store de toit Omnistor 6300 pour Fiat Ducato H2, couleur de la toile Mystic Grey - Bantam","robots":{"index":"index","follow":"follow","max-snippet":"max-snippet:-1","max-image-preview":"max-image-preview:large","max-video-preview":"max-video-preview:-1"},"canonical":"https:\/\/shop.bantam.ch\/fr\/produit\/store-de-toit-omnistor-6300-pour-fiat-ducato-h2-couleur-de-la-toile-mystic-grey\/","og_locale":"fr_FR","og_type":"article","og_title":"Store de toit Omnistor 6300 pour Fiat Ducato H2, couleur de la toile Mystic Grey - Bantam","og_description":"Adapt\u00e9 pour les vans Ducato, Jumper et Boxer de hauteur de toit H2 \u00e0 partir de l\u2019ann\u00e9e de construction 2007\u00a0 Installation rapide et facile sans per\u00e7age\u00a0 Angle de braquage r\u00e9glable de mani\u00e8re flexible, permettant d&rsquo;ouvrir et de fermer le store, m\u00eame lorsque la porte coulissante est ouverte\u00a0 Espace r\u00e9serv\u00e9 pour l\u2019\u00e9clairage Thule LED, de sorte [&hellip;]","og_url":"https:\/\/shop.bantam.ch\/fr\/produit\/store-de-toit-omnistor-6300-pour-fiat-ducato-h2-couleur-de-la-toile-mystic-grey\/","og_site_name":"Bantam","article_modified_time":"2026-05-01T20:24:35+00:00","og_image":[{"width":1000,"height":750,"url":"https:\/\/shop.bantam.ch\/wp-content\/uploads\/2023\/03\/995476932.jpg","type":"image\/jpeg"}],"twitter_card":"summary_large_image","twitter_misc":{"Dur\u00e9e de lecture estim\u00e9e":"1 minute"},"schema":{"@context":"https:\/\/schema.org","@graph":[{"@type":"WebPage","@id":"https:\/\/shop.bantam.ch\/fr\/produit\/store-de-toit-omnistor-6300-pour-fiat-ducato-h2-couleur-de-la-toile-mystic-grey\/","url":"https:\/\/shop.bantam.ch\/fr\/produit\/store-de-toit-omnistor-6300-pour-fiat-ducato-h2-couleur-de-la-toile-mystic-grey\/","name":"Store de toit Omnistor 6300 pour Fiat Ducato H2, couleur de la toile Mystic Grey - Bantam","isPartOf":{"@id":"https:\/\/shop.bantam.ch\/fr\/#website"},"primaryImageOfPage":{"@id":"https:\/\/shop.bantam.ch\/fr\/produit\/store-de-toit-omnistor-6300-pour-fiat-ducato-h2-couleur-de-la-toile-mystic-grey\/#primaryimage"},"image":{"@id":"https:\/\/shop.bantam.ch\/fr\/produit\/store-de-toit-omnistor-6300-pour-fiat-ducato-h2-couleur-de-la-toile-mystic-grey\/#primaryimage"},"thumbnailUrl":"https:\/\/shop.bantam.ch\/wp-content\/uploads\/2023\/03\/995476932.jpg","datePublished":"2023-03-22T14:02:29+00:00","dateModified":"2026-05-01T20:24:35+00:00","breadcrumb":{"@id":"https:\/\/shop.bantam.ch\/fr\/produit\/store-de-toit-omnistor-6300-pour-fiat-ducato-h2-couleur-de-la-toile-mystic-grey\/#breadcrumb"},"inLanguage":"fr-FR","potentialAction":[{"@type":"ReadAction","target":["https:\/\/shop.bantam.ch\/fr\/produit\/store-de-toit-omnistor-6300-pour-fiat-ducato-h2-couleur-de-la-toile-mystic-grey\/"]}]},{"@type":"ImageObject","inLanguage":"fr-FR","@id":"https:\/\/shop.bantam.ch\/fr\/produit\/store-de-toit-omnistor-6300-pour-fiat-ducato-h2-couleur-de-la-toile-mystic-grey\/#primaryimage","url":"https:\/\/shop.bantam.ch\/wp-content\/uploads\/2023\/03\/995476932.jpg","contentUrl":"https:\/\/shop.bantam.ch\/wp-content\/uploads\/2023\/03\/995476932.jpg","width":1000,"height":750},{"@type":"BreadcrumbList","@id":"https:\/\/shop.bantam.ch\/fr\/produit\/store-de-toit-omnistor-6300-pour-fiat-ducato-h2-couleur-de-la-toile-mystic-grey\/#breadcrumb","itemListElement":[{"@type":"ListItem","position":1,"name":"Accueil","item":"https:\/\/shop.bantam.ch\/fr\/"},{"@type":"ListItem","position":2,"name":"Boutique","item":"https:\/\/shop.bantam.ch\/fr\/boutique\/"},{"@type":"ListItem","position":3,"name":"Store de toit Omnistor 6300 pour Fiat Ducato H2, couleur de la toile Mystic Grey"}]},{"@type":"WebSite","@id":"https:\/\/shop.bantam.ch\/fr\/#website","url":"https:\/\/shop.bantam.ch\/fr\/","name":"Bantam","description":"","publisher":{"@id":"https:\/\/shop.bantam.ch\/fr\/#organization"},"inLanguage":"fr-FR"},{"@type":"Organization","@id":"https:\/\/shop.bantam.ch\/fr\/#organization","name":"Bantam","url":"https:\/\/shop.bantam.ch\/fr\/","logo":{"@type":"ImageObject","inLanguage":"fr-FR","@id":"https:\/\/shop.bantam.ch\/fr\/#\/schema\/logo\/image\/","url":"https:\/\/shop.bantam.ch\/wp-content\/uploads\/2022\/12\/bantam-logo.png","contentUrl":"https:\/\/shop.bantam.ch\/wp-content\/uploads\/2022\/12\/bantam-logo.png","width":320,"height":71,"caption":"Bantam"},"image":{"@id":"https:\/\/shop.bantam.ch\/fr\/#\/schema\/logo\/image\/"}}]}},"_links":{"self":[{"href":"https:\/\/shop.bantam.ch\/fr\/wp-json\/wp\/v2\/product\/153355","targetHints":{"allow":["GET"]}}],"collection":[{"href":"https:\/\/shop.bantam.ch\/fr\/wp-json\/wp\/v2\/product"}],"about":[{"href":"https:\/\/shop.bantam.ch\/fr\/wp-json\/wp\/v2\/types\/product"}],"wp:featuredmedia":[{"embeddable":true,"href":"https:\/\/shop.bantam.ch\/fr\/wp-json\/wp\/v2\/media\/153349"}],"wp:attachment":[{"href":"https:\/\/shop.bantam.ch\/fr\/wp-json\/wp\/v2\/media?parent=153355"}],"wp:term":[{"taxonomy":"product_featured_cat","embeddable":true,"href":"https:\/\/shop.bantam.ch\/fr\/wp-json\/wp\/v2\/product_featured_cat?post=153355"},{"taxonomy":"product_brand","embeddable":true,"href":"https:\/\/shop.bantam.ch\/fr\/wp-json\/wp\/v2\/product_brand?post=153355"},{"taxonomy":"product_cat","embeddable":true,"href":"https:\/\/shop.bantam.ch\/fr\/wp-json\/wp\/v2\/product_cat?post=153355"},{"taxonomy":"product_tag","embeddable":true,"href":"https:\/\/shop.bantam.ch\/fr\/wp-json\/wp\/v2\/product_tag?post=153355"}],"curies":[{"name":"wp","href":"https:\/\/api.w.org\/{rel}","templated":true}]}}