{"id":152975,"date":"2023-03-22T14:26:07","date_gmt":"2023-03-22T13:26:07","guid":{"rendered":"https:\/\/shop.bantam.ch\/produit\/tapis-dauvent-standard-coloris\/"},"modified":"2026-04-18T22:22:29","modified_gmt":"2026-04-18T20:22:29","slug":"tapis-dauvent-standard-coloris","status":"publish","type":"product","link":"https:\/\/shop.bantam.ch\/fr\/produit\/tapis-dauvent-standard-coloris\/","title":{"rendered":"Tapis d\u2019auvent Standard coloris"},"content":{"rendered":"<p>En mat\u00e9riau tr\u00e8s r\u00e9sistant \u00e0 la d\u00e9chirure et \u00e0 l&rsquo;usure. Coloris design, poids l\u00e9ger env. ca. 300 g\/m\u00b2 et taille r\u00e9duite une fois pli\u00e9.<\/p>\n<ul>\n<li>Non inflammable<\/li>\n<li>\u00c9cologique<\/li>\n<li>R\u00e9sistant au soleil, \u00e0 l\u2018eau et \u00e0 la neige<\/li>\n<li>Respirant, r\u00e9sistant \u00e0 la moisissure<\/li>\n<li>Entretien facile, r\u00e9sistant<\/li>\n<\/ul>\n<p>Mat\u00e9riau\u00a0:<br \/>100 % polypropyl\u00e8ne<\/p>\n<p>Contenu de la livraison :<br \/>Sac de transport, 6 sardines en acier et clips de maintien<\/p>\n<p>\u00a0<\/p>\n","protected":false},"excerpt":{"rendered":"<p>En mat\u00e9riau tr\u00e8s r\u00e9sistant \u00e0 la d\u00e9chirure et \u00e0 l&rsquo;usure. Coloris design, poids l\u00e9ger env. ca. 300 g\/m\u00b2 et taille r\u00e9duite une fois pli\u00e9. Non inflammable \u00c9cologique R\u00e9sistant au soleil, \u00e0 l\u2018eau et \u00e0 la neige Respirant, r\u00e9sistant \u00e0 la moisissure Entretien facile, r\u00e9sistant Mat\u00e9riau\u00a0:100 % polypropyl\u00e8ne Contenu de la livraison :Sac de transport, 6 [&hellip;]<\/p>\n","protected":false},"featured_media":152971,"template":"","meta":{"_acf_changed":false},"product_featured_cat":[],"product_brand":[3370],"product_cat":[4261],"product_tag":[],"class_list":{"0":"post-152975","1":"product","2":"type-product","3":"status-publish","4":"has-post-thumbnail","6":"product_brand-arisol","7":"product_cat-tapis-de-tente-et-planchers","9":"first","10":"instock","11":"taxable","12":"shipping-taxable","13":"purchasable","14":"product-type-variable"},"acf":[],"yoast_head":"<!-- This site is optimized with the Yoast SEO plugin v27.4 - https:\/\/yoast.com\/product\/yoast-seo-wordpress\/ -->\n<title>Tapis d\u2019auvent Standard coloris - Bantam Wankm\u00fcller SA<\/title>\n<meta name=\"robots\" content=\"index, follow, max-snippet:-1, max-image-preview:large, max-video-preview:-1\" \/>\n<link rel=\"canonical\" href=\"https:\/\/shop.bantam.ch\/fr\/produit\/tapis-dauvent-standard-coloris\/\" \/>\n<meta property=\"og:locale\" content=\"fr_FR\" \/>\n<meta property=\"og:type\" content=\"article\" \/>\n<meta property=\"og:title\" content=\"Tapis d\u2019auvent Standard coloris - Bantam Wankm\u00fcller SA\" \/>\n<meta property=\"og:description\" content=\"En mat\u00e9riau tr\u00e8s r\u00e9sistant \u00e0 la d\u00e9chirure et \u00e0 l&rsquo;usure. Coloris design, poids l\u00e9ger env. ca. 300 g\/m\u00b2 et taille r\u00e9duite une fois pli\u00e9. Non inflammable \u00c9cologique R\u00e9sistant au soleil, \u00e0 l\u2018eau et \u00e0 la neige Respirant, r\u00e9sistant \u00e0 la moisissure Entretien facile, r\u00e9sistant Mat\u00e9riau\u00a0:100 % polypropyl\u00e8ne Contenu de la livraison :Sac de transport, 6 [&hellip;]\" \/>\n<meta property=\"og:url\" content=\"https:\/\/shop.bantam.ch\/fr\/produit\/tapis-dauvent-standard-coloris\/\" \/>\n<meta property=\"og:site_name\" content=\"Bantam Wankm\u00fcller SA\" \/>\n<meta property=\"article:modified_time\" content=\"2026-04-18T20:22:29+00:00\" \/>\n<meta property=\"og:image\" content=\"https:\/\/shop.bantam.ch\/wp-content\/uploads\/2023\/03\/9942507-600-1-3-6.jpg\" \/>\n\t<meta property=\"og:image:width\" content=\"500\" \/>\n\t<meta property=\"og:image:height\" content=\"250\" \/>\n\t<meta property=\"og:image:type\" content=\"image\/jpeg\" \/>\n<meta name=\"twitter:card\" content=\"summary_large_image\" \/>\n<script type=\"application\/ld+json\" class=\"yoast-schema-graph\">{\"@context\":\"https:\\\/\\\/schema.org\",\"@graph\":[{\"@type\":\"WebPage\",\"@id\":\"https:\\\/\\\/shop.bantam.ch\\\/fr\\\/produit\\\/tapis-dauvent-standard-coloris\\\/\",\"url\":\"https:\\\/\\\/shop.bantam.ch\\\/fr\\\/produit\\\/tapis-dauvent-standard-coloris\\\/\",\"name\":\"Tapis d\u2019auvent Standard coloris - Bantam Wankm\u00fcller SA\",\"isPartOf\":{\"@id\":\"https:\\\/\\\/shop.bantam.ch\\\/fr\\\/#website\"},\"primaryImageOfPage\":{\"@id\":\"https:\\\/\\\/shop.bantam.ch\\\/fr\\\/produit\\\/tapis-dauvent-standard-coloris\\\/#primaryimage\"},\"image\":{\"@id\":\"https:\\\/\\\/shop.bantam.ch\\\/fr\\\/produit\\\/tapis-dauvent-standard-coloris\\\/#primaryimage\"},\"thumbnailUrl\":\"https:\\\/\\\/shop.bantam.ch\\\/wp-content\\\/uploads\\\/2023\\\/03\\\/9942507-600-1-3-6.jpg\",\"datePublished\":\"2023-03-22T13:26:07+00:00\",\"dateModified\":\"2026-04-18T20:22:29+00:00\",\"breadcrumb\":{\"@id\":\"https:\\\/\\\/shop.bantam.ch\\\/fr\\\/produit\\\/tapis-dauvent-standard-coloris\\\/#breadcrumb\"},\"inLanguage\":\"fr-FR\",\"potentialAction\":[{\"@type\":\"ReadAction\",\"target\":[\"https:\\\/\\\/shop.bantam.ch\\\/fr\\\/produit\\\/tapis-dauvent-standard-coloris\\\/\"]}]},{\"@type\":\"ImageObject\",\"inLanguage\":\"fr-FR\",\"@id\":\"https:\\\/\\\/shop.bantam.ch\\\/fr\\\/produit\\\/tapis-dauvent-standard-coloris\\\/#primaryimage\",\"url\":\"https:\\\/\\\/shop.bantam.ch\\\/wp-content\\\/uploads\\\/2023\\\/03\\\/9942507-600-1-3-6.jpg\",\"contentUrl\":\"https:\\\/\\\/shop.bantam.ch\\\/wp-content\\\/uploads\\\/2023\\\/03\\\/9942507-600-1-3-6.jpg\",\"width\":500,\"height\":250},{\"@type\":\"BreadcrumbList\",\"@id\":\"https:\\\/\\\/shop.bantam.ch\\\/fr\\\/produit\\\/tapis-dauvent-standard-coloris\\\/#breadcrumb\",\"itemListElement\":[{\"@type\":\"ListItem\",\"position\":1,\"name\":\"Accueil\",\"item\":\"https:\\\/\\\/shop.bantam.ch\\\/fr\\\/\"},{\"@type\":\"ListItem\",\"position\":2,\"name\":\"Boutique\",\"item\":\"https:\\\/\\\/shop.bantam.ch\\\/fr\\\/boutique\\\/\"},{\"@type\":\"ListItem\",\"position\":3,\"name\":\"Tapis d\u2019auvent Standard coloris\"}]},{\"@type\":\"WebSite\",\"@id\":\"https:\\\/\\\/shop.bantam.ch\\\/fr\\\/#website\",\"url\":\"https:\\\/\\\/shop.bantam.ch\\\/fr\\\/\",\"name\":\"Bantam Wankm\u00fcller SA\",\"description\":\"\",\"publisher\":{\"@id\":\"https:\\\/\\\/shop.bantam.ch\\\/fr\\\/#organization\"},\"inLanguage\":\"fr-FR\"},{\"@type\":\"Organization\",\"@id\":\"https:\\\/\\\/shop.bantam.ch\\\/fr\\\/#organization\",\"name\":\"Bantam Wankm\u00fcller SA\",\"url\":\"https:\\\/\\\/shop.bantam.ch\\\/fr\\\/\",\"logo\":{\"@type\":\"ImageObject\",\"inLanguage\":\"fr-FR\",\"@id\":\"https:\\\/\\\/shop.bantam.ch\\\/fr\\\/#\\\/schema\\\/logo\\\/image\\\/\",\"url\":\"https:\\\/\\\/shop.bantam.ch\\\/wp-content\\\/uploads\\\/2022\\\/12\\\/bantam-logo.png\",\"contentUrl\":\"https:\\\/\\\/shop.bantam.ch\\\/wp-content\\\/uploads\\\/2022\\\/12\\\/bantam-logo.png\",\"width\":320,\"height\":71,\"caption\":\"Bantam Wankm\u00fcller SA\"},\"image\":{\"@id\":\"https:\\\/\\\/shop.bantam.ch\\\/fr\\\/#\\\/schema\\\/logo\\\/image\\\/\"}}]}<\/script>\n<!-- \/ Yoast SEO plugin. -->","yoast_head_json":{"title":"Tapis d\u2019auvent Standard coloris - Bantam Wankm\u00fcller SA","robots":{"index":"index","follow":"follow","max-snippet":"max-snippet:-1","max-image-preview":"max-image-preview:large","max-video-preview":"max-video-preview:-1"},"canonical":"https:\/\/shop.bantam.ch\/fr\/produit\/tapis-dauvent-standard-coloris\/","og_locale":"fr_FR","og_type":"article","og_title":"Tapis d\u2019auvent Standard coloris - Bantam Wankm\u00fcller SA","og_description":"En mat\u00e9riau tr\u00e8s r\u00e9sistant \u00e0 la d\u00e9chirure et \u00e0 l&rsquo;usure. Coloris design, poids l\u00e9ger env. ca. 300 g\/m\u00b2 et taille r\u00e9duite une fois pli\u00e9. Non inflammable \u00c9cologique R\u00e9sistant au soleil, \u00e0 l\u2018eau et \u00e0 la neige Respirant, r\u00e9sistant \u00e0 la moisissure Entretien facile, r\u00e9sistant Mat\u00e9riau\u00a0:100 % polypropyl\u00e8ne Contenu de la livraison :Sac de transport, 6 [&hellip;]","og_url":"https:\/\/shop.bantam.ch\/fr\/produit\/tapis-dauvent-standard-coloris\/","og_site_name":"Bantam Wankm\u00fcller SA","article_modified_time":"2026-04-18T20:22:29+00:00","og_image":[{"width":500,"height":250,"url":"https:\/\/shop.bantam.ch\/wp-content\/uploads\/2023\/03\/9942507-600-1-3-6.jpg","type":"image\/jpeg"}],"twitter_card":"summary_large_image","schema":{"@context":"https:\/\/schema.org","@graph":[{"@type":"WebPage","@id":"https:\/\/shop.bantam.ch\/fr\/produit\/tapis-dauvent-standard-coloris\/","url":"https:\/\/shop.bantam.ch\/fr\/produit\/tapis-dauvent-standard-coloris\/","name":"Tapis d\u2019auvent Standard coloris - Bantam Wankm\u00fcller SA","isPartOf":{"@id":"https:\/\/shop.bantam.ch\/fr\/#website"},"primaryImageOfPage":{"@id":"https:\/\/shop.bantam.ch\/fr\/produit\/tapis-dauvent-standard-coloris\/#primaryimage"},"image":{"@id":"https:\/\/shop.bantam.ch\/fr\/produit\/tapis-dauvent-standard-coloris\/#primaryimage"},"thumbnailUrl":"https:\/\/shop.bantam.ch\/wp-content\/uploads\/2023\/03\/9942507-600-1-3-6.jpg","datePublished":"2023-03-22T13:26:07+00:00","dateModified":"2026-04-18T20:22:29+00:00","breadcrumb":{"@id":"https:\/\/shop.bantam.ch\/fr\/produit\/tapis-dauvent-standard-coloris\/#breadcrumb"},"inLanguage":"fr-FR","potentialAction":[{"@type":"ReadAction","target":["https:\/\/shop.bantam.ch\/fr\/produit\/tapis-dauvent-standard-coloris\/"]}]},{"@type":"ImageObject","inLanguage":"fr-FR","@id":"https:\/\/shop.bantam.ch\/fr\/produit\/tapis-dauvent-standard-coloris\/#primaryimage","url":"https:\/\/shop.bantam.ch\/wp-content\/uploads\/2023\/03\/9942507-600-1-3-6.jpg","contentUrl":"https:\/\/shop.bantam.ch\/wp-content\/uploads\/2023\/03\/9942507-600-1-3-6.jpg","width":500,"height":250},{"@type":"BreadcrumbList","@id":"https:\/\/shop.bantam.ch\/fr\/produit\/tapis-dauvent-standard-coloris\/#breadcrumb","itemListElement":[{"@type":"ListItem","position":1,"name":"Accueil","item":"https:\/\/shop.bantam.ch\/fr\/"},{"@type":"ListItem","position":2,"name":"Boutique","item":"https:\/\/shop.bantam.ch\/fr\/boutique\/"},{"@type":"ListItem","position":3,"name":"Tapis d\u2019auvent Standard coloris"}]},{"@type":"WebSite","@id":"https:\/\/shop.bantam.ch\/fr\/#website","url":"https:\/\/shop.bantam.ch\/fr\/","name":"Bantam Wankm\u00fcller SA","description":"","publisher":{"@id":"https:\/\/shop.bantam.ch\/fr\/#organization"},"inLanguage":"fr-FR"},{"@type":"Organization","@id":"https:\/\/shop.bantam.ch\/fr\/#organization","name":"Bantam Wankm\u00fcller SA","url":"https:\/\/shop.bantam.ch\/fr\/","logo":{"@type":"ImageObject","inLanguage":"fr-FR","@id":"https:\/\/shop.bantam.ch\/fr\/#\/schema\/logo\/image\/","url":"https:\/\/shop.bantam.ch\/wp-content\/uploads\/2022\/12\/bantam-logo.png","contentUrl":"https:\/\/shop.bantam.ch\/wp-content\/uploads\/2022\/12\/bantam-logo.png","width":320,"height":71,"caption":"Bantam Wankm\u00fcller SA"},"image":{"@id":"https:\/\/shop.bantam.ch\/fr\/#\/schema\/logo\/image\/"}}]}},"_links":{"self":[{"href":"https:\/\/shop.bantam.ch\/fr\/wp-json\/wp\/v2\/product\/152975","targetHints":{"allow":["GET"]}}],"collection":[{"href":"https:\/\/shop.bantam.ch\/fr\/wp-json\/wp\/v2\/product"}],"about":[{"href":"https:\/\/shop.bantam.ch\/fr\/wp-json\/wp\/v2\/types\/product"}],"wp:featuredmedia":[{"embeddable":true,"href":"https:\/\/shop.bantam.ch\/fr\/wp-json\/wp\/v2\/media\/152971"}],"wp:attachment":[{"href":"https:\/\/shop.bantam.ch\/fr\/wp-json\/wp\/v2\/media?parent=152975"}],"wp:term":[{"taxonomy":"product_featured_cat","embeddable":true,"href":"https:\/\/shop.bantam.ch\/fr\/wp-json\/wp\/v2\/product_featured_cat?post=152975"},{"taxonomy":"product_brand","embeddable":true,"href":"https:\/\/shop.bantam.ch\/fr\/wp-json\/wp\/v2\/product_brand?post=152975"},{"taxonomy":"product_cat","embeddable":true,"href":"https:\/\/shop.bantam.ch\/fr\/wp-json\/wp\/v2\/product_cat?post=152975"},{"taxonomy":"product_tag","embeddable":true,"href":"https:\/\/shop.bantam.ch\/fr\/wp-json\/wp\/v2\/product_tag?post=152975"}],"curies":[{"name":"wp","href":"https:\/\/api.w.org\/{rel}","templated":true}]}}