{"id":152704,"date":"2023-03-22T14:06:48","date_gmt":"2023-03-22T13:06:48","guid":{"rendered":"https:\/\/shop.bantam.ch\/produit\/store-de-paroi-f35-pro\/"},"modified":"2026-04-19T21:58:17","modified_gmt":"2026-04-19T19:58:17","slug":"store-de-paroi-f35-pro","status":"publish","type":"product","link":"https:\/\/shop.bantam.ch\/fr\/produit\/store-de-paroi-f35-pro\/","title":{"rendered":"Store de paroi F35 Pro"},"content":{"rendered":"<ul>\n<li>Store \u00e0 actionnement manuel dans un bo\u00eetier en aluminium anodis\u00e9.<\/li>\n<li>Les pieds de support \u00e9tant int\u00e9gr\u00e9s dans le cylindre, aucune armature ne d\u00e9passe comme sur une solette.<\/li>\n<li>Id\u00e9al pour caravanes, v\u00e9hicules tout-terrain ou minivans.<\/li>\n<li>Nombreux adaptateurs disponibles en accessoires sur www.movera.com<\/li>\n<li>Nombreux accessoires, tels qu&rsquo;auvent, parois lat\u00e9rales ou frontales disponibles s\u00e9par\u00e9ment<\/li>\n<\/ul>\n<p>Mat\u00e9riau\u00a0:<br \/>toile : PVC<br \/>boitier : aluminium<\/p>\n","protected":false},"excerpt":{"rendered":"<p>Store \u00e0 actionnement manuel dans un bo\u00eetier en aluminium anodis\u00e9. Les pieds de support \u00e9tant int\u00e9gr\u00e9s dans le cylindre, aucune armature ne d\u00e9passe comme sur une solette. Id\u00e9al pour caravanes, v\u00e9hicules tout-terrain ou minivans. Nombreux adaptateurs disponibles en accessoires sur www.movera.com Nombreux accessoires, tels qu&rsquo;auvent, parois lat\u00e9rales ou frontales disponibles s\u00e9par\u00e9ment Mat\u00e9riau\u00a0:toile : PVCboitier : [&hellip;]<\/p>\n","protected":false},"featured_media":152702,"template":"","meta":{"_acf_changed":false},"product_featured_cat":[],"product_brand":[3034],"product_cat":[4213],"product_tag":[],"class_list":{"0":"post-152704","1":"product","2":"type-product","3":"status-publish","4":"has-post-thumbnail","6":"product_brand-fiamma","7":"product_cat-stores-a-cassette","9":"first","10":"instock","11":"taxable","12":"shipping-taxable","13":"purchasable","14":"product-type-variable"},"acf":[],"yoast_head":"<!-- This site is optimized with the Yoast SEO plugin v27.4 - https:\/\/yoast.com\/product\/yoast-seo-wordpress\/ -->\n<title>Store de paroi F35 Pro - Bantam Wankm\u00fcller SA<\/title>\n<meta name=\"robots\" content=\"index, follow, max-snippet:-1, max-image-preview:large, max-video-preview:-1\" \/>\n<link rel=\"canonical\" href=\"https:\/\/shop.bantam.ch\/fr\/produit\/store-de-paroi-f35-pro\/\" \/>\n<meta property=\"og:locale\" content=\"fr_FR\" \/>\n<meta property=\"og:type\" content=\"article\" \/>\n<meta property=\"og:title\" content=\"Store de paroi F35 Pro - Bantam Wankm\u00fcller SA\" \/>\n<meta property=\"og:description\" content=\"Store \u00e0 actionnement manuel dans un bo\u00eetier en aluminium anodis\u00e9. Les pieds de support \u00e9tant int\u00e9gr\u00e9s dans le cylindre, aucune armature ne d\u00e9passe comme sur une solette. Id\u00e9al pour caravanes, v\u00e9hicules tout-terrain ou minivans. Nombreux adaptateurs disponibles en accessoires sur www.movera.com Nombreux accessoires, tels qu&rsquo;auvent, parois lat\u00e9rales ou frontales disponibles s\u00e9par\u00e9ment Mat\u00e9riau\u00a0:toile : PVCboitier : [&hellip;]\" \/>\n<meta property=\"og:url\" content=\"https:\/\/shop.bantam.ch\/fr\/produit\/store-de-paroi-f35-pro\/\" \/>\n<meta property=\"og:site_name\" content=\"Bantam Wankm\u00fcller SA\" \/>\n<meta property=\"article:modified_time\" content=\"2026-04-19T19:58:17+00:00\" \/>\n<meta property=\"og:image\" content=\"https:\/\/shop.bantam.ch\/wp-content\/uploads\/2023\/03\/995257511pXOzalY2WfgN2.jpg\" \/>\n\t<meta property=\"og:image:width\" content=\"1000\" \/>\n\t<meta property=\"og:image:height\" content=\"667\" \/>\n\t<meta property=\"og:image:type\" content=\"image\/jpeg\" \/>\n<meta name=\"twitter:card\" content=\"summary_large_image\" \/>\n<script type=\"application\/ld+json\" class=\"yoast-schema-graph\">{\"@context\":\"https:\\\/\\\/schema.org\",\"@graph\":[{\"@type\":\"WebPage\",\"@id\":\"https:\\\/\\\/shop.bantam.ch\\\/fr\\\/produit\\\/store-de-paroi-f35-pro\\\/\",\"url\":\"https:\\\/\\\/shop.bantam.ch\\\/fr\\\/produit\\\/store-de-paroi-f35-pro\\\/\",\"name\":\"Store de paroi F35 Pro - Bantam Wankm\u00fcller SA\",\"isPartOf\":{\"@id\":\"https:\\\/\\\/shop.bantam.ch\\\/fr\\\/#website\"},\"primaryImageOfPage\":{\"@id\":\"https:\\\/\\\/shop.bantam.ch\\\/fr\\\/produit\\\/store-de-paroi-f35-pro\\\/#primaryimage\"},\"image\":{\"@id\":\"https:\\\/\\\/shop.bantam.ch\\\/fr\\\/produit\\\/store-de-paroi-f35-pro\\\/#primaryimage\"},\"thumbnailUrl\":\"https:\\\/\\\/shop.bantam.ch\\\/wp-content\\\/uploads\\\/2023\\\/03\\\/995257511pXOzalY2WfgN2.jpg\",\"datePublished\":\"2023-03-22T13:06:48+00:00\",\"dateModified\":\"2026-04-19T19:58:17+00:00\",\"breadcrumb\":{\"@id\":\"https:\\\/\\\/shop.bantam.ch\\\/fr\\\/produit\\\/store-de-paroi-f35-pro\\\/#breadcrumb\"},\"inLanguage\":\"fr-FR\",\"potentialAction\":[{\"@type\":\"ReadAction\",\"target\":[\"https:\\\/\\\/shop.bantam.ch\\\/fr\\\/produit\\\/store-de-paroi-f35-pro\\\/\"]}]},{\"@type\":\"ImageObject\",\"inLanguage\":\"fr-FR\",\"@id\":\"https:\\\/\\\/shop.bantam.ch\\\/fr\\\/produit\\\/store-de-paroi-f35-pro\\\/#primaryimage\",\"url\":\"https:\\\/\\\/shop.bantam.ch\\\/wp-content\\\/uploads\\\/2023\\\/03\\\/995257511pXOzalY2WfgN2.jpg\",\"contentUrl\":\"https:\\\/\\\/shop.bantam.ch\\\/wp-content\\\/uploads\\\/2023\\\/03\\\/995257511pXOzalY2WfgN2.jpg\",\"width\":1000,\"height\":667},{\"@type\":\"BreadcrumbList\",\"@id\":\"https:\\\/\\\/shop.bantam.ch\\\/fr\\\/produit\\\/store-de-paroi-f35-pro\\\/#breadcrumb\",\"itemListElement\":[{\"@type\":\"ListItem\",\"position\":1,\"name\":\"Accueil\",\"item\":\"https:\\\/\\\/shop.bantam.ch\\\/fr\\\/\"},{\"@type\":\"ListItem\",\"position\":2,\"name\":\"Boutique\",\"item\":\"https:\\\/\\\/shop.bantam.ch\\\/fr\\\/boutique\\\/\"},{\"@type\":\"ListItem\",\"position\":3,\"name\":\"Store de paroi F35 Pro\"}]},{\"@type\":\"WebSite\",\"@id\":\"https:\\\/\\\/shop.bantam.ch\\\/fr\\\/#website\",\"url\":\"https:\\\/\\\/shop.bantam.ch\\\/fr\\\/\",\"name\":\"Bantam Wankm\u00fcller SA\",\"description\":\"\",\"publisher\":{\"@id\":\"https:\\\/\\\/shop.bantam.ch\\\/fr\\\/#organization\"},\"inLanguage\":\"fr-FR\"},{\"@type\":\"Organization\",\"@id\":\"https:\\\/\\\/shop.bantam.ch\\\/fr\\\/#organization\",\"name\":\"Bantam Wankm\u00fcller SA\",\"url\":\"https:\\\/\\\/shop.bantam.ch\\\/fr\\\/\",\"logo\":{\"@type\":\"ImageObject\",\"inLanguage\":\"fr-FR\",\"@id\":\"https:\\\/\\\/shop.bantam.ch\\\/fr\\\/#\\\/schema\\\/logo\\\/image\\\/\",\"url\":\"https:\\\/\\\/shop.bantam.ch\\\/wp-content\\\/uploads\\\/2022\\\/12\\\/bantam-logo.png\",\"contentUrl\":\"https:\\\/\\\/shop.bantam.ch\\\/wp-content\\\/uploads\\\/2022\\\/12\\\/bantam-logo.png\",\"width\":320,\"height\":71,\"caption\":\"Bantam Wankm\u00fcller SA\"},\"image\":{\"@id\":\"https:\\\/\\\/shop.bantam.ch\\\/fr\\\/#\\\/schema\\\/logo\\\/image\\\/\"}}]}<\/script>\n<!-- \/ Yoast SEO plugin. -->","yoast_head_json":{"title":"Store de paroi F35 Pro - Bantam Wankm\u00fcller SA","robots":{"index":"index","follow":"follow","max-snippet":"max-snippet:-1","max-image-preview":"max-image-preview:large","max-video-preview":"max-video-preview:-1"},"canonical":"https:\/\/shop.bantam.ch\/fr\/produit\/store-de-paroi-f35-pro\/","og_locale":"fr_FR","og_type":"article","og_title":"Store de paroi F35 Pro - Bantam Wankm\u00fcller SA","og_description":"Store \u00e0 actionnement manuel dans un bo\u00eetier en aluminium anodis\u00e9. Les pieds de support \u00e9tant int\u00e9gr\u00e9s dans le cylindre, aucune armature ne d\u00e9passe comme sur une solette. Id\u00e9al pour caravanes, v\u00e9hicules tout-terrain ou minivans. Nombreux adaptateurs disponibles en accessoires sur www.movera.com Nombreux accessoires, tels qu&rsquo;auvent, parois lat\u00e9rales ou frontales disponibles s\u00e9par\u00e9ment Mat\u00e9riau\u00a0:toile : PVCboitier : [&hellip;]","og_url":"https:\/\/shop.bantam.ch\/fr\/produit\/store-de-paroi-f35-pro\/","og_site_name":"Bantam Wankm\u00fcller SA","article_modified_time":"2026-04-19T19:58:17+00:00","og_image":[{"width":1000,"height":667,"url":"https:\/\/shop.bantam.ch\/wp-content\/uploads\/2023\/03\/995257511pXOzalY2WfgN2.jpg","type":"image\/jpeg"}],"twitter_card":"summary_large_image","schema":{"@context":"https:\/\/schema.org","@graph":[{"@type":"WebPage","@id":"https:\/\/shop.bantam.ch\/fr\/produit\/store-de-paroi-f35-pro\/","url":"https:\/\/shop.bantam.ch\/fr\/produit\/store-de-paroi-f35-pro\/","name":"Store de paroi F35 Pro - Bantam Wankm\u00fcller SA","isPartOf":{"@id":"https:\/\/shop.bantam.ch\/fr\/#website"},"primaryImageOfPage":{"@id":"https:\/\/shop.bantam.ch\/fr\/produit\/store-de-paroi-f35-pro\/#primaryimage"},"image":{"@id":"https:\/\/shop.bantam.ch\/fr\/produit\/store-de-paroi-f35-pro\/#primaryimage"},"thumbnailUrl":"https:\/\/shop.bantam.ch\/wp-content\/uploads\/2023\/03\/995257511pXOzalY2WfgN2.jpg","datePublished":"2023-03-22T13:06:48+00:00","dateModified":"2026-04-19T19:58:17+00:00","breadcrumb":{"@id":"https:\/\/shop.bantam.ch\/fr\/produit\/store-de-paroi-f35-pro\/#breadcrumb"},"inLanguage":"fr-FR","potentialAction":[{"@type":"ReadAction","target":["https:\/\/shop.bantam.ch\/fr\/produit\/store-de-paroi-f35-pro\/"]}]},{"@type":"ImageObject","inLanguage":"fr-FR","@id":"https:\/\/shop.bantam.ch\/fr\/produit\/store-de-paroi-f35-pro\/#primaryimage","url":"https:\/\/shop.bantam.ch\/wp-content\/uploads\/2023\/03\/995257511pXOzalY2WfgN2.jpg","contentUrl":"https:\/\/shop.bantam.ch\/wp-content\/uploads\/2023\/03\/995257511pXOzalY2WfgN2.jpg","width":1000,"height":667},{"@type":"BreadcrumbList","@id":"https:\/\/shop.bantam.ch\/fr\/produit\/store-de-paroi-f35-pro\/#breadcrumb","itemListElement":[{"@type":"ListItem","position":1,"name":"Accueil","item":"https:\/\/shop.bantam.ch\/fr\/"},{"@type":"ListItem","position":2,"name":"Boutique","item":"https:\/\/shop.bantam.ch\/fr\/boutique\/"},{"@type":"ListItem","position":3,"name":"Store de paroi F35 Pro"}]},{"@type":"WebSite","@id":"https:\/\/shop.bantam.ch\/fr\/#website","url":"https:\/\/shop.bantam.ch\/fr\/","name":"Bantam Wankm\u00fcller SA","description":"","publisher":{"@id":"https:\/\/shop.bantam.ch\/fr\/#organization"},"inLanguage":"fr-FR"},{"@type":"Organization","@id":"https:\/\/shop.bantam.ch\/fr\/#organization","name":"Bantam Wankm\u00fcller SA","url":"https:\/\/shop.bantam.ch\/fr\/","logo":{"@type":"ImageObject","inLanguage":"fr-FR","@id":"https:\/\/shop.bantam.ch\/fr\/#\/schema\/logo\/image\/","url":"https:\/\/shop.bantam.ch\/wp-content\/uploads\/2022\/12\/bantam-logo.png","contentUrl":"https:\/\/shop.bantam.ch\/wp-content\/uploads\/2022\/12\/bantam-logo.png","width":320,"height":71,"caption":"Bantam Wankm\u00fcller SA"},"image":{"@id":"https:\/\/shop.bantam.ch\/fr\/#\/schema\/logo\/image\/"}}]}},"_links":{"self":[{"href":"https:\/\/shop.bantam.ch\/fr\/wp-json\/wp\/v2\/product\/152704","targetHints":{"allow":["GET"]}}],"collection":[{"href":"https:\/\/shop.bantam.ch\/fr\/wp-json\/wp\/v2\/product"}],"about":[{"href":"https:\/\/shop.bantam.ch\/fr\/wp-json\/wp\/v2\/types\/product"}],"wp:featuredmedia":[{"embeddable":true,"href":"https:\/\/shop.bantam.ch\/fr\/wp-json\/wp\/v2\/media\/152702"}],"wp:attachment":[{"href":"https:\/\/shop.bantam.ch\/fr\/wp-json\/wp\/v2\/media?parent=152704"}],"wp:term":[{"taxonomy":"product_featured_cat","embeddable":true,"href":"https:\/\/shop.bantam.ch\/fr\/wp-json\/wp\/v2\/product_featured_cat?post=152704"},{"taxonomy":"product_brand","embeddable":true,"href":"https:\/\/shop.bantam.ch\/fr\/wp-json\/wp\/v2\/product_brand?post=152704"},{"taxonomy":"product_cat","embeddable":true,"href":"https:\/\/shop.bantam.ch\/fr\/wp-json\/wp\/v2\/product_cat?post=152704"},{"taxonomy":"product_tag","embeddable":true,"href":"https:\/\/shop.bantam.ch\/fr\/wp-json\/wp\/v2\/product_tag?post=152704"}],"curies":[{"name":"wp","href":"https:\/\/api.w.org\/{rel}","templated":true}]}}