{"id":151718,"date":"2023-03-22T11:45:23","date_gmt":"2023-03-22T10:45:23","guid":{"rendered":"https:\/\/shop.bantam.ch\/produit\/rain-outside-paroi-laterale-contre-la-pluie\/"},"modified":"2026-04-17T23:58:04","modified_gmt":"2026-04-17T21:58:04","slug":"rain-outside-paroi-laterale-contre-la-pluie","status":"publish","type":"product","link":"https:\/\/shop.bantam.ch\/fr\/produit\/rain-outside-paroi-laterale-contre-la-pluie\/","title":{"rendered":"Rain Outside : paroi lat\u00e9rale contre la pluie"},"content":{"rendered":"<p>Adapt\u00e9 aux mod\u00e8les de stores des marques Thule\/Omnistor (S\u00e9rie 4900, 5102) et Fiamma (S\u00e9rie F40 Van). D\u00e9coupe adapt\u00e9e pour les fourgons \u00ab bas \u00bb (VW T5, T6, Ford Nugget, Mercedes V-Klasse, Peugeot Traveller, Campster, Renault Traffic).<br \/>\nLa face avant est fix\u00e9e au profil du store par un jonc. La face avant est \u00e9quip\u00e9e d\u2019une fermeture \u00e9clair verticale en son milieu, les deux parties peuvent ainsi \u00eatre enroul\u00e9es vers le haut, ensemble ou s\u00e9par\u00e9ment. La face avant est \u00e9quip\u00e9e de clips pour l\u2019ajout de sangles anti-temp\u00eate (en option). La paroi lat\u00e9rale peut \u00eatre plac\u00e9e \u00e0 gauche ou \u00e0 droite, se fixe \u00e0 l\u2019aide d\u2019une barre de tension plac\u00e9e entre le bo\u00eetier et la face avant du store. La paroi lat\u00e9rale se presse parfaitement contre le v\u00e9hicule gr\u00e2ce \u00e0 une sangle de pression d\u2019origine. Les parois frontales et lat\u00e9rales se relient entre-elles par un adaptateur de liaison (jonc et double profil \u2013 en option). Les coins avant de l\u2019auvent se fixent avec du <\/p>\n","protected":false},"excerpt":{"rendered":"<p>Adapt\u00e9 aux mod\u00e8les de stores des marques Thule\/Omnistor (S\u00e9rie 4900, 5102) et Fiamma (S\u00e9rie F40 Van). D\u00e9coupe adapt\u00e9e pour les fourgons \u00ab bas \u00bb (VW T5, T6, Ford Nugget, Mercedes V-Klasse, Peugeot Traveller, Campster, Renault Traffic). La face avant est fix\u00e9e au profil du store par un jonc. La face avant est \u00e9quip\u00e9e d\u2019une fermeture [&hellip;]<\/p>\n","protected":false},"featured_media":151708,"template":"","meta":{"_acf_changed":false},"product_featured_cat":[],"product_brand":[3686],"product_cat":[4221],"product_tag":[],"class_list":{"0":"post-151718","1":"product","2":"type-product","3":"status-publish","4":"has-post-thumbnail","6":"product_brand-dwt","7":"product_cat-parois-laterales","9":"first","10":"instock","11":"taxable","12":"shipping-taxable","13":"purchasable","14":"product-type-variable"},"acf":[],"yoast_head":"<!-- This site is optimized with the Yoast SEO plugin v27.4 - https:\/\/yoast.com\/product\/yoast-seo-wordpress\/ -->\n<title>Rain Outside : paroi lat\u00e9rale contre la pluie - Bantam Wankm\u00fcller SA<\/title>\n<meta name=\"robots\" content=\"index, follow, max-snippet:-1, max-image-preview:large, max-video-preview:-1\" \/>\n<link rel=\"canonical\" href=\"https:\/\/shop.bantam.ch\/fr\/produit\/rain-outside-paroi-laterale-contre-la-pluie\/\" \/>\n<meta property=\"og:locale\" content=\"fr_FR\" \/>\n<meta property=\"og:type\" content=\"article\" \/>\n<meta property=\"og:title\" content=\"Rain Outside : paroi lat\u00e9rale contre la pluie - Bantam Wankm\u00fcller SA\" \/>\n<meta property=\"og:description\" content=\"Adapt\u00e9 aux mod\u00e8les de stores des marques Thule\/Omnistor (S\u00e9rie 4900, 5102) et Fiamma (S\u00e9rie F40 Van). D\u00e9coupe adapt\u00e9e pour les fourgons \u00ab bas \u00bb (VW T5, T6, Ford Nugget, Mercedes V-Klasse, Peugeot Traveller, Campster, Renault Traffic). La face avant est fix\u00e9e au profil du store par un jonc. La face avant est \u00e9quip\u00e9e d\u2019une fermeture [&hellip;]\" \/>\n<meta property=\"og:url\" content=\"https:\/\/shop.bantam.ch\/fr\/produit\/rain-outside-paroi-laterale-contre-la-pluie\/\" \/>\n<meta property=\"og:site_name\" content=\"Bantam Wankm\u00fcller SA\" \/>\n<meta property=\"article:modified_time\" content=\"2026-04-17T21:58:04+00:00\" \/>\n<meta property=\"og:image\" content=\"https:\/\/shop.bantam.ch\/wp-content\/uploads\/2023\/03\/Rain-outside-d-s-50022009-A-1.jpg\" \/>\n\t<meta property=\"og:image:width\" content=\"2126\" \/>\n\t<meta property=\"og:image:height\" content=\"1417\" \/>\n\t<meta property=\"og:image:type\" content=\"image\/jpeg\" \/>\n<meta name=\"twitter:card\" content=\"summary_large_image\" \/>\n<meta name=\"twitter:label1\" content=\"Dur\u00e9e de lecture estim\u00e9e\" \/>\n\t<meta name=\"twitter:data1\" content=\"1 minute\" \/>\n<script type=\"application\/ld+json\" class=\"yoast-schema-graph\">{\"@context\":\"https:\\\/\\\/schema.org\",\"@graph\":[{\"@type\":\"WebPage\",\"@id\":\"https:\\\/\\\/shop.bantam.ch\\\/fr\\\/produit\\\/rain-outside-paroi-laterale-contre-la-pluie\\\/\",\"url\":\"https:\\\/\\\/shop.bantam.ch\\\/fr\\\/produit\\\/rain-outside-paroi-laterale-contre-la-pluie\\\/\",\"name\":\"Rain Outside : paroi lat\u00e9rale contre la pluie - Bantam Wankm\u00fcller SA\",\"isPartOf\":{\"@id\":\"https:\\\/\\\/shop.bantam.ch\\\/fr\\\/#website\"},\"primaryImageOfPage\":{\"@id\":\"https:\\\/\\\/shop.bantam.ch\\\/fr\\\/produit\\\/rain-outside-paroi-laterale-contre-la-pluie\\\/#primaryimage\"},\"image\":{\"@id\":\"https:\\\/\\\/shop.bantam.ch\\\/fr\\\/produit\\\/rain-outside-paroi-laterale-contre-la-pluie\\\/#primaryimage\"},\"thumbnailUrl\":\"https:\\\/\\\/shop.bantam.ch\\\/wp-content\\\/uploads\\\/2023\\\/03\\\/Rain-outside-d-s-50022009-A-1.jpg\",\"datePublished\":\"2023-03-22T10:45:23+00:00\",\"dateModified\":\"2026-04-17T21:58:04+00:00\",\"breadcrumb\":{\"@id\":\"https:\\\/\\\/shop.bantam.ch\\\/fr\\\/produit\\\/rain-outside-paroi-laterale-contre-la-pluie\\\/#breadcrumb\"},\"inLanguage\":\"fr-FR\",\"potentialAction\":[{\"@type\":\"ReadAction\",\"target\":[\"https:\\\/\\\/shop.bantam.ch\\\/fr\\\/produit\\\/rain-outside-paroi-laterale-contre-la-pluie\\\/\"]}]},{\"@type\":\"ImageObject\",\"inLanguage\":\"fr-FR\",\"@id\":\"https:\\\/\\\/shop.bantam.ch\\\/fr\\\/produit\\\/rain-outside-paroi-laterale-contre-la-pluie\\\/#primaryimage\",\"url\":\"https:\\\/\\\/shop.bantam.ch\\\/wp-content\\\/uploads\\\/2023\\\/03\\\/Rain-outside-d-s-50022009-A-1.jpg\",\"contentUrl\":\"https:\\\/\\\/shop.bantam.ch\\\/wp-content\\\/uploads\\\/2023\\\/03\\\/Rain-outside-d-s-50022009-A-1.jpg\",\"width\":2048,\"height\":1365},{\"@type\":\"BreadcrumbList\",\"@id\":\"https:\\\/\\\/shop.bantam.ch\\\/fr\\\/produit\\\/rain-outside-paroi-laterale-contre-la-pluie\\\/#breadcrumb\",\"itemListElement\":[{\"@type\":\"ListItem\",\"position\":1,\"name\":\"Accueil\",\"item\":\"https:\\\/\\\/shop.bantam.ch\\\/fr\\\/\"},{\"@type\":\"ListItem\",\"position\":2,\"name\":\"Boutique\",\"item\":\"https:\\\/\\\/shop.bantam.ch\\\/fr\\\/boutique\\\/\"},{\"@type\":\"ListItem\",\"position\":3,\"name\":\"Rain Outside : paroi lat\u00e9rale contre la pluie\"}]},{\"@type\":\"WebSite\",\"@id\":\"https:\\\/\\\/shop.bantam.ch\\\/fr\\\/#website\",\"url\":\"https:\\\/\\\/shop.bantam.ch\\\/fr\\\/\",\"name\":\"Bantam Wankm\u00fcller SA\",\"description\":\"\",\"publisher\":{\"@id\":\"https:\\\/\\\/shop.bantam.ch\\\/fr\\\/#organization\"},\"inLanguage\":\"fr-FR\"},{\"@type\":\"Organization\",\"@id\":\"https:\\\/\\\/shop.bantam.ch\\\/fr\\\/#organization\",\"name\":\"Bantam Wankm\u00fcller SA\",\"url\":\"https:\\\/\\\/shop.bantam.ch\\\/fr\\\/\",\"logo\":{\"@type\":\"ImageObject\",\"inLanguage\":\"fr-FR\",\"@id\":\"https:\\\/\\\/shop.bantam.ch\\\/fr\\\/#\\\/schema\\\/logo\\\/image\\\/\",\"url\":\"https:\\\/\\\/shop.bantam.ch\\\/wp-content\\\/uploads\\\/2022\\\/12\\\/bantam-logo.png\",\"contentUrl\":\"https:\\\/\\\/shop.bantam.ch\\\/wp-content\\\/uploads\\\/2022\\\/12\\\/bantam-logo.png\",\"width\":320,\"height\":71,\"caption\":\"Bantam Wankm\u00fcller SA\"},\"image\":{\"@id\":\"https:\\\/\\\/shop.bantam.ch\\\/fr\\\/#\\\/schema\\\/logo\\\/image\\\/\"}}]}<\/script>\n<!-- \/ Yoast SEO plugin. -->","yoast_head_json":{"title":"Rain Outside : paroi lat\u00e9rale contre la pluie - Bantam Wankm\u00fcller SA","robots":{"index":"index","follow":"follow","max-snippet":"max-snippet:-1","max-image-preview":"max-image-preview:large","max-video-preview":"max-video-preview:-1"},"canonical":"https:\/\/shop.bantam.ch\/fr\/produit\/rain-outside-paroi-laterale-contre-la-pluie\/","og_locale":"fr_FR","og_type":"article","og_title":"Rain Outside : paroi lat\u00e9rale contre la pluie - Bantam Wankm\u00fcller SA","og_description":"Adapt\u00e9 aux mod\u00e8les de stores des marques Thule\/Omnistor (S\u00e9rie 4900, 5102) et Fiamma (S\u00e9rie F40 Van). D\u00e9coupe adapt\u00e9e pour les fourgons \u00ab bas \u00bb (VW T5, T6, Ford Nugget, Mercedes V-Klasse, Peugeot Traveller, Campster, Renault Traffic). La face avant est fix\u00e9e au profil du store par un jonc. La face avant est \u00e9quip\u00e9e d\u2019une fermeture [&hellip;]","og_url":"https:\/\/shop.bantam.ch\/fr\/produit\/rain-outside-paroi-laterale-contre-la-pluie\/","og_site_name":"Bantam Wankm\u00fcller SA","article_modified_time":"2026-04-17T21:58:04+00:00","og_image":[{"width":2126,"height":1417,"url":"https:\/\/shop.bantam.ch\/wp-content\/uploads\/2023\/03\/Rain-outside-d-s-50022009-A-1.jpg","type":"image\/jpeg"}],"twitter_card":"summary_large_image","twitter_misc":{"Dur\u00e9e de lecture estim\u00e9e":"1 minute"},"schema":{"@context":"https:\/\/schema.org","@graph":[{"@type":"WebPage","@id":"https:\/\/shop.bantam.ch\/fr\/produit\/rain-outside-paroi-laterale-contre-la-pluie\/","url":"https:\/\/shop.bantam.ch\/fr\/produit\/rain-outside-paroi-laterale-contre-la-pluie\/","name":"Rain Outside : paroi lat\u00e9rale contre la pluie - Bantam Wankm\u00fcller SA","isPartOf":{"@id":"https:\/\/shop.bantam.ch\/fr\/#website"},"primaryImageOfPage":{"@id":"https:\/\/shop.bantam.ch\/fr\/produit\/rain-outside-paroi-laterale-contre-la-pluie\/#primaryimage"},"image":{"@id":"https:\/\/shop.bantam.ch\/fr\/produit\/rain-outside-paroi-laterale-contre-la-pluie\/#primaryimage"},"thumbnailUrl":"https:\/\/shop.bantam.ch\/wp-content\/uploads\/2023\/03\/Rain-outside-d-s-50022009-A-1.jpg","datePublished":"2023-03-22T10:45:23+00:00","dateModified":"2026-04-17T21:58:04+00:00","breadcrumb":{"@id":"https:\/\/shop.bantam.ch\/fr\/produit\/rain-outside-paroi-laterale-contre-la-pluie\/#breadcrumb"},"inLanguage":"fr-FR","potentialAction":[{"@type":"ReadAction","target":["https:\/\/shop.bantam.ch\/fr\/produit\/rain-outside-paroi-laterale-contre-la-pluie\/"]}]},{"@type":"ImageObject","inLanguage":"fr-FR","@id":"https:\/\/shop.bantam.ch\/fr\/produit\/rain-outside-paroi-laterale-contre-la-pluie\/#primaryimage","url":"https:\/\/shop.bantam.ch\/wp-content\/uploads\/2023\/03\/Rain-outside-d-s-50022009-A-1.jpg","contentUrl":"https:\/\/shop.bantam.ch\/wp-content\/uploads\/2023\/03\/Rain-outside-d-s-50022009-A-1.jpg","width":2048,"height":1365},{"@type":"BreadcrumbList","@id":"https:\/\/shop.bantam.ch\/fr\/produit\/rain-outside-paroi-laterale-contre-la-pluie\/#breadcrumb","itemListElement":[{"@type":"ListItem","position":1,"name":"Accueil","item":"https:\/\/shop.bantam.ch\/fr\/"},{"@type":"ListItem","position":2,"name":"Boutique","item":"https:\/\/shop.bantam.ch\/fr\/boutique\/"},{"@type":"ListItem","position":3,"name":"Rain Outside : paroi lat\u00e9rale contre la pluie"}]},{"@type":"WebSite","@id":"https:\/\/shop.bantam.ch\/fr\/#website","url":"https:\/\/shop.bantam.ch\/fr\/","name":"Bantam Wankm\u00fcller SA","description":"","publisher":{"@id":"https:\/\/shop.bantam.ch\/fr\/#organization"},"inLanguage":"fr-FR"},{"@type":"Organization","@id":"https:\/\/shop.bantam.ch\/fr\/#organization","name":"Bantam Wankm\u00fcller SA","url":"https:\/\/shop.bantam.ch\/fr\/","logo":{"@type":"ImageObject","inLanguage":"fr-FR","@id":"https:\/\/shop.bantam.ch\/fr\/#\/schema\/logo\/image\/","url":"https:\/\/shop.bantam.ch\/wp-content\/uploads\/2022\/12\/bantam-logo.png","contentUrl":"https:\/\/shop.bantam.ch\/wp-content\/uploads\/2022\/12\/bantam-logo.png","width":320,"height":71,"caption":"Bantam Wankm\u00fcller SA"},"image":{"@id":"https:\/\/shop.bantam.ch\/fr\/#\/schema\/logo\/image\/"}}]}},"_links":{"self":[{"href":"https:\/\/shop.bantam.ch\/fr\/wp-json\/wp\/v2\/product\/151718","targetHints":{"allow":["GET"]}}],"collection":[{"href":"https:\/\/shop.bantam.ch\/fr\/wp-json\/wp\/v2\/product"}],"about":[{"href":"https:\/\/shop.bantam.ch\/fr\/wp-json\/wp\/v2\/types\/product"}],"wp:featuredmedia":[{"embeddable":true,"href":"https:\/\/shop.bantam.ch\/fr\/wp-json\/wp\/v2\/media\/151708"}],"wp:attachment":[{"href":"https:\/\/shop.bantam.ch\/fr\/wp-json\/wp\/v2\/media?parent=151718"}],"wp:term":[{"taxonomy":"product_featured_cat","embeddable":true,"href":"https:\/\/shop.bantam.ch\/fr\/wp-json\/wp\/v2\/product_featured_cat?post=151718"},{"taxonomy":"product_brand","embeddable":true,"href":"https:\/\/shop.bantam.ch\/fr\/wp-json\/wp\/v2\/product_brand?post=151718"},{"taxonomy":"product_cat","embeddable":true,"href":"https:\/\/shop.bantam.ch\/fr\/wp-json\/wp\/v2\/product_cat?post=151718"},{"taxonomy":"product_tag","embeddable":true,"href":"https:\/\/shop.bantam.ch\/fr\/wp-json\/wp\/v2\/product_tag?post=151718"}],"curies":[{"name":"wp","href":"https:\/\/api.w.org\/{rel}","templated":true}]}}