{"id":151688,"date":"2023-03-22T11:43:10","date_gmt":"2023-03-22T10:43:10","guid":{"rendered":"https:\/\/shop.bantam.ch\/produit\/happy-sun-paroi-laterale-sun-blocker-westfield\/"},"modified":"2026-05-01T23:53:20","modified_gmt":"2026-05-01T21:53:20","slug":"happy-sun-paroi-laterale-sun-blocker-westfield","status":"publish","type":"product","link":"https:\/\/shop.bantam.ch\/fr\/produit\/happy-sun-paroi-laterale-sun-blocker-westfield\/","title":{"rendered":"Happy Sun paroi lat\u00e9rale sun blocker DWT"},"content":{"rendered":"<p>\u00c9quipement :<\/p>\n<p><\/p>\n<p>&#8211; Les parties de la paroi avant peuvent \u00eatre ins\u00e9r\u00e9es dans la barre de jonction du profil\u00e9 de projection du store gr\u00e2ce \u00e0 des joncs.<\/p>\n<p>&#8211; Les parois lat\u00e9rales sont tendues par une barre de tension entre le caisson du store et le profil\u00e9 de projection.<\/p>\n<p>&#8211; Tous les \u00e9l\u00e9ments de paroi disposent d&rsquo;\u0153illets \u00e0 leur extr\u00e9mit\u00e9 inf\u00e9rieure, qui permettent de les haubaner en biais et selon les souhaits de chacun.<\/p>\n<p>&#8211; Les cordes de haubanage color\u00e9es attirent l&rsquo;attention.<\/p>\n<p>&#8211; Le tissu mesh utilis\u00e9 r\u00e9duit l&rsquo;incidence de la lumi\u00e8re et les courants d&rsquo;air et offre ainsi un petit coin prot\u00e9g\u00e9 du soleil et du vent sous le store.<\/p>\n<p>&#8211; La paroi avant peut \u00eatre enroul\u00e9e vers le haut.<\/p>\n<p>&#8211; La paroi avant est \u00e9quip\u00e9e d&rsquo;\u00e9l\u00e9ments enfichables permettant d&rsquo;attacher une ceinture de s\u00e9curit\u00e9 (option).<\/p>\n<p><\/p>\n<p>Mat\u00e9riau : tissu mesh (tissu \u00e0 mailles en polyester enduit de PVC) enduit et enti\u00e8rement lavable, la protection anti-\u00e9claboussures est en tissu polyester enduit de PVC des deux c\u00f4t\u00e9s et \u00e9galement enti\u00e8rement lavable. \u0152illets de haubanage soud\u00e9s \u00e0 haute fr\u00e9quence, extr\u00eamement r\u00e9sistants \u00e0 la d\u00e9chirure. Armature : chaque paroi lat\u00e9rale est \u00e9quip\u00e9e d&rsquo;une barre de tension en acier (25 x 1 mm) pour la fixation (suspension). Contenu de la livraison : partie murale avec mat\u00e9riel de haubanage, parois lat\u00e9rales avec barre de tension.<\/p>\n","protected":false},"excerpt":{"rendered":"<p>\u00c9quipement : &#8211; Les parties de la paroi avant peuvent \u00eatre ins\u00e9r\u00e9es dans la barre de jonction du profil\u00e9 de projection du store gr\u00e2ce \u00e0 des joncs. &#8211; Les parois lat\u00e9rales sont tendues par une barre de tension entre le caisson du store et le profil\u00e9 de projection. &#8211; Tous les \u00e9l\u00e9ments de paroi disposent [&hellip;]<\/p>\n","protected":false},"featured_media":151678,"template":"","meta":{"_acf_changed":false},"product_featured_cat":[],"product_brand":[3686],"product_cat":[4221],"product_tag":[],"class_list":{"0":"post-151688","1":"product","2":"type-product","3":"status-publish","4":"has-post-thumbnail","6":"product_brand-dwt","7":"product_cat-parois-laterales","9":"first","10":"instock","11":"taxable","12":"shipping-taxable","13":"purchasable","14":"product-type-variable"},"acf":[],"yoast_head":"<!-- This site is optimized with the Yoast SEO plugin v27.5 - https:\/\/yoast.com\/product\/yoast-seo-wordpress\/ -->\n<title>Happy Sun paroi lat\u00e9rale sun blocker DWT - Bantam<\/title>\n<meta name=\"robots\" content=\"index, follow, max-snippet:-1, max-image-preview:large, max-video-preview:-1\" \/>\n<link rel=\"canonical\" href=\"https:\/\/shop.bantam.ch\/fr\/produit\/happy-sun-paroi-laterale-sun-blocker-westfield\/\" \/>\n<meta property=\"og:locale\" content=\"fr_FR\" \/>\n<meta property=\"og:type\" content=\"article\" \/>\n<meta property=\"og:title\" content=\"Happy Sun paroi lat\u00e9rale sun blocker DWT - Bantam\" \/>\n<meta property=\"og:description\" content=\"\u00c9quipement : &#8211; Les parties de la paroi avant peuvent \u00eatre ins\u00e9r\u00e9es dans la barre de jonction du profil\u00e9 de projection du store gr\u00e2ce \u00e0 des joncs. &#8211; Les parois lat\u00e9rales sont tendues par une barre de tension entre le caisson du store et le profil\u00e9 de projection. &#8211; Tous les \u00e9l\u00e9ments de paroi disposent [&hellip;]\" \/>\n<meta property=\"og:url\" content=\"https:\/\/shop.bantam.ch\/fr\/produit\/happy-sun-paroi-laterale-sun-blocker-westfield\/\" \/>\n<meta property=\"og:site_name\" content=\"Bantam\" \/>\n<meta property=\"article:modified_time\" content=\"2026-05-01T21:53:20+00:00\" \/>\n<meta property=\"og:image\" content=\"https:\/\/shop.bantam.ch\/wp-content\/uploads\/2023\/03\/Happy-sun-d-s-50022001-a-1.jpg\" \/>\n\t<meta property=\"og:image:width\" content=\"2048\" \/>\n\t<meta property=\"og:image:height\" content=\"1365\" \/>\n\t<meta property=\"og:image:type\" content=\"image\/jpeg\" \/>\n<meta name=\"twitter:card\" content=\"summary_large_image\" \/>\n<meta name=\"twitter:label1\" content=\"Dur\u00e9e de lecture estim\u00e9e\" \/>\n\t<meta name=\"twitter:data1\" content=\"2 minutes\" \/>\n<script type=\"application\/ld+json\" class=\"yoast-schema-graph\">{\"@context\":\"https:\\\/\\\/schema.org\",\"@graph\":[{\"@type\":\"WebPage\",\"@id\":\"https:\\\/\\\/shop.bantam.ch\\\/fr\\\/produit\\\/happy-sun-paroi-laterale-sun-blocker-westfield\\\/\",\"url\":\"https:\\\/\\\/shop.bantam.ch\\\/fr\\\/produit\\\/happy-sun-paroi-laterale-sun-blocker-westfield\\\/\",\"name\":\"Happy Sun paroi lat\u00e9rale sun blocker DWT - Bantam\",\"isPartOf\":{\"@id\":\"https:\\\/\\\/shop.bantam.ch\\\/fr\\\/#website\"},\"primaryImageOfPage\":{\"@id\":\"https:\\\/\\\/shop.bantam.ch\\\/fr\\\/produit\\\/happy-sun-paroi-laterale-sun-blocker-westfield\\\/#primaryimage\"},\"image\":{\"@id\":\"https:\\\/\\\/shop.bantam.ch\\\/fr\\\/produit\\\/happy-sun-paroi-laterale-sun-blocker-westfield\\\/#primaryimage\"},\"thumbnailUrl\":\"https:\\\/\\\/shop.bantam.ch\\\/wp-content\\\/uploads\\\/2023\\\/03\\\/Happy-sun-d-s-50022001-a-1.jpg\",\"datePublished\":\"2023-03-22T10:43:10+00:00\",\"dateModified\":\"2026-05-01T21:53:20+00:00\",\"breadcrumb\":{\"@id\":\"https:\\\/\\\/shop.bantam.ch\\\/fr\\\/produit\\\/happy-sun-paroi-laterale-sun-blocker-westfield\\\/#breadcrumb\"},\"inLanguage\":\"fr-FR\",\"potentialAction\":[{\"@type\":\"ReadAction\",\"target\":[\"https:\\\/\\\/shop.bantam.ch\\\/fr\\\/produit\\\/happy-sun-paroi-laterale-sun-blocker-westfield\\\/\"]}]},{\"@type\":\"ImageObject\",\"inLanguage\":\"fr-FR\",\"@id\":\"https:\\\/\\\/shop.bantam.ch\\\/fr\\\/produit\\\/happy-sun-paroi-laterale-sun-blocker-westfield\\\/#primaryimage\",\"url\":\"https:\\\/\\\/shop.bantam.ch\\\/wp-content\\\/uploads\\\/2023\\\/03\\\/Happy-sun-d-s-50022001-a-1.jpg\",\"contentUrl\":\"https:\\\/\\\/shop.bantam.ch\\\/wp-content\\\/uploads\\\/2023\\\/03\\\/Happy-sun-d-s-50022001-a-1.jpg\",\"width\":2048,\"height\":1365},{\"@type\":\"BreadcrumbList\",\"@id\":\"https:\\\/\\\/shop.bantam.ch\\\/fr\\\/produit\\\/happy-sun-paroi-laterale-sun-blocker-westfield\\\/#breadcrumb\",\"itemListElement\":[{\"@type\":\"ListItem\",\"position\":1,\"name\":\"Accueil\",\"item\":\"https:\\\/\\\/shop.bantam.ch\\\/fr\\\/\"},{\"@type\":\"ListItem\",\"position\":2,\"name\":\"Boutique\",\"item\":\"https:\\\/\\\/shop.bantam.ch\\\/fr\\\/boutique\\\/\"},{\"@type\":\"ListItem\",\"position\":3,\"name\":\"Happy Sun paroi lat\u00e9rale sun blocker DWT\"}]},{\"@type\":\"WebSite\",\"@id\":\"https:\\\/\\\/shop.bantam.ch\\\/fr\\\/#website\",\"url\":\"https:\\\/\\\/shop.bantam.ch\\\/fr\\\/\",\"name\":\"Bantam\",\"description\":\"\",\"publisher\":{\"@id\":\"https:\\\/\\\/shop.bantam.ch\\\/fr\\\/#organization\"},\"inLanguage\":\"fr-FR\"},{\"@type\":\"Organization\",\"@id\":\"https:\\\/\\\/shop.bantam.ch\\\/fr\\\/#organization\",\"name\":\"Bantam\",\"url\":\"https:\\\/\\\/shop.bantam.ch\\\/fr\\\/\",\"logo\":{\"@type\":\"ImageObject\",\"inLanguage\":\"fr-FR\",\"@id\":\"https:\\\/\\\/shop.bantam.ch\\\/fr\\\/#\\\/schema\\\/logo\\\/image\\\/\",\"url\":\"https:\\\/\\\/shop.bantam.ch\\\/wp-content\\\/uploads\\\/2022\\\/12\\\/bantam-logo.png\",\"contentUrl\":\"https:\\\/\\\/shop.bantam.ch\\\/wp-content\\\/uploads\\\/2022\\\/12\\\/bantam-logo.png\",\"width\":320,\"height\":71,\"caption\":\"Bantam\"},\"image\":{\"@id\":\"https:\\\/\\\/shop.bantam.ch\\\/fr\\\/#\\\/schema\\\/logo\\\/image\\\/\"}}]}<\/script>\n<!-- \/ Yoast SEO plugin. -->","yoast_head_json":{"title":"Happy Sun paroi lat\u00e9rale sun blocker DWT - Bantam","robots":{"index":"index","follow":"follow","max-snippet":"max-snippet:-1","max-image-preview":"max-image-preview:large","max-video-preview":"max-video-preview:-1"},"canonical":"https:\/\/shop.bantam.ch\/fr\/produit\/happy-sun-paroi-laterale-sun-blocker-westfield\/","og_locale":"fr_FR","og_type":"article","og_title":"Happy Sun paroi lat\u00e9rale sun blocker DWT - Bantam","og_description":"\u00c9quipement : &#8211; Les parties de la paroi avant peuvent \u00eatre ins\u00e9r\u00e9es dans la barre de jonction du profil\u00e9 de projection du store gr\u00e2ce \u00e0 des joncs. &#8211; Les parois lat\u00e9rales sont tendues par une barre de tension entre le caisson du store et le profil\u00e9 de projection. &#8211; Tous les \u00e9l\u00e9ments de paroi disposent [&hellip;]","og_url":"https:\/\/shop.bantam.ch\/fr\/produit\/happy-sun-paroi-laterale-sun-blocker-westfield\/","og_site_name":"Bantam","article_modified_time":"2026-05-01T21:53:20+00:00","og_image":[{"width":2048,"height":1365,"url":"https:\/\/shop.bantam.ch\/wp-content\/uploads\/2023\/03\/Happy-sun-d-s-50022001-a-1.jpg","type":"image\/jpeg"}],"twitter_card":"summary_large_image","twitter_misc":{"Dur\u00e9e de lecture estim\u00e9e":"2 minutes"},"schema":{"@context":"https:\/\/schema.org","@graph":[{"@type":"WebPage","@id":"https:\/\/shop.bantam.ch\/fr\/produit\/happy-sun-paroi-laterale-sun-blocker-westfield\/","url":"https:\/\/shop.bantam.ch\/fr\/produit\/happy-sun-paroi-laterale-sun-blocker-westfield\/","name":"Happy Sun paroi lat\u00e9rale sun blocker DWT - Bantam","isPartOf":{"@id":"https:\/\/shop.bantam.ch\/fr\/#website"},"primaryImageOfPage":{"@id":"https:\/\/shop.bantam.ch\/fr\/produit\/happy-sun-paroi-laterale-sun-blocker-westfield\/#primaryimage"},"image":{"@id":"https:\/\/shop.bantam.ch\/fr\/produit\/happy-sun-paroi-laterale-sun-blocker-westfield\/#primaryimage"},"thumbnailUrl":"https:\/\/shop.bantam.ch\/wp-content\/uploads\/2023\/03\/Happy-sun-d-s-50022001-a-1.jpg","datePublished":"2023-03-22T10:43:10+00:00","dateModified":"2026-05-01T21:53:20+00:00","breadcrumb":{"@id":"https:\/\/shop.bantam.ch\/fr\/produit\/happy-sun-paroi-laterale-sun-blocker-westfield\/#breadcrumb"},"inLanguage":"fr-FR","potentialAction":[{"@type":"ReadAction","target":["https:\/\/shop.bantam.ch\/fr\/produit\/happy-sun-paroi-laterale-sun-blocker-westfield\/"]}]},{"@type":"ImageObject","inLanguage":"fr-FR","@id":"https:\/\/shop.bantam.ch\/fr\/produit\/happy-sun-paroi-laterale-sun-blocker-westfield\/#primaryimage","url":"https:\/\/shop.bantam.ch\/wp-content\/uploads\/2023\/03\/Happy-sun-d-s-50022001-a-1.jpg","contentUrl":"https:\/\/shop.bantam.ch\/wp-content\/uploads\/2023\/03\/Happy-sun-d-s-50022001-a-1.jpg","width":2048,"height":1365},{"@type":"BreadcrumbList","@id":"https:\/\/shop.bantam.ch\/fr\/produit\/happy-sun-paroi-laterale-sun-blocker-westfield\/#breadcrumb","itemListElement":[{"@type":"ListItem","position":1,"name":"Accueil","item":"https:\/\/shop.bantam.ch\/fr\/"},{"@type":"ListItem","position":2,"name":"Boutique","item":"https:\/\/shop.bantam.ch\/fr\/boutique\/"},{"@type":"ListItem","position":3,"name":"Happy Sun paroi lat\u00e9rale sun blocker DWT"}]},{"@type":"WebSite","@id":"https:\/\/shop.bantam.ch\/fr\/#website","url":"https:\/\/shop.bantam.ch\/fr\/","name":"Bantam","description":"","publisher":{"@id":"https:\/\/shop.bantam.ch\/fr\/#organization"},"inLanguage":"fr-FR"},{"@type":"Organization","@id":"https:\/\/shop.bantam.ch\/fr\/#organization","name":"Bantam","url":"https:\/\/shop.bantam.ch\/fr\/","logo":{"@type":"ImageObject","inLanguage":"fr-FR","@id":"https:\/\/shop.bantam.ch\/fr\/#\/schema\/logo\/image\/","url":"https:\/\/shop.bantam.ch\/wp-content\/uploads\/2022\/12\/bantam-logo.png","contentUrl":"https:\/\/shop.bantam.ch\/wp-content\/uploads\/2022\/12\/bantam-logo.png","width":320,"height":71,"caption":"Bantam"},"image":{"@id":"https:\/\/shop.bantam.ch\/fr\/#\/schema\/logo\/image\/"}}]}},"_links":{"self":[{"href":"https:\/\/shop.bantam.ch\/fr\/wp-json\/wp\/v2\/product\/151688","targetHints":{"allow":["GET"]}}],"collection":[{"href":"https:\/\/shop.bantam.ch\/fr\/wp-json\/wp\/v2\/product"}],"about":[{"href":"https:\/\/shop.bantam.ch\/fr\/wp-json\/wp\/v2\/types\/product"}],"wp:featuredmedia":[{"embeddable":true,"href":"https:\/\/shop.bantam.ch\/fr\/wp-json\/wp\/v2\/media\/151678"}],"wp:attachment":[{"href":"https:\/\/shop.bantam.ch\/fr\/wp-json\/wp\/v2\/media?parent=151688"}],"wp:term":[{"taxonomy":"product_featured_cat","embeddable":true,"href":"https:\/\/shop.bantam.ch\/fr\/wp-json\/wp\/v2\/product_featured_cat?post=151688"},{"taxonomy":"product_brand","embeddable":true,"href":"https:\/\/shop.bantam.ch\/fr\/wp-json\/wp\/v2\/product_brand?post=151688"},{"taxonomy":"product_cat","embeddable":true,"href":"https:\/\/shop.bantam.ch\/fr\/wp-json\/wp\/v2\/product_cat?post=151688"},{"taxonomy":"product_tag","embeddable":true,"href":"https:\/\/shop.bantam.ch\/fr\/wp-json\/wp\/v2\/product_tag?post=151688"}],"curies":[{"name":"wp","href":"https:\/\/api.w.org\/{rel}","templated":true}]}}