{"id":151495,"date":"2023-03-22T10:51:30","date_gmt":"2023-03-22T09:51:30","guid":{"rendered":"https:\/\/shop.bantam.ch\/produit\/camelbak-bouteilles-eddy\/"},"modified":"2026-04-20T00:08:12","modified_gmt":"2026-04-19T22:08:12","slug":"camelbak-bouteilles-eddy","status":"publish","type":"product","link":"https:\/\/shop.bantam.ch\/fr\/produit\/camelbak-bouteilles-eddy\/","title":{"rendered":"CamelBak\u00ae Bouteilles Eddy+\u00ae"},"content":{"rendered":"<p>0.6l<\/p>\n<p>25 ?d\u00e9bit en plus<br \/>Ouvrez et buvez, tout simplement<br \/>Etanche<br \/>Etanche avec le couvercle ferm\u00e9. Aucun d\u00e9versement<br \/>avec le couvercle ouvert.<br \/>Facile \u00e0 transporter<br \/>Poign\u00e9e \u00e0 deux doigts.<br \/>Nettoyage facile<br \/>Couvercle et bouteille vont au lave-vaisselle.<br \/>Couvercle universel<br \/>Convient \u00e0 toutes les tailles de bouteilles des<br \/>gammes Chute Mag et Hot Cap.<br \/>Exempt de BPA \/ BPS \/ BPF<\/p>\n","protected":false},"excerpt":{"rendered":"<p>0.6l 25 ?d\u00e9bit en plusOuvrez et buvez, tout simplementEtancheEtanche avec le couvercle ferm\u00e9. Aucun d\u00e9versementavec le couvercle ouvert.Facile \u00e0 transporterPoign\u00e9e \u00e0 deux doigts.Nettoyage facileCouvercle et bouteille vont au lave-vaisselle.Couvercle universelConvient \u00e0 toutes les tailles de bouteilles desgammes Chute Mag et Hot Cap.Exempt de BPA \/ BPS \/ BPF<\/p>\n","protected":false},"featured_media":151489,"template":"","meta":{"_acf_changed":false},"product_featured_cat":[],"product_brand":[3724],"product_cat":[4329],"product_tag":[],"class_list":{"0":"post-151495","1":"product","2":"type-product","3":"status-publish","4":"has-post-thumbnail","6":"product_brand-camelbak","7":"product_cat-gourdes-et-bouteilles-deau","9":"first","10":"instock","11":"taxable","12":"shipping-taxable","13":"purchasable","14":"product-type-variable"},"acf":[],"yoast_head":"<!-- This site is optimized with the Yoast SEO plugin v27.4 - https:\/\/yoast.com\/product\/yoast-seo-wordpress\/ -->\n<title>CamelBak\u00ae Bouteilles Eddy+\u00ae - Bantam Wankm\u00fcller SA<\/title>\n<meta name=\"robots\" content=\"index, follow, max-snippet:-1, max-image-preview:large, max-video-preview:-1\" \/>\n<link rel=\"canonical\" href=\"https:\/\/shop.bantam.ch\/fr\/produit\/camelbak-bouteilles-eddy\/\" \/>\n<meta property=\"og:locale\" content=\"fr_FR\" \/>\n<meta property=\"og:type\" content=\"article\" \/>\n<meta property=\"og:title\" content=\"CamelBak\u00ae Bouteilles Eddy+\u00ae - Bantam Wankm\u00fcller SA\" \/>\n<meta property=\"og:description\" content=\"0.6l 25 ?d\u00e9bit en plusOuvrez et buvez, tout simplementEtancheEtanche avec le couvercle ferm\u00e9. Aucun d\u00e9versementavec le couvercle ouvert.Facile \u00e0 transporterPoign\u00e9e \u00e0 deux doigts.Nettoyage facileCouvercle et bouteille vont au lave-vaisselle.Couvercle universelConvient \u00e0 toutes les tailles de bouteilles desgammes Chute Mag et Hot Cap.Exempt de BPA \/ BPS \/ BPF\" \/>\n<meta property=\"og:url\" content=\"https:\/\/shop.bantam.ch\/fr\/produit\/camelbak-bouteilles-eddy\/\" \/>\n<meta property=\"og:site_name\" content=\"Bantam Wankm\u00fcller SA\" \/>\n<meta property=\"article:modified_time\" content=\"2026-04-19T22:08:12+00:00\" \/>\n<meta property=\"og:image\" content=\"https:\/\/shop.bantam.ch\/wp-content\/uploads\/2023\/03\/407-143-9060-111-1.jpg\" \/>\n\t<meta property=\"og:image:width\" content=\"1080\" \/>\n\t<meta property=\"og:image:height\" content=\"1080\" \/>\n\t<meta property=\"og:image:type\" content=\"image\/jpeg\" \/>\n<meta name=\"twitter:card\" content=\"summary_large_image\" \/>\n<script type=\"application\/ld+json\" class=\"yoast-schema-graph\">{\"@context\":\"https:\\\/\\\/schema.org\",\"@graph\":[{\"@type\":\"WebPage\",\"@id\":\"https:\\\/\\\/shop.bantam.ch\\\/fr\\\/produit\\\/camelbak-bouteilles-eddy\\\/\",\"url\":\"https:\\\/\\\/shop.bantam.ch\\\/fr\\\/produit\\\/camelbak-bouteilles-eddy\\\/\",\"name\":\"CamelBak\u00ae Bouteilles Eddy+\u00ae - Bantam Wankm\u00fcller SA\",\"isPartOf\":{\"@id\":\"https:\\\/\\\/shop.bantam.ch\\\/fr\\\/#website\"},\"primaryImageOfPage\":{\"@id\":\"https:\\\/\\\/shop.bantam.ch\\\/fr\\\/produit\\\/camelbak-bouteilles-eddy\\\/#primaryimage\"},\"image\":{\"@id\":\"https:\\\/\\\/shop.bantam.ch\\\/fr\\\/produit\\\/camelbak-bouteilles-eddy\\\/#primaryimage\"},\"thumbnailUrl\":\"https:\\\/\\\/shop.bantam.ch\\\/wp-content\\\/uploads\\\/2023\\\/03\\\/407-143-9060-111-1.jpg\",\"datePublished\":\"2023-03-22T09:51:30+00:00\",\"dateModified\":\"2026-04-19T22:08:12+00:00\",\"breadcrumb\":{\"@id\":\"https:\\\/\\\/shop.bantam.ch\\\/fr\\\/produit\\\/camelbak-bouteilles-eddy\\\/#breadcrumb\"},\"inLanguage\":\"fr-FR\",\"potentialAction\":[{\"@type\":\"ReadAction\",\"target\":[\"https:\\\/\\\/shop.bantam.ch\\\/fr\\\/produit\\\/camelbak-bouteilles-eddy\\\/\"]}]},{\"@type\":\"ImageObject\",\"inLanguage\":\"fr-FR\",\"@id\":\"https:\\\/\\\/shop.bantam.ch\\\/fr\\\/produit\\\/camelbak-bouteilles-eddy\\\/#primaryimage\",\"url\":\"https:\\\/\\\/shop.bantam.ch\\\/wp-content\\\/uploads\\\/2023\\\/03\\\/407-143-9060-111-1.jpg\",\"contentUrl\":\"https:\\\/\\\/shop.bantam.ch\\\/wp-content\\\/uploads\\\/2023\\\/03\\\/407-143-9060-111-1.jpg\",\"width\":1080,\"height\":1080},{\"@type\":\"BreadcrumbList\",\"@id\":\"https:\\\/\\\/shop.bantam.ch\\\/fr\\\/produit\\\/camelbak-bouteilles-eddy\\\/#breadcrumb\",\"itemListElement\":[{\"@type\":\"ListItem\",\"position\":1,\"name\":\"Accueil\",\"item\":\"https:\\\/\\\/shop.bantam.ch\\\/fr\\\/\"},{\"@type\":\"ListItem\",\"position\":2,\"name\":\"Boutique\",\"item\":\"https:\\\/\\\/shop.bantam.ch\\\/fr\\\/boutique\\\/\"},{\"@type\":\"ListItem\",\"position\":3,\"name\":\"CamelBak\u00ae Bouteilles Eddy+\u00ae\"}]},{\"@type\":\"WebSite\",\"@id\":\"https:\\\/\\\/shop.bantam.ch\\\/fr\\\/#website\",\"url\":\"https:\\\/\\\/shop.bantam.ch\\\/fr\\\/\",\"name\":\"Bantam Wankm\u00fcller SA\",\"description\":\"\",\"publisher\":{\"@id\":\"https:\\\/\\\/shop.bantam.ch\\\/fr\\\/#organization\"},\"inLanguage\":\"fr-FR\"},{\"@type\":\"Organization\",\"@id\":\"https:\\\/\\\/shop.bantam.ch\\\/fr\\\/#organization\",\"name\":\"Bantam Wankm\u00fcller SA\",\"url\":\"https:\\\/\\\/shop.bantam.ch\\\/fr\\\/\",\"logo\":{\"@type\":\"ImageObject\",\"inLanguage\":\"fr-FR\",\"@id\":\"https:\\\/\\\/shop.bantam.ch\\\/fr\\\/#\\\/schema\\\/logo\\\/image\\\/\",\"url\":\"https:\\\/\\\/shop.bantam.ch\\\/wp-content\\\/uploads\\\/2022\\\/12\\\/bantam-logo.png\",\"contentUrl\":\"https:\\\/\\\/shop.bantam.ch\\\/wp-content\\\/uploads\\\/2022\\\/12\\\/bantam-logo.png\",\"width\":320,\"height\":71,\"caption\":\"Bantam Wankm\u00fcller SA\"},\"image\":{\"@id\":\"https:\\\/\\\/shop.bantam.ch\\\/fr\\\/#\\\/schema\\\/logo\\\/image\\\/\"}}]}<\/script>\n<!-- \/ Yoast SEO plugin. -->","yoast_head_json":{"title":"CamelBak\u00ae Bouteilles Eddy+\u00ae - Bantam Wankm\u00fcller SA","robots":{"index":"index","follow":"follow","max-snippet":"max-snippet:-1","max-image-preview":"max-image-preview:large","max-video-preview":"max-video-preview:-1"},"canonical":"https:\/\/shop.bantam.ch\/fr\/produit\/camelbak-bouteilles-eddy\/","og_locale":"fr_FR","og_type":"article","og_title":"CamelBak\u00ae Bouteilles Eddy+\u00ae - Bantam Wankm\u00fcller SA","og_description":"0.6l 25 ?d\u00e9bit en plusOuvrez et buvez, tout simplementEtancheEtanche avec le couvercle ferm\u00e9. Aucun d\u00e9versementavec le couvercle ouvert.Facile \u00e0 transporterPoign\u00e9e \u00e0 deux doigts.Nettoyage facileCouvercle et bouteille vont au lave-vaisselle.Couvercle universelConvient \u00e0 toutes les tailles de bouteilles desgammes Chute Mag et Hot Cap.Exempt de BPA \/ BPS \/ BPF","og_url":"https:\/\/shop.bantam.ch\/fr\/produit\/camelbak-bouteilles-eddy\/","og_site_name":"Bantam Wankm\u00fcller SA","article_modified_time":"2026-04-19T22:08:12+00:00","og_image":[{"width":1080,"height":1080,"url":"https:\/\/shop.bantam.ch\/wp-content\/uploads\/2023\/03\/407-143-9060-111-1.jpg","type":"image\/jpeg"}],"twitter_card":"summary_large_image","schema":{"@context":"https:\/\/schema.org","@graph":[{"@type":"WebPage","@id":"https:\/\/shop.bantam.ch\/fr\/produit\/camelbak-bouteilles-eddy\/","url":"https:\/\/shop.bantam.ch\/fr\/produit\/camelbak-bouteilles-eddy\/","name":"CamelBak\u00ae Bouteilles Eddy+\u00ae - Bantam Wankm\u00fcller SA","isPartOf":{"@id":"https:\/\/shop.bantam.ch\/fr\/#website"},"primaryImageOfPage":{"@id":"https:\/\/shop.bantam.ch\/fr\/produit\/camelbak-bouteilles-eddy\/#primaryimage"},"image":{"@id":"https:\/\/shop.bantam.ch\/fr\/produit\/camelbak-bouteilles-eddy\/#primaryimage"},"thumbnailUrl":"https:\/\/shop.bantam.ch\/wp-content\/uploads\/2023\/03\/407-143-9060-111-1.jpg","datePublished":"2023-03-22T09:51:30+00:00","dateModified":"2026-04-19T22:08:12+00:00","breadcrumb":{"@id":"https:\/\/shop.bantam.ch\/fr\/produit\/camelbak-bouteilles-eddy\/#breadcrumb"},"inLanguage":"fr-FR","potentialAction":[{"@type":"ReadAction","target":["https:\/\/shop.bantam.ch\/fr\/produit\/camelbak-bouteilles-eddy\/"]}]},{"@type":"ImageObject","inLanguage":"fr-FR","@id":"https:\/\/shop.bantam.ch\/fr\/produit\/camelbak-bouteilles-eddy\/#primaryimage","url":"https:\/\/shop.bantam.ch\/wp-content\/uploads\/2023\/03\/407-143-9060-111-1.jpg","contentUrl":"https:\/\/shop.bantam.ch\/wp-content\/uploads\/2023\/03\/407-143-9060-111-1.jpg","width":1080,"height":1080},{"@type":"BreadcrumbList","@id":"https:\/\/shop.bantam.ch\/fr\/produit\/camelbak-bouteilles-eddy\/#breadcrumb","itemListElement":[{"@type":"ListItem","position":1,"name":"Accueil","item":"https:\/\/shop.bantam.ch\/fr\/"},{"@type":"ListItem","position":2,"name":"Boutique","item":"https:\/\/shop.bantam.ch\/fr\/boutique\/"},{"@type":"ListItem","position":3,"name":"CamelBak\u00ae Bouteilles Eddy+\u00ae"}]},{"@type":"WebSite","@id":"https:\/\/shop.bantam.ch\/fr\/#website","url":"https:\/\/shop.bantam.ch\/fr\/","name":"Bantam Wankm\u00fcller SA","description":"","publisher":{"@id":"https:\/\/shop.bantam.ch\/fr\/#organization"},"inLanguage":"fr-FR"},{"@type":"Organization","@id":"https:\/\/shop.bantam.ch\/fr\/#organization","name":"Bantam Wankm\u00fcller SA","url":"https:\/\/shop.bantam.ch\/fr\/","logo":{"@type":"ImageObject","inLanguage":"fr-FR","@id":"https:\/\/shop.bantam.ch\/fr\/#\/schema\/logo\/image\/","url":"https:\/\/shop.bantam.ch\/wp-content\/uploads\/2022\/12\/bantam-logo.png","contentUrl":"https:\/\/shop.bantam.ch\/wp-content\/uploads\/2022\/12\/bantam-logo.png","width":320,"height":71,"caption":"Bantam Wankm\u00fcller SA"},"image":{"@id":"https:\/\/shop.bantam.ch\/fr\/#\/schema\/logo\/image\/"}}]}},"_links":{"self":[{"href":"https:\/\/shop.bantam.ch\/fr\/wp-json\/wp\/v2\/product\/151495","targetHints":{"allow":["GET"]}}],"collection":[{"href":"https:\/\/shop.bantam.ch\/fr\/wp-json\/wp\/v2\/product"}],"about":[{"href":"https:\/\/shop.bantam.ch\/fr\/wp-json\/wp\/v2\/types\/product"}],"wp:featuredmedia":[{"embeddable":true,"href":"https:\/\/shop.bantam.ch\/fr\/wp-json\/wp\/v2\/media\/151489"}],"wp:attachment":[{"href":"https:\/\/shop.bantam.ch\/fr\/wp-json\/wp\/v2\/media?parent=151495"}],"wp:term":[{"taxonomy":"product_featured_cat","embeddable":true,"href":"https:\/\/shop.bantam.ch\/fr\/wp-json\/wp\/v2\/product_featured_cat?post=151495"},{"taxonomy":"product_brand","embeddable":true,"href":"https:\/\/shop.bantam.ch\/fr\/wp-json\/wp\/v2\/product_brand?post=151495"},{"taxonomy":"product_cat","embeddable":true,"href":"https:\/\/shop.bantam.ch\/fr\/wp-json\/wp\/v2\/product_cat?post=151495"},{"taxonomy":"product_tag","embeddable":true,"href":"https:\/\/shop.bantam.ch\/fr\/wp-json\/wp\/v2\/product_tag?post=151495"}],"curies":[{"name":"wp","href":"https:\/\/api.w.org\/{rel}","templated":true}]}}