{"id":151268,"date":"2023-03-21T11:21:03","date_gmt":"2023-03-21T10:21:03","guid":{"rendered":"https:\/\/shop.bantam.ch\/produit\/lumina-lampe-solaire-rechargeable\/"},"modified":"2026-04-20T22:09:14","modified_gmt":"2026-04-20T20:09:14","slug":"lumina-lampe-solaire-rechargeable","status":"publish","type":"product","link":"https:\/\/shop.bantam.ch\/fr\/produit\/lumina-lampe-solaire-rechargeable\/","title":{"rendered":"LUMINA &#8211; Lampe solaire rechargeable"},"content":{"rendered":"<p>Grande lampe de table portable avec panneau solaire. La lampe LED donne une lumi\u00e8re blanche r\u00e9glable (3 positions), de lumi\u00e8re vive \u00e0 une bonne lampe de lecture ou une veilleuse. La lampe peut \u00e9galement \u00eatre utilis\u00e9e comme banque d\u2019alimentation pour charger votre t\u00e9l\u00e9phone. La batterie int\u00e9gr\u00e9e est charg\u00e9e par le panneau solaire sur le dessus ou avec le c\u00e2ble USB. Poign\u00e9e de transport, fond antid\u00e9rapant en caoutchouc.<br \/>\nY compris c\u00e2ble USB.<\/p>\n<ul>\n<li>Mat\u00e9riau: rev\u00eatement en caoutchouc ABS + TPR.<\/li>\n<li>LED: 9 pcs 3030 SMD led, marche \/ gradation \/ arr\u00eat. <\/li>\n<li>Lumen: 600 Lumen. <\/li>\n<li>Batterie: batterie au lithium 3.7V \/ 4400mAh. <\/li>\n<li>Panneau solaire: 6v, 220Ma, 1.3W. <\/li>\n<li>Temps de travail: environ 4 heures avec une lumi\u00e8re \u00e9lev\u00e9e, la lumi\u00e8re s\u2019\u00e9teint automatiquement pour prot\u00e9ger la batterie contre la d\u00e9charge. <\/li>\n<li>Temps de charge: USB 8-10 heures, par solaire env. 15 heures. <\/li>\n<li>Utilisation: haute 4-5 heures, basse 6-7 heures.  <\/li>\n<li>Taille: 12x12x24cm. <\/li>\n<\/ul>\n","protected":false},"excerpt":{"rendered":"<p>Grande lampe de table portable avec panneau solaire. La lampe LED donne une lumi\u00e8re blanche r\u00e9glable (3 positions), de lumi\u00e8re vive \u00e0 une bonne lampe de lecture ou une veilleuse. La lampe peut \u00e9galement \u00eatre utilis\u00e9e comme banque d\u2019alimentation pour charger votre t\u00e9l\u00e9phone. La batterie int\u00e9gr\u00e9e est charg\u00e9e par le panneau solaire sur le dessus [&hellip;]<\/p>\n","protected":false},"featured_media":151264,"template":"","meta":{"_acf_changed":false},"product_featured_cat":[],"product_brand":[3074],"product_cat":[4361],"product_tag":[],"class_list":{"0":"post-151268","1":"product","2":"type-product","3":"status-publish","4":"has-post-thumbnail","6":"product_brand-eurotrail","7":"product_cat-lampes-a-piles-et-rechargeables","9":"first","10":"instock","11":"taxable","12":"shipping-taxable","13":"purchasable","14":"product-type-simple"},"acf":[],"yoast_head":"<!-- This site is optimized with the Yoast SEO plugin v27.4 - https:\/\/yoast.com\/product\/yoast-seo-wordpress\/ -->\n<title>LUMINA - Lampe solaire rechargeable - Bantam Wankm\u00fcller SA<\/title>\n<meta name=\"robots\" content=\"index, follow, max-snippet:-1, max-image-preview:large, max-video-preview:-1\" \/>\n<link rel=\"canonical\" href=\"https:\/\/shop.bantam.ch\/fr\/produit\/lumina-lampe-solaire-rechargeable\/\" \/>\n<meta property=\"og:locale\" content=\"fr_FR\" \/>\n<meta property=\"og:type\" content=\"article\" \/>\n<meta property=\"og:title\" content=\"LUMINA - Lampe solaire rechargeable - Bantam Wankm\u00fcller SA\" \/>\n<meta property=\"og:description\" content=\"Grande lampe de table portable avec panneau solaire. La lampe LED donne une lumi\u00e8re blanche r\u00e9glable (3 positions), de lumi\u00e8re vive \u00e0 une bonne lampe de lecture ou une veilleuse. La lampe peut \u00e9galement \u00eatre utilis\u00e9e comme banque d\u2019alimentation pour charger votre t\u00e9l\u00e9phone. La batterie int\u00e9gr\u00e9e est charg\u00e9e par le panneau solaire sur le dessus [&hellip;]\" \/>\n<meta property=\"og:url\" content=\"https:\/\/shop.bantam.ch\/fr\/produit\/lumina-lampe-solaire-rechargeable\/\" \/>\n<meta property=\"og:site_name\" content=\"Bantam Wankm\u00fcller SA\" \/>\n<meta property=\"article:modified_time\" content=\"2026-04-20T20:09:14+00:00\" \/>\n<meta property=\"og:image\" content=\"https:\/\/shop.bantam.ch\/wp-content\/uploads\/2023\/03\/766230031.jpg\" \/>\n\t<meta property=\"og:image:width\" content=\"878\" \/>\n\t<meta property=\"og:image:height\" content=\"1087\" \/>\n\t<meta property=\"og:image:type\" content=\"image\/jpeg\" \/>\n<meta name=\"twitter:card\" content=\"summary_large_image\" \/>\n<meta name=\"twitter:label1\" content=\"Dur\u00e9e de lecture estim\u00e9e\" \/>\n\t<meta name=\"twitter:data1\" content=\"1 minute\" \/>\n<script type=\"application\/ld+json\" class=\"yoast-schema-graph\">{\"@context\":\"https:\\\/\\\/schema.org\",\"@graph\":[{\"@type\":\"WebPage\",\"@id\":\"https:\\\/\\\/shop.bantam.ch\\\/fr\\\/produit\\\/lumina-lampe-solaire-rechargeable\\\/\",\"url\":\"https:\\\/\\\/shop.bantam.ch\\\/fr\\\/produit\\\/lumina-lampe-solaire-rechargeable\\\/\",\"name\":\"LUMINA - Lampe solaire rechargeable - Bantam Wankm\u00fcller SA\",\"isPartOf\":{\"@id\":\"https:\\\/\\\/shop.bantam.ch\\\/fr\\\/#website\"},\"primaryImageOfPage\":{\"@id\":\"https:\\\/\\\/shop.bantam.ch\\\/fr\\\/produit\\\/lumina-lampe-solaire-rechargeable\\\/#primaryimage\"},\"image\":{\"@id\":\"https:\\\/\\\/shop.bantam.ch\\\/fr\\\/produit\\\/lumina-lampe-solaire-rechargeable\\\/#primaryimage\"},\"thumbnailUrl\":\"https:\\\/\\\/shop.bantam.ch\\\/wp-content\\\/uploads\\\/2023\\\/03\\\/766230031.jpg\",\"datePublished\":\"2023-03-21T10:21:03+00:00\",\"dateModified\":\"2026-04-20T20:09:14+00:00\",\"breadcrumb\":{\"@id\":\"https:\\\/\\\/shop.bantam.ch\\\/fr\\\/produit\\\/lumina-lampe-solaire-rechargeable\\\/#breadcrumb\"},\"inLanguage\":\"fr-FR\",\"potentialAction\":[{\"@type\":\"ReadAction\",\"target\":[\"https:\\\/\\\/shop.bantam.ch\\\/fr\\\/produit\\\/lumina-lampe-solaire-rechargeable\\\/\"]}]},{\"@type\":\"ImageObject\",\"inLanguage\":\"fr-FR\",\"@id\":\"https:\\\/\\\/shop.bantam.ch\\\/fr\\\/produit\\\/lumina-lampe-solaire-rechargeable\\\/#primaryimage\",\"url\":\"https:\\\/\\\/shop.bantam.ch\\\/wp-content\\\/uploads\\\/2023\\\/03\\\/766230031.jpg\",\"contentUrl\":\"https:\\\/\\\/shop.bantam.ch\\\/wp-content\\\/uploads\\\/2023\\\/03\\\/766230031.jpg\",\"width\":878,\"height\":1087},{\"@type\":\"BreadcrumbList\",\"@id\":\"https:\\\/\\\/shop.bantam.ch\\\/fr\\\/produit\\\/lumina-lampe-solaire-rechargeable\\\/#breadcrumb\",\"itemListElement\":[{\"@type\":\"ListItem\",\"position\":1,\"name\":\"Accueil\",\"item\":\"https:\\\/\\\/shop.bantam.ch\\\/fr\\\/\"},{\"@type\":\"ListItem\",\"position\":2,\"name\":\"Boutique\",\"item\":\"https:\\\/\\\/shop.bantam.ch\\\/fr\\\/boutique\\\/\"},{\"@type\":\"ListItem\",\"position\":3,\"name\":\"LUMINA &#8211; Lampe solaire rechargeable\"}]},{\"@type\":\"WebSite\",\"@id\":\"https:\\\/\\\/shop.bantam.ch\\\/fr\\\/#website\",\"url\":\"https:\\\/\\\/shop.bantam.ch\\\/fr\\\/\",\"name\":\"Bantam Wankm\u00fcller SA\",\"description\":\"\",\"publisher\":{\"@id\":\"https:\\\/\\\/shop.bantam.ch\\\/fr\\\/#organization\"},\"inLanguage\":\"fr-FR\"},{\"@type\":\"Organization\",\"@id\":\"https:\\\/\\\/shop.bantam.ch\\\/fr\\\/#organization\",\"name\":\"Bantam Wankm\u00fcller SA\",\"url\":\"https:\\\/\\\/shop.bantam.ch\\\/fr\\\/\",\"logo\":{\"@type\":\"ImageObject\",\"inLanguage\":\"fr-FR\",\"@id\":\"https:\\\/\\\/shop.bantam.ch\\\/fr\\\/#\\\/schema\\\/logo\\\/image\\\/\",\"url\":\"https:\\\/\\\/shop.bantam.ch\\\/wp-content\\\/uploads\\\/2022\\\/12\\\/bantam-logo.png\",\"contentUrl\":\"https:\\\/\\\/shop.bantam.ch\\\/wp-content\\\/uploads\\\/2022\\\/12\\\/bantam-logo.png\",\"width\":320,\"height\":71,\"caption\":\"Bantam Wankm\u00fcller SA\"},\"image\":{\"@id\":\"https:\\\/\\\/shop.bantam.ch\\\/fr\\\/#\\\/schema\\\/logo\\\/image\\\/\"}}]}<\/script>\n<!-- \/ Yoast SEO plugin. -->","yoast_head_json":{"title":"LUMINA - Lampe solaire rechargeable - Bantam Wankm\u00fcller SA","robots":{"index":"index","follow":"follow","max-snippet":"max-snippet:-1","max-image-preview":"max-image-preview:large","max-video-preview":"max-video-preview:-1"},"canonical":"https:\/\/shop.bantam.ch\/fr\/produit\/lumina-lampe-solaire-rechargeable\/","og_locale":"fr_FR","og_type":"article","og_title":"LUMINA - Lampe solaire rechargeable - Bantam Wankm\u00fcller SA","og_description":"Grande lampe de table portable avec panneau solaire. La lampe LED donne une lumi\u00e8re blanche r\u00e9glable (3 positions), de lumi\u00e8re vive \u00e0 une bonne lampe de lecture ou une veilleuse. La lampe peut \u00e9galement \u00eatre utilis\u00e9e comme banque d\u2019alimentation pour charger votre t\u00e9l\u00e9phone. La batterie int\u00e9gr\u00e9e est charg\u00e9e par le panneau solaire sur le dessus [&hellip;]","og_url":"https:\/\/shop.bantam.ch\/fr\/produit\/lumina-lampe-solaire-rechargeable\/","og_site_name":"Bantam Wankm\u00fcller SA","article_modified_time":"2026-04-20T20:09:14+00:00","og_image":[{"width":878,"height":1087,"url":"https:\/\/shop.bantam.ch\/wp-content\/uploads\/2023\/03\/766230031.jpg","type":"image\/jpeg"}],"twitter_card":"summary_large_image","twitter_misc":{"Dur\u00e9e de lecture estim\u00e9e":"1 minute"},"schema":{"@context":"https:\/\/schema.org","@graph":[{"@type":"WebPage","@id":"https:\/\/shop.bantam.ch\/fr\/produit\/lumina-lampe-solaire-rechargeable\/","url":"https:\/\/shop.bantam.ch\/fr\/produit\/lumina-lampe-solaire-rechargeable\/","name":"LUMINA - Lampe solaire rechargeable - Bantam Wankm\u00fcller SA","isPartOf":{"@id":"https:\/\/shop.bantam.ch\/fr\/#website"},"primaryImageOfPage":{"@id":"https:\/\/shop.bantam.ch\/fr\/produit\/lumina-lampe-solaire-rechargeable\/#primaryimage"},"image":{"@id":"https:\/\/shop.bantam.ch\/fr\/produit\/lumina-lampe-solaire-rechargeable\/#primaryimage"},"thumbnailUrl":"https:\/\/shop.bantam.ch\/wp-content\/uploads\/2023\/03\/766230031.jpg","datePublished":"2023-03-21T10:21:03+00:00","dateModified":"2026-04-20T20:09:14+00:00","breadcrumb":{"@id":"https:\/\/shop.bantam.ch\/fr\/produit\/lumina-lampe-solaire-rechargeable\/#breadcrumb"},"inLanguage":"fr-FR","potentialAction":[{"@type":"ReadAction","target":["https:\/\/shop.bantam.ch\/fr\/produit\/lumina-lampe-solaire-rechargeable\/"]}]},{"@type":"ImageObject","inLanguage":"fr-FR","@id":"https:\/\/shop.bantam.ch\/fr\/produit\/lumina-lampe-solaire-rechargeable\/#primaryimage","url":"https:\/\/shop.bantam.ch\/wp-content\/uploads\/2023\/03\/766230031.jpg","contentUrl":"https:\/\/shop.bantam.ch\/wp-content\/uploads\/2023\/03\/766230031.jpg","width":878,"height":1087},{"@type":"BreadcrumbList","@id":"https:\/\/shop.bantam.ch\/fr\/produit\/lumina-lampe-solaire-rechargeable\/#breadcrumb","itemListElement":[{"@type":"ListItem","position":1,"name":"Accueil","item":"https:\/\/shop.bantam.ch\/fr\/"},{"@type":"ListItem","position":2,"name":"Boutique","item":"https:\/\/shop.bantam.ch\/fr\/boutique\/"},{"@type":"ListItem","position":3,"name":"LUMINA &#8211; Lampe solaire rechargeable"}]},{"@type":"WebSite","@id":"https:\/\/shop.bantam.ch\/fr\/#website","url":"https:\/\/shop.bantam.ch\/fr\/","name":"Bantam Wankm\u00fcller SA","description":"","publisher":{"@id":"https:\/\/shop.bantam.ch\/fr\/#organization"},"inLanguage":"fr-FR"},{"@type":"Organization","@id":"https:\/\/shop.bantam.ch\/fr\/#organization","name":"Bantam Wankm\u00fcller SA","url":"https:\/\/shop.bantam.ch\/fr\/","logo":{"@type":"ImageObject","inLanguage":"fr-FR","@id":"https:\/\/shop.bantam.ch\/fr\/#\/schema\/logo\/image\/","url":"https:\/\/shop.bantam.ch\/wp-content\/uploads\/2022\/12\/bantam-logo.png","contentUrl":"https:\/\/shop.bantam.ch\/wp-content\/uploads\/2022\/12\/bantam-logo.png","width":320,"height":71,"caption":"Bantam Wankm\u00fcller SA"},"image":{"@id":"https:\/\/shop.bantam.ch\/fr\/#\/schema\/logo\/image\/"}}]}},"_links":{"self":[{"href":"https:\/\/shop.bantam.ch\/fr\/wp-json\/wp\/v2\/product\/151268","targetHints":{"allow":["GET"]}}],"collection":[{"href":"https:\/\/shop.bantam.ch\/fr\/wp-json\/wp\/v2\/product"}],"about":[{"href":"https:\/\/shop.bantam.ch\/fr\/wp-json\/wp\/v2\/types\/product"}],"wp:featuredmedia":[{"embeddable":true,"href":"https:\/\/shop.bantam.ch\/fr\/wp-json\/wp\/v2\/media\/151264"}],"wp:attachment":[{"href":"https:\/\/shop.bantam.ch\/fr\/wp-json\/wp\/v2\/media?parent=151268"}],"wp:term":[{"taxonomy":"product_featured_cat","embeddable":true,"href":"https:\/\/shop.bantam.ch\/fr\/wp-json\/wp\/v2\/product_featured_cat?post=151268"},{"taxonomy":"product_brand","embeddable":true,"href":"https:\/\/shop.bantam.ch\/fr\/wp-json\/wp\/v2\/product_brand?post=151268"},{"taxonomy":"product_cat","embeddable":true,"href":"https:\/\/shop.bantam.ch\/fr\/wp-json\/wp\/v2\/product_cat?post=151268"},{"taxonomy":"product_tag","embeddable":true,"href":"https:\/\/shop.bantam.ch\/fr\/wp-json\/wp\/v2\/product_tag?post=151268"}],"curies":[{"name":"wp","href":"https:\/\/api.w.org\/{rel}","templated":true}]}}