{"id":151240,"date":"2023-03-21T10:59:40","date_gmt":"2023-03-21T09:59:40","guid":{"rendered":"https:\/\/shop.bantam.ch\/produit\/allemagne-du-nord-1500-000\/"},"modified":"2026-04-17T22:07:17","modified_gmt":"2026-04-17T20:07:17","slug":"allemagne-du-nord-1500-000","status":"publish","type":"product","link":"https:\/\/shop.bantam.ch\/fr\/produit\/allemagne-du-nord-1500-000\/","title":{"rendered":"Allemagne du Nord 1:500 000"},"content":{"rendered":"<p>Les cartes routi\u00e8res bleues Les cartes routi\u00e8res K\u00fcmmerly+Frey sont de pr\u00e9cieux outils de planification, de rep\u00e9rage et d&rsquo;orientation. Les \u00ab\u00a0Bleues\u00a0\u00bb, comme nous les appelons, se distinguent par leur pr\u00e9sentation claire et leur pr\u00e9cision cartographique. L&rsquo;assortiment comporte plus de 100 cartes routi\u00e8res et de voyage actuelles. toutes nos cartes routi\u00e8res ont cependant un point commun: la qualit\u00e9 suisse de haut niveau. Planifiez et voyagez avec les cartes routi\u00e8res bleues K\u00fcmmerly+Frey et vous serez surpris de voir de nouveaux horizons s&rsquo;ouvrir \u00e0 vous. Echelle:<\/p>\n","protected":false},"excerpt":{"rendered":"<p>Les cartes routi\u00e8res bleues Les cartes routi\u00e8res K\u00fcmmerly+Frey sont de pr\u00e9cieux outils de planification, de rep\u00e9rage et d&rsquo;orientation. Les \u00ab\u00a0Bleues\u00a0\u00bb, comme nous les appelons, se distinguent par leur pr\u00e9sentation claire et leur pr\u00e9cision cartographique. L&rsquo;assortiment comporte plus de 100 cartes routi\u00e8res et de voyage actuelles. toutes nos cartes routi\u00e8res ont cependant un point commun: la [&hellip;]<\/p>\n","protected":false},"featured_media":151238,"template":"","meta":{"_acf_changed":false},"product_featured_cat":[],"product_brand":[3692],"product_cat":[4351],"product_tag":[],"class_list":{"0":"post-151240","1":"product","2":"type-product","3":"status-publish","4":"has-post-thumbnail","6":"product_brand-kummerly-frey","7":"product_cat-guides-de-voyage","9":"first","10":"instock","11":"taxable","12":"shipping-taxable","13":"purchasable","14":"product-type-simple"},"acf":[],"yoast_head":"<!-- This site is optimized with the Yoast SEO plugin v27.4 - https:\/\/yoast.com\/product\/yoast-seo-wordpress\/ -->\n<title>Allemagne du Nord 1:500 000 - Bantam Wankm\u00fcller SA<\/title>\n<meta name=\"robots\" content=\"index, follow, max-snippet:-1, max-image-preview:large, max-video-preview:-1\" \/>\n<link rel=\"canonical\" href=\"https:\/\/shop.bantam.ch\/fr\/produit\/allemagne-du-nord-1500-000\/\" \/>\n<meta property=\"og:locale\" content=\"fr_FR\" \/>\n<meta property=\"og:type\" content=\"article\" \/>\n<meta property=\"og:title\" content=\"Allemagne du Nord 1:500 000 - Bantam Wankm\u00fcller SA\" \/>\n<meta property=\"og:description\" content=\"Les cartes routi\u00e8res bleues Les cartes routi\u00e8res K\u00fcmmerly+Frey sont de pr\u00e9cieux outils de planification, de rep\u00e9rage et d&rsquo;orientation. Les \u00ab\u00a0Bleues\u00a0\u00bb, comme nous les appelons, se distinguent par leur pr\u00e9sentation claire et leur pr\u00e9cision cartographique. L&rsquo;assortiment comporte plus de 100 cartes routi\u00e8res et de voyage actuelles. toutes nos cartes routi\u00e8res ont cependant un point commun: la [&hellip;]\" \/>\n<meta property=\"og:url\" content=\"https:\/\/shop.bantam.ch\/fr\/produit\/allemagne-du-nord-1500-000\/\" \/>\n<meta property=\"og:site_name\" content=\"Bantam Wankm\u00fcller SA\" \/>\n<meta property=\"article:modified_time\" content=\"2026-04-17T20:07:17+00:00\" \/>\n<meta property=\"og:image\" content=\"https:\/\/shop.bantam.ch\/wp-content\/uploads\/2023\/03\/499230041.jpg\" \/>\n\t<meta property=\"og:image:width\" content=\"142\" \/>\n\t<meta property=\"og:image:height\" content=\"271\" \/>\n\t<meta property=\"og:image:type\" content=\"image\/jpeg\" \/>\n<meta name=\"twitter:card\" content=\"summary_large_image\" \/>\n<script type=\"application\/ld+json\" class=\"yoast-schema-graph\">{\"@context\":\"https:\\\/\\\/schema.org\",\"@graph\":[{\"@type\":\"WebPage\",\"@id\":\"https:\\\/\\\/shop.bantam.ch\\\/fr\\\/produit\\\/allemagne-du-nord-1500-000\\\/\",\"url\":\"https:\\\/\\\/shop.bantam.ch\\\/fr\\\/produit\\\/allemagne-du-nord-1500-000\\\/\",\"name\":\"Allemagne du Nord 1:500 000 - Bantam Wankm\u00fcller SA\",\"isPartOf\":{\"@id\":\"https:\\\/\\\/shop.bantam.ch\\\/fr\\\/#website\"},\"primaryImageOfPage\":{\"@id\":\"https:\\\/\\\/shop.bantam.ch\\\/fr\\\/produit\\\/allemagne-du-nord-1500-000\\\/#primaryimage\"},\"image\":{\"@id\":\"https:\\\/\\\/shop.bantam.ch\\\/fr\\\/produit\\\/allemagne-du-nord-1500-000\\\/#primaryimage\"},\"thumbnailUrl\":\"https:\\\/\\\/shop.bantam.ch\\\/wp-content\\\/uploads\\\/2023\\\/03\\\/499230041.jpg\",\"datePublished\":\"2023-03-21T09:59:40+00:00\",\"dateModified\":\"2026-04-17T20:07:17+00:00\",\"breadcrumb\":{\"@id\":\"https:\\\/\\\/shop.bantam.ch\\\/fr\\\/produit\\\/allemagne-du-nord-1500-000\\\/#breadcrumb\"},\"inLanguage\":\"fr-FR\",\"potentialAction\":[{\"@type\":\"ReadAction\",\"target\":[\"https:\\\/\\\/shop.bantam.ch\\\/fr\\\/produit\\\/allemagne-du-nord-1500-000\\\/\"]}]},{\"@type\":\"ImageObject\",\"inLanguage\":\"fr-FR\",\"@id\":\"https:\\\/\\\/shop.bantam.ch\\\/fr\\\/produit\\\/allemagne-du-nord-1500-000\\\/#primaryimage\",\"url\":\"https:\\\/\\\/shop.bantam.ch\\\/wp-content\\\/uploads\\\/2023\\\/03\\\/499230041.jpg\",\"contentUrl\":\"https:\\\/\\\/shop.bantam.ch\\\/wp-content\\\/uploads\\\/2023\\\/03\\\/499230041.jpg\",\"width\":142,\"height\":271},{\"@type\":\"BreadcrumbList\",\"@id\":\"https:\\\/\\\/shop.bantam.ch\\\/fr\\\/produit\\\/allemagne-du-nord-1500-000\\\/#breadcrumb\",\"itemListElement\":[{\"@type\":\"ListItem\",\"position\":1,\"name\":\"Accueil\",\"item\":\"https:\\\/\\\/shop.bantam.ch\\\/fr\\\/\"},{\"@type\":\"ListItem\",\"position\":2,\"name\":\"Boutique\",\"item\":\"https:\\\/\\\/shop.bantam.ch\\\/fr\\\/boutique\\\/\"},{\"@type\":\"ListItem\",\"position\":3,\"name\":\"Allemagne du Nord 1:500 000\"}]},{\"@type\":\"WebSite\",\"@id\":\"https:\\\/\\\/shop.bantam.ch\\\/fr\\\/#website\",\"url\":\"https:\\\/\\\/shop.bantam.ch\\\/fr\\\/\",\"name\":\"Bantam Wankm\u00fcller SA\",\"description\":\"\",\"publisher\":{\"@id\":\"https:\\\/\\\/shop.bantam.ch\\\/fr\\\/#organization\"},\"inLanguage\":\"fr-FR\"},{\"@type\":\"Organization\",\"@id\":\"https:\\\/\\\/shop.bantam.ch\\\/fr\\\/#organization\",\"name\":\"Bantam Wankm\u00fcller SA\",\"url\":\"https:\\\/\\\/shop.bantam.ch\\\/fr\\\/\",\"logo\":{\"@type\":\"ImageObject\",\"inLanguage\":\"fr-FR\",\"@id\":\"https:\\\/\\\/shop.bantam.ch\\\/fr\\\/#\\\/schema\\\/logo\\\/image\\\/\",\"url\":\"https:\\\/\\\/shop.bantam.ch\\\/wp-content\\\/uploads\\\/2022\\\/12\\\/bantam-logo.png\",\"contentUrl\":\"https:\\\/\\\/shop.bantam.ch\\\/wp-content\\\/uploads\\\/2022\\\/12\\\/bantam-logo.png\",\"width\":320,\"height\":71,\"caption\":\"Bantam Wankm\u00fcller SA\"},\"image\":{\"@id\":\"https:\\\/\\\/shop.bantam.ch\\\/fr\\\/#\\\/schema\\\/logo\\\/image\\\/\"}}]}<\/script>\n<!-- \/ Yoast SEO plugin. -->","yoast_head_json":{"title":"Allemagne du Nord 1:500 000 - Bantam Wankm\u00fcller SA","robots":{"index":"index","follow":"follow","max-snippet":"max-snippet:-1","max-image-preview":"max-image-preview:large","max-video-preview":"max-video-preview:-1"},"canonical":"https:\/\/shop.bantam.ch\/fr\/produit\/allemagne-du-nord-1500-000\/","og_locale":"fr_FR","og_type":"article","og_title":"Allemagne du Nord 1:500 000 - Bantam Wankm\u00fcller SA","og_description":"Les cartes routi\u00e8res bleues Les cartes routi\u00e8res K\u00fcmmerly+Frey sont de pr\u00e9cieux outils de planification, de rep\u00e9rage et d&rsquo;orientation. Les \u00ab\u00a0Bleues\u00a0\u00bb, comme nous les appelons, se distinguent par leur pr\u00e9sentation claire et leur pr\u00e9cision cartographique. L&rsquo;assortiment comporte plus de 100 cartes routi\u00e8res et de voyage actuelles. toutes nos cartes routi\u00e8res ont cependant un point commun: la [&hellip;]","og_url":"https:\/\/shop.bantam.ch\/fr\/produit\/allemagne-du-nord-1500-000\/","og_site_name":"Bantam Wankm\u00fcller SA","article_modified_time":"2026-04-17T20:07:17+00:00","og_image":[{"width":142,"height":271,"url":"https:\/\/shop.bantam.ch\/wp-content\/uploads\/2023\/03\/499230041.jpg","type":"image\/jpeg"}],"twitter_card":"summary_large_image","schema":{"@context":"https:\/\/schema.org","@graph":[{"@type":"WebPage","@id":"https:\/\/shop.bantam.ch\/fr\/produit\/allemagne-du-nord-1500-000\/","url":"https:\/\/shop.bantam.ch\/fr\/produit\/allemagne-du-nord-1500-000\/","name":"Allemagne du Nord 1:500 000 - Bantam Wankm\u00fcller SA","isPartOf":{"@id":"https:\/\/shop.bantam.ch\/fr\/#website"},"primaryImageOfPage":{"@id":"https:\/\/shop.bantam.ch\/fr\/produit\/allemagne-du-nord-1500-000\/#primaryimage"},"image":{"@id":"https:\/\/shop.bantam.ch\/fr\/produit\/allemagne-du-nord-1500-000\/#primaryimage"},"thumbnailUrl":"https:\/\/shop.bantam.ch\/wp-content\/uploads\/2023\/03\/499230041.jpg","datePublished":"2023-03-21T09:59:40+00:00","dateModified":"2026-04-17T20:07:17+00:00","breadcrumb":{"@id":"https:\/\/shop.bantam.ch\/fr\/produit\/allemagne-du-nord-1500-000\/#breadcrumb"},"inLanguage":"fr-FR","potentialAction":[{"@type":"ReadAction","target":["https:\/\/shop.bantam.ch\/fr\/produit\/allemagne-du-nord-1500-000\/"]}]},{"@type":"ImageObject","inLanguage":"fr-FR","@id":"https:\/\/shop.bantam.ch\/fr\/produit\/allemagne-du-nord-1500-000\/#primaryimage","url":"https:\/\/shop.bantam.ch\/wp-content\/uploads\/2023\/03\/499230041.jpg","contentUrl":"https:\/\/shop.bantam.ch\/wp-content\/uploads\/2023\/03\/499230041.jpg","width":142,"height":271},{"@type":"BreadcrumbList","@id":"https:\/\/shop.bantam.ch\/fr\/produit\/allemagne-du-nord-1500-000\/#breadcrumb","itemListElement":[{"@type":"ListItem","position":1,"name":"Accueil","item":"https:\/\/shop.bantam.ch\/fr\/"},{"@type":"ListItem","position":2,"name":"Boutique","item":"https:\/\/shop.bantam.ch\/fr\/boutique\/"},{"@type":"ListItem","position":3,"name":"Allemagne du Nord 1:500 000"}]},{"@type":"WebSite","@id":"https:\/\/shop.bantam.ch\/fr\/#website","url":"https:\/\/shop.bantam.ch\/fr\/","name":"Bantam Wankm\u00fcller SA","description":"","publisher":{"@id":"https:\/\/shop.bantam.ch\/fr\/#organization"},"inLanguage":"fr-FR"},{"@type":"Organization","@id":"https:\/\/shop.bantam.ch\/fr\/#organization","name":"Bantam Wankm\u00fcller SA","url":"https:\/\/shop.bantam.ch\/fr\/","logo":{"@type":"ImageObject","inLanguage":"fr-FR","@id":"https:\/\/shop.bantam.ch\/fr\/#\/schema\/logo\/image\/","url":"https:\/\/shop.bantam.ch\/wp-content\/uploads\/2022\/12\/bantam-logo.png","contentUrl":"https:\/\/shop.bantam.ch\/wp-content\/uploads\/2022\/12\/bantam-logo.png","width":320,"height":71,"caption":"Bantam Wankm\u00fcller SA"},"image":{"@id":"https:\/\/shop.bantam.ch\/fr\/#\/schema\/logo\/image\/"}}]}},"_links":{"self":[{"href":"https:\/\/shop.bantam.ch\/fr\/wp-json\/wp\/v2\/product\/151240","targetHints":{"allow":["GET"]}}],"collection":[{"href":"https:\/\/shop.bantam.ch\/fr\/wp-json\/wp\/v2\/product"}],"about":[{"href":"https:\/\/shop.bantam.ch\/fr\/wp-json\/wp\/v2\/types\/product"}],"wp:featuredmedia":[{"embeddable":true,"href":"https:\/\/shop.bantam.ch\/fr\/wp-json\/wp\/v2\/media\/151238"}],"wp:attachment":[{"href":"https:\/\/shop.bantam.ch\/fr\/wp-json\/wp\/v2\/media?parent=151240"}],"wp:term":[{"taxonomy":"product_featured_cat","embeddable":true,"href":"https:\/\/shop.bantam.ch\/fr\/wp-json\/wp\/v2\/product_featured_cat?post=151240"},{"taxonomy":"product_brand","embeddable":true,"href":"https:\/\/shop.bantam.ch\/fr\/wp-json\/wp\/v2\/product_brand?post=151240"},{"taxonomy":"product_cat","embeddable":true,"href":"https:\/\/shop.bantam.ch\/fr\/wp-json\/wp\/v2\/product_cat?post=151240"},{"taxonomy":"product_tag","embeddable":true,"href":"https:\/\/shop.bantam.ch\/fr\/wp-json\/wp\/v2\/product_tag?post=151240"}],"curies":[{"name":"wp","href":"https:\/\/api.w.org\/{rel}","templated":true}]}}