{"id":151225,"date":"2023-03-20T18:19:44","date_gmt":"2023-03-20T17:19:44","guid":{"rendered":"https:\/\/shop.bantam.ch\/produit\/03-suede-du-sud-est\/"},"modified":"2026-04-17T22:07:16","modified_gmt":"2026-04-17T20:07:16","slug":"03-suede-du-sud-est","status":"publish","type":"product","link":"https:\/\/shop.bantam.ch\/fr\/produit\/03-suede-du-sud-est\/","title":{"rendered":"03. Su\u00e8de du Sud (Est)"},"content":{"rendered":"<p>Pour une orientation optimale &#8211; les cartes r\u00e9gionales. Avec les cartes r\u00e9gionales K\u00fcmmerly+Frey, vous ne jouerez plus les touristes pendant vos vacances. Vous savez toujours o\u00f9 vous \u00eates et combien de kilom\u00e8tres vous avez \u00e0 parcourir pour vous rendre sur le lieu que vous d\u00e9sirez visiter. Les cartes r\u00e9gionales sont \u00e9dit\u00e9es sous licence par des sp\u00e9cialistes renomm\u00e9s de l&rsquo;\u00e9dition cartographique. Elles sont disponibles pour les pays suivants&nbsp;: Allemagne, Autriche, Italie, France, Grande-Bretagne, Espagne\/Portugal, Norv\u00e8ge,  Su\u00e8de et Danemark.<\/p>\n","protected":false},"excerpt":{"rendered":"<p>Pour une orientation optimale &#8211; les cartes r\u00e9gionales. Avec les cartes r\u00e9gionales K\u00fcmmerly+Frey, vous ne jouerez plus les touristes pendant vos vacances. Vous savez toujours o\u00f9 vous \u00eates et combien de kilom\u00e8tres vous avez \u00e0 parcourir pour vous rendre sur le lieu que vous d\u00e9sirez visiter. Les cartes r\u00e9gionales sont \u00e9dit\u00e9es sous licence par des [&hellip;]<\/p>\n","protected":false},"featured_media":151223,"template":"","meta":{"_acf_changed":false},"product_featured_cat":[],"product_brand":[3692],"product_cat":[4351],"product_tag":[],"class_list":{"0":"post-151225","1":"product","2":"type-product","3":"status-publish","4":"has-post-thumbnail","6":"product_brand-kummerly-frey","7":"product_cat-guides-de-voyage","9":"first","10":"instock","11":"taxable","12":"shipping-taxable","13":"purchasable","14":"product-type-simple"},"acf":[],"yoast_head":"<!-- This site is optimized with the Yoast SEO plugin v27.4 - https:\/\/yoast.com\/product\/yoast-seo-wordpress\/ -->\n<title>03. Su\u00e8de du Sud (Est) - Bantam Wankm\u00fcller SA<\/title>\n<meta name=\"robots\" content=\"index, follow, max-snippet:-1, max-image-preview:large, max-video-preview:-1\" \/>\n<link rel=\"canonical\" href=\"https:\/\/shop.bantam.ch\/fr\/produit\/03-suede-du-sud-est\/\" \/>\n<meta property=\"og:locale\" content=\"fr_FR\" \/>\n<meta property=\"og:type\" content=\"article\" \/>\n<meta property=\"og:title\" content=\"03. Su\u00e8de du Sud (Est) - Bantam Wankm\u00fcller SA\" \/>\n<meta property=\"og:description\" content=\"Pour une orientation optimale &#8211; les cartes r\u00e9gionales. Avec les cartes r\u00e9gionales K\u00fcmmerly+Frey, vous ne jouerez plus les touristes pendant vos vacances. Vous savez toujours o\u00f9 vous \u00eates et combien de kilom\u00e8tres vous avez \u00e0 parcourir pour vous rendre sur le lieu que vous d\u00e9sirez visiter. Les cartes r\u00e9gionales sont \u00e9dit\u00e9es sous licence par des [&hellip;]\" \/>\n<meta property=\"og:url\" content=\"https:\/\/shop.bantam.ch\/fr\/produit\/03-suede-du-sud-est\/\" \/>\n<meta property=\"og:site_name\" content=\"Bantam Wankm\u00fcller SA\" \/>\n<meta property=\"article:modified_time\" content=\"2026-04-17T20:07:16+00:00\" \/>\n<meta property=\"og:image\" content=\"https:\/\/shop.bantam.ch\/wp-content\/uploads\/2023\/03\/499230021.jpg\" \/>\n\t<meta property=\"og:image:width\" content=\"423\" \/>\n\t<meta property=\"og:image:height\" content=\"815\" \/>\n\t<meta property=\"og:image:type\" content=\"image\/jpeg\" \/>\n<meta name=\"twitter:card\" content=\"summary_large_image\" \/>\n<script type=\"application\/ld+json\" class=\"yoast-schema-graph\">{\"@context\":\"https:\\\/\\\/schema.org\",\"@graph\":[{\"@type\":\"WebPage\",\"@id\":\"https:\\\/\\\/shop.bantam.ch\\\/fr\\\/produit\\\/03-suede-du-sud-est\\\/\",\"url\":\"https:\\\/\\\/shop.bantam.ch\\\/fr\\\/produit\\\/03-suede-du-sud-est\\\/\",\"name\":\"03. Su\u00e8de du Sud (Est) - Bantam Wankm\u00fcller SA\",\"isPartOf\":{\"@id\":\"https:\\\/\\\/shop.bantam.ch\\\/fr\\\/#website\"},\"primaryImageOfPage\":{\"@id\":\"https:\\\/\\\/shop.bantam.ch\\\/fr\\\/produit\\\/03-suede-du-sud-est\\\/#primaryimage\"},\"image\":{\"@id\":\"https:\\\/\\\/shop.bantam.ch\\\/fr\\\/produit\\\/03-suede-du-sud-est\\\/#primaryimage\"},\"thumbnailUrl\":\"https:\\\/\\\/shop.bantam.ch\\\/wp-content\\\/uploads\\\/2023\\\/03\\\/499230021.jpg\",\"datePublished\":\"2023-03-20T17:19:44+00:00\",\"dateModified\":\"2026-04-17T20:07:16+00:00\",\"breadcrumb\":{\"@id\":\"https:\\\/\\\/shop.bantam.ch\\\/fr\\\/produit\\\/03-suede-du-sud-est\\\/#breadcrumb\"},\"inLanguage\":\"fr-FR\",\"potentialAction\":[{\"@type\":\"ReadAction\",\"target\":[\"https:\\\/\\\/shop.bantam.ch\\\/fr\\\/produit\\\/03-suede-du-sud-est\\\/\"]}]},{\"@type\":\"ImageObject\",\"inLanguage\":\"fr-FR\",\"@id\":\"https:\\\/\\\/shop.bantam.ch\\\/fr\\\/produit\\\/03-suede-du-sud-est\\\/#primaryimage\",\"url\":\"https:\\\/\\\/shop.bantam.ch\\\/wp-content\\\/uploads\\\/2023\\\/03\\\/499230021.jpg\",\"contentUrl\":\"https:\\\/\\\/shop.bantam.ch\\\/wp-content\\\/uploads\\\/2023\\\/03\\\/499230021.jpg\",\"width\":423,\"height\":815},{\"@type\":\"BreadcrumbList\",\"@id\":\"https:\\\/\\\/shop.bantam.ch\\\/fr\\\/produit\\\/03-suede-du-sud-est\\\/#breadcrumb\",\"itemListElement\":[{\"@type\":\"ListItem\",\"position\":1,\"name\":\"Accueil\",\"item\":\"https:\\\/\\\/shop.bantam.ch\\\/fr\\\/\"},{\"@type\":\"ListItem\",\"position\":2,\"name\":\"Boutique\",\"item\":\"https:\\\/\\\/shop.bantam.ch\\\/fr\\\/boutique\\\/\"},{\"@type\":\"ListItem\",\"position\":3,\"name\":\"03. Su\u00e8de du Sud (Est)\"}]},{\"@type\":\"WebSite\",\"@id\":\"https:\\\/\\\/shop.bantam.ch\\\/fr\\\/#website\",\"url\":\"https:\\\/\\\/shop.bantam.ch\\\/fr\\\/\",\"name\":\"Bantam Wankm\u00fcller SA\",\"description\":\"\",\"publisher\":{\"@id\":\"https:\\\/\\\/shop.bantam.ch\\\/fr\\\/#organization\"},\"inLanguage\":\"fr-FR\"},{\"@type\":\"Organization\",\"@id\":\"https:\\\/\\\/shop.bantam.ch\\\/fr\\\/#organization\",\"name\":\"Bantam Wankm\u00fcller SA\",\"url\":\"https:\\\/\\\/shop.bantam.ch\\\/fr\\\/\",\"logo\":{\"@type\":\"ImageObject\",\"inLanguage\":\"fr-FR\",\"@id\":\"https:\\\/\\\/shop.bantam.ch\\\/fr\\\/#\\\/schema\\\/logo\\\/image\\\/\",\"url\":\"https:\\\/\\\/shop.bantam.ch\\\/wp-content\\\/uploads\\\/2022\\\/12\\\/bantam-logo.png\",\"contentUrl\":\"https:\\\/\\\/shop.bantam.ch\\\/wp-content\\\/uploads\\\/2022\\\/12\\\/bantam-logo.png\",\"width\":320,\"height\":71,\"caption\":\"Bantam Wankm\u00fcller SA\"},\"image\":{\"@id\":\"https:\\\/\\\/shop.bantam.ch\\\/fr\\\/#\\\/schema\\\/logo\\\/image\\\/\"}}]}<\/script>\n<!-- \/ Yoast SEO plugin. -->","yoast_head_json":{"title":"03. Su\u00e8de du Sud (Est) - Bantam Wankm\u00fcller SA","robots":{"index":"index","follow":"follow","max-snippet":"max-snippet:-1","max-image-preview":"max-image-preview:large","max-video-preview":"max-video-preview:-1"},"canonical":"https:\/\/shop.bantam.ch\/fr\/produit\/03-suede-du-sud-est\/","og_locale":"fr_FR","og_type":"article","og_title":"03. Su\u00e8de du Sud (Est) - Bantam Wankm\u00fcller SA","og_description":"Pour une orientation optimale &#8211; les cartes r\u00e9gionales. Avec les cartes r\u00e9gionales K\u00fcmmerly+Frey, vous ne jouerez plus les touristes pendant vos vacances. Vous savez toujours o\u00f9 vous \u00eates et combien de kilom\u00e8tres vous avez \u00e0 parcourir pour vous rendre sur le lieu que vous d\u00e9sirez visiter. Les cartes r\u00e9gionales sont \u00e9dit\u00e9es sous licence par des [&hellip;]","og_url":"https:\/\/shop.bantam.ch\/fr\/produit\/03-suede-du-sud-est\/","og_site_name":"Bantam Wankm\u00fcller SA","article_modified_time":"2026-04-17T20:07:16+00:00","og_image":[{"width":423,"height":815,"url":"https:\/\/shop.bantam.ch\/wp-content\/uploads\/2023\/03\/499230021.jpg","type":"image\/jpeg"}],"twitter_card":"summary_large_image","schema":{"@context":"https:\/\/schema.org","@graph":[{"@type":"WebPage","@id":"https:\/\/shop.bantam.ch\/fr\/produit\/03-suede-du-sud-est\/","url":"https:\/\/shop.bantam.ch\/fr\/produit\/03-suede-du-sud-est\/","name":"03. Su\u00e8de du Sud (Est) - Bantam Wankm\u00fcller SA","isPartOf":{"@id":"https:\/\/shop.bantam.ch\/fr\/#website"},"primaryImageOfPage":{"@id":"https:\/\/shop.bantam.ch\/fr\/produit\/03-suede-du-sud-est\/#primaryimage"},"image":{"@id":"https:\/\/shop.bantam.ch\/fr\/produit\/03-suede-du-sud-est\/#primaryimage"},"thumbnailUrl":"https:\/\/shop.bantam.ch\/wp-content\/uploads\/2023\/03\/499230021.jpg","datePublished":"2023-03-20T17:19:44+00:00","dateModified":"2026-04-17T20:07:16+00:00","breadcrumb":{"@id":"https:\/\/shop.bantam.ch\/fr\/produit\/03-suede-du-sud-est\/#breadcrumb"},"inLanguage":"fr-FR","potentialAction":[{"@type":"ReadAction","target":["https:\/\/shop.bantam.ch\/fr\/produit\/03-suede-du-sud-est\/"]}]},{"@type":"ImageObject","inLanguage":"fr-FR","@id":"https:\/\/shop.bantam.ch\/fr\/produit\/03-suede-du-sud-est\/#primaryimage","url":"https:\/\/shop.bantam.ch\/wp-content\/uploads\/2023\/03\/499230021.jpg","contentUrl":"https:\/\/shop.bantam.ch\/wp-content\/uploads\/2023\/03\/499230021.jpg","width":423,"height":815},{"@type":"BreadcrumbList","@id":"https:\/\/shop.bantam.ch\/fr\/produit\/03-suede-du-sud-est\/#breadcrumb","itemListElement":[{"@type":"ListItem","position":1,"name":"Accueil","item":"https:\/\/shop.bantam.ch\/fr\/"},{"@type":"ListItem","position":2,"name":"Boutique","item":"https:\/\/shop.bantam.ch\/fr\/boutique\/"},{"@type":"ListItem","position":3,"name":"03. Su\u00e8de du Sud (Est)"}]},{"@type":"WebSite","@id":"https:\/\/shop.bantam.ch\/fr\/#website","url":"https:\/\/shop.bantam.ch\/fr\/","name":"Bantam Wankm\u00fcller SA","description":"","publisher":{"@id":"https:\/\/shop.bantam.ch\/fr\/#organization"},"inLanguage":"fr-FR"},{"@type":"Organization","@id":"https:\/\/shop.bantam.ch\/fr\/#organization","name":"Bantam Wankm\u00fcller SA","url":"https:\/\/shop.bantam.ch\/fr\/","logo":{"@type":"ImageObject","inLanguage":"fr-FR","@id":"https:\/\/shop.bantam.ch\/fr\/#\/schema\/logo\/image\/","url":"https:\/\/shop.bantam.ch\/wp-content\/uploads\/2022\/12\/bantam-logo.png","contentUrl":"https:\/\/shop.bantam.ch\/wp-content\/uploads\/2022\/12\/bantam-logo.png","width":320,"height":71,"caption":"Bantam Wankm\u00fcller SA"},"image":{"@id":"https:\/\/shop.bantam.ch\/fr\/#\/schema\/logo\/image\/"}}]}},"_links":{"self":[{"href":"https:\/\/shop.bantam.ch\/fr\/wp-json\/wp\/v2\/product\/151225","targetHints":{"allow":["GET"]}}],"collection":[{"href":"https:\/\/shop.bantam.ch\/fr\/wp-json\/wp\/v2\/product"}],"about":[{"href":"https:\/\/shop.bantam.ch\/fr\/wp-json\/wp\/v2\/types\/product"}],"wp:featuredmedia":[{"embeddable":true,"href":"https:\/\/shop.bantam.ch\/fr\/wp-json\/wp\/v2\/media\/151223"}],"wp:attachment":[{"href":"https:\/\/shop.bantam.ch\/fr\/wp-json\/wp\/v2\/media?parent=151225"}],"wp:term":[{"taxonomy":"product_featured_cat","embeddable":true,"href":"https:\/\/shop.bantam.ch\/fr\/wp-json\/wp\/v2\/product_featured_cat?post=151225"},{"taxonomy":"product_brand","embeddable":true,"href":"https:\/\/shop.bantam.ch\/fr\/wp-json\/wp\/v2\/product_brand?post=151225"},{"taxonomy":"product_cat","embeddable":true,"href":"https:\/\/shop.bantam.ch\/fr\/wp-json\/wp\/v2\/product_cat?post=151225"},{"taxonomy":"product_tag","embeddable":true,"href":"https:\/\/shop.bantam.ch\/fr\/wp-json\/wp\/v2\/product_tag?post=151225"}],"curies":[{"name":"wp","href":"https:\/\/api.w.org\/{rel}","templated":true}]}}