{"id":151015,"date":"2023-03-17T15:02:25","date_gmt":"2023-03-17T14:02:25","guid":{"rendered":"https:\/\/shop.bantam.ch\/produit\/sas-hydra-auvent-gonflable-westfield\/"},"modified":"2026-04-19T00:01:23","modified_gmt":"2026-04-18T22:01:23","slug":"sas-hydra-auvent-gonflable-westfield","status":"publish","type":"product","link":"https:\/\/shop.bantam.ch\/fr\/produit\/sas-hydra-auvent-gonflable-westfield\/","title":{"rendered":"SAS Hydra auvent gonflable Westfield"},"content":{"rendered":"<p>L&rsquo;auvent \u00e0 air HYDRA pour bus ou fourgon offre une utilisation optimale de la surface gr\u00e2ce \u00e0 sa forme modifi\u00e9e de tuyau d&rsquo;air frontal. Nous obtenons ainsi une utilisation \u00e0 part enti\u00e8re de la surface au sol et une hauteur debout optimale dans toute la zone du toit. Un autre avantage est qu&rsquo;un faible poids doit \u00eatre introduit dans le store. Nous avons \u00e9galement install\u00e9 des clapets d&rsquo;a\u00e9ration sous les fen\u00eatres. Ceux-ci servent \u00e0 une a\u00e9ration parfaite de votre auvent. Gr\u00e2ce au syst\u00e8me Air-Erect, les deux chambres \u00e0 air sont gonfl\u00e9es en peu de temps, ce qui permet un montage et un d\u00e9montage rapides. Un tapis de sol inclus offre une flexibilit\u00e9 maximale et peut \u00eatre fix\u00e9 \u00e0 l&rsquo;int\u00e9rieur de l&rsquo;auvent \u00e0 l&rsquo;aide d&rsquo;un velcro.<\/p>\n","protected":false},"excerpt":{"rendered":"<p>L&rsquo;auvent \u00e0 air HYDRA pour bus ou fourgon offre une utilisation optimale de la surface gr\u00e2ce \u00e0 sa forme modifi\u00e9e de tuyau d&rsquo;air frontal. Nous obtenons ainsi une utilisation \u00e0 part enti\u00e8re de la surface au sol et une hauteur debout optimale dans toute la zone du toit. Un autre avantage est qu&rsquo;un faible poids [&hellip;]<\/p>\n","protected":false},"featured_media":151013,"template":"","meta":{"_acf_changed":false},"product_featured_cat":[94,5297],"product_brand":[3688],"product_cat":[4247],"product_tag":[],"class_list":{"0":"post-151015","1":"product","2":"type-product","3":"status-publish","4":"has-post-thumbnail","6":"product_featured_cat-promotions-etagnieres","7":"product_featured_cat-sonderangebote-hindelbank-fr","8":"product_brand-westfield","9":"product_cat-auvents","11":"first","12":"instock","13":"sale","14":"taxable","15":"shipping-taxable","16":"purchasable","17":"product-type-variable"},"acf":[],"yoast_head":"<!-- This site is optimized with the Yoast SEO plugin v27.4 - https:\/\/yoast.com\/product\/yoast-seo-wordpress\/ -->\n<title>SAS Hydra auvent gonflable Westfield - Bantam Wankm\u00fcller SA<\/title>\n<meta name=\"robots\" content=\"index, follow, max-snippet:-1, max-image-preview:large, max-video-preview:-1\" \/>\n<link rel=\"canonical\" href=\"https:\/\/shop.bantam.ch\/fr\/produit\/sas-hydra-auvent-gonflable-westfield\/\" \/>\n<meta property=\"og:locale\" content=\"fr_FR\" \/>\n<meta property=\"og:type\" content=\"article\" \/>\n<meta property=\"og:title\" content=\"SAS Hydra auvent gonflable Westfield - Bantam Wankm\u00fcller SA\" \/>\n<meta property=\"og:description\" content=\"L&rsquo;auvent \u00e0 air HYDRA pour bus ou fourgon offre une utilisation optimale de la surface gr\u00e2ce \u00e0 sa forme modifi\u00e9e de tuyau d&rsquo;air frontal. Nous obtenons ainsi une utilisation \u00e0 part enti\u00e8re de la surface au sol et une hauteur debout optimale dans toute la zone du toit. Un autre avantage est qu&rsquo;un faible poids [&hellip;]\" \/>\n<meta property=\"og:url\" content=\"https:\/\/shop.bantam.ch\/fr\/produit\/sas-hydra-auvent-gonflable-westfield\/\" \/>\n<meta property=\"og:site_name\" content=\"Bantam Wankm\u00fcller SA\" \/>\n<meta property=\"article:modified_time\" content=\"2026-04-18T22:01:23+00:00\" \/>\n<meta property=\"og:image\" content=\"https:\/\/shop.bantam.ch\/wp-content\/uploads\/2023\/03\/Hydra-d-s-42122036-schleuse-1-scaled.jpg\" \/>\n\t<meta property=\"og:image:width\" content=\"1685\" \/>\n\t<meta property=\"og:image:height\" content=\"3000\" \/>\n\t<meta property=\"og:image:type\" content=\"image\/jpeg\" \/>\n<meta name=\"twitter:card\" content=\"summary_large_image\" \/>\n<meta name=\"twitter:label1\" content=\"Dur\u00e9e de lecture estim\u00e9e\" \/>\n\t<meta name=\"twitter:data1\" content=\"1 minute\" \/>\n<script type=\"application\/ld+json\" class=\"yoast-schema-graph\">{\"@context\":\"https:\\\/\\\/schema.org\",\"@graph\":[{\"@type\":\"WebPage\",\"@id\":\"https:\\\/\\\/shop.bantam.ch\\\/fr\\\/produit\\\/sas-hydra-auvent-gonflable-westfield\\\/\",\"url\":\"https:\\\/\\\/shop.bantam.ch\\\/fr\\\/produit\\\/sas-hydra-auvent-gonflable-westfield\\\/\",\"name\":\"SAS Hydra auvent gonflable Westfield - Bantam Wankm\u00fcller SA\",\"isPartOf\":{\"@id\":\"https:\\\/\\\/shop.bantam.ch\\\/fr\\\/#website\"},\"primaryImageOfPage\":{\"@id\":\"https:\\\/\\\/shop.bantam.ch\\\/fr\\\/produit\\\/sas-hydra-auvent-gonflable-westfield\\\/#primaryimage\"},\"image\":{\"@id\":\"https:\\\/\\\/shop.bantam.ch\\\/fr\\\/produit\\\/sas-hydra-auvent-gonflable-westfield\\\/#primaryimage\"},\"thumbnailUrl\":\"https:\\\/\\\/shop.bantam.ch\\\/wp-content\\\/uploads\\\/2023\\\/03\\\/Hydra-d-s-42122036-schleuse-1-scaled.jpg\",\"datePublished\":\"2023-03-17T14:02:25+00:00\",\"dateModified\":\"2026-04-18T22:01:23+00:00\",\"breadcrumb\":{\"@id\":\"https:\\\/\\\/shop.bantam.ch\\\/fr\\\/produit\\\/sas-hydra-auvent-gonflable-westfield\\\/#breadcrumb\"},\"inLanguage\":\"fr-FR\",\"potentialAction\":[{\"@type\":\"ReadAction\",\"target\":[\"https:\\\/\\\/shop.bantam.ch\\\/fr\\\/produit\\\/sas-hydra-auvent-gonflable-westfield\\\/\"]}]},{\"@type\":\"ImageObject\",\"inLanguage\":\"fr-FR\",\"@id\":\"https:\\\/\\\/shop.bantam.ch\\\/fr\\\/produit\\\/sas-hydra-auvent-gonflable-westfield\\\/#primaryimage\",\"url\":\"https:\\\/\\\/shop.bantam.ch\\\/wp-content\\\/uploads\\\/2023\\\/03\\\/Hydra-d-s-42122036-schleuse-1-scaled.jpg\",\"contentUrl\":\"https:\\\/\\\/shop.bantam.ch\\\/wp-content\\\/uploads\\\/2023\\\/03\\\/Hydra-d-s-42122036-schleuse-1-scaled.jpg\",\"width\":1150,\"height\":2048},{\"@type\":\"BreadcrumbList\",\"@id\":\"https:\\\/\\\/shop.bantam.ch\\\/fr\\\/produit\\\/sas-hydra-auvent-gonflable-westfield\\\/#breadcrumb\",\"itemListElement\":[{\"@type\":\"ListItem\",\"position\":1,\"name\":\"Accueil\",\"item\":\"https:\\\/\\\/shop.bantam.ch\\\/fr\\\/\"},{\"@type\":\"ListItem\",\"position\":2,\"name\":\"Boutique\",\"item\":\"https:\\\/\\\/shop.bantam.ch\\\/fr\\\/boutique\\\/\"},{\"@type\":\"ListItem\",\"position\":3,\"name\":\"SAS Hydra auvent gonflable Westfield\"}]},{\"@type\":\"WebSite\",\"@id\":\"https:\\\/\\\/shop.bantam.ch\\\/fr\\\/#website\",\"url\":\"https:\\\/\\\/shop.bantam.ch\\\/fr\\\/\",\"name\":\"Bantam Wankm\u00fcller SA\",\"description\":\"\",\"publisher\":{\"@id\":\"https:\\\/\\\/shop.bantam.ch\\\/fr\\\/#organization\"},\"inLanguage\":\"fr-FR\"},{\"@type\":\"Organization\",\"@id\":\"https:\\\/\\\/shop.bantam.ch\\\/fr\\\/#organization\",\"name\":\"Bantam Wankm\u00fcller SA\",\"url\":\"https:\\\/\\\/shop.bantam.ch\\\/fr\\\/\",\"logo\":{\"@type\":\"ImageObject\",\"inLanguage\":\"fr-FR\",\"@id\":\"https:\\\/\\\/shop.bantam.ch\\\/fr\\\/#\\\/schema\\\/logo\\\/image\\\/\",\"url\":\"https:\\\/\\\/shop.bantam.ch\\\/wp-content\\\/uploads\\\/2022\\\/12\\\/bantam-logo.png\",\"contentUrl\":\"https:\\\/\\\/shop.bantam.ch\\\/wp-content\\\/uploads\\\/2022\\\/12\\\/bantam-logo.png\",\"width\":320,\"height\":71,\"caption\":\"Bantam Wankm\u00fcller SA\"},\"image\":{\"@id\":\"https:\\\/\\\/shop.bantam.ch\\\/fr\\\/#\\\/schema\\\/logo\\\/image\\\/\"}}]}<\/script>\n<!-- \/ Yoast SEO plugin. -->","yoast_head_json":{"title":"SAS Hydra auvent gonflable Westfield - Bantam Wankm\u00fcller SA","robots":{"index":"index","follow":"follow","max-snippet":"max-snippet:-1","max-image-preview":"max-image-preview:large","max-video-preview":"max-video-preview:-1"},"canonical":"https:\/\/shop.bantam.ch\/fr\/produit\/sas-hydra-auvent-gonflable-westfield\/","og_locale":"fr_FR","og_type":"article","og_title":"SAS Hydra auvent gonflable Westfield - Bantam Wankm\u00fcller SA","og_description":"L&rsquo;auvent \u00e0 air HYDRA pour bus ou fourgon offre une utilisation optimale de la surface gr\u00e2ce \u00e0 sa forme modifi\u00e9e de tuyau d&rsquo;air frontal. Nous obtenons ainsi une utilisation \u00e0 part enti\u00e8re de la surface au sol et une hauteur debout optimale dans toute la zone du toit. Un autre avantage est qu&rsquo;un faible poids [&hellip;]","og_url":"https:\/\/shop.bantam.ch\/fr\/produit\/sas-hydra-auvent-gonflable-westfield\/","og_site_name":"Bantam Wankm\u00fcller SA","article_modified_time":"2026-04-18T22:01:23+00:00","og_image":[{"width":1685,"height":3000,"url":"https:\/\/shop.bantam.ch\/wp-content\/uploads\/2023\/03\/Hydra-d-s-42122036-schleuse-1-scaled.jpg","type":"image\/jpeg"}],"twitter_card":"summary_large_image","twitter_misc":{"Dur\u00e9e de lecture estim\u00e9e":"1 minute"},"schema":{"@context":"https:\/\/schema.org","@graph":[{"@type":"WebPage","@id":"https:\/\/shop.bantam.ch\/fr\/produit\/sas-hydra-auvent-gonflable-westfield\/","url":"https:\/\/shop.bantam.ch\/fr\/produit\/sas-hydra-auvent-gonflable-westfield\/","name":"SAS Hydra auvent gonflable Westfield - Bantam Wankm\u00fcller SA","isPartOf":{"@id":"https:\/\/shop.bantam.ch\/fr\/#website"},"primaryImageOfPage":{"@id":"https:\/\/shop.bantam.ch\/fr\/produit\/sas-hydra-auvent-gonflable-westfield\/#primaryimage"},"image":{"@id":"https:\/\/shop.bantam.ch\/fr\/produit\/sas-hydra-auvent-gonflable-westfield\/#primaryimage"},"thumbnailUrl":"https:\/\/shop.bantam.ch\/wp-content\/uploads\/2023\/03\/Hydra-d-s-42122036-schleuse-1-scaled.jpg","datePublished":"2023-03-17T14:02:25+00:00","dateModified":"2026-04-18T22:01:23+00:00","breadcrumb":{"@id":"https:\/\/shop.bantam.ch\/fr\/produit\/sas-hydra-auvent-gonflable-westfield\/#breadcrumb"},"inLanguage":"fr-FR","potentialAction":[{"@type":"ReadAction","target":["https:\/\/shop.bantam.ch\/fr\/produit\/sas-hydra-auvent-gonflable-westfield\/"]}]},{"@type":"ImageObject","inLanguage":"fr-FR","@id":"https:\/\/shop.bantam.ch\/fr\/produit\/sas-hydra-auvent-gonflable-westfield\/#primaryimage","url":"https:\/\/shop.bantam.ch\/wp-content\/uploads\/2023\/03\/Hydra-d-s-42122036-schleuse-1-scaled.jpg","contentUrl":"https:\/\/shop.bantam.ch\/wp-content\/uploads\/2023\/03\/Hydra-d-s-42122036-schleuse-1-scaled.jpg","width":1150,"height":2048},{"@type":"BreadcrumbList","@id":"https:\/\/shop.bantam.ch\/fr\/produit\/sas-hydra-auvent-gonflable-westfield\/#breadcrumb","itemListElement":[{"@type":"ListItem","position":1,"name":"Accueil","item":"https:\/\/shop.bantam.ch\/fr\/"},{"@type":"ListItem","position":2,"name":"Boutique","item":"https:\/\/shop.bantam.ch\/fr\/boutique\/"},{"@type":"ListItem","position":3,"name":"SAS Hydra auvent gonflable Westfield"}]},{"@type":"WebSite","@id":"https:\/\/shop.bantam.ch\/fr\/#website","url":"https:\/\/shop.bantam.ch\/fr\/","name":"Bantam Wankm\u00fcller SA","description":"","publisher":{"@id":"https:\/\/shop.bantam.ch\/fr\/#organization"},"inLanguage":"fr-FR"},{"@type":"Organization","@id":"https:\/\/shop.bantam.ch\/fr\/#organization","name":"Bantam Wankm\u00fcller SA","url":"https:\/\/shop.bantam.ch\/fr\/","logo":{"@type":"ImageObject","inLanguage":"fr-FR","@id":"https:\/\/shop.bantam.ch\/fr\/#\/schema\/logo\/image\/","url":"https:\/\/shop.bantam.ch\/wp-content\/uploads\/2022\/12\/bantam-logo.png","contentUrl":"https:\/\/shop.bantam.ch\/wp-content\/uploads\/2022\/12\/bantam-logo.png","width":320,"height":71,"caption":"Bantam Wankm\u00fcller SA"},"image":{"@id":"https:\/\/shop.bantam.ch\/fr\/#\/schema\/logo\/image\/"}}]}},"_links":{"self":[{"href":"https:\/\/shop.bantam.ch\/fr\/wp-json\/wp\/v2\/product\/151015","targetHints":{"allow":["GET"]}}],"collection":[{"href":"https:\/\/shop.bantam.ch\/fr\/wp-json\/wp\/v2\/product"}],"about":[{"href":"https:\/\/shop.bantam.ch\/fr\/wp-json\/wp\/v2\/types\/product"}],"wp:featuredmedia":[{"embeddable":true,"href":"https:\/\/shop.bantam.ch\/fr\/wp-json\/wp\/v2\/media\/151013"}],"wp:attachment":[{"href":"https:\/\/shop.bantam.ch\/fr\/wp-json\/wp\/v2\/media?parent=151015"}],"wp:term":[{"taxonomy":"product_featured_cat","embeddable":true,"href":"https:\/\/shop.bantam.ch\/fr\/wp-json\/wp\/v2\/product_featured_cat?post=151015"},{"taxonomy":"product_brand","embeddable":true,"href":"https:\/\/shop.bantam.ch\/fr\/wp-json\/wp\/v2\/product_brand?post=151015"},{"taxonomy":"product_cat","embeddable":true,"href":"https:\/\/shop.bantam.ch\/fr\/wp-json\/wp\/v2\/product_cat?post=151015"},{"taxonomy":"product_tag","embeddable":true,"href":"https:\/\/shop.bantam.ch\/fr\/wp-json\/wp\/v2\/product_tag?post=151015"}],"curies":[{"name":"wp","href":"https:\/\/api.w.org\/{rel}","templated":true}]}}