{"id":150905,"date":"2023-03-17T14:45:55","date_gmt":"2023-03-17T13:45:55","guid":{"rendered":"https:\/\/shop.bantam.ch\/produit\/panneau-solaire-wing-perc\/"},"modified":"2026-04-19T00:03:51","modified_gmt":"2026-04-18T22:03:51","slug":"panneau-solaire-wing-perc","status":"publish","type":"product","link":"https:\/\/shop.bantam.ch\/fr\/produit\/panneau-solaire-wing-perc\/","title":{"rendered":"Panneau solaire Wing PERC"},"content":{"rendered":"<p>Panneau solaire avec cellules monocristallines PERC. Ces cellules offrent un rendement sup\u00e9rieur par rapport aux cellules conventionnelles : gr\u00e2ce \u00e0 la g\u00e9n\u00e9ration de courant en profondeur et non plus seulement en surface. Les cellules PERC sont plus sensibles \u00e0 la lumi\u00e8re ce qui permet d\u2019obtenir un temps de charge prolong\u00e9 : vous commencerez \u00e0 recharger vos batteries plus t\u00f4t le matin et vous finirez plus tard le soir. Un rendement exceptionnel pour un encombrement r\u00e9duit ! Pr\u00e9-mont\u00e9 et pr\u00e9-c\u00e2bl\u00e9 avec PV c\u00e2bles anti-UV de 4m de longueur et passe toit \u00e9tanche. R\u00e9gulateur MPPT 30\/10<\/p>\n","protected":false},"excerpt":{"rendered":"<p>Panneau solaire avec cellules monocristallines PERC. Ces cellules offrent un rendement sup\u00e9rieur par rapport aux cellules conventionnelles : gr\u00e2ce \u00e0 la g\u00e9n\u00e9ration de courant en profondeur et non plus seulement en surface. Les cellules PERC sont plus sensibles \u00e0 la lumi\u00e8re ce qui permet d\u2019obtenir un temps de charge prolong\u00e9 : vous commencerez \u00e0 recharger [&hellip;]<\/p>\n","protected":false},"featured_media":150903,"template":"","meta":{"_acf_changed":false},"product_featured_cat":[],"product_brand":[3032],"product_cat":[4879],"product_tag":[],"class_list":{"0":"post-150905","1":"product","2":"type-product","3":"status-publish","4":"has-post-thumbnail","6":"product_brand-standard","7":"product_cat-kits-solaires","9":"first","10":"instock","11":"taxable","12":"shipping-taxable","13":"purchasable","14":"product-type-variable"},"acf":[],"yoast_head":"<!-- This site is optimized with the Yoast SEO plugin v27.4 - https:\/\/yoast.com\/product\/yoast-seo-wordpress\/ -->\n<title>Panneau solaire Wing PERC - Bantam Wankm\u00fcller SA<\/title>\n<meta name=\"robots\" content=\"index, follow, max-snippet:-1, max-image-preview:large, max-video-preview:-1\" \/>\n<link rel=\"canonical\" href=\"https:\/\/shop.bantam.ch\/fr\/produit\/panneau-solaire-wing-perc\/\" \/>\n<meta property=\"og:locale\" content=\"fr_FR\" \/>\n<meta property=\"og:type\" content=\"article\" \/>\n<meta property=\"og:title\" content=\"Panneau solaire Wing PERC - Bantam Wankm\u00fcller SA\" \/>\n<meta property=\"og:description\" content=\"Panneau solaire avec cellules monocristallines PERC. Ces cellules offrent un rendement sup\u00e9rieur par rapport aux cellules conventionnelles : gr\u00e2ce \u00e0 la g\u00e9n\u00e9ration de courant en profondeur et non plus seulement en surface. Les cellules PERC sont plus sensibles \u00e0 la lumi\u00e8re ce qui permet d\u2019obtenir un temps de charge prolong\u00e9 : vous commencerez \u00e0 recharger [&hellip;]\" \/>\n<meta property=\"og:url\" content=\"https:\/\/shop.bantam.ch\/fr\/produit\/panneau-solaire-wing-perc\/\" \/>\n<meta property=\"og:site_name\" content=\"Bantam Wankm\u00fcller SA\" \/>\n<meta property=\"article:modified_time\" content=\"2026-04-18T22:03:51+00:00\" \/>\n<meta property=\"og:image\" content=\"https:\/\/shop.bantam.ch\/wp-content\/uploads\/2023\/03\/77319015-1.jpg\" \/>\n\t<meta property=\"og:image:width\" content=\"676\" \/>\n\t<meta property=\"og:image:height\" content=\"378\" \/>\n\t<meta property=\"og:image:type\" content=\"image\/jpeg\" \/>\n<meta name=\"twitter:card\" content=\"summary_large_image\" \/>\n<meta name=\"twitter:label1\" content=\"Dur\u00e9e de lecture estim\u00e9e\" \/>\n\t<meta name=\"twitter:data1\" content=\"1 minute\" \/>\n<script type=\"application\/ld+json\" class=\"yoast-schema-graph\">{\"@context\":\"https:\\\/\\\/schema.org\",\"@graph\":[{\"@type\":\"WebPage\",\"@id\":\"https:\\\/\\\/shop.bantam.ch\\\/fr\\\/produit\\\/panneau-solaire-wing-perc\\\/\",\"url\":\"https:\\\/\\\/shop.bantam.ch\\\/fr\\\/produit\\\/panneau-solaire-wing-perc\\\/\",\"name\":\"Panneau solaire Wing PERC - Bantam Wankm\u00fcller SA\",\"isPartOf\":{\"@id\":\"https:\\\/\\\/shop.bantam.ch\\\/fr\\\/#website\"},\"primaryImageOfPage\":{\"@id\":\"https:\\\/\\\/shop.bantam.ch\\\/fr\\\/produit\\\/panneau-solaire-wing-perc\\\/#primaryimage\"},\"image\":{\"@id\":\"https:\\\/\\\/shop.bantam.ch\\\/fr\\\/produit\\\/panneau-solaire-wing-perc\\\/#primaryimage\"},\"thumbnailUrl\":\"https:\\\/\\\/shop.bantam.ch\\\/wp-content\\\/uploads\\\/2023\\\/03\\\/77319015-1.jpg\",\"datePublished\":\"2023-03-17T13:45:55+00:00\",\"dateModified\":\"2026-04-18T22:03:51+00:00\",\"breadcrumb\":{\"@id\":\"https:\\\/\\\/shop.bantam.ch\\\/fr\\\/produit\\\/panneau-solaire-wing-perc\\\/#breadcrumb\"},\"inLanguage\":\"fr-FR\",\"potentialAction\":[{\"@type\":\"ReadAction\",\"target\":[\"https:\\\/\\\/shop.bantam.ch\\\/fr\\\/produit\\\/panneau-solaire-wing-perc\\\/\"]}]},{\"@type\":\"ImageObject\",\"inLanguage\":\"fr-FR\",\"@id\":\"https:\\\/\\\/shop.bantam.ch\\\/fr\\\/produit\\\/panneau-solaire-wing-perc\\\/#primaryimage\",\"url\":\"https:\\\/\\\/shop.bantam.ch\\\/wp-content\\\/uploads\\\/2023\\\/03\\\/77319015-1.jpg\",\"contentUrl\":\"https:\\\/\\\/shop.bantam.ch\\\/wp-content\\\/uploads\\\/2023\\\/03\\\/77319015-1.jpg\",\"width\":676,\"height\":378},{\"@type\":\"BreadcrumbList\",\"@id\":\"https:\\\/\\\/shop.bantam.ch\\\/fr\\\/produit\\\/panneau-solaire-wing-perc\\\/#breadcrumb\",\"itemListElement\":[{\"@type\":\"ListItem\",\"position\":1,\"name\":\"Accueil\",\"item\":\"https:\\\/\\\/shop.bantam.ch\\\/fr\\\/\"},{\"@type\":\"ListItem\",\"position\":2,\"name\":\"Boutique\",\"item\":\"https:\\\/\\\/shop.bantam.ch\\\/fr\\\/boutique\\\/\"},{\"@type\":\"ListItem\",\"position\":3,\"name\":\"Panneau solaire Wing PERC\"}]},{\"@type\":\"WebSite\",\"@id\":\"https:\\\/\\\/shop.bantam.ch\\\/fr\\\/#website\",\"url\":\"https:\\\/\\\/shop.bantam.ch\\\/fr\\\/\",\"name\":\"Bantam Wankm\u00fcller SA\",\"description\":\"\",\"publisher\":{\"@id\":\"https:\\\/\\\/shop.bantam.ch\\\/fr\\\/#organization\"},\"inLanguage\":\"fr-FR\"},{\"@type\":\"Organization\",\"@id\":\"https:\\\/\\\/shop.bantam.ch\\\/fr\\\/#organization\",\"name\":\"Bantam Wankm\u00fcller SA\",\"url\":\"https:\\\/\\\/shop.bantam.ch\\\/fr\\\/\",\"logo\":{\"@type\":\"ImageObject\",\"inLanguage\":\"fr-FR\",\"@id\":\"https:\\\/\\\/shop.bantam.ch\\\/fr\\\/#\\\/schema\\\/logo\\\/image\\\/\",\"url\":\"https:\\\/\\\/shop.bantam.ch\\\/wp-content\\\/uploads\\\/2022\\\/12\\\/bantam-logo.png\",\"contentUrl\":\"https:\\\/\\\/shop.bantam.ch\\\/wp-content\\\/uploads\\\/2022\\\/12\\\/bantam-logo.png\",\"width\":320,\"height\":71,\"caption\":\"Bantam Wankm\u00fcller SA\"},\"image\":{\"@id\":\"https:\\\/\\\/shop.bantam.ch\\\/fr\\\/#\\\/schema\\\/logo\\\/image\\\/\"}}]}<\/script>\n<!-- \/ Yoast SEO plugin. -->","yoast_head_json":{"title":"Panneau solaire Wing PERC - Bantam Wankm\u00fcller SA","robots":{"index":"index","follow":"follow","max-snippet":"max-snippet:-1","max-image-preview":"max-image-preview:large","max-video-preview":"max-video-preview:-1"},"canonical":"https:\/\/shop.bantam.ch\/fr\/produit\/panneau-solaire-wing-perc\/","og_locale":"fr_FR","og_type":"article","og_title":"Panneau solaire Wing PERC - Bantam Wankm\u00fcller SA","og_description":"Panneau solaire avec cellules monocristallines PERC. Ces cellules offrent un rendement sup\u00e9rieur par rapport aux cellules conventionnelles : gr\u00e2ce \u00e0 la g\u00e9n\u00e9ration de courant en profondeur et non plus seulement en surface. Les cellules PERC sont plus sensibles \u00e0 la lumi\u00e8re ce qui permet d\u2019obtenir un temps de charge prolong\u00e9 : vous commencerez \u00e0 recharger [&hellip;]","og_url":"https:\/\/shop.bantam.ch\/fr\/produit\/panneau-solaire-wing-perc\/","og_site_name":"Bantam Wankm\u00fcller SA","article_modified_time":"2026-04-18T22:03:51+00:00","og_image":[{"width":676,"height":378,"url":"https:\/\/shop.bantam.ch\/wp-content\/uploads\/2023\/03\/77319015-1.jpg","type":"image\/jpeg"}],"twitter_card":"summary_large_image","twitter_misc":{"Dur\u00e9e de lecture estim\u00e9e":"1 minute"},"schema":{"@context":"https:\/\/schema.org","@graph":[{"@type":"WebPage","@id":"https:\/\/shop.bantam.ch\/fr\/produit\/panneau-solaire-wing-perc\/","url":"https:\/\/shop.bantam.ch\/fr\/produit\/panneau-solaire-wing-perc\/","name":"Panneau solaire Wing PERC - Bantam Wankm\u00fcller SA","isPartOf":{"@id":"https:\/\/shop.bantam.ch\/fr\/#website"},"primaryImageOfPage":{"@id":"https:\/\/shop.bantam.ch\/fr\/produit\/panneau-solaire-wing-perc\/#primaryimage"},"image":{"@id":"https:\/\/shop.bantam.ch\/fr\/produit\/panneau-solaire-wing-perc\/#primaryimage"},"thumbnailUrl":"https:\/\/shop.bantam.ch\/wp-content\/uploads\/2023\/03\/77319015-1.jpg","datePublished":"2023-03-17T13:45:55+00:00","dateModified":"2026-04-18T22:03:51+00:00","breadcrumb":{"@id":"https:\/\/shop.bantam.ch\/fr\/produit\/panneau-solaire-wing-perc\/#breadcrumb"},"inLanguage":"fr-FR","potentialAction":[{"@type":"ReadAction","target":["https:\/\/shop.bantam.ch\/fr\/produit\/panneau-solaire-wing-perc\/"]}]},{"@type":"ImageObject","inLanguage":"fr-FR","@id":"https:\/\/shop.bantam.ch\/fr\/produit\/panneau-solaire-wing-perc\/#primaryimage","url":"https:\/\/shop.bantam.ch\/wp-content\/uploads\/2023\/03\/77319015-1.jpg","contentUrl":"https:\/\/shop.bantam.ch\/wp-content\/uploads\/2023\/03\/77319015-1.jpg","width":676,"height":378},{"@type":"BreadcrumbList","@id":"https:\/\/shop.bantam.ch\/fr\/produit\/panneau-solaire-wing-perc\/#breadcrumb","itemListElement":[{"@type":"ListItem","position":1,"name":"Accueil","item":"https:\/\/shop.bantam.ch\/fr\/"},{"@type":"ListItem","position":2,"name":"Boutique","item":"https:\/\/shop.bantam.ch\/fr\/boutique\/"},{"@type":"ListItem","position":3,"name":"Panneau solaire Wing PERC"}]},{"@type":"WebSite","@id":"https:\/\/shop.bantam.ch\/fr\/#website","url":"https:\/\/shop.bantam.ch\/fr\/","name":"Bantam Wankm\u00fcller SA","description":"","publisher":{"@id":"https:\/\/shop.bantam.ch\/fr\/#organization"},"inLanguage":"fr-FR"},{"@type":"Organization","@id":"https:\/\/shop.bantam.ch\/fr\/#organization","name":"Bantam Wankm\u00fcller SA","url":"https:\/\/shop.bantam.ch\/fr\/","logo":{"@type":"ImageObject","inLanguage":"fr-FR","@id":"https:\/\/shop.bantam.ch\/fr\/#\/schema\/logo\/image\/","url":"https:\/\/shop.bantam.ch\/wp-content\/uploads\/2022\/12\/bantam-logo.png","contentUrl":"https:\/\/shop.bantam.ch\/wp-content\/uploads\/2022\/12\/bantam-logo.png","width":320,"height":71,"caption":"Bantam Wankm\u00fcller SA"},"image":{"@id":"https:\/\/shop.bantam.ch\/fr\/#\/schema\/logo\/image\/"}}]}},"_links":{"self":[{"href":"https:\/\/shop.bantam.ch\/fr\/wp-json\/wp\/v2\/product\/150905","targetHints":{"allow":["GET"]}}],"collection":[{"href":"https:\/\/shop.bantam.ch\/fr\/wp-json\/wp\/v2\/product"}],"about":[{"href":"https:\/\/shop.bantam.ch\/fr\/wp-json\/wp\/v2\/types\/product"}],"wp:featuredmedia":[{"embeddable":true,"href":"https:\/\/shop.bantam.ch\/fr\/wp-json\/wp\/v2\/media\/150903"}],"wp:attachment":[{"href":"https:\/\/shop.bantam.ch\/fr\/wp-json\/wp\/v2\/media?parent=150905"}],"wp:term":[{"taxonomy":"product_featured_cat","embeddable":true,"href":"https:\/\/shop.bantam.ch\/fr\/wp-json\/wp\/v2\/product_featured_cat?post=150905"},{"taxonomy":"product_brand","embeddable":true,"href":"https:\/\/shop.bantam.ch\/fr\/wp-json\/wp\/v2\/product_brand?post=150905"},{"taxonomy":"product_cat","embeddable":true,"href":"https:\/\/shop.bantam.ch\/fr\/wp-json\/wp\/v2\/product_cat?post=150905"},{"taxonomy":"product_tag","embeddable":true,"href":"https:\/\/shop.bantam.ch\/fr\/wp-json\/wp\/v2\/product_tag?post=150905"}],"curies":[{"name":"wp","href":"https:\/\/api.w.org\/{rel}","templated":true}]}}