{"id":150831,"date":"2023-03-17T14:38:57","date_gmt":"2023-03-17T13:38:57","guid":{"rendered":"https:\/\/shop.bantam.ch\/produit\/happy-sun-face-avant-sun-blocker\/"},"modified":"2026-04-17T23:57:47","modified_gmt":"2026-04-17T21:57:47","slug":"happy-sun-face-avant-sun-blocker","status":"publish","type":"product","link":"https:\/\/shop.bantam.ch\/fr\/produit\/happy-sun-face-avant-sun-blocker\/","title":{"rendered":"Happy sun face avant sun blocker"},"content":{"rendered":"<p>Toutes les parois sont compatibles avec tous les mod\u00e8les de stores pour les marques Thule\/Omnistor et Fiamma .<br \/>\nLa paroi frontale se glisse dans le profil de la face avant du store gr\u00e2ce \u00e0 un jonc. Les parois lat\u00e9rales se fixent \u00e0 l\u2019aide d\u2019une barre de tension plac\u00e9e entre le bo\u00eetier et la face avant du store. Toutes les parois sont \u00e9quip\u00e9es d\u2019\u0153illets dans le bas permettant ainsi une tension optimale et individuelle des segments. Les cordes de tension sont color\u00e9es et donc bien visibles. L\u2019insert en toile Mesh r\u00e9duit la luminosit\u00e9 et les courants d\u2019air, et offre ainsi un abri contre le soleil et le vent sous le store. La face avant est enroulable vers le haut. La face avant est \u00e9quip\u00e9e de clips pour une fixation de sangles anti-temp\u00eate (en option)<br \/>\nMateriaux: Tissu MESH (gaze en PVC enduite de polyester) prot\u00e9g\u00e9e et compl\u00e8tement lavable, les bavettes au sol sont en toile de PVC enduite des deux c\u00f4t\u00e9s et \u00e9galement facile d\u2019entretien. Les \u0153illets sont so<\/p>\n","protected":false},"excerpt":{"rendered":"<p>Toutes les parois sont compatibles avec tous les mod\u00e8les de stores pour les marques Thule\/Omnistor et Fiamma . La paroi frontale se glisse dans le profil de la face avant du store gr\u00e2ce \u00e0 un jonc. Les parois lat\u00e9rales se fixent \u00e0 l\u2019aide d\u2019une barre de tension plac\u00e9e entre le bo\u00eetier et la face avant [&hellip;]<\/p>\n","protected":false},"featured_media":150821,"template":"","meta":{"_acf_changed":false},"product_featured_cat":[],"product_brand":[3686],"product_cat":[4219],"product_tag":[],"class_list":{"0":"post-150831","1":"product","2":"type-product","3":"status-publish","4":"has-post-thumbnail","6":"product_brand-dwt","7":"product_cat-parois-avant","9":"first","10":"instock","11":"taxable","12":"shipping-taxable","13":"purchasable","14":"product-type-variable"},"acf":[],"yoast_head":"<!-- This site is optimized with the Yoast SEO plugin v27.4 - https:\/\/yoast.com\/product\/yoast-seo-wordpress\/ -->\n<title>Happy sun face avant sun blocker - Bantam Wankm\u00fcller SA<\/title>\n<meta name=\"robots\" content=\"index, follow, max-snippet:-1, max-image-preview:large, max-video-preview:-1\" \/>\n<link rel=\"canonical\" href=\"https:\/\/shop.bantam.ch\/fr\/produit\/happy-sun-face-avant-sun-blocker\/\" \/>\n<meta property=\"og:locale\" content=\"fr_FR\" \/>\n<meta property=\"og:type\" content=\"article\" \/>\n<meta property=\"og:title\" content=\"Happy sun face avant sun blocker - Bantam Wankm\u00fcller SA\" \/>\n<meta property=\"og:description\" content=\"Toutes les parois sont compatibles avec tous les mod\u00e8les de stores pour les marques Thule\/Omnistor et Fiamma . La paroi frontale se glisse dans le profil de la face avant du store gr\u00e2ce \u00e0 un jonc. Les parois lat\u00e9rales se fixent \u00e0 l\u2019aide d\u2019une barre de tension plac\u00e9e entre le bo\u00eetier et la face avant [&hellip;]\" \/>\n<meta property=\"og:url\" content=\"https:\/\/shop.bantam.ch\/fr\/produit\/happy-sun-face-avant-sun-blocker\/\" \/>\n<meta property=\"og:site_name\" content=\"Bantam Wankm\u00fcller SA\" \/>\n<meta property=\"article:modified_time\" content=\"2026-04-17T21:57:47+00:00\" \/>\n<meta property=\"og:image\" content=\"https:\/\/shop.bantam.ch\/wp-content\/uploads\/2023\/03\/Happy-sun-d-s-50022001-aqv3KMYtReqcOj-1.jpg\" \/>\n\t<meta property=\"og:image:width\" content=\"2126\" \/>\n\t<meta property=\"og:image:height\" content=\"1417\" \/>\n\t<meta property=\"og:image:type\" content=\"image\/jpeg\" \/>\n<meta name=\"twitter:card\" content=\"summary_large_image\" \/>\n<meta name=\"twitter:label1\" content=\"Dur\u00e9e de lecture estim\u00e9e\" \/>\n\t<meta name=\"twitter:data1\" content=\"1 minute\" \/>\n<script type=\"application\/ld+json\" class=\"yoast-schema-graph\">{\"@context\":\"https:\\\/\\\/schema.org\",\"@graph\":[{\"@type\":\"WebPage\",\"@id\":\"https:\\\/\\\/shop.bantam.ch\\\/fr\\\/produit\\\/happy-sun-face-avant-sun-blocker\\\/\",\"url\":\"https:\\\/\\\/shop.bantam.ch\\\/fr\\\/produit\\\/happy-sun-face-avant-sun-blocker\\\/\",\"name\":\"Happy sun face avant sun blocker - Bantam Wankm\u00fcller SA\",\"isPartOf\":{\"@id\":\"https:\\\/\\\/shop.bantam.ch\\\/fr\\\/#website\"},\"primaryImageOfPage\":{\"@id\":\"https:\\\/\\\/shop.bantam.ch\\\/fr\\\/produit\\\/happy-sun-face-avant-sun-blocker\\\/#primaryimage\"},\"image\":{\"@id\":\"https:\\\/\\\/shop.bantam.ch\\\/fr\\\/produit\\\/happy-sun-face-avant-sun-blocker\\\/#primaryimage\"},\"thumbnailUrl\":\"https:\\\/\\\/shop.bantam.ch\\\/wp-content\\\/uploads\\\/2023\\\/03\\\/Happy-sun-d-s-50022001-aqv3KMYtReqcOj-1.jpg\",\"datePublished\":\"2023-03-17T13:38:57+00:00\",\"dateModified\":\"2026-04-17T21:57:47+00:00\",\"breadcrumb\":{\"@id\":\"https:\\\/\\\/shop.bantam.ch\\\/fr\\\/produit\\\/happy-sun-face-avant-sun-blocker\\\/#breadcrumb\"},\"inLanguage\":\"fr-FR\",\"potentialAction\":[{\"@type\":\"ReadAction\",\"target\":[\"https:\\\/\\\/shop.bantam.ch\\\/fr\\\/produit\\\/happy-sun-face-avant-sun-blocker\\\/\"]}]},{\"@type\":\"ImageObject\",\"inLanguage\":\"fr-FR\",\"@id\":\"https:\\\/\\\/shop.bantam.ch\\\/fr\\\/produit\\\/happy-sun-face-avant-sun-blocker\\\/#primaryimage\",\"url\":\"https:\\\/\\\/shop.bantam.ch\\\/wp-content\\\/uploads\\\/2023\\\/03\\\/Happy-sun-d-s-50022001-aqv3KMYtReqcOj-1.jpg\",\"contentUrl\":\"https:\\\/\\\/shop.bantam.ch\\\/wp-content\\\/uploads\\\/2023\\\/03\\\/Happy-sun-d-s-50022001-aqv3KMYtReqcOj-1.jpg\",\"width\":2048,\"height\":1365},{\"@type\":\"BreadcrumbList\",\"@id\":\"https:\\\/\\\/shop.bantam.ch\\\/fr\\\/produit\\\/happy-sun-face-avant-sun-blocker\\\/#breadcrumb\",\"itemListElement\":[{\"@type\":\"ListItem\",\"position\":1,\"name\":\"Accueil\",\"item\":\"https:\\\/\\\/shop.bantam.ch\\\/fr\\\/\"},{\"@type\":\"ListItem\",\"position\":2,\"name\":\"Boutique\",\"item\":\"https:\\\/\\\/shop.bantam.ch\\\/fr\\\/boutique\\\/\"},{\"@type\":\"ListItem\",\"position\":3,\"name\":\"Happy sun face avant sun blocker\"}]},{\"@type\":\"WebSite\",\"@id\":\"https:\\\/\\\/shop.bantam.ch\\\/fr\\\/#website\",\"url\":\"https:\\\/\\\/shop.bantam.ch\\\/fr\\\/\",\"name\":\"Bantam Wankm\u00fcller SA\",\"description\":\"\",\"publisher\":{\"@id\":\"https:\\\/\\\/shop.bantam.ch\\\/fr\\\/#organization\"},\"inLanguage\":\"fr-FR\"},{\"@type\":\"Organization\",\"@id\":\"https:\\\/\\\/shop.bantam.ch\\\/fr\\\/#organization\",\"name\":\"Bantam Wankm\u00fcller SA\",\"url\":\"https:\\\/\\\/shop.bantam.ch\\\/fr\\\/\",\"logo\":{\"@type\":\"ImageObject\",\"inLanguage\":\"fr-FR\",\"@id\":\"https:\\\/\\\/shop.bantam.ch\\\/fr\\\/#\\\/schema\\\/logo\\\/image\\\/\",\"url\":\"https:\\\/\\\/shop.bantam.ch\\\/wp-content\\\/uploads\\\/2022\\\/12\\\/bantam-logo.png\",\"contentUrl\":\"https:\\\/\\\/shop.bantam.ch\\\/wp-content\\\/uploads\\\/2022\\\/12\\\/bantam-logo.png\",\"width\":320,\"height\":71,\"caption\":\"Bantam Wankm\u00fcller SA\"},\"image\":{\"@id\":\"https:\\\/\\\/shop.bantam.ch\\\/fr\\\/#\\\/schema\\\/logo\\\/image\\\/\"}}]}<\/script>\n<!-- \/ Yoast SEO plugin. -->","yoast_head_json":{"title":"Happy sun face avant sun blocker - Bantam Wankm\u00fcller SA","robots":{"index":"index","follow":"follow","max-snippet":"max-snippet:-1","max-image-preview":"max-image-preview:large","max-video-preview":"max-video-preview:-1"},"canonical":"https:\/\/shop.bantam.ch\/fr\/produit\/happy-sun-face-avant-sun-blocker\/","og_locale":"fr_FR","og_type":"article","og_title":"Happy sun face avant sun blocker - Bantam Wankm\u00fcller SA","og_description":"Toutes les parois sont compatibles avec tous les mod\u00e8les de stores pour les marques Thule\/Omnistor et Fiamma . La paroi frontale se glisse dans le profil de la face avant du store gr\u00e2ce \u00e0 un jonc. Les parois lat\u00e9rales se fixent \u00e0 l\u2019aide d\u2019une barre de tension plac\u00e9e entre le bo\u00eetier et la face avant [&hellip;]","og_url":"https:\/\/shop.bantam.ch\/fr\/produit\/happy-sun-face-avant-sun-blocker\/","og_site_name":"Bantam Wankm\u00fcller SA","article_modified_time":"2026-04-17T21:57:47+00:00","og_image":[{"width":2126,"height":1417,"url":"https:\/\/shop.bantam.ch\/wp-content\/uploads\/2023\/03\/Happy-sun-d-s-50022001-aqv3KMYtReqcOj-1.jpg","type":"image\/jpeg"}],"twitter_card":"summary_large_image","twitter_misc":{"Dur\u00e9e de lecture estim\u00e9e":"1 minute"},"schema":{"@context":"https:\/\/schema.org","@graph":[{"@type":"WebPage","@id":"https:\/\/shop.bantam.ch\/fr\/produit\/happy-sun-face-avant-sun-blocker\/","url":"https:\/\/shop.bantam.ch\/fr\/produit\/happy-sun-face-avant-sun-blocker\/","name":"Happy sun face avant sun blocker - Bantam Wankm\u00fcller SA","isPartOf":{"@id":"https:\/\/shop.bantam.ch\/fr\/#website"},"primaryImageOfPage":{"@id":"https:\/\/shop.bantam.ch\/fr\/produit\/happy-sun-face-avant-sun-blocker\/#primaryimage"},"image":{"@id":"https:\/\/shop.bantam.ch\/fr\/produit\/happy-sun-face-avant-sun-blocker\/#primaryimage"},"thumbnailUrl":"https:\/\/shop.bantam.ch\/wp-content\/uploads\/2023\/03\/Happy-sun-d-s-50022001-aqv3KMYtReqcOj-1.jpg","datePublished":"2023-03-17T13:38:57+00:00","dateModified":"2026-04-17T21:57:47+00:00","breadcrumb":{"@id":"https:\/\/shop.bantam.ch\/fr\/produit\/happy-sun-face-avant-sun-blocker\/#breadcrumb"},"inLanguage":"fr-FR","potentialAction":[{"@type":"ReadAction","target":["https:\/\/shop.bantam.ch\/fr\/produit\/happy-sun-face-avant-sun-blocker\/"]}]},{"@type":"ImageObject","inLanguage":"fr-FR","@id":"https:\/\/shop.bantam.ch\/fr\/produit\/happy-sun-face-avant-sun-blocker\/#primaryimage","url":"https:\/\/shop.bantam.ch\/wp-content\/uploads\/2023\/03\/Happy-sun-d-s-50022001-aqv3KMYtReqcOj-1.jpg","contentUrl":"https:\/\/shop.bantam.ch\/wp-content\/uploads\/2023\/03\/Happy-sun-d-s-50022001-aqv3KMYtReqcOj-1.jpg","width":2048,"height":1365},{"@type":"BreadcrumbList","@id":"https:\/\/shop.bantam.ch\/fr\/produit\/happy-sun-face-avant-sun-blocker\/#breadcrumb","itemListElement":[{"@type":"ListItem","position":1,"name":"Accueil","item":"https:\/\/shop.bantam.ch\/fr\/"},{"@type":"ListItem","position":2,"name":"Boutique","item":"https:\/\/shop.bantam.ch\/fr\/boutique\/"},{"@type":"ListItem","position":3,"name":"Happy sun face avant sun blocker"}]},{"@type":"WebSite","@id":"https:\/\/shop.bantam.ch\/fr\/#website","url":"https:\/\/shop.bantam.ch\/fr\/","name":"Bantam Wankm\u00fcller SA","description":"","publisher":{"@id":"https:\/\/shop.bantam.ch\/fr\/#organization"},"inLanguage":"fr-FR"},{"@type":"Organization","@id":"https:\/\/shop.bantam.ch\/fr\/#organization","name":"Bantam Wankm\u00fcller SA","url":"https:\/\/shop.bantam.ch\/fr\/","logo":{"@type":"ImageObject","inLanguage":"fr-FR","@id":"https:\/\/shop.bantam.ch\/fr\/#\/schema\/logo\/image\/","url":"https:\/\/shop.bantam.ch\/wp-content\/uploads\/2022\/12\/bantam-logo.png","contentUrl":"https:\/\/shop.bantam.ch\/wp-content\/uploads\/2022\/12\/bantam-logo.png","width":320,"height":71,"caption":"Bantam Wankm\u00fcller SA"},"image":{"@id":"https:\/\/shop.bantam.ch\/fr\/#\/schema\/logo\/image\/"}}]}},"_links":{"self":[{"href":"https:\/\/shop.bantam.ch\/fr\/wp-json\/wp\/v2\/product\/150831","targetHints":{"allow":["GET"]}}],"collection":[{"href":"https:\/\/shop.bantam.ch\/fr\/wp-json\/wp\/v2\/product"}],"about":[{"href":"https:\/\/shop.bantam.ch\/fr\/wp-json\/wp\/v2\/types\/product"}],"wp:featuredmedia":[{"embeddable":true,"href":"https:\/\/shop.bantam.ch\/fr\/wp-json\/wp\/v2\/media\/150821"}],"wp:attachment":[{"href":"https:\/\/shop.bantam.ch\/fr\/wp-json\/wp\/v2\/media?parent=150831"}],"wp:term":[{"taxonomy":"product_featured_cat","embeddable":true,"href":"https:\/\/shop.bantam.ch\/fr\/wp-json\/wp\/v2\/product_featured_cat?post=150831"},{"taxonomy":"product_brand","embeddable":true,"href":"https:\/\/shop.bantam.ch\/fr\/wp-json\/wp\/v2\/product_brand?post=150831"},{"taxonomy":"product_cat","embeddable":true,"href":"https:\/\/shop.bantam.ch\/fr\/wp-json\/wp\/v2\/product_cat?post=150831"},{"taxonomy":"product_tag","embeddable":true,"href":"https:\/\/shop.bantam.ch\/fr\/wp-json\/wp\/v2\/product_tag?post=150831"}],"curies":[{"name":"wp","href":"https:\/\/api.w.org\/{rel}","templated":true}]}}