{"id":150747,"date":"2023-03-17T14:35:04","date_gmt":"2023-03-17T13:35:04","guid":{"rendered":"https:\/\/shop.bantam.ch\/produit\/station-de-charge-powerboozt\/"},"modified":"2026-05-01T23:54:41","modified_gmt":"2026-05-01T21:54:41","slug":"station-de-charge-powerboozt","status":"publish","type":"product","link":"https:\/\/shop.bantam.ch\/fr\/produit\/station-de-charge-powerboozt\/","title":{"rendered":"Station de charge PowerBoozt"},"content":{"rendered":"<p>Avec le booster \u00e9lectrique de PowerBoozt, l&rsquo;alimentation \u00e9lectrique mobile est s\u00fbre : efficace \u00e0 chaque instant et n\u2019importe o\u00f9.<br \/>\nSon utilisation est tr\u00e8s vari\u00e9e que vous soyez en int\u00e9rieur ou en ext\u00e9rieur. Pour le camping cet accessoire est un must-have\u00a0: adapt\u00e9 aux activit\u00e9s de plein air ou dans le jardin, la station de charge se tient \u00e0 disposition pour charger. L\u2019appareil peut charger de mani\u00e8re fiable vos appareils jusqu&rsquo;\u00e0 500 watts (t\u00e9l\u00e9phones portables, ordinateurs portables, enceinte Bluetooth, climatiseurs, etc.) et en m\u00eame temps, vous ne serez pas laiss\u00e9 dans le noir avec le puissant 3 x 1 W LED. L&rsquo;\u00e9cran vous fournit des informations d\u00e9taill\u00e9es sur le temps de charge ou de d\u00e9charge restant, l&rsquo;\u00e9tat de la batterie et la consommation actuelle.<br \/>\nPendant la journ\u00e9e, vous avez 3 options pour recharger la centrale \u00e9lectrique : via une prise, une prise de voiture 12 V ou des cellules solaires (cellules solaires non incluses).<\/p>\n<p>Type<\/p>\n<p>PB PS 500<\/p>\n<p>PB <\/p>\n","protected":false},"excerpt":{"rendered":"<p>Avec le booster \u00e9lectrique de PowerBoozt, l&rsquo;alimentation \u00e9lectrique mobile est s\u00fbre : efficace \u00e0 chaque instant et n\u2019importe o\u00f9. Son utilisation est tr\u00e8s vari\u00e9e que vous soyez en int\u00e9rieur ou en ext\u00e9rieur. Pour le camping cet accessoire est un must-have\u00a0: adapt\u00e9 aux activit\u00e9s de plein air ou dans le jardin, la station de charge se [&hellip;]<\/p>\n","protected":false},"featured_media":150727,"template":"","meta":{"_acf_changed":false},"product_featured_cat":[],"product_brand":[3702],"product_cat":[4947],"product_tag":[],"class_list":{"0":"post-150747","1":"product","2":"type-product","3":"status-publish","4":"has-post-thumbnail","6":"product_brand-powerboozt","7":"product_cat-powerbanks","9":"first","10":"instock","11":"sale","12":"taxable","13":"shipping-taxable","14":"purchasable","15":"product-type-variable"},"acf":[],"yoast_head":"<!-- This site is optimized with the Yoast SEO plugin v27.5 - https:\/\/yoast.com\/product\/yoast-seo-wordpress\/ -->\n<title>Station de charge PowerBoozt - Bantam<\/title>\n<meta name=\"robots\" content=\"index, follow, max-snippet:-1, max-image-preview:large, max-video-preview:-1\" \/>\n<link rel=\"canonical\" href=\"https:\/\/shop.bantam.ch\/fr\/produit\/station-de-charge-powerboozt\/\" \/>\n<meta property=\"og:locale\" content=\"fr_FR\" \/>\n<meta property=\"og:type\" content=\"article\" \/>\n<meta property=\"og:title\" content=\"Station de charge PowerBoozt - Bantam\" \/>\n<meta property=\"og:description\" content=\"Avec le booster \u00e9lectrique de PowerBoozt, l&rsquo;alimentation \u00e9lectrique mobile est s\u00fbre : efficace \u00e0 chaque instant et n\u2019importe o\u00f9. Son utilisation est tr\u00e8s vari\u00e9e que vous soyez en int\u00e9rieur ou en ext\u00e9rieur. Pour le camping cet accessoire est un must-have\u00a0: adapt\u00e9 aux activit\u00e9s de plein air ou dans le jardin, la station de charge se [&hellip;]\" \/>\n<meta property=\"og:url\" content=\"https:\/\/shop.bantam.ch\/fr\/produit\/station-de-charge-powerboozt\/\" \/>\n<meta property=\"og:site_name\" content=\"Bantam\" \/>\n<meta property=\"article:modified_time\" content=\"2026-05-01T21:54:41+00:00\" \/>\n<meta property=\"og:image\" content=\"https:\/\/shop.bantam.ch\/wp-content\/uploads\/2023\/03\/323_350_3-1.jpg\" \/>\n\t<meta property=\"og:image:width\" content=\"88\" \/>\n\t<meta property=\"og:image:height\" content=\"110\" \/>\n\t<meta property=\"og:image:type\" content=\"image\/jpeg\" \/>\n<meta name=\"twitter:card\" content=\"summary_large_image\" \/>\n<meta name=\"twitter:label1\" content=\"Dur\u00e9e de lecture estim\u00e9e\" \/>\n\t<meta name=\"twitter:data1\" content=\"1 minute\" \/>\n<script type=\"application\/ld+json\" class=\"yoast-schema-graph\">{\"@context\":\"https:\\\/\\\/schema.org\",\"@graph\":[{\"@type\":\"WebPage\",\"@id\":\"https:\\\/\\\/shop.bantam.ch\\\/fr\\\/produit\\\/station-de-charge-powerboozt\\\/\",\"url\":\"https:\\\/\\\/shop.bantam.ch\\\/fr\\\/produit\\\/station-de-charge-powerboozt\\\/\",\"name\":\"Station de charge PowerBoozt - Bantam\",\"isPartOf\":{\"@id\":\"https:\\\/\\\/shop.bantam.ch\\\/fr\\\/#website\"},\"primaryImageOfPage\":{\"@id\":\"https:\\\/\\\/shop.bantam.ch\\\/fr\\\/produit\\\/station-de-charge-powerboozt\\\/#primaryimage\"},\"image\":{\"@id\":\"https:\\\/\\\/shop.bantam.ch\\\/fr\\\/produit\\\/station-de-charge-powerboozt\\\/#primaryimage\"},\"thumbnailUrl\":\"https:\\\/\\\/shop.bantam.ch\\\/wp-content\\\/uploads\\\/2023\\\/03\\\/323_350_3-1.jpg\",\"datePublished\":\"2023-03-17T13:35:04+00:00\",\"dateModified\":\"2026-05-01T21:54:41+00:00\",\"breadcrumb\":{\"@id\":\"https:\\\/\\\/shop.bantam.ch\\\/fr\\\/produit\\\/station-de-charge-powerboozt\\\/#breadcrumb\"},\"inLanguage\":\"fr-FR\",\"potentialAction\":[{\"@type\":\"ReadAction\",\"target\":[\"https:\\\/\\\/shop.bantam.ch\\\/fr\\\/produit\\\/station-de-charge-powerboozt\\\/\"]}]},{\"@type\":\"ImageObject\",\"inLanguage\":\"fr-FR\",\"@id\":\"https:\\\/\\\/shop.bantam.ch\\\/fr\\\/produit\\\/station-de-charge-powerboozt\\\/#primaryimage\",\"url\":\"https:\\\/\\\/shop.bantam.ch\\\/wp-content\\\/uploads\\\/2023\\\/03\\\/323_350_3-1.jpg\",\"contentUrl\":\"https:\\\/\\\/shop.bantam.ch\\\/wp-content\\\/uploads\\\/2023\\\/03\\\/323_350_3-1.jpg\",\"width\":88,\"height\":110},{\"@type\":\"BreadcrumbList\",\"@id\":\"https:\\\/\\\/shop.bantam.ch\\\/fr\\\/produit\\\/station-de-charge-powerboozt\\\/#breadcrumb\",\"itemListElement\":[{\"@type\":\"ListItem\",\"position\":1,\"name\":\"Accueil\",\"item\":\"https:\\\/\\\/shop.bantam.ch\\\/fr\\\/\"},{\"@type\":\"ListItem\",\"position\":2,\"name\":\"Boutique\",\"item\":\"https:\\\/\\\/shop.bantam.ch\\\/fr\\\/boutique\\\/\"},{\"@type\":\"ListItem\",\"position\":3,\"name\":\"Station de charge PowerBoozt\"}]},{\"@type\":\"WebSite\",\"@id\":\"https:\\\/\\\/shop.bantam.ch\\\/fr\\\/#website\",\"url\":\"https:\\\/\\\/shop.bantam.ch\\\/fr\\\/\",\"name\":\"Bantam\",\"description\":\"\",\"publisher\":{\"@id\":\"https:\\\/\\\/shop.bantam.ch\\\/fr\\\/#organization\"},\"inLanguage\":\"fr-FR\"},{\"@type\":\"Organization\",\"@id\":\"https:\\\/\\\/shop.bantam.ch\\\/fr\\\/#organization\",\"name\":\"Bantam\",\"url\":\"https:\\\/\\\/shop.bantam.ch\\\/fr\\\/\",\"logo\":{\"@type\":\"ImageObject\",\"inLanguage\":\"fr-FR\",\"@id\":\"https:\\\/\\\/shop.bantam.ch\\\/fr\\\/#\\\/schema\\\/logo\\\/image\\\/\",\"url\":\"https:\\\/\\\/shop.bantam.ch\\\/wp-content\\\/uploads\\\/2022\\\/12\\\/bantam-logo.png\",\"contentUrl\":\"https:\\\/\\\/shop.bantam.ch\\\/wp-content\\\/uploads\\\/2022\\\/12\\\/bantam-logo.png\",\"width\":320,\"height\":71,\"caption\":\"Bantam\"},\"image\":{\"@id\":\"https:\\\/\\\/shop.bantam.ch\\\/fr\\\/#\\\/schema\\\/logo\\\/image\\\/\"}}]}<\/script>\n<!-- \/ Yoast SEO plugin. -->","yoast_head_json":{"title":"Station de charge PowerBoozt - Bantam","robots":{"index":"index","follow":"follow","max-snippet":"max-snippet:-1","max-image-preview":"max-image-preview:large","max-video-preview":"max-video-preview:-1"},"canonical":"https:\/\/shop.bantam.ch\/fr\/produit\/station-de-charge-powerboozt\/","og_locale":"fr_FR","og_type":"article","og_title":"Station de charge PowerBoozt - Bantam","og_description":"Avec le booster \u00e9lectrique de PowerBoozt, l&rsquo;alimentation \u00e9lectrique mobile est s\u00fbre : efficace \u00e0 chaque instant et n\u2019importe o\u00f9. Son utilisation est tr\u00e8s vari\u00e9e que vous soyez en int\u00e9rieur ou en ext\u00e9rieur. Pour le camping cet accessoire est un must-have\u00a0: adapt\u00e9 aux activit\u00e9s de plein air ou dans le jardin, la station de charge se [&hellip;]","og_url":"https:\/\/shop.bantam.ch\/fr\/produit\/station-de-charge-powerboozt\/","og_site_name":"Bantam","article_modified_time":"2026-05-01T21:54:41+00:00","og_image":[{"width":88,"height":110,"url":"https:\/\/shop.bantam.ch\/wp-content\/uploads\/2023\/03\/323_350_3-1.jpg","type":"image\/jpeg"}],"twitter_card":"summary_large_image","twitter_misc":{"Dur\u00e9e de lecture estim\u00e9e":"1 minute"},"schema":{"@context":"https:\/\/schema.org","@graph":[{"@type":"WebPage","@id":"https:\/\/shop.bantam.ch\/fr\/produit\/station-de-charge-powerboozt\/","url":"https:\/\/shop.bantam.ch\/fr\/produit\/station-de-charge-powerboozt\/","name":"Station de charge PowerBoozt - Bantam","isPartOf":{"@id":"https:\/\/shop.bantam.ch\/fr\/#website"},"primaryImageOfPage":{"@id":"https:\/\/shop.bantam.ch\/fr\/produit\/station-de-charge-powerboozt\/#primaryimage"},"image":{"@id":"https:\/\/shop.bantam.ch\/fr\/produit\/station-de-charge-powerboozt\/#primaryimage"},"thumbnailUrl":"https:\/\/shop.bantam.ch\/wp-content\/uploads\/2023\/03\/323_350_3-1.jpg","datePublished":"2023-03-17T13:35:04+00:00","dateModified":"2026-05-01T21:54:41+00:00","breadcrumb":{"@id":"https:\/\/shop.bantam.ch\/fr\/produit\/station-de-charge-powerboozt\/#breadcrumb"},"inLanguage":"fr-FR","potentialAction":[{"@type":"ReadAction","target":["https:\/\/shop.bantam.ch\/fr\/produit\/station-de-charge-powerboozt\/"]}]},{"@type":"ImageObject","inLanguage":"fr-FR","@id":"https:\/\/shop.bantam.ch\/fr\/produit\/station-de-charge-powerboozt\/#primaryimage","url":"https:\/\/shop.bantam.ch\/wp-content\/uploads\/2023\/03\/323_350_3-1.jpg","contentUrl":"https:\/\/shop.bantam.ch\/wp-content\/uploads\/2023\/03\/323_350_3-1.jpg","width":88,"height":110},{"@type":"BreadcrumbList","@id":"https:\/\/shop.bantam.ch\/fr\/produit\/station-de-charge-powerboozt\/#breadcrumb","itemListElement":[{"@type":"ListItem","position":1,"name":"Accueil","item":"https:\/\/shop.bantam.ch\/fr\/"},{"@type":"ListItem","position":2,"name":"Boutique","item":"https:\/\/shop.bantam.ch\/fr\/boutique\/"},{"@type":"ListItem","position":3,"name":"Station de charge PowerBoozt"}]},{"@type":"WebSite","@id":"https:\/\/shop.bantam.ch\/fr\/#website","url":"https:\/\/shop.bantam.ch\/fr\/","name":"Bantam","description":"","publisher":{"@id":"https:\/\/shop.bantam.ch\/fr\/#organization"},"inLanguage":"fr-FR"},{"@type":"Organization","@id":"https:\/\/shop.bantam.ch\/fr\/#organization","name":"Bantam","url":"https:\/\/shop.bantam.ch\/fr\/","logo":{"@type":"ImageObject","inLanguage":"fr-FR","@id":"https:\/\/shop.bantam.ch\/fr\/#\/schema\/logo\/image\/","url":"https:\/\/shop.bantam.ch\/wp-content\/uploads\/2022\/12\/bantam-logo.png","contentUrl":"https:\/\/shop.bantam.ch\/wp-content\/uploads\/2022\/12\/bantam-logo.png","width":320,"height":71,"caption":"Bantam"},"image":{"@id":"https:\/\/shop.bantam.ch\/fr\/#\/schema\/logo\/image\/"}}]}},"_links":{"self":[{"href":"https:\/\/shop.bantam.ch\/fr\/wp-json\/wp\/v2\/product\/150747","targetHints":{"allow":["GET"]}}],"collection":[{"href":"https:\/\/shop.bantam.ch\/fr\/wp-json\/wp\/v2\/product"}],"about":[{"href":"https:\/\/shop.bantam.ch\/fr\/wp-json\/wp\/v2\/types\/product"}],"wp:featuredmedia":[{"embeddable":true,"href":"https:\/\/shop.bantam.ch\/fr\/wp-json\/wp\/v2\/media\/150727"}],"wp:attachment":[{"href":"https:\/\/shop.bantam.ch\/fr\/wp-json\/wp\/v2\/media?parent=150747"}],"wp:term":[{"taxonomy":"product_featured_cat","embeddable":true,"href":"https:\/\/shop.bantam.ch\/fr\/wp-json\/wp\/v2\/product_featured_cat?post=150747"},{"taxonomy":"product_brand","embeddable":true,"href":"https:\/\/shop.bantam.ch\/fr\/wp-json\/wp\/v2\/product_brand?post=150747"},{"taxonomy":"product_cat","embeddable":true,"href":"https:\/\/shop.bantam.ch\/fr\/wp-json\/wp\/v2\/product_cat?post=150747"},{"taxonomy":"product_tag","embeddable":true,"href":"https:\/\/shop.bantam.ch\/fr\/wp-json\/wp\/v2\/product_tag?post=150747"}],"curies":[{"name":"wp","href":"https:\/\/api.w.org\/{rel}","templated":true}]}}