{"id":150707,"date":"2023-03-17T14:22:27","date_gmt":"2023-03-17T13:22:27","guid":{"rendered":"https:\/\/shop.bantam.ch\/produit\/auvent-ace-air-pro-dometic\/"},"modified":"2026-04-19T00:03:20","modified_gmt":"2026-04-18T22:03:20","slug":"auvent-ace-air-pro-dometic","status":"publish","type":"product","link":"https:\/\/shop.bantam.ch\/fr\/produit\/auvent-ace-air-pro-dometic\/","title":{"rendered":"Auvent Ace Air pro Dometic"},"content":{"rendered":"<p>Parfait sous tous les angles L\u2019auvent le plus pris\u00e9 d\u2019Europe.<br \/>\nL\u2019Ace AIR Pro est tr\u00e8s esth\u00e9tique tout en restant compl\u00e8tement fonctionnel &#8211; vous ferez sans aucun doute l\u2019envie de tout le camping. Les panneaux avant en panoramique sont non seulement beaux, mais ils fournissent un espace int\u00e9rieur suppl\u00e9mentaire avec une profondeur de 300 cm. Les grandes fen\u00eatres panoramiques et les lucarnes fournissent beaucoup de lumi\u00e8re pendant la journ\u00e9e et une vue excellente des \u00e9toiles la nuit. Le Ace AIR Pro profite de notre syst\u00e8me de toit \u00e0 double pente et d\u2019un grand panneau de fen\u00eatre en maille, permettant la circulation d\u2019air par temps chaud. Si le poids est probl\u00e9matique, les panneaux lat\u00e9raux peuvent \u00eatre zipp\u00e9s, afin de n\u2019avoir \u00e0 enfiler que le toit \u00e0 dans le rail de l\u2019auvent, avant de zipper les panneaux ensuite. Les panneaux lat\u00e9raux peuvent aussi \u00eatre remplac\u00e9s avec l\u2019une de nos superbes annexes gonflables. L\u2019Ace AIR Pro est disponible en tailles <\/p>\n","protected":false},"excerpt":{"rendered":"<p>Parfait sous tous les angles L\u2019auvent le plus pris\u00e9 d\u2019Europe. L\u2019Ace AIR Pro est tr\u00e8s esth\u00e9tique tout en restant compl\u00e8tement fonctionnel &#8211; vous ferez sans aucun doute l\u2019envie de tout le camping. Les panneaux avant en panoramique sont non seulement beaux, mais ils fournissent un espace int\u00e9rieur suppl\u00e9mentaire avec une profondeur de 300 cm. Les [&hellip;]<\/p>\n","protected":false},"featured_media":150703,"template":"","meta":{"_acf_changed":false},"product_featured_cat":[],"product_brand":[3028],"product_cat":[4247],"product_tag":[],"class_list":{"0":"post-150707","1":"product","2":"type-product","3":"status-publish","4":"has-post-thumbnail","6":"product_brand-dometic","7":"product_cat-auvents","9":"first","10":"instock","11":"taxable","12":"shipping-taxable","13":"purchasable","14":"product-type-variable"},"acf":[],"yoast_head":"<!-- This site is optimized with the Yoast SEO plugin v27.4 - https:\/\/yoast.com\/product\/yoast-seo-wordpress\/ -->\n<title>Auvent Ace Air pro Dometic - Bantam Wankm\u00fcller SA<\/title>\n<meta name=\"robots\" content=\"index, follow, max-snippet:-1, max-image-preview:large, max-video-preview:-1\" \/>\n<link rel=\"canonical\" href=\"https:\/\/shop.bantam.ch\/fr\/produit\/auvent-ace-air-pro-dometic\/\" \/>\n<meta property=\"og:locale\" content=\"fr_FR\" \/>\n<meta property=\"og:type\" content=\"article\" \/>\n<meta property=\"og:title\" content=\"Auvent Ace Air pro Dometic - Bantam Wankm\u00fcller SA\" \/>\n<meta property=\"og:description\" content=\"Parfait sous tous les angles L\u2019auvent le plus pris\u00e9 d\u2019Europe. L\u2019Ace AIR Pro est tr\u00e8s esth\u00e9tique tout en restant compl\u00e8tement fonctionnel &#8211; vous ferez sans aucun doute l\u2019envie de tout le camping. Les panneaux avant en panoramique sont non seulement beaux, mais ils fournissent un espace int\u00e9rieur suppl\u00e9mentaire avec une profondeur de 300 cm. Les [&hellip;]\" \/>\n<meta property=\"og:url\" content=\"https:\/\/shop.bantam.ch\/fr\/produit\/auvent-ace-air-pro-dometic\/\" \/>\n<meta property=\"og:site_name\" content=\"Bantam Wankm\u00fcller SA\" \/>\n<meta property=\"article:modified_time\" content=\"2026-04-18T22:03:20+00:00\" \/>\n<meta property=\"og:image\" content=\"https:\/\/shop.bantam.ch\/wp-content\/uploads\/2023\/03\/9120001124_Ace-AIR-Pro-400-S-1.jpg\" \/>\n\t<meta property=\"og:image:width\" content=\"1181\" \/>\n\t<meta property=\"og:image:height\" content=\"1181\" \/>\n\t<meta property=\"og:image:type\" content=\"image\/jpeg\" \/>\n<meta name=\"twitter:card\" content=\"summary_large_image\" \/>\n<meta name=\"twitter:label1\" content=\"Dur\u00e9e de lecture estim\u00e9e\" \/>\n\t<meta name=\"twitter:data1\" content=\"1 minute\" \/>\n<script type=\"application\/ld+json\" class=\"yoast-schema-graph\">{\"@context\":\"https:\\\/\\\/schema.org\",\"@graph\":[{\"@type\":\"WebPage\",\"@id\":\"https:\\\/\\\/shop.bantam.ch\\\/fr\\\/produit\\\/auvent-ace-air-pro-dometic\\\/\",\"url\":\"https:\\\/\\\/shop.bantam.ch\\\/fr\\\/produit\\\/auvent-ace-air-pro-dometic\\\/\",\"name\":\"Auvent Ace Air pro Dometic - Bantam Wankm\u00fcller SA\",\"isPartOf\":{\"@id\":\"https:\\\/\\\/shop.bantam.ch\\\/fr\\\/#website\"},\"primaryImageOfPage\":{\"@id\":\"https:\\\/\\\/shop.bantam.ch\\\/fr\\\/produit\\\/auvent-ace-air-pro-dometic\\\/#primaryimage\"},\"image\":{\"@id\":\"https:\\\/\\\/shop.bantam.ch\\\/fr\\\/produit\\\/auvent-ace-air-pro-dometic\\\/#primaryimage\"},\"thumbnailUrl\":\"https:\\\/\\\/shop.bantam.ch\\\/wp-content\\\/uploads\\\/2023\\\/03\\\/9120001124_Ace-AIR-Pro-400-S-1.jpg\",\"datePublished\":\"2023-03-17T13:22:27+00:00\",\"dateModified\":\"2026-04-18T22:03:20+00:00\",\"breadcrumb\":{\"@id\":\"https:\\\/\\\/shop.bantam.ch\\\/fr\\\/produit\\\/auvent-ace-air-pro-dometic\\\/#breadcrumb\"},\"inLanguage\":\"fr-FR\",\"potentialAction\":[{\"@type\":\"ReadAction\",\"target\":[\"https:\\\/\\\/shop.bantam.ch\\\/fr\\\/produit\\\/auvent-ace-air-pro-dometic\\\/\"]}]},{\"@type\":\"ImageObject\",\"inLanguage\":\"fr-FR\",\"@id\":\"https:\\\/\\\/shop.bantam.ch\\\/fr\\\/produit\\\/auvent-ace-air-pro-dometic\\\/#primaryimage\",\"url\":\"https:\\\/\\\/shop.bantam.ch\\\/wp-content\\\/uploads\\\/2023\\\/03\\\/9120001124_Ace-AIR-Pro-400-S-1.jpg\",\"contentUrl\":\"https:\\\/\\\/shop.bantam.ch\\\/wp-content\\\/uploads\\\/2023\\\/03\\\/9120001124_Ace-AIR-Pro-400-S-1.jpg\",\"width\":1181,\"height\":1181},{\"@type\":\"BreadcrumbList\",\"@id\":\"https:\\\/\\\/shop.bantam.ch\\\/fr\\\/produit\\\/auvent-ace-air-pro-dometic\\\/#breadcrumb\",\"itemListElement\":[{\"@type\":\"ListItem\",\"position\":1,\"name\":\"Accueil\",\"item\":\"https:\\\/\\\/shop.bantam.ch\\\/fr\\\/\"},{\"@type\":\"ListItem\",\"position\":2,\"name\":\"Boutique\",\"item\":\"https:\\\/\\\/shop.bantam.ch\\\/fr\\\/boutique\\\/\"},{\"@type\":\"ListItem\",\"position\":3,\"name\":\"Auvent Ace Air pro Dometic\"}]},{\"@type\":\"WebSite\",\"@id\":\"https:\\\/\\\/shop.bantam.ch\\\/fr\\\/#website\",\"url\":\"https:\\\/\\\/shop.bantam.ch\\\/fr\\\/\",\"name\":\"Bantam Wankm\u00fcller SA\",\"description\":\"\",\"publisher\":{\"@id\":\"https:\\\/\\\/shop.bantam.ch\\\/fr\\\/#organization\"},\"inLanguage\":\"fr-FR\"},{\"@type\":\"Organization\",\"@id\":\"https:\\\/\\\/shop.bantam.ch\\\/fr\\\/#organization\",\"name\":\"Bantam Wankm\u00fcller SA\",\"url\":\"https:\\\/\\\/shop.bantam.ch\\\/fr\\\/\",\"logo\":{\"@type\":\"ImageObject\",\"inLanguage\":\"fr-FR\",\"@id\":\"https:\\\/\\\/shop.bantam.ch\\\/fr\\\/#\\\/schema\\\/logo\\\/image\\\/\",\"url\":\"https:\\\/\\\/shop.bantam.ch\\\/wp-content\\\/uploads\\\/2022\\\/12\\\/bantam-logo.png\",\"contentUrl\":\"https:\\\/\\\/shop.bantam.ch\\\/wp-content\\\/uploads\\\/2022\\\/12\\\/bantam-logo.png\",\"width\":320,\"height\":71,\"caption\":\"Bantam Wankm\u00fcller SA\"},\"image\":{\"@id\":\"https:\\\/\\\/shop.bantam.ch\\\/fr\\\/#\\\/schema\\\/logo\\\/image\\\/\"}}]}<\/script>\n<!-- \/ Yoast SEO plugin. -->","yoast_head_json":{"title":"Auvent Ace Air pro Dometic - Bantam Wankm\u00fcller SA","robots":{"index":"index","follow":"follow","max-snippet":"max-snippet:-1","max-image-preview":"max-image-preview:large","max-video-preview":"max-video-preview:-1"},"canonical":"https:\/\/shop.bantam.ch\/fr\/produit\/auvent-ace-air-pro-dometic\/","og_locale":"fr_FR","og_type":"article","og_title":"Auvent Ace Air pro Dometic - Bantam Wankm\u00fcller SA","og_description":"Parfait sous tous les angles L\u2019auvent le plus pris\u00e9 d\u2019Europe. L\u2019Ace AIR Pro est tr\u00e8s esth\u00e9tique tout en restant compl\u00e8tement fonctionnel &#8211; vous ferez sans aucun doute l\u2019envie de tout le camping. Les panneaux avant en panoramique sont non seulement beaux, mais ils fournissent un espace int\u00e9rieur suppl\u00e9mentaire avec une profondeur de 300 cm. Les [&hellip;]","og_url":"https:\/\/shop.bantam.ch\/fr\/produit\/auvent-ace-air-pro-dometic\/","og_site_name":"Bantam Wankm\u00fcller SA","article_modified_time":"2026-04-18T22:03:20+00:00","og_image":[{"width":1181,"height":1181,"url":"https:\/\/shop.bantam.ch\/wp-content\/uploads\/2023\/03\/9120001124_Ace-AIR-Pro-400-S-1.jpg","type":"image\/jpeg"}],"twitter_card":"summary_large_image","twitter_misc":{"Dur\u00e9e de lecture estim\u00e9e":"1 minute"},"schema":{"@context":"https:\/\/schema.org","@graph":[{"@type":"WebPage","@id":"https:\/\/shop.bantam.ch\/fr\/produit\/auvent-ace-air-pro-dometic\/","url":"https:\/\/shop.bantam.ch\/fr\/produit\/auvent-ace-air-pro-dometic\/","name":"Auvent Ace Air pro Dometic - Bantam Wankm\u00fcller SA","isPartOf":{"@id":"https:\/\/shop.bantam.ch\/fr\/#website"},"primaryImageOfPage":{"@id":"https:\/\/shop.bantam.ch\/fr\/produit\/auvent-ace-air-pro-dometic\/#primaryimage"},"image":{"@id":"https:\/\/shop.bantam.ch\/fr\/produit\/auvent-ace-air-pro-dometic\/#primaryimage"},"thumbnailUrl":"https:\/\/shop.bantam.ch\/wp-content\/uploads\/2023\/03\/9120001124_Ace-AIR-Pro-400-S-1.jpg","datePublished":"2023-03-17T13:22:27+00:00","dateModified":"2026-04-18T22:03:20+00:00","breadcrumb":{"@id":"https:\/\/shop.bantam.ch\/fr\/produit\/auvent-ace-air-pro-dometic\/#breadcrumb"},"inLanguage":"fr-FR","potentialAction":[{"@type":"ReadAction","target":["https:\/\/shop.bantam.ch\/fr\/produit\/auvent-ace-air-pro-dometic\/"]}]},{"@type":"ImageObject","inLanguage":"fr-FR","@id":"https:\/\/shop.bantam.ch\/fr\/produit\/auvent-ace-air-pro-dometic\/#primaryimage","url":"https:\/\/shop.bantam.ch\/wp-content\/uploads\/2023\/03\/9120001124_Ace-AIR-Pro-400-S-1.jpg","contentUrl":"https:\/\/shop.bantam.ch\/wp-content\/uploads\/2023\/03\/9120001124_Ace-AIR-Pro-400-S-1.jpg","width":1181,"height":1181},{"@type":"BreadcrumbList","@id":"https:\/\/shop.bantam.ch\/fr\/produit\/auvent-ace-air-pro-dometic\/#breadcrumb","itemListElement":[{"@type":"ListItem","position":1,"name":"Accueil","item":"https:\/\/shop.bantam.ch\/fr\/"},{"@type":"ListItem","position":2,"name":"Boutique","item":"https:\/\/shop.bantam.ch\/fr\/boutique\/"},{"@type":"ListItem","position":3,"name":"Auvent Ace Air pro Dometic"}]},{"@type":"WebSite","@id":"https:\/\/shop.bantam.ch\/fr\/#website","url":"https:\/\/shop.bantam.ch\/fr\/","name":"Bantam Wankm\u00fcller SA","description":"","publisher":{"@id":"https:\/\/shop.bantam.ch\/fr\/#organization"},"inLanguage":"fr-FR"},{"@type":"Organization","@id":"https:\/\/shop.bantam.ch\/fr\/#organization","name":"Bantam Wankm\u00fcller SA","url":"https:\/\/shop.bantam.ch\/fr\/","logo":{"@type":"ImageObject","inLanguage":"fr-FR","@id":"https:\/\/shop.bantam.ch\/fr\/#\/schema\/logo\/image\/","url":"https:\/\/shop.bantam.ch\/wp-content\/uploads\/2022\/12\/bantam-logo.png","contentUrl":"https:\/\/shop.bantam.ch\/wp-content\/uploads\/2022\/12\/bantam-logo.png","width":320,"height":71,"caption":"Bantam Wankm\u00fcller SA"},"image":{"@id":"https:\/\/shop.bantam.ch\/fr\/#\/schema\/logo\/image\/"}}]}},"_links":{"self":[{"href":"https:\/\/shop.bantam.ch\/fr\/wp-json\/wp\/v2\/product\/150707","targetHints":{"allow":["GET"]}}],"collection":[{"href":"https:\/\/shop.bantam.ch\/fr\/wp-json\/wp\/v2\/product"}],"about":[{"href":"https:\/\/shop.bantam.ch\/fr\/wp-json\/wp\/v2\/types\/product"}],"wp:featuredmedia":[{"embeddable":true,"href":"https:\/\/shop.bantam.ch\/fr\/wp-json\/wp\/v2\/media\/150703"}],"wp:attachment":[{"href":"https:\/\/shop.bantam.ch\/fr\/wp-json\/wp\/v2\/media?parent=150707"}],"wp:term":[{"taxonomy":"product_featured_cat","embeddable":true,"href":"https:\/\/shop.bantam.ch\/fr\/wp-json\/wp\/v2\/product_featured_cat?post=150707"},{"taxonomy":"product_brand","embeddable":true,"href":"https:\/\/shop.bantam.ch\/fr\/wp-json\/wp\/v2\/product_brand?post=150707"},{"taxonomy":"product_cat","embeddable":true,"href":"https:\/\/shop.bantam.ch\/fr\/wp-json\/wp\/v2\/product_cat?post=150707"},{"taxonomy":"product_tag","embeddable":true,"href":"https:\/\/shop.bantam.ch\/fr\/wp-json\/wp\/v2\/product_tag?post=150707"}],"curies":[{"name":"wp","href":"https:\/\/api.w.org\/{rel}","templated":true}]}}