{"id":138685,"date":"2023-03-01T20:19:26","date_gmt":"2023-03-01T19:19:26","guid":{"rendered":"https:\/\/shop.bantam.ch\/produit\/carte-routiere-salzbourg-sud-tyrol-tyrol-oriental\/"},"modified":"2026-04-18T22:07:22","modified_gmt":"2026-04-18T20:07:22","slug":"carte-routiere-salzbourg-sud-tyrol-tyrol-oriental","status":"publish","type":"product","link":"https:\/\/shop.bantam.ch\/fr\/produit\/carte-routiere-salzbourg-sud-tyrol-tyrol-oriental\/","title":{"rendered":"Carte routi\u00e8re Salzbourg Sud &#8211; Tyrol &#8211; Tyrol oriental"},"content":{"rendered":"<p><font color=\"#212529\" face=\"DIN Next LT W01 Light, sans-serif\"><span>Une carte clairement pr\u00e9sent\u00e9e montre des pays ou des r\u00e9gions \u00e0 grande \u00e9chelle et inclut toutes les villes et les routes, les itin\u00e9raires \u00e0 travers de beaux paysages et les attractions. Les num\u00e9ros figurant sur la carte permettent de trouver rapidement les points forts num\u00e9rot\u00e9s.<\/span><\/font><\/p>\n<p><font color=\"#212529\" face=\"DIN Next LT W01 Light, sans-serif\"><span>77 points forts du pays ou de la r\u00e9gion pr\u00e9sent\u00e9s avec des photos et de courts textes. Les photos, les textes et la carte sont tous num\u00e9rot\u00e9s de la m\u00eame mani\u00e8re, ce qui permet d&rsquo;\u00e9tablir un lien entre tous les \u00e9l\u00e9ments et de trouver rapidement ce que l&rsquo;on cherche \u00e0 l&rsquo;aide d&rsquo;une grille de recherche. Les points forts sont s\u00e9lectionn\u00e9s dans les domaines de l&rsquo;art, de la culture, du paysage, de l&rsquo;art de vivre et de la gastronomie.<\/span><\/font><\/p>\n<p><font color=\"#212529\" face=\"DIN Next LT W01 Light, sans-serif\"><span>Un index des noms facilite la recherche des lieux les plus importants.<\/span><\/font><\/p>\n","protected":false},"excerpt":{"rendered":"<p>Une carte clairement pr\u00e9sent\u00e9e montre des pays ou des r\u00e9gions \u00e0 grande \u00e9chelle et inclut toutes les villes et les routes, les itin\u00e9raires \u00e0 travers de beaux paysages et les attractions. Les num\u00e9ros figurant sur la carte permettent de trouver rapidement les points forts num\u00e9rot\u00e9s. 77 points forts du pays ou de la r\u00e9gion pr\u00e9sent\u00e9s [&hellip;]<\/p>\n","protected":false},"featured_media":188900,"template":"","meta":{"_acf_changed":false},"product_featured_cat":[],"product_brand":[3032],"product_cat":[4351],"product_tag":[],"class_list":{"0":"post-138685","1":"product","2":"type-product","3":"status-publish","4":"has-post-thumbnail","6":"product_brand-standard","7":"product_cat-guides-de-voyage","9":"first","10":"instock","11":"taxable","12":"shipping-taxable","13":"purchasable","14":"product-type-simple"},"acf":[],"yoast_head":"<!-- This site is optimized with the Yoast SEO plugin v27.4 - https:\/\/yoast.com\/product\/yoast-seo-wordpress\/ -->\n<title>Carte routi\u00e8re Salzbourg Sud - Tyrol - Tyrol oriental - Bantam Wankm\u00fcller SA<\/title>\n<meta name=\"robots\" content=\"index, follow, max-snippet:-1, max-image-preview:large, max-video-preview:-1\" \/>\n<link rel=\"canonical\" href=\"https:\/\/shop.bantam.ch\/fr\/produit\/carte-routiere-salzbourg-sud-tyrol-tyrol-oriental\/\" \/>\n<meta property=\"og:locale\" content=\"fr_FR\" \/>\n<meta property=\"og:type\" content=\"article\" \/>\n<meta property=\"og:title\" content=\"Carte routi\u00e8re Salzbourg Sud - Tyrol - Tyrol oriental - Bantam Wankm\u00fcller SA\" \/>\n<meta property=\"og:description\" content=\"Une carte clairement pr\u00e9sent\u00e9e montre des pays ou des r\u00e9gions \u00e0 grande \u00e9chelle et inclut toutes les villes et les routes, les itin\u00e9raires \u00e0 travers de beaux paysages et les attractions. Les num\u00e9ros figurant sur la carte permettent de trouver rapidement les points forts num\u00e9rot\u00e9s. 77 points forts du pays ou de la r\u00e9gion pr\u00e9sent\u00e9s [&hellip;]\" \/>\n<meta property=\"og:url\" content=\"https:\/\/shop.bantam.ch\/fr\/produit\/carte-routiere-salzbourg-sud-tyrol-tyrol-oriental\/\" \/>\n<meta property=\"og:site_name\" content=\"Bantam Wankm\u00fcller SA\" \/>\n<meta property=\"article:modified_time\" content=\"2026-04-18T20:07:22+00:00\" \/>\n<meta name=\"twitter:card\" content=\"summary_large_image\" \/>\n<meta name=\"twitter:label1\" content=\"Dur\u00e9e de lecture estim\u00e9e\" \/>\n\t<meta name=\"twitter:data1\" content=\"1 minute\" \/>\n<script type=\"application\/ld+json\" class=\"yoast-schema-graph\">{\"@context\":\"https:\\\/\\\/schema.org\",\"@graph\":[{\"@type\":\"WebPage\",\"@id\":\"https:\\\/\\\/shop.bantam.ch\\\/fr\\\/produit\\\/carte-routiere-salzbourg-sud-tyrol-tyrol-oriental\\\/\",\"url\":\"https:\\\/\\\/shop.bantam.ch\\\/fr\\\/produit\\\/carte-routiere-salzbourg-sud-tyrol-tyrol-oriental\\\/\",\"name\":\"Carte routi\u00e8re Salzbourg Sud - Tyrol - Tyrol oriental - Bantam Wankm\u00fcller SA\",\"isPartOf\":{\"@id\":\"https:\\\/\\\/shop.bantam.ch\\\/fr\\\/#website\"},\"primaryImageOfPage\":{\"@id\":\"https:\\\/\\\/shop.bantam.ch\\\/fr\\\/produit\\\/carte-routiere-salzbourg-sud-tyrol-tyrol-oriental\\\/#primaryimage\"},\"image\":{\"@id\":\"https:\\\/\\\/shop.bantam.ch\\\/fr\\\/produit\\\/carte-routiere-salzbourg-sud-tyrol-tyrol-oriental\\\/#primaryimage\"},\"thumbnailUrl\":\"https:\\\/\\\/shop.bantam.ch\\\/wp-content\\\/uploads\\\/2023\\\/12\\\/p-strassenkarte-salzburg-tirol-3-259-01279-6-731789-oesterreich-reisekarten-1-150-000-.jpg\",\"datePublished\":\"2023-03-01T19:19:26+00:00\",\"dateModified\":\"2026-04-18T20:07:22+00:00\",\"breadcrumb\":{\"@id\":\"https:\\\/\\\/shop.bantam.ch\\\/fr\\\/produit\\\/carte-routiere-salzbourg-sud-tyrol-tyrol-oriental\\\/#breadcrumb\"},\"inLanguage\":\"fr-FR\",\"potentialAction\":[{\"@type\":\"ReadAction\",\"target\":[\"https:\\\/\\\/shop.bantam.ch\\\/fr\\\/produit\\\/carte-routiere-salzbourg-sud-tyrol-tyrol-oriental\\\/\"]}]},{\"@type\":\"ImageObject\",\"inLanguage\":\"fr-FR\",\"@id\":\"https:\\\/\\\/shop.bantam.ch\\\/fr\\\/produit\\\/carte-routiere-salzbourg-sud-tyrol-tyrol-oriental\\\/#primaryimage\",\"url\":\"https:\\\/\\\/shop.bantam.ch\\\/wp-content\\\/uploads\\\/2023\\\/12\\\/p-strassenkarte-salzburg-tirol-3-259-01279-6-731789-oesterreich-reisekarten-1-150-000-.jpg\",\"contentUrl\":\"https:\\\/\\\/shop.bantam.ch\\\/wp-content\\\/uploads\\\/2023\\\/12\\\/p-strassenkarte-salzburg-tirol-3-259-01279-6-731789-oesterreich-reisekarten-1-150-000-.jpg\",\"width\":600,\"height\":600},{\"@type\":\"BreadcrumbList\",\"@id\":\"https:\\\/\\\/shop.bantam.ch\\\/fr\\\/produit\\\/carte-routiere-salzbourg-sud-tyrol-tyrol-oriental\\\/#breadcrumb\",\"itemListElement\":[{\"@type\":\"ListItem\",\"position\":1,\"name\":\"Accueil\",\"item\":\"https:\\\/\\\/shop.bantam.ch\\\/fr\\\/\"},{\"@type\":\"ListItem\",\"position\":2,\"name\":\"Boutique\",\"item\":\"https:\\\/\\\/shop.bantam.ch\\\/fr\\\/boutique\\\/\"},{\"@type\":\"ListItem\",\"position\":3,\"name\":\"Carte routi\u00e8re Salzbourg Sud &#8211; Tyrol &#8211; Tyrol oriental\"}]},{\"@type\":\"WebSite\",\"@id\":\"https:\\\/\\\/shop.bantam.ch\\\/fr\\\/#website\",\"url\":\"https:\\\/\\\/shop.bantam.ch\\\/fr\\\/\",\"name\":\"Bantam Wankm\u00fcller SA\",\"description\":\"\",\"publisher\":{\"@id\":\"https:\\\/\\\/shop.bantam.ch\\\/fr\\\/#organization\"},\"inLanguage\":\"fr-FR\"},{\"@type\":\"Organization\",\"@id\":\"https:\\\/\\\/shop.bantam.ch\\\/fr\\\/#organization\",\"name\":\"Bantam Wankm\u00fcller SA\",\"url\":\"https:\\\/\\\/shop.bantam.ch\\\/fr\\\/\",\"logo\":{\"@type\":\"ImageObject\",\"inLanguage\":\"fr-FR\",\"@id\":\"https:\\\/\\\/shop.bantam.ch\\\/fr\\\/#\\\/schema\\\/logo\\\/image\\\/\",\"url\":\"https:\\\/\\\/shop.bantam.ch\\\/wp-content\\\/uploads\\\/2022\\\/12\\\/bantam-logo.png\",\"contentUrl\":\"https:\\\/\\\/shop.bantam.ch\\\/wp-content\\\/uploads\\\/2022\\\/12\\\/bantam-logo.png\",\"width\":320,\"height\":71,\"caption\":\"Bantam Wankm\u00fcller SA\"},\"image\":{\"@id\":\"https:\\\/\\\/shop.bantam.ch\\\/fr\\\/#\\\/schema\\\/logo\\\/image\\\/\"}}]}<\/script>\n<!-- \/ Yoast SEO plugin. -->","yoast_head_json":{"title":"Carte routi\u00e8re Salzbourg Sud - Tyrol - Tyrol oriental - Bantam Wankm\u00fcller SA","robots":{"index":"index","follow":"follow","max-snippet":"max-snippet:-1","max-image-preview":"max-image-preview:large","max-video-preview":"max-video-preview:-1"},"canonical":"https:\/\/shop.bantam.ch\/fr\/produit\/carte-routiere-salzbourg-sud-tyrol-tyrol-oriental\/","og_locale":"fr_FR","og_type":"article","og_title":"Carte routi\u00e8re Salzbourg Sud - Tyrol - Tyrol oriental - Bantam Wankm\u00fcller SA","og_description":"Une carte clairement pr\u00e9sent\u00e9e montre des pays ou des r\u00e9gions \u00e0 grande \u00e9chelle et inclut toutes les villes et les routes, les itin\u00e9raires \u00e0 travers de beaux paysages et les attractions. Les num\u00e9ros figurant sur la carte permettent de trouver rapidement les points forts num\u00e9rot\u00e9s. 77 points forts du pays ou de la r\u00e9gion pr\u00e9sent\u00e9s [&hellip;]","og_url":"https:\/\/shop.bantam.ch\/fr\/produit\/carte-routiere-salzbourg-sud-tyrol-tyrol-oriental\/","og_site_name":"Bantam Wankm\u00fcller SA","article_modified_time":"2026-04-18T20:07:22+00:00","twitter_card":"summary_large_image","twitter_misc":{"Dur\u00e9e de lecture estim\u00e9e":"1 minute"},"schema":{"@context":"https:\/\/schema.org","@graph":[{"@type":"WebPage","@id":"https:\/\/shop.bantam.ch\/fr\/produit\/carte-routiere-salzbourg-sud-tyrol-tyrol-oriental\/","url":"https:\/\/shop.bantam.ch\/fr\/produit\/carte-routiere-salzbourg-sud-tyrol-tyrol-oriental\/","name":"Carte routi\u00e8re Salzbourg Sud - Tyrol - Tyrol oriental - Bantam Wankm\u00fcller SA","isPartOf":{"@id":"https:\/\/shop.bantam.ch\/fr\/#website"},"primaryImageOfPage":{"@id":"https:\/\/shop.bantam.ch\/fr\/produit\/carte-routiere-salzbourg-sud-tyrol-tyrol-oriental\/#primaryimage"},"image":{"@id":"https:\/\/shop.bantam.ch\/fr\/produit\/carte-routiere-salzbourg-sud-tyrol-tyrol-oriental\/#primaryimage"},"thumbnailUrl":"https:\/\/shop.bantam.ch\/wp-content\/uploads\/2023\/12\/p-strassenkarte-salzburg-tirol-3-259-01279-6-731789-oesterreich-reisekarten-1-150-000-.jpg","datePublished":"2023-03-01T19:19:26+00:00","dateModified":"2026-04-18T20:07:22+00:00","breadcrumb":{"@id":"https:\/\/shop.bantam.ch\/fr\/produit\/carte-routiere-salzbourg-sud-tyrol-tyrol-oriental\/#breadcrumb"},"inLanguage":"fr-FR","potentialAction":[{"@type":"ReadAction","target":["https:\/\/shop.bantam.ch\/fr\/produit\/carte-routiere-salzbourg-sud-tyrol-tyrol-oriental\/"]}]},{"@type":"ImageObject","inLanguage":"fr-FR","@id":"https:\/\/shop.bantam.ch\/fr\/produit\/carte-routiere-salzbourg-sud-tyrol-tyrol-oriental\/#primaryimage","url":"https:\/\/shop.bantam.ch\/wp-content\/uploads\/2023\/12\/p-strassenkarte-salzburg-tirol-3-259-01279-6-731789-oesterreich-reisekarten-1-150-000-.jpg","contentUrl":"https:\/\/shop.bantam.ch\/wp-content\/uploads\/2023\/12\/p-strassenkarte-salzburg-tirol-3-259-01279-6-731789-oesterreich-reisekarten-1-150-000-.jpg","width":600,"height":600},{"@type":"BreadcrumbList","@id":"https:\/\/shop.bantam.ch\/fr\/produit\/carte-routiere-salzbourg-sud-tyrol-tyrol-oriental\/#breadcrumb","itemListElement":[{"@type":"ListItem","position":1,"name":"Accueil","item":"https:\/\/shop.bantam.ch\/fr\/"},{"@type":"ListItem","position":2,"name":"Boutique","item":"https:\/\/shop.bantam.ch\/fr\/boutique\/"},{"@type":"ListItem","position":3,"name":"Carte routi\u00e8re Salzbourg Sud &#8211; Tyrol &#8211; Tyrol oriental"}]},{"@type":"WebSite","@id":"https:\/\/shop.bantam.ch\/fr\/#website","url":"https:\/\/shop.bantam.ch\/fr\/","name":"Bantam Wankm\u00fcller SA","description":"","publisher":{"@id":"https:\/\/shop.bantam.ch\/fr\/#organization"},"inLanguage":"fr-FR"},{"@type":"Organization","@id":"https:\/\/shop.bantam.ch\/fr\/#organization","name":"Bantam Wankm\u00fcller SA","url":"https:\/\/shop.bantam.ch\/fr\/","logo":{"@type":"ImageObject","inLanguage":"fr-FR","@id":"https:\/\/shop.bantam.ch\/fr\/#\/schema\/logo\/image\/","url":"https:\/\/shop.bantam.ch\/wp-content\/uploads\/2022\/12\/bantam-logo.png","contentUrl":"https:\/\/shop.bantam.ch\/wp-content\/uploads\/2022\/12\/bantam-logo.png","width":320,"height":71,"caption":"Bantam Wankm\u00fcller SA"},"image":{"@id":"https:\/\/shop.bantam.ch\/fr\/#\/schema\/logo\/image\/"}}]}},"_links":{"self":[{"href":"https:\/\/shop.bantam.ch\/fr\/wp-json\/wp\/v2\/product\/138685","targetHints":{"allow":["GET"]}}],"collection":[{"href":"https:\/\/shop.bantam.ch\/fr\/wp-json\/wp\/v2\/product"}],"about":[{"href":"https:\/\/shop.bantam.ch\/fr\/wp-json\/wp\/v2\/types\/product"}],"wp:featuredmedia":[{"embeddable":true,"href":"https:\/\/shop.bantam.ch\/fr\/wp-json\/wp\/v2\/media\/188900"}],"wp:attachment":[{"href":"https:\/\/shop.bantam.ch\/fr\/wp-json\/wp\/v2\/media?parent=138685"}],"wp:term":[{"taxonomy":"product_featured_cat","embeddable":true,"href":"https:\/\/shop.bantam.ch\/fr\/wp-json\/wp\/v2\/product_featured_cat?post=138685"},{"taxonomy":"product_brand","embeddable":true,"href":"https:\/\/shop.bantam.ch\/fr\/wp-json\/wp\/v2\/product_brand?post=138685"},{"taxonomy":"product_cat","embeddable":true,"href":"https:\/\/shop.bantam.ch\/fr\/wp-json\/wp\/v2\/product_cat?post=138685"},{"taxonomy":"product_tag","embeddable":true,"href":"https:\/\/shop.bantam.ch\/fr\/wp-json\/wp\/v2\/product_tag?post=138685"}],"curies":[{"name":"wp","href":"https:\/\/api.w.org\/{rel}","templated":true}]}}