{"id":138489,"date":"2023-03-01T20:07:59","date_gmt":"2023-03-01T19:07:59","guid":{"rendered":"https:\/\/shop.bantam.ch\/produit\/couteau-a-decouper-3\/"},"modified":"2026-04-17T22:03:45","modified_gmt":"2026-04-17T20:03:45","slug":"couteau-a-decouper-3","status":"publish","type":"product","link":"https:\/\/shop.bantam.ch\/fr\/produit\/couteau-a-decouper-3\/","title":{"rendered":"Couteau \u00e0 d\u00e9couper"},"content":{"rendered":"<p>Parfait pour trancher de gros r\u00f4tis et r\u00e9aliser diff\u00e9rentes d\u00e9coupes de viande\u00a0<\/p>\n<p>Couteau \u00e0 d\u00e9couper \u00e0 lame droite, fabriqu\u00e9 en Suisse<\/p>\n<p>Lame en acier inoxydable d\u2019une excellente tenue de coupe et manche synth\u00e9tique<\/p>\n","protected":false},"excerpt":{"rendered":"<p>Parfait pour trancher de gros r\u00f4tis et r\u00e9aliser diff\u00e9rentes d\u00e9coupes de viande\u00a0 Couteau \u00e0 d\u00e9couper \u00e0 lame droite, fabriqu\u00e9 en Suisse Lame en acier inoxydable d\u2019une excellente tenue de coupe et manche synth\u00e9tique<\/p>\n","protected":false},"featured_media":188858,"template":"","meta":{"_acf_changed":false},"product_featured_cat":[],"product_brand":[3524],"product_cat":[4337],"product_tag":[],"class_list":{"0":"post-138489","1":"product","2":"type-product","3":"status-publish","4":"has-post-thumbnail","6":"product_brand-victorinox","7":"product_cat-accessoires-pour-ustensiles-de-cuisson","9":"first","10":"instock","11":"taxable","12":"shipping-taxable","13":"purchasable","14":"product-type-simple"},"acf":[],"yoast_head":"<!-- This site is optimized with the Yoast SEO plugin v27.4 - https:\/\/yoast.com\/product\/yoast-seo-wordpress\/ -->\n<title>Couteau \u00e0 d\u00e9couper - Bantam Wankm\u00fcller SA<\/title>\n<meta name=\"robots\" content=\"index, follow, max-snippet:-1, max-image-preview:large, max-video-preview:-1\" \/>\n<link rel=\"canonical\" href=\"https:\/\/shop.bantam.ch\/fr\/produit\/couteau-a-decouper-3\/\" \/>\n<meta property=\"og:locale\" content=\"fr_FR\" \/>\n<meta property=\"og:type\" content=\"article\" \/>\n<meta property=\"og:title\" content=\"Couteau \u00e0 d\u00e9couper - Bantam Wankm\u00fcller SA\" \/>\n<meta property=\"og:description\" content=\"Parfait pour trancher de gros r\u00f4tis et r\u00e9aliser diff\u00e9rentes d\u00e9coupes de viande\u00a0 Couteau \u00e0 d\u00e9couper \u00e0 lame droite, fabriqu\u00e9 en Suisse Lame en acier inoxydable d\u2019une excellente tenue de coupe et manche synth\u00e9tique\" \/>\n<meta property=\"og:url\" content=\"https:\/\/shop.bantam.ch\/fr\/produit\/couteau-a-decouper-3\/\" \/>\n<meta property=\"og:site_name\" content=\"Bantam Wankm\u00fcller SA\" \/>\n<meta property=\"article:modified_time\" content=\"2026-04-17T20:03:45+00:00\" \/>\n<meta property=\"og:image\" content=\"https:\/\/shop.bantam.ch\/wp-content\/uploads\/2023\/12\/CUT_6_9013_22__S1.jpg\" \/>\n\t<meta property=\"og:image:width\" content=\"560\" \/>\n\t<meta property=\"og:image:height\" content=\"490\" \/>\n\t<meta property=\"og:image:type\" content=\"image\/jpeg\" \/>\n<meta name=\"twitter:card\" content=\"summary_large_image\" \/>\n<script type=\"application\/ld+json\" class=\"yoast-schema-graph\">{\"@context\":\"https:\\\/\\\/schema.org\",\"@graph\":[{\"@type\":\"WebPage\",\"@id\":\"https:\\\/\\\/shop.bantam.ch\\\/fr\\\/produit\\\/couteau-a-decouper-3\\\/\",\"url\":\"https:\\\/\\\/shop.bantam.ch\\\/fr\\\/produit\\\/couteau-a-decouper-3\\\/\",\"name\":\"Couteau \u00e0 d\u00e9couper - Bantam Wankm\u00fcller SA\",\"isPartOf\":{\"@id\":\"https:\\\/\\\/shop.bantam.ch\\\/fr\\\/#website\"},\"primaryImageOfPage\":{\"@id\":\"https:\\\/\\\/shop.bantam.ch\\\/fr\\\/produit\\\/couteau-a-decouper-3\\\/#primaryimage\"},\"image\":{\"@id\":\"https:\\\/\\\/shop.bantam.ch\\\/fr\\\/produit\\\/couteau-a-decouper-3\\\/#primaryimage\"},\"thumbnailUrl\":\"https:\\\/\\\/shop.bantam.ch\\\/wp-content\\\/uploads\\\/2023\\\/12\\\/CUT_6_9013_22__S1.jpg\",\"datePublished\":\"2023-03-01T19:07:59+00:00\",\"dateModified\":\"2026-04-17T20:03:45+00:00\",\"breadcrumb\":{\"@id\":\"https:\\\/\\\/shop.bantam.ch\\\/fr\\\/produit\\\/couteau-a-decouper-3\\\/#breadcrumb\"},\"inLanguage\":\"fr-FR\",\"potentialAction\":[{\"@type\":\"ReadAction\",\"target\":[\"https:\\\/\\\/shop.bantam.ch\\\/fr\\\/produit\\\/couteau-a-decouper-3\\\/\"]}]},{\"@type\":\"ImageObject\",\"inLanguage\":\"fr-FR\",\"@id\":\"https:\\\/\\\/shop.bantam.ch\\\/fr\\\/produit\\\/couteau-a-decouper-3\\\/#primaryimage\",\"url\":\"https:\\\/\\\/shop.bantam.ch\\\/wp-content\\\/uploads\\\/2023\\\/12\\\/CUT_6_9013_22__S1.jpg\",\"contentUrl\":\"https:\\\/\\\/shop.bantam.ch\\\/wp-content\\\/uploads\\\/2023\\\/12\\\/CUT_6_9013_22__S1.jpg\",\"width\":560,\"height\":490},{\"@type\":\"BreadcrumbList\",\"@id\":\"https:\\\/\\\/shop.bantam.ch\\\/fr\\\/produit\\\/couteau-a-decouper-3\\\/#breadcrumb\",\"itemListElement\":[{\"@type\":\"ListItem\",\"position\":1,\"name\":\"Accueil\",\"item\":\"https:\\\/\\\/shop.bantam.ch\\\/fr\\\/\"},{\"@type\":\"ListItem\",\"position\":2,\"name\":\"Boutique\",\"item\":\"https:\\\/\\\/shop.bantam.ch\\\/fr\\\/boutique\\\/\"},{\"@type\":\"ListItem\",\"position\":3,\"name\":\"Couteau \u00e0 d\u00e9couper\"}]},{\"@type\":\"WebSite\",\"@id\":\"https:\\\/\\\/shop.bantam.ch\\\/fr\\\/#website\",\"url\":\"https:\\\/\\\/shop.bantam.ch\\\/fr\\\/\",\"name\":\"Bantam Wankm\u00fcller SA\",\"description\":\"\",\"publisher\":{\"@id\":\"https:\\\/\\\/shop.bantam.ch\\\/fr\\\/#organization\"},\"inLanguage\":\"fr-FR\"},{\"@type\":\"Organization\",\"@id\":\"https:\\\/\\\/shop.bantam.ch\\\/fr\\\/#organization\",\"name\":\"Bantam Wankm\u00fcller SA\",\"url\":\"https:\\\/\\\/shop.bantam.ch\\\/fr\\\/\",\"logo\":{\"@type\":\"ImageObject\",\"inLanguage\":\"fr-FR\",\"@id\":\"https:\\\/\\\/shop.bantam.ch\\\/fr\\\/#\\\/schema\\\/logo\\\/image\\\/\",\"url\":\"https:\\\/\\\/shop.bantam.ch\\\/wp-content\\\/uploads\\\/2022\\\/12\\\/bantam-logo.png\",\"contentUrl\":\"https:\\\/\\\/shop.bantam.ch\\\/wp-content\\\/uploads\\\/2022\\\/12\\\/bantam-logo.png\",\"width\":320,\"height\":71,\"caption\":\"Bantam Wankm\u00fcller SA\"},\"image\":{\"@id\":\"https:\\\/\\\/shop.bantam.ch\\\/fr\\\/#\\\/schema\\\/logo\\\/image\\\/\"}}]}<\/script>\n<!-- \/ Yoast SEO plugin. -->","yoast_head_json":{"title":"Couteau \u00e0 d\u00e9couper - Bantam Wankm\u00fcller SA","robots":{"index":"index","follow":"follow","max-snippet":"max-snippet:-1","max-image-preview":"max-image-preview:large","max-video-preview":"max-video-preview:-1"},"canonical":"https:\/\/shop.bantam.ch\/fr\/produit\/couteau-a-decouper-3\/","og_locale":"fr_FR","og_type":"article","og_title":"Couteau \u00e0 d\u00e9couper - Bantam Wankm\u00fcller SA","og_description":"Parfait pour trancher de gros r\u00f4tis et r\u00e9aliser diff\u00e9rentes d\u00e9coupes de viande\u00a0 Couteau \u00e0 d\u00e9couper \u00e0 lame droite, fabriqu\u00e9 en Suisse Lame en acier inoxydable d\u2019une excellente tenue de coupe et manche synth\u00e9tique","og_url":"https:\/\/shop.bantam.ch\/fr\/produit\/couteau-a-decouper-3\/","og_site_name":"Bantam Wankm\u00fcller SA","article_modified_time":"2026-04-17T20:03:45+00:00","og_image":[{"width":560,"height":490,"url":"https:\/\/shop.bantam.ch\/wp-content\/uploads\/2023\/12\/CUT_6_9013_22__S1.jpg","type":"image\/jpeg"}],"twitter_card":"summary_large_image","schema":{"@context":"https:\/\/schema.org","@graph":[{"@type":"WebPage","@id":"https:\/\/shop.bantam.ch\/fr\/produit\/couteau-a-decouper-3\/","url":"https:\/\/shop.bantam.ch\/fr\/produit\/couteau-a-decouper-3\/","name":"Couteau \u00e0 d\u00e9couper - Bantam Wankm\u00fcller SA","isPartOf":{"@id":"https:\/\/shop.bantam.ch\/fr\/#website"},"primaryImageOfPage":{"@id":"https:\/\/shop.bantam.ch\/fr\/produit\/couteau-a-decouper-3\/#primaryimage"},"image":{"@id":"https:\/\/shop.bantam.ch\/fr\/produit\/couteau-a-decouper-3\/#primaryimage"},"thumbnailUrl":"https:\/\/shop.bantam.ch\/wp-content\/uploads\/2023\/12\/CUT_6_9013_22__S1.jpg","datePublished":"2023-03-01T19:07:59+00:00","dateModified":"2026-04-17T20:03:45+00:00","breadcrumb":{"@id":"https:\/\/shop.bantam.ch\/fr\/produit\/couteau-a-decouper-3\/#breadcrumb"},"inLanguage":"fr-FR","potentialAction":[{"@type":"ReadAction","target":["https:\/\/shop.bantam.ch\/fr\/produit\/couteau-a-decouper-3\/"]}]},{"@type":"ImageObject","inLanguage":"fr-FR","@id":"https:\/\/shop.bantam.ch\/fr\/produit\/couteau-a-decouper-3\/#primaryimage","url":"https:\/\/shop.bantam.ch\/wp-content\/uploads\/2023\/12\/CUT_6_9013_22__S1.jpg","contentUrl":"https:\/\/shop.bantam.ch\/wp-content\/uploads\/2023\/12\/CUT_6_9013_22__S1.jpg","width":560,"height":490},{"@type":"BreadcrumbList","@id":"https:\/\/shop.bantam.ch\/fr\/produit\/couteau-a-decouper-3\/#breadcrumb","itemListElement":[{"@type":"ListItem","position":1,"name":"Accueil","item":"https:\/\/shop.bantam.ch\/fr\/"},{"@type":"ListItem","position":2,"name":"Boutique","item":"https:\/\/shop.bantam.ch\/fr\/boutique\/"},{"@type":"ListItem","position":3,"name":"Couteau \u00e0 d\u00e9couper"}]},{"@type":"WebSite","@id":"https:\/\/shop.bantam.ch\/fr\/#website","url":"https:\/\/shop.bantam.ch\/fr\/","name":"Bantam Wankm\u00fcller SA","description":"","publisher":{"@id":"https:\/\/shop.bantam.ch\/fr\/#organization"},"inLanguage":"fr-FR"},{"@type":"Organization","@id":"https:\/\/shop.bantam.ch\/fr\/#organization","name":"Bantam Wankm\u00fcller SA","url":"https:\/\/shop.bantam.ch\/fr\/","logo":{"@type":"ImageObject","inLanguage":"fr-FR","@id":"https:\/\/shop.bantam.ch\/fr\/#\/schema\/logo\/image\/","url":"https:\/\/shop.bantam.ch\/wp-content\/uploads\/2022\/12\/bantam-logo.png","contentUrl":"https:\/\/shop.bantam.ch\/wp-content\/uploads\/2022\/12\/bantam-logo.png","width":320,"height":71,"caption":"Bantam Wankm\u00fcller SA"},"image":{"@id":"https:\/\/shop.bantam.ch\/fr\/#\/schema\/logo\/image\/"}}]}},"_links":{"self":[{"href":"https:\/\/shop.bantam.ch\/fr\/wp-json\/wp\/v2\/product\/138489","targetHints":{"allow":["GET"]}}],"collection":[{"href":"https:\/\/shop.bantam.ch\/fr\/wp-json\/wp\/v2\/product"}],"about":[{"href":"https:\/\/shop.bantam.ch\/fr\/wp-json\/wp\/v2\/types\/product"}],"wp:featuredmedia":[{"embeddable":true,"href":"https:\/\/shop.bantam.ch\/fr\/wp-json\/wp\/v2\/media\/188858"}],"wp:attachment":[{"href":"https:\/\/shop.bantam.ch\/fr\/wp-json\/wp\/v2\/media?parent=138489"}],"wp:term":[{"taxonomy":"product_featured_cat","embeddable":true,"href":"https:\/\/shop.bantam.ch\/fr\/wp-json\/wp\/v2\/product_featured_cat?post=138489"},{"taxonomy":"product_brand","embeddable":true,"href":"https:\/\/shop.bantam.ch\/fr\/wp-json\/wp\/v2\/product_brand?post=138489"},{"taxonomy":"product_cat","embeddable":true,"href":"https:\/\/shop.bantam.ch\/fr\/wp-json\/wp\/v2\/product_cat?post=138489"},{"taxonomy":"product_tag","embeddable":true,"href":"https:\/\/shop.bantam.ch\/fr\/wp-json\/wp\/v2\/product_tag?post=138489"}],"curies":[{"name":"wp","href":"https:\/\/api.w.org\/{rel}","templated":true}]}}