{"id":138221,"date":"2023-03-01T19:52:39","date_gmt":"2023-03-01T18:52:39","guid":{"rendered":"https:\/\/shop.bantam.ch\/produit\/kit-solaire-moove\/"},"modified":"2026-04-19T22:04:14","modified_gmt":"2026-04-19T20:04:14","slug":"kit-solaire-moove","status":"publish","type":"product","link":"https:\/\/shop.bantam.ch\/fr\/produit\/kit-solaire-moove\/","title":{"rendered":"Kit solaire Moove"},"content":{"rendered":"<p>Les panneaux solaires MOOVE int\u00e8grent la derni\u00e8re technologie en terme de cellules monocristallines.<\/p>\n<p>D\u00e9velopp\u00e9 en France, c&rsquo;est le kit solaire id\u00e9al, pour les v\u00e9hicules de loisirs avec support de fixation int\u00e9gr\u00e9. Design exclusif et de qualit\u00e9 professionnelle, ils sont reconnus pour leurs hautes performances et leur fiabilit\u00e9.<\/p>\n<p>Le panneau solaire comprend :<\/p>\n<p>1 Panneau Solaire Monocristallins<\/p>\n<p>Pattes de fixation aluminium int\u00e9gr\u00e9es dans le ch\u00e2ssis du panneau<\/p>\n<p>R\u00e9gulateur Solaire 2 Batteries<\/p>\n<p>Puissance maximum\u00a0 : 150W<\/p>\n","protected":false},"excerpt":{"rendered":"<p>Les panneaux solaires MOOVE int\u00e8grent la derni\u00e8re technologie en terme de cellules monocristallines. D\u00e9velopp\u00e9 en France, c&rsquo;est le kit solaire id\u00e9al, pour les v\u00e9hicules de loisirs avec support de fixation int\u00e9gr\u00e9. Design exclusif et de qualit\u00e9 professionnelle, ils sont reconnus pour leurs hautes performances et leur fiabilit\u00e9. Le panneau solaire comprend : 1 Panneau Solaire [&hellip;]<\/p>\n","protected":false},"featured_media":187323,"template":"","meta":{"_acf_changed":false},"product_featured_cat":[],"product_brand":[3032],"product_cat":[4879],"product_tag":[],"class_list":{"0":"post-138221","1":"product","2":"type-product","3":"status-publish","4":"has-post-thumbnail","6":"product_brand-standard","7":"product_cat-kits-solaires","9":"first","10":"instock","11":"taxable","12":"shipping-taxable","13":"purchasable","14":"product-type-simple"},"acf":[],"yoast_head":"<!-- This site is optimized with the Yoast SEO plugin v27.4 - https:\/\/yoast.com\/product\/yoast-seo-wordpress\/ -->\n<title>Kit solaire Moove - Bantam Wankm\u00fcller SA<\/title>\n<meta name=\"robots\" content=\"index, follow, max-snippet:-1, max-image-preview:large, max-video-preview:-1\" \/>\n<link rel=\"canonical\" href=\"https:\/\/shop.bantam.ch\/fr\/produit\/kit-solaire-moove\/\" \/>\n<meta property=\"og:locale\" content=\"fr_FR\" \/>\n<meta property=\"og:type\" content=\"article\" \/>\n<meta property=\"og:title\" content=\"Kit solaire Moove - Bantam Wankm\u00fcller SA\" \/>\n<meta property=\"og:description\" content=\"Les panneaux solaires MOOVE int\u00e8grent la derni\u00e8re technologie en terme de cellules monocristallines. D\u00e9velopp\u00e9 en France, c&rsquo;est le kit solaire id\u00e9al, pour les v\u00e9hicules de loisirs avec support de fixation int\u00e9gr\u00e9. Design exclusif et de qualit\u00e9 professionnelle, ils sont reconnus pour leurs hautes performances et leur fiabilit\u00e9. Le panneau solaire comprend : 1 Panneau Solaire [&hellip;]\" \/>\n<meta property=\"og:url\" content=\"https:\/\/shop.bantam.ch\/fr\/produit\/kit-solaire-moove\/\" \/>\n<meta property=\"og:site_name\" content=\"Bantam Wankm\u00fcller SA\" \/>\n<meta property=\"article:modified_time\" content=\"2026-04-19T20:04:14+00:00\" \/>\n<meta property=\"og:image\" content=\"https:\/\/shop.bantam.ch\/wp-content\/uploads\/2023\/10\/kit-panneau-solaire-moove-100-w-s-mono.jpg\" \/>\n\t<meta property=\"og:image:width\" content=\"458\" \/>\n\t<meta property=\"og:image:height\" content=\"458\" \/>\n\t<meta property=\"og:image:type\" content=\"image\/jpeg\" \/>\n<meta name=\"twitter:card\" content=\"summary_large_image\" \/>\n<script type=\"application\/ld+json\" class=\"yoast-schema-graph\">{\"@context\":\"https:\\\/\\\/schema.org\",\"@graph\":[{\"@type\":\"WebPage\",\"@id\":\"https:\\\/\\\/shop.bantam.ch\\\/fr\\\/produit\\\/kit-solaire-moove\\\/\",\"url\":\"https:\\\/\\\/shop.bantam.ch\\\/fr\\\/produit\\\/kit-solaire-moove\\\/\",\"name\":\"Kit solaire Moove - Bantam Wankm\u00fcller SA\",\"isPartOf\":{\"@id\":\"https:\\\/\\\/shop.bantam.ch\\\/fr\\\/#website\"},\"primaryImageOfPage\":{\"@id\":\"https:\\\/\\\/shop.bantam.ch\\\/fr\\\/produit\\\/kit-solaire-moove\\\/#primaryimage\"},\"image\":{\"@id\":\"https:\\\/\\\/shop.bantam.ch\\\/fr\\\/produit\\\/kit-solaire-moove\\\/#primaryimage\"},\"thumbnailUrl\":\"https:\\\/\\\/shop.bantam.ch\\\/wp-content\\\/uploads\\\/2023\\\/10\\\/kit-panneau-solaire-moove-100-w-s-mono.jpg\",\"datePublished\":\"2023-03-01T18:52:39+00:00\",\"dateModified\":\"2026-04-19T20:04:14+00:00\",\"breadcrumb\":{\"@id\":\"https:\\\/\\\/shop.bantam.ch\\\/fr\\\/produit\\\/kit-solaire-moove\\\/#breadcrumb\"},\"inLanguage\":\"fr-FR\",\"potentialAction\":[{\"@type\":\"ReadAction\",\"target\":[\"https:\\\/\\\/shop.bantam.ch\\\/fr\\\/produit\\\/kit-solaire-moove\\\/\"]}]},{\"@type\":\"ImageObject\",\"inLanguage\":\"fr-FR\",\"@id\":\"https:\\\/\\\/shop.bantam.ch\\\/fr\\\/produit\\\/kit-solaire-moove\\\/#primaryimage\",\"url\":\"https:\\\/\\\/shop.bantam.ch\\\/wp-content\\\/uploads\\\/2023\\\/10\\\/kit-panneau-solaire-moove-100-w-s-mono.jpg\",\"contentUrl\":\"https:\\\/\\\/shop.bantam.ch\\\/wp-content\\\/uploads\\\/2023\\\/10\\\/kit-panneau-solaire-moove-100-w-s-mono.jpg\",\"width\":458,\"height\":458},{\"@type\":\"BreadcrumbList\",\"@id\":\"https:\\\/\\\/shop.bantam.ch\\\/fr\\\/produit\\\/kit-solaire-moove\\\/#breadcrumb\",\"itemListElement\":[{\"@type\":\"ListItem\",\"position\":1,\"name\":\"Accueil\",\"item\":\"https:\\\/\\\/shop.bantam.ch\\\/fr\\\/\"},{\"@type\":\"ListItem\",\"position\":2,\"name\":\"Boutique\",\"item\":\"https:\\\/\\\/shop.bantam.ch\\\/fr\\\/boutique\\\/\"},{\"@type\":\"ListItem\",\"position\":3,\"name\":\"Kit solaire Moove\"}]},{\"@type\":\"WebSite\",\"@id\":\"https:\\\/\\\/shop.bantam.ch\\\/fr\\\/#website\",\"url\":\"https:\\\/\\\/shop.bantam.ch\\\/fr\\\/\",\"name\":\"Bantam Wankm\u00fcller SA\",\"description\":\"\",\"publisher\":{\"@id\":\"https:\\\/\\\/shop.bantam.ch\\\/fr\\\/#organization\"},\"inLanguage\":\"fr-FR\"},{\"@type\":\"Organization\",\"@id\":\"https:\\\/\\\/shop.bantam.ch\\\/fr\\\/#organization\",\"name\":\"Bantam Wankm\u00fcller SA\",\"url\":\"https:\\\/\\\/shop.bantam.ch\\\/fr\\\/\",\"logo\":{\"@type\":\"ImageObject\",\"inLanguage\":\"fr-FR\",\"@id\":\"https:\\\/\\\/shop.bantam.ch\\\/fr\\\/#\\\/schema\\\/logo\\\/image\\\/\",\"url\":\"https:\\\/\\\/shop.bantam.ch\\\/wp-content\\\/uploads\\\/2022\\\/12\\\/bantam-logo.png\",\"contentUrl\":\"https:\\\/\\\/shop.bantam.ch\\\/wp-content\\\/uploads\\\/2022\\\/12\\\/bantam-logo.png\",\"width\":320,\"height\":71,\"caption\":\"Bantam Wankm\u00fcller SA\"},\"image\":{\"@id\":\"https:\\\/\\\/shop.bantam.ch\\\/fr\\\/#\\\/schema\\\/logo\\\/image\\\/\"}}]}<\/script>\n<!-- \/ Yoast SEO plugin. -->","yoast_head_json":{"title":"Kit solaire Moove - Bantam Wankm\u00fcller SA","robots":{"index":"index","follow":"follow","max-snippet":"max-snippet:-1","max-image-preview":"max-image-preview:large","max-video-preview":"max-video-preview:-1"},"canonical":"https:\/\/shop.bantam.ch\/fr\/produit\/kit-solaire-moove\/","og_locale":"fr_FR","og_type":"article","og_title":"Kit solaire Moove - Bantam Wankm\u00fcller SA","og_description":"Les panneaux solaires MOOVE int\u00e8grent la derni\u00e8re technologie en terme de cellules monocristallines. D\u00e9velopp\u00e9 en France, c&rsquo;est le kit solaire id\u00e9al, pour les v\u00e9hicules de loisirs avec support de fixation int\u00e9gr\u00e9. Design exclusif et de qualit\u00e9 professionnelle, ils sont reconnus pour leurs hautes performances et leur fiabilit\u00e9. Le panneau solaire comprend : 1 Panneau Solaire [&hellip;]","og_url":"https:\/\/shop.bantam.ch\/fr\/produit\/kit-solaire-moove\/","og_site_name":"Bantam Wankm\u00fcller SA","article_modified_time":"2026-04-19T20:04:14+00:00","og_image":[{"width":458,"height":458,"url":"https:\/\/shop.bantam.ch\/wp-content\/uploads\/2023\/10\/kit-panneau-solaire-moove-100-w-s-mono.jpg","type":"image\/jpeg"}],"twitter_card":"summary_large_image","schema":{"@context":"https:\/\/schema.org","@graph":[{"@type":"WebPage","@id":"https:\/\/shop.bantam.ch\/fr\/produit\/kit-solaire-moove\/","url":"https:\/\/shop.bantam.ch\/fr\/produit\/kit-solaire-moove\/","name":"Kit solaire Moove - Bantam Wankm\u00fcller SA","isPartOf":{"@id":"https:\/\/shop.bantam.ch\/fr\/#website"},"primaryImageOfPage":{"@id":"https:\/\/shop.bantam.ch\/fr\/produit\/kit-solaire-moove\/#primaryimage"},"image":{"@id":"https:\/\/shop.bantam.ch\/fr\/produit\/kit-solaire-moove\/#primaryimage"},"thumbnailUrl":"https:\/\/shop.bantam.ch\/wp-content\/uploads\/2023\/10\/kit-panneau-solaire-moove-100-w-s-mono.jpg","datePublished":"2023-03-01T18:52:39+00:00","dateModified":"2026-04-19T20:04:14+00:00","breadcrumb":{"@id":"https:\/\/shop.bantam.ch\/fr\/produit\/kit-solaire-moove\/#breadcrumb"},"inLanguage":"fr-FR","potentialAction":[{"@type":"ReadAction","target":["https:\/\/shop.bantam.ch\/fr\/produit\/kit-solaire-moove\/"]}]},{"@type":"ImageObject","inLanguage":"fr-FR","@id":"https:\/\/shop.bantam.ch\/fr\/produit\/kit-solaire-moove\/#primaryimage","url":"https:\/\/shop.bantam.ch\/wp-content\/uploads\/2023\/10\/kit-panneau-solaire-moove-100-w-s-mono.jpg","contentUrl":"https:\/\/shop.bantam.ch\/wp-content\/uploads\/2023\/10\/kit-panneau-solaire-moove-100-w-s-mono.jpg","width":458,"height":458},{"@type":"BreadcrumbList","@id":"https:\/\/shop.bantam.ch\/fr\/produit\/kit-solaire-moove\/#breadcrumb","itemListElement":[{"@type":"ListItem","position":1,"name":"Accueil","item":"https:\/\/shop.bantam.ch\/fr\/"},{"@type":"ListItem","position":2,"name":"Boutique","item":"https:\/\/shop.bantam.ch\/fr\/boutique\/"},{"@type":"ListItem","position":3,"name":"Kit solaire Moove"}]},{"@type":"WebSite","@id":"https:\/\/shop.bantam.ch\/fr\/#website","url":"https:\/\/shop.bantam.ch\/fr\/","name":"Bantam Wankm\u00fcller SA","description":"","publisher":{"@id":"https:\/\/shop.bantam.ch\/fr\/#organization"},"inLanguage":"fr-FR"},{"@type":"Organization","@id":"https:\/\/shop.bantam.ch\/fr\/#organization","name":"Bantam Wankm\u00fcller SA","url":"https:\/\/shop.bantam.ch\/fr\/","logo":{"@type":"ImageObject","inLanguage":"fr-FR","@id":"https:\/\/shop.bantam.ch\/fr\/#\/schema\/logo\/image\/","url":"https:\/\/shop.bantam.ch\/wp-content\/uploads\/2022\/12\/bantam-logo.png","contentUrl":"https:\/\/shop.bantam.ch\/wp-content\/uploads\/2022\/12\/bantam-logo.png","width":320,"height":71,"caption":"Bantam Wankm\u00fcller SA"},"image":{"@id":"https:\/\/shop.bantam.ch\/fr\/#\/schema\/logo\/image\/"}}]}},"_links":{"self":[{"href":"https:\/\/shop.bantam.ch\/fr\/wp-json\/wp\/v2\/product\/138221","targetHints":{"allow":["GET"]}}],"collection":[{"href":"https:\/\/shop.bantam.ch\/fr\/wp-json\/wp\/v2\/product"}],"about":[{"href":"https:\/\/shop.bantam.ch\/fr\/wp-json\/wp\/v2\/types\/product"}],"wp:featuredmedia":[{"embeddable":true,"href":"https:\/\/shop.bantam.ch\/fr\/wp-json\/wp\/v2\/media\/187323"}],"wp:attachment":[{"href":"https:\/\/shop.bantam.ch\/fr\/wp-json\/wp\/v2\/media?parent=138221"}],"wp:term":[{"taxonomy":"product_featured_cat","embeddable":true,"href":"https:\/\/shop.bantam.ch\/fr\/wp-json\/wp\/v2\/product_featured_cat?post=138221"},{"taxonomy":"product_brand","embeddable":true,"href":"https:\/\/shop.bantam.ch\/fr\/wp-json\/wp\/v2\/product_brand?post=138221"},{"taxonomy":"product_cat","embeddable":true,"href":"https:\/\/shop.bantam.ch\/fr\/wp-json\/wp\/v2\/product_cat?post=138221"},{"taxonomy":"product_tag","embeddable":true,"href":"https:\/\/shop.bantam.ch\/fr\/wp-json\/wp\/v2\/product_tag?post=138221"}],"curies":[{"name":"wp","href":"https:\/\/api.w.org\/{rel}","templated":true}]}}