{"id":138177,"date":"2023-03-01T19:50:26","date_gmt":"2023-03-01T18:50:26","guid":{"rendered":"https:\/\/shop.bantam.ch\/produit\/travel-pod-action-air\/"},"modified":"2026-04-18T22:00:49","modified_gmt":"2026-04-18T20:00:49","slug":"travel-pod-action-air","status":"publish","type":"product","link":"https:\/\/shop.bantam.ch\/fr\/produit\/travel-pod-action-air\/","title":{"rendered":"Auvent Action AIR"},"content":{"rendered":"<p data-start=\"0\" data-end=\"285\">Si vous trouvez fastidieux de monter et d\u00e9monter sans cesse votre auvent Driveaway, alors ce mod\u00e8le est fait pour vous. L\u2019<span data-start=\"122\" data-end=\"136\">Action AIR<\/span> est un auvent ind\u00e9pendant qui vous permet de r\u00e9server votre emplacement sur le camping pendant que vous explorez les environs avec votre v\u00e9hicule.<\/p>\n<p data-start=\"287\" data-end=\"636\">L\u2019<span data-start=\"289\" data-end=\"303\">Action AIR<\/span> offre un grand espace de vie et peut \u00eatre compl\u00e9t\u00e9 par une tente int\u00e9rieure optionnelle avec deux couchages. Il est livr\u00e9 avec un tapis de sol enti\u00e8rement \u00e9tanche et amovible, id\u00e9al si l\u2019utilisation de tels tapis est interdite sur votre terrain de camping. Une grande avanc\u00e9e prot\u00e8ge la porte avant, parfaite en cas d\u2019intemp\u00e9ries.<\/p>\n<p data-start=\"638\" data-end=\"758\">Trois versions sont disponibles pour s\u2019adapter aux fourgons et camping-cars de diff\u00e9rentes hauteurs : <span data-start=\"740\" data-end=\"755\">VW, L et XL<\/span>. Principales caract\u00e9ristiques de l&rsquo;Action AIR<\/p>\n<ul data-start=\"1622\" data-end=\"1765\" data-is-only-node=\"\" data-is-last-node=\"\">\n<li data-start=\"816\" data-end=\"882\"><span data-start=\"818\" data-end=\"839\">Syst\u00e8me gonflable<\/span> \u2013 gonflage externe multipoints (7-8 psi)<\/li>\n<li data-start=\"883\" data-end=\"919\"><span data-start=\"885\" data-end=\"917\">Auvent Driveaway ind\u00e9pendant<\/span><\/li>\n<li data-start=\"920\" data-end=\"951\"><span data-start=\"922\" data-end=\"949\">Mat\u00e9riau Weathershield\u2122<\/span><\/li>\n<li data-start=\"952\" data-end=\"988\"><span data-start=\"954\" data-end=\"986\">Ignifuge et r\u00e9sistant aux UV<\/span><\/li>\n<li data-start=\"989\" data-end=\"1037\"><span data-start=\"991\" data-end=\"1035\">Colonne d\u2019eau impressionnante de 6000 mm<\/span><\/li>\n<li data-start=\"1038\" data-end=\"1115\"><span data-start=\"1040\" data-end=\"1066\">Coutures thermosoud\u00e9es<\/span> \u2013 pour une r\u00e9sistance maximale aux intemp\u00e9ries<\/li>\n<li data-start=\"1116\" data-end=\"1159\"><span data-start=\"1118\" data-end=\"1135\">Avanc\u00e9e avant<\/span> \u2013 profondeur de 80 cm<\/li>\n<li data-start=\"1160\" data-end=\"1220\"><span data-start=\"1162\" data-end=\"1218\">Porte arri\u00e8re int\u00e9gr\u00e9e dans la connexion au v\u00e9hicule<\/span><\/li>\n<li data-start=\"1221\" data-end=\"1304\"><span data-start=\"1223\" data-end=\"1262\">Raccord arri\u00e8re r\u00e9glable en hauteur<\/span> \u2013 compatible avec de nombreux v\u00e9hicules<\/li>\n<li data-start=\"1305\" data-end=\"1346\"><span data-start=\"1307\" data-end=\"1344\">Tapis de sol enti\u00e8rement amovible<\/span><\/li>\n<li data-start=\"1347\" data-end=\"1403\"><span data-start=\"1349\" data-end=\"1401\">Porte avant avec grande fen\u00eatre en arc de cercle<\/span><\/li>\n<li data-start=\"1404\" data-end=\"1464\"><span data-start=\"1406\" data-end=\"1462\">Volets occultants avec poches de rangement pratiques<\/span><\/li>\n<li data-start=\"1465\" data-end=\"1542\"><span data-start=\"1467\" data-end=\"1540\">Grande porte arri\u00e8re permettant l\u2019acc\u00e8s au fourgon \u00e0 travers l\u2019auvent<\/span><\/li>\n<li data-start=\"1543\" data-end=\"1599\"><span data-start=\"1545\" data-end=\"1597\">Tente int\u00e9rieure optionnelle avec deux couchages<\/span><\/li>\n<\/ul>\n<p><span>Hauteur d\u2019installation<\/span><span> : 205 cm<\/span><\/p>\n<p><span data-start=\"1664\" data-end=\"1688\">Largeur x Profondeur<\/span><span> : 180-210 cm<\/span><\/p>\n<p><span data-start=\"1706\" data-end=\"1725\">Dimensions pli\u00e9<\/span><span> : 78 x 33 cm<\/span><\/p>\n<p><span data-start=\"1743\" data-end=\"1752\">Poids<\/span><span> : 13,50 kg<\/span><\/p>\n","protected":false},"excerpt":{"rendered":"<p>Si vous trouvez fastidieux de monter et d\u00e9monter sans cesse votre auvent Driveaway, alors ce mod\u00e8le est fait pour vous. L\u2019Action AIR est un auvent ind\u00e9pendant qui vous permet de r\u00e9server votre emplacement sur le camping pendant que vous explorez les environs avec votre v\u00e9hicule. L\u2019Action AIR offre un grand espace de vie et peut [&hellip;]<\/p>\n","protected":false},"featured_media":150368,"template":"","meta":{"_acf_changed":false},"product_featured_cat":[],"product_brand":[3028],"product_cat":[4247],"product_tag":[],"class_list":{"0":"post-138177","1":"product","2":"type-product","3":"status-publish","4":"has-post-thumbnail","6":"product_brand-dometic","7":"product_cat-auvents","9":"first","10":"instock","11":"taxable","12":"shipping-taxable","13":"purchasable","14":"product-type-simple"},"acf":[],"yoast_head":"<!-- This site is optimized with the Yoast SEO plugin v27.4 - https:\/\/yoast.com\/product\/yoast-seo-wordpress\/ -->\n<title>Auvent Action AIR - Bantam Wankm\u00fcller SA<\/title>\n<meta name=\"robots\" content=\"index, follow, max-snippet:-1, max-image-preview:large, max-video-preview:-1\" \/>\n<link rel=\"canonical\" href=\"https:\/\/shop.bantam.ch\/fr\/produit\/travel-pod-action-air\/\" \/>\n<meta property=\"og:locale\" content=\"fr_FR\" \/>\n<meta property=\"og:type\" content=\"article\" \/>\n<meta property=\"og:title\" content=\"Auvent Action AIR - Bantam Wankm\u00fcller SA\" \/>\n<meta property=\"og:description\" content=\"Si vous trouvez fastidieux de monter et d\u00e9monter sans cesse votre auvent Driveaway, alors ce mod\u00e8le est fait pour vous. L\u2019Action AIR est un auvent ind\u00e9pendant qui vous permet de r\u00e9server votre emplacement sur le camping pendant que vous explorez les environs avec votre v\u00e9hicule. L\u2019Action AIR offre un grand espace de vie et peut [&hellip;]\" \/>\n<meta property=\"og:url\" content=\"https:\/\/shop.bantam.ch\/fr\/produit\/travel-pod-action-air\/\" \/>\n<meta property=\"og:site_name\" content=\"Bantam Wankm\u00fcller SA\" \/>\n<meta property=\"article:modified_time\" content=\"2026-04-18T20:00:49+00:00\" \/>\n<meta property=\"og:image\" content=\"https:\/\/shop.bantam.ch\/wp-content\/uploads\/2023\/03\/15021013.jpg\" \/>\n\t<meta property=\"og:image:width\" content=\"1181\" \/>\n\t<meta property=\"og:image:height\" content=\"1181\" \/>\n\t<meta property=\"og:image:type\" content=\"image\/jpeg\" \/>\n<meta name=\"twitter:card\" content=\"summary_large_image\" \/>\n<meta name=\"twitter:label1\" content=\"Dur\u00e9e de lecture estim\u00e9e\" \/>\n\t<meta name=\"twitter:data1\" content=\"1 minute\" \/>\n<script type=\"application\/ld+json\" class=\"yoast-schema-graph\">{\"@context\":\"https:\\\/\\\/schema.org\",\"@graph\":[{\"@type\":\"WebPage\",\"@id\":\"https:\\\/\\\/shop.bantam.ch\\\/fr\\\/produit\\\/travel-pod-action-air\\\/\",\"url\":\"https:\\\/\\\/shop.bantam.ch\\\/fr\\\/produit\\\/travel-pod-action-air\\\/\",\"name\":\"Auvent Action AIR - Bantam Wankm\u00fcller SA\",\"isPartOf\":{\"@id\":\"https:\\\/\\\/shop.bantam.ch\\\/fr\\\/#website\"},\"primaryImageOfPage\":{\"@id\":\"https:\\\/\\\/shop.bantam.ch\\\/fr\\\/produit\\\/travel-pod-action-air\\\/#primaryimage\"},\"image\":{\"@id\":\"https:\\\/\\\/shop.bantam.ch\\\/fr\\\/produit\\\/travel-pod-action-air\\\/#primaryimage\"},\"thumbnailUrl\":\"https:\\\/\\\/shop.bantam.ch\\\/wp-content\\\/uploads\\\/2023\\\/03\\\/15021013.jpg\",\"datePublished\":\"2023-03-01T18:50:26+00:00\",\"dateModified\":\"2026-04-18T20:00:49+00:00\",\"breadcrumb\":{\"@id\":\"https:\\\/\\\/shop.bantam.ch\\\/fr\\\/produit\\\/travel-pod-action-air\\\/#breadcrumb\"},\"inLanguage\":\"fr-FR\",\"potentialAction\":[{\"@type\":\"ReadAction\",\"target\":[\"https:\\\/\\\/shop.bantam.ch\\\/fr\\\/produit\\\/travel-pod-action-air\\\/\"]}]},{\"@type\":\"ImageObject\",\"inLanguage\":\"fr-FR\",\"@id\":\"https:\\\/\\\/shop.bantam.ch\\\/fr\\\/produit\\\/travel-pod-action-air\\\/#primaryimage\",\"url\":\"https:\\\/\\\/shop.bantam.ch\\\/wp-content\\\/uploads\\\/2023\\\/03\\\/15021013.jpg\",\"contentUrl\":\"https:\\\/\\\/shop.bantam.ch\\\/wp-content\\\/uploads\\\/2023\\\/03\\\/15021013.jpg\",\"width\":1181,\"height\":1181},{\"@type\":\"BreadcrumbList\",\"@id\":\"https:\\\/\\\/shop.bantam.ch\\\/fr\\\/produit\\\/travel-pod-action-air\\\/#breadcrumb\",\"itemListElement\":[{\"@type\":\"ListItem\",\"position\":1,\"name\":\"Accueil\",\"item\":\"https:\\\/\\\/shop.bantam.ch\\\/fr\\\/\"},{\"@type\":\"ListItem\",\"position\":2,\"name\":\"Boutique\",\"item\":\"https:\\\/\\\/shop.bantam.ch\\\/fr\\\/boutique\\\/\"},{\"@type\":\"ListItem\",\"position\":3,\"name\":\"Auvent Action AIR\"}]},{\"@type\":\"WebSite\",\"@id\":\"https:\\\/\\\/shop.bantam.ch\\\/fr\\\/#website\",\"url\":\"https:\\\/\\\/shop.bantam.ch\\\/fr\\\/\",\"name\":\"Bantam Wankm\u00fcller SA\",\"description\":\"\",\"publisher\":{\"@id\":\"https:\\\/\\\/shop.bantam.ch\\\/fr\\\/#organization\"},\"inLanguage\":\"fr-FR\"},{\"@type\":\"Organization\",\"@id\":\"https:\\\/\\\/shop.bantam.ch\\\/fr\\\/#organization\",\"name\":\"Bantam Wankm\u00fcller SA\",\"url\":\"https:\\\/\\\/shop.bantam.ch\\\/fr\\\/\",\"logo\":{\"@type\":\"ImageObject\",\"inLanguage\":\"fr-FR\",\"@id\":\"https:\\\/\\\/shop.bantam.ch\\\/fr\\\/#\\\/schema\\\/logo\\\/image\\\/\",\"url\":\"https:\\\/\\\/shop.bantam.ch\\\/wp-content\\\/uploads\\\/2022\\\/12\\\/bantam-logo.png\",\"contentUrl\":\"https:\\\/\\\/shop.bantam.ch\\\/wp-content\\\/uploads\\\/2022\\\/12\\\/bantam-logo.png\",\"width\":320,\"height\":71,\"caption\":\"Bantam Wankm\u00fcller SA\"},\"image\":{\"@id\":\"https:\\\/\\\/shop.bantam.ch\\\/fr\\\/#\\\/schema\\\/logo\\\/image\\\/\"}}]}<\/script>\n<!-- \/ Yoast SEO plugin. -->","yoast_head_json":{"title":"Auvent Action AIR - Bantam Wankm\u00fcller SA","robots":{"index":"index","follow":"follow","max-snippet":"max-snippet:-1","max-image-preview":"max-image-preview:large","max-video-preview":"max-video-preview:-1"},"canonical":"https:\/\/shop.bantam.ch\/fr\/produit\/travel-pod-action-air\/","og_locale":"fr_FR","og_type":"article","og_title":"Auvent Action AIR - Bantam Wankm\u00fcller SA","og_description":"Si vous trouvez fastidieux de monter et d\u00e9monter sans cesse votre auvent Driveaway, alors ce mod\u00e8le est fait pour vous. L\u2019Action AIR est un auvent ind\u00e9pendant qui vous permet de r\u00e9server votre emplacement sur le camping pendant que vous explorez les environs avec votre v\u00e9hicule. L\u2019Action AIR offre un grand espace de vie et peut [&hellip;]","og_url":"https:\/\/shop.bantam.ch\/fr\/produit\/travel-pod-action-air\/","og_site_name":"Bantam Wankm\u00fcller SA","article_modified_time":"2026-04-18T20:00:49+00:00","og_image":[{"width":1181,"height":1181,"url":"https:\/\/shop.bantam.ch\/wp-content\/uploads\/2023\/03\/15021013.jpg","type":"image\/jpeg"}],"twitter_card":"summary_large_image","twitter_misc":{"Dur\u00e9e de lecture estim\u00e9e":"1 minute"},"schema":{"@context":"https:\/\/schema.org","@graph":[{"@type":"WebPage","@id":"https:\/\/shop.bantam.ch\/fr\/produit\/travel-pod-action-air\/","url":"https:\/\/shop.bantam.ch\/fr\/produit\/travel-pod-action-air\/","name":"Auvent Action AIR - Bantam Wankm\u00fcller SA","isPartOf":{"@id":"https:\/\/shop.bantam.ch\/fr\/#website"},"primaryImageOfPage":{"@id":"https:\/\/shop.bantam.ch\/fr\/produit\/travel-pod-action-air\/#primaryimage"},"image":{"@id":"https:\/\/shop.bantam.ch\/fr\/produit\/travel-pod-action-air\/#primaryimage"},"thumbnailUrl":"https:\/\/shop.bantam.ch\/wp-content\/uploads\/2023\/03\/15021013.jpg","datePublished":"2023-03-01T18:50:26+00:00","dateModified":"2026-04-18T20:00:49+00:00","breadcrumb":{"@id":"https:\/\/shop.bantam.ch\/fr\/produit\/travel-pod-action-air\/#breadcrumb"},"inLanguage":"fr-FR","potentialAction":[{"@type":"ReadAction","target":["https:\/\/shop.bantam.ch\/fr\/produit\/travel-pod-action-air\/"]}]},{"@type":"ImageObject","inLanguage":"fr-FR","@id":"https:\/\/shop.bantam.ch\/fr\/produit\/travel-pod-action-air\/#primaryimage","url":"https:\/\/shop.bantam.ch\/wp-content\/uploads\/2023\/03\/15021013.jpg","contentUrl":"https:\/\/shop.bantam.ch\/wp-content\/uploads\/2023\/03\/15021013.jpg","width":1181,"height":1181},{"@type":"BreadcrumbList","@id":"https:\/\/shop.bantam.ch\/fr\/produit\/travel-pod-action-air\/#breadcrumb","itemListElement":[{"@type":"ListItem","position":1,"name":"Accueil","item":"https:\/\/shop.bantam.ch\/fr\/"},{"@type":"ListItem","position":2,"name":"Boutique","item":"https:\/\/shop.bantam.ch\/fr\/boutique\/"},{"@type":"ListItem","position":3,"name":"Auvent Action AIR"}]},{"@type":"WebSite","@id":"https:\/\/shop.bantam.ch\/fr\/#website","url":"https:\/\/shop.bantam.ch\/fr\/","name":"Bantam Wankm\u00fcller SA","description":"","publisher":{"@id":"https:\/\/shop.bantam.ch\/fr\/#organization"},"inLanguage":"fr-FR"},{"@type":"Organization","@id":"https:\/\/shop.bantam.ch\/fr\/#organization","name":"Bantam Wankm\u00fcller SA","url":"https:\/\/shop.bantam.ch\/fr\/","logo":{"@type":"ImageObject","inLanguage":"fr-FR","@id":"https:\/\/shop.bantam.ch\/fr\/#\/schema\/logo\/image\/","url":"https:\/\/shop.bantam.ch\/wp-content\/uploads\/2022\/12\/bantam-logo.png","contentUrl":"https:\/\/shop.bantam.ch\/wp-content\/uploads\/2022\/12\/bantam-logo.png","width":320,"height":71,"caption":"Bantam Wankm\u00fcller SA"},"image":{"@id":"https:\/\/shop.bantam.ch\/fr\/#\/schema\/logo\/image\/"}}]}},"_links":{"self":[{"href":"https:\/\/shop.bantam.ch\/fr\/wp-json\/wp\/v2\/product\/138177","targetHints":{"allow":["GET"]}}],"collection":[{"href":"https:\/\/shop.bantam.ch\/fr\/wp-json\/wp\/v2\/product"}],"about":[{"href":"https:\/\/shop.bantam.ch\/fr\/wp-json\/wp\/v2\/types\/product"}],"wp:featuredmedia":[{"embeddable":true,"href":"https:\/\/shop.bantam.ch\/fr\/wp-json\/wp\/v2\/media\/150368"}],"wp:attachment":[{"href":"https:\/\/shop.bantam.ch\/fr\/wp-json\/wp\/v2\/media?parent=138177"}],"wp:term":[{"taxonomy":"product_featured_cat","embeddable":true,"href":"https:\/\/shop.bantam.ch\/fr\/wp-json\/wp\/v2\/product_featured_cat?post=138177"},{"taxonomy":"product_brand","embeddable":true,"href":"https:\/\/shop.bantam.ch\/fr\/wp-json\/wp\/v2\/product_brand?post=138177"},{"taxonomy":"product_cat","embeddable":true,"href":"https:\/\/shop.bantam.ch\/fr\/wp-json\/wp\/v2\/product_cat?post=138177"},{"taxonomy":"product_tag","embeddable":true,"href":"https:\/\/shop.bantam.ch\/fr\/wp-json\/wp\/v2\/product_tag?post=138177"}],"curies":[{"name":"wp","href":"https:\/\/api.w.org\/{rel}","templated":true}]}}