{"id":138165,"date":"2023-03-01T19:49:48","date_gmt":"2023-03-01T18:49:48","guid":{"rendered":"https:\/\/shop.bantam.ch\/produit\/club-air-all-season-aufblasbar-vorzelt\/"},"modified":"2026-04-19T00:02:55","modified_gmt":"2026-04-18T22:02:55","slug":"club-air-all-season-aufblasbar-vorzelt","status":"publish","type":"product","link":"https:\/\/shop.bantam.ch\/fr\/produit\/club-air-all-season-aufblasbar-vorzelt\/","title":{"rendered":"Club Air All-season &#8211; auvent gonflable"},"content":{"rendered":"<p>Id\u00e9al sur un terrain saisonnier ou pour les randonn\u00e9es dans des zones climatiques plus chaudes. Le Club AIR AllSeason dispose d&rsquo;une pointe de toit Dual-Pitch \u2122 marquante, qui offre une esth\u00e9tique unique et un grand espace pour la t\u00eate. Gr\u00e2ce \u00e0 sa profondeur de 2,75 m, vous ne manquerez jamais d&rsquo;espace, tandis que la technologie AirframeTechnologie \u00e0 point d&rsquo;inflexion unique simplifie l&rsquo;am\u00e9nagement.<\/p>\n<p><span>\u2022<\/span><span>\u00a0<\/span>Technologie Air frame<\/p>\n<p><span>\u2022<\/span><span>\u00a0<\/span>Emplacement saisonnier weathershield\u2122 all-season-material<\/p>\n<p><span>\u2022<\/span><span>\u00a0<\/span>Dual-pitch\u2122 grande hauteur &#8211; syst\u00e8me multi-hauteurs<\/p>\n<p><span>\u2022<\/span><span>\u00a0<\/span>Syst\u00e8me de gonflage \u00e0 point unique : les auvents \u00e9quip\u00e9s du syst\u00e8me de gonflage \u00e0 point unique sont gonfl\u00e9s \u00e0 l&rsquo;air \u00e0 partir d&rsquo;un seul point de gonflage externe.<\/p>\n<p><span>\u2022<\/span><span>\u00a0<\/span>A\u00e9ration Apex : l&rsquo;a\u00e9ration am\u00e9liore le confort en am\u00e9liorant la circulation de l&rsquo;air et en r\u00e9duisant la condensation.<\/p>\n<p><span>\u2022<\/span><span>\u00a0<\/span>Auvent gonflable int\u00e9gr\u00e9 pour temps de pluie avec ventilation par filet Apex.<\/p>\n<p><span>\u2022<\/span><span>\u00a0<\/span>Weathershield\u2122 ALL-SEASON Mat\u00e9riau extr\u00eamement robuste et r\u00e9sistant aux UV pour une utilisation saisonni\u00e8re et des randonn\u00e9es par temp\u00e9ratures \u00e9lev\u00e9es.<\/p>\n<p><\/p>\n<p>Dimensions de rangement : 99x69x37 cm<\/p>\n","protected":false},"excerpt":{"rendered":"<p>Id\u00e9al sur un terrain saisonnier ou pour les randonn\u00e9es dans des zones climatiques plus chaudes. Le Club AIR AllSeason dispose d&rsquo;une pointe de toit Dual-Pitch \u2122 marquante, qui offre une esth\u00e9tique unique et un grand espace pour la t\u00eate. Gr\u00e2ce \u00e0 sa profondeur de 2,75 m, vous ne manquerez jamais d&rsquo;espace, tandis que la technologie [&hellip;]<\/p>\n","protected":false},"featured_media":186400,"template":"","meta":{"_acf_changed":false},"product_featured_cat":[],"product_brand":[3028],"product_cat":[4247],"product_tag":[],"class_list":{"0":"post-138165","1":"product","2":"type-product","3":"status-publish","4":"has-post-thumbnail","6":"product_brand-dometic","7":"product_cat-auvents","9":"first","10":"instock","11":"taxable","12":"shipping-taxable","13":"purchasable","14":"product-type-variable"},"acf":[],"yoast_head":"<!-- This site is optimized with the Yoast SEO plugin v27.4 - https:\/\/yoast.com\/product\/yoast-seo-wordpress\/ -->\n<title>Club Air All-season - auvent gonflable - Bantam Wankm\u00fcller SA<\/title>\n<meta name=\"robots\" content=\"index, follow, max-snippet:-1, max-image-preview:large, max-video-preview:-1\" \/>\n<link rel=\"canonical\" href=\"https:\/\/shop.bantam.ch\/fr\/produit\/club-air-all-season-aufblasbar-vorzelt\/\" \/>\n<meta property=\"og:locale\" content=\"fr_FR\" \/>\n<meta property=\"og:type\" content=\"article\" \/>\n<meta property=\"og:title\" content=\"Club Air All-season - auvent gonflable - Bantam Wankm\u00fcller SA\" \/>\n<meta property=\"og:description\" content=\"Id\u00e9al sur un terrain saisonnier ou pour les randonn\u00e9es dans des zones climatiques plus chaudes. Le Club AIR AllSeason dispose d&rsquo;une pointe de toit Dual-Pitch \u2122 marquante, qui offre une esth\u00e9tique unique et un grand espace pour la t\u00eate. Gr\u00e2ce \u00e0 sa profondeur de 2,75 m, vous ne manquerez jamais d&rsquo;espace, tandis que la technologie [&hellip;]\" \/>\n<meta property=\"og:url\" content=\"https:\/\/shop.bantam.ch\/fr\/produit\/club-air-all-season-aufblasbar-vorzelt\/\" \/>\n<meta property=\"og:site_name\" content=\"Bantam Wankm\u00fcller SA\" \/>\n<meta property=\"article:modified_time\" content=\"2026-04-18T22:02:55+00:00\" \/>\n<meta property=\"og:image\" content=\"https:\/\/shop.bantam.ch\/wp-content\/uploads\/2023\/08\/9120001106_4_Club-Air-All-Season_390-ok.jpg\" \/>\n\t<meta property=\"og:image:width\" content=\"600\" \/>\n\t<meta property=\"og:image:height\" content=\"600\" \/>\n\t<meta property=\"og:image:type\" content=\"image\/jpeg\" \/>\n<meta name=\"twitter:card\" content=\"summary_large_image\" \/>\n<meta name=\"twitter:label1\" content=\"Dur\u00e9e de lecture estim\u00e9e\" \/>\n\t<meta name=\"twitter:data1\" content=\"1 minute\" \/>\n<script type=\"application\/ld+json\" class=\"yoast-schema-graph\">{\"@context\":\"https:\\\/\\\/schema.org\",\"@graph\":[{\"@type\":\"WebPage\",\"@id\":\"https:\\\/\\\/shop.bantam.ch\\\/fr\\\/produit\\\/club-air-all-season-aufblasbar-vorzelt\\\/\",\"url\":\"https:\\\/\\\/shop.bantam.ch\\\/fr\\\/produit\\\/club-air-all-season-aufblasbar-vorzelt\\\/\",\"name\":\"Club Air All-season - auvent gonflable - Bantam Wankm\u00fcller SA\",\"isPartOf\":{\"@id\":\"https:\\\/\\\/shop.bantam.ch\\\/fr\\\/#website\"},\"primaryImageOfPage\":{\"@id\":\"https:\\\/\\\/shop.bantam.ch\\\/fr\\\/produit\\\/club-air-all-season-aufblasbar-vorzelt\\\/#primaryimage\"},\"image\":{\"@id\":\"https:\\\/\\\/shop.bantam.ch\\\/fr\\\/produit\\\/club-air-all-season-aufblasbar-vorzelt\\\/#primaryimage\"},\"thumbnailUrl\":\"https:\\\/\\\/shop.bantam.ch\\\/wp-content\\\/uploads\\\/2023\\\/08\\\/9120001106_4_Club-Air-All-Season_390-ok.jpg\",\"datePublished\":\"2023-03-01T18:49:48+00:00\",\"dateModified\":\"2026-04-18T22:02:55+00:00\",\"breadcrumb\":{\"@id\":\"https:\\\/\\\/shop.bantam.ch\\\/fr\\\/produit\\\/club-air-all-season-aufblasbar-vorzelt\\\/#breadcrumb\"},\"inLanguage\":\"fr-FR\",\"potentialAction\":[{\"@type\":\"ReadAction\",\"target\":[\"https:\\\/\\\/shop.bantam.ch\\\/fr\\\/produit\\\/club-air-all-season-aufblasbar-vorzelt\\\/\"]}]},{\"@type\":\"ImageObject\",\"inLanguage\":\"fr-FR\",\"@id\":\"https:\\\/\\\/shop.bantam.ch\\\/fr\\\/produit\\\/club-air-all-season-aufblasbar-vorzelt\\\/#primaryimage\",\"url\":\"https:\\\/\\\/shop.bantam.ch\\\/wp-content\\\/uploads\\\/2023\\\/08\\\/9120001106_4_Club-Air-All-Season_390-ok.jpg\",\"contentUrl\":\"https:\\\/\\\/shop.bantam.ch\\\/wp-content\\\/uploads\\\/2023\\\/08\\\/9120001106_4_Club-Air-All-Season_390-ok.jpg\",\"width\":600,\"height\":600},{\"@type\":\"BreadcrumbList\",\"@id\":\"https:\\\/\\\/shop.bantam.ch\\\/fr\\\/produit\\\/club-air-all-season-aufblasbar-vorzelt\\\/#breadcrumb\",\"itemListElement\":[{\"@type\":\"ListItem\",\"position\":1,\"name\":\"Accueil\",\"item\":\"https:\\\/\\\/shop.bantam.ch\\\/fr\\\/\"},{\"@type\":\"ListItem\",\"position\":2,\"name\":\"Boutique\",\"item\":\"https:\\\/\\\/shop.bantam.ch\\\/fr\\\/boutique\\\/\"},{\"@type\":\"ListItem\",\"position\":3,\"name\":\"Club Air All-season &#8211; auvent gonflable\"}]},{\"@type\":\"WebSite\",\"@id\":\"https:\\\/\\\/shop.bantam.ch\\\/fr\\\/#website\",\"url\":\"https:\\\/\\\/shop.bantam.ch\\\/fr\\\/\",\"name\":\"Bantam Wankm\u00fcller SA\",\"description\":\"\",\"publisher\":{\"@id\":\"https:\\\/\\\/shop.bantam.ch\\\/fr\\\/#organization\"},\"inLanguage\":\"fr-FR\"},{\"@type\":\"Organization\",\"@id\":\"https:\\\/\\\/shop.bantam.ch\\\/fr\\\/#organization\",\"name\":\"Bantam Wankm\u00fcller SA\",\"url\":\"https:\\\/\\\/shop.bantam.ch\\\/fr\\\/\",\"logo\":{\"@type\":\"ImageObject\",\"inLanguage\":\"fr-FR\",\"@id\":\"https:\\\/\\\/shop.bantam.ch\\\/fr\\\/#\\\/schema\\\/logo\\\/image\\\/\",\"url\":\"https:\\\/\\\/shop.bantam.ch\\\/wp-content\\\/uploads\\\/2022\\\/12\\\/bantam-logo.png\",\"contentUrl\":\"https:\\\/\\\/shop.bantam.ch\\\/wp-content\\\/uploads\\\/2022\\\/12\\\/bantam-logo.png\",\"width\":320,\"height\":71,\"caption\":\"Bantam Wankm\u00fcller SA\"},\"image\":{\"@id\":\"https:\\\/\\\/shop.bantam.ch\\\/fr\\\/#\\\/schema\\\/logo\\\/image\\\/\"}}]}<\/script>\n<!-- \/ Yoast SEO plugin. -->","yoast_head_json":{"title":"Club Air All-season - auvent gonflable - Bantam Wankm\u00fcller SA","robots":{"index":"index","follow":"follow","max-snippet":"max-snippet:-1","max-image-preview":"max-image-preview:large","max-video-preview":"max-video-preview:-1"},"canonical":"https:\/\/shop.bantam.ch\/fr\/produit\/club-air-all-season-aufblasbar-vorzelt\/","og_locale":"fr_FR","og_type":"article","og_title":"Club Air All-season - auvent gonflable - Bantam Wankm\u00fcller SA","og_description":"Id\u00e9al sur un terrain saisonnier ou pour les randonn\u00e9es dans des zones climatiques plus chaudes. Le Club AIR AllSeason dispose d&rsquo;une pointe de toit Dual-Pitch \u2122 marquante, qui offre une esth\u00e9tique unique et un grand espace pour la t\u00eate. Gr\u00e2ce \u00e0 sa profondeur de 2,75 m, vous ne manquerez jamais d&rsquo;espace, tandis que la technologie [&hellip;]","og_url":"https:\/\/shop.bantam.ch\/fr\/produit\/club-air-all-season-aufblasbar-vorzelt\/","og_site_name":"Bantam Wankm\u00fcller SA","article_modified_time":"2026-04-18T22:02:55+00:00","og_image":[{"width":600,"height":600,"url":"https:\/\/shop.bantam.ch\/wp-content\/uploads\/2023\/08\/9120001106_4_Club-Air-All-Season_390-ok.jpg","type":"image\/jpeg"}],"twitter_card":"summary_large_image","twitter_misc":{"Dur\u00e9e de lecture estim\u00e9e":"1 minute"},"schema":{"@context":"https:\/\/schema.org","@graph":[{"@type":"WebPage","@id":"https:\/\/shop.bantam.ch\/fr\/produit\/club-air-all-season-aufblasbar-vorzelt\/","url":"https:\/\/shop.bantam.ch\/fr\/produit\/club-air-all-season-aufblasbar-vorzelt\/","name":"Club Air All-season - auvent gonflable - Bantam Wankm\u00fcller SA","isPartOf":{"@id":"https:\/\/shop.bantam.ch\/fr\/#website"},"primaryImageOfPage":{"@id":"https:\/\/shop.bantam.ch\/fr\/produit\/club-air-all-season-aufblasbar-vorzelt\/#primaryimage"},"image":{"@id":"https:\/\/shop.bantam.ch\/fr\/produit\/club-air-all-season-aufblasbar-vorzelt\/#primaryimage"},"thumbnailUrl":"https:\/\/shop.bantam.ch\/wp-content\/uploads\/2023\/08\/9120001106_4_Club-Air-All-Season_390-ok.jpg","datePublished":"2023-03-01T18:49:48+00:00","dateModified":"2026-04-18T22:02:55+00:00","breadcrumb":{"@id":"https:\/\/shop.bantam.ch\/fr\/produit\/club-air-all-season-aufblasbar-vorzelt\/#breadcrumb"},"inLanguage":"fr-FR","potentialAction":[{"@type":"ReadAction","target":["https:\/\/shop.bantam.ch\/fr\/produit\/club-air-all-season-aufblasbar-vorzelt\/"]}]},{"@type":"ImageObject","inLanguage":"fr-FR","@id":"https:\/\/shop.bantam.ch\/fr\/produit\/club-air-all-season-aufblasbar-vorzelt\/#primaryimage","url":"https:\/\/shop.bantam.ch\/wp-content\/uploads\/2023\/08\/9120001106_4_Club-Air-All-Season_390-ok.jpg","contentUrl":"https:\/\/shop.bantam.ch\/wp-content\/uploads\/2023\/08\/9120001106_4_Club-Air-All-Season_390-ok.jpg","width":600,"height":600},{"@type":"BreadcrumbList","@id":"https:\/\/shop.bantam.ch\/fr\/produit\/club-air-all-season-aufblasbar-vorzelt\/#breadcrumb","itemListElement":[{"@type":"ListItem","position":1,"name":"Accueil","item":"https:\/\/shop.bantam.ch\/fr\/"},{"@type":"ListItem","position":2,"name":"Boutique","item":"https:\/\/shop.bantam.ch\/fr\/boutique\/"},{"@type":"ListItem","position":3,"name":"Club Air All-season &#8211; auvent gonflable"}]},{"@type":"WebSite","@id":"https:\/\/shop.bantam.ch\/fr\/#website","url":"https:\/\/shop.bantam.ch\/fr\/","name":"Bantam Wankm\u00fcller SA","description":"","publisher":{"@id":"https:\/\/shop.bantam.ch\/fr\/#organization"},"inLanguage":"fr-FR"},{"@type":"Organization","@id":"https:\/\/shop.bantam.ch\/fr\/#organization","name":"Bantam Wankm\u00fcller SA","url":"https:\/\/shop.bantam.ch\/fr\/","logo":{"@type":"ImageObject","inLanguage":"fr-FR","@id":"https:\/\/shop.bantam.ch\/fr\/#\/schema\/logo\/image\/","url":"https:\/\/shop.bantam.ch\/wp-content\/uploads\/2022\/12\/bantam-logo.png","contentUrl":"https:\/\/shop.bantam.ch\/wp-content\/uploads\/2022\/12\/bantam-logo.png","width":320,"height":71,"caption":"Bantam Wankm\u00fcller SA"},"image":{"@id":"https:\/\/shop.bantam.ch\/fr\/#\/schema\/logo\/image\/"}}]}},"_links":{"self":[{"href":"https:\/\/shop.bantam.ch\/fr\/wp-json\/wp\/v2\/product\/138165","targetHints":{"allow":["GET"]}}],"collection":[{"href":"https:\/\/shop.bantam.ch\/fr\/wp-json\/wp\/v2\/product"}],"about":[{"href":"https:\/\/shop.bantam.ch\/fr\/wp-json\/wp\/v2\/types\/product"}],"wp:featuredmedia":[{"embeddable":true,"href":"https:\/\/shop.bantam.ch\/fr\/wp-json\/wp\/v2\/media\/186400"}],"wp:attachment":[{"href":"https:\/\/shop.bantam.ch\/fr\/wp-json\/wp\/v2\/media?parent=138165"}],"wp:term":[{"taxonomy":"product_featured_cat","embeddable":true,"href":"https:\/\/shop.bantam.ch\/fr\/wp-json\/wp\/v2\/product_featured_cat?post=138165"},{"taxonomy":"product_brand","embeddable":true,"href":"https:\/\/shop.bantam.ch\/fr\/wp-json\/wp\/v2\/product_brand?post=138165"},{"taxonomy":"product_cat","embeddable":true,"href":"https:\/\/shop.bantam.ch\/fr\/wp-json\/wp\/v2\/product_cat?post=138165"},{"taxonomy":"product_tag","embeddable":true,"href":"https:\/\/shop.bantam.ch\/fr\/wp-json\/wp\/v2\/product_tag?post=138165"}],"curies":[{"name":"wp","href":"https:\/\/api.w.org\/{rel}","templated":true}]}}