{"id":138107,"date":"2023-03-01T19:46:50","date_gmt":"2023-03-01T18:46:50","guid":{"rendered":"https:\/\/shop.bantam.ch\/produit\/luftvorzelt-vega-westfield\/"},"modified":"2026-04-19T00:01:39","modified_gmt":"2026-04-18T22:01:39","slug":"luftvorzelt-vega-westfield","status":"publish","type":"product","link":"https:\/\/shop.bantam.ch\/fr\/produit\/luftvorzelt-vega-westfield\/","title":{"rendered":"Luftvorzelt Vega Westfield"},"content":{"rendered":"<p>Les auvents pneumatiques de la s\u00e9rie Premium de Westfield se distinguent par la combinaison des meilleurs mat\u00e9riaux et de caract\u00e9ristiques extr\u00eamement conviviales.\u00a0<\/p>\n<p>L&rsquo;auvent gonflable VEGA est le choix id\u00e9al pour les personnes qui voyagent beaucoup, car il se monte et se d\u00e9monte rapidement. Gr\u00e2ce \u00e0 sa profondeur de 250 cm, l&rsquo;auvent \u00e0 air offre beaucoup de place \u00e0 l&rsquo;int\u00e9rieur. Les boyaux d&rsquo;air sont con\u00e7us de mani\u00e8re \u00e0 ce que vous ayez une hauteur debout optimale jusqu&rsquo;aux parois avant. Il en r\u00e9sulte une utilisation parfaite de la surface et une sensation d&rsquo;espace libre avec de grandes fen\u00eatres panoramiques.<\/p>\n","protected":false},"excerpt":{"rendered":"<p>Les auvents pneumatiques de la s\u00e9rie Premium de Westfield se distinguent par la combinaison des meilleurs mat\u00e9riaux et de caract\u00e9ristiques extr\u00eamement conviviales.\u00a0 L&rsquo;auvent gonflable VEGA est le choix id\u00e9al pour les personnes qui voyagent beaucoup, car il se monte et se d\u00e9monte rapidement. Gr\u00e2ce \u00e0 sa profondeur de 250 cm, l&rsquo;auvent \u00e0 air offre beaucoup [&hellip;]<\/p>\n","protected":false},"featured_media":188902,"template":"","meta":{"_acf_changed":false},"product_featured_cat":[],"product_brand":[3688],"product_cat":[4915],"product_tag":[],"class_list":{"0":"post-138107","1":"product","2":"type-product","3":"status-publish","4":"has-post-thumbnail","6":"product_brand-westfield","7":"product_cat-auvents-de-bus-et-camping-cars","9":"first","10":"instock","11":"taxable","12":"shipping-taxable","13":"purchasable","14":"product-type-variable"},"acf":[],"yoast_head":"<!-- This site is optimized with the Yoast SEO plugin v27.4 - https:\/\/yoast.com\/product\/yoast-seo-wordpress\/ -->\n<title>Luftvorzelt Vega Westfield - Bantam Wankm\u00fcller SA<\/title>\n<meta name=\"robots\" content=\"index, follow, max-snippet:-1, max-image-preview:large, max-video-preview:-1\" \/>\n<link rel=\"canonical\" href=\"https:\/\/shop.bantam.ch\/fr\/produit\/luftvorzelt-vega-westfield\/\" \/>\n<meta property=\"og:locale\" content=\"fr_FR\" \/>\n<meta property=\"og:type\" content=\"article\" \/>\n<meta property=\"og:title\" content=\"Luftvorzelt Vega Westfield - Bantam Wankm\u00fcller SA\" \/>\n<meta property=\"og:description\" content=\"Les auvents pneumatiques de la s\u00e9rie Premium de Westfield se distinguent par la combinaison des meilleurs mat\u00e9riaux et de caract\u00e9ristiques extr\u00eamement conviviales.\u00a0 L&rsquo;auvent gonflable VEGA est le choix id\u00e9al pour les personnes qui voyagent beaucoup, car il se monte et se d\u00e9monte rapidement. Gr\u00e2ce \u00e0 sa profondeur de 250 cm, l&rsquo;auvent \u00e0 air offre beaucoup [&hellip;]\" \/>\n<meta property=\"og:url\" content=\"https:\/\/shop.bantam.ch\/fr\/produit\/luftvorzelt-vega-westfield\/\" \/>\n<meta property=\"og:site_name\" content=\"Bantam Wankm\u00fcller SA\" \/>\n<meta property=\"article:modified_time\" content=\"2026-04-18T22:01:39+00:00\" \/>\n<meta property=\"og:image\" content=\"https:\/\/shop.bantam.ch\/wp-content\/uploads\/2023\/12\/telechargement.jpg\" \/>\n\t<meta property=\"og:image:width\" content=\"200\" \/>\n\t<meta property=\"og:image:height\" content=\"189\" \/>\n\t<meta property=\"og:image:type\" content=\"image\/jpeg\" \/>\n<meta name=\"twitter:card\" content=\"summary_large_image\" \/>\n<meta name=\"twitter:label1\" content=\"Dur\u00e9e de lecture estim\u00e9e\" \/>\n\t<meta name=\"twitter:data1\" content=\"1 minute\" \/>\n<script type=\"application\/ld+json\" class=\"yoast-schema-graph\">{\"@context\":\"https:\\\/\\\/schema.org\",\"@graph\":[{\"@type\":\"WebPage\",\"@id\":\"https:\\\/\\\/shop.bantam.ch\\\/fr\\\/produit\\\/luftvorzelt-vega-westfield\\\/\",\"url\":\"https:\\\/\\\/shop.bantam.ch\\\/fr\\\/produit\\\/luftvorzelt-vega-westfield\\\/\",\"name\":\"Luftvorzelt Vega Westfield - Bantam Wankm\u00fcller SA\",\"isPartOf\":{\"@id\":\"https:\\\/\\\/shop.bantam.ch\\\/fr\\\/#website\"},\"primaryImageOfPage\":{\"@id\":\"https:\\\/\\\/shop.bantam.ch\\\/fr\\\/produit\\\/luftvorzelt-vega-westfield\\\/#primaryimage\"},\"image\":{\"@id\":\"https:\\\/\\\/shop.bantam.ch\\\/fr\\\/produit\\\/luftvorzelt-vega-westfield\\\/#primaryimage\"},\"thumbnailUrl\":\"https:\\\/\\\/shop.bantam.ch\\\/wp-content\\\/uploads\\\/2023\\\/12\\\/telechargement.jpg\",\"datePublished\":\"2023-03-01T18:46:50+00:00\",\"dateModified\":\"2026-04-18T22:01:39+00:00\",\"breadcrumb\":{\"@id\":\"https:\\\/\\\/shop.bantam.ch\\\/fr\\\/produit\\\/luftvorzelt-vega-westfield\\\/#breadcrumb\"},\"inLanguage\":\"fr-FR\",\"potentialAction\":[{\"@type\":\"ReadAction\",\"target\":[\"https:\\\/\\\/shop.bantam.ch\\\/fr\\\/produit\\\/luftvorzelt-vega-westfield\\\/\"]}]},{\"@type\":\"ImageObject\",\"inLanguage\":\"fr-FR\",\"@id\":\"https:\\\/\\\/shop.bantam.ch\\\/fr\\\/produit\\\/luftvorzelt-vega-westfield\\\/#primaryimage\",\"url\":\"https:\\\/\\\/shop.bantam.ch\\\/wp-content\\\/uploads\\\/2023\\\/12\\\/telechargement.jpg\",\"contentUrl\":\"https:\\\/\\\/shop.bantam.ch\\\/wp-content\\\/uploads\\\/2023\\\/12\\\/telechargement.jpg\",\"width\":200,\"height\":189},{\"@type\":\"BreadcrumbList\",\"@id\":\"https:\\\/\\\/shop.bantam.ch\\\/fr\\\/produit\\\/luftvorzelt-vega-westfield\\\/#breadcrumb\",\"itemListElement\":[{\"@type\":\"ListItem\",\"position\":1,\"name\":\"Accueil\",\"item\":\"https:\\\/\\\/shop.bantam.ch\\\/fr\\\/\"},{\"@type\":\"ListItem\",\"position\":2,\"name\":\"Boutique\",\"item\":\"https:\\\/\\\/shop.bantam.ch\\\/fr\\\/boutique\\\/\"},{\"@type\":\"ListItem\",\"position\":3,\"name\":\"Luftvorzelt Vega Westfield\"}]},{\"@type\":\"WebSite\",\"@id\":\"https:\\\/\\\/shop.bantam.ch\\\/fr\\\/#website\",\"url\":\"https:\\\/\\\/shop.bantam.ch\\\/fr\\\/\",\"name\":\"Bantam Wankm\u00fcller SA\",\"description\":\"\",\"publisher\":{\"@id\":\"https:\\\/\\\/shop.bantam.ch\\\/fr\\\/#organization\"},\"inLanguage\":\"fr-FR\"},{\"@type\":\"Organization\",\"@id\":\"https:\\\/\\\/shop.bantam.ch\\\/fr\\\/#organization\",\"name\":\"Bantam Wankm\u00fcller SA\",\"url\":\"https:\\\/\\\/shop.bantam.ch\\\/fr\\\/\",\"logo\":{\"@type\":\"ImageObject\",\"inLanguage\":\"fr-FR\",\"@id\":\"https:\\\/\\\/shop.bantam.ch\\\/fr\\\/#\\\/schema\\\/logo\\\/image\\\/\",\"url\":\"https:\\\/\\\/shop.bantam.ch\\\/wp-content\\\/uploads\\\/2022\\\/12\\\/bantam-logo.png\",\"contentUrl\":\"https:\\\/\\\/shop.bantam.ch\\\/wp-content\\\/uploads\\\/2022\\\/12\\\/bantam-logo.png\",\"width\":320,\"height\":71,\"caption\":\"Bantam Wankm\u00fcller SA\"},\"image\":{\"@id\":\"https:\\\/\\\/shop.bantam.ch\\\/fr\\\/#\\\/schema\\\/logo\\\/image\\\/\"}}]}<\/script>\n<!-- \/ Yoast SEO plugin. -->","yoast_head_json":{"title":"Luftvorzelt Vega Westfield - Bantam Wankm\u00fcller SA","robots":{"index":"index","follow":"follow","max-snippet":"max-snippet:-1","max-image-preview":"max-image-preview:large","max-video-preview":"max-video-preview:-1"},"canonical":"https:\/\/shop.bantam.ch\/fr\/produit\/luftvorzelt-vega-westfield\/","og_locale":"fr_FR","og_type":"article","og_title":"Luftvorzelt Vega Westfield - Bantam Wankm\u00fcller SA","og_description":"Les auvents pneumatiques de la s\u00e9rie Premium de Westfield se distinguent par la combinaison des meilleurs mat\u00e9riaux et de caract\u00e9ristiques extr\u00eamement conviviales.\u00a0 L&rsquo;auvent gonflable VEGA est le choix id\u00e9al pour les personnes qui voyagent beaucoup, car il se monte et se d\u00e9monte rapidement. Gr\u00e2ce \u00e0 sa profondeur de 250 cm, l&rsquo;auvent \u00e0 air offre beaucoup [&hellip;]","og_url":"https:\/\/shop.bantam.ch\/fr\/produit\/luftvorzelt-vega-westfield\/","og_site_name":"Bantam Wankm\u00fcller SA","article_modified_time":"2026-04-18T22:01:39+00:00","og_image":[{"width":200,"height":189,"url":"https:\/\/shop.bantam.ch\/wp-content\/uploads\/2023\/12\/telechargement.jpg","type":"image\/jpeg"}],"twitter_card":"summary_large_image","twitter_misc":{"Dur\u00e9e de lecture estim\u00e9e":"1 minute"},"schema":{"@context":"https:\/\/schema.org","@graph":[{"@type":"WebPage","@id":"https:\/\/shop.bantam.ch\/fr\/produit\/luftvorzelt-vega-westfield\/","url":"https:\/\/shop.bantam.ch\/fr\/produit\/luftvorzelt-vega-westfield\/","name":"Luftvorzelt Vega Westfield - Bantam Wankm\u00fcller SA","isPartOf":{"@id":"https:\/\/shop.bantam.ch\/fr\/#website"},"primaryImageOfPage":{"@id":"https:\/\/shop.bantam.ch\/fr\/produit\/luftvorzelt-vega-westfield\/#primaryimage"},"image":{"@id":"https:\/\/shop.bantam.ch\/fr\/produit\/luftvorzelt-vega-westfield\/#primaryimage"},"thumbnailUrl":"https:\/\/shop.bantam.ch\/wp-content\/uploads\/2023\/12\/telechargement.jpg","datePublished":"2023-03-01T18:46:50+00:00","dateModified":"2026-04-18T22:01:39+00:00","breadcrumb":{"@id":"https:\/\/shop.bantam.ch\/fr\/produit\/luftvorzelt-vega-westfield\/#breadcrumb"},"inLanguage":"fr-FR","potentialAction":[{"@type":"ReadAction","target":["https:\/\/shop.bantam.ch\/fr\/produit\/luftvorzelt-vega-westfield\/"]}]},{"@type":"ImageObject","inLanguage":"fr-FR","@id":"https:\/\/shop.bantam.ch\/fr\/produit\/luftvorzelt-vega-westfield\/#primaryimage","url":"https:\/\/shop.bantam.ch\/wp-content\/uploads\/2023\/12\/telechargement.jpg","contentUrl":"https:\/\/shop.bantam.ch\/wp-content\/uploads\/2023\/12\/telechargement.jpg","width":200,"height":189},{"@type":"BreadcrumbList","@id":"https:\/\/shop.bantam.ch\/fr\/produit\/luftvorzelt-vega-westfield\/#breadcrumb","itemListElement":[{"@type":"ListItem","position":1,"name":"Accueil","item":"https:\/\/shop.bantam.ch\/fr\/"},{"@type":"ListItem","position":2,"name":"Boutique","item":"https:\/\/shop.bantam.ch\/fr\/boutique\/"},{"@type":"ListItem","position":3,"name":"Luftvorzelt Vega Westfield"}]},{"@type":"WebSite","@id":"https:\/\/shop.bantam.ch\/fr\/#website","url":"https:\/\/shop.bantam.ch\/fr\/","name":"Bantam Wankm\u00fcller SA","description":"","publisher":{"@id":"https:\/\/shop.bantam.ch\/fr\/#organization"},"inLanguage":"fr-FR"},{"@type":"Organization","@id":"https:\/\/shop.bantam.ch\/fr\/#organization","name":"Bantam Wankm\u00fcller SA","url":"https:\/\/shop.bantam.ch\/fr\/","logo":{"@type":"ImageObject","inLanguage":"fr-FR","@id":"https:\/\/shop.bantam.ch\/fr\/#\/schema\/logo\/image\/","url":"https:\/\/shop.bantam.ch\/wp-content\/uploads\/2022\/12\/bantam-logo.png","contentUrl":"https:\/\/shop.bantam.ch\/wp-content\/uploads\/2022\/12\/bantam-logo.png","width":320,"height":71,"caption":"Bantam Wankm\u00fcller SA"},"image":{"@id":"https:\/\/shop.bantam.ch\/fr\/#\/schema\/logo\/image\/"}}]}},"_links":{"self":[{"href":"https:\/\/shop.bantam.ch\/fr\/wp-json\/wp\/v2\/product\/138107","targetHints":{"allow":["GET"]}}],"collection":[{"href":"https:\/\/shop.bantam.ch\/fr\/wp-json\/wp\/v2\/product"}],"about":[{"href":"https:\/\/shop.bantam.ch\/fr\/wp-json\/wp\/v2\/types\/product"}],"wp:featuredmedia":[{"embeddable":true,"href":"https:\/\/shop.bantam.ch\/fr\/wp-json\/wp\/v2\/media\/188902"}],"wp:attachment":[{"href":"https:\/\/shop.bantam.ch\/fr\/wp-json\/wp\/v2\/media?parent=138107"}],"wp:term":[{"taxonomy":"product_featured_cat","embeddable":true,"href":"https:\/\/shop.bantam.ch\/fr\/wp-json\/wp\/v2\/product_featured_cat?post=138107"},{"taxonomy":"product_brand","embeddable":true,"href":"https:\/\/shop.bantam.ch\/fr\/wp-json\/wp\/v2\/product_brand?post=138107"},{"taxonomy":"product_cat","embeddable":true,"href":"https:\/\/shop.bantam.ch\/fr\/wp-json\/wp\/v2\/product_cat?post=138107"},{"taxonomy":"product_tag","embeddable":true,"href":"https:\/\/shop.bantam.ch\/fr\/wp-json\/wp\/v2\/product_tag?post=138107"}],"curies":[{"name":"wp","href":"https:\/\/api.w.org\/{rel}","templated":true}]}}