{"id":138099,"date":"2023-03-01T19:46:27","date_gmt":"2023-03-01T18:46:27","guid":{"rendered":"https:\/\/shop.bantam.ch\/produit\/faltstuhl-chateau-schwarz\/"},"modified":"2026-04-18T21:59:11","modified_gmt":"2026-04-18T19:59:11","slug":"faltstuhl-chateau-schwarz","status":"publish","type":"product","link":"https:\/\/shop.bantam.ch\/fr\/produit\/faltstuhl-chateau-schwarz\/","title":{"rendered":"Chaise de camping Ch\u00e2teau 3D-Mesh"},"content":{"rendered":"<p>Nouveau mod\u00e8le de chaise de camping avec oreiller extensible. Le tissue st compos\u00e9 d\u2019une maille 3D respirant avec de la mouse polyester perm\u00e9able \u00e0 l\u2019eau. S\u00e9chage rapide, confortable et facile \u00e0 entretenir. Le nouveau cadre ovale en aluminium avec rev\u00eatement \u00e9poxy se plie facilement en une taille pratique pour emporter dans le caravane. L\u2019oreiller coulissant r\u00e9duit la hauteur de pliage de 3 cm. La chaise a une charni\u00e8re en aluminium robuste avec une capacit\u00e9 de charge de max. 140 kg. Le dossier est r\u00e9glable en 7 positions. Le repose-pieds est disponible en option.\u00a0Mat\u00e9riel : 100= Mesh Polyester.\u00a0Cadre : Cadre D en alu avec charni\u00e8re en alu.\u00a0Couleurs disponibles : noir, anthracite\u00a0<\/p>\n<p>Dimensions : 51 x 42 x 48 x 110\/123 cm<\/p>\n<p>Pli\u00e9 : 93 x 63 x 0 cm<\/p>\n<p>Charge max.: 140 kg<\/p>\n<p>Poids : 5,2 kg<\/p>\n","protected":false},"excerpt":{"rendered":"<p>Nouveau mod\u00e8le de chaise de camping avec oreiller extensible. Le tissue st compos\u00e9 d\u2019une maille 3D respirant avec de la mouse polyester perm\u00e9able \u00e0 l\u2019eau. S\u00e9chage rapide, confortable et facile \u00e0 entretenir. Le nouveau cadre ovale en aluminium avec rev\u00eatement \u00e9poxy se plie facilement en une taille pratique pour emporter dans le caravane. L\u2019oreiller coulissant [&hellip;]<\/p>\n","protected":false},"featured_media":150342,"template":"","meta":{"_acf_changed":false},"product_featured_cat":[],"product_brand":[3074],"product_cat":[4477],"product_tag":[],"class_list":{"0":"post-138099","1":"product","2":"type-product","3":"status-publish","4":"has-post-thumbnail","6":"product_brand-eurotrail","7":"product_cat-chaises-tabourets-et-chaises-longues","9":"first","10":"instock","11":"taxable","12":"shipping-taxable","13":"purchasable","14":"product-type-simple"},"acf":[],"yoast_head":"<!-- This site is optimized with the Yoast SEO plugin v27.4 - https:\/\/yoast.com\/product\/yoast-seo-wordpress\/ -->\n<title>Chaise de camping Ch\u00e2teau 3D-Mesh - Bantam Wankm\u00fcller SA<\/title>\n<meta name=\"robots\" content=\"index, follow, max-snippet:-1, max-image-preview:large, max-video-preview:-1\" \/>\n<link rel=\"canonical\" href=\"https:\/\/shop.bantam.ch\/fr\/produit\/faltstuhl-chateau-schwarz\/\" \/>\n<meta property=\"og:locale\" content=\"fr_FR\" \/>\n<meta property=\"og:type\" content=\"article\" \/>\n<meta property=\"og:title\" content=\"Chaise de camping Ch\u00e2teau 3D-Mesh - Bantam Wankm\u00fcller SA\" \/>\n<meta property=\"og:description\" content=\"Nouveau mod\u00e8le de chaise de camping avec oreiller extensible. Le tissue st compos\u00e9 d\u2019une maille 3D respirant avec de la mouse polyester perm\u00e9able \u00e0 l\u2019eau. S\u00e9chage rapide, confortable et facile \u00e0 entretenir. Le nouveau cadre ovale en aluminium avec rev\u00eatement \u00e9poxy se plie facilement en une taille pratique pour emporter dans le caravane. L\u2019oreiller coulissant [&hellip;]\" \/>\n<meta property=\"og:url\" content=\"https:\/\/shop.bantam.ch\/fr\/produit\/faltstuhl-chateau-schwarz\/\" \/>\n<meta property=\"og:site_name\" content=\"Bantam Wankm\u00fcller SA\" \/>\n<meta property=\"article:modified_time\" content=\"2026-04-18T19:59:11+00:00\" \/>\n<meta property=\"og:image\" content=\"https:\/\/shop.bantam.ch\/wp-content\/uploads\/2023\/03\/76621018-chaise-ch-teau-ETCF1349_0100_1.jpg\" \/>\n\t<meta property=\"og:image:width\" content=\"1142\" \/>\n\t<meta property=\"og:image:height\" content=\"1772\" \/>\n\t<meta property=\"og:image:type\" content=\"image\/jpeg\" \/>\n<meta name=\"twitter:card\" content=\"summary_large_image\" \/>\n<meta name=\"twitter:label1\" content=\"Dur\u00e9e de lecture estim\u00e9e\" \/>\n\t<meta name=\"twitter:data1\" content=\"1 minute\" \/>\n<script type=\"application\/ld+json\" class=\"yoast-schema-graph\">{\"@context\":\"https:\\\/\\\/schema.org\",\"@graph\":[{\"@type\":\"WebPage\",\"@id\":\"https:\\\/\\\/shop.bantam.ch\\\/fr\\\/produit\\\/faltstuhl-chateau-schwarz\\\/\",\"url\":\"https:\\\/\\\/shop.bantam.ch\\\/fr\\\/produit\\\/faltstuhl-chateau-schwarz\\\/\",\"name\":\"Chaise de camping Ch\u00e2teau 3D-Mesh - Bantam Wankm\u00fcller SA\",\"isPartOf\":{\"@id\":\"https:\\\/\\\/shop.bantam.ch\\\/fr\\\/#website\"},\"primaryImageOfPage\":{\"@id\":\"https:\\\/\\\/shop.bantam.ch\\\/fr\\\/produit\\\/faltstuhl-chateau-schwarz\\\/#primaryimage\"},\"image\":{\"@id\":\"https:\\\/\\\/shop.bantam.ch\\\/fr\\\/produit\\\/faltstuhl-chateau-schwarz\\\/#primaryimage\"},\"thumbnailUrl\":\"https:\\\/\\\/shop.bantam.ch\\\/wp-content\\\/uploads\\\/2023\\\/03\\\/76621018-chaise-ch-teau-ETCF1349_0100_1.jpg\",\"datePublished\":\"2023-03-01T18:46:27+00:00\",\"dateModified\":\"2026-04-18T19:59:11+00:00\",\"breadcrumb\":{\"@id\":\"https:\\\/\\\/shop.bantam.ch\\\/fr\\\/produit\\\/faltstuhl-chateau-schwarz\\\/#breadcrumb\"},\"inLanguage\":\"fr-FR\",\"potentialAction\":[{\"@type\":\"ReadAction\",\"target\":[\"https:\\\/\\\/shop.bantam.ch\\\/fr\\\/produit\\\/faltstuhl-chateau-schwarz\\\/\"]}]},{\"@type\":\"ImageObject\",\"inLanguage\":\"fr-FR\",\"@id\":\"https:\\\/\\\/shop.bantam.ch\\\/fr\\\/produit\\\/faltstuhl-chateau-schwarz\\\/#primaryimage\",\"url\":\"https:\\\/\\\/shop.bantam.ch\\\/wp-content\\\/uploads\\\/2023\\\/03\\\/76621018-chaise-ch-teau-ETCF1349_0100_1.jpg\",\"contentUrl\":\"https:\\\/\\\/shop.bantam.ch\\\/wp-content\\\/uploads\\\/2023\\\/03\\\/76621018-chaise-ch-teau-ETCF1349_0100_1.jpg\",\"width\":1142,\"height\":1772},{\"@type\":\"BreadcrumbList\",\"@id\":\"https:\\\/\\\/shop.bantam.ch\\\/fr\\\/produit\\\/faltstuhl-chateau-schwarz\\\/#breadcrumb\",\"itemListElement\":[{\"@type\":\"ListItem\",\"position\":1,\"name\":\"Accueil\",\"item\":\"https:\\\/\\\/shop.bantam.ch\\\/fr\\\/\"},{\"@type\":\"ListItem\",\"position\":2,\"name\":\"Boutique\",\"item\":\"https:\\\/\\\/shop.bantam.ch\\\/fr\\\/boutique\\\/\"},{\"@type\":\"ListItem\",\"position\":3,\"name\":\"Chaise de camping Ch\u00e2teau 3D-Mesh\"}]},{\"@type\":\"WebSite\",\"@id\":\"https:\\\/\\\/shop.bantam.ch\\\/fr\\\/#website\",\"url\":\"https:\\\/\\\/shop.bantam.ch\\\/fr\\\/\",\"name\":\"Bantam Wankm\u00fcller SA\",\"description\":\"\",\"publisher\":{\"@id\":\"https:\\\/\\\/shop.bantam.ch\\\/fr\\\/#organization\"},\"inLanguage\":\"fr-FR\"},{\"@type\":\"Organization\",\"@id\":\"https:\\\/\\\/shop.bantam.ch\\\/fr\\\/#organization\",\"name\":\"Bantam Wankm\u00fcller SA\",\"url\":\"https:\\\/\\\/shop.bantam.ch\\\/fr\\\/\",\"logo\":{\"@type\":\"ImageObject\",\"inLanguage\":\"fr-FR\",\"@id\":\"https:\\\/\\\/shop.bantam.ch\\\/fr\\\/#\\\/schema\\\/logo\\\/image\\\/\",\"url\":\"https:\\\/\\\/shop.bantam.ch\\\/wp-content\\\/uploads\\\/2022\\\/12\\\/bantam-logo.png\",\"contentUrl\":\"https:\\\/\\\/shop.bantam.ch\\\/wp-content\\\/uploads\\\/2022\\\/12\\\/bantam-logo.png\",\"width\":320,\"height\":71,\"caption\":\"Bantam Wankm\u00fcller SA\"},\"image\":{\"@id\":\"https:\\\/\\\/shop.bantam.ch\\\/fr\\\/#\\\/schema\\\/logo\\\/image\\\/\"}}]}<\/script>\n<!-- \/ Yoast SEO plugin. -->","yoast_head_json":{"title":"Chaise de camping Ch\u00e2teau 3D-Mesh - Bantam Wankm\u00fcller SA","robots":{"index":"index","follow":"follow","max-snippet":"max-snippet:-1","max-image-preview":"max-image-preview:large","max-video-preview":"max-video-preview:-1"},"canonical":"https:\/\/shop.bantam.ch\/fr\/produit\/faltstuhl-chateau-schwarz\/","og_locale":"fr_FR","og_type":"article","og_title":"Chaise de camping Ch\u00e2teau 3D-Mesh - Bantam Wankm\u00fcller SA","og_description":"Nouveau mod\u00e8le de chaise de camping avec oreiller extensible. Le tissue st compos\u00e9 d\u2019une maille 3D respirant avec de la mouse polyester perm\u00e9able \u00e0 l\u2019eau. S\u00e9chage rapide, confortable et facile \u00e0 entretenir. Le nouveau cadre ovale en aluminium avec rev\u00eatement \u00e9poxy se plie facilement en une taille pratique pour emporter dans le caravane. L\u2019oreiller coulissant [&hellip;]","og_url":"https:\/\/shop.bantam.ch\/fr\/produit\/faltstuhl-chateau-schwarz\/","og_site_name":"Bantam Wankm\u00fcller SA","article_modified_time":"2026-04-18T19:59:11+00:00","og_image":[{"width":1142,"height":1772,"url":"https:\/\/shop.bantam.ch\/wp-content\/uploads\/2023\/03\/76621018-chaise-ch-teau-ETCF1349_0100_1.jpg","type":"image\/jpeg"}],"twitter_card":"summary_large_image","twitter_misc":{"Dur\u00e9e de lecture estim\u00e9e":"1 minute"},"schema":{"@context":"https:\/\/schema.org","@graph":[{"@type":"WebPage","@id":"https:\/\/shop.bantam.ch\/fr\/produit\/faltstuhl-chateau-schwarz\/","url":"https:\/\/shop.bantam.ch\/fr\/produit\/faltstuhl-chateau-schwarz\/","name":"Chaise de camping Ch\u00e2teau 3D-Mesh - Bantam Wankm\u00fcller SA","isPartOf":{"@id":"https:\/\/shop.bantam.ch\/fr\/#website"},"primaryImageOfPage":{"@id":"https:\/\/shop.bantam.ch\/fr\/produit\/faltstuhl-chateau-schwarz\/#primaryimage"},"image":{"@id":"https:\/\/shop.bantam.ch\/fr\/produit\/faltstuhl-chateau-schwarz\/#primaryimage"},"thumbnailUrl":"https:\/\/shop.bantam.ch\/wp-content\/uploads\/2023\/03\/76621018-chaise-ch-teau-ETCF1349_0100_1.jpg","datePublished":"2023-03-01T18:46:27+00:00","dateModified":"2026-04-18T19:59:11+00:00","breadcrumb":{"@id":"https:\/\/shop.bantam.ch\/fr\/produit\/faltstuhl-chateau-schwarz\/#breadcrumb"},"inLanguage":"fr-FR","potentialAction":[{"@type":"ReadAction","target":["https:\/\/shop.bantam.ch\/fr\/produit\/faltstuhl-chateau-schwarz\/"]}]},{"@type":"ImageObject","inLanguage":"fr-FR","@id":"https:\/\/shop.bantam.ch\/fr\/produit\/faltstuhl-chateau-schwarz\/#primaryimage","url":"https:\/\/shop.bantam.ch\/wp-content\/uploads\/2023\/03\/76621018-chaise-ch-teau-ETCF1349_0100_1.jpg","contentUrl":"https:\/\/shop.bantam.ch\/wp-content\/uploads\/2023\/03\/76621018-chaise-ch-teau-ETCF1349_0100_1.jpg","width":1142,"height":1772},{"@type":"BreadcrumbList","@id":"https:\/\/shop.bantam.ch\/fr\/produit\/faltstuhl-chateau-schwarz\/#breadcrumb","itemListElement":[{"@type":"ListItem","position":1,"name":"Accueil","item":"https:\/\/shop.bantam.ch\/fr\/"},{"@type":"ListItem","position":2,"name":"Boutique","item":"https:\/\/shop.bantam.ch\/fr\/boutique\/"},{"@type":"ListItem","position":3,"name":"Chaise de camping Ch\u00e2teau 3D-Mesh"}]},{"@type":"WebSite","@id":"https:\/\/shop.bantam.ch\/fr\/#website","url":"https:\/\/shop.bantam.ch\/fr\/","name":"Bantam Wankm\u00fcller SA","description":"","publisher":{"@id":"https:\/\/shop.bantam.ch\/fr\/#organization"},"inLanguage":"fr-FR"},{"@type":"Organization","@id":"https:\/\/shop.bantam.ch\/fr\/#organization","name":"Bantam Wankm\u00fcller SA","url":"https:\/\/shop.bantam.ch\/fr\/","logo":{"@type":"ImageObject","inLanguage":"fr-FR","@id":"https:\/\/shop.bantam.ch\/fr\/#\/schema\/logo\/image\/","url":"https:\/\/shop.bantam.ch\/wp-content\/uploads\/2022\/12\/bantam-logo.png","contentUrl":"https:\/\/shop.bantam.ch\/wp-content\/uploads\/2022\/12\/bantam-logo.png","width":320,"height":71,"caption":"Bantam Wankm\u00fcller SA"},"image":{"@id":"https:\/\/shop.bantam.ch\/fr\/#\/schema\/logo\/image\/"}}]}},"_links":{"self":[{"href":"https:\/\/shop.bantam.ch\/fr\/wp-json\/wp\/v2\/product\/138099","targetHints":{"allow":["GET"]}}],"collection":[{"href":"https:\/\/shop.bantam.ch\/fr\/wp-json\/wp\/v2\/product"}],"about":[{"href":"https:\/\/shop.bantam.ch\/fr\/wp-json\/wp\/v2\/types\/product"}],"wp:featuredmedia":[{"embeddable":true,"href":"https:\/\/shop.bantam.ch\/fr\/wp-json\/wp\/v2\/media\/150342"}],"wp:attachment":[{"href":"https:\/\/shop.bantam.ch\/fr\/wp-json\/wp\/v2\/media?parent=138099"}],"wp:term":[{"taxonomy":"product_featured_cat","embeddable":true,"href":"https:\/\/shop.bantam.ch\/fr\/wp-json\/wp\/v2\/product_featured_cat?post=138099"},{"taxonomy":"product_brand","embeddable":true,"href":"https:\/\/shop.bantam.ch\/fr\/wp-json\/wp\/v2\/product_brand?post=138099"},{"taxonomy":"product_cat","embeddable":true,"href":"https:\/\/shop.bantam.ch\/fr\/wp-json\/wp\/v2\/product_cat?post=138099"},{"taxonomy":"product_tag","embeddable":true,"href":"https:\/\/shop.bantam.ch\/fr\/wp-json\/wp\/v2\/product_tag?post=138099"}],"curies":[{"name":"wp","href":"https:\/\/api.w.org\/{rel}","templated":true}]}}