{"id":138075,"date":"2023-03-01T19:45:16","date_gmt":"2023-03-01T18:45:16","guid":{"rendered":"https:\/\/shop.bantam.ch\/produit\/trio-power-pack-30-mba\/"},"modified":"2026-04-17T21:57:05","modified_gmt":"2026-04-17T19:57:05","slug":"trio-power-pack-30-mba","status":"publish","type":"product","link":"https:\/\/shop.bantam.ch\/fr\/produit\/trio-power-pack-30-mba\/","title":{"rendered":"Trio Power Pack 30 mba"},"content":{"rendered":"<p>Le Trio Power Pak utilise 3 cartouches de gaz de 220g (non incluses), ouverture \u00e0 l&rsquo;arri\u00e8re permettant d&rsquo;acc\u00e9der aux cartouches, le tuyau d&rsquo;alimentation en gaz est \u00e9quip\u00e9 d&rsquo;une connexion CADAC Quick Release, toutes les cartouches peuvent \u00eatre retir\u00e9es et remplac\u00e9es \u00e0 tout moment, sac de rangement inclus, garantie de 2 ans.<br \/>\n&nbsp;<br \/>\nLe tuyau de gaz du Trio Power Pak peut \u00eatre (d\u00e9)branch\u00e9 facilement gr\u00e2ce au raccord rapide int\u00e9gr\u00e9. Cela vous permet de d\u00e9connecter le tuyau de gaz d&rsquo;un simple \u00ab\u00a0clic\u00a0\u00bb. L\u00e9ger et mobile, il permet de d\u2019alimenter votre barbecue \u00e0 gaz ou votre r\u00e9chaud, id\u00e9al pour les vacances en camping. Le Trio Power Pak ne p\u00e8se que 1,2 kg et dispose de trois entr\u00e9es pour cartouche de gaz ce qui est une bonne alternative aux lourdes bouteilles de gaz. Le bo\u00eetier a un arri\u00e8re amovible, de sorte que les cartouches peuvent \u00eatre facilement encliquet\u00e9es dans l&rsquo;appareil.&nbsp; En cumulant l&rsquo;alimentation en gaz des cartouches, les cartouches g\u00e8lent moins rap<\/p>\n","protected":false},"excerpt":{"rendered":"<p>Le Trio Power Pak utilise 3 cartouches de gaz de 220g (non incluses), ouverture \u00e0 l&rsquo;arri\u00e8re permettant d&rsquo;acc\u00e9der aux cartouches, le tuyau d&rsquo;alimentation en gaz est \u00e9quip\u00e9 d&rsquo;une connexion CADAC Quick Release, toutes les cartouches peuvent \u00eatre retir\u00e9es et remplac\u00e9es \u00e0 tout moment, sac de rangement inclus, garantie de 2 ans. &nbsp; Le tuyau de [&hellip;]<\/p>\n","protected":false},"featured_media":150314,"template":"","meta":{"_acf_changed":false},"product_featured_cat":[],"product_brand":[3668],"product_cat":[4339],"product_tag":[],"class_list":{"0":"post-138075","1":"product","2":"type-product","3":"status-publish","4":"has-post-thumbnail","6":"product_brand-cadac","7":"product_cat-accessoires-pour-barbecue","9":"first","10":"instock","11":"taxable","12":"shipping-taxable","13":"purchasable","14":"product-type-simple"},"acf":[],"yoast_head":"<!-- This site is optimized with the Yoast SEO plugin v27.4 - https:\/\/yoast.com\/product\/yoast-seo-wordpress\/ -->\n<title>Trio Power Pack 30 mba - Bantam Wankm\u00fcller SA<\/title>\n<meta name=\"robots\" content=\"index, follow, max-snippet:-1, max-image-preview:large, max-video-preview:-1\" \/>\n<link rel=\"canonical\" href=\"https:\/\/shop.bantam.ch\/fr\/produit\/trio-power-pack-30-mba\/\" \/>\n<meta property=\"og:locale\" content=\"fr_FR\" \/>\n<meta property=\"og:type\" content=\"article\" \/>\n<meta property=\"og:title\" content=\"Trio Power Pack 30 mba - Bantam Wankm\u00fcller SA\" \/>\n<meta property=\"og:description\" content=\"Le Trio Power Pak utilise 3 cartouches de gaz de 220g (non incluses), ouverture \u00e0 l&rsquo;arri\u00e8re permettant d&rsquo;acc\u00e9der aux cartouches, le tuyau d&rsquo;alimentation en gaz est \u00e9quip\u00e9 d&rsquo;une connexion CADAC Quick Release, toutes les cartouches peuvent \u00eatre retir\u00e9es et remplac\u00e9es \u00e0 tout moment, sac de rangement inclus, garantie de 2 ans. &nbsp; Le tuyau de [&hellip;]\" \/>\n<meta property=\"og:url\" content=\"https:\/\/shop.bantam.ch\/fr\/produit\/trio-power-pack-30-mba\/\" \/>\n<meta property=\"og:site_name\" content=\"Bantam Wankm\u00fcller SA\" \/>\n<meta property=\"article:modified_time\" content=\"2026-04-17T19:57:05+00:00\" \/>\n<meta property=\"og:image\" content=\"https:\/\/shop.bantam.ch\/wp-content\/uploads\/2023\/03\/78722008.png\" \/>\n\t<meta property=\"og:image:width\" content=\"800\" \/>\n\t<meta property=\"og:image:height\" content=\"800\" \/>\n\t<meta property=\"og:image:type\" content=\"image\/png\" \/>\n<meta name=\"twitter:card\" content=\"summary_large_image\" \/>\n<meta name=\"twitter:label1\" content=\"Dur\u00e9e de lecture estim\u00e9e\" \/>\n\t<meta name=\"twitter:data1\" content=\"1 minute\" \/>\n<script type=\"application\/ld+json\" class=\"yoast-schema-graph\">{\"@context\":\"https:\\\/\\\/schema.org\",\"@graph\":[{\"@type\":\"WebPage\",\"@id\":\"https:\\\/\\\/shop.bantam.ch\\\/fr\\\/produit\\\/trio-power-pack-30-mba\\\/\",\"url\":\"https:\\\/\\\/shop.bantam.ch\\\/fr\\\/produit\\\/trio-power-pack-30-mba\\\/\",\"name\":\"Trio Power Pack 30 mba - Bantam Wankm\u00fcller SA\",\"isPartOf\":{\"@id\":\"https:\\\/\\\/shop.bantam.ch\\\/fr\\\/#website\"},\"primaryImageOfPage\":{\"@id\":\"https:\\\/\\\/shop.bantam.ch\\\/fr\\\/produit\\\/trio-power-pack-30-mba\\\/#primaryimage\"},\"image\":{\"@id\":\"https:\\\/\\\/shop.bantam.ch\\\/fr\\\/produit\\\/trio-power-pack-30-mba\\\/#primaryimage\"},\"thumbnailUrl\":\"https:\\\/\\\/shop.bantam.ch\\\/wp-content\\\/uploads\\\/2023\\\/03\\\/78722008.png\",\"datePublished\":\"2023-03-01T18:45:16+00:00\",\"dateModified\":\"2026-04-17T19:57:05+00:00\",\"breadcrumb\":{\"@id\":\"https:\\\/\\\/shop.bantam.ch\\\/fr\\\/produit\\\/trio-power-pack-30-mba\\\/#breadcrumb\"},\"inLanguage\":\"fr-FR\",\"potentialAction\":[{\"@type\":\"ReadAction\",\"target\":[\"https:\\\/\\\/shop.bantam.ch\\\/fr\\\/produit\\\/trio-power-pack-30-mba\\\/\"]}]},{\"@type\":\"ImageObject\",\"inLanguage\":\"fr-FR\",\"@id\":\"https:\\\/\\\/shop.bantam.ch\\\/fr\\\/produit\\\/trio-power-pack-30-mba\\\/#primaryimage\",\"url\":\"https:\\\/\\\/shop.bantam.ch\\\/wp-content\\\/uploads\\\/2023\\\/03\\\/78722008.png\",\"contentUrl\":\"https:\\\/\\\/shop.bantam.ch\\\/wp-content\\\/uploads\\\/2023\\\/03\\\/78722008.png\",\"width\":800,\"height\":800},{\"@type\":\"BreadcrumbList\",\"@id\":\"https:\\\/\\\/shop.bantam.ch\\\/fr\\\/produit\\\/trio-power-pack-30-mba\\\/#breadcrumb\",\"itemListElement\":[{\"@type\":\"ListItem\",\"position\":1,\"name\":\"Accueil\",\"item\":\"https:\\\/\\\/shop.bantam.ch\\\/fr\\\/\"},{\"@type\":\"ListItem\",\"position\":2,\"name\":\"Boutique\",\"item\":\"https:\\\/\\\/shop.bantam.ch\\\/fr\\\/boutique\\\/\"},{\"@type\":\"ListItem\",\"position\":3,\"name\":\"Trio Power Pack 30 mba\"}]},{\"@type\":\"WebSite\",\"@id\":\"https:\\\/\\\/shop.bantam.ch\\\/fr\\\/#website\",\"url\":\"https:\\\/\\\/shop.bantam.ch\\\/fr\\\/\",\"name\":\"Bantam Wankm\u00fcller SA\",\"description\":\"\",\"publisher\":{\"@id\":\"https:\\\/\\\/shop.bantam.ch\\\/fr\\\/#organization\"},\"inLanguage\":\"fr-FR\"},{\"@type\":\"Organization\",\"@id\":\"https:\\\/\\\/shop.bantam.ch\\\/fr\\\/#organization\",\"name\":\"Bantam Wankm\u00fcller SA\",\"url\":\"https:\\\/\\\/shop.bantam.ch\\\/fr\\\/\",\"logo\":{\"@type\":\"ImageObject\",\"inLanguage\":\"fr-FR\",\"@id\":\"https:\\\/\\\/shop.bantam.ch\\\/fr\\\/#\\\/schema\\\/logo\\\/image\\\/\",\"url\":\"https:\\\/\\\/shop.bantam.ch\\\/wp-content\\\/uploads\\\/2022\\\/12\\\/bantam-logo.png\",\"contentUrl\":\"https:\\\/\\\/shop.bantam.ch\\\/wp-content\\\/uploads\\\/2022\\\/12\\\/bantam-logo.png\",\"width\":320,\"height\":71,\"caption\":\"Bantam Wankm\u00fcller SA\"},\"image\":{\"@id\":\"https:\\\/\\\/shop.bantam.ch\\\/fr\\\/#\\\/schema\\\/logo\\\/image\\\/\"}}]}<\/script>\n<!-- \/ Yoast SEO plugin. -->","yoast_head_json":{"title":"Trio Power Pack 30 mba - Bantam Wankm\u00fcller SA","robots":{"index":"index","follow":"follow","max-snippet":"max-snippet:-1","max-image-preview":"max-image-preview:large","max-video-preview":"max-video-preview:-1"},"canonical":"https:\/\/shop.bantam.ch\/fr\/produit\/trio-power-pack-30-mba\/","og_locale":"fr_FR","og_type":"article","og_title":"Trio Power Pack 30 mba - Bantam Wankm\u00fcller SA","og_description":"Le Trio Power Pak utilise 3 cartouches de gaz de 220g (non incluses), ouverture \u00e0 l&rsquo;arri\u00e8re permettant d&rsquo;acc\u00e9der aux cartouches, le tuyau d&rsquo;alimentation en gaz est \u00e9quip\u00e9 d&rsquo;une connexion CADAC Quick Release, toutes les cartouches peuvent \u00eatre retir\u00e9es et remplac\u00e9es \u00e0 tout moment, sac de rangement inclus, garantie de 2 ans. &nbsp; Le tuyau de [&hellip;]","og_url":"https:\/\/shop.bantam.ch\/fr\/produit\/trio-power-pack-30-mba\/","og_site_name":"Bantam Wankm\u00fcller SA","article_modified_time":"2026-04-17T19:57:05+00:00","og_image":[{"width":800,"height":800,"url":"https:\/\/shop.bantam.ch\/wp-content\/uploads\/2023\/03\/78722008.png","type":"image\/png"}],"twitter_card":"summary_large_image","twitter_misc":{"Dur\u00e9e de lecture estim\u00e9e":"1 minute"},"schema":{"@context":"https:\/\/schema.org","@graph":[{"@type":"WebPage","@id":"https:\/\/shop.bantam.ch\/fr\/produit\/trio-power-pack-30-mba\/","url":"https:\/\/shop.bantam.ch\/fr\/produit\/trio-power-pack-30-mba\/","name":"Trio Power Pack 30 mba - Bantam Wankm\u00fcller SA","isPartOf":{"@id":"https:\/\/shop.bantam.ch\/fr\/#website"},"primaryImageOfPage":{"@id":"https:\/\/shop.bantam.ch\/fr\/produit\/trio-power-pack-30-mba\/#primaryimage"},"image":{"@id":"https:\/\/shop.bantam.ch\/fr\/produit\/trio-power-pack-30-mba\/#primaryimage"},"thumbnailUrl":"https:\/\/shop.bantam.ch\/wp-content\/uploads\/2023\/03\/78722008.png","datePublished":"2023-03-01T18:45:16+00:00","dateModified":"2026-04-17T19:57:05+00:00","breadcrumb":{"@id":"https:\/\/shop.bantam.ch\/fr\/produit\/trio-power-pack-30-mba\/#breadcrumb"},"inLanguage":"fr-FR","potentialAction":[{"@type":"ReadAction","target":["https:\/\/shop.bantam.ch\/fr\/produit\/trio-power-pack-30-mba\/"]}]},{"@type":"ImageObject","inLanguage":"fr-FR","@id":"https:\/\/shop.bantam.ch\/fr\/produit\/trio-power-pack-30-mba\/#primaryimage","url":"https:\/\/shop.bantam.ch\/wp-content\/uploads\/2023\/03\/78722008.png","contentUrl":"https:\/\/shop.bantam.ch\/wp-content\/uploads\/2023\/03\/78722008.png","width":800,"height":800},{"@type":"BreadcrumbList","@id":"https:\/\/shop.bantam.ch\/fr\/produit\/trio-power-pack-30-mba\/#breadcrumb","itemListElement":[{"@type":"ListItem","position":1,"name":"Accueil","item":"https:\/\/shop.bantam.ch\/fr\/"},{"@type":"ListItem","position":2,"name":"Boutique","item":"https:\/\/shop.bantam.ch\/fr\/boutique\/"},{"@type":"ListItem","position":3,"name":"Trio Power Pack 30 mba"}]},{"@type":"WebSite","@id":"https:\/\/shop.bantam.ch\/fr\/#website","url":"https:\/\/shop.bantam.ch\/fr\/","name":"Bantam Wankm\u00fcller SA","description":"","publisher":{"@id":"https:\/\/shop.bantam.ch\/fr\/#organization"},"inLanguage":"fr-FR"},{"@type":"Organization","@id":"https:\/\/shop.bantam.ch\/fr\/#organization","name":"Bantam Wankm\u00fcller SA","url":"https:\/\/shop.bantam.ch\/fr\/","logo":{"@type":"ImageObject","inLanguage":"fr-FR","@id":"https:\/\/shop.bantam.ch\/fr\/#\/schema\/logo\/image\/","url":"https:\/\/shop.bantam.ch\/wp-content\/uploads\/2022\/12\/bantam-logo.png","contentUrl":"https:\/\/shop.bantam.ch\/wp-content\/uploads\/2022\/12\/bantam-logo.png","width":320,"height":71,"caption":"Bantam Wankm\u00fcller SA"},"image":{"@id":"https:\/\/shop.bantam.ch\/fr\/#\/schema\/logo\/image\/"}}]}},"_links":{"self":[{"href":"https:\/\/shop.bantam.ch\/fr\/wp-json\/wp\/v2\/product\/138075","targetHints":{"allow":["GET"]}}],"collection":[{"href":"https:\/\/shop.bantam.ch\/fr\/wp-json\/wp\/v2\/product"}],"about":[{"href":"https:\/\/shop.bantam.ch\/fr\/wp-json\/wp\/v2\/types\/product"}],"wp:featuredmedia":[{"embeddable":true,"href":"https:\/\/shop.bantam.ch\/fr\/wp-json\/wp\/v2\/media\/150314"}],"wp:attachment":[{"href":"https:\/\/shop.bantam.ch\/fr\/wp-json\/wp\/v2\/media?parent=138075"}],"wp:term":[{"taxonomy":"product_featured_cat","embeddable":true,"href":"https:\/\/shop.bantam.ch\/fr\/wp-json\/wp\/v2\/product_featured_cat?post=138075"},{"taxonomy":"product_brand","embeddable":true,"href":"https:\/\/shop.bantam.ch\/fr\/wp-json\/wp\/v2\/product_brand?post=138075"},{"taxonomy":"product_cat","embeddable":true,"href":"https:\/\/shop.bantam.ch\/fr\/wp-json\/wp\/v2\/product_cat?post=138075"},{"taxonomy":"product_tag","embeddable":true,"href":"https:\/\/shop.bantam.ch\/fr\/wp-json\/wp\/v2\/product_tag?post=138075"}],"curies":[{"name":"wp","href":"https:\/\/api.w.org\/{rel}","templated":true}]}}