{"id":137499,"date":"2023-03-01T19:19:41","date_gmt":"2023-03-01T18:19:41","guid":{"rendered":"https:\/\/shop.bantam.ch\/produit\/aura-400\/"},"modified":"2026-05-02T21:59:56","modified_gmt":"2026-05-02T19:59:56","slug":"aura-400","status":"publish","type":"product","link":"https:\/\/shop.bantam.ch\/fr\/produit\/aura-400\/","title":{"rendered":"AURA 400"},"content":{"rendered":"<p>Double toit : Polyester Protex 3000, teint\u00e9 dans la masse.<\/p>\n<p>Chambre : Polyester 190T (thermoactif).<\/p>\n<p>Tapis de sol : Poly\u00e9thyl\u00e8ne.<\/p>\n<p>Fen\u00eatres : PVC.<\/p>\n<p>Armature : Fibre de verre Powerflex.<\/p>\n<p>Colonne d\u2019eau 3000 mm.<\/p>\n<p>Poids : Env. 15,2 kg.<\/p>\n<p>Dimensions : Pli\u00e9e 69x30x27cm.<\/p>\n<p>Caract\u00e9ristiques : Entr\u00e9e avec moustiquaire, ouverture \u00e0 fermeture \u00e9clair avec possibilit\u00e9 de tirer un c\u00e2ble \u00e9lectrique, r\u00e9sistant au feu.<\/p>\n","protected":false},"excerpt":{"rendered":"<p>Double toit : Polyester Protex 3000, teint\u00e9 dans la masse. Chambre : Polyester 190T (thermoactif). Tapis de sol : Poly\u00e9thyl\u00e8ne. Fen\u00eatres : PVC. Armature : Fibre de verre Powerflex. Colonne d\u2019eau 3000 mm. Poids : Env. 15,2 kg. Dimensions : Pli\u00e9e 69x30x27cm. Caract\u00e9ristiques : Entr\u00e9e avec moustiquaire, ouverture \u00e0 fermeture \u00e9clair avec possibilit\u00e9 de tirer [&hellip;]<\/p>\n","protected":false},"featured_media":137497,"template":"","meta":{"_acf_changed":false},"product_featured_cat":[],"product_brand":[3562],"product_cat":[4241],"product_tag":[],"class_list":{"0":"post-137499","1":"product","2":"type-product","3":"status-publish","4":"has-post-thumbnail","6":"product_brand-vango","7":"product_cat-tentes-fonctionnelles","9":"first","10":"instock","11":"sale","12":"taxable","13":"shipping-taxable","14":"purchasable","15":"product-type-simple"},"acf":[],"yoast_head":"<!-- This site is optimized with the Yoast SEO plugin v27.5 - https:\/\/yoast.com\/product\/yoast-seo-wordpress\/ -->\n<title>AURA 400 - Bantam<\/title>\n<meta name=\"robots\" content=\"index, follow, max-snippet:-1, max-image-preview:large, max-video-preview:-1\" \/>\n<link rel=\"canonical\" href=\"https:\/\/shop.bantam.ch\/fr\/produit\/aura-400\/\" \/>\n<meta property=\"og:locale\" content=\"fr_FR\" \/>\n<meta property=\"og:type\" content=\"article\" \/>\n<meta property=\"og:title\" content=\"AURA 400 - Bantam\" \/>\n<meta property=\"og:description\" content=\"Double toit : Polyester Protex 3000, teint\u00e9 dans la masse. Chambre : Polyester 190T (thermoactif). Tapis de sol : Poly\u00e9thyl\u00e8ne. Fen\u00eatres : PVC. Armature : Fibre de verre Powerflex. Colonne d\u2019eau 3000 mm. Poids : Env. 15,2 kg. Dimensions : Pli\u00e9e 69x30x27cm. Caract\u00e9ristiques : Entr\u00e9e avec moustiquaire, ouverture \u00e0 fermeture \u00e9clair avec possibilit\u00e9 de tirer [&hellip;]\" \/>\n<meta property=\"og:url\" content=\"https:\/\/shop.bantam.ch\/fr\/produit\/aura-400\/\" \/>\n<meta property=\"og:site_name\" content=\"Bantam\" \/>\n<meta property=\"article:modified_time\" content=\"2026-05-02T19:59:56+00:00\" \/>\n<meta property=\"og:image\" content=\"https:\/\/shop.bantam.ch\/wp-content\/uploads\/2023\/03\/11011005.jpg\" \/>\n\t<meta property=\"og:image:width\" content=\"1000\" \/>\n\t<meta property=\"og:image:height\" content=\"446\" \/>\n\t<meta property=\"og:image:type\" content=\"image\/jpeg\" \/>\n<meta name=\"twitter:card\" content=\"summary_large_image\" \/>\n<script type=\"application\/ld+json\" class=\"yoast-schema-graph\">{\"@context\":\"https:\\\/\\\/schema.org\",\"@graph\":[{\"@type\":\"WebPage\",\"@id\":\"https:\\\/\\\/shop.bantam.ch\\\/fr\\\/produit\\\/aura-400\\\/\",\"url\":\"https:\\\/\\\/shop.bantam.ch\\\/fr\\\/produit\\\/aura-400\\\/\",\"name\":\"AURA 400 - Bantam\",\"isPartOf\":{\"@id\":\"https:\\\/\\\/shop.bantam.ch\\\/fr\\\/#website\"},\"primaryImageOfPage\":{\"@id\":\"https:\\\/\\\/shop.bantam.ch\\\/fr\\\/produit\\\/aura-400\\\/#primaryimage\"},\"image\":{\"@id\":\"https:\\\/\\\/shop.bantam.ch\\\/fr\\\/produit\\\/aura-400\\\/#primaryimage\"},\"thumbnailUrl\":\"https:\\\/\\\/shop.bantam.ch\\\/wp-content\\\/uploads\\\/2023\\\/03\\\/11011005.jpg\",\"datePublished\":\"2023-03-01T18:19:41+00:00\",\"dateModified\":\"2026-05-02T19:59:56+00:00\",\"breadcrumb\":{\"@id\":\"https:\\\/\\\/shop.bantam.ch\\\/fr\\\/produit\\\/aura-400\\\/#breadcrumb\"},\"inLanguage\":\"fr-FR\",\"potentialAction\":[{\"@type\":\"ReadAction\",\"target\":[\"https:\\\/\\\/shop.bantam.ch\\\/fr\\\/produit\\\/aura-400\\\/\"]}]},{\"@type\":\"ImageObject\",\"inLanguage\":\"fr-FR\",\"@id\":\"https:\\\/\\\/shop.bantam.ch\\\/fr\\\/produit\\\/aura-400\\\/#primaryimage\",\"url\":\"https:\\\/\\\/shop.bantam.ch\\\/wp-content\\\/uploads\\\/2023\\\/03\\\/11011005.jpg\",\"contentUrl\":\"https:\\\/\\\/shop.bantam.ch\\\/wp-content\\\/uploads\\\/2023\\\/03\\\/11011005.jpg\",\"width\":1000,\"height\":446},{\"@type\":\"BreadcrumbList\",\"@id\":\"https:\\\/\\\/shop.bantam.ch\\\/fr\\\/produit\\\/aura-400\\\/#breadcrumb\",\"itemListElement\":[{\"@type\":\"ListItem\",\"position\":1,\"name\":\"Accueil\",\"item\":\"https:\\\/\\\/shop.bantam.ch\\\/fr\\\/\"},{\"@type\":\"ListItem\",\"position\":2,\"name\":\"Boutique\",\"item\":\"https:\\\/\\\/shop.bantam.ch\\\/fr\\\/boutique\\\/\"},{\"@type\":\"ListItem\",\"position\":3,\"name\":\"AURA 400\"}]},{\"@type\":\"WebSite\",\"@id\":\"https:\\\/\\\/shop.bantam.ch\\\/fr\\\/#website\",\"url\":\"https:\\\/\\\/shop.bantam.ch\\\/fr\\\/\",\"name\":\"Bantam\",\"description\":\"\",\"publisher\":{\"@id\":\"https:\\\/\\\/shop.bantam.ch\\\/fr\\\/#organization\"},\"inLanguage\":\"fr-FR\"},{\"@type\":\"Organization\",\"@id\":\"https:\\\/\\\/shop.bantam.ch\\\/fr\\\/#organization\",\"name\":\"Bantam\",\"url\":\"https:\\\/\\\/shop.bantam.ch\\\/fr\\\/\",\"logo\":{\"@type\":\"ImageObject\",\"inLanguage\":\"fr-FR\",\"@id\":\"https:\\\/\\\/shop.bantam.ch\\\/fr\\\/#\\\/schema\\\/logo\\\/image\\\/\",\"url\":\"https:\\\/\\\/shop.bantam.ch\\\/wp-content\\\/uploads\\\/2022\\\/12\\\/bantam-logo.png\",\"contentUrl\":\"https:\\\/\\\/shop.bantam.ch\\\/wp-content\\\/uploads\\\/2022\\\/12\\\/bantam-logo.png\",\"width\":320,\"height\":71,\"caption\":\"Bantam\"},\"image\":{\"@id\":\"https:\\\/\\\/shop.bantam.ch\\\/fr\\\/#\\\/schema\\\/logo\\\/image\\\/\"}}]}<\/script>\n<!-- \/ Yoast SEO plugin. -->","yoast_head_json":{"title":"AURA 400 - Bantam","robots":{"index":"index","follow":"follow","max-snippet":"max-snippet:-1","max-image-preview":"max-image-preview:large","max-video-preview":"max-video-preview:-1"},"canonical":"https:\/\/shop.bantam.ch\/fr\/produit\/aura-400\/","og_locale":"fr_FR","og_type":"article","og_title":"AURA 400 - Bantam","og_description":"Double toit : Polyester Protex 3000, teint\u00e9 dans la masse. Chambre : Polyester 190T (thermoactif). Tapis de sol : Poly\u00e9thyl\u00e8ne. Fen\u00eatres : PVC. Armature : Fibre de verre Powerflex. Colonne d\u2019eau 3000 mm. Poids : Env. 15,2 kg. Dimensions : Pli\u00e9e 69x30x27cm. Caract\u00e9ristiques : Entr\u00e9e avec moustiquaire, ouverture \u00e0 fermeture \u00e9clair avec possibilit\u00e9 de tirer [&hellip;]","og_url":"https:\/\/shop.bantam.ch\/fr\/produit\/aura-400\/","og_site_name":"Bantam","article_modified_time":"2026-05-02T19:59:56+00:00","og_image":[{"width":1000,"height":446,"url":"https:\/\/shop.bantam.ch\/wp-content\/uploads\/2023\/03\/11011005.jpg","type":"image\/jpeg"}],"twitter_card":"summary_large_image","schema":{"@context":"https:\/\/schema.org","@graph":[{"@type":"WebPage","@id":"https:\/\/shop.bantam.ch\/fr\/produit\/aura-400\/","url":"https:\/\/shop.bantam.ch\/fr\/produit\/aura-400\/","name":"AURA 400 - Bantam","isPartOf":{"@id":"https:\/\/shop.bantam.ch\/fr\/#website"},"primaryImageOfPage":{"@id":"https:\/\/shop.bantam.ch\/fr\/produit\/aura-400\/#primaryimage"},"image":{"@id":"https:\/\/shop.bantam.ch\/fr\/produit\/aura-400\/#primaryimage"},"thumbnailUrl":"https:\/\/shop.bantam.ch\/wp-content\/uploads\/2023\/03\/11011005.jpg","datePublished":"2023-03-01T18:19:41+00:00","dateModified":"2026-05-02T19:59:56+00:00","breadcrumb":{"@id":"https:\/\/shop.bantam.ch\/fr\/produit\/aura-400\/#breadcrumb"},"inLanguage":"fr-FR","potentialAction":[{"@type":"ReadAction","target":["https:\/\/shop.bantam.ch\/fr\/produit\/aura-400\/"]}]},{"@type":"ImageObject","inLanguage":"fr-FR","@id":"https:\/\/shop.bantam.ch\/fr\/produit\/aura-400\/#primaryimage","url":"https:\/\/shop.bantam.ch\/wp-content\/uploads\/2023\/03\/11011005.jpg","contentUrl":"https:\/\/shop.bantam.ch\/wp-content\/uploads\/2023\/03\/11011005.jpg","width":1000,"height":446},{"@type":"BreadcrumbList","@id":"https:\/\/shop.bantam.ch\/fr\/produit\/aura-400\/#breadcrumb","itemListElement":[{"@type":"ListItem","position":1,"name":"Accueil","item":"https:\/\/shop.bantam.ch\/fr\/"},{"@type":"ListItem","position":2,"name":"Boutique","item":"https:\/\/shop.bantam.ch\/fr\/boutique\/"},{"@type":"ListItem","position":3,"name":"AURA 400"}]},{"@type":"WebSite","@id":"https:\/\/shop.bantam.ch\/fr\/#website","url":"https:\/\/shop.bantam.ch\/fr\/","name":"Bantam","description":"","publisher":{"@id":"https:\/\/shop.bantam.ch\/fr\/#organization"},"inLanguage":"fr-FR"},{"@type":"Organization","@id":"https:\/\/shop.bantam.ch\/fr\/#organization","name":"Bantam","url":"https:\/\/shop.bantam.ch\/fr\/","logo":{"@type":"ImageObject","inLanguage":"fr-FR","@id":"https:\/\/shop.bantam.ch\/fr\/#\/schema\/logo\/image\/","url":"https:\/\/shop.bantam.ch\/wp-content\/uploads\/2022\/12\/bantam-logo.png","contentUrl":"https:\/\/shop.bantam.ch\/wp-content\/uploads\/2022\/12\/bantam-logo.png","width":320,"height":71,"caption":"Bantam"},"image":{"@id":"https:\/\/shop.bantam.ch\/fr\/#\/schema\/logo\/image\/"}}]}},"_links":{"self":[{"href":"https:\/\/shop.bantam.ch\/fr\/wp-json\/wp\/v2\/product\/137499","targetHints":{"allow":["GET"]}}],"collection":[{"href":"https:\/\/shop.bantam.ch\/fr\/wp-json\/wp\/v2\/product"}],"about":[{"href":"https:\/\/shop.bantam.ch\/fr\/wp-json\/wp\/v2\/types\/product"}],"wp:featuredmedia":[{"embeddable":true,"href":"https:\/\/shop.bantam.ch\/fr\/wp-json\/wp\/v2\/media\/137497"}],"wp:attachment":[{"href":"https:\/\/shop.bantam.ch\/fr\/wp-json\/wp\/v2\/media?parent=137499"}],"wp:term":[{"taxonomy":"product_featured_cat","embeddable":true,"href":"https:\/\/shop.bantam.ch\/fr\/wp-json\/wp\/v2\/product_featured_cat?post=137499"},{"taxonomy":"product_brand","embeddable":true,"href":"https:\/\/shop.bantam.ch\/fr\/wp-json\/wp\/v2\/product_brand?post=137499"},{"taxonomy":"product_cat","embeddable":true,"href":"https:\/\/shop.bantam.ch\/fr\/wp-json\/wp\/v2\/product_cat?post=137499"},{"taxonomy":"product_tag","embeddable":true,"href":"https:\/\/shop.bantam.ch\/fr\/wp-json\/wp\/v2\/product_tag?post=137499"}],"curies":[{"name":"wp","href":"https:\/\/api.w.org\/{rel}","templated":true}]}}