{"id":137487,"date":"2023-03-01T19:19:19","date_gmt":"2023-03-01T18:19:19","guid":{"rendered":"https:\/\/shop.bantam.ch\/produit\/masai\/"},"modified":"2026-05-02T21:59:50","modified_gmt":"2026-05-02T19:59:50","slug":"masai","status":"publish","type":"product","link":"https:\/\/shop.bantam.ch\/fr\/produit\/masai\/","title":{"rendered":"MASAI"},"content":{"rendered":"<p>Tapis de sol zipp\u00e9, hauteur 190 cm, 1 porte lat\u00e9rale avec<br \/>\nmoustiquaire, 1 porte avec fen\u00eatre, 2 chambres (1 x 2 p, 1 x 3 p),<br \/>\npoche de rangement dans tentes int\u00e9rieures. Toile : enti\u00e8rement<br \/>\nscell\u00e9e, toile en polyester ripstop ignifuge, enduit polyur\u00e9thanne,<br \/>\ncolonne d\u2018eau : 4.000 mm. Tente int\u00e9rieure : polyester hydrofuge,<br \/>\nignifuge et respirant. P\u00f4les : DAC 13 mm en aluminium. Piquets en alu<br \/>\nen forme de V. Personnes : 5. Taille : 590 x 245 x 200 cm l x l x h.<br \/>\nPoids : 6,7 + 6,9 kg.<br \/>\nTaille compres.: 62 x 19 + 74&#215;21 cm.<br \/>\nUn sac \u00e0 porter, tube de r\u00e9paration<br \/>\nde p\u00f4les, 2 p\u00f4les d\u2018alu pour la porte.<\/p>\n","protected":false},"excerpt":{"rendered":"<p>Tapis de sol zipp\u00e9, hauteur 190 cm, 1 porte lat\u00e9rale avec moustiquaire, 1 porte avec fen\u00eatre, 2 chambres (1 x 2 p, 1 x 3 p), poche de rangement dans tentes int\u00e9rieures. Toile : enti\u00e8rement scell\u00e9e, toile en polyester ripstop ignifuge, enduit polyur\u00e9thanne, colonne d\u2018eau : 4.000 mm. Tente int\u00e9rieure : polyester hydrofuge, ignifuge et [&hellip;]<\/p>\n","protected":false},"featured_media":137485,"template":"","meta":{"_acf_changed":false},"product_featured_cat":[],"product_brand":[3720],"product_cat":[4241],"product_tag":[],"class_list":{"0":"post-137487","1":"product","2":"type-product","3":"status-publish","4":"has-post-thumbnail","6":"product_brand-nomad","7":"product_cat-tentes-fonctionnelles","9":"first","10":"instock","11":"sale","12":"taxable","13":"shipping-taxable","14":"purchasable","15":"product-type-simple"},"acf":[],"yoast_head":"<!-- This site is optimized with the Yoast SEO plugin v27.5 - https:\/\/yoast.com\/product\/yoast-seo-wordpress\/ -->\n<title>MASAI - Bantam<\/title>\n<meta name=\"robots\" content=\"index, follow, max-snippet:-1, max-image-preview:large, max-video-preview:-1\" \/>\n<link rel=\"canonical\" href=\"https:\/\/shop.bantam.ch\/fr\/produit\/masai\/\" \/>\n<meta property=\"og:locale\" content=\"fr_FR\" \/>\n<meta property=\"og:type\" content=\"article\" \/>\n<meta property=\"og:title\" content=\"MASAI - Bantam\" \/>\n<meta property=\"og:description\" content=\"Tapis de sol zipp\u00e9, hauteur 190 cm, 1 porte lat\u00e9rale avec moustiquaire, 1 porte avec fen\u00eatre, 2 chambres (1 x 2 p, 1 x 3 p), poche de rangement dans tentes int\u00e9rieures. Toile : enti\u00e8rement scell\u00e9e, toile en polyester ripstop ignifuge, enduit polyur\u00e9thanne, colonne d\u2018eau : 4.000 mm. Tente int\u00e9rieure : polyester hydrofuge, ignifuge et [&hellip;]\" \/>\n<meta property=\"og:url\" content=\"https:\/\/shop.bantam.ch\/fr\/produit\/masai\/\" \/>\n<meta property=\"og:site_name\" content=\"Bantam\" \/>\n<meta property=\"article:modified_time\" content=\"2026-05-02T19:59:50+00:00\" \/>\n<meta property=\"og:image\" content=\"https:\/\/shop.bantam.ch\/wp-content\/uploads\/2023\/03\/11018003.jpg\" \/>\n\t<meta property=\"og:image:width\" content=\"1000\" \/>\n\t<meta property=\"og:image:height\" content=\"550\" \/>\n\t<meta property=\"og:image:type\" content=\"image\/jpeg\" \/>\n<meta name=\"twitter:card\" content=\"summary_large_image\" \/>\n<script type=\"application\/ld+json\" class=\"yoast-schema-graph\">{\"@context\":\"https:\\\/\\\/schema.org\",\"@graph\":[{\"@type\":\"WebPage\",\"@id\":\"https:\\\/\\\/shop.bantam.ch\\\/fr\\\/produit\\\/masai\\\/\",\"url\":\"https:\\\/\\\/shop.bantam.ch\\\/fr\\\/produit\\\/masai\\\/\",\"name\":\"MASAI - Bantam\",\"isPartOf\":{\"@id\":\"https:\\\/\\\/shop.bantam.ch\\\/fr\\\/#website\"},\"primaryImageOfPage\":{\"@id\":\"https:\\\/\\\/shop.bantam.ch\\\/fr\\\/produit\\\/masai\\\/#primaryimage\"},\"image\":{\"@id\":\"https:\\\/\\\/shop.bantam.ch\\\/fr\\\/produit\\\/masai\\\/#primaryimage\"},\"thumbnailUrl\":\"https:\\\/\\\/shop.bantam.ch\\\/wp-content\\\/uploads\\\/2023\\\/03\\\/11018003.jpg\",\"datePublished\":\"2023-03-01T18:19:19+00:00\",\"dateModified\":\"2026-05-02T19:59:50+00:00\",\"breadcrumb\":{\"@id\":\"https:\\\/\\\/shop.bantam.ch\\\/fr\\\/produit\\\/masai\\\/#breadcrumb\"},\"inLanguage\":\"fr-FR\",\"potentialAction\":[{\"@type\":\"ReadAction\",\"target\":[\"https:\\\/\\\/shop.bantam.ch\\\/fr\\\/produit\\\/masai\\\/\"]}]},{\"@type\":\"ImageObject\",\"inLanguage\":\"fr-FR\",\"@id\":\"https:\\\/\\\/shop.bantam.ch\\\/fr\\\/produit\\\/masai\\\/#primaryimage\",\"url\":\"https:\\\/\\\/shop.bantam.ch\\\/wp-content\\\/uploads\\\/2023\\\/03\\\/11018003.jpg\",\"contentUrl\":\"https:\\\/\\\/shop.bantam.ch\\\/wp-content\\\/uploads\\\/2023\\\/03\\\/11018003.jpg\",\"width\":1000,\"height\":550},{\"@type\":\"BreadcrumbList\",\"@id\":\"https:\\\/\\\/shop.bantam.ch\\\/fr\\\/produit\\\/masai\\\/#breadcrumb\",\"itemListElement\":[{\"@type\":\"ListItem\",\"position\":1,\"name\":\"Accueil\",\"item\":\"https:\\\/\\\/shop.bantam.ch\\\/fr\\\/\"},{\"@type\":\"ListItem\",\"position\":2,\"name\":\"Boutique\",\"item\":\"https:\\\/\\\/shop.bantam.ch\\\/fr\\\/boutique\\\/\"},{\"@type\":\"ListItem\",\"position\":3,\"name\":\"MASAI\"}]},{\"@type\":\"WebSite\",\"@id\":\"https:\\\/\\\/shop.bantam.ch\\\/fr\\\/#website\",\"url\":\"https:\\\/\\\/shop.bantam.ch\\\/fr\\\/\",\"name\":\"Bantam\",\"description\":\"\",\"publisher\":{\"@id\":\"https:\\\/\\\/shop.bantam.ch\\\/fr\\\/#organization\"},\"inLanguage\":\"fr-FR\"},{\"@type\":\"Organization\",\"@id\":\"https:\\\/\\\/shop.bantam.ch\\\/fr\\\/#organization\",\"name\":\"Bantam\",\"url\":\"https:\\\/\\\/shop.bantam.ch\\\/fr\\\/\",\"logo\":{\"@type\":\"ImageObject\",\"inLanguage\":\"fr-FR\",\"@id\":\"https:\\\/\\\/shop.bantam.ch\\\/fr\\\/#\\\/schema\\\/logo\\\/image\\\/\",\"url\":\"https:\\\/\\\/shop.bantam.ch\\\/wp-content\\\/uploads\\\/2022\\\/12\\\/bantam-logo.png\",\"contentUrl\":\"https:\\\/\\\/shop.bantam.ch\\\/wp-content\\\/uploads\\\/2022\\\/12\\\/bantam-logo.png\",\"width\":320,\"height\":71,\"caption\":\"Bantam\"},\"image\":{\"@id\":\"https:\\\/\\\/shop.bantam.ch\\\/fr\\\/#\\\/schema\\\/logo\\\/image\\\/\"}}]}<\/script>\n<!-- \/ Yoast SEO plugin. -->","yoast_head_json":{"title":"MASAI - Bantam","robots":{"index":"index","follow":"follow","max-snippet":"max-snippet:-1","max-image-preview":"max-image-preview:large","max-video-preview":"max-video-preview:-1"},"canonical":"https:\/\/shop.bantam.ch\/fr\/produit\/masai\/","og_locale":"fr_FR","og_type":"article","og_title":"MASAI - Bantam","og_description":"Tapis de sol zipp\u00e9, hauteur 190 cm, 1 porte lat\u00e9rale avec moustiquaire, 1 porte avec fen\u00eatre, 2 chambres (1 x 2 p, 1 x 3 p), poche de rangement dans tentes int\u00e9rieures. Toile : enti\u00e8rement scell\u00e9e, toile en polyester ripstop ignifuge, enduit polyur\u00e9thanne, colonne d\u2018eau : 4.000 mm. Tente int\u00e9rieure : polyester hydrofuge, ignifuge et [&hellip;]","og_url":"https:\/\/shop.bantam.ch\/fr\/produit\/masai\/","og_site_name":"Bantam","article_modified_time":"2026-05-02T19:59:50+00:00","og_image":[{"width":1000,"height":550,"url":"https:\/\/shop.bantam.ch\/wp-content\/uploads\/2023\/03\/11018003.jpg","type":"image\/jpeg"}],"twitter_card":"summary_large_image","schema":{"@context":"https:\/\/schema.org","@graph":[{"@type":"WebPage","@id":"https:\/\/shop.bantam.ch\/fr\/produit\/masai\/","url":"https:\/\/shop.bantam.ch\/fr\/produit\/masai\/","name":"MASAI - Bantam","isPartOf":{"@id":"https:\/\/shop.bantam.ch\/fr\/#website"},"primaryImageOfPage":{"@id":"https:\/\/shop.bantam.ch\/fr\/produit\/masai\/#primaryimage"},"image":{"@id":"https:\/\/shop.bantam.ch\/fr\/produit\/masai\/#primaryimage"},"thumbnailUrl":"https:\/\/shop.bantam.ch\/wp-content\/uploads\/2023\/03\/11018003.jpg","datePublished":"2023-03-01T18:19:19+00:00","dateModified":"2026-05-02T19:59:50+00:00","breadcrumb":{"@id":"https:\/\/shop.bantam.ch\/fr\/produit\/masai\/#breadcrumb"},"inLanguage":"fr-FR","potentialAction":[{"@type":"ReadAction","target":["https:\/\/shop.bantam.ch\/fr\/produit\/masai\/"]}]},{"@type":"ImageObject","inLanguage":"fr-FR","@id":"https:\/\/shop.bantam.ch\/fr\/produit\/masai\/#primaryimage","url":"https:\/\/shop.bantam.ch\/wp-content\/uploads\/2023\/03\/11018003.jpg","contentUrl":"https:\/\/shop.bantam.ch\/wp-content\/uploads\/2023\/03\/11018003.jpg","width":1000,"height":550},{"@type":"BreadcrumbList","@id":"https:\/\/shop.bantam.ch\/fr\/produit\/masai\/#breadcrumb","itemListElement":[{"@type":"ListItem","position":1,"name":"Accueil","item":"https:\/\/shop.bantam.ch\/fr\/"},{"@type":"ListItem","position":2,"name":"Boutique","item":"https:\/\/shop.bantam.ch\/fr\/boutique\/"},{"@type":"ListItem","position":3,"name":"MASAI"}]},{"@type":"WebSite","@id":"https:\/\/shop.bantam.ch\/fr\/#website","url":"https:\/\/shop.bantam.ch\/fr\/","name":"Bantam","description":"","publisher":{"@id":"https:\/\/shop.bantam.ch\/fr\/#organization"},"inLanguage":"fr-FR"},{"@type":"Organization","@id":"https:\/\/shop.bantam.ch\/fr\/#organization","name":"Bantam","url":"https:\/\/shop.bantam.ch\/fr\/","logo":{"@type":"ImageObject","inLanguage":"fr-FR","@id":"https:\/\/shop.bantam.ch\/fr\/#\/schema\/logo\/image\/","url":"https:\/\/shop.bantam.ch\/wp-content\/uploads\/2022\/12\/bantam-logo.png","contentUrl":"https:\/\/shop.bantam.ch\/wp-content\/uploads\/2022\/12\/bantam-logo.png","width":320,"height":71,"caption":"Bantam"},"image":{"@id":"https:\/\/shop.bantam.ch\/fr\/#\/schema\/logo\/image\/"}}]}},"_links":{"self":[{"href":"https:\/\/shop.bantam.ch\/fr\/wp-json\/wp\/v2\/product\/137487","targetHints":{"allow":["GET"]}}],"collection":[{"href":"https:\/\/shop.bantam.ch\/fr\/wp-json\/wp\/v2\/product"}],"about":[{"href":"https:\/\/shop.bantam.ch\/fr\/wp-json\/wp\/v2\/types\/product"}],"wp:featuredmedia":[{"embeddable":true,"href":"https:\/\/shop.bantam.ch\/fr\/wp-json\/wp\/v2\/media\/137485"}],"wp:attachment":[{"href":"https:\/\/shop.bantam.ch\/fr\/wp-json\/wp\/v2\/media?parent=137487"}],"wp:term":[{"taxonomy":"product_featured_cat","embeddable":true,"href":"https:\/\/shop.bantam.ch\/fr\/wp-json\/wp\/v2\/product_featured_cat?post=137487"},{"taxonomy":"product_brand","embeddable":true,"href":"https:\/\/shop.bantam.ch\/fr\/wp-json\/wp\/v2\/product_brand?post=137487"},{"taxonomy":"product_cat","embeddable":true,"href":"https:\/\/shop.bantam.ch\/fr\/wp-json\/wp\/v2\/product_cat?post=137487"},{"taxonomy":"product_tag","embeddable":true,"href":"https:\/\/shop.bantam.ch\/fr\/wp-json\/wp\/v2\/product_tag?post=137487"}],"curies":[{"name":"wp","href":"https:\/\/api.w.org\/{rel}","templated":true}]}}