{"id":137297,"date":"2024-03-13T10:11:13","date_gmt":"2024-03-13T09:11:13","guid":{"rendered":"https:\/\/shop.bantam.ch\/produit\/rocky-2-restyled\/"},"modified":"2026-04-19T22:05:14","modified_gmt":"2026-04-19T20:05:14","slug":"rocky-2-restyled","status":"publish","type":"product","link":"https:\/\/shop.bantam.ch\/fr\/produit\/rocky-2-restyled\/","title":{"rendered":"ROCKY 2 (RESTYLED)"},"content":{"rendered":"<p>Tente de trekking Rocky pour 2 personnes. Place au sec pour les bagages. Fen\u00eatres transparentes avec rideaux. La ventilation permanente permet un climat agr\u00e9able \u00e0 l\u2018int\u00e9rieur. Une entr\u00e9e avec moustiquaire. Colonne d\u2018eau 3000mm. Tente ext\u00e9r.: 100% polyester, rev\u00eatement PU, coutures renforc\u00e9es. Tente int\u00e9rieure : 100% polyester, respirant. Sol : 100% poly\u00e9thyl\u00e8ne.<\/p>\n","protected":false},"excerpt":{"rendered":"<p>Tente de trekking Rocky pour 2 personnes. Place au sec pour les bagages. Fen\u00eatres transparentes avec rideaux. La ventilation permanente permet un climat agr\u00e9able \u00e0 l\u2018int\u00e9rieur. Une entr\u00e9e avec moustiquaire. Colonne d\u2018eau 3000mm. Tente ext\u00e9r.: 100% polyester, rev\u00eatement PU, coutures renforc\u00e9es. Tente int\u00e9rieure : 100% polyester, respirant. Sol : 100% poly\u00e9thyl\u00e8ne.<\/p>\n","protected":false},"featured_media":137295,"template":"","meta":{"_acf_changed":false},"product_featured_cat":[5296],"product_brand":[3074],"product_cat":[4241],"product_tag":[],"class_list":{"0":"post-137297","1":"product","2":"type-product","3":"status-publish","4":"has-post-thumbnail","6":"product_featured_cat-prix-bantam-hindelbank-fr","7":"product_brand-eurotrail","8":"product_cat-tentes-fonctionnelles","10":"first","11":"instock","12":"taxable","13":"shipping-taxable","14":"purchasable","15":"product-type-simple"},"acf":[],"yoast_head":"<!-- This site is optimized with the Yoast SEO plugin v27.4 - https:\/\/yoast.com\/product\/yoast-seo-wordpress\/ -->\n<title>ROCKY 2 (RESTYLED) - Bantam Wankm\u00fcller SA<\/title>\n<meta name=\"robots\" content=\"index, follow, max-snippet:-1, max-image-preview:large, max-video-preview:-1\" \/>\n<link rel=\"canonical\" href=\"https:\/\/shop.bantam.ch\/fr\/produit\/rocky-2-restyled\/\" \/>\n<meta property=\"og:locale\" content=\"fr_FR\" \/>\n<meta property=\"og:type\" content=\"article\" \/>\n<meta property=\"og:title\" content=\"ROCKY 2 (RESTYLED) - Bantam Wankm\u00fcller SA\" \/>\n<meta property=\"og:description\" content=\"Tente de trekking Rocky pour 2 personnes. Place au sec pour les bagages. Fen\u00eatres transparentes avec rideaux. La ventilation permanente permet un climat agr\u00e9able \u00e0 l\u2018int\u00e9rieur. Une entr\u00e9e avec moustiquaire. Colonne d\u2018eau 3000mm. Tente ext\u00e9r.: 100% polyester, rev\u00eatement PU, coutures renforc\u00e9es. Tente int\u00e9rieure : 100% polyester, respirant. Sol : 100% poly\u00e9thyl\u00e8ne.\" \/>\n<meta property=\"og:url\" content=\"https:\/\/shop.bantam.ch\/fr\/produit\/rocky-2-restyled\/\" \/>\n<meta property=\"og:site_name\" content=\"Bantam Wankm\u00fcller SA\" \/>\n<meta property=\"article:modified_time\" content=\"2026-04-19T20:05:14+00:00\" \/>\n<meta property=\"og:image\" content=\"https:\/\/shop.bantam.ch\/wp-content\/uploads\/2023\/03\/76619007.jpg\" \/>\n\t<meta property=\"og:image:width\" content=\"1491\" \/>\n\t<meta property=\"og:image:height\" content=\"810\" \/>\n\t<meta property=\"og:image:type\" content=\"image\/jpeg\" \/>\n<meta name=\"twitter:card\" content=\"summary_large_image\" \/>\n<meta name=\"twitter:label1\" content=\"Dur\u00e9e de lecture estim\u00e9e\" \/>\n\t<meta name=\"twitter:data1\" content=\"1 minute\" \/>\n<script type=\"application\/ld+json\" class=\"yoast-schema-graph\">{\"@context\":\"https:\\\/\\\/schema.org\",\"@graph\":[{\"@type\":\"WebPage\",\"@id\":\"https:\\\/\\\/shop.bantam.ch\\\/fr\\\/produit\\\/rocky-2-restyled\\\/\",\"url\":\"https:\\\/\\\/shop.bantam.ch\\\/fr\\\/produit\\\/rocky-2-restyled\\\/\",\"name\":\"ROCKY 2 (RESTYLED) - Bantam Wankm\u00fcller SA\",\"isPartOf\":{\"@id\":\"https:\\\/\\\/shop.bantam.ch\\\/fr\\\/#website\"},\"primaryImageOfPage\":{\"@id\":\"https:\\\/\\\/shop.bantam.ch\\\/fr\\\/produit\\\/rocky-2-restyled\\\/#primaryimage\"},\"image\":{\"@id\":\"https:\\\/\\\/shop.bantam.ch\\\/fr\\\/produit\\\/rocky-2-restyled\\\/#primaryimage\"},\"thumbnailUrl\":\"https:\\\/\\\/shop.bantam.ch\\\/wp-content\\\/uploads\\\/2023\\\/03\\\/76619007.jpg\",\"datePublished\":\"2024-03-13T09:11:13+00:00\",\"dateModified\":\"2026-04-19T20:05:14+00:00\",\"breadcrumb\":{\"@id\":\"https:\\\/\\\/shop.bantam.ch\\\/fr\\\/produit\\\/rocky-2-restyled\\\/#breadcrumb\"},\"inLanguage\":\"fr-FR\",\"potentialAction\":[{\"@type\":\"ReadAction\",\"target\":[\"https:\\\/\\\/shop.bantam.ch\\\/fr\\\/produit\\\/rocky-2-restyled\\\/\"]}]},{\"@type\":\"ImageObject\",\"inLanguage\":\"fr-FR\",\"@id\":\"https:\\\/\\\/shop.bantam.ch\\\/fr\\\/produit\\\/rocky-2-restyled\\\/#primaryimage\",\"url\":\"https:\\\/\\\/shop.bantam.ch\\\/wp-content\\\/uploads\\\/2023\\\/03\\\/76619007.jpg\",\"contentUrl\":\"https:\\\/\\\/shop.bantam.ch\\\/wp-content\\\/uploads\\\/2023\\\/03\\\/76619007.jpg\",\"width\":1491,\"height\":810},{\"@type\":\"BreadcrumbList\",\"@id\":\"https:\\\/\\\/shop.bantam.ch\\\/fr\\\/produit\\\/rocky-2-restyled\\\/#breadcrumb\",\"itemListElement\":[{\"@type\":\"ListItem\",\"position\":1,\"name\":\"Accueil\",\"item\":\"https:\\\/\\\/shop.bantam.ch\\\/fr\\\/\"},{\"@type\":\"ListItem\",\"position\":2,\"name\":\"Boutique\",\"item\":\"https:\\\/\\\/shop.bantam.ch\\\/fr\\\/boutique\\\/\"},{\"@type\":\"ListItem\",\"position\":3,\"name\":\"ROCKY 2 (RESTYLED)\"}]},{\"@type\":\"WebSite\",\"@id\":\"https:\\\/\\\/shop.bantam.ch\\\/fr\\\/#website\",\"url\":\"https:\\\/\\\/shop.bantam.ch\\\/fr\\\/\",\"name\":\"Bantam Wankm\u00fcller SA\",\"description\":\"\",\"publisher\":{\"@id\":\"https:\\\/\\\/shop.bantam.ch\\\/fr\\\/#organization\"},\"inLanguage\":\"fr-FR\"},{\"@type\":\"Organization\",\"@id\":\"https:\\\/\\\/shop.bantam.ch\\\/fr\\\/#organization\",\"name\":\"Bantam Wankm\u00fcller SA\",\"url\":\"https:\\\/\\\/shop.bantam.ch\\\/fr\\\/\",\"logo\":{\"@type\":\"ImageObject\",\"inLanguage\":\"fr-FR\",\"@id\":\"https:\\\/\\\/shop.bantam.ch\\\/fr\\\/#\\\/schema\\\/logo\\\/image\\\/\",\"url\":\"https:\\\/\\\/shop.bantam.ch\\\/wp-content\\\/uploads\\\/2022\\\/12\\\/bantam-logo.png\",\"contentUrl\":\"https:\\\/\\\/shop.bantam.ch\\\/wp-content\\\/uploads\\\/2022\\\/12\\\/bantam-logo.png\",\"width\":320,\"height\":71,\"caption\":\"Bantam Wankm\u00fcller SA\"},\"image\":{\"@id\":\"https:\\\/\\\/shop.bantam.ch\\\/fr\\\/#\\\/schema\\\/logo\\\/image\\\/\"}}]}<\/script>\n<!-- \/ Yoast SEO plugin. -->","yoast_head_json":{"title":"ROCKY 2 (RESTYLED) - Bantam Wankm\u00fcller SA","robots":{"index":"index","follow":"follow","max-snippet":"max-snippet:-1","max-image-preview":"max-image-preview:large","max-video-preview":"max-video-preview:-1"},"canonical":"https:\/\/shop.bantam.ch\/fr\/produit\/rocky-2-restyled\/","og_locale":"fr_FR","og_type":"article","og_title":"ROCKY 2 (RESTYLED) - Bantam Wankm\u00fcller SA","og_description":"Tente de trekking Rocky pour 2 personnes. Place au sec pour les bagages. Fen\u00eatres transparentes avec rideaux. La ventilation permanente permet un climat agr\u00e9able \u00e0 l\u2018int\u00e9rieur. Une entr\u00e9e avec moustiquaire. Colonne d\u2018eau 3000mm. Tente ext\u00e9r.: 100% polyester, rev\u00eatement PU, coutures renforc\u00e9es. Tente int\u00e9rieure : 100% polyester, respirant. Sol : 100% poly\u00e9thyl\u00e8ne.","og_url":"https:\/\/shop.bantam.ch\/fr\/produit\/rocky-2-restyled\/","og_site_name":"Bantam Wankm\u00fcller SA","article_modified_time":"2026-04-19T20:05:14+00:00","og_image":[{"width":1491,"height":810,"url":"https:\/\/shop.bantam.ch\/wp-content\/uploads\/2023\/03\/76619007.jpg","type":"image\/jpeg"}],"twitter_card":"summary_large_image","twitter_misc":{"Dur\u00e9e de lecture estim\u00e9e":"1 minute"},"schema":{"@context":"https:\/\/schema.org","@graph":[{"@type":"WebPage","@id":"https:\/\/shop.bantam.ch\/fr\/produit\/rocky-2-restyled\/","url":"https:\/\/shop.bantam.ch\/fr\/produit\/rocky-2-restyled\/","name":"ROCKY 2 (RESTYLED) - Bantam Wankm\u00fcller SA","isPartOf":{"@id":"https:\/\/shop.bantam.ch\/fr\/#website"},"primaryImageOfPage":{"@id":"https:\/\/shop.bantam.ch\/fr\/produit\/rocky-2-restyled\/#primaryimage"},"image":{"@id":"https:\/\/shop.bantam.ch\/fr\/produit\/rocky-2-restyled\/#primaryimage"},"thumbnailUrl":"https:\/\/shop.bantam.ch\/wp-content\/uploads\/2023\/03\/76619007.jpg","datePublished":"2024-03-13T09:11:13+00:00","dateModified":"2026-04-19T20:05:14+00:00","breadcrumb":{"@id":"https:\/\/shop.bantam.ch\/fr\/produit\/rocky-2-restyled\/#breadcrumb"},"inLanguage":"fr-FR","potentialAction":[{"@type":"ReadAction","target":["https:\/\/shop.bantam.ch\/fr\/produit\/rocky-2-restyled\/"]}]},{"@type":"ImageObject","inLanguage":"fr-FR","@id":"https:\/\/shop.bantam.ch\/fr\/produit\/rocky-2-restyled\/#primaryimage","url":"https:\/\/shop.bantam.ch\/wp-content\/uploads\/2023\/03\/76619007.jpg","contentUrl":"https:\/\/shop.bantam.ch\/wp-content\/uploads\/2023\/03\/76619007.jpg","width":1491,"height":810},{"@type":"BreadcrumbList","@id":"https:\/\/shop.bantam.ch\/fr\/produit\/rocky-2-restyled\/#breadcrumb","itemListElement":[{"@type":"ListItem","position":1,"name":"Accueil","item":"https:\/\/shop.bantam.ch\/fr\/"},{"@type":"ListItem","position":2,"name":"Boutique","item":"https:\/\/shop.bantam.ch\/fr\/boutique\/"},{"@type":"ListItem","position":3,"name":"ROCKY 2 (RESTYLED)"}]},{"@type":"WebSite","@id":"https:\/\/shop.bantam.ch\/fr\/#website","url":"https:\/\/shop.bantam.ch\/fr\/","name":"Bantam Wankm\u00fcller SA","description":"","publisher":{"@id":"https:\/\/shop.bantam.ch\/fr\/#organization"},"inLanguage":"fr-FR"},{"@type":"Organization","@id":"https:\/\/shop.bantam.ch\/fr\/#organization","name":"Bantam Wankm\u00fcller SA","url":"https:\/\/shop.bantam.ch\/fr\/","logo":{"@type":"ImageObject","inLanguage":"fr-FR","@id":"https:\/\/shop.bantam.ch\/fr\/#\/schema\/logo\/image\/","url":"https:\/\/shop.bantam.ch\/wp-content\/uploads\/2022\/12\/bantam-logo.png","contentUrl":"https:\/\/shop.bantam.ch\/wp-content\/uploads\/2022\/12\/bantam-logo.png","width":320,"height":71,"caption":"Bantam Wankm\u00fcller SA"},"image":{"@id":"https:\/\/shop.bantam.ch\/fr\/#\/schema\/logo\/image\/"}}]}},"_links":{"self":[{"href":"https:\/\/shop.bantam.ch\/fr\/wp-json\/wp\/v2\/product\/137297","targetHints":{"allow":["GET"]}}],"collection":[{"href":"https:\/\/shop.bantam.ch\/fr\/wp-json\/wp\/v2\/product"}],"about":[{"href":"https:\/\/shop.bantam.ch\/fr\/wp-json\/wp\/v2\/types\/product"}],"wp:featuredmedia":[{"embeddable":true,"href":"https:\/\/shop.bantam.ch\/fr\/wp-json\/wp\/v2\/media\/137295"}],"wp:attachment":[{"href":"https:\/\/shop.bantam.ch\/fr\/wp-json\/wp\/v2\/media?parent=137297"}],"wp:term":[{"taxonomy":"product_featured_cat","embeddable":true,"href":"https:\/\/shop.bantam.ch\/fr\/wp-json\/wp\/v2\/product_featured_cat?post=137297"},{"taxonomy":"product_brand","embeddable":true,"href":"https:\/\/shop.bantam.ch\/fr\/wp-json\/wp\/v2\/product_brand?post=137297"},{"taxonomy":"product_cat","embeddable":true,"href":"https:\/\/shop.bantam.ch\/fr\/wp-json\/wp\/v2\/product_cat?post=137297"},{"taxonomy":"product_tag","embeddable":true,"href":"https:\/\/shop.bantam.ch\/fr\/wp-json\/wp\/v2\/product_tag?post=137297"}],"curies":[{"name":"wp","href":"https:\/\/api.w.org\/{rel}","templated":true}]}}