{"id":137205,"date":"2023-03-01T19:09:15","date_gmt":"2023-03-01T18:09:15","guid":{"rendered":"https:\/\/shop.bantam.ch\/produit\/remorque-transversale-automatique\/"},"modified":"2026-03-24T00:41:57","modified_gmt":"2026-03-23T23:41:57","slug":"remorque-transversale-automatique","status":"publish","type":"product","link":"https:\/\/shop.bantam.ch\/fr\/produit\/remorque-transversale-automatique\/","title":{"rendered":"Remorque transversale automatique"},"content":{"rendered":"<p>Sabot bloc-roue mobile sur glissi\u00e8re permettant une mont\u00e9e et<br \/>\ndescente automatique du 2 roues. Fabrication fran\u00e7aise.<br \/>\nAVANTAGES: Chargement facile : une personne suffit. Aucun danger :<br \/>\npas de risque de renversement du 2 roues pendant le chargement<br \/>\ngr\u00e2ce au syst\u00e8me pour visseuse.<br \/>\nPas besoin de rampe de chargement. Stockage vertical.<br \/>\nRemorque robuste. Syst\u00e8me brevet\u00e9. 500 ou 750 kg de PTAC au choix.<\/p>\n","protected":false},"excerpt":{"rendered":"<p>Sabot bloc-roue mobile sur glissi\u00e8re permettant une mont\u00e9e et descente automatique du 2 roues. Fabrication fran\u00e7aise. AVANTAGES: Chargement facile : une personne suffit. Aucun danger : pas de risque de renversement du 2 roues pendant le chargement gr\u00e2ce au syst\u00e8me pour visseuse. Pas besoin de rampe de chargement. Stockage vertical. Remorque robuste. Syst\u00e8me brevet\u00e9. 500 [&hellip;]<\/p>\n","protected":false},"featured_media":137203,"template":"","meta":{"_acf_changed":false},"product_featured_cat":[],"product_brand":[3032],"product_cat":[4161],"product_tag":[],"class_list":{"0":"post-137205","1":"product","2":"type-product","3":"status-publish","4":"has-post-thumbnail","6":"product_brand-standard","7":"product_cat-technique-pour-camping-cars","9":"first","10":"instock","11":"taxable","12":"shipping-taxable","13":"purchasable","14":"product-type-simple"},"acf":[],"yoast_head":"<!-- This site is optimized with the Yoast SEO plugin v27.4 - https:\/\/yoast.com\/product\/yoast-seo-wordpress\/ -->\n<title>Remorque transversale automatique - Bantam Wankm\u00fcller SA<\/title>\n<meta name=\"robots\" content=\"index, follow, max-snippet:-1, max-image-preview:large, max-video-preview:-1\" \/>\n<link rel=\"canonical\" href=\"https:\/\/shop.bantam.ch\/fr\/produit\/remorque-transversale-automatique\/\" \/>\n<meta property=\"og:locale\" content=\"fr_FR\" \/>\n<meta property=\"og:type\" content=\"article\" \/>\n<meta property=\"og:title\" content=\"Remorque transversale automatique - Bantam Wankm\u00fcller SA\" \/>\n<meta property=\"og:description\" content=\"Sabot bloc-roue mobile sur glissi\u00e8re permettant une mont\u00e9e et descente automatique du 2 roues. Fabrication fran\u00e7aise. AVANTAGES: Chargement facile : une personne suffit. Aucun danger : pas de risque de renversement du 2 roues pendant le chargement gr\u00e2ce au syst\u00e8me pour visseuse. Pas besoin de rampe de chargement. Stockage vertical. Remorque robuste. Syst\u00e8me brevet\u00e9. 500 [&hellip;]\" \/>\n<meta property=\"og:url\" content=\"https:\/\/shop.bantam.ch\/fr\/produit\/remorque-transversale-automatique\/\" \/>\n<meta property=\"og:site_name\" content=\"Bantam Wankm\u00fcller SA\" \/>\n<meta property=\"article:modified_time\" content=\"2026-03-23T23:41:57+00:00\" \/>\n<meta property=\"og:image\" content=\"https:\/\/shop.bantam.ch\/wp-content\/uploads\/2023\/03\/13019001.jpg\" \/>\n\t<meta property=\"og:image:width\" content=\"2950\" \/>\n\t<meta property=\"og:image:height\" content=\"1969\" \/>\n\t<meta property=\"og:image:type\" content=\"image\/jpeg\" \/>\n<meta name=\"twitter:card\" content=\"summary_large_image\" \/>\n<script type=\"application\/ld+json\" class=\"yoast-schema-graph\">{\"@context\":\"https:\\\/\\\/schema.org\",\"@graph\":[{\"@type\":\"WebPage\",\"@id\":\"https:\\\/\\\/shop.bantam.ch\\\/fr\\\/produit\\\/remorque-transversale-automatique\\\/\",\"url\":\"https:\\\/\\\/shop.bantam.ch\\\/fr\\\/produit\\\/remorque-transversale-automatique\\\/\",\"name\":\"Remorque transversale automatique - Bantam Wankm\u00fcller SA\",\"isPartOf\":{\"@id\":\"https:\\\/\\\/shop.bantam.ch\\\/fr\\\/#website\"},\"primaryImageOfPage\":{\"@id\":\"https:\\\/\\\/shop.bantam.ch\\\/fr\\\/produit\\\/remorque-transversale-automatique\\\/#primaryimage\"},\"image\":{\"@id\":\"https:\\\/\\\/shop.bantam.ch\\\/fr\\\/produit\\\/remorque-transversale-automatique\\\/#primaryimage\"},\"thumbnailUrl\":\"https:\\\/\\\/shop.bantam.ch\\\/wp-content\\\/uploads\\\/2023\\\/03\\\/13019001.jpg\",\"datePublished\":\"2023-03-01T18:09:15+00:00\",\"dateModified\":\"2026-03-23T23:41:57+00:00\",\"breadcrumb\":{\"@id\":\"https:\\\/\\\/shop.bantam.ch\\\/fr\\\/produit\\\/remorque-transversale-automatique\\\/#breadcrumb\"},\"inLanguage\":\"fr-FR\",\"potentialAction\":[{\"@type\":\"ReadAction\",\"target\":[\"https:\\\/\\\/shop.bantam.ch\\\/fr\\\/produit\\\/remorque-transversale-automatique\\\/\"]}]},{\"@type\":\"ImageObject\",\"inLanguage\":\"fr-FR\",\"@id\":\"https:\\\/\\\/shop.bantam.ch\\\/fr\\\/produit\\\/remorque-transversale-automatique\\\/#primaryimage\",\"url\":\"https:\\\/\\\/shop.bantam.ch\\\/wp-content\\\/uploads\\\/2023\\\/03\\\/13019001.jpg\",\"contentUrl\":\"https:\\\/\\\/shop.bantam.ch\\\/wp-content\\\/uploads\\\/2023\\\/03\\\/13019001.jpg\",\"width\":2048,\"height\":1367},{\"@type\":\"BreadcrumbList\",\"@id\":\"https:\\\/\\\/shop.bantam.ch\\\/fr\\\/produit\\\/remorque-transversale-automatique\\\/#breadcrumb\",\"itemListElement\":[{\"@type\":\"ListItem\",\"position\":1,\"name\":\"Accueil\",\"item\":\"https:\\\/\\\/shop.bantam.ch\\\/fr\\\/\"},{\"@type\":\"ListItem\",\"position\":2,\"name\":\"Boutique\",\"item\":\"https:\\\/\\\/shop.bantam.ch\\\/fr\\\/boutique\\\/\"},{\"@type\":\"ListItem\",\"position\":3,\"name\":\"Remorque transversale automatique\"}]},{\"@type\":\"WebSite\",\"@id\":\"https:\\\/\\\/shop.bantam.ch\\\/fr\\\/#website\",\"url\":\"https:\\\/\\\/shop.bantam.ch\\\/fr\\\/\",\"name\":\"Bantam Wankm\u00fcller SA\",\"description\":\"\",\"publisher\":{\"@id\":\"https:\\\/\\\/shop.bantam.ch\\\/fr\\\/#organization\"},\"inLanguage\":\"fr-FR\"},{\"@type\":\"Organization\",\"@id\":\"https:\\\/\\\/shop.bantam.ch\\\/fr\\\/#organization\",\"name\":\"Bantam Wankm\u00fcller SA\",\"url\":\"https:\\\/\\\/shop.bantam.ch\\\/fr\\\/\",\"logo\":{\"@type\":\"ImageObject\",\"inLanguage\":\"fr-FR\",\"@id\":\"https:\\\/\\\/shop.bantam.ch\\\/fr\\\/#\\\/schema\\\/logo\\\/image\\\/\",\"url\":\"https:\\\/\\\/shop.bantam.ch\\\/wp-content\\\/uploads\\\/2022\\\/12\\\/bantam-logo.png\",\"contentUrl\":\"https:\\\/\\\/shop.bantam.ch\\\/wp-content\\\/uploads\\\/2022\\\/12\\\/bantam-logo.png\",\"width\":320,\"height\":71,\"caption\":\"Bantam Wankm\u00fcller SA\"},\"image\":{\"@id\":\"https:\\\/\\\/shop.bantam.ch\\\/fr\\\/#\\\/schema\\\/logo\\\/image\\\/\"}}]}<\/script>\n<!-- \/ Yoast SEO plugin. -->","yoast_head_json":{"title":"Remorque transversale automatique - Bantam Wankm\u00fcller SA","robots":{"index":"index","follow":"follow","max-snippet":"max-snippet:-1","max-image-preview":"max-image-preview:large","max-video-preview":"max-video-preview:-1"},"canonical":"https:\/\/shop.bantam.ch\/fr\/produit\/remorque-transversale-automatique\/","og_locale":"fr_FR","og_type":"article","og_title":"Remorque transversale automatique - Bantam Wankm\u00fcller SA","og_description":"Sabot bloc-roue mobile sur glissi\u00e8re permettant une mont\u00e9e et descente automatique du 2 roues. Fabrication fran\u00e7aise. AVANTAGES: Chargement facile : une personne suffit. Aucun danger : pas de risque de renversement du 2 roues pendant le chargement gr\u00e2ce au syst\u00e8me pour visseuse. Pas besoin de rampe de chargement. Stockage vertical. Remorque robuste. Syst\u00e8me brevet\u00e9. 500 [&hellip;]","og_url":"https:\/\/shop.bantam.ch\/fr\/produit\/remorque-transversale-automatique\/","og_site_name":"Bantam Wankm\u00fcller SA","article_modified_time":"2026-03-23T23:41:57+00:00","og_image":[{"width":2950,"height":1969,"url":"https:\/\/shop.bantam.ch\/wp-content\/uploads\/2023\/03\/13019001.jpg","type":"image\/jpeg"}],"twitter_card":"summary_large_image","schema":{"@context":"https:\/\/schema.org","@graph":[{"@type":"WebPage","@id":"https:\/\/shop.bantam.ch\/fr\/produit\/remorque-transversale-automatique\/","url":"https:\/\/shop.bantam.ch\/fr\/produit\/remorque-transversale-automatique\/","name":"Remorque transversale automatique - Bantam Wankm\u00fcller SA","isPartOf":{"@id":"https:\/\/shop.bantam.ch\/fr\/#website"},"primaryImageOfPage":{"@id":"https:\/\/shop.bantam.ch\/fr\/produit\/remorque-transversale-automatique\/#primaryimage"},"image":{"@id":"https:\/\/shop.bantam.ch\/fr\/produit\/remorque-transversale-automatique\/#primaryimage"},"thumbnailUrl":"https:\/\/shop.bantam.ch\/wp-content\/uploads\/2023\/03\/13019001.jpg","datePublished":"2023-03-01T18:09:15+00:00","dateModified":"2026-03-23T23:41:57+00:00","breadcrumb":{"@id":"https:\/\/shop.bantam.ch\/fr\/produit\/remorque-transversale-automatique\/#breadcrumb"},"inLanguage":"fr-FR","potentialAction":[{"@type":"ReadAction","target":["https:\/\/shop.bantam.ch\/fr\/produit\/remorque-transversale-automatique\/"]}]},{"@type":"ImageObject","inLanguage":"fr-FR","@id":"https:\/\/shop.bantam.ch\/fr\/produit\/remorque-transversale-automatique\/#primaryimage","url":"https:\/\/shop.bantam.ch\/wp-content\/uploads\/2023\/03\/13019001.jpg","contentUrl":"https:\/\/shop.bantam.ch\/wp-content\/uploads\/2023\/03\/13019001.jpg","width":2048,"height":1367},{"@type":"BreadcrumbList","@id":"https:\/\/shop.bantam.ch\/fr\/produit\/remorque-transversale-automatique\/#breadcrumb","itemListElement":[{"@type":"ListItem","position":1,"name":"Accueil","item":"https:\/\/shop.bantam.ch\/fr\/"},{"@type":"ListItem","position":2,"name":"Boutique","item":"https:\/\/shop.bantam.ch\/fr\/boutique\/"},{"@type":"ListItem","position":3,"name":"Remorque transversale automatique"}]},{"@type":"WebSite","@id":"https:\/\/shop.bantam.ch\/fr\/#website","url":"https:\/\/shop.bantam.ch\/fr\/","name":"Bantam Wankm\u00fcller SA","description":"","publisher":{"@id":"https:\/\/shop.bantam.ch\/fr\/#organization"},"inLanguage":"fr-FR"},{"@type":"Organization","@id":"https:\/\/shop.bantam.ch\/fr\/#organization","name":"Bantam Wankm\u00fcller SA","url":"https:\/\/shop.bantam.ch\/fr\/","logo":{"@type":"ImageObject","inLanguage":"fr-FR","@id":"https:\/\/shop.bantam.ch\/fr\/#\/schema\/logo\/image\/","url":"https:\/\/shop.bantam.ch\/wp-content\/uploads\/2022\/12\/bantam-logo.png","contentUrl":"https:\/\/shop.bantam.ch\/wp-content\/uploads\/2022\/12\/bantam-logo.png","width":320,"height":71,"caption":"Bantam Wankm\u00fcller SA"},"image":{"@id":"https:\/\/shop.bantam.ch\/fr\/#\/schema\/logo\/image\/"}}]}},"_links":{"self":[{"href":"https:\/\/shop.bantam.ch\/fr\/wp-json\/wp\/v2\/product\/137205","targetHints":{"allow":["GET"]}}],"collection":[{"href":"https:\/\/shop.bantam.ch\/fr\/wp-json\/wp\/v2\/product"}],"about":[{"href":"https:\/\/shop.bantam.ch\/fr\/wp-json\/wp\/v2\/types\/product"}],"wp:featuredmedia":[{"embeddable":true,"href":"https:\/\/shop.bantam.ch\/fr\/wp-json\/wp\/v2\/media\/137203"}],"wp:attachment":[{"href":"https:\/\/shop.bantam.ch\/fr\/wp-json\/wp\/v2\/media?parent=137205"}],"wp:term":[{"taxonomy":"product_featured_cat","embeddable":true,"href":"https:\/\/shop.bantam.ch\/fr\/wp-json\/wp\/v2\/product_featured_cat?post=137205"},{"taxonomy":"product_brand","embeddable":true,"href":"https:\/\/shop.bantam.ch\/fr\/wp-json\/wp\/v2\/product_brand?post=137205"},{"taxonomy":"product_cat","embeddable":true,"href":"https:\/\/shop.bantam.ch\/fr\/wp-json\/wp\/v2\/product_cat?post=137205"},{"taxonomy":"product_tag","embeddable":true,"href":"https:\/\/shop.bantam.ch\/fr\/wp-json\/wp\/v2\/product_tag?post=137205"}],"curies":[{"name":"wp","href":"https:\/\/api.w.org\/{rel}","templated":true}]}}