{"id":137169,"date":"2023-03-01T19:08:30","date_gmt":"2023-03-01T18:08:30","guid":{"rendered":"https:\/\/shop.bantam.ch\/produit\/booster-de-charge-mbb-12v-50a\/"},"modified":"2026-04-20T22:03:29","modified_gmt":"2026-04-20T20:03:29","slug":"booster-de-charge-mbb-12v-50a","status":"publish","type":"product","link":"https:\/\/shop.bantam.ch\/fr\/produit\/booster-de-charge-mbb-12v-50a\/","title":{"rendered":"Booster de charge MBB 12V 50A"},"content":{"rendered":"<p>Ce booster de charge intelligent permet d\u2019optimiser<br \/>\nla charge de la batterie cellule moteur<br \/>\ntournant sur des v\u00e9hicules \u00e9quip\u00e9s d\u2019alternateurs<br \/>\nintelligents derni\u00e8res g\u00e9n\u00e9rations<br \/>\n(Euro5+ et 6). Son montage ne n\u00e9cessite aucun<br \/>\nc\u00e2blage suppl\u00e9mentaire, afin de faciliter sa<br \/>\npose. Pour rester conforme aux donn\u00e9es des<br \/>\nconstructeurs, sa charge est r\u00e9gul\u00e9e jusqu\u2019\u00e0<br \/>\n50 amp\u00e8res.<br \/>\n\u2022 Plage de tension d\u2019alimentation 12V \u00e0 16 V.<br \/>\n\u2022 Seuil tension d\u2019entr\u00e9e : 11,2 V.<br \/>\n\u2022 Tension sortie max. 14,64 V.<br \/>\n\u2022 Seuil d\u00e9clenchement floating 14,2 V.<br \/>\n\u2022 Courant de charge max. 50 A.<br \/>\n\u2022 Courantd de d\u00e9charge max. 50 A.<br \/>\n\u2022 Consomation r\u00e9siduelle 50 mA.<br \/>\n\u2022 Temp\u00e9ratures d\u2019utilisation -20\u00b0C \/ +60\u00b0 C .<br \/>\n\u2022 Dim. (l x h x p) 200 x 125 x 70 mm.<\/p>\n","protected":false},"excerpt":{"rendered":"<p>Ce booster de charge intelligent permet d\u2019optimiser la charge de la batterie cellule moteur tournant sur des v\u00e9hicules \u00e9quip\u00e9s d\u2019alternateurs intelligents derni\u00e8res g\u00e9n\u00e9rations (Euro5+ et 6). Son montage ne n\u00e9cessite aucun c\u00e2blage suppl\u00e9mentaire, afin de faciliter sa pose. Pour rester conforme aux donn\u00e9es des constructeurs, sa charge est r\u00e9gul\u00e9e jusqu\u2019\u00e0 50 amp\u00e8res. \u2022 Plage de [&hellip;]<\/p>\n","protected":false},"featured_media":137167,"template":"","meta":{"_acf_changed":false},"product_featured_cat":[],"product_brand":[3032],"product_cat":[4187],"product_tag":[],"class_list":{"0":"post-137169","1":"product","2":"type-product","3":"status-publish","4":"has-post-thumbnail","6":"product_brand-standard","7":"product_cat-batteries","9":"first","10":"instock","11":"taxable","12":"shipping-taxable","13":"purchasable","14":"product-type-simple"},"acf":[],"yoast_head":"<!-- This site is optimized with the Yoast SEO plugin v27.4 - https:\/\/yoast.com\/product\/yoast-seo-wordpress\/ -->\n<title>Booster de charge MBB 12V 50A - Bantam Wankm\u00fcller SA<\/title>\n<meta name=\"robots\" content=\"index, follow, max-snippet:-1, max-image-preview:large, max-video-preview:-1\" \/>\n<link rel=\"canonical\" href=\"https:\/\/shop.bantam.ch\/fr\/produit\/booster-de-charge-mbb-12v-50a\/\" \/>\n<meta property=\"og:locale\" content=\"fr_FR\" \/>\n<meta property=\"og:type\" content=\"article\" \/>\n<meta property=\"og:title\" content=\"Booster de charge MBB 12V 50A - Bantam Wankm\u00fcller SA\" \/>\n<meta property=\"og:description\" content=\"Ce booster de charge intelligent permet d\u2019optimiser la charge de la batterie cellule moteur tournant sur des v\u00e9hicules \u00e9quip\u00e9s d\u2019alternateurs intelligents derni\u00e8res g\u00e9n\u00e9rations (Euro5+ et 6). Son montage ne n\u00e9cessite aucun c\u00e2blage suppl\u00e9mentaire, afin de faciliter sa pose. Pour rester conforme aux donn\u00e9es des constructeurs, sa charge est r\u00e9gul\u00e9e jusqu\u2019\u00e0 50 amp\u00e8res. \u2022 Plage de [&hellip;]\" \/>\n<meta property=\"og:url\" content=\"https:\/\/shop.bantam.ch\/fr\/produit\/booster-de-charge-mbb-12v-50a\/\" \/>\n<meta property=\"og:site_name\" content=\"Bantam Wankm\u00fcller SA\" \/>\n<meta property=\"article:modified_time\" content=\"2026-04-20T20:03:29+00:00\" \/>\n<meta property=\"og:image\" content=\"https:\/\/shop.bantam.ch\/wp-content\/uploads\/2023\/03\/77319030.jpg\" \/>\n\t<meta property=\"og:image:width\" content=\"476\" \/>\n\t<meta property=\"og:image:height\" content=\"505\" \/>\n\t<meta property=\"og:image:type\" content=\"image\/jpeg\" \/>\n<meta name=\"twitter:card\" content=\"summary_large_image\" \/>\n<meta name=\"twitter:label1\" content=\"Dur\u00e9e de lecture estim\u00e9e\" \/>\n\t<meta name=\"twitter:data1\" content=\"1 minute\" \/>\n<script type=\"application\/ld+json\" class=\"yoast-schema-graph\">{\"@context\":\"https:\\\/\\\/schema.org\",\"@graph\":[{\"@type\":\"WebPage\",\"@id\":\"https:\\\/\\\/shop.bantam.ch\\\/fr\\\/produit\\\/booster-de-charge-mbb-12v-50a\\\/\",\"url\":\"https:\\\/\\\/shop.bantam.ch\\\/fr\\\/produit\\\/booster-de-charge-mbb-12v-50a\\\/\",\"name\":\"Booster de charge MBB 12V 50A - Bantam Wankm\u00fcller SA\",\"isPartOf\":{\"@id\":\"https:\\\/\\\/shop.bantam.ch\\\/fr\\\/#website\"},\"primaryImageOfPage\":{\"@id\":\"https:\\\/\\\/shop.bantam.ch\\\/fr\\\/produit\\\/booster-de-charge-mbb-12v-50a\\\/#primaryimage\"},\"image\":{\"@id\":\"https:\\\/\\\/shop.bantam.ch\\\/fr\\\/produit\\\/booster-de-charge-mbb-12v-50a\\\/#primaryimage\"},\"thumbnailUrl\":\"https:\\\/\\\/shop.bantam.ch\\\/wp-content\\\/uploads\\\/2023\\\/03\\\/77319030.jpg\",\"datePublished\":\"2023-03-01T18:08:30+00:00\",\"dateModified\":\"2026-04-20T20:03:29+00:00\",\"breadcrumb\":{\"@id\":\"https:\\\/\\\/shop.bantam.ch\\\/fr\\\/produit\\\/booster-de-charge-mbb-12v-50a\\\/#breadcrumb\"},\"inLanguage\":\"fr-FR\",\"potentialAction\":[{\"@type\":\"ReadAction\",\"target\":[\"https:\\\/\\\/shop.bantam.ch\\\/fr\\\/produit\\\/booster-de-charge-mbb-12v-50a\\\/\"]}]},{\"@type\":\"ImageObject\",\"inLanguage\":\"fr-FR\",\"@id\":\"https:\\\/\\\/shop.bantam.ch\\\/fr\\\/produit\\\/booster-de-charge-mbb-12v-50a\\\/#primaryimage\",\"url\":\"https:\\\/\\\/shop.bantam.ch\\\/wp-content\\\/uploads\\\/2023\\\/03\\\/77319030.jpg\",\"contentUrl\":\"https:\\\/\\\/shop.bantam.ch\\\/wp-content\\\/uploads\\\/2023\\\/03\\\/77319030.jpg\",\"width\":476,\"height\":505},{\"@type\":\"BreadcrumbList\",\"@id\":\"https:\\\/\\\/shop.bantam.ch\\\/fr\\\/produit\\\/booster-de-charge-mbb-12v-50a\\\/#breadcrumb\",\"itemListElement\":[{\"@type\":\"ListItem\",\"position\":1,\"name\":\"Accueil\",\"item\":\"https:\\\/\\\/shop.bantam.ch\\\/fr\\\/\"},{\"@type\":\"ListItem\",\"position\":2,\"name\":\"Boutique\",\"item\":\"https:\\\/\\\/shop.bantam.ch\\\/fr\\\/boutique\\\/\"},{\"@type\":\"ListItem\",\"position\":3,\"name\":\"Booster de charge MBB 12V 50A\"}]},{\"@type\":\"WebSite\",\"@id\":\"https:\\\/\\\/shop.bantam.ch\\\/fr\\\/#website\",\"url\":\"https:\\\/\\\/shop.bantam.ch\\\/fr\\\/\",\"name\":\"Bantam Wankm\u00fcller SA\",\"description\":\"\",\"publisher\":{\"@id\":\"https:\\\/\\\/shop.bantam.ch\\\/fr\\\/#organization\"},\"inLanguage\":\"fr-FR\"},{\"@type\":\"Organization\",\"@id\":\"https:\\\/\\\/shop.bantam.ch\\\/fr\\\/#organization\",\"name\":\"Bantam Wankm\u00fcller SA\",\"url\":\"https:\\\/\\\/shop.bantam.ch\\\/fr\\\/\",\"logo\":{\"@type\":\"ImageObject\",\"inLanguage\":\"fr-FR\",\"@id\":\"https:\\\/\\\/shop.bantam.ch\\\/fr\\\/#\\\/schema\\\/logo\\\/image\\\/\",\"url\":\"https:\\\/\\\/shop.bantam.ch\\\/wp-content\\\/uploads\\\/2022\\\/12\\\/bantam-logo.png\",\"contentUrl\":\"https:\\\/\\\/shop.bantam.ch\\\/wp-content\\\/uploads\\\/2022\\\/12\\\/bantam-logo.png\",\"width\":320,\"height\":71,\"caption\":\"Bantam Wankm\u00fcller SA\"},\"image\":{\"@id\":\"https:\\\/\\\/shop.bantam.ch\\\/fr\\\/#\\\/schema\\\/logo\\\/image\\\/\"}}]}<\/script>\n<!-- \/ Yoast SEO plugin. -->","yoast_head_json":{"title":"Booster de charge MBB 12V 50A - Bantam Wankm\u00fcller SA","robots":{"index":"index","follow":"follow","max-snippet":"max-snippet:-1","max-image-preview":"max-image-preview:large","max-video-preview":"max-video-preview:-1"},"canonical":"https:\/\/shop.bantam.ch\/fr\/produit\/booster-de-charge-mbb-12v-50a\/","og_locale":"fr_FR","og_type":"article","og_title":"Booster de charge MBB 12V 50A - Bantam Wankm\u00fcller SA","og_description":"Ce booster de charge intelligent permet d\u2019optimiser la charge de la batterie cellule moteur tournant sur des v\u00e9hicules \u00e9quip\u00e9s d\u2019alternateurs intelligents derni\u00e8res g\u00e9n\u00e9rations (Euro5+ et 6). Son montage ne n\u00e9cessite aucun c\u00e2blage suppl\u00e9mentaire, afin de faciliter sa pose. Pour rester conforme aux donn\u00e9es des constructeurs, sa charge est r\u00e9gul\u00e9e jusqu\u2019\u00e0 50 amp\u00e8res. \u2022 Plage de [&hellip;]","og_url":"https:\/\/shop.bantam.ch\/fr\/produit\/booster-de-charge-mbb-12v-50a\/","og_site_name":"Bantam Wankm\u00fcller SA","article_modified_time":"2026-04-20T20:03:29+00:00","og_image":[{"width":476,"height":505,"url":"https:\/\/shop.bantam.ch\/wp-content\/uploads\/2023\/03\/77319030.jpg","type":"image\/jpeg"}],"twitter_card":"summary_large_image","twitter_misc":{"Dur\u00e9e de lecture estim\u00e9e":"1 minute"},"schema":{"@context":"https:\/\/schema.org","@graph":[{"@type":"WebPage","@id":"https:\/\/shop.bantam.ch\/fr\/produit\/booster-de-charge-mbb-12v-50a\/","url":"https:\/\/shop.bantam.ch\/fr\/produit\/booster-de-charge-mbb-12v-50a\/","name":"Booster de charge MBB 12V 50A - Bantam Wankm\u00fcller SA","isPartOf":{"@id":"https:\/\/shop.bantam.ch\/fr\/#website"},"primaryImageOfPage":{"@id":"https:\/\/shop.bantam.ch\/fr\/produit\/booster-de-charge-mbb-12v-50a\/#primaryimage"},"image":{"@id":"https:\/\/shop.bantam.ch\/fr\/produit\/booster-de-charge-mbb-12v-50a\/#primaryimage"},"thumbnailUrl":"https:\/\/shop.bantam.ch\/wp-content\/uploads\/2023\/03\/77319030.jpg","datePublished":"2023-03-01T18:08:30+00:00","dateModified":"2026-04-20T20:03:29+00:00","breadcrumb":{"@id":"https:\/\/shop.bantam.ch\/fr\/produit\/booster-de-charge-mbb-12v-50a\/#breadcrumb"},"inLanguage":"fr-FR","potentialAction":[{"@type":"ReadAction","target":["https:\/\/shop.bantam.ch\/fr\/produit\/booster-de-charge-mbb-12v-50a\/"]}]},{"@type":"ImageObject","inLanguage":"fr-FR","@id":"https:\/\/shop.bantam.ch\/fr\/produit\/booster-de-charge-mbb-12v-50a\/#primaryimage","url":"https:\/\/shop.bantam.ch\/wp-content\/uploads\/2023\/03\/77319030.jpg","contentUrl":"https:\/\/shop.bantam.ch\/wp-content\/uploads\/2023\/03\/77319030.jpg","width":476,"height":505},{"@type":"BreadcrumbList","@id":"https:\/\/shop.bantam.ch\/fr\/produit\/booster-de-charge-mbb-12v-50a\/#breadcrumb","itemListElement":[{"@type":"ListItem","position":1,"name":"Accueil","item":"https:\/\/shop.bantam.ch\/fr\/"},{"@type":"ListItem","position":2,"name":"Boutique","item":"https:\/\/shop.bantam.ch\/fr\/boutique\/"},{"@type":"ListItem","position":3,"name":"Booster de charge MBB 12V 50A"}]},{"@type":"WebSite","@id":"https:\/\/shop.bantam.ch\/fr\/#website","url":"https:\/\/shop.bantam.ch\/fr\/","name":"Bantam Wankm\u00fcller SA","description":"","publisher":{"@id":"https:\/\/shop.bantam.ch\/fr\/#organization"},"inLanguage":"fr-FR"},{"@type":"Organization","@id":"https:\/\/shop.bantam.ch\/fr\/#organization","name":"Bantam Wankm\u00fcller SA","url":"https:\/\/shop.bantam.ch\/fr\/","logo":{"@type":"ImageObject","inLanguage":"fr-FR","@id":"https:\/\/shop.bantam.ch\/fr\/#\/schema\/logo\/image\/","url":"https:\/\/shop.bantam.ch\/wp-content\/uploads\/2022\/12\/bantam-logo.png","contentUrl":"https:\/\/shop.bantam.ch\/wp-content\/uploads\/2022\/12\/bantam-logo.png","width":320,"height":71,"caption":"Bantam Wankm\u00fcller SA"},"image":{"@id":"https:\/\/shop.bantam.ch\/fr\/#\/schema\/logo\/image\/"}}]}},"_links":{"self":[{"href":"https:\/\/shop.bantam.ch\/fr\/wp-json\/wp\/v2\/product\/137169","targetHints":{"allow":["GET"]}}],"collection":[{"href":"https:\/\/shop.bantam.ch\/fr\/wp-json\/wp\/v2\/product"}],"about":[{"href":"https:\/\/shop.bantam.ch\/fr\/wp-json\/wp\/v2\/types\/product"}],"wp:featuredmedia":[{"embeddable":true,"href":"https:\/\/shop.bantam.ch\/fr\/wp-json\/wp\/v2\/media\/137167"}],"wp:attachment":[{"href":"https:\/\/shop.bantam.ch\/fr\/wp-json\/wp\/v2\/media?parent=137169"}],"wp:term":[{"taxonomy":"product_featured_cat","embeddable":true,"href":"https:\/\/shop.bantam.ch\/fr\/wp-json\/wp\/v2\/product_featured_cat?post=137169"},{"taxonomy":"product_brand","embeddable":true,"href":"https:\/\/shop.bantam.ch\/fr\/wp-json\/wp\/v2\/product_brand?post=137169"},{"taxonomy":"product_cat","embeddable":true,"href":"https:\/\/shop.bantam.ch\/fr\/wp-json\/wp\/v2\/product_cat?post=137169"},{"taxonomy":"product_tag","embeddable":true,"href":"https:\/\/shop.bantam.ch\/fr\/wp-json\/wp\/v2\/product_tag?post=137169"}],"curies":[{"name":"wp","href":"https:\/\/api.w.org\/{rel}","templated":true}]}}