{"id":137153,"date":"2023-03-01T19:08:08","date_gmt":"2023-03-01T18:08:08","guid":{"rendered":"https:\/\/shop.bantam.ch\/produit\/convertisseur-eza-pure-sinus-12vdc-230\/"},"modified":"2026-05-01T21:59:19","modified_gmt":"2026-05-01T19:59:19","slug":"convertisseur-eza-pure-sinus-12vdc-230","status":"publish","type":"product","link":"https:\/\/shop.bantam.ch\/fr\/produit\/convertisseur-eza-pure-sinus-12vdc-230\/","title":{"rendered":"Convertisseur EZA Pure Sinus 12VDC\/230"},"content":{"rendered":"<p>Derni\u00e8re g\u00e9n\u00e9ration de convertisseurs acceptant<br \/>\nun montage en parall\u00e8le, compatible<br \/>\navec une alimentation triphas\u00e9e. Ils sont \u00e9galement<br \/>\n\u00e9quip\u00e9s d\u2019un relais de transfert et d\u2019une<br \/>\nprotection par disjoncteur sortie CA. Port de<br \/>\ncommunication RS-232. Entr\u00e9e et Sortie isol\u00e9es<br \/>\net prot\u00e9g\u00e9es. Mode \u00e9conomie d\u2019Energie.<br \/>\n2000 W<\/p>\n","protected":false},"excerpt":{"rendered":"<p>Derni\u00e8re g\u00e9n\u00e9ration de convertisseurs acceptant un montage en parall\u00e8le, compatible avec une alimentation triphas\u00e9e. Ils sont \u00e9galement \u00e9quip\u00e9s d\u2019un relais de transfert et d\u2019une protection par disjoncteur sortie CA. Port de communication RS-232. Entr\u00e9e et Sortie isol\u00e9es et prot\u00e9g\u00e9es. Mode \u00e9conomie d\u2019Energie. 2000 W<\/p>\n","protected":false},"featured_media":137151,"template":"","meta":{"_acf_changed":false},"product_featured_cat":[94],"product_brand":[3676],"product_cat":[4187],"product_tag":[],"class_list":{"0":"post-137153","1":"product","2":"type-product","3":"status-publish","4":"has-post-thumbnail","6":"product_featured_cat-promotions-etagnieres","7":"product_brand-eza","8":"product_cat-batteries","10":"first","11":"instock","12":"sale","13":"taxable","14":"shipping-taxable","15":"purchasable","16":"product-type-simple"},"acf":[],"yoast_head":"<!-- This site is optimized with the Yoast SEO plugin v27.5 - https:\/\/yoast.com\/product\/yoast-seo-wordpress\/ -->\n<title>Convertisseur EZA Pure Sinus 12VDC\/230 - Bantam<\/title>\n<meta name=\"robots\" content=\"index, follow, max-snippet:-1, max-image-preview:large, max-video-preview:-1\" \/>\n<link rel=\"canonical\" href=\"https:\/\/shop.bantam.ch\/fr\/produit\/convertisseur-eza-pure-sinus-12vdc-230\/\" \/>\n<meta property=\"og:locale\" content=\"fr_FR\" \/>\n<meta property=\"og:type\" content=\"article\" \/>\n<meta property=\"og:title\" content=\"Convertisseur EZA Pure Sinus 12VDC\/230 - Bantam\" \/>\n<meta property=\"og:description\" content=\"Derni\u00e8re g\u00e9n\u00e9ration de convertisseurs acceptant un montage en parall\u00e8le, compatible avec une alimentation triphas\u00e9e. Ils sont \u00e9galement \u00e9quip\u00e9s d\u2019un relais de transfert et d\u2019une protection par disjoncteur sortie CA. Port de communication RS-232. Entr\u00e9e et Sortie isol\u00e9es et prot\u00e9g\u00e9es. Mode \u00e9conomie d\u2019Energie. 2000 W\" \/>\n<meta property=\"og:url\" content=\"https:\/\/shop.bantam.ch\/fr\/produit\/convertisseur-eza-pure-sinus-12vdc-230\/\" \/>\n<meta property=\"og:site_name\" content=\"Bantam\" \/>\n<meta property=\"article:modified_time\" content=\"2026-05-01T19:59:19+00:00\" \/>\n<meta property=\"og:image\" content=\"https:\/\/shop.bantam.ch\/wp-content\/uploads\/2023\/03\/77319036.jpg\" \/>\n\t<meta property=\"og:image:width\" content=\"600\" \/>\n\t<meta property=\"og:image:height\" content=\"507\" \/>\n\t<meta property=\"og:image:type\" content=\"image\/jpeg\" \/>\n<meta name=\"twitter:card\" content=\"summary_large_image\" \/>\n<script type=\"application\/ld+json\" class=\"yoast-schema-graph\">{\"@context\":\"https:\\\/\\\/schema.org\",\"@graph\":[{\"@type\":\"WebPage\",\"@id\":\"https:\\\/\\\/shop.bantam.ch\\\/fr\\\/produit\\\/convertisseur-eza-pure-sinus-12vdc-230\\\/\",\"url\":\"https:\\\/\\\/shop.bantam.ch\\\/fr\\\/produit\\\/convertisseur-eza-pure-sinus-12vdc-230\\\/\",\"name\":\"Convertisseur EZA Pure Sinus 12VDC\\\/230 - Bantam\",\"isPartOf\":{\"@id\":\"https:\\\/\\\/shop.bantam.ch\\\/fr\\\/#website\"},\"primaryImageOfPage\":{\"@id\":\"https:\\\/\\\/shop.bantam.ch\\\/fr\\\/produit\\\/convertisseur-eza-pure-sinus-12vdc-230\\\/#primaryimage\"},\"image\":{\"@id\":\"https:\\\/\\\/shop.bantam.ch\\\/fr\\\/produit\\\/convertisseur-eza-pure-sinus-12vdc-230\\\/#primaryimage\"},\"thumbnailUrl\":\"https:\\\/\\\/shop.bantam.ch\\\/wp-content\\\/uploads\\\/2023\\\/03\\\/77319036.jpg\",\"datePublished\":\"2023-03-01T18:08:08+00:00\",\"dateModified\":\"2026-05-01T19:59:19+00:00\",\"breadcrumb\":{\"@id\":\"https:\\\/\\\/shop.bantam.ch\\\/fr\\\/produit\\\/convertisseur-eza-pure-sinus-12vdc-230\\\/#breadcrumb\"},\"inLanguage\":\"fr-FR\",\"potentialAction\":[{\"@type\":\"ReadAction\",\"target\":[\"https:\\\/\\\/shop.bantam.ch\\\/fr\\\/produit\\\/convertisseur-eza-pure-sinus-12vdc-230\\\/\"]}]},{\"@type\":\"ImageObject\",\"inLanguage\":\"fr-FR\",\"@id\":\"https:\\\/\\\/shop.bantam.ch\\\/fr\\\/produit\\\/convertisseur-eza-pure-sinus-12vdc-230\\\/#primaryimage\",\"url\":\"https:\\\/\\\/shop.bantam.ch\\\/wp-content\\\/uploads\\\/2023\\\/03\\\/77319036.jpg\",\"contentUrl\":\"https:\\\/\\\/shop.bantam.ch\\\/wp-content\\\/uploads\\\/2023\\\/03\\\/77319036.jpg\",\"width\":600,\"height\":507},{\"@type\":\"BreadcrumbList\",\"@id\":\"https:\\\/\\\/shop.bantam.ch\\\/fr\\\/produit\\\/convertisseur-eza-pure-sinus-12vdc-230\\\/#breadcrumb\",\"itemListElement\":[{\"@type\":\"ListItem\",\"position\":1,\"name\":\"Accueil\",\"item\":\"https:\\\/\\\/shop.bantam.ch\\\/fr\\\/\"},{\"@type\":\"ListItem\",\"position\":2,\"name\":\"Boutique\",\"item\":\"https:\\\/\\\/shop.bantam.ch\\\/fr\\\/boutique\\\/\"},{\"@type\":\"ListItem\",\"position\":3,\"name\":\"Convertisseur EZA Pure Sinus 12VDC\\\/230\"}]},{\"@type\":\"WebSite\",\"@id\":\"https:\\\/\\\/shop.bantam.ch\\\/fr\\\/#website\",\"url\":\"https:\\\/\\\/shop.bantam.ch\\\/fr\\\/\",\"name\":\"Bantam\",\"description\":\"\",\"publisher\":{\"@id\":\"https:\\\/\\\/shop.bantam.ch\\\/fr\\\/#organization\"},\"inLanguage\":\"fr-FR\"},{\"@type\":\"Organization\",\"@id\":\"https:\\\/\\\/shop.bantam.ch\\\/fr\\\/#organization\",\"name\":\"Bantam\",\"url\":\"https:\\\/\\\/shop.bantam.ch\\\/fr\\\/\",\"logo\":{\"@type\":\"ImageObject\",\"inLanguage\":\"fr-FR\",\"@id\":\"https:\\\/\\\/shop.bantam.ch\\\/fr\\\/#\\\/schema\\\/logo\\\/image\\\/\",\"url\":\"https:\\\/\\\/shop.bantam.ch\\\/wp-content\\\/uploads\\\/2022\\\/12\\\/bantam-logo.png\",\"contentUrl\":\"https:\\\/\\\/shop.bantam.ch\\\/wp-content\\\/uploads\\\/2022\\\/12\\\/bantam-logo.png\",\"width\":320,\"height\":71,\"caption\":\"Bantam\"},\"image\":{\"@id\":\"https:\\\/\\\/shop.bantam.ch\\\/fr\\\/#\\\/schema\\\/logo\\\/image\\\/\"}}]}<\/script>\n<!-- \/ Yoast SEO plugin. -->","yoast_head_json":{"title":"Convertisseur EZA Pure Sinus 12VDC\/230 - Bantam","robots":{"index":"index","follow":"follow","max-snippet":"max-snippet:-1","max-image-preview":"max-image-preview:large","max-video-preview":"max-video-preview:-1"},"canonical":"https:\/\/shop.bantam.ch\/fr\/produit\/convertisseur-eza-pure-sinus-12vdc-230\/","og_locale":"fr_FR","og_type":"article","og_title":"Convertisseur EZA Pure Sinus 12VDC\/230 - Bantam","og_description":"Derni\u00e8re g\u00e9n\u00e9ration de convertisseurs acceptant un montage en parall\u00e8le, compatible avec une alimentation triphas\u00e9e. Ils sont \u00e9galement \u00e9quip\u00e9s d\u2019un relais de transfert et d\u2019une protection par disjoncteur sortie CA. Port de communication RS-232. Entr\u00e9e et Sortie isol\u00e9es et prot\u00e9g\u00e9es. Mode \u00e9conomie d\u2019Energie. 2000 W","og_url":"https:\/\/shop.bantam.ch\/fr\/produit\/convertisseur-eza-pure-sinus-12vdc-230\/","og_site_name":"Bantam","article_modified_time":"2026-05-01T19:59:19+00:00","og_image":[{"width":600,"height":507,"url":"https:\/\/shop.bantam.ch\/wp-content\/uploads\/2023\/03\/77319036.jpg","type":"image\/jpeg"}],"twitter_card":"summary_large_image","schema":{"@context":"https:\/\/schema.org","@graph":[{"@type":"WebPage","@id":"https:\/\/shop.bantam.ch\/fr\/produit\/convertisseur-eza-pure-sinus-12vdc-230\/","url":"https:\/\/shop.bantam.ch\/fr\/produit\/convertisseur-eza-pure-sinus-12vdc-230\/","name":"Convertisseur EZA Pure Sinus 12VDC\/230 - Bantam","isPartOf":{"@id":"https:\/\/shop.bantam.ch\/fr\/#website"},"primaryImageOfPage":{"@id":"https:\/\/shop.bantam.ch\/fr\/produit\/convertisseur-eza-pure-sinus-12vdc-230\/#primaryimage"},"image":{"@id":"https:\/\/shop.bantam.ch\/fr\/produit\/convertisseur-eza-pure-sinus-12vdc-230\/#primaryimage"},"thumbnailUrl":"https:\/\/shop.bantam.ch\/wp-content\/uploads\/2023\/03\/77319036.jpg","datePublished":"2023-03-01T18:08:08+00:00","dateModified":"2026-05-01T19:59:19+00:00","breadcrumb":{"@id":"https:\/\/shop.bantam.ch\/fr\/produit\/convertisseur-eza-pure-sinus-12vdc-230\/#breadcrumb"},"inLanguage":"fr-FR","potentialAction":[{"@type":"ReadAction","target":["https:\/\/shop.bantam.ch\/fr\/produit\/convertisseur-eza-pure-sinus-12vdc-230\/"]}]},{"@type":"ImageObject","inLanguage":"fr-FR","@id":"https:\/\/shop.bantam.ch\/fr\/produit\/convertisseur-eza-pure-sinus-12vdc-230\/#primaryimage","url":"https:\/\/shop.bantam.ch\/wp-content\/uploads\/2023\/03\/77319036.jpg","contentUrl":"https:\/\/shop.bantam.ch\/wp-content\/uploads\/2023\/03\/77319036.jpg","width":600,"height":507},{"@type":"BreadcrumbList","@id":"https:\/\/shop.bantam.ch\/fr\/produit\/convertisseur-eza-pure-sinus-12vdc-230\/#breadcrumb","itemListElement":[{"@type":"ListItem","position":1,"name":"Accueil","item":"https:\/\/shop.bantam.ch\/fr\/"},{"@type":"ListItem","position":2,"name":"Boutique","item":"https:\/\/shop.bantam.ch\/fr\/boutique\/"},{"@type":"ListItem","position":3,"name":"Convertisseur EZA Pure Sinus 12VDC\/230"}]},{"@type":"WebSite","@id":"https:\/\/shop.bantam.ch\/fr\/#website","url":"https:\/\/shop.bantam.ch\/fr\/","name":"Bantam","description":"","publisher":{"@id":"https:\/\/shop.bantam.ch\/fr\/#organization"},"inLanguage":"fr-FR"},{"@type":"Organization","@id":"https:\/\/shop.bantam.ch\/fr\/#organization","name":"Bantam","url":"https:\/\/shop.bantam.ch\/fr\/","logo":{"@type":"ImageObject","inLanguage":"fr-FR","@id":"https:\/\/shop.bantam.ch\/fr\/#\/schema\/logo\/image\/","url":"https:\/\/shop.bantam.ch\/wp-content\/uploads\/2022\/12\/bantam-logo.png","contentUrl":"https:\/\/shop.bantam.ch\/wp-content\/uploads\/2022\/12\/bantam-logo.png","width":320,"height":71,"caption":"Bantam"},"image":{"@id":"https:\/\/shop.bantam.ch\/fr\/#\/schema\/logo\/image\/"}}]}},"_links":{"self":[{"href":"https:\/\/shop.bantam.ch\/fr\/wp-json\/wp\/v2\/product\/137153","targetHints":{"allow":["GET"]}}],"collection":[{"href":"https:\/\/shop.bantam.ch\/fr\/wp-json\/wp\/v2\/product"}],"about":[{"href":"https:\/\/shop.bantam.ch\/fr\/wp-json\/wp\/v2\/types\/product"}],"wp:featuredmedia":[{"embeddable":true,"href":"https:\/\/shop.bantam.ch\/fr\/wp-json\/wp\/v2\/media\/137151"}],"wp:attachment":[{"href":"https:\/\/shop.bantam.ch\/fr\/wp-json\/wp\/v2\/media?parent=137153"}],"wp:term":[{"taxonomy":"product_featured_cat","embeddable":true,"href":"https:\/\/shop.bantam.ch\/fr\/wp-json\/wp\/v2\/product_featured_cat?post=137153"},{"taxonomy":"product_brand","embeddable":true,"href":"https:\/\/shop.bantam.ch\/fr\/wp-json\/wp\/v2\/product_brand?post=137153"},{"taxonomy":"product_cat","embeddable":true,"href":"https:\/\/shop.bantam.ch\/fr\/wp-json\/wp\/v2\/product_cat?post=137153"},{"taxonomy":"product_tag","embeddable":true,"href":"https:\/\/shop.bantam.ch\/fr\/wp-json\/wp\/v2\/product_tag?post=137153"}],"curies":[{"name":"wp","href":"https:\/\/api.w.org\/{rel}","templated":true}]}}