{"id":137129,"date":"2023-03-01T19:07:33","date_gmt":"2023-03-01T18:07:33","guid":{"rendered":"https:\/\/shop.bantam.ch\/produit\/auvent-de-camping-car-motor-grande-air-pro-390-s-235-250-cm-390-x-300-cm-97-x-45-cm-29-kg\/"},"modified":"2026-04-18T22:02:45","modified_gmt":"2026-04-18T20:02:45","slug":"auvent-de-camping-car-motor-grande-air-pro-390-s-235-250-cm-390-x-300-cm-97-x-45-cm-29-kg","status":"publish","type":"product","link":"https:\/\/shop.bantam.ch\/fr\/produit\/auvent-de-camping-car-motor-grande-air-pro-390-s-235-250-cm-390-x-300-cm-97-x-45-cm-29-kg\/","title":{"rendered":"Auvent de camping-car &#8211; Motor Grande AIR Pro 390 S 235 &#8211; 250 cm 390 x 300 cm 97 x 45 cm 29 kg"},"content":{"rendered":"<p>Motor Grande AIR Pro plus de profondeur, plus d\u2019espace Nouvel ajout \u00e0 la gamme 2020, le Motor Grande AIR Pro incorpore tous les avantages de nos c\u00e9l\u00e8bres mod\u00e8les Rally AIR, qui sont les auvents gonflables pr\u00e9f\u00e9r\u00e9s des Europ\u00e9ens, \u00e0 trois m\u00e8tres de profondeur ; ceci, avec notre syst\u00e8me de toit \u00e0 double pente, assure que vous pouvez utiliser toute la surface de l\u2019auvent et procure au Motor Grande AIR Pro 390 un espace utilisable incroyable de 11,7 m2 . L\u2019auvent, qui fournit de l\u2019ombre par temps chaud, peut \u00eatre muni des panneaux en maille avant pour une ventilation suppl\u00e9mentaire et il est possible de l\u2019agrandir avec l\u2019une de nos annexes Pro gonflables. Derri\u00e8re la fen\u00eatre droite, il y a un grand panneau en maille secondaire, permettant \u00e0 l\u2019air de passer par temps chaud. Il y a d\u2019autres panneaux en maille derri\u00e8re les deux portes arri\u00e8re et vous pouvez rajouter de la ventilation \u00e0 l\u2019avant de l\u2019auvent avec nos panneaux en maille avant optionnels. Les<\/p>\n","protected":false},"excerpt":{"rendered":"<p>Motor Grande AIR Pro plus de profondeur, plus d\u2019espace Nouvel ajout \u00e0 la gamme 2020, le Motor Grande AIR Pro incorpore tous les avantages de nos c\u00e9l\u00e8bres mod\u00e8les Rally AIR, qui sont les auvents gonflables pr\u00e9f\u00e9r\u00e9s des Europ\u00e9ens, \u00e0 trois m\u00e8tres de profondeur ; ceci, avec notre syst\u00e8me de toit \u00e0 double pente, assure que [&hellip;]<\/p>\n","protected":false},"featured_media":137127,"template":"","meta":{"_acf_changed":false},"product_featured_cat":[],"product_brand":[3032],"product_cat":[4915],"product_tag":[],"class_list":{"0":"post-137129","1":"product","2":"type-product","3":"status-publish","4":"has-post-thumbnail","6":"product_brand-standard","7":"product_cat-auvents-de-bus-et-camping-cars","9":"first","10":"instock","11":"taxable","12":"shipping-taxable","13":"purchasable","14":"product-type-simple"},"acf":[],"yoast_head":"<!-- This site is optimized with the Yoast SEO plugin v27.4 - https:\/\/yoast.com\/product\/yoast-seo-wordpress\/ -->\n<title>Auvent de camping-car - Motor Grande AIR Pro 390 S 235 - 250 cm 390 x 300 cm 97 x 45 cm 29 kg - Bantam Wankm\u00fcller SA<\/title>\n<meta name=\"robots\" content=\"index, follow, max-snippet:-1, max-image-preview:large, max-video-preview:-1\" \/>\n<link rel=\"canonical\" href=\"https:\/\/shop.bantam.ch\/fr\/produit\/auvent-de-camping-car-motor-grande-air-pro-390-s-235-250-cm-390-x-300-cm-97-x-45-cm-29-kg\/\" \/>\n<meta property=\"og:locale\" content=\"fr_FR\" \/>\n<meta property=\"og:type\" content=\"article\" \/>\n<meta property=\"og:title\" content=\"Auvent de camping-car - Motor Grande AIR Pro 390 S 235 - 250 cm 390 x 300 cm 97 x 45 cm 29 kg - Bantam Wankm\u00fcller SA\" \/>\n<meta property=\"og:description\" content=\"Motor Grande AIR Pro plus de profondeur, plus d\u2019espace Nouvel ajout \u00e0 la gamme 2020, le Motor Grande AIR Pro incorpore tous les avantages de nos c\u00e9l\u00e8bres mod\u00e8les Rally AIR, qui sont les auvents gonflables pr\u00e9f\u00e9r\u00e9s des Europ\u00e9ens, \u00e0 trois m\u00e8tres de profondeur ; ceci, avec notre syst\u00e8me de toit \u00e0 double pente, assure que [&hellip;]\" \/>\n<meta property=\"og:url\" content=\"https:\/\/shop.bantam.ch\/fr\/produit\/auvent-de-camping-car-motor-grande-air-pro-390-s-235-250-cm-390-x-300-cm-97-x-45-cm-29-kg\/\" \/>\n<meta property=\"og:site_name\" content=\"Bantam Wankm\u00fcller SA\" \/>\n<meta property=\"article:modified_time\" content=\"2026-04-18T20:02:45+00:00\" \/>\n<meta property=\"og:image\" content=\"https:\/\/shop.bantam.ch\/wp-content\/uploads\/2023\/03\/15019015-3-scaled.jpg\" \/>\n\t<meta property=\"og:image:width\" content=\"834\" \/>\n\t<meta property=\"og:image:height\" content=\"1024\" \/>\n\t<meta property=\"og:image:type\" content=\"image\/jpeg\" \/>\n<meta name=\"twitter:card\" content=\"summary_large_image\" \/>\n<meta name=\"twitter:label1\" content=\"Dur\u00e9e de lecture estim\u00e9e\" \/>\n\t<meta name=\"twitter:data1\" content=\"1 minute\" \/>\n<script type=\"application\/ld+json\" class=\"yoast-schema-graph\">{\"@context\":\"https:\\\/\\\/schema.org\",\"@graph\":[{\"@type\":\"WebPage\",\"@id\":\"https:\\\/\\\/shop.bantam.ch\\\/fr\\\/produit\\\/auvent-de-camping-car-motor-grande-air-pro-390-s-235-250-cm-390-x-300-cm-97-x-45-cm-29-kg\\\/\",\"url\":\"https:\\\/\\\/shop.bantam.ch\\\/fr\\\/produit\\\/auvent-de-camping-car-motor-grande-air-pro-390-s-235-250-cm-390-x-300-cm-97-x-45-cm-29-kg\\\/\",\"name\":\"Auvent de camping-car - Motor Grande AIR Pro 390 S 235 - 250 cm 390 x 300 cm 97 x 45 cm 29 kg - Bantam Wankm\u00fcller SA\",\"isPartOf\":{\"@id\":\"https:\\\/\\\/shop.bantam.ch\\\/fr\\\/#website\"},\"primaryImageOfPage\":{\"@id\":\"https:\\\/\\\/shop.bantam.ch\\\/fr\\\/produit\\\/auvent-de-camping-car-motor-grande-air-pro-390-s-235-250-cm-390-x-300-cm-97-x-45-cm-29-kg\\\/#primaryimage\"},\"image\":{\"@id\":\"https:\\\/\\\/shop.bantam.ch\\\/fr\\\/produit\\\/auvent-de-camping-car-motor-grande-air-pro-390-s-235-250-cm-390-x-300-cm-97-x-45-cm-29-kg\\\/#primaryimage\"},\"thumbnailUrl\":\"https:\\\/\\\/shop.bantam.ch\\\/wp-content\\\/uploads\\\/2023\\\/03\\\/15019015-3-scaled.jpg\",\"datePublished\":\"2023-03-01T18:07:33+00:00\",\"dateModified\":\"2026-04-18T20:02:45+00:00\",\"breadcrumb\":{\"@id\":\"https:\\\/\\\/shop.bantam.ch\\\/fr\\\/produit\\\/auvent-de-camping-car-motor-grande-air-pro-390-s-235-250-cm-390-x-300-cm-97-x-45-cm-29-kg\\\/#breadcrumb\"},\"inLanguage\":\"fr-FR\",\"potentialAction\":[{\"@type\":\"ReadAction\",\"target\":[\"https:\\\/\\\/shop.bantam.ch\\\/fr\\\/produit\\\/auvent-de-camping-car-motor-grande-air-pro-390-s-235-250-cm-390-x-300-cm-97-x-45-cm-29-kg\\\/\"]}]},{\"@type\":\"ImageObject\",\"inLanguage\":\"fr-FR\",\"@id\":\"https:\\\/\\\/shop.bantam.ch\\\/fr\\\/produit\\\/auvent-de-camping-car-motor-grande-air-pro-390-s-235-250-cm-390-x-300-cm-97-x-45-cm-29-kg\\\/#primaryimage\",\"url\":\"https:\\\/\\\/shop.bantam.ch\\\/wp-content\\\/uploads\\\/2023\\\/03\\\/15019015-3-scaled.jpg\",\"contentUrl\":\"https:\\\/\\\/shop.bantam.ch\\\/wp-content\\\/uploads\\\/2023\\\/03\\\/15019015-3-scaled.jpg\",\"width\":1669,\"height\":2048},{\"@type\":\"BreadcrumbList\",\"@id\":\"https:\\\/\\\/shop.bantam.ch\\\/fr\\\/produit\\\/auvent-de-camping-car-motor-grande-air-pro-390-s-235-250-cm-390-x-300-cm-97-x-45-cm-29-kg\\\/#breadcrumb\",\"itemListElement\":[{\"@type\":\"ListItem\",\"position\":1,\"name\":\"Accueil\",\"item\":\"https:\\\/\\\/shop.bantam.ch\\\/fr\\\/\"},{\"@type\":\"ListItem\",\"position\":2,\"name\":\"Boutique\",\"item\":\"https:\\\/\\\/shop.bantam.ch\\\/fr\\\/boutique\\\/\"},{\"@type\":\"ListItem\",\"position\":3,\"name\":\"Auvent de camping-car &#8211; Motor Grande AIR Pro 390 S 235 &#8211; 250 cm 390 x 300 cm 97 x 45 cm 29 kg\"}]},{\"@type\":\"WebSite\",\"@id\":\"https:\\\/\\\/shop.bantam.ch\\\/fr\\\/#website\",\"url\":\"https:\\\/\\\/shop.bantam.ch\\\/fr\\\/\",\"name\":\"Bantam Wankm\u00fcller SA\",\"description\":\"\",\"publisher\":{\"@id\":\"https:\\\/\\\/shop.bantam.ch\\\/fr\\\/#organization\"},\"inLanguage\":\"fr-FR\"},{\"@type\":\"Organization\",\"@id\":\"https:\\\/\\\/shop.bantam.ch\\\/fr\\\/#organization\",\"name\":\"Bantam Wankm\u00fcller SA\",\"url\":\"https:\\\/\\\/shop.bantam.ch\\\/fr\\\/\",\"logo\":{\"@type\":\"ImageObject\",\"inLanguage\":\"fr-FR\",\"@id\":\"https:\\\/\\\/shop.bantam.ch\\\/fr\\\/#\\\/schema\\\/logo\\\/image\\\/\",\"url\":\"https:\\\/\\\/shop.bantam.ch\\\/wp-content\\\/uploads\\\/2022\\\/12\\\/bantam-logo.png\",\"contentUrl\":\"https:\\\/\\\/shop.bantam.ch\\\/wp-content\\\/uploads\\\/2022\\\/12\\\/bantam-logo.png\",\"width\":320,\"height\":71,\"caption\":\"Bantam Wankm\u00fcller SA\"},\"image\":{\"@id\":\"https:\\\/\\\/shop.bantam.ch\\\/fr\\\/#\\\/schema\\\/logo\\\/image\\\/\"}}]}<\/script>\n<!-- \/ Yoast SEO plugin. -->","yoast_head_json":{"title":"Auvent de camping-car - Motor Grande AIR Pro 390 S 235 - 250 cm 390 x 300 cm 97 x 45 cm 29 kg - Bantam Wankm\u00fcller SA","robots":{"index":"index","follow":"follow","max-snippet":"max-snippet:-1","max-image-preview":"max-image-preview:large","max-video-preview":"max-video-preview:-1"},"canonical":"https:\/\/shop.bantam.ch\/fr\/produit\/auvent-de-camping-car-motor-grande-air-pro-390-s-235-250-cm-390-x-300-cm-97-x-45-cm-29-kg\/","og_locale":"fr_FR","og_type":"article","og_title":"Auvent de camping-car - Motor Grande AIR Pro 390 S 235 - 250 cm 390 x 300 cm 97 x 45 cm 29 kg - Bantam Wankm\u00fcller SA","og_description":"Motor Grande AIR Pro plus de profondeur, plus d\u2019espace Nouvel ajout \u00e0 la gamme 2020, le Motor Grande AIR Pro incorpore tous les avantages de nos c\u00e9l\u00e8bres mod\u00e8les Rally AIR, qui sont les auvents gonflables pr\u00e9f\u00e9r\u00e9s des Europ\u00e9ens, \u00e0 trois m\u00e8tres de profondeur ; ceci, avec notre syst\u00e8me de toit \u00e0 double pente, assure que [&hellip;]","og_url":"https:\/\/shop.bantam.ch\/fr\/produit\/auvent-de-camping-car-motor-grande-air-pro-390-s-235-250-cm-390-x-300-cm-97-x-45-cm-29-kg\/","og_site_name":"Bantam Wankm\u00fcller SA","article_modified_time":"2026-04-18T20:02:45+00:00","og_image":[{"url":"https:\/\/shop.bantam.ch\/wp-content\/uploads\/2023\/03\/15019015-3-scaled.jpg","width":834,"height":1024,"type":"image\/jpeg"}],"twitter_card":"summary_large_image","twitter_misc":{"Dur\u00e9e de lecture estim\u00e9e":"1 minute"},"schema":{"@context":"https:\/\/schema.org","@graph":[{"@type":"WebPage","@id":"https:\/\/shop.bantam.ch\/fr\/produit\/auvent-de-camping-car-motor-grande-air-pro-390-s-235-250-cm-390-x-300-cm-97-x-45-cm-29-kg\/","url":"https:\/\/shop.bantam.ch\/fr\/produit\/auvent-de-camping-car-motor-grande-air-pro-390-s-235-250-cm-390-x-300-cm-97-x-45-cm-29-kg\/","name":"Auvent de camping-car - Motor Grande AIR Pro 390 S 235 - 250 cm 390 x 300 cm 97 x 45 cm 29 kg - Bantam Wankm\u00fcller SA","isPartOf":{"@id":"https:\/\/shop.bantam.ch\/fr\/#website"},"primaryImageOfPage":{"@id":"https:\/\/shop.bantam.ch\/fr\/produit\/auvent-de-camping-car-motor-grande-air-pro-390-s-235-250-cm-390-x-300-cm-97-x-45-cm-29-kg\/#primaryimage"},"image":{"@id":"https:\/\/shop.bantam.ch\/fr\/produit\/auvent-de-camping-car-motor-grande-air-pro-390-s-235-250-cm-390-x-300-cm-97-x-45-cm-29-kg\/#primaryimage"},"thumbnailUrl":"https:\/\/shop.bantam.ch\/wp-content\/uploads\/2023\/03\/15019015-3-scaled.jpg","datePublished":"2023-03-01T18:07:33+00:00","dateModified":"2026-04-18T20:02:45+00:00","breadcrumb":{"@id":"https:\/\/shop.bantam.ch\/fr\/produit\/auvent-de-camping-car-motor-grande-air-pro-390-s-235-250-cm-390-x-300-cm-97-x-45-cm-29-kg\/#breadcrumb"},"inLanguage":"fr-FR","potentialAction":[{"@type":"ReadAction","target":["https:\/\/shop.bantam.ch\/fr\/produit\/auvent-de-camping-car-motor-grande-air-pro-390-s-235-250-cm-390-x-300-cm-97-x-45-cm-29-kg\/"]}]},{"@type":"ImageObject","inLanguage":"fr-FR","@id":"https:\/\/shop.bantam.ch\/fr\/produit\/auvent-de-camping-car-motor-grande-air-pro-390-s-235-250-cm-390-x-300-cm-97-x-45-cm-29-kg\/#primaryimage","url":"https:\/\/shop.bantam.ch\/wp-content\/uploads\/2023\/03\/15019015-3-scaled.jpg","contentUrl":"https:\/\/shop.bantam.ch\/wp-content\/uploads\/2023\/03\/15019015-3-scaled.jpg","width":1669,"height":2048},{"@type":"BreadcrumbList","@id":"https:\/\/shop.bantam.ch\/fr\/produit\/auvent-de-camping-car-motor-grande-air-pro-390-s-235-250-cm-390-x-300-cm-97-x-45-cm-29-kg\/#breadcrumb","itemListElement":[{"@type":"ListItem","position":1,"name":"Accueil","item":"https:\/\/shop.bantam.ch\/fr\/"},{"@type":"ListItem","position":2,"name":"Boutique","item":"https:\/\/shop.bantam.ch\/fr\/boutique\/"},{"@type":"ListItem","position":3,"name":"Auvent de camping-car &#8211; Motor Grande AIR Pro 390 S 235 &#8211; 250 cm 390 x 300 cm 97 x 45 cm 29 kg"}]},{"@type":"WebSite","@id":"https:\/\/shop.bantam.ch\/fr\/#website","url":"https:\/\/shop.bantam.ch\/fr\/","name":"Bantam Wankm\u00fcller SA","description":"","publisher":{"@id":"https:\/\/shop.bantam.ch\/fr\/#organization"},"inLanguage":"fr-FR"},{"@type":"Organization","@id":"https:\/\/shop.bantam.ch\/fr\/#organization","name":"Bantam Wankm\u00fcller SA","url":"https:\/\/shop.bantam.ch\/fr\/","logo":{"@type":"ImageObject","inLanguage":"fr-FR","@id":"https:\/\/shop.bantam.ch\/fr\/#\/schema\/logo\/image\/","url":"https:\/\/shop.bantam.ch\/wp-content\/uploads\/2022\/12\/bantam-logo.png","contentUrl":"https:\/\/shop.bantam.ch\/wp-content\/uploads\/2022\/12\/bantam-logo.png","width":320,"height":71,"caption":"Bantam Wankm\u00fcller SA"},"image":{"@id":"https:\/\/shop.bantam.ch\/fr\/#\/schema\/logo\/image\/"}}]}},"_links":{"self":[{"href":"https:\/\/shop.bantam.ch\/fr\/wp-json\/wp\/v2\/product\/137129","targetHints":{"allow":["GET"]}}],"collection":[{"href":"https:\/\/shop.bantam.ch\/fr\/wp-json\/wp\/v2\/product"}],"about":[{"href":"https:\/\/shop.bantam.ch\/fr\/wp-json\/wp\/v2\/types\/product"}],"wp:featuredmedia":[{"embeddable":true,"href":"https:\/\/shop.bantam.ch\/fr\/wp-json\/wp\/v2\/media\/137127"}],"wp:attachment":[{"href":"https:\/\/shop.bantam.ch\/fr\/wp-json\/wp\/v2\/media?parent=137129"}],"wp:term":[{"taxonomy":"product_featured_cat","embeddable":true,"href":"https:\/\/shop.bantam.ch\/fr\/wp-json\/wp\/v2\/product_featured_cat?post=137129"},{"taxonomy":"product_brand","embeddable":true,"href":"https:\/\/shop.bantam.ch\/fr\/wp-json\/wp\/v2\/product_brand?post=137129"},{"taxonomy":"product_cat","embeddable":true,"href":"https:\/\/shop.bantam.ch\/fr\/wp-json\/wp\/v2\/product_cat?post=137129"},{"taxonomy":"product_tag","embeddable":true,"href":"https:\/\/shop.bantam.ch\/fr\/wp-json\/wp\/v2\/product_tag?post=137129"}],"curies":[{"name":"wp","href":"https:\/\/api.w.org\/{rel}","templated":true}]}}