{"id":136978,"date":"2023-03-01T19:04:16","date_gmt":"2023-03-01T18:04:16","guid":{"rendered":"https:\/\/shop.bantam.ch\/produit\/livre-de-cuisine-omnia-de-gateaux-et-pains-n1\/"},"modified":"2026-05-11T21:58:48","modified_gmt":"2026-05-11T19:58:48","slug":"livre-de-cuisine-omnia-de-gateaux-et-pains-n1","status":"publish","type":"product","link":"https:\/\/shop.bantam.ch\/fr\/produit\/livre-de-cuisine-omnia-de-gateaux-et-pains-n1\/","title":{"rendered":"Livre de cuisine Omnia (DE) &#8211; Gateaux et pains N\u00b01"},"content":{"rendered":"<p>LE D\u00c9LICIEUX G\u00c2TEAUX EN UN FLASH !<br \/>\nLe g\u00e2teau fait maison n&rsquo;est pas qu&rsquo;une entreprise laborieuse. Nos recettes sont rapides et simples et peuvent donc \u00eatre facilement int\u00e9gr\u00e9es dans la vie quotidienne des vacances.<br \/>\nDans ce livre de p\u00e2tisserie, vous trouverez de nombreuses recettes de g\u00e2teaux et de pains sp\u00e9cialement optimis\u00e9es pour les vacances en camping avec le four Omnia. Toutes les recettes sont faciles \u00e0 pr\u00e9parer et pourtant tr\u00e8s vari\u00e9es.<br \/>\nNous vous souhaitons bonne chance et beaucoup de plaisir avec nos g\u00e2teaux et pains pr\u00e9f\u00e9r\u00e9s !<\/p>\n","protected":false},"excerpt":{"rendered":"<p>LE D\u00c9LICIEUX G\u00c2TEAUX EN UN FLASH ! Le g\u00e2teau fait maison n&rsquo;est pas qu&rsquo;une entreprise laborieuse. Nos recettes sont rapides et simples et peuvent donc \u00eatre facilement int\u00e9gr\u00e9es dans la vie quotidienne des vacances. Dans ce livre de p\u00e2tisserie, vous trouverez de nombreuses recettes de g\u00e2teaux et de pains sp\u00e9cialement optimis\u00e9es pour les vacances en [&hellip;]<\/p>\n","protected":false},"featured_media":136976,"template":"","meta":{"_acf_changed":false},"product_featured_cat":[],"product_brand":[3292],"product_cat":[4347],"product_tag":[],"class_list":{"0":"post-136978","1":"product","2":"type-product","3":"status-publish","4":"has-post-thumbnail","6":"product_brand-omnia","7":"product_cat-livres-de-cuisine","9":"first","10":"instock","11":"taxable","12":"shipping-taxable","13":"purchasable","14":"product-type-simple"},"acf":[],"yoast_head":"<!-- This site is optimized with the Yoast SEO plugin v27.5 - https:\/\/yoast.com\/product\/yoast-seo-wordpress\/ -->\n<title>Livre de cuisine Omnia (DE) - Gateaux et pains N\u00b01 - Bantam<\/title>\n<meta name=\"robots\" content=\"index, follow, max-snippet:-1, max-image-preview:large, max-video-preview:-1\" \/>\n<link rel=\"canonical\" href=\"https:\/\/shop.bantam.ch\/fr\/produit\/livre-de-cuisine-omnia-de-gateaux-et-pains-n1\/\" \/>\n<meta property=\"og:locale\" content=\"fr_FR\" \/>\n<meta property=\"og:type\" content=\"article\" \/>\n<meta property=\"og:title\" content=\"Livre de cuisine Omnia (DE) - Gateaux et pains N\u00b01 - Bantam\" \/>\n<meta property=\"og:description\" content=\"LE D\u00c9LICIEUX G\u00c2TEAUX EN UN FLASH ! Le g\u00e2teau fait maison n&rsquo;est pas qu&rsquo;une entreprise laborieuse. Nos recettes sont rapides et simples et peuvent donc \u00eatre facilement int\u00e9gr\u00e9es dans la vie quotidienne des vacances. Dans ce livre de p\u00e2tisserie, vous trouverez de nombreuses recettes de g\u00e2teaux et de pains sp\u00e9cialement optimis\u00e9es pour les vacances en [&hellip;]\" \/>\n<meta property=\"og:url\" content=\"https:\/\/shop.bantam.ch\/fr\/produit\/livre-de-cuisine-omnia-de-gateaux-et-pains-n1\/\" \/>\n<meta property=\"og:site_name\" content=\"Bantam\" \/>\n<meta property=\"article:modified_time\" content=\"2026-05-11T19:58:48+00:00\" \/>\n<meta property=\"og:image\" content=\"https:\/\/shop.bantam.ch\/wp-content\/uploads\/2023\/03\/91120002_Buch_Band1_Kuchen_und_Brot_backen_im_Outdoor_Backofen-scaled.jpg\" \/>\n\t<meta property=\"og:image:width\" content=\"964\" \/>\n\t<meta property=\"og:image:height\" content=\"1024\" \/>\n\t<meta property=\"og:image:type\" content=\"image\/jpeg\" \/>\n<meta name=\"twitter:card\" content=\"summary_large_image\" \/>\n<meta name=\"twitter:label1\" content=\"Dur\u00e9e de lecture estim\u00e9e\" \/>\n\t<meta name=\"twitter:data1\" content=\"1 minute\" \/>\n<script type=\"application\/ld+json\" class=\"yoast-schema-graph\">{\"@context\":\"https:\\\/\\\/schema.org\",\"@graph\":[{\"@type\":\"WebPage\",\"@id\":\"https:\\\/\\\/shop.bantam.ch\\\/fr\\\/produit\\\/livre-de-cuisine-omnia-de-gateaux-et-pains-n1\\\/\",\"url\":\"https:\\\/\\\/shop.bantam.ch\\\/fr\\\/produit\\\/livre-de-cuisine-omnia-de-gateaux-et-pains-n1\\\/\",\"name\":\"Livre de cuisine Omnia (DE) - Gateaux et pains N\u00b01 - Bantam\",\"isPartOf\":{\"@id\":\"https:\\\/\\\/shop.bantam.ch\\\/fr\\\/#website\"},\"primaryImageOfPage\":{\"@id\":\"https:\\\/\\\/shop.bantam.ch\\\/fr\\\/produit\\\/livre-de-cuisine-omnia-de-gateaux-et-pains-n1\\\/#primaryimage\"},\"image\":{\"@id\":\"https:\\\/\\\/shop.bantam.ch\\\/fr\\\/produit\\\/livre-de-cuisine-omnia-de-gateaux-et-pains-n1\\\/#primaryimage\"},\"thumbnailUrl\":\"https:\\\/\\\/shop.bantam.ch\\\/wp-content\\\/uploads\\\/2023\\\/03\\\/91120002_Buch_Band1_Kuchen_und_Brot_backen_im_Outdoor_Backofen-scaled.jpg\",\"datePublished\":\"2023-03-01T18:04:16+00:00\",\"dateModified\":\"2026-05-11T19:58:48+00:00\",\"breadcrumb\":{\"@id\":\"https:\\\/\\\/shop.bantam.ch\\\/fr\\\/produit\\\/livre-de-cuisine-omnia-de-gateaux-et-pains-n1\\\/#breadcrumb\"},\"inLanguage\":\"fr-FR\",\"potentialAction\":[{\"@type\":\"ReadAction\",\"target\":[\"https:\\\/\\\/shop.bantam.ch\\\/fr\\\/produit\\\/livre-de-cuisine-omnia-de-gateaux-et-pains-n1\\\/\"]}]},{\"@type\":\"ImageObject\",\"inLanguage\":\"fr-FR\",\"@id\":\"https:\\\/\\\/shop.bantam.ch\\\/fr\\\/produit\\\/livre-de-cuisine-omnia-de-gateaux-et-pains-n1\\\/#primaryimage\",\"url\":\"https:\\\/\\\/shop.bantam.ch\\\/wp-content\\\/uploads\\\/2023\\\/03\\\/91120002_Buch_Band1_Kuchen_und_Brot_backen_im_Outdoor_Backofen-scaled.jpg\",\"contentUrl\":\"https:\\\/\\\/shop.bantam.ch\\\/wp-content\\\/uploads\\\/2023\\\/03\\\/91120002_Buch_Band1_Kuchen_und_Brot_backen_im_Outdoor_Backofen-scaled.jpg\",\"width\":1928,\"height\":2048},{\"@type\":\"BreadcrumbList\",\"@id\":\"https:\\\/\\\/shop.bantam.ch\\\/fr\\\/produit\\\/livre-de-cuisine-omnia-de-gateaux-et-pains-n1\\\/#breadcrumb\",\"itemListElement\":[{\"@type\":\"ListItem\",\"position\":1,\"name\":\"Accueil\",\"item\":\"https:\\\/\\\/shop.bantam.ch\\\/fr\\\/\"},{\"@type\":\"ListItem\",\"position\":2,\"name\":\"Boutique\",\"item\":\"https:\\\/\\\/shop.bantam.ch\\\/fr\\\/boutique\\\/\"},{\"@type\":\"ListItem\",\"position\":3,\"name\":\"Livre de cuisine Omnia (DE) &#8211; Gateaux et pains N\u00b01\"}]},{\"@type\":\"WebSite\",\"@id\":\"https:\\\/\\\/shop.bantam.ch\\\/fr\\\/#website\",\"url\":\"https:\\\/\\\/shop.bantam.ch\\\/fr\\\/\",\"name\":\"Bantam\",\"description\":\"\",\"publisher\":{\"@id\":\"https:\\\/\\\/shop.bantam.ch\\\/fr\\\/#organization\"},\"inLanguage\":\"fr-FR\"},{\"@type\":\"Organization\",\"@id\":\"https:\\\/\\\/shop.bantam.ch\\\/fr\\\/#organization\",\"name\":\"Bantam\",\"url\":\"https:\\\/\\\/shop.bantam.ch\\\/fr\\\/\",\"logo\":{\"@type\":\"ImageObject\",\"inLanguage\":\"fr-FR\",\"@id\":\"https:\\\/\\\/shop.bantam.ch\\\/fr\\\/#\\\/schema\\\/logo\\\/image\\\/\",\"url\":\"https:\\\/\\\/shop.bantam.ch\\\/wp-content\\\/uploads\\\/2022\\\/12\\\/bantam-logo.png\",\"contentUrl\":\"https:\\\/\\\/shop.bantam.ch\\\/wp-content\\\/uploads\\\/2022\\\/12\\\/bantam-logo.png\",\"width\":320,\"height\":71,\"caption\":\"Bantam\"},\"image\":{\"@id\":\"https:\\\/\\\/shop.bantam.ch\\\/fr\\\/#\\\/schema\\\/logo\\\/image\\\/\"}}]}<\/script>\n<!-- \/ Yoast SEO plugin. -->","yoast_head_json":{"title":"Livre de cuisine Omnia (DE) - Gateaux et pains N\u00b01 - Bantam","robots":{"index":"index","follow":"follow","max-snippet":"max-snippet:-1","max-image-preview":"max-image-preview:large","max-video-preview":"max-video-preview:-1"},"canonical":"https:\/\/shop.bantam.ch\/fr\/produit\/livre-de-cuisine-omnia-de-gateaux-et-pains-n1\/","og_locale":"fr_FR","og_type":"article","og_title":"Livre de cuisine Omnia (DE) - Gateaux et pains N\u00b01 - Bantam","og_description":"LE D\u00c9LICIEUX G\u00c2TEAUX EN UN FLASH ! Le g\u00e2teau fait maison n&rsquo;est pas qu&rsquo;une entreprise laborieuse. Nos recettes sont rapides et simples et peuvent donc \u00eatre facilement int\u00e9gr\u00e9es dans la vie quotidienne des vacances. Dans ce livre de p\u00e2tisserie, vous trouverez de nombreuses recettes de g\u00e2teaux et de pains sp\u00e9cialement optimis\u00e9es pour les vacances en [&hellip;]","og_url":"https:\/\/shop.bantam.ch\/fr\/produit\/livre-de-cuisine-omnia-de-gateaux-et-pains-n1\/","og_site_name":"Bantam","article_modified_time":"2026-05-11T19:58:48+00:00","og_image":[{"url":"https:\/\/shop.bantam.ch\/wp-content\/uploads\/2023\/03\/91120002_Buch_Band1_Kuchen_und_Brot_backen_im_Outdoor_Backofen-scaled.jpg","width":964,"height":1024,"type":"image\/jpeg"}],"twitter_card":"summary_large_image","twitter_misc":{"Dur\u00e9e de lecture estim\u00e9e":"1 minute"},"schema":{"@context":"https:\/\/schema.org","@graph":[{"@type":"WebPage","@id":"https:\/\/shop.bantam.ch\/fr\/produit\/livre-de-cuisine-omnia-de-gateaux-et-pains-n1\/","url":"https:\/\/shop.bantam.ch\/fr\/produit\/livre-de-cuisine-omnia-de-gateaux-et-pains-n1\/","name":"Livre de cuisine Omnia (DE) - Gateaux et pains N\u00b01 - Bantam","isPartOf":{"@id":"https:\/\/shop.bantam.ch\/fr\/#website"},"primaryImageOfPage":{"@id":"https:\/\/shop.bantam.ch\/fr\/produit\/livre-de-cuisine-omnia-de-gateaux-et-pains-n1\/#primaryimage"},"image":{"@id":"https:\/\/shop.bantam.ch\/fr\/produit\/livre-de-cuisine-omnia-de-gateaux-et-pains-n1\/#primaryimage"},"thumbnailUrl":"https:\/\/shop.bantam.ch\/wp-content\/uploads\/2023\/03\/91120002_Buch_Band1_Kuchen_und_Brot_backen_im_Outdoor_Backofen-scaled.jpg","datePublished":"2023-03-01T18:04:16+00:00","dateModified":"2026-05-11T19:58:48+00:00","breadcrumb":{"@id":"https:\/\/shop.bantam.ch\/fr\/produit\/livre-de-cuisine-omnia-de-gateaux-et-pains-n1\/#breadcrumb"},"inLanguage":"fr-FR","potentialAction":[{"@type":"ReadAction","target":["https:\/\/shop.bantam.ch\/fr\/produit\/livre-de-cuisine-omnia-de-gateaux-et-pains-n1\/"]}]},{"@type":"ImageObject","inLanguage":"fr-FR","@id":"https:\/\/shop.bantam.ch\/fr\/produit\/livre-de-cuisine-omnia-de-gateaux-et-pains-n1\/#primaryimage","url":"https:\/\/shop.bantam.ch\/wp-content\/uploads\/2023\/03\/91120002_Buch_Band1_Kuchen_und_Brot_backen_im_Outdoor_Backofen-scaled.jpg","contentUrl":"https:\/\/shop.bantam.ch\/wp-content\/uploads\/2023\/03\/91120002_Buch_Band1_Kuchen_und_Brot_backen_im_Outdoor_Backofen-scaled.jpg","width":1928,"height":2048},{"@type":"BreadcrumbList","@id":"https:\/\/shop.bantam.ch\/fr\/produit\/livre-de-cuisine-omnia-de-gateaux-et-pains-n1\/#breadcrumb","itemListElement":[{"@type":"ListItem","position":1,"name":"Accueil","item":"https:\/\/shop.bantam.ch\/fr\/"},{"@type":"ListItem","position":2,"name":"Boutique","item":"https:\/\/shop.bantam.ch\/fr\/boutique\/"},{"@type":"ListItem","position":3,"name":"Livre de cuisine Omnia (DE) &#8211; Gateaux et pains N\u00b01"}]},{"@type":"WebSite","@id":"https:\/\/shop.bantam.ch\/fr\/#website","url":"https:\/\/shop.bantam.ch\/fr\/","name":"Bantam","description":"","publisher":{"@id":"https:\/\/shop.bantam.ch\/fr\/#organization"},"inLanguage":"fr-FR"},{"@type":"Organization","@id":"https:\/\/shop.bantam.ch\/fr\/#organization","name":"Bantam","url":"https:\/\/shop.bantam.ch\/fr\/","logo":{"@type":"ImageObject","inLanguage":"fr-FR","@id":"https:\/\/shop.bantam.ch\/fr\/#\/schema\/logo\/image\/","url":"https:\/\/shop.bantam.ch\/wp-content\/uploads\/2022\/12\/bantam-logo.png","contentUrl":"https:\/\/shop.bantam.ch\/wp-content\/uploads\/2022\/12\/bantam-logo.png","width":320,"height":71,"caption":"Bantam"},"image":{"@id":"https:\/\/shop.bantam.ch\/fr\/#\/schema\/logo\/image\/"}}]}},"_links":{"self":[{"href":"https:\/\/shop.bantam.ch\/fr\/wp-json\/wp\/v2\/product\/136978","targetHints":{"allow":["GET"]}}],"collection":[{"href":"https:\/\/shop.bantam.ch\/fr\/wp-json\/wp\/v2\/product"}],"about":[{"href":"https:\/\/shop.bantam.ch\/fr\/wp-json\/wp\/v2\/types\/product"}],"wp:featuredmedia":[{"embeddable":true,"href":"https:\/\/shop.bantam.ch\/fr\/wp-json\/wp\/v2\/media\/136976"}],"wp:attachment":[{"href":"https:\/\/shop.bantam.ch\/fr\/wp-json\/wp\/v2\/media?parent=136978"}],"wp:term":[{"taxonomy":"product_featured_cat","embeddable":true,"href":"https:\/\/shop.bantam.ch\/fr\/wp-json\/wp\/v2\/product_featured_cat?post=136978"},{"taxonomy":"product_brand","embeddable":true,"href":"https:\/\/shop.bantam.ch\/fr\/wp-json\/wp\/v2\/product_brand?post=136978"},{"taxonomy":"product_cat","embeddable":true,"href":"https:\/\/shop.bantam.ch\/fr\/wp-json\/wp\/v2\/product_cat?post=136978"},{"taxonomy":"product_tag","embeddable":true,"href":"https:\/\/shop.bantam.ch\/fr\/wp-json\/wp\/v2\/product_tag?post=136978"}],"curies":[{"name":"wp","href":"https:\/\/api.w.org\/{rel}","templated":true}]}}