{"id":136974,"date":"2023-03-01T19:04:10","date_gmt":"2023-03-01T18:04:10","guid":{"rendered":"https:\/\/shop.bantam.ch\/produit\/livre-de-cuisine-omnia-de-gateaux-et-pains-n2\/"},"modified":"2026-05-10T22:00:30","modified_gmt":"2026-05-10T20:00:30","slug":"livre-de-cuisine-omnia-de-gateaux-et-pains-n2","status":"publish","type":"product","link":"https:\/\/shop.bantam.ch\/fr\/produit\/livre-de-cuisine-omnia-de-gateaux-et-pains-n2\/","title":{"rendered":"Livre de cuisine Omnia (DE) &#8211; Gateaux et pains N\u00b02"},"content":{"rendered":"<p>LA CUISSON VOUS REND HEUREUX !<br \/>\nNous avons mis au point des recettes fantastiques : des simples g\u00e2teaux au chocolat, de d\u00e9licieux muffins avec fantaisie, du pain frais et de la p\u00e2te \u00e0 pizza croustillante.<br \/>\nParfois riche en calories avec beaucoup de chocolat, de caramel et de cr\u00e8me fouett\u00e9e, parfois fruit\u00e9e et fra\u00eeche avec des fruits de saison ou saine avec des l\u00e9gumes color\u00e9s &#8211; il y a de la d\u00e9licatesse pour tous les amateurs de plats sucr\u00e9s et pain !<\/p>\n","protected":false},"excerpt":{"rendered":"<p>LA CUISSON VOUS REND HEUREUX ! Nous avons mis au point des recettes fantastiques : des simples g\u00e2teaux au chocolat, de d\u00e9licieux muffins avec fantaisie, du pain frais et de la p\u00e2te \u00e0 pizza croustillante. Parfois riche en calories avec beaucoup de chocolat, de caramel et de cr\u00e8me fouett\u00e9e, parfois fruit\u00e9e et fra\u00eeche avec des [&hellip;]<\/p>\n","protected":false},"featured_media":136972,"template":"","meta":{"_acf_changed":false},"product_featured_cat":[],"product_brand":[3292],"product_cat":[4347],"product_tag":[],"class_list":{"0":"post-136974","1":"product","2":"type-product","3":"status-publish","4":"has-post-thumbnail","6":"product_brand-omnia","7":"product_cat-livres-de-cuisine","9":"first","10":"instock","11":"taxable","12":"shipping-taxable","13":"purchasable","14":"product-type-simple"},"acf":[],"yoast_head":"<!-- This site is optimized with the Yoast SEO plugin v27.5 - https:\/\/yoast.com\/product\/yoast-seo-wordpress\/ -->\n<title>Livre de cuisine Omnia (DE) - Gateaux et pains N\u00b02 - Bantam<\/title>\n<meta name=\"robots\" content=\"index, follow, max-snippet:-1, max-image-preview:large, max-video-preview:-1\" \/>\n<link rel=\"canonical\" href=\"https:\/\/shop.bantam.ch\/fr\/produit\/livre-de-cuisine-omnia-de-gateaux-et-pains-n2\/\" \/>\n<meta property=\"og:locale\" content=\"fr_FR\" \/>\n<meta property=\"og:type\" content=\"article\" \/>\n<meta property=\"og:title\" content=\"Livre de cuisine Omnia (DE) - Gateaux et pains N\u00b02 - Bantam\" \/>\n<meta property=\"og:description\" content=\"LA CUISSON VOUS REND HEUREUX ! Nous avons mis au point des recettes fantastiques : des simples g\u00e2teaux au chocolat, de d\u00e9licieux muffins avec fantaisie, du pain frais et de la p\u00e2te \u00e0 pizza croustillante. Parfois riche en calories avec beaucoup de chocolat, de caramel et de cr\u00e8me fouett\u00e9e, parfois fruit\u00e9e et fra\u00eeche avec des [&hellip;]\" \/>\n<meta property=\"og:url\" content=\"https:\/\/shop.bantam.ch\/fr\/produit\/livre-de-cuisine-omnia-de-gateaux-et-pains-n2\/\" \/>\n<meta property=\"og:site_name\" content=\"Bantam\" \/>\n<meta property=\"article:modified_time\" content=\"2026-05-10T20:00:30+00:00\" \/>\n<meta property=\"og:image\" content=\"https:\/\/shop.bantam.ch\/wp-content\/uploads\/2023\/03\/91120003_Buch_Band2_Kuchen_und_Brot_backen_im_Outdoor_Backofen-scaled.jpg\" \/>\n\t<meta property=\"og:image:width\" content=\"964\" \/>\n\t<meta property=\"og:image:height\" content=\"1024\" \/>\n\t<meta property=\"og:image:type\" content=\"image\/jpeg\" \/>\n<meta name=\"twitter:card\" content=\"summary_large_image\" \/>\n<script type=\"application\/ld+json\" class=\"yoast-schema-graph\">{\"@context\":\"https:\\\/\\\/schema.org\",\"@graph\":[{\"@type\":\"WebPage\",\"@id\":\"https:\\\/\\\/shop.bantam.ch\\\/fr\\\/produit\\\/livre-de-cuisine-omnia-de-gateaux-et-pains-n2\\\/\",\"url\":\"https:\\\/\\\/shop.bantam.ch\\\/fr\\\/produit\\\/livre-de-cuisine-omnia-de-gateaux-et-pains-n2\\\/\",\"name\":\"Livre de cuisine Omnia (DE) - Gateaux et pains N\u00b02 - Bantam\",\"isPartOf\":{\"@id\":\"https:\\\/\\\/shop.bantam.ch\\\/fr\\\/#website\"},\"primaryImageOfPage\":{\"@id\":\"https:\\\/\\\/shop.bantam.ch\\\/fr\\\/produit\\\/livre-de-cuisine-omnia-de-gateaux-et-pains-n2\\\/#primaryimage\"},\"image\":{\"@id\":\"https:\\\/\\\/shop.bantam.ch\\\/fr\\\/produit\\\/livre-de-cuisine-omnia-de-gateaux-et-pains-n2\\\/#primaryimage\"},\"thumbnailUrl\":\"https:\\\/\\\/shop.bantam.ch\\\/wp-content\\\/uploads\\\/2023\\\/03\\\/91120003_Buch_Band2_Kuchen_und_Brot_backen_im_Outdoor_Backofen-scaled.jpg\",\"datePublished\":\"2023-03-01T18:04:10+00:00\",\"dateModified\":\"2026-05-10T20:00:30+00:00\",\"breadcrumb\":{\"@id\":\"https:\\\/\\\/shop.bantam.ch\\\/fr\\\/produit\\\/livre-de-cuisine-omnia-de-gateaux-et-pains-n2\\\/#breadcrumb\"},\"inLanguage\":\"fr-FR\",\"potentialAction\":[{\"@type\":\"ReadAction\",\"target\":[\"https:\\\/\\\/shop.bantam.ch\\\/fr\\\/produit\\\/livre-de-cuisine-omnia-de-gateaux-et-pains-n2\\\/\"]}]},{\"@type\":\"ImageObject\",\"inLanguage\":\"fr-FR\",\"@id\":\"https:\\\/\\\/shop.bantam.ch\\\/fr\\\/produit\\\/livre-de-cuisine-omnia-de-gateaux-et-pains-n2\\\/#primaryimage\",\"url\":\"https:\\\/\\\/shop.bantam.ch\\\/wp-content\\\/uploads\\\/2023\\\/03\\\/91120003_Buch_Band2_Kuchen_und_Brot_backen_im_Outdoor_Backofen-scaled.jpg\",\"contentUrl\":\"https:\\\/\\\/shop.bantam.ch\\\/wp-content\\\/uploads\\\/2023\\\/03\\\/91120003_Buch_Band2_Kuchen_und_Brot_backen_im_Outdoor_Backofen-scaled.jpg\",\"width\":1928,\"height\":2048},{\"@type\":\"BreadcrumbList\",\"@id\":\"https:\\\/\\\/shop.bantam.ch\\\/fr\\\/produit\\\/livre-de-cuisine-omnia-de-gateaux-et-pains-n2\\\/#breadcrumb\",\"itemListElement\":[{\"@type\":\"ListItem\",\"position\":1,\"name\":\"Accueil\",\"item\":\"https:\\\/\\\/shop.bantam.ch\\\/fr\\\/\"},{\"@type\":\"ListItem\",\"position\":2,\"name\":\"Boutique\",\"item\":\"https:\\\/\\\/shop.bantam.ch\\\/fr\\\/boutique\\\/\"},{\"@type\":\"ListItem\",\"position\":3,\"name\":\"Livre de cuisine Omnia (DE) &#8211; Gateaux et pains N\u00b02\"}]},{\"@type\":\"WebSite\",\"@id\":\"https:\\\/\\\/shop.bantam.ch\\\/fr\\\/#website\",\"url\":\"https:\\\/\\\/shop.bantam.ch\\\/fr\\\/\",\"name\":\"Bantam\",\"description\":\"\",\"publisher\":{\"@id\":\"https:\\\/\\\/shop.bantam.ch\\\/fr\\\/#organization\"},\"inLanguage\":\"fr-FR\"},{\"@type\":\"Organization\",\"@id\":\"https:\\\/\\\/shop.bantam.ch\\\/fr\\\/#organization\",\"name\":\"Bantam\",\"url\":\"https:\\\/\\\/shop.bantam.ch\\\/fr\\\/\",\"logo\":{\"@type\":\"ImageObject\",\"inLanguage\":\"fr-FR\",\"@id\":\"https:\\\/\\\/shop.bantam.ch\\\/fr\\\/#\\\/schema\\\/logo\\\/image\\\/\",\"url\":\"https:\\\/\\\/shop.bantam.ch\\\/wp-content\\\/uploads\\\/2022\\\/12\\\/bantam-logo.png\",\"contentUrl\":\"https:\\\/\\\/shop.bantam.ch\\\/wp-content\\\/uploads\\\/2022\\\/12\\\/bantam-logo.png\",\"width\":320,\"height\":71,\"caption\":\"Bantam\"},\"image\":{\"@id\":\"https:\\\/\\\/shop.bantam.ch\\\/fr\\\/#\\\/schema\\\/logo\\\/image\\\/\"}}]}<\/script>\n<!-- \/ Yoast SEO plugin. -->","yoast_head_json":{"title":"Livre de cuisine Omnia (DE) - Gateaux et pains N\u00b02 - Bantam","robots":{"index":"index","follow":"follow","max-snippet":"max-snippet:-1","max-image-preview":"max-image-preview:large","max-video-preview":"max-video-preview:-1"},"canonical":"https:\/\/shop.bantam.ch\/fr\/produit\/livre-de-cuisine-omnia-de-gateaux-et-pains-n2\/","og_locale":"fr_FR","og_type":"article","og_title":"Livre de cuisine Omnia (DE) - Gateaux et pains N\u00b02 - Bantam","og_description":"LA CUISSON VOUS REND HEUREUX ! Nous avons mis au point des recettes fantastiques : des simples g\u00e2teaux au chocolat, de d\u00e9licieux muffins avec fantaisie, du pain frais et de la p\u00e2te \u00e0 pizza croustillante. Parfois riche en calories avec beaucoup de chocolat, de caramel et de cr\u00e8me fouett\u00e9e, parfois fruit\u00e9e et fra\u00eeche avec des [&hellip;]","og_url":"https:\/\/shop.bantam.ch\/fr\/produit\/livre-de-cuisine-omnia-de-gateaux-et-pains-n2\/","og_site_name":"Bantam","article_modified_time":"2026-05-10T20:00:30+00:00","og_image":[{"url":"https:\/\/shop.bantam.ch\/wp-content\/uploads\/2023\/03\/91120003_Buch_Band2_Kuchen_und_Brot_backen_im_Outdoor_Backofen-scaled.jpg","width":964,"height":1024,"type":"image\/jpeg"}],"twitter_card":"summary_large_image","schema":{"@context":"https:\/\/schema.org","@graph":[{"@type":"WebPage","@id":"https:\/\/shop.bantam.ch\/fr\/produit\/livre-de-cuisine-omnia-de-gateaux-et-pains-n2\/","url":"https:\/\/shop.bantam.ch\/fr\/produit\/livre-de-cuisine-omnia-de-gateaux-et-pains-n2\/","name":"Livre de cuisine Omnia (DE) - Gateaux et pains N\u00b02 - Bantam","isPartOf":{"@id":"https:\/\/shop.bantam.ch\/fr\/#website"},"primaryImageOfPage":{"@id":"https:\/\/shop.bantam.ch\/fr\/produit\/livre-de-cuisine-omnia-de-gateaux-et-pains-n2\/#primaryimage"},"image":{"@id":"https:\/\/shop.bantam.ch\/fr\/produit\/livre-de-cuisine-omnia-de-gateaux-et-pains-n2\/#primaryimage"},"thumbnailUrl":"https:\/\/shop.bantam.ch\/wp-content\/uploads\/2023\/03\/91120003_Buch_Band2_Kuchen_und_Brot_backen_im_Outdoor_Backofen-scaled.jpg","datePublished":"2023-03-01T18:04:10+00:00","dateModified":"2026-05-10T20:00:30+00:00","breadcrumb":{"@id":"https:\/\/shop.bantam.ch\/fr\/produit\/livre-de-cuisine-omnia-de-gateaux-et-pains-n2\/#breadcrumb"},"inLanguage":"fr-FR","potentialAction":[{"@type":"ReadAction","target":["https:\/\/shop.bantam.ch\/fr\/produit\/livre-de-cuisine-omnia-de-gateaux-et-pains-n2\/"]}]},{"@type":"ImageObject","inLanguage":"fr-FR","@id":"https:\/\/shop.bantam.ch\/fr\/produit\/livre-de-cuisine-omnia-de-gateaux-et-pains-n2\/#primaryimage","url":"https:\/\/shop.bantam.ch\/wp-content\/uploads\/2023\/03\/91120003_Buch_Band2_Kuchen_und_Brot_backen_im_Outdoor_Backofen-scaled.jpg","contentUrl":"https:\/\/shop.bantam.ch\/wp-content\/uploads\/2023\/03\/91120003_Buch_Band2_Kuchen_und_Brot_backen_im_Outdoor_Backofen-scaled.jpg","width":1928,"height":2048},{"@type":"BreadcrumbList","@id":"https:\/\/shop.bantam.ch\/fr\/produit\/livre-de-cuisine-omnia-de-gateaux-et-pains-n2\/#breadcrumb","itemListElement":[{"@type":"ListItem","position":1,"name":"Accueil","item":"https:\/\/shop.bantam.ch\/fr\/"},{"@type":"ListItem","position":2,"name":"Boutique","item":"https:\/\/shop.bantam.ch\/fr\/boutique\/"},{"@type":"ListItem","position":3,"name":"Livre de cuisine Omnia (DE) &#8211; Gateaux et pains N\u00b02"}]},{"@type":"WebSite","@id":"https:\/\/shop.bantam.ch\/fr\/#website","url":"https:\/\/shop.bantam.ch\/fr\/","name":"Bantam","description":"","publisher":{"@id":"https:\/\/shop.bantam.ch\/fr\/#organization"},"inLanguage":"fr-FR"},{"@type":"Organization","@id":"https:\/\/shop.bantam.ch\/fr\/#organization","name":"Bantam","url":"https:\/\/shop.bantam.ch\/fr\/","logo":{"@type":"ImageObject","inLanguage":"fr-FR","@id":"https:\/\/shop.bantam.ch\/fr\/#\/schema\/logo\/image\/","url":"https:\/\/shop.bantam.ch\/wp-content\/uploads\/2022\/12\/bantam-logo.png","contentUrl":"https:\/\/shop.bantam.ch\/wp-content\/uploads\/2022\/12\/bantam-logo.png","width":320,"height":71,"caption":"Bantam"},"image":{"@id":"https:\/\/shop.bantam.ch\/fr\/#\/schema\/logo\/image\/"}}]}},"_links":{"self":[{"href":"https:\/\/shop.bantam.ch\/fr\/wp-json\/wp\/v2\/product\/136974","targetHints":{"allow":["GET"]}}],"collection":[{"href":"https:\/\/shop.bantam.ch\/fr\/wp-json\/wp\/v2\/product"}],"about":[{"href":"https:\/\/shop.bantam.ch\/fr\/wp-json\/wp\/v2\/types\/product"}],"wp:featuredmedia":[{"embeddable":true,"href":"https:\/\/shop.bantam.ch\/fr\/wp-json\/wp\/v2\/media\/136972"}],"wp:attachment":[{"href":"https:\/\/shop.bantam.ch\/fr\/wp-json\/wp\/v2\/media?parent=136974"}],"wp:term":[{"taxonomy":"product_featured_cat","embeddable":true,"href":"https:\/\/shop.bantam.ch\/fr\/wp-json\/wp\/v2\/product_featured_cat?post=136974"},{"taxonomy":"product_brand","embeddable":true,"href":"https:\/\/shop.bantam.ch\/fr\/wp-json\/wp\/v2\/product_brand?post=136974"},{"taxonomy":"product_cat","embeddable":true,"href":"https:\/\/shop.bantam.ch\/fr\/wp-json\/wp\/v2\/product_cat?post=136974"},{"taxonomy":"product_tag","embeddable":true,"href":"https:\/\/shop.bantam.ch\/fr\/wp-json\/wp\/v2\/product_tag?post=136974"}],"curies":[{"name":"wp","href":"https:\/\/api.w.org\/{rel}","templated":true}]}}